{"id":23645,"date":"2021-11-17T17:34:03","date_gmt":"2021-11-17T10:34:03","guid":{"rendered":"https:\/\/havamall.vn\/?post_type=product&#038;p=23645"},"modified":"2021-11-20T11:19:49","modified_gmt":"2021-11-20T04:19:49","slug":"bo-dieu-khac-mini-modelling-tools-boxwood-10-cai-mont-marte","status":"publish","type":"product","link":"https:\/\/havamall.vn\/en\/shop\/bo-dieu-khac-mini-modelling-tools-boxwood-10-cai-mont-marte\/","title":{"rendered":"B\u1ed9 D\u1ee5ng C\u1ee5 \u0110i\u00eau Kh\u1eafc \u0110\u1ea5t S\u00e9t 10 C\u00e1i &#8211; Mont Marte Mini Modelling Tools Boxwood 10 pc"},"content":{"rendered":"<p dir=\"auto\">Mont Marte l\u00e0 h\u00e3ng h\u1ecda c\u1ee5 \u0111\u00e3 c\u00f3 m\u1eb7t t\u1ea1i h\u1ec7 th\u1ed1ng c\u1eeda h\u00e0ng c\u1ee7a h\u01a1n 300 t\u1ec9nh th\u00e0nh thu\u1ed9c 75 qu\u1ed1c gia tr\u00ean to\u00e0n th\u1ebf gi\u1edbi. \u0110i\u1ec1u n\u00e0y n\u00f3i l\u00ean s\u1ef1 ph\u00e1t tri\u1ec3n b\u1ec1n v\u1eefng c\u1ee7a nh\u00e3n h\u00e0ng Mont Marte tr\u00ean th\u1ecb tr\u01b0\u1eddng th\u1ebf gi\u1edbi.<\/p>\n<p>Trong v\u00f2ng 15 n\u0103m, Mont Marte \u0111\u00e3 tr\u1edf th\u00e0nh th\u01b0\u01a1ng h\u1ec7u d\u1eabn \u0111\u1ea7u th\u1ecb tr\u01b0\u1eddng \u00dac v\u1ec1 c\u00e1c s\u1ea3n ph\u1ea9m ngh\u1ec7 thu\u1eadt v\u00e0 l\u00e0 th\u01b0\u01a1ng hi\u1ec7u \u0111\u01b0\u1ee3c tin d\u00f9ng \u1edf h\u01a1n 75 qu\u1ed1c gia: Trung Qu\u1ed1c, Canada, Ph\u00e1p, Ph\u1ea7n Lan,\u2026<\/p>\n<p>S\u1ea3n ph\u1ea9m Mont Marte kh\u00e1 \u0111a d\u1ea1ng, \u0111\u00e1p \u1ee9ng h\u1ea7u h\u1ebft c\u00e1c nhu c\u1ea7u v\u1ec1 h\u1ecda c\u1ee5 truy\u1ec1n th\u1ed1ng, t\u1eeb s\u01a1n m\u00e0u \u0111\u1ebfn c\u00e1c ph\u1ee5 ki\u1ec7n, s\u1ed5 k\u00ed h\u1ecda, gi\u1ea5y craft,\u2026<\/p>\n<p><img fetchpriority=\"high\" decoding=\"async\" class=\"wp-image-23646 aligncenter\" src=\"https:\/\/havamall.vn\/wp-content\/uploads\/2021\/11\/3aa4db0-1-300x187.png\" alt=\"\" width=\"694\" height=\"433\" srcset=\"https:\/\/havamall.vn\/wp-content\/uploads\/2021\/11\/3aa4db0-1-300x187.png 300w, https:\/\/havamall.vn\/wp-content\/uploads\/2021\/11\/3aa4db0-1-430x267.png 430w, https:\/\/havamall.vn\/wp-content\/uploads\/2021\/11\/3aa4db0-1-150x93.png 150w, https:\/\/havamall.vn\/wp-content\/uploads\/2021\/11\/3aa4db0-1-768x478.png 768w, https:\/\/havamall.vn\/wp-content\/uploads\/2021\/11\/3aa4db0-1.png 1024w, https:\/\/havamall.vn\/wp-content\/uploads\/2021\/11\/3aa4db0-1-600x373.png 600w\" sizes=\"(max-width: 694px) 100vw, 694px\" \/><\/p>\n<p id=\"tw-target-text\" class=\"tw-data-text tw-text-large tw-ta\" dir=\"ltr\"><span class=\"Y2IQFc\" lang=\"vi\">B\u1ed9 c\u00f4ng c\u1ee5 t\u1ea1o m\u00f4 h\u00ecnh nh\u1ecf n\u00e0y bao g\u1ed3m 10 c\u00f4ng c\u1ee5 hai \u0111\u1ea7u, cung c\u1ea5p 20 h\u00ecnh d\u1ea1ng c\u00f4ng c\u1ee5 \u0111\u1ec3 c\u1eaft, kh\u1eafc, l\u00e0m m\u1ecbn v\u00e0 t\u1ea1o k\u1ebft c\u1ea5u khi \u0111i\u00eau kh\u1eafc. Ch\u00fang c\u00f3 c\u1ea5u tr\u00fac b\u1eb1ng g\u1ed7 ho\u00e0ng d\u01b0\u01a1ng b\u1ec1n v\u00e0 thi\u1ebft k\u1ebf ti\u1ec7n d\u1ee5ng \u0111\u1ec3 s\u1eed d\u1ee5ng tho\u1ea3i m\u00e1i v\u00e0 c\u00f3 ki\u1ec3m so\u00e1t. Nh\u1eefng c\u00f4ng c\u1ee5 n\u00e0y r\u1ea5t th\u00edch h\u1ee3p \u0111\u1ec3 l\u00e0m vi\u1ec7c v\u1edbi \u0111\u1ea5t s\u00e9t polymer nh\u01b0 Mont Marte Make and Bake.\u00a0<\/span>S\u1ea3n ph\u1ea9m \u0111\u01b0\u1ee3c l\u00e0m t\u1eeb g\u1ed7, r\u1ea5t b\u1ec1n, thi\u1ebft k\u1ebf ti\u1ec7n d\u1ee5ng v\u00e0 tay c\u1ea7m tho\u1ea3i m\u00e1i khi s\u1eed d\u1ee5ng.<\/p>\n<p class=\"tw-data-text tw-text-large tw-ta\" dir=\"ltr\">Ch\u00fang c\u00f3 c\u1ea5u tr\u00fac b\u1eb1ng g\u1ed7 ho\u00e0ng d\u01b0\u01a1ng b\u1ec1n v\u00e0 thi\u1ebft k\u1ebf ti\u1ec7n d\u1ee5ng, tay c\u1ea7m s\u1eed d\u1ee5ng tho\u1ea3i m\u00e1i. S\u1ea3n ph\u1ea9m n\u00e0y r\u1ea5t th\u00edch h\u1ee3p \u0111\u1ec3 l\u00e0m vi\u1ec7c v\u1edbi \u0111\u1ea5t s\u00e9t polyme, \u0111\u1ea5t s\u00e9t truy\u1ec1n th\u1ed1ng, g\u1ed1m.<\/p>\n<p dir=\"ltr\"><img decoding=\"async\" class=\"wp-image-23647 aligncenter\" src=\"https:\/\/havamall.vn\/wp-content\/uploads\/2021\/11\/1e44c9394ea-300x300.png\" alt=\"\" width=\"696\" height=\"696\" srcset=\"https:\/\/havamall.vn\/wp-content\/uploads\/2021\/11\/1e44c9394ea-300x300.png 300w, https:\/\/havamall.vn\/wp-content\/uploads\/2021\/11\/1e44c9394ea-430x430.png 430w, https:\/\/havamall.vn\/wp-content\/uploads\/2021\/11\/1e44c9394ea-150x150.png 150w, https:\/\/havamall.vn\/wp-content\/uploads\/2021\/11\/1e44c9394ea-700x700.png 700w, https:\/\/havamall.vn\/wp-content\/uploads\/2021\/11\/1e44c9394ea-768x768.png 768w, https:\/\/havamall.vn\/wp-content\/uploads\/2021\/11\/1e44c9394ea-600x600.png 600w, https:\/\/havamall.vn\/wp-content\/uploads\/2021\/11\/1e44c9394ea-100x100.png 100w, https:\/\/havamall.vn\/wp-content\/uploads\/2021\/11\/1e44c9394ea.png 800w\" sizes=\"(max-width: 696px) 100vw, 696px\" \/><\/p>\n<h3 class=\"tw-data-text tw-text-large tw-ta\"><strong><span class=\"Y2IQFc\" lang=\"vi\">C\u00f4ng d\u1ee5ng c\u1ee7a s\u1ea3n ph\u1ea9m:<\/span><\/strong><\/h3>\n<p class=\"tw-data-text tw-text-large tw-ta\" dir=\"ltr\"><span class=\"Y2IQFc\" lang=\"vi\">&gt; T\u1ea1o c\u00e1c r\u00e3nh c\u00f3 k\u1ebft c\u1ea5u b\u1eb1ng \u0111\u1ea7u \u0111\u00e3 \u0111\u01b0\u1ee3c ch\u1ebb v\u00e0 kh\u1eafc c\u00e1c v\u00f9ng l\u00f5m b\u1eb1ng c\u00f4ng c\u1ee5 cong nh\u1ecf. \u0110\u1ea7u bi tr\u00f2n c\u00f3 th\u1ec3 m\u00e0i nh\u1eb5n nh\u1eefng ch\u1ed7 kh\u00f3 ti\u1ebfp c\u1eadn trong khi d\u1ee5ng c\u1ee5 nh\u1ecdn t\u1ea1o h\u00ecnh c\u00e1c chi ti\u1ebft \u0111\u1eb9p v\u1edbi \u0111\u1ed9 ch\u00ednh x\u00e1c. <\/span><\/p>\n<p class=\"tw-data-text tw-text-large tw-ta\" dir=\"ltr\"><span class=\"Y2IQFc\" lang=\"vi\">&gt; C\u1eaft v\u00e0 t\u1ea1o \u0111\u01b0\u1eddng vi\u1ec1n b\u1eb1ng \u0111\u1ea7u l\u01b0\u1ee1i l\u1edbn v\u00e0 l\u00e0m ph\u1eb3ng c\u00e1c b\u1ec1 m\u1eb7t b\u1eb1ng c\u00f4ng c\u1ee5 \u0111\u1ea7u tr\u00f2n. <\/span><\/p>\n<p class=\"tw-data-text tw-text-large tw-ta\" dir=\"ltr\"><span class=\"Y2IQFc\" lang=\"vi\">&gt; \u0110\u1ea7u c\u00e1nh khu\u1ea5y tr\u00f2n c\u00f3 th\u1ec3 \u0111\u01b0\u1ee3c s\u1eed d\u1ee5ng \u0111\u1ec3 l\u00e0m ph\u1eb3ng c\u00e1c khu v\u1ef1c m\u1ed9t c\u00e1ch nh\u1eb9 nh\u00e0ng v\u00e0 \u0111\u1ea7u c\u00f3 m\u00f3c s\u1ebd kh\u00eda v\u00e0 lo\u1ea1i b\u1ecf \u0111\u1ea5t s\u00e9t m\u1ed9t c\u00e1ch ch\u00ednh x\u00e1c.<\/span><\/p>\n<p dir=\"ltr\"><img decoding=\"async\" class=\"wp-image-23648 aligncenter\" src=\"https:\/\/havamall.vn\/wp-content\/uploads\/2021\/11\/2b6ac0c8a9201eb-300x216.png\" alt=\"\" width=\"698\" height=\"503\" srcset=\"https:\/\/havamall.vn\/wp-content\/uploads\/2021\/11\/2b6ac0c8a9201eb-300x216.png 300w, https:\/\/havamall.vn\/wp-content\/uploads\/2021\/11\/2b6ac0c8a9201eb-430x309.png 430w, https:\/\/havamall.vn\/wp-content\/uploads\/2021\/11\/2b6ac0c8a9201eb-150x108.png 150w, https:\/\/havamall.vn\/wp-content\/uploads\/2021\/11\/2b6ac0c8a9201eb-700x503.png 700w, https:\/\/havamall.vn\/wp-content\/uploads\/2021\/11\/2b6ac0c8a9201eb-768x552.png 768w, https:\/\/havamall.vn\/wp-content\/uploads\/2021\/11\/2b6ac0c8a9201eb.png 1024w, https:\/\/havamall.vn\/wp-content\/uploads\/2021\/11\/2b6ac0c8a9201eb-600x431.png 600w\" sizes=\"(max-width: 698px) 100vw, 698px\" \/><\/p>\n<p class=\"tw-data-text tw-text-large tw-ta\" dir=\"ltr\"><span class=\"Y2IQFc\" lang=\"vi\">&gt; S\u1eed d\u1ee5ng c\u00f4ng c\u1ee5 l\u01b0\u1ee1i ng\u1eafn \u0111\u1ec3 l\u00e1t v\u00e0 c\u1eaft \u0111\u1ea5t s\u00e9t v\u00e0 \u0111\u1ea7u nh\u1ecdn t\u1ea1o ra c\u00e1c b\u1ec1 m\u1eb7t l\u1ed3i l\u00f5m \u0111\u1ed3ng nh\u1ea5t. C\u1eaft ch\u00e9o v\u00e0 t\u1ea1o c\u00e1c \u0111\u01b0\u1eddng m\u1ea3nh b\u1eb1ng c\u00f4ng c\u1ee5 l\u01b0\u1ee1i l\u1edbn. <\/span><\/p>\n<p class=\"tw-data-text tw-text-large tw-ta\" dir=\"ltr\"><span class=\"Y2IQFc\" lang=\"vi\">&gt; Ph\u1ea7n cu\u1ed1i cong t\u1ea1o n\u00ean nh\u1eefng \u0111\u01b0\u1eddng n\u00e9t tinh t\u1ebf. \u0110i\u1ec3m c\u00e1c \u0111\u01b0\u1eddng n\u00e9t \u0111\u1eb9p b\u1eb1ng c\u00f4ng c\u1ee5 g\u00f3c nh\u1ecdn. L\u00e0m r\u1ed7ng c\u00e1c khu v\u1ef1c nh\u1ecf b\u1eb1ng c\u00f4ng c\u1ee5 cong nh\u1ecf. C\u00f4ng c\u1ee5 nh\u1ecdn n\u00e0y l\u00e0 v\u00f4 gi\u00e1 \u0111\u1ec3 kh\u1eafc v\u00e0 th\u1ee5t l\u1ec1 c\u0169ng nh\u01b0 h\u1ed7 tr\u1ee3 v\u1ecb tr\u00ed c\u1ee7a c\u00e1c v\u1eadt nh\u1ecf.<\/span><\/p>\n<p class=\"tw-data-text tw-text-large tw-ta\" dir=\"ltr\"><span class=\"Y2IQFc\" lang=\"vi\">&gt; Ph\u1ea7n cu\u1ed1i g\u00f3c c\u1ea1nh s\u1eafc b\u00e9n l\u00e0m m\u1ecbn v\u00e0 ph\u1eb3ng v\u00e0 d\u1ee5ng c\u1ee5 l\u01b0\u1ee1i l\u1edbn c\u1eaft v\u00e0 \u0111i\u00eau kh\u1eafc. C\u00f4ng c\u1ee5 n\u00e0y r\u1ea5t tuy\u1ec7t v\u1eddi \u0111\u1ec3 t\u1ea1o ra c\u00e1c m\u1eabu \u0111\u1ed3ng nh\u1ea5t v\u00e0 h\u1ed7 tr\u1ee3 trong vi\u1ec7c \u0111\u1ecbnh v\u1ecb ch\u00ednh x\u00e1c c\u00e1c v\u1eadt th\u1ec3 nh\u1ecf.<\/span><\/p>\n<p dir=\"ltr\"><img loading=\"lazy\" decoding=\"async\" class=\"wp-image-23649 aligncenter\" src=\"https:\/\/havamall.vn\/wp-content\/uploads\/2021\/11\/c91c1f7c8d71-300x300.png\" alt=\"\" width=\"707\" height=\"707\" srcset=\"https:\/\/havamall.vn\/wp-content\/uploads\/2021\/11\/c91c1f7c8d71-300x300.png 300w, https:\/\/havamall.vn\/wp-content\/uploads\/2021\/11\/c91c1f7c8d71-430x430.png 430w, https:\/\/havamall.vn\/wp-content\/uploads\/2021\/11\/c91c1f7c8d71-150x150.png 150w, https:\/\/havamall.vn\/wp-content\/uploads\/2021\/11\/c91c1f7c8d71-700x700.png 700w, https:\/\/havamall.vn\/wp-content\/uploads\/2021\/11\/c91c1f7c8d71-768x768.png 768w, https:\/\/havamall.vn\/wp-content\/uploads\/2021\/11\/c91c1f7c8d71-600x600.png 600w, https:\/\/havamall.vn\/wp-content\/uploads\/2021\/11\/c91c1f7c8d71-100x100.png 100w, https:\/\/havamall.vn\/wp-content\/uploads\/2021\/11\/c91c1f7c8d71.png 800w\" sizes=\"(max-width: 707px) 100vw, 707px\" \/><\/p>","protected":false},"excerpt":{"rendered":"<p>Mont Marte l\u00e0 h\u00e3ng h\u1ecda c\u1ee5 \u0111\u00e3 c\u00f3 m\u1eb7t t\u1ea1i h\u1ec7 th\u1ed1ng c\u1eeda h\u00e0ng c\u1ee7a h\u01a1n 300 t\u1ec9nh th\u00e0nh thu\u1ed9c<\/p>","protected":false},"featured_media":23785,"comment_status":"open","ping_status":"closed","template":"","meta":[],"product_brand":[],"product_cat":[395,35],"product_tag":[],"class_list":{"0":"post-23645","1":"product","2":"type-product","3":"status-publish","4":"has-post-thumbnail","6":"product_cat-van-phong-pham","7":"product_cat-nha-cua-doi-song","8":"pa_brand-mont-marte","10":"first","11":"instock","12":"sale","13":"shipping-taxable","14":"purchasable","15":"product-type-simple"},"_links":{"self":[{"href":"https:\/\/havamall.vn\/en\/wp-json\/wp\/v2\/product\/23645"}],"collection":[{"href":"https:\/\/havamall.vn\/en\/wp-json\/wp\/v2\/product"}],"about":[{"href":"https:\/\/havamall.vn\/en\/wp-json\/wp\/v2\/types\/product"}],"replies":[{"embeddable":true,"href":"https:\/\/havamall.vn\/en\/wp-json\/wp\/v2\/comments?post=23645"}],"version-history":[{"count":0,"href":"https:\/\/havamall.vn\/en\/wp-json\/wp\/v2\/product\/23645\/revisions"}],"wp:featuredmedia":[{"embeddable":true,"href":"https:\/\/havamall.vn\/en\/wp-json\/wp\/v2\/media\/23785"}],"wp:attachment":[{"href":"https:\/\/havamall.vn\/en\/wp-json\/wp\/v2\/media?parent=23645"}],"wp:term":[{"taxonomy":"product_brand","embeddable":true,"href":"https:\/\/havamall.vn\/en\/wp-json\/wp\/v2\/product_brand?post=23645"},{"taxonomy":"product_cat","embeddable":true,"href":"https:\/\/havamall.vn\/en\/wp-json\/wp\/v2\/product_cat?post=23645"},{"taxonomy":"product_tag","embeddable":true,"href":"https:\/\/havamall.vn\/en\/wp-json\/wp\/v2\/product_tag?post=23645"}],"curies":[{"name":"wp","href":"https:\/\/api.w.org\/{rel}","templated":true}]}}