{"id":23640,"date":"2021-11-17T16:59:55","date_gmt":"2021-11-17T09:59:55","guid":{"rendered":"https:\/\/havamall.vn\/?post_type=product&#038;p=23640"},"modified":"2024-01-13T09:28:39","modified_gmt":"2024-01-13T02:28:39","slug":"bang-pha-mau-bang-go-oval-wood-palette-30x38cm-mont-marte-traditional-wood-palette","status":"publish","type":"product","link":"https:\/\/havamall.vn\/en\/shop\/bang-pha-mau-bang-go-oval-wood-palette-30x38cm-mont-marte-traditional-wood-palette\/","title":{"rendered":"B\u1ea3ng Pha M\u00e0u B\u1eb1ng G\u1ed7 Oval Wood Palette 30x38cm &#8211; Mont Marte Traditional Wood Palette"},"content":{"rendered":"<p dir=\"auto\">Mont Marte l\u00e0 h\u00e3ng h\u1ecda c\u1ee5 \u0111\u00e3 c\u00f3 m\u1eb7t t\u1ea1i h\u1ec7 th\u1ed1ng c\u1eeda h\u00e0ng c\u1ee7a h\u01a1n 300 t\u1ec9nh th\u00e0nh thu\u1ed9c 75 qu\u1ed1c gia tr\u00ean to\u00e0n th\u1ebf gi\u1edbi. \u0110i\u1ec1u n\u00e0y n\u00f3i l\u00ean s\u1ef1 ph\u00e1t tri\u1ec3n b\u1ec1n v\u1eefng c\u1ee7a nh\u00e3n h\u00e0ng Mont Marte tr\u00ean th\u1ecb tr\u01b0\u1eddng th\u1ebf gi\u1edbi.<\/p>\n<p>Trong v\u00f2ng 15 n\u0103m, Mont Marte \u0111\u00e3 tr\u1edf th\u00e0nh th\u01b0\u01a1ng h\u1ec7u d\u1eabn \u0111\u1ea7u th\u1ecb tr\u01b0\u1eddng \u00dac v\u1ec1 c\u00e1c s\u1ea3n ph\u1ea9m ngh\u1ec7 thu\u1eadt v\u00e0 l\u00e0 th\u01b0\u01a1ng hi\u1ec7u \u0111\u01b0\u1ee3c tin d\u00f9ng \u1edf h\u01a1n 75 qu\u1ed1c gia: Trung Qu\u1ed1c, Canada, Ph\u00e1p, Ph\u1ea7n Lan,\u2026<\/p>\n<p>S\u1ea3n ph\u1ea9m Mont Marte kh\u00e1 \u0111a d\u1ea1ng, \u0111\u00e1p \u1ee9ng h\u1ea7u h\u1ebft c\u00e1c nhu c\u1ea7u v\u1ec1 h\u1ecda c\u1ee5 truy\u1ec1n th\u1ed1ng, t\u1eeb s\u01a1n m\u00e0u \u0111\u1ebfn c\u00e1c ph\u1ee5 ki\u1ec7n, s\u1ed5 k\u00ed h\u1ecda, gi\u1ea5y craft,\u2026<\/p>\n<p><img fetchpriority=\"high\" decoding=\"async\" class=\"wp-image-23641 aligncenter\" src=\"https:\/\/havamall.vn\/wp-content\/uploads\/2021\/11\/2557757a2893-300x300.png\" alt=\"\" width=\"648\" height=\"648\" srcset=\"https:\/\/havamall.vn\/wp-content\/uploads\/2021\/11\/2557757a2893-300x300.png 300w, https:\/\/havamall.vn\/wp-content\/uploads\/2021\/11\/2557757a2893-430x430.png 430w, https:\/\/havamall.vn\/wp-content\/uploads\/2021\/11\/2557757a2893-150x150.png 150w, https:\/\/havamall.vn\/wp-content\/uploads\/2021\/11\/2557757a2893-700x700.png 700w, https:\/\/havamall.vn\/wp-content\/uploads\/2021\/11\/2557757a2893-768x768.png 768w, https:\/\/havamall.vn\/wp-content\/uploads\/2021\/11\/2557757a2893-600x600.png 600w, https:\/\/havamall.vn\/wp-content\/uploads\/2021\/11\/2557757a2893-100x100.png 100w, https:\/\/havamall.vn\/wp-content\/uploads\/2021\/11\/2557757a2893.png 800w\" sizes=\"(max-width: 648px) 100vw, 648px\" \/><\/p>\n<p>Khay pha m\u00e0u, b\u1ea3ng pha, pallete b\u1eb1ng g\u1ed7, d\u1ee5ng c\u1ee5 ph\u1ed1i tr\u1ed9n ph\u00f9 h\u1ee3p v\u1edbi m\u00e0u n\u01b0\u1edbc, acrylic, gouache Th\u01b0\u01a1ng hi\u1ec7u m\u1edbi, ch\u1ea5t l\u01b0\u1ee3ng cao \u0110\u01b0\u1ee3c l\u00e0m b\u1eb1ng ch\u1ea5t li\u1ec7u g\u1ed7 cao c\u1ea5p th\u00e2n thi\u1ec7n v\u1edbi m\u00f4i tr\u01b0\u1eddng, t\u1ed1t v\u00e0 b\u1ec1n. Thi\u1ebft k\u1ebf ph\u1eb3ng v\u1edbi l\u1ed7 x\u1ecf ng\u00f3n tay c\u00e1i, gi\u1eef t\u1ef1 nhi\u00ean v\u00e0 tho\u1ea3i m\u00e1i trong nhi\u1ec1u gi\u1edd. S\u1eed d\u1ee5ng v\u1edbi acrylic, m\u00e0u n\u01b0\u1edbc, s\u01a1n d\u1ea7u v\u00e0 c\u1ecd.<\/p>\n<p><img decoding=\"async\" class=\"wp-image-23642 aligncenter\" src=\"https:\/\/havamall.vn\/wp-content\/uploads\/2021\/11\/050da322572-300x257.png\" alt=\"\" width=\"649\" height=\"556\" srcset=\"https:\/\/havamall.vn\/wp-content\/uploads\/2021\/11\/050da322572-300x257.png 300w, https:\/\/havamall.vn\/wp-content\/uploads\/2021\/11\/050da322572-430x369.png 430w, https:\/\/havamall.vn\/wp-content\/uploads\/2021\/11\/050da322572-150x129.png 150w, https:\/\/havamall.vn\/wp-content\/uploads\/2021\/11\/050da322572-700x600.png 700w, https:\/\/havamall.vn\/wp-content\/uploads\/2021\/11\/050da322572-768x659.png 768w, https:\/\/havamall.vn\/wp-content\/uploads\/2021\/11\/050da322572-600x515.png 600w, https:\/\/havamall.vn\/wp-content\/uploads\/2021\/11\/050da322572.png 800w\" sizes=\"(max-width: 649px) 100vw, 649px\" \/><\/p>\n<p>Th\u00edch h\u1ee3p cho h\u1ecda s\u0129, th\u1ee7 c\u00f4ng, ng\u01b0\u1eddi c\u00f3 s\u1edf th\u00edch, ngh\u1ec7 s\u0129 m\u1ef9 thu\u1eadt, sinh vi\u00ean ho\u1eb7c studio ngh\u1ec7 thu\u1eadt. Ch\u1ea5t li\u1ec7u g\u1ed7 Palette c\u1ea7m tay t\u1ed1t ph\u1ea3i c\u1ee9ng, nh\u1eb5n, kh\u00f4ng th\u1ea5m d\u1ea7u, kh\u00f4ng b\u1ecb cong v\u00eanh theo th\u1eddi gian, kh\u00f4ng bi x\u01b0\u1edbc m\u1ea1nh khi d\u00f9ng dao c\u1ea1o m\u00e0u kh\u00f4 b\u00e1m v\u00e0o.<\/p>\n<p>Palette g\u1ed7 th\u01b0\u1eddng c\u00f3 m\u00e0u v\u00e0ng \u0111\u1ea5t t\u1ed1i ho\u1eb7c m\u00e0u n\u00e2u, ph\u00f9 h\u1ee3p v\u1edbi n\u1ec1n l\u00f3t tr\u00ean canvas \u0111\u01b0\u1ee3c v\u1ebd theo k\u1ef9 thu\u1eadt nhi\u1ec1u l\u1edbp. V\u00ec th\u1ebf m\u00e0u tr\u00ean n\u1ec1n palette cho c\u1ea3m nh\u1eadn g\u1ea7n gi\u1ed1ng v\u1edbi m\u00e0u ph\u1ebft l\u00ean n\u1ec1n l\u00f3t tr\u00ean canvas.<\/p>\n<p><img decoding=\"async\" class=\"wp-image-23643 aligncenter\" src=\"https:\/\/havamall.vn\/wp-content\/uploads\/2021\/11\/c\u1ecd-4-300x300.png\" alt=\"\" width=\"661\" height=\"661\" srcset=\"https:\/\/havamall.vn\/wp-content\/uploads\/2021\/11\/c\u1ecd-4-300x300.png 300w, https:\/\/havamall.vn\/wp-content\/uploads\/2021\/11\/c\u1ecd-4-430x430.png 430w, https:\/\/havamall.vn\/wp-content\/uploads\/2021\/11\/c\u1ecd-4-150x150.png 150w, https:\/\/havamall.vn\/wp-content\/uploads\/2021\/11\/c\u1ecd-4-700x700.png 700w, https:\/\/havamall.vn\/wp-content\/uploads\/2021\/11\/c\u1ecd-4-768x768.png 768w, https:\/\/havamall.vn\/wp-content\/uploads\/2021\/11\/c\u1ecd-4-600x600.png 600w, https:\/\/havamall.vn\/wp-content\/uploads\/2021\/11\/c\u1ecd-4-100x100.png 100w, https:\/\/havamall.vn\/wp-content\/uploads\/2021\/11\/c\u1ecd-4.png 822w\" sizes=\"(max-width: 661px) 100vw, 661px\" \/><\/p>\n<h3><strong>\u0110\u1eb7c \u0111i\u1ec3m n\u1ed5i b\u1eadt c\u1ee7a s\u1ea3n ph\u1ea9m:<\/strong><\/h3>\n<p>&#8211; B\u1ea3ng pha m\u00e0u MONT MARTE c\u00f3 thi\u1ebft k\u1ebf h\u00ecnh oval, \u0111\u01b0\u1ee3c u\u1ed1n l\u01b0\u1ee3n v\u1eeba v\u1eb7n v\u1edbi tay c\u1ea7m.<\/p>\n<p>&#8211; D\u00f9ng \u0111\u1ec3 pha tr\u1ed9n m\u00e0u v\u1edbi nhau.<\/p>\n<p>&#8211; Tr\u01b0\u1edbc khi pha m\u00e0u n\u00ean qu\u00e9t m\u1ed9t l\u1edbp d\u1ea7u lanh \u0111\u1ec3 t\u1ea1o b\u1ec1 m\u1eb7t ch\u1ed1ng th\u1ea5m, s\u1ebd gi\u00fap l\u00e0m s\u1ea1ch b\u1ec1 m\u1eb7t b\u1ea3ng pha m\u00e0u d\u1ec5 d\u00e0ng h\u01a1n.<\/p>\n<p>&#8211; \u0110\u01b0\u1ee3c l\u00e0m b\u1eb1ng ch\u1ea5t li\u1ec7u g\u1ed7 cao c\u1ea5p th\u00e2n thi\u1ec7n v\u1edbi m\u00f4i tr\u01b0\u1eddng, t\u1ed1t v\u00e0 b\u1ec1n.<\/p>\n<p>&#8211; Thi\u1ebft k\u1ebf ph\u1eb3ng v\u1edbi l\u1ed7 x\u1ecf ng\u00f3n tay c\u00e1i, gi\u1eef t\u1ef1 nhi\u00ean v\u00e0 tho\u1ea3i m\u00e1i trong nhi\u1ec1u gi\u1edd.<\/p>\n<p>&#8211; S\u1eed d\u1ee5ng v\u1edbi acrylic, m\u00e0u n\u01b0\u1edbc, s\u01a1n d\u1ea7u v\u00e0 c\u1ecd.<\/p>\n<p>&#8211; Th\u00edch h\u1ee3p cho h\u1ecda s\u0129, th\u1ee7 c\u00f4ng, ng\u01b0\u1eddi c\u00f3 s\u1edf th\u00edch, ngh\u1ec7 s\u0129 m\u1ef9 thu\u1eadt, sinh vi\u00ean ho\u1eb7c studio ngh\u1ec7 thu\u1eadt.<\/p>\n<p>&#8211; Ch\u1ea5t li\u1ec7u g\u1ed7<\/p>\n<p>S\u1ea3n ph\u1ea9m hi\u1ec7n \u0111\u00e3 c\u00f3 m\u1eb7t t\u1ea1i Havamall.<\/p>","protected":false},"excerpt":{"rendered":"<p>Mont Marte l\u00e0 h\u00e3ng h\u1ecda c\u1ee5 \u0111\u00e3 c\u00f3 m\u1eb7t t\u1ea1i h\u1ec7 th\u1ed1ng c\u1eeda h\u00e0ng c\u1ee7a h\u01a1n 300 t\u1ec9nh th\u00e0nh thu\u1ed9c<\/p>","protected":false},"featured_media":23644,"comment_status":"open","ping_status":"closed","template":"","meta":[],"product_brand":[],"product_cat":[395,35],"product_tag":[],"class_list":{"0":"post-23640","1":"product","2":"type-product","3":"status-publish","4":"has-post-thumbnail","6":"product_cat-van-phong-pham","7":"product_cat-nha-cua-doi-song","8":"pa_brand-mont-marte","10":"first","11":"instock","12":"sale","13":"shipping-taxable","14":"purchasable","15":"product-type-simple"},"_links":{"self":[{"href":"https:\/\/havamall.vn\/en\/wp-json\/wp\/v2\/product\/23640"}],"collection":[{"href":"https:\/\/havamall.vn\/en\/wp-json\/wp\/v2\/product"}],"about":[{"href":"https:\/\/havamall.vn\/en\/wp-json\/wp\/v2\/types\/product"}],"replies":[{"embeddable":true,"href":"https:\/\/havamall.vn\/en\/wp-json\/wp\/v2\/comments?post=23640"}],"version-history":[{"count":0,"href":"https:\/\/havamall.vn\/en\/wp-json\/wp\/v2\/product\/23640\/revisions"}],"wp:featuredmedia":[{"embeddable":true,"href":"https:\/\/havamall.vn\/en\/wp-json\/wp\/v2\/media\/23644"}],"wp:attachment":[{"href":"https:\/\/havamall.vn\/en\/wp-json\/wp\/v2\/media?parent=23640"}],"wp:term":[{"taxonomy":"product_brand","embeddable":true,"href":"https:\/\/havamall.vn\/en\/wp-json\/wp\/v2\/product_brand?post=23640"},{"taxonomy":"product_cat","embeddable":true,"href":"https:\/\/havamall.vn\/en\/wp-json\/wp\/v2\/product_cat?post=23640"},{"taxonomy":"product_tag","embeddable":true,"href":"https:\/\/havamall.vn\/en\/wp-json\/wp\/v2\/product_tag?post=23640"}],"curies":[{"name":"wp","href":"https:\/\/api.w.org\/{rel}","templated":true}]}}