{"id":23631,"date":"2021-11-17T16:19:29","date_gmt":"2021-11-17T09:19:29","guid":{"rendered":"https:\/\/havamall.vn\/?post_type=product&#038;p=23631"},"modified":"2021-11-18T17:39:33","modified_gmt":"2021-11-18T10:39:33","slug":"dat-set-mau-trang-mont-marte-white-air-hardening-modelling-clay","status":"publish","type":"product","link":"https:\/\/havamall.vn\/en\/shop\/dat-set-mau-trang-mont-marte-white-air-hardening-modelling-clay\/","title":{"rendered":"\u0110\u1ea5t S\u00e9t Kh\u00f4 T\u1ef1 Nhi\u00ean M\u00e0u Tr\u1eafng Mont Marte &#8211; White Air Hardening Modelling Clay"},"content":{"rendered":"<p>\u0110\u1ea5t s\u00e9t t\u1ea1o h\u00ecnh Mont Marte l\u00e0 s\u1ef1 l\u1ef1a ch\u1ecdn ho\u00e0n h\u1ea3o cho nh\u1eefng ng\u01b0\u1eddi chuy\u00ean t\u1ea1o h\u00ecnh, c\u00e1c ngh\u1ec7 s\u0129 t\u1eeb d\u00e2n nghi\u1ec7p d\u01b0\ufe0f cho \u0111\u1ebfn chuy\u00ean nghi\u1ec7p. B\u1ec1 m\u1eb7t \u0111\u1ea9t s\u00e9t m\u1ec1m v\u00e0 m\u1ecbn, d\u1ec5 d\u00e0ng u\u1ed1n n\u1eafn sau khi nh\u00e0o.<\/p>\n<p>\u0110\u1ea5t s\u00e9t s\u1ebd kh\u00f4 ho\u00e0n to\u00e0n trong kho\u1ea3ng 24 gi\u1edd ho\u1eb7c h\u01a1n t\u00f9y thu\u1ed9c v\u00e0o \u0111\u1ed9 d\u00e0y c\u1ee7a \u0111\u1ea5t th\u00e0nh ph\u1ea9m. Sau khi kh\u00f4 \u0111\u1ea5t s\u00e9t \u0111\u00e3 kh\u00f4 v\u00e0 c\u1ee9ng l\u1ea1i, m\u1edbi n\u00ean s\u01a1n ph\u1ee7.<\/p>\n<p><img fetchpriority=\"high\" decoding=\"async\" class=\"wp-image-23622 aligncenter\" src=\"https:\/\/havamall.vn\/wp-content\/uploads\/2021\/11\/3aa4db0-300x187.png\" alt=\"\" width=\"646\" height=\"403\" srcset=\"https:\/\/havamall.vn\/wp-content\/uploads\/2021\/11\/3aa4db0-300x187.png 300w, https:\/\/havamall.vn\/wp-content\/uploads\/2021\/11\/3aa4db0-430x267.png 430w, https:\/\/havamall.vn\/wp-content\/uploads\/2021\/11\/3aa4db0-150x93.png 150w, https:\/\/havamall.vn\/wp-content\/uploads\/2021\/11\/3aa4db0-768x478.png 768w, https:\/\/havamall.vn\/wp-content\/uploads\/2021\/11\/3aa4db0.png 1024w, https:\/\/havamall.vn\/wp-content\/uploads\/2021\/11\/3aa4db0-600x373.png 600w\" sizes=\"(max-width: 646px) 100vw, 646px\" \/><\/p>\n<p>\u0110\u1ea5t s\u00e9t t\u1ef1 kh\u00f4 Mont Marte l\u00e0 s\u1ea3n ph\u1ea9m \u0111\u01b0\u1ee3c nhi\u1ec1u b\u1ea1n tr\u1ebb \u0111am m\u00ea DIY \u01b0a chu\u1ed9ng b\u1edfi \u0111\u1eb7c t\u00ednh linh ho\u1ea1t v\u00e0 d\u1ec5 s\u1eed d\u1ee5ng trong qu\u00e1 tr\u00ecnh t\u1ea1o h\u00ecnh, k\u1ec3 c\u1ea3 v\u1edbi nh\u1eefng ng\u01b0\u1eddi m\u1edbi b\u1eaft \u0111\u1ea7u<\/p>\n<p>\u0110\u1ea5t c\u00f3 m\u00e0u x\u00e1m khi \u01b0\u1edbt v\u00e0 \u0111\u1ed5i m\u00e0u sang m\u00e0u tr\u1eafng khi \u0111\u1ea5t kh\u00f4. Khi \u01b0\u1edbt \u0111\u1ea5t c\u00f3 \u0111\u1ed9 m\u1ec1m, d\u1ebbo v\u00e0 kh\u00f4 ch\u1eadm\u00a0c\u00f3 th\u1ec3 d\u1ec5 d\u00e0ng t\u1ea1o h\u00ecnh trong m\u1ed9t kho\u1ea3ng th\u1eddi gian kh\u00e1 d\u00e0i gi\u00fap qu\u00e1 tr\u00ecnh s\u00e1ng t\u1ea1o \u0111\u01b0\u1ee3c thu\u1eadn ti\u1ec7n h\u01a1n.<\/p>\n<p><img decoding=\"async\" class=\"wp-image-23630 aligncenter\" src=\"https:\/\/havamall.vn\/wp-content\/uploads\/2021\/11\/c\u1ecd-3-1-296x300.png\" alt=\"\" width=\"663\" height=\"672\" srcset=\"https:\/\/havamall.vn\/wp-content\/uploads\/2021\/11\/c\u1ecd-3-1-296x300.png 296w, https:\/\/havamall.vn\/wp-content\/uploads\/2021\/11\/c\u1ecd-3-1-430x435.png 430w, https:\/\/havamall.vn\/wp-content\/uploads\/2021\/11\/c\u1ecd-3-1-150x152.png 150w, https:\/\/havamall.vn\/wp-content\/uploads\/2021\/11\/c\u1ecd-3-1-700x709.png 700w, https:\/\/havamall.vn\/wp-content\/uploads\/2021\/11\/c\u1ecd-3-1-768x777.png 768w, https:\/\/havamall.vn\/wp-content\/uploads\/2021\/11\/c\u1ecd-3-1-600x607.png 600w, https:\/\/havamall.vn\/wp-content\/uploads\/2021\/11\/c\u1ecd-3-1-100x100.png 100w, https:\/\/havamall.vn\/wp-content\/uploads\/2021\/11\/c\u1ecd-3-1.png 812w\" sizes=\"(max-width: 663px) 100vw, 663px\" \/><\/p>\n<h3><strong>\u0110\u1eb7c \u0111i\u1ec3m n\u1ed5i b\u1eadt c\u1ee7a s\u1ea3n ph\u1ea9m:<\/strong><\/h3>\n<p>&gt; Mont Marte Premium Air Hardening Clay l\u00e0 s\u1ef1 l\u1ef1a ch\u1ecdn ho\u00e0n h\u1ea3o cho c\u00e1c nh\u00e0 t\u1ea1o m\u1eabu chuy\u00ean nghi\u1ec7p, ngh\u1ec7 s\u0129 c\u0169ng nh\u01b0 sinh vi\u00ean.<\/p>\n<p>&gt; Lo\u1ea1i \u0111\u1ea5t s\u00e9t n\u1eb7n n\u00e0y s\u1ebd tr\u1edf m\u1ec1m d\u1ebbo sau khi nh\u00e0o, v\u00e0 v\u00ec th\u1eddi gian kh\u00f4 ho\u00e0n to\u00e0n c\u1ee7a \u0111\u1ea5t s\u00e9t n\u00e0y n\u1eb1m trong kho\u1ea3ng 24h n\u00ean b\u1ea1n c\u00f3 th\u1eddi gian \u0111\u1ec3 t\u1ea1o h\u00ecnh th\u00e0nh thi\u1ebft k\u1ebf mong mu\u1ed1n c\u1ee7a m\u00ecnh.<\/p>\n<p>&gt; S\u1ea3n ph\u1ea9m ph\u00f9 h\u1ee3p v\u1edbi t\u1ea1o h\u00ecnh t\u1ef1 do, c\u00f3 th\u1ec3 ph\u1ee7 th\u00eam l\u1edbp s\u01a1n b\u00f3ng l\u00ean b\u1ec1 m\u1eb7t \u0111\u1ea5t s\u00e9t t\u00f9y v\u00e0o s\u1edf th\u00edch v\u00e0 thi\u1ebft k\u1ebf c\u1ee7a ri\u00eang c\u00e1c b\u1ea1n nh\u00e9.<\/p>\n<p>&gt; S\u1ea3n ph\u1ea9m c\u00f3 th\u1ec3 s\u1eed d\u1ee5ng \u0111\u01b0\u1ee3c cho nhi\u1ec1u lo\u1ea1i k\u1ef9 thu\u1eadt \u0111i\u00eau kh\u1eafc kh\u00e1c nhau t\u1eeb c\u00e1c k\u0129 thu\u1eadt truy\u1ec1n th\u1ed1ng \u0111\u1ebfn c\u00e1c k\u0129 thu\u1eadt n\u00e2ng cao nh\u01b0 \u0111\u1eadp, hay th\u00eam ph\u1ee5 ki\u1ec7n, v.v&#8230;<\/p>\n<p><img decoding=\"async\" class=\"wp-image-23632 aligncenter\" src=\"https:\/\/havamall.vn\/wp-content\/uploads\/2021\/11\/95eebd0c-300x300.png\" alt=\"\" width=\"682\" height=\"682\" srcset=\"https:\/\/havamall.vn\/wp-content\/uploads\/2021\/11\/95eebd0c-300x300.png 300w, https:\/\/havamall.vn\/wp-content\/uploads\/2021\/11\/95eebd0c-430x430.png 430w, https:\/\/havamall.vn\/wp-content\/uploads\/2021\/11\/95eebd0c-150x150.png 150w, https:\/\/havamall.vn\/wp-content\/uploads\/2021\/11\/95eebd0c-700x700.png 700w, https:\/\/havamall.vn\/wp-content\/uploads\/2021\/11\/95eebd0c-768x768.png 768w, https:\/\/havamall.vn\/wp-content\/uploads\/2021\/11\/95eebd0c-600x600.png 600w, https:\/\/havamall.vn\/wp-content\/uploads\/2021\/11\/95eebd0c-100x100.png 100w, https:\/\/havamall.vn\/wp-content\/uploads\/2021\/11\/95eebd0c.png 1024w\" sizes=\"(max-width: 682px) 100vw, 682px\" \/><\/p>\n<h3><strong>H\u01b0\u1edbng d\u1eabn s\u1eed d\u1ee5ng:<\/strong><\/h3>\n<p>&#8211; \u0110\u1ea5t s\u1ebd t\u1ef1 kh\u00f4 sau 24h tu\u1ef3 v\u00e0o \u0111\u1ed9 d\u00e0y c\u1ee7a s\u1ea3n ph\u1ea9m.<\/p>\n<p>&#8211; Sau khi kh\u00f4 s\u1ea3n ph\u1ea9m c\u00f3 th\u1ec3 d\u00f9ng gi\u1ea5y nh\u00e1m \u0111\u1ec3 l\u00e0m m\u1ecbn ho\u1eb7c t\u1ea1o h\u00ecnh c\u1ee9ng. Ch\u00fang ta c\u00f3 th\u1ec3 x\u1ecbt b\u1ea3o qu\u1ea3n ho\u1eb7c ph\u1ee7 vanish \u0111\u1ec3 b\u1ea3o qu\u1ea3n.<\/p>\n<p>&#8211; S\u1ea3n ph\u1ea9m c\u00f3 th\u1ec3 d\u00f9ng k\u00e8m v\u1edbi b\u1ed9<\/p>\n<p>&#8211; S\u1eed d\u1ee5ng tr\u1ef1c ti\u1ebfp<\/p>\n<p>&#8211; C\u00f3 th\u1ec3 s\u1eed d\u1ee5ng v\u1edbi m\u1ed9t ch\u00fat n\u01b0\u1edbc \u0111\u1ec3 l\u00e0m m\u1ecbn b\u1ec1 m\u1eb7t ho\u1eb7c h\u1ed7 tr\u1ee3 t\u1ea1o h\u00ecnh nh\u1ecf (kh\u00f4ng n\u00ean d\u00f9ng qu\u00e1 nhi\u1ec1u)<\/p>\n<p>&#8211; N\u00ean s\u1eed d\u1ee5ng v\u1edbi b\u1ed9 d\u1ee5ng c\u1ee5 t\u1ea1o h\u00ecnh \u0111\u1ea5t s\u00e9t \u0111\u1ec3 t\u1ea1o h\u00ecnh \u0111\u01b0\u1ee3c d\u1ec5 d\u00e0ng h\u01a1n<\/p>\n<p>&#8211; Sau khi \u0111\u1ea5t kh\u00f4 c\u00f3 th\u1ec3 d\u00f9ng m\u00e0u acrylic ho\u1eb7c m\u00e0u gouache \u0111\u1ec3 trang tr\u00ed<\/p>\n<p><img decoding=\"async\" class=\"aligncenter\" src=\"https:\/\/havamall.vn\/wp-content\/uploads\/2021\/11\/image_36_89aa054d10334e22913d9516acab481e_master.png\" alt=\"\u0110\u1ea5t s\u00e9t Mont Marte, Premiium Air Hardening Modelling Clay Mont Marte \u2013 H\u1ecda c\u1ee5 HAMI\" \/><\/p>\n<h3><strong>B\u1ea3o qu\u1ea3n:<\/strong><\/h3>\n<p>&#8211; B\u1ea3o qu\u1ea3n n\u01a1i kh\u00f4 r\u00e1o, th\u00e1o m\u00e1t<\/p>\n<p>&#8211; B\u1ecdc ch\u1eb7t \u0111\u1ea5t sau khi s\u1eed d\u1ee5ng n\u1ebfu c\u00f2n th\u1eeba (c\u00f3 th\u1ec3 d\u00f9ng m\u00e0ng b\u1ecdc th\u1ef1c ph\u1ea9m \u0111\u1ec3 b\u1ea3o qu\u1ea3n k\u1ef9 h\u01a1n)<\/p>\n<p>S\u1ea3n ph\u1ea9m hi\u1ec7n \u0111\u00e3 c\u00f3 m\u1eb7t t\u1ea1i Havamall.<\/p>","protected":false},"excerpt":{"rendered":"<p>\u0110\u1ea5t s\u00e9t t\u1ea1o h\u00ecnh Mont Marte l\u00e0 s\u1ef1 l\u1ef1a ch\u1ecdn ho\u00e0n h\u1ea3o cho nh\u1eefng ng\u01b0\u1eddi chuy\u00ean t\u1ea1o h\u00ecnh, c\u00e1c ngh\u1ec7<\/p>","protected":false},"featured_media":23720,"comment_status":"open","ping_status":"closed","template":"","meta":[],"product_brand":[],"product_cat":[395,35],"product_tag":[],"class_list":{"0":"post-23631","1":"product","2":"type-product","3":"status-publish","4":"has-post-thumbnail","6":"product_cat-van-phong-pham","7":"product_cat-nha-cua-doi-song","8":"pa_brand-mont-marte","10":"first","11":"instock","12":"sale","13":"shipping-taxable","14":"purchasable","15":"product-type-variable"},"_links":{"self":[{"href":"https:\/\/havamall.vn\/en\/wp-json\/wp\/v2\/product\/23631"}],"collection":[{"href":"https:\/\/havamall.vn\/en\/wp-json\/wp\/v2\/product"}],"about":[{"href":"https:\/\/havamall.vn\/en\/wp-json\/wp\/v2\/types\/product"}],"replies":[{"embeddable":true,"href":"https:\/\/havamall.vn\/en\/wp-json\/wp\/v2\/comments?post=23631"}],"version-history":[{"count":0,"href":"https:\/\/havamall.vn\/en\/wp-json\/wp\/v2\/product\/23631\/revisions"}],"wp:featuredmedia":[{"embeddable":true,"href":"https:\/\/havamall.vn\/en\/wp-json\/wp\/v2\/media\/23720"}],"wp:attachment":[{"href":"https:\/\/havamall.vn\/en\/wp-json\/wp\/v2\/media?parent=23631"}],"wp:term":[{"taxonomy":"product_brand","embeddable":true,"href":"https:\/\/havamall.vn\/en\/wp-json\/wp\/v2\/product_brand?post=23631"},{"taxonomy":"product_cat","embeddable":true,"href":"https:\/\/havamall.vn\/en\/wp-json\/wp\/v2\/product_cat?post=23631"},{"taxonomy":"product_tag","embeddable":true,"href":"https:\/\/havamall.vn\/en\/wp-json\/wp\/v2\/product_tag?post=23631"}],"curies":[{"name":"wp","href":"https:\/\/api.w.org\/{rel}","templated":true}]}}