{"id":23601,"date":"2021-11-17T11:41:22","date_gmt":"2021-11-17T04:41:22","guid":{"rendered":"https:\/\/havamall.vn\/?post_type=product&#038;p=23601"},"modified":"2021-11-17T11:41:22","modified_gmt":"2021-11-17T04:41:22","slug":"bo-mau-ve-fabric-paint-8-cai-x-20ml-mont-marte-fabric-paint","status":"publish","type":"product","link":"https:\/\/havamall.vn\/en\/shop\/bo-mau-ve-fabric-paint-8-cai-x-20ml-mont-marte-fabric-paint\/","title":{"rendered":"B\u1ed9 M\u00e0u V\u1ebd Fabric Paint 8 C\u00e1i x 20ml &#8211; Mont Marte Fabric Paint"},"content":{"rendered":"<p dir=\"auto\">Mont Marte l\u00e0 h\u00e3ng h\u1ecda c\u1ee5 \u0111\u00e3 c\u00f3 m\u1eb7t t\u1ea1i h\u1ec7 th\u1ed1ng c\u1eeda h\u00e0ng c\u1ee7a h\u01a1n 300 t\u1ec9nh th\u00e0nh thu\u1ed9c 75 qu\u1ed1c gia tr\u00ean to\u00e0n th\u1ebf gi\u1edbi. \u0110i\u1ec1u n\u00e0y n\u00f3i l\u00ean s\u1ef1 ph\u00e1t tri\u1ec3n b\u1ec1n v\u1eefng c\u1ee7a nh\u00e3n h\u00e0ng Mont Marte tr\u00ean th\u1ecb tr\u01b0\u1eddng th\u1ebf gi\u1edbi.<\/p>\n<p>Trong v\u00f2ng 15 n\u0103m, Mont Marte \u0111\u00e3 tr\u1edf th\u00e0nh th\u01b0\u01a1ng h\u1ec7u d\u1eabn \u0111\u1ea7u th\u1ecb tr\u01b0\u1eddng \u00dac v\u1ec1 c\u00e1c s\u1ea3n ph\u1ea9m ngh\u1ec7 thu\u1eadt v\u00e0 l\u00e0 th\u01b0\u01a1ng hi\u1ec7u \u0111\u01b0\u1ee3c tin d\u00f9ng \u1edf h\u01a1n 75 qu\u1ed1c gia: Trung Qu\u1ed1c, Canada, Ph\u00e1p, Ph\u1ea7n Lan,\u2026<\/p>\n<p>S\u1ea3n ph\u1ea9m Mont Marte kh\u00e1 \u0111a d\u1ea1ng, \u0111\u00e1p \u1ee9ng h\u1ea7u h\u1ebft c\u00e1c nhu c\u1ea7u v\u1ec1 h\u1ecda c\u1ee5 truy\u1ec1n th\u1ed1ng, t\u1eeb s\u01a1n m\u00e0u \u0111\u1ebfn c\u00e1c ph\u1ee5 ki\u1ec7n, s\u1ed5 k\u00ed h\u1ecda, gi\u1ea5y craft,\u2026<\/p>\n<p><img fetchpriority=\"high\" decoding=\"async\" class=\"wp-image-23523 aligncenter\" src=\"https:\/\/havamall.vn\/wp-content\/uploads\/2021\/11\/Untitled61-1-300x300.png\" alt=\"\" width=\"712\" height=\"713\" srcset=\"https:\/\/havamall.vn\/wp-content\/uploads\/2021\/11\/Untitled61-1-300x300.png 300w, https:\/\/havamall.vn\/wp-content\/uploads\/2021\/11\/Untitled61-1-430x430.png 430w, https:\/\/havamall.vn\/wp-content\/uploads\/2021\/11\/Untitled61-1-150x150.png 150w, https:\/\/havamall.vn\/wp-content\/uploads\/2021\/11\/Untitled61-1-700x700.png 700w, https:\/\/havamall.vn\/wp-content\/uploads\/2021\/11\/Untitled61-1-768x768.png 768w, https:\/\/havamall.vn\/wp-content\/uploads\/2021\/11\/Untitled61-1-600x600.png 600w, https:\/\/havamall.vn\/wp-content\/uploads\/2021\/11\/Untitled61-1-100x100.png 100w, https:\/\/havamall.vn\/wp-content\/uploads\/2021\/11\/Untitled61-1.png 1000w\" sizes=\"(max-width: 712px) 100vw, 712px\" \/><\/p>\n<p><span style=\"font-weight: 400\">B\u1ed9 m\u00e0u v\u1ebd v\u1ea3i Mont Marte ho\u00e0n h\u1ea3o cho t\u1ea5t c\u1ea3 c\u00e1c d\u1ef1 \u00e1n th\u1eddi trang v\u00e0 \u0111\u1ed3 gia d\u1ee5ng DIY c\u1ee7a b\u1ea1n. G\u1ed3m 8 m\u00e0u s\u00e1ng, b\u1ec1n m\u00e0u c\u00f3 th\u1ec3 \u0111\u01b0\u1ee3c tr\u1ed9n v\u1edbi nhau \u0111\u1ec3 t\u1ea1o th\u00e0nh m\u1ed9t b\u1ea3ng m\u00e0u v\u00f4 t\u1eadn v\u00e0 c\u00f3 th\u1ec3 \u0111\u01b0\u1ee3c \u00e1p d\u1ee5ng b\u1eb1ng tay, b\u1eb1ng c\u1ecd ho\u1eb7c b\u1eb1ng k\u1ef9 thu\u1eadt in l\u1ee5a.<\/span><\/p>\n<p><span style=\"font-weight: 400\">Set m\u00e0u v\u1ebd v\u1ea3i Mont Marte v\u1edbi 8 m\u00e0u: White, Black, Cadmium Yellow, Light Green, Pink, Blue, Red, Light Purple.<\/span><\/p>\n<p><img decoding=\"async\" class=\"wp-image-23602 aligncenter\" src=\"https:\/\/havamall.vn\/wp-content\/uploads\/2021\/11\/255408531_220397-300x300.png\" alt=\"\" width=\"693\" height=\"692\" srcset=\"https:\/\/havamall.vn\/wp-content\/uploads\/2021\/11\/255408531_220397-300x300.png 300w, https:\/\/havamall.vn\/wp-content\/uploads\/2021\/11\/255408531_220397-430x430.png 430w, https:\/\/havamall.vn\/wp-content\/uploads\/2021\/11\/255408531_220397-150x150.png 150w, https:\/\/havamall.vn\/wp-content\/uploads\/2021\/11\/255408531_220397-700x700.png 700w, https:\/\/havamall.vn\/wp-content\/uploads\/2021\/11\/255408531_220397-768x768.png 768w, https:\/\/havamall.vn\/wp-content\/uploads\/2021\/11\/255408531_220397-1024x1024.png 1024w, https:\/\/havamall.vn\/wp-content\/uploads\/2021\/11\/255408531_220397-1200x1200.png 1200w, https:\/\/havamall.vn\/wp-content\/uploads\/2021\/11\/255408531_220397-600x600.png 600w, https:\/\/havamall.vn\/wp-content\/uploads\/2021\/11\/255408531_220397-100x100.png 100w, https:\/\/havamall.vn\/wp-content\/uploads\/2021\/11\/255408531_220397.png 1972w\" sizes=\"(max-width: 693px) 100vw, 693px\" \/><\/p>\n<p><span style=\"font-weight: 400\">Dung t\u00edch m\u1ed7i l\u1ecd 20ml s\u1ebd l\u00e0 m\u1ed9t l\u1ef1a ch\u1ecdn tin c\u1eady cho c\u00e1c b\u1ea1n c\u00f3 ni\u1ec1m \u0111am m\u00ea s\u00e2u s\u1eafc v\u1ec1 h\u1ed9i h\u1ecda v\u00e0 th\u1eddi trang.\u00a0<\/span><span style=\"font-weight: 400\">S\u1ea3n ph\u1ea9m v\u1edbi ch\u1ea5t l\u01b0\u1ee3ng s\u1eafc t\u1ed1 m\u00e0u ti\u00eau chu\u1ea9n, 8 m\u00e0u t\u00f4ng s\u00e1ng, \u0111\u1ea3m b\u1ea3o kh\u00f4ng phai tr\u00ean c\u00e1c b\u1ec1 m\u1eb7t v\u1ea3i v\u00e0 c\u00f3 th\u1ec3 \u00e1p d\u1ee5ng cho c\u1ea3 c\u00e1c k\u0129 thu\u1eadt in \u1ea5n tr\u00ean v\u1ea3i m\u00e0 kh\u00f4ng ch\u1ec9 ri\u00eang v\u1ebd tay.<\/span><\/p>\n<p><img decoding=\"async\" class=\"aligncenter\" src=\"https:\/\/havamall.vn\/wp-content\/uploads\/2021\/11\/b085b8f9af7ad686ee44e1ec0d182ef3.jpg_720x720q80.jpg_.webp\" alt='M\u00e0u v\u1ebd v\u1ea3i Mont Marte Fabric Paint - b\u1ed9 8 m\u00e0u | Lazada.vn' width=\"690\" height=\"691\" \/><\/p>\n<h3><strong>\u0110\u1eb7c \u0111i\u1ec3m n\u1ed5i b\u1eadt c\u1ee7a s\u1ea3n ph\u1ea9m:<\/strong><\/h3>\n<p>&#8211; M\u00e0u v\u1ebd v\u1ea3i Fabric Mont Marte \u0111\u01b0\u1ee3c s\u1ea3n xu\u1ea5t chuy\u00ean d\u1ee5ng cho nhu c\u1ea7u v\u1ebd, trang tr\u00ed v\u00e0 th\u1ec3 hi\u1ec7n kh\u1ea3 n\u0103ng s\u00e1ng t\u1ea1o \u0111\u1ed9c \u0111\u00e1o c\u1ee7a b\u1ea1n l\u00ean \u00e1o, gi\u00e0y, c\u00e1c ch\u1ea5t li\u1ec7u b\u1eb1ng v\u1ea3i v\u1edbi \u0111\u1ea7y \u0111\u1ee7 c\u00e1c m\u00e0u s\u1eafc c\u01a1 b\u1ea3n.<\/p>\n<p>&#8211; Ch\u1ea5t l\u01b0\u1ee3ng m\u00e0u s\u1eafc \u0111\u1eb9p sinh \u0111\u1ed9ng, \u0111\u1ed9 b\u1ec1n m\u00e0u cao, l\u00e2u phai m\u00e0u \u0111\u1ec3 nh\u1eefng t\u00e1c ph\u1ea9m ngh\u1ec7 thu\u1eadt c\u1ee7a b\u1ea1n c\u00f3 th\u1ec3 b\u1ec1n m\u00e3i theo th\u1eddi gian. M\u00e0u v\u1ebd \u0111\u01b0\u1ee3c l\u00e0m t\u1eeb nh\u1eefng th\u00e0nh ph\u1ea7n cao c\u1ea5p, kh\u00f4ng \u0111\u1ed9c h\u1ea1i, th\u00e2n thi\u1ec7n v\u1edbi m\u00f4i tr\u01b0\u1eddng.<\/p>\n<p>&#8211; M\u00e0u v\u1ebd c\u00f3 \u0111\u1ed9 s\u00e1nh m\u1ecbn v\u1eeba \u0111\u1ee7, \u0111\u1ed9 ph\u1ee7 t\u1ed1t cho s\u1eafc m\u00e0u n\u00e9t v\u00e0 \u0111\u1ec1u m\u00e0u. M\u00e0u c\u00f3 \u0111\u1ed9 b\u00e1m d\u00ednh c\u1ef1c t\u1ed1t v\u00e0 kh\u00f4ng th\u1ea5m ra m\u1eb7t sau c\u1ee7a gi\u1ea5y, kh\u00f4ng lem ch\u1ea3y.<\/p>\n<p>&#8211; M\u00e0u v\u1ebd kh\u00f4ng ch\u1ee9a h\u00f3a ch\u1ea5t \u0111\u1ed9c h\u1ea1i, ch\u1ea5t l\u01b0\u1ee3ng \u0111\u1ea1t ti\u00eau chu\u1ea9n qu\u1ed1c t\u1ebf v\u1ec1 \u0111\u1ed9 b\u1ec1n v\u00e0 an to\u00e0n cho s\u1ee9c kh\u1ecfe ng\u01b0\u1eddi d\u00f9ng (c\u00f3 gi\u1ea5y ch\u1ee9ng nh\u1eadn). M\u00e0u kh\u00f4ng g\u00e2y m\u00f9i kh\u00f3 ch\u1ecbu khi m\u1edf n\u1eafp v\u00e0 d\u1ec5 d\u00e0ng m\u1ea5t \u0111i ngay sau khi v\u1ebd n\u00ean \u0111\u1ea3m b\u1ea3o kh\u00f4ng g\u00e2y \u1ea3nh h\u01b0\u1edfng \u0111\u1ebfn kh\u00f4ng kh\u00ed trong ph\u00f2ng.<\/p>\n<p><img loading=\"lazy\" decoding=\"async\" class=\"wp-image-23603 aligncenter\" src=\"https:\/\/havamall.vn\/wp-content\/uploads\/2021\/11\/da98475364-300x300.png\" alt=\"\" width=\"710\" height=\"710\" srcset=\"https:\/\/havamall.vn\/wp-content\/uploads\/2021\/11\/da98475364-300x300.png 300w, https:\/\/havamall.vn\/wp-content\/uploads\/2021\/11\/da98475364-430x430.png 430w, https:\/\/havamall.vn\/wp-content\/uploads\/2021\/11\/da98475364-150x150.png 150w, https:\/\/havamall.vn\/wp-content\/uploads\/2021\/11\/da98475364-700x700.png 700w, https:\/\/havamall.vn\/wp-content\/uploads\/2021\/11\/da98475364-768x768.png 768w, https:\/\/havamall.vn\/wp-content\/uploads\/2021\/11\/da98475364-600x600.png 600w, https:\/\/havamall.vn\/wp-content\/uploads\/2021\/11\/da98475364-100x100.png 100w, https:\/\/havamall.vn\/wp-content\/uploads\/2021\/11\/da98475364.png 1000w\" sizes=\"(max-width: 710px) 100vw, 710px\" \/><\/p>","protected":false},"excerpt":{"rendered":"<p>Mont Marte l\u00e0 h\u00e3ng h\u1ecda c\u1ee5 \u0111\u00e3 c\u00f3 m\u1eb7t t\u1ea1i h\u1ec7 th\u1ed1ng c\u1eeda h\u00e0ng c\u1ee7a h\u01a1n 300 t\u1ec9nh th\u00e0nh thu\u1ed9c<\/p>","protected":false},"featured_media":23604,"comment_status":"open","ping_status":"closed","template":"","meta":[],"product_brand":[],"product_cat":[395,35],"product_tag":[],"class_list":{"0":"post-23601","1":"product","2":"type-product","3":"status-publish","4":"has-post-thumbnail","6":"product_cat-van-phong-pham","7":"product_cat-nha-cua-doi-song","8":"pa_brand-mont-marte","10":"first","11":"instock","12":"sale","13":"shipping-taxable","14":"purchasable","15":"product-type-simple"},"_links":{"self":[{"href":"https:\/\/havamall.vn\/en\/wp-json\/wp\/v2\/product\/23601"}],"collection":[{"href":"https:\/\/havamall.vn\/en\/wp-json\/wp\/v2\/product"}],"about":[{"href":"https:\/\/havamall.vn\/en\/wp-json\/wp\/v2\/types\/product"}],"replies":[{"embeddable":true,"href":"https:\/\/havamall.vn\/en\/wp-json\/wp\/v2\/comments?post=23601"}],"version-history":[{"count":0,"href":"https:\/\/havamall.vn\/en\/wp-json\/wp\/v2\/product\/23601\/revisions"}],"wp:featuredmedia":[{"embeddable":true,"href":"https:\/\/havamall.vn\/en\/wp-json\/wp\/v2\/media\/23604"}],"wp:attachment":[{"href":"https:\/\/havamall.vn\/en\/wp-json\/wp\/v2\/media?parent=23601"}],"wp:term":[{"taxonomy":"product_brand","embeddable":true,"href":"https:\/\/havamall.vn\/en\/wp-json\/wp\/v2\/product_brand?post=23601"},{"taxonomy":"product_cat","embeddable":true,"href":"https:\/\/havamall.vn\/en\/wp-json\/wp\/v2\/product_cat?post=23601"},{"taxonomy":"product_tag","embeddable":true,"href":"https:\/\/havamall.vn\/en\/wp-json\/wp\/v2\/product_tag?post=23601"}],"curies":[{"name":"wp","href":"https:\/\/api.w.org\/{rel}","templated":true}]}}