{"id":23568,"date":"2021-11-16T17:01:42","date_gmt":"2021-11-16T10:01:42","guid":{"rendered":"https:\/\/havamall.vn\/?post_type=product&#038;p=23568"},"modified":"2022-11-15T14:34:00","modified_gmt":"2022-11-15T07:34:00","slug":"sot-ca-chua-co-dac-huu-co-170g-il-nutrimento-organic-tomato-paste","status":"publish","type":"product","link":"https:\/\/havamall.vn\/en\/shop\/sot-ca-chua-co-dac-huu-co-170g-il-nutrimento-organic-tomato-paste\/","title":{"rendered":"S\u1ed1t C\u00e0 Chua C\u00f4 \u0110\u1eb7c H\u1eefu C\u01a1 170g &#8211; Il Nutrimento Organic Tomato Paste"},"content":{"rendered":"<h3><strong>TH\u00d4NG TIN S\u1ea2N PH\u1ea8M<\/strong><\/h3>\n<table>\n<tbody>\n<tr>\n<td>Th\u01b0\u01a1ng hi\u1ec7u<\/td>\n<td>ProBios<\/td>\n<\/tr>\n<tr>\n<td>Xu\u1ea5t x\u1ee9<\/td>\n<td>\u00dd<\/td>\n<\/tr>\n<tr>\n<td>Th\u00e0nh ph\u1ea7n<\/td>\n<td>100% c\u00e0 chua \u0111\u01b0\u1ee3c c\u00f4 \u0111\u1eb7c h\u1eefu c\u01a1<\/td>\n<\/tr>\n<tr>\n<td>H\u1ea1n s\u1eed d\u1ee5ng<\/td>\n<td>24 th\u00e1ng k\u1ec3 t\u1eeb ng\u00e0y s\u1ea3n xu\u1ea5t.<\/td>\n<\/tr>\n<tr>\n<td>B\u1ea3o qu\u1ea3n<\/td>\n<td>\u0110\u1ec3 n\u01a1i kh\u00f4 r\u00e1o, tho\u00e1ng m\u00e1t, tr\u00e1nh \u00e1nh n\u1eafng tr\u1ef1c ti\u1ebfp<\/td>\n<\/tr>\n<tr>\n<td>Kh\u1ed1i l\u01b0\u1ee3ng<\/td>\n<td>170 g<\/td>\n<\/tr>\n<\/tbody>\n<\/table>\n<p>ProBios \u0111\u01b0\u1ee3c th\u00e0nh l\u1eadp t\u1eeb n\u0103m 1978 t\u1ea1i Florence \u2013 \u00dd. ProBios. B\u1eb1ng vi\u1ec7c s\u1ea3n xu\u1ea5t th\u1ef1c ph\u1ea9m h\u1eefu c\u01a1, ProBios \u0111\u00e3 l\u1ef1a ch\u1ecdn c\u1ea9n th\u1eadn c\u00e1c ph\u01b0\u01a1ng ph\u00e1p tr\u1ed3ng tr\u1ecdt c\u1ee7a nguy\u00ean li\u1ec7u th\u00f4 t\u00f4n tr\u1ecdng con ng\u01b0\u1eddi v\u00e0 thi\u00ean nhi\u00ean, kh\u00f4ng ch\u1ea5p nh\u1eadn s\u1eed d\u1ee5ng thu\u1ed1c di\u1ec7t c\u1ecf, thu\u1ed1c di\u1ec7t k\u00fd sinh tr\u00f9ng, ph\u00e2n b\u00f3n h\u00f3a h\u1ecdc v\u00e0 t\u1ed5ng h\u1ee3p v\u00e0 c\u00e1c sinh v\u1eadt bi\u1ebfn \u0111\u1ed5i gen g\u00e2y \u00f4 nhi\u1ec5m tr\u00e1i \u0111\u1ea5t, n\u01b0\u1edbc v\u00e0 kh\u00f4ng kh\u00ed c\u1ee7a ch\u00fang ta.<\/p>\n<p>Probios, c\u00f4ng ty h\u00e0ng \u0111\u1ea7u c\u1ee7a \u00dd trong l\u0129nh v\u1ef1c ph\u00e2n ph\u1ed1i th\u1ef1c ph\u1ea9m h\u1eefu c\u01a1, v\u1edbi kinh nghi\u1ec7m 40 n\u0103m, cung c\u1ea5p m\u1ed9t lo\u1ea1t c\u00e1c s\u1ea3n ph\u1ea9m \u0111\u1ed9c quy\u1ec1n, k\u1ebft h\u1ee3p vi\u1ec7c nghi\u00ean c\u1ee9u v\u00e0 l\u1ef1a ch\u1ecdn c\u00e1c nguy\u00ean li\u1ec7u h\u1eefu c\u01a1 \u0111\u1ec3 t\u1ea1o ra c\u00e1c c\u00f4ng th\u1ee9c n\u1ea5u \u0103n c\u00e2n b\u1eb1ng, nh\u1eb1m mang \u0111\u1ebfn cho ng\u01b0\u1eddi ti\u00eau d\u00f9ng nh\u1eefng s\u1ea3n ph\u1ea9m l\u00e0nh m\u1ea1nh v\u00e0 ngon nh\u1ea5t.<\/p>\n<p><img fetchpriority=\"high\" decoding=\"async\" class=\"wp-image-23569 aligncenter\" src=\"https:\/\/havamall.vn\/wp-content\/uploads\/2021\/11\/d19af50f6e-211x300.png\" alt=\"\" width=\"677\" height=\"963\" srcset=\"https:\/\/havamall.vn\/wp-content\/uploads\/2021\/11\/d19af50f6e-211x300.png 211w, https:\/\/havamall.vn\/wp-content\/uploads\/2021\/11\/d19af50f6e-430x612.png 430w, https:\/\/havamall.vn\/wp-content\/uploads\/2021\/11\/d19af50f6e-150x213.png 150w, https:\/\/havamall.vn\/wp-content\/uploads\/2021\/11\/d19af50f6e.png 450w\" sizes=\"(max-width: 677px) 100vw, 677px\" \/><\/p>\n<p>T\u1eeb nh\u1eefng qu\u1ea3 c\u00e0 chua h\u1eefu c\u01a1 ngon nh\u1ea5t c\u1ee7a n\u01b0\u1edbc \u00dd, Il Nutrimento cung c\u1ea5p n\u01b0\u1edbc s\u1ed1t B\u00ean c\u1ea1nh \u0111\u00f3, t\u01b0\u01a1ng c\u00e0 chua c\u00f4 \u0111\u1eb7c \u0111\u01b0\u1ee3c \u0111\u1ef1ng tc\u00e0 chua \u0111\u00e3 \u0111\u01b0\u1ee3c n\u1ea5u chin sau \u0111\u00f3 l\u1ecdc b\u1ecf v\u1ecf v\u00e0 h\u1ea1t r\u1ed3i \u0111\u01b0\u1ee3c n\u1ea5u l\u1ea1i \u0111\u1ec3 t\u1ea1o th\u00e0nh m\u1ed9t h\u1ed7n h\u1ee3p \u0111\u1eb7c. Ch\u00ednh l\u00e0 lo\u1ea1i n\u01b0\u1edbc s\u1ed1t c\u00e0 chua si\u00eau c\u00f4 \u0111\u1eb7c.<\/p>\n<p>S\u1ed1t c\u00e0 chua trong \u1ed1ng tu\u00fdp ti\u1ec7n d\u1ee5ng v\u00e0 c\u01a1 \u0111\u1ed9ng h\u01a1n cho ng\u01b0\u1eddi s\u1eed d\u1ee5ng. S\u1ed1t c\u00e0 chua d\u1ea1ng \u1ed1ng l\u00e0 m\u1ed9t gi\u1ea3i ph\u00e1p thay th\u1ebf ti\u1ec7n l\u1ee3i cho t\u01b0\u01a1ng c\u00e0 chua \u0111\u00f3ng h\u1ed9p, cho ph\u00e9p b\u1ea1n ch\u1ec9 c\u1ea7n s\u1eed d\u1ee5ng nh\u1eefng g\u00ec b\u1ea1n c\u1ea7n m\u00e0 kh\u00f4ng c\u1ea7n lo l\u1eafng v\u1ec1 vi\u1ec7c ph\u1ea3i l\u00e0m g\u00ec v\u1edbi ph\u1ea7n c\u00f2n l\u1ea1i c\u1ee7a lon.<\/p>\n<p><img decoding=\"async\" class=\"wp-image-23570 aligncenter\" src=\"https:\/\/havamall.vn\/wp-content\/uploads\/2021\/11\/1-300x169.png\" alt=\"\" width=\"671\" height=\"378\" srcset=\"https:\/\/havamall.vn\/wp-content\/uploads\/2021\/11\/1-300x169.png 300w, https:\/\/havamall.vn\/wp-content\/uploads\/2021\/11\/1-430x242.png 430w, https:\/\/havamall.vn\/wp-content\/uploads\/2021\/11\/1-150x84.png 150w, https:\/\/havamall.vn\/wp-content\/uploads\/2021\/11\/1-700x394.png 700w, https:\/\/havamall.vn\/wp-content\/uploads\/2021\/11\/1-768x432.png 768w, https:\/\/havamall.vn\/wp-content\/uploads\/2021\/11\/1-600x338.png 600w, https:\/\/havamall.vn\/wp-content\/uploads\/2021\/11\/1.png 1000w\" sizes=\"(max-width: 671px) 100vw, 671px\" \/><\/p>\n<p>B\u1ea1n c\u00f3 th\u1ec3 t\u1ea1o ra n\u01b0\u1edbc s\u1ed1t c\u00e0 chua b\u1eb1ng c\u00e1ch cho v\u00e0i mu\u1ed7ng canh s\u1ed1t c\u00e0 chua c\u00f4 \u0111\u1eb7c v\u00e0 n\u1ea5u v\u1edbi n\u01b0\u1edbc n\u00f3ng trong n\u1ed3i \u1edf nhi\u1ec7t \u0111\u1ed9 trung b\u00ecnh \u0111\u1ec3 t\u1ea1o ra m\u00f3n n\u01b0\u1edbc s\u1ed1t ngon tuy\u1ec7t cho cac lo\u1ea1i m\u00ec \u00dd.<\/p>\n<p>S\u1ed1t c\u00e0 chua c\u00f4 \u0111\u1eb7c mang l\u1ea1i c\u1ea3m gi\u00e1c th\u00fa v\u1ecb cho ng\u01b0\u1eddi th\u01b0\u1edfng th\u1ee9c, b\u1ea1n c\u00f3 th\u1ec3 ch\u1ebf bi\u1ebfn th\u00e0nh nhi\u1ec1u m\u00f3n \u0103n ngon nh\u01b0: n\u1ea5u s\u00fap, l\u00e0m n\u01b0\u1edbc s\u1ed1t c\u00e0 trong c\u00e1c m\u00f3n chi\u00ean, x\u00e0o&#8230; S\u1ed1t c\u00e0 chua c\u00f4 \u0111\u1eb7c l\u00e0 m\u1ed9t m\u00f3n \u0103n ngon mi\u1ec7ng \u0111\u1ed3ng th\u1eddi h\u1ed7 tr\u1ee3 ng\u0103n ng\u1eeba nguy c\u01a1 g\u00e2y ung th\u01b0, n\u00e2ng cao s\u1ee9c \u0111\u1ec1 kh\u00e1ng, gi\u1ea3m b\u00e9o ph\u00ec, h\u1ed7 tr\u1ee3 h\u1ec7 tim m\u1ea1ch, h\u1ec7 ti\u00eau h\u00f3a, gi\u1ea3m cholesterol trong m\u00e1u, t\u0103ng th\u1ecb l\u1ef1c, ch\u1ed1ng l\u00e3o h\u00f3a, gi\u1ea3m c\u00e1c b\u1ec7nh m\u1ee1 m\u00e1u, ti\u1ec3u \u0111\u01b0\u1eddng&#8230; S\u1ea3n ph\u1ea9m c\u00f2n ch\u1ee9a nhi\u1ec1u d\u01b0\u1ee1ng ch\u1ea5t thi\u1ebft y\u1ebfu kh\u00e1c c\u00f3 th\u1ec3 gi\u00fap t\u0103ng c\u01b0\u1eddng s\u1ee9c kh\u1ecfe to\u00e0n di\u1ec7n c\u1ee7a c\u01a1 th\u1ec3.<\/p>\n<p><img decoding=\"async\" class=\"wp-image-23571 aligncenter\" src=\"https:\/\/havamall.vn\/wp-content\/uploads\/2021\/11\/diet-nutrition_recipes-300x225.png\" alt=\"\" width=\"681\" height=\"511\" srcset=\"https:\/\/havamall.vn\/wp-content\/uploads\/2021\/11\/diet-nutrition_recipes-300x225.png 300w, https:\/\/havamall.vn\/wp-content\/uploads\/2021\/11\/diet-nutrition_recipes-430x323.png 430w, https:\/\/havamall.vn\/wp-content\/uploads\/2021\/11\/diet-nutrition_recipes-150x113.png 150w, https:\/\/havamall.vn\/wp-content\/uploads\/2021\/11\/diet-nutrition_recipes-700x525.png 700w, https:\/\/havamall.vn\/wp-content\/uploads\/2021\/11\/diet-nutrition_recipes-768x576.png 768w, https:\/\/havamall.vn\/wp-content\/uploads\/2021\/11\/diet-nutrition_recipes.png 1024w, https:\/\/havamall.vn\/wp-content\/uploads\/2021\/11\/diet-nutrition_recipes-600x450.png 600w\" sizes=\"(max-width: 681px) 100vw, 681px\" \/><\/p>\n<h3><strong>C\u00f4ng d\u1ee5ng c\u1ee7a c\u00e0 chua:<\/strong><\/h3>\n<p>&#8211; C\u00e0 chua \u0111\u01b0\u01a1\u0323c m\u00ea\u0323nh danh la\u0300 m\u1ed9t nha\u0300 m\u00e1y dinh d\u01b0\u1ee1ng vi\u0300 no\u0301 cung c\u1ea5p r\u00e2\u0301t nhi\u00ea\u0300u tha\u0300nh ph\u00e2\u0300n co\u0301 l\u1ee3i cho s\u1ee9c kh\u1ecfe.<\/p>\n<p>&#8211; C\u00e0 chua r\u1ea5t gi\u00e0u vitamin A, C, K, vitamin B6, kali, folate, thiamin, magi\u00ea, niacin, \u0111\u1ed3ng v\u00e0 ph\u1ed1t pho, l\u00e0 nh\u01b0\u0303ng vi ch\u00e2\u0301t c\u00e2\u0300n thi\u1ebft \u0111\u1ec3 duy tr\u00ec m\u00f4\u0323t s\u1ee9c kh\u1ecfe t\u1ed1t.<\/p>\n<p>&#8211; C\u00e0 chua ch\u1ee9a r\u1ea5t \u00edt carbohydrate n\u00ean gi\u00fap l\u00e0m gi\u1ea3m l\u01b0\u1ee3ng \u0111\u01b0\u1eddng trong m\u00e1u.<\/p>\n<p>&#8211; C\u00e0 chua c\u00f3 ch\u1ee9a vitamin K v\u00e0 canxi gi\u00fap gi\u1eef cho x\u01b0\u01a1ng c\u1ee7a b\u1ea1n kh\u1ecfe m\u1ea1nh va\u0300 ch\u00f4\u0301ng loa\u0303ng x\u01b0\u01a1ng<\/p>\n<p>&#8211; N\u01b0\u1edbc s\u1ed1t c\u00e0 chua gi\u00e0u ch\u1ea5t ch\u1ed1ng oxy h\u00f3a c\u00f3 \u00edch cho probiotic trong \u0111\u01b0\u1eddng ru\u1ed9t<\/p>\n<p><img loading=\"lazy\" decoding=\"async\" class=\"wp-image-23574 aligncenter\" src=\"https:\/\/havamall.vn\/wp-content\/uploads\/2021\/11\/55daf8bb0c-224x300.png\" alt=\"\" width=\"678\" height=\"908\" srcset=\"https:\/\/havamall.vn\/wp-content\/uploads\/2021\/11\/55daf8bb0c-224x300.png 224w, https:\/\/havamall.vn\/wp-content\/uploads\/2021\/11\/55daf8bb0c-430x577.png 430w, https:\/\/havamall.vn\/wp-content\/uploads\/2021\/11\/55daf8bb0c-150x201.png 150w, https:\/\/havamall.vn\/wp-content\/uploads\/2021\/11\/55daf8bb0c-700x939.png 700w, https:\/\/havamall.vn\/wp-content\/uploads\/2021\/11\/55daf8bb0c-600x805.png 600w\" sizes=\"(max-width: 678px) 100vw, 678px\" \/><\/p>\n<h3><strong>H\u01b0\u1edbng d\u1eabn s\u1eed d\u1ee5ng : <\/strong><\/h3>\n<p>&gt; D\u00f9ng th\u00eam v\u00e0o b\u00e1nh m\u1ef3, b\u00e1nh m\u00ec sandwich, c\u00e1c lo\u1ea1i m\u00fd \u00dd.<\/p>\n<p>&gt; C\u00f3 th\u1ec3 d\u00f9ng s\u1ed1t c\u00e0 chua c\u00f4 \u0111\u1eb7c n\u00e0y th\u00eam v\u00e0o c\u00e1c m\u00f3n nui m\u00ec \u0103n d\u1eb7m cho b\u00e9 v\u00ec th\u00e0nh ph\u1ea7n ho\u00e0n to\u00e0n kh\u00f4ng ch\u1ee9a mu\u1ed1i.<\/p>","protected":false},"excerpt":{"rendered":"<p>TH\u00d4NG TIN S\u1ea2N PH\u1ea8M Th\u01b0\u01a1ng hi\u1ec7u ProBios Xu\u1ea5t x\u1ee9 \u00dd Th\u00e0nh ph\u1ea7n 100% c\u00e0 chua \u0111\u01b0\u1ee3c c\u00f4 \u0111\u1eb7c h\u1eefu c\u01a1<\/p>","protected":false},"featured_media":23575,"comment_status":"open","ping_status":"closed","template":"","meta":[],"product_brand":[],"product_cat":[256,36],"product_tag":[],"class_list":{"0":"post-23568","1":"product","2":"type-product","3":"status-publish","4":"has-post-thumbnail","6":"product_cat-thuc-pham-huu-co","7":"product_cat-thuc-pham-tieu-dung","8":"pa_brand-probios","10":"first","11":"outofstock","12":"sale","13":"shipping-taxable","14":"purchasable","15":"product-type-simple"},"_links":{"self":[{"href":"https:\/\/havamall.vn\/en\/wp-json\/wp\/v2\/product\/23568"}],"collection":[{"href":"https:\/\/havamall.vn\/en\/wp-json\/wp\/v2\/product"}],"about":[{"href":"https:\/\/havamall.vn\/en\/wp-json\/wp\/v2\/types\/product"}],"replies":[{"embeddable":true,"href":"https:\/\/havamall.vn\/en\/wp-json\/wp\/v2\/comments?post=23568"}],"version-history":[{"count":0,"href":"https:\/\/havamall.vn\/en\/wp-json\/wp\/v2\/product\/23568\/revisions"}],"wp:featuredmedia":[{"embeddable":true,"href":"https:\/\/havamall.vn\/en\/wp-json\/wp\/v2\/media\/23575"}],"wp:attachment":[{"href":"https:\/\/havamall.vn\/en\/wp-json\/wp\/v2\/media?parent=23568"}],"wp:term":[{"taxonomy":"product_brand","embeddable":true,"href":"https:\/\/havamall.vn\/en\/wp-json\/wp\/v2\/product_brand?post=23568"},{"taxonomy":"product_cat","embeddable":true,"href":"https:\/\/havamall.vn\/en\/wp-json\/wp\/v2\/product_cat?post=23568"},{"taxonomy":"product_tag","embeddable":true,"href":"https:\/\/havamall.vn\/en\/wp-json\/wp\/v2\/product_tag?post=23568"}],"curies":[{"name":"wp","href":"https:\/\/api.w.org\/{rel}","templated":true}]}}