{"id":23561,"date":"2021-11-16T16:27:34","date_gmt":"2021-11-16T09:27:34","guid":{"rendered":"https:\/\/havamall.vn\/?post_type=product&#038;p=23561"},"modified":"2022-06-02T16:39:37","modified_gmt":"2022-06-02T09:39:37","slug":"tuong-miso-huu-co-probios-300g-organic-whole-rrice-miso","status":"publish","type":"product","link":"https:\/\/havamall.vn\/en\/shop\/tuong-miso-huu-co-probios-300g-organic-whole-rrice-miso\/","title":{"rendered":"T\u01b0\u01a1ng Miso H\u1eefu C\u01a1 Probios 300g &#8211; Organic Whole Rrice Miso"},"content":{"rendered":"<h3><strong>TH\u00d4NG TIN S\u1ea2N PH\u1ea8M<\/strong><\/h3>\n<table>\n<tbody>\n<tr>\n<td>Th\u01b0\u01a1ng hi\u1ec7u<\/td>\n<td>ProBios<\/td>\n<\/tr>\n<tr>\n<td>Xu\u1ea5t x\u1ee9<\/td>\n<td>\u00dd<\/td>\n<\/tr>\n<tr>\n<td>Th\u00e0nh ph\u1ea7n<\/td>\n<td>\u0110\u1eadu n\u00e0nh, g\u1ea1o l\u1ee9t, mu\u1ed1i, n\u01b0\u1edbc, koji<\/td>\n<\/tr>\n<tr>\n<td>H\u1ea1n s\u1eed d\u1ee5ng<\/td>\n<td>24 th\u00e1ng k\u1ec3 t\u1eeb ng\u00e0y s\u1ea3n xu\u1ea5t.<\/td>\n<\/tr>\n<tr>\n<td>B\u1ea3o qu\u1ea3n<\/td>\n<td>\u0110\u1ec3 n\u01a1i kh\u00f4 r\u00e1o, tho\u00e1ng m\u00e1t, tr\u00e1nh \u00e1nh n\u1eafng tr\u1ef1c ti\u1ebfp<\/td>\n<\/tr>\n<tr>\n<td>Kh\u1ed1i l\u01b0\u1ee3ng<\/td>\n<td>300g<\/td>\n<\/tr>\n<\/tbody>\n<\/table>\n<p>ProBios \u0111\u01b0\u1ee3c th\u00e0nh l\u1eadp t\u1eeb n\u0103m 1978 t\u1ea1i Florence \u2013 \u00dd. ProBios. B\u1eb1ng vi\u1ec7c s\u1ea3n xu\u1ea5t th\u1ef1c ph\u1ea9m h\u1eefu c\u01a1, ProBios \u0111\u00e3 l\u1ef1a ch\u1ecdn c\u1ea9n th\u1eadn c\u00e1c ph\u01b0\u01a1ng ph\u00e1p tr\u1ed3ng tr\u1ecdt c\u1ee7a nguy\u00ean li\u1ec7u th\u00f4 t\u00f4n tr\u1ecdng con ng\u01b0\u1eddi v\u00e0 thi\u00ean nhi\u00ean, kh\u00f4ng ch\u1ea5p nh\u1eadn s\u1eed d\u1ee5ng thu\u1ed1c di\u1ec7t c\u1ecf, thu\u1ed1c di\u1ec7t k\u00fd sinh tr\u00f9ng, ph\u00e2n b\u00f3n h\u00f3a h\u1ecdc v\u00e0 t\u1ed5ng h\u1ee3p v\u00e0 c\u00e1c sinh v\u1eadt bi\u1ebfn \u0111\u1ed5i gen g\u00e2y \u00f4 nhi\u1ec5m tr\u00e1i \u0111\u1ea5t, n\u01b0\u1edbc v\u00e0 kh\u00f4ng kh\u00ed c\u1ee7a ch\u00fang ta.<\/p>\n<p>Probios, c\u00f4ng ty h\u00e0ng \u0111\u1ea7u c\u1ee7a \u00dd trong l\u0129nh v\u1ef1c ph\u00e2n ph\u1ed1i th\u1ef1c ph\u1ea9m h\u1eefu c\u01a1, v\u1edbi kinh nghi\u1ec7m 40 n\u0103m, cung c\u1ea5p m\u1ed9t lo\u1ea1t c\u00e1c s\u1ea3n ph\u1ea9m \u0111\u1ed9c quy\u1ec1n, k\u1ebft h\u1ee3p vi\u1ec7c nghi\u00ean c\u1ee9u v\u00e0 l\u1ef1a ch\u1ecdn c\u00e1c nguy\u00ean li\u1ec7u h\u1eefu c\u01a1 \u0111\u1ec3 t\u1ea1o ra c\u00e1c c\u00f4ng th\u1ee9c n\u1ea5u \u0103n c\u00e2n b\u1eb1ng, nh\u1eb1m mang \u0111\u1ebfn cho ng\u01b0\u1eddi ti\u00eau d\u00f9ng nh\u1eefng s\u1ea3n ph\u1ea9m l\u00e0nh m\u1ea1nh v\u00e0 ngon nh\u1ea5t.<\/p>\n<p><img fetchpriority=\"high\" decoding=\"async\" class=\"wp-image-23563 aligncenter\" src=\"https:\/\/havamall.vn\/wp-content\/uploads\/2021\/11\/244047464_4396-300x300.png\" alt=\"\" width=\"734\" height=\"734\" srcset=\"https:\/\/havamall.vn\/wp-content\/uploads\/2021\/11\/244047464_4396-300x300.png 300w, https:\/\/havamall.vn\/wp-content\/uploads\/2021\/11\/244047464_4396-430x430.png 430w, https:\/\/havamall.vn\/wp-content\/uploads\/2021\/11\/244047464_4396-150x150.png 150w, https:\/\/havamall.vn\/wp-content\/uploads\/2021\/11\/244047464_4396-700x700.png 700w, https:\/\/havamall.vn\/wp-content\/uploads\/2021\/11\/244047464_4396-768x768.png 768w, https:\/\/havamall.vn\/wp-content\/uploads\/2021\/11\/244047464_4396-1024x1024.png 1024w, https:\/\/havamall.vn\/wp-content\/uploads\/2021\/11\/244047464_4396-600x600.png 600w, https:\/\/havamall.vn\/wp-content\/uploads\/2021\/11\/244047464_4396-100x100.png 100w, https:\/\/havamall.vn\/wp-content\/uploads\/2021\/11\/244047464_4396.png 1080w\" sizes=\"(max-width: 734px) 100vw, 734px\" \/><\/p>\n<p><span class=\"Y2IQFc\" lang=\"vi\">T\u01b0\u01a1ng Miso l\u00e0 m\u1ed9t lo\u1ea1i th\u1ef1c ph\u1ea9m l\u00ean men thu\u1ea7n chay ch\u00ednh th\u1ed1ng \u0111\u00e3 \u0111\u01b0\u1ee3c s\u1ea3n xu\u1ea5t \u1edf Nh\u1eadt B\u1ea3n t\u1eeb th\u1ebf k\u1ef7 th\u1ee9 8, h\u01a1n 1.000 t\u1ea5n \u0111\u01b0\u1ee3c ti\u00eau th\u1ee5 \u1edf \u0111\u00f3 h\u00e0ng ng\u00e0y trong nhi\u1ec1u m\u00f3n \u0103n v\u00e0 s\u00fap. Do nhu c\u1ea7u cao \u0111\u1ed1i v\u1edbi Clearspring miso, ch\u00fang t\u00f4i k\u00fd h\u1ee3p \u0111\u1ed3ng s\u1ea3n xu\u1ea5t miso h\u1eefu c\u01a1 t\u1ea1i m\u1ed9t s\u1ed1 nh\u00e0 s\u1ea3n xu\u1ea5t \u1edf c\u00e1c v\u00f9ng kh\u00e1c nhau \u1edf Nh\u1eadt B\u1ea3n.<\/span><\/p>\n<p><span class=\"Y2IQFc\" lang=\"vi\">Tuy nhi\u00ean, th\u1ec9nh tho\u1ea3ng miso c\u00f3 th\u1ec3 ti\u1ebfp t\u1ee5c l\u00ean men t\u1ef1 nhi\u00ean trong b\u00ecnh v\u00e0 k\u1ebft qu\u1ea3 l\u00e0 m\u00e0u c\u1ee7a miso s\u1ebd \u0111\u1eadm d\u1ea7n theo th\u1eddi gian. \u0110\u1ec3 l\u00e0m ch\u1eadm qu\u00e1 tr\u00ecnh l\u00ean men n\u00e0y, ch\u1ec9 c\u1ea7n gi\u1eef s\u1ea3n ph\u1ea9m trong t\u1ee7 l\u1ea1nh.<\/span><\/p>\n<p><img decoding=\"async\" class=\"wp-image-23564 aligncenter\" src=\"https:\/\/havamall.vn\/wp-content\/uploads\/2021\/11\/Daikonoroshi-300x200.png\" alt=\"\" width=\"734\" height=\"490\" srcset=\"https:\/\/havamall.vn\/wp-content\/uploads\/2021\/11\/Daikonoroshi-300x200.png 300w, https:\/\/havamall.vn\/wp-content\/uploads\/2021\/11\/Daikonoroshi-430x287.png 430w, https:\/\/havamall.vn\/wp-content\/uploads\/2021\/11\/Daikonoroshi-150x100.png 150w, https:\/\/havamall.vn\/wp-content\/uploads\/2021\/11\/Daikonoroshi-700x467.png 700w, https:\/\/havamall.vn\/wp-content\/uploads\/2021\/11\/Daikonoroshi-768x512.png 768w, https:\/\/havamall.vn\/wp-content\/uploads\/2021\/11\/Daikonoroshi-1024x683.png 1024w, https:\/\/havamall.vn\/wp-content\/uploads\/2021\/11\/Daikonoroshi-1200x800.png 1200w, https:\/\/havamall.vn\/wp-content\/uploads\/2021\/11\/Daikonoroshi-600x400.png 600w, https:\/\/havamall.vn\/wp-content\/uploads\/2021\/11\/Daikonoroshi.png 1600w\" sizes=\"(max-width: 734px) 100vw, 734px\" \/><\/p>\n<p>M\u1ed9t b\u00e1t s\u00fap miso m\u1ed7i ng\u00e0y s\u1ebd gi\u00fap cho b\u1ea1n c\u00f3 m\u1ed9t th\u1ec3 tr\u1ea1ng l\u00e0nh m\u1ea1nh nh\u1ea5t c\u00f3 th\u1ec3. V\u1edbi nh\u1eefng ng\u01b0\u1eddi \u0103n chay l\u00e2u ng\u00e0y, ngu\u1ed3n \u0111\u1ea1m ch\u00ednh \u0111\u1ebfn t\u1eeb c\u00e1c lo\u1ea1i \u0111\u1eadu, trong \u0111\u00f3 b\u1ed5 d\u01b0\u1ee1ng nh\u1ea5t l\u00e0 \u0111\u1eadu t\u01b0\u01a1ng. Miso ch\u00ednh l\u00e0 lo\u1ea1i t\u01b0\u01a1ng \u0111\u1eb7c, \u0111\u01b0\u1ee3c l\u00e0m t\u1eeb \u0111\u1eadu t\u01b0\u01a1ng , ng\u0169 c\u1ed1c nh\u01b0 g\u1ea1o hay l\u00faa m\u1ea1ch l\u00ean men v\u1edbi m\u1ed1c koji. \u0110\u00e2y ch\u00ednh l\u00e0 lo\u1ea1i gia v\u1ecb l\u00e0nh m\u1ea1nh v\u00e0 b\u1ed5 d\u01b0\u1ee1ng nh\u1ea5t.<\/p>\n<p><span class=\"Y2IQFc\" lang=\"vi\">T\u01b0\u01a1ng Miso Probios \u0111\u01b0\u1ee3c kh\u1eed tr\u00f9ng v\u00e0 \u0111\u01b0\u1ee3c ch\u1ee9ng nh\u1eadn h\u1eefu c\u01a1, kh\u00f4ng ch\u1ee9a \u0111\u01b0\u1eddng, ch\u1ea5t b\u1ea3o qu\u1ea3n. \u0110\u01b0\u1ee3c s\u1ea3n xu\u1ea5t tr\u00ean gi\u00e2y chuy\u1ec1n hi\u1ec7n \u0111\u1ea1i kh\u00e9p k\u00edn, \u0111\u1ea3m b\u1ea3o tuy\u1ec7t \u0111\u1ed1i an to\u00e0n v\u1edbi s\u1ee9c kh\u1ecfe ng\u01b0\u1eddi ti\u00eau d\u00f9ng.<\/span><\/p>\n<p dir=\"ltr\"><img decoding=\"async\" class=\"wp-image-23565 aligncenter\" src=\"https:\/\/havamall.vn\/wp-content\/uploads\/2021\/11\/Miso-Tahini-Sq-300x225.png\" alt=\"\" width=\"737\" height=\"554\" srcset=\"https:\/\/havamall.vn\/wp-content\/uploads\/2021\/11\/Miso-Tahini-Sq-300x225.png 300w, https:\/\/havamall.vn\/wp-content\/uploads\/2021\/11\/Miso-Tahini-Sq-430x323.png 430w, https:\/\/havamall.vn\/wp-content\/uploads\/2021\/11\/Miso-Tahini-Sq-150x113.png 150w, https:\/\/havamall.vn\/wp-content\/uploads\/2021\/11\/Miso-Tahini-Sq-700x525.png 700w, https:\/\/havamall.vn\/wp-content\/uploads\/2021\/11\/Miso-Tahini-Sq-768x576.png 768w, https:\/\/havamall.vn\/wp-content\/uploads\/2021\/11\/Miso-Tahini-Sq-1024x768.png 1024w, https:\/\/havamall.vn\/wp-content\/uploads\/2021\/11\/Miso-Tahini-Sq-1200x900.png 1200w, https:\/\/havamall.vn\/wp-content\/uploads\/2021\/11\/Miso-Tahini-Sq-600x450.png 600w, https:\/\/havamall.vn\/wp-content\/uploads\/2021\/11\/Miso-Tahini-Sq.png 1724w\" sizes=\"(max-width: 737px) 100vw, 737px\" \/><\/p>\n<p>Ngo\u00e0i ra miso c\u0169ng c\u00f3 t\u00e1c d\u1ee5ng r\u1ea5t t\u1ed1t v\u1edbi b\u1ec7nh gan, c\u00e1c ch\u1ee9ng thi\u1ebfu m\u00e1u, suy nh\u01b0\u1ee3c c\u01a1 th\u1ec3. B\u1eb1ng quan s\u00e1t tr\u1ef1c quan, ta c\u00f3 th\u1ec3 th\u1ea5y b\u00e1nh miso c\u00f3 h\u00ecnh d\u1ea1ng v\u00e0 m\u00e0u s\u1eafc r\u1ea5t t\u01b0\u01a1ng \u0111\u1ed3ng v\u1edbi l\u00e1 gan. S\u1ef1 tr\u00f9ng h\u1ee3p n\u00e0y c\u0169ng c\u00f3 th\u1ec3 l\u00e0 m\u00ecnh ch\u1ee9ng cho nh\u1eefng t\u00e1c d\u1ee5ng tuy\u1ec7t v\u1eddi m\u00e0 miso \u0111em l\u1ea1i. L\u00e1 gan h\u1eb1ng ng\u00e0y ph\u1ea3i ti\u1ebfp x\u00fac v\u00e0 x\u1eed l\u00ed v\u00f4 v\u00e0n c\u00e1c h\u00f3a ch\u1ea5t \u0111\u1ed9c h\u1ea1i khi\u1ebfn n\u00f3 s\u1edbm b\u1ecb qu\u00e1 t\u1ea3i. C\u00e1c bi\u1ec3u hi\u1ec7n tr\u00ean da (m\u1ea9n, ng\u1ee9a, da nh\u1eddn\u2026) c\u0169ng nh\u01b0 v\u1ec1 ti\u00eau h\u00f3a c\u00f3 th\u1ec3 n\u00f3i l\u00ean ph\u1ea7n n\u00e0o t\u00ecnh tr\u1ea1ng n\u00e0y. Miso c\u00f3 t\u00e1c d\u1ee5ng trung h\u00f2a c\u00e1c h\u00f3a ch\u1ea5t \u0111\u1ed9c h\u1ea1i trong gan, nh\u01b0 l\u00e0 l\u00e0 t\u1eeb r\u01b0\u1ee3u, thu\u1ed1c l\u00e1, kh\u00f3i b\u1ee5i \u00f4 nhi\u1ec5m, ph\u00f3ng x\u1ea1.<\/p>\n<p><img loading=\"lazy\" decoding=\"async\" class=\"wp-image-23566 aligncenter\" src=\"https:\/\/havamall.vn\/wp-content\/uploads\/2021\/11\/best-miso--227x300.png\" alt=\"\" width=\"745\" height=\"985\" srcset=\"https:\/\/havamall.vn\/wp-content\/uploads\/2021\/11\/best-miso--227x300.png 227w, https:\/\/havamall.vn\/wp-content\/uploads\/2021\/11\/best-miso--430x568.png 430w, https:\/\/havamall.vn\/wp-content\/uploads\/2021\/11\/best-miso--150x198.png 150w, https:\/\/havamall.vn\/wp-content\/uploads\/2021\/11\/best-miso--768x1014.png 768w, https:\/\/havamall.vn\/wp-content\/uploads\/2021\/11\/best-miso--600x792.png 600w\" sizes=\"(max-width: 745px) 100vw, 745px\" \/><\/p>\n<h3><strong>H\u01b0\u1edbng d\u1eabn s\u1eed d\u1ee5ng:<\/strong><\/h3>\n<p>D\u00f9ng n\u1ea5u sup Miso, n\u1ea5u canh, x\u00e0o, m\u00ec udon, ramen, c\u00e1c m\u00f3n \u0103n Nh\u1eadt ho\u1eb7c c\u00f3 th\u1ec3 d\u00f9ng l\u00e0m s\u1ed1t, c\u00e1c m\u00f3n kho,&#8230;<\/p>\n<p>S\u1ea3n ph\u1ea9m hi\u1ec7n \u0111\u00e3 c\u00f3 m\u1eb7t t\u1ea1i Havamall<\/p>","protected":false},"excerpt":{"rendered":"<p>TH\u00d4NG TIN S\u1ea2N PH\u1ea8M Th\u01b0\u01a1ng hi\u1ec7u ProBios Xu\u1ea5t x\u1ee9 \u00dd Th\u00e0nh ph\u1ea7n \u0110\u1eadu n\u00e0nh, g\u1ea1o l\u1ee9t, mu\u1ed1i, n\u01b0\u1edbc, koji H\u1ea1n<\/p>","protected":false},"featured_media":23567,"comment_status":"open","ping_status":"closed","template":"","meta":[],"product_brand":[],"product_cat":[256,36],"product_tag":[],"class_list":{"0":"post-23561","1":"product","2":"type-product","3":"status-publish","4":"has-post-thumbnail","6":"product_cat-thuc-pham-huu-co","7":"product_cat-thuc-pham-tieu-dung","8":"pa_brand-probios","10":"first","11":"instock","12":"sale","13":"shipping-taxable","14":"purchasable","15":"product-type-simple"},"_links":{"self":[{"href":"https:\/\/havamall.vn\/en\/wp-json\/wp\/v2\/product\/23561"}],"collection":[{"href":"https:\/\/havamall.vn\/en\/wp-json\/wp\/v2\/product"}],"about":[{"href":"https:\/\/havamall.vn\/en\/wp-json\/wp\/v2\/types\/product"}],"replies":[{"embeddable":true,"href":"https:\/\/havamall.vn\/en\/wp-json\/wp\/v2\/comments?post=23561"}],"version-history":[{"count":0,"href":"https:\/\/havamall.vn\/en\/wp-json\/wp\/v2\/product\/23561\/revisions"}],"wp:featuredmedia":[{"embeddable":true,"href":"https:\/\/havamall.vn\/en\/wp-json\/wp\/v2\/media\/23567"}],"wp:attachment":[{"href":"https:\/\/havamall.vn\/en\/wp-json\/wp\/v2\/media?parent=23561"}],"wp:term":[{"taxonomy":"product_brand","embeddable":true,"href":"https:\/\/havamall.vn\/en\/wp-json\/wp\/v2\/product_brand?post=23561"},{"taxonomy":"product_cat","embeddable":true,"href":"https:\/\/havamall.vn\/en\/wp-json\/wp\/v2\/product_cat?post=23561"},{"taxonomy":"product_tag","embeddable":true,"href":"https:\/\/havamall.vn\/en\/wp-json\/wp\/v2\/product_tag?post=23561"}],"curies":[{"name":"wp","href":"https:\/\/api.w.org\/{rel}","templated":true}]}}