{"id":23556,"date":"2021-11-16T14:49:07","date_gmt":"2021-11-16T07:49:07","guid":{"rendered":"https:\/\/havamall.vn\/?post_type=product&#038;p=23556"},"modified":"2022-11-02T11:16:36","modified_gmt":"2022-11-02T04:16:36","slug":"keo-mach-nha-xi-muoi-dai-loan-sheng-tian-300g-malt-candy-plum-taiwan-shentian","status":"publish","type":"product","link":"https:\/\/havamall.vn\/en\/shop\/keo-mach-nha-xi-muoi-dai-loan-sheng-tian-300g-malt-candy-plum-taiwan-shentian\/","title":{"rendered":"K\u1eb9o M\u1ea1ch Nha X\u00ed Mu\u1ed9i \u0110\u00e0i Loan Sheng Tian 300g\u2013 Malt Candy Plum Taiwan Shentian"},"content":{"rendered":"<h3><strong>Th\u00f4ng tin s\u1ea3n ph\u1ea9m<\/strong><\/h3>\n<table style=\"height: 237px;\" width=\"644\">\n<tbody>\n<tr>\n<td>Th\u01b0\u01a1ng hi\u1ec7u<\/td>\n<td>Sheng Tian<\/td>\n<\/tr>\n<tr>\n<td>Xu\u1ea5t x\u1ee9<\/td>\n<td>\u0110\u00e0i Loan<\/td>\n<\/tr>\n<tr>\n<td>Th\u00e0nh ph\u1ea7n<\/td>\n<td>X\u00ed mu\u1ed9i , m\u1ea1ch nha, \u0111\u01b0\u1eddng tinh luy\u1ec7n, mu\u1ed1i<\/td>\n<\/tr>\n<tr>\n<td>H\u1ea1n s\u1eed d\u1ee5ng<\/td>\n<td>12 th\u00e1ng k\u1ec3 t\u1eeb ng\u00e0y s\u1ea3n xu\u1ea5t<\/td>\n<\/tr>\n<tr>\n<td>C\u00e1ch s\u1eed d\u1ee5ng<\/td>\n<td>\u0102n tr\u1ef1c ti\u1ebfp sau khi m\u1edf bao b\u00ec<\/td>\n<\/tr>\n<tr>\n<td>\u00a0B\u1ea3o qu\u1ea3n<\/td>\n<td>B\u1ea3o qu\u1ea3n n\u01a1i kh\u00f4 r\u00e1o, tho\u00e1ng m\u00e1t<\/td>\n<\/tr>\n<tr>\n<td>Kh\u1ed1i l\u01b0\u1ee3ng t\u1ecbnh<\/td>\n<td>300gram<\/td>\n<\/tr>\n<\/tbody>\n<\/table>\n<p>S\u1ea3n ph\u1ea9m \u0111\u01b0\u1ee3c nh\u1eadp kh\u1ea9u tr\u1ef1c ti\u1ebfp t\u1eeb \u0110\u00e0i Loan. Lo\u1ea1i k\u1eb9o n\u00e0y n\u1ed5i ti\u1ebfng x\u1ee9 \u0110\u00e0i, tu\u1ed5i th\u01a1 ch\u1eafc ch\u1eafn ai c\u0169ng \u0111\u00e3 t\u1eebng nghi\u1ec7n qua. Nay k\u1ebft h\u1ee3p th\u00eam h\u01b0\u01a1ng m\u1edbi c\u1ef1c k\u00ec trend \u0111\u00f3 l\u00e0 \u201c\u0111\u01b0\u1eddng \u0111en\u201d, tr\u1ea3i nghi\u1ec7m v\u00f4 c\u00f9ng th\u00fa v\u1ecb.<\/p>\n<p>S\u1ea3n ph\u1ea9m \u0111\u01b0\u1ee3c s\u1ea3n xu\u1ea5t theo quy tr\u00ecnh kh\u00e9p k\u00edn, \u0111\u1ea3m b\u1ea3o an to\u00e0n cho s\u1ee9c kh\u1ecfe.<\/p>\n<p><img fetchpriority=\"high\" decoding=\"async\" class=\"wp-image-17648 aligncenter\" src=\"https:\/\/havamall.vn\/wp-content\/uploads\/2020\/12\/havamall-300x166.png\" alt=\"\" width=\"677\" height=\"375\" srcset=\"https:\/\/havamall.vn\/wp-content\/uploads\/2020\/12\/havamall-300x166.png 300w, https:\/\/havamall.vn\/wp-content\/uploads\/2020\/12\/havamall-430x238.png 430w, https:\/\/havamall.vn\/wp-content\/uploads\/2020\/12\/havamall-150x83.png 150w, https:\/\/havamall.vn\/wp-content\/uploads\/2020\/12\/havamall-700x388.png 700w, https:\/\/havamall.vn\/wp-content\/uploads\/2020\/12\/havamall-768x426.png 768w, https:\/\/havamall.vn\/wp-content\/uploads\/2020\/12\/havamall-600x333.png 600w, https:\/\/havamall.vn\/wp-content\/uploads\/2020\/12\/havamall.png 970w\" sizes=\"(max-width: 677px) 100vw, 677px\" \/><\/p>\n<p>K\u1eb9o M\u1ea1ch Nha X\u00ed Mu\u1ed9i \u0111\u1ebfn t\u1eeb \u0110\u00e0i Loan v\u1edbi v\u1ecb chua chua c\u1ee7a x\u00ed mu\u1ed9i nguy\u00ean h\u1ea1t, th\u01a1m ng\u1ecdt t\u1eeb \u0111\u01b0\u1eddng m\u1ea1ch nha, \u0111\u01b0\u1eddng n\u00e2u v\u00f4 c\u00f9ng h\u1ea5p d\u1eabn. Khi th\u01b0\u1edfng th\u1ee9c ch\u00fang ta s\u1ebd c\u1ea3m nh\u1eadn s\u1ef1 h\u00f2a quy\u1ec7n \u0111\u1ed9c \u0111\u00e1o gi\u1eefa v\u1ecb ng\u1ecdt c\u1ee7a m\u1ea1ch nha v\u00e0 chua thu\u1ea7n c\u1ee7a x\u00ed mu\u1ed9i c\u00f9ng m\u1ed9t \u00edt v\u1ecb m\u1eb7n kh\u00f4ng g\u00e2y c\u1ea3m gi\u00e1c ng\u1ea5y.<\/p>\n<p><img decoding=\"async\" class=\"aligncenter\" src=\"https:\/\/havamall.vn\/wp-content\/uploads\/2020\/12\/Li_Hing_Mui_Drops_FB_Image_2_large.jpg\" alt=\"The 10 Best Asian Candies You Need to Try\" width=\"657\" height=\"344\" \/><\/p>\n<p>K\u1eb9o m\u1ea1ch nha th\u01a1m ngon b\u1ecdc x\u00ed mu\u1ed9i nguy\u00ean h\u1ea1t chua chua m\u1eb7n m\u1eb7n c\u1ef1c \u0111\u00e3, m\u1ed9t trong s\u1ed1 nh\u1eefng s\u1ea3n ph\u1ea9m \u0111\u01b0\u1ee3c \u01b0a chu\u1ed9ng \u1edf Taiwan b\u1edfi \u0111\u1ed9 ngon kh\u00f4ng n\u01a1i n\u00e0o s\u00e1nh \u0111\u01b0\u1ee3c.<br \/>\nS\u1ea3n ph\u1ea9m ch\u1ea5t l\u01b0\u1ee3ng m\u1ea1ch nha th\u01a1m ng\u1ecdt ng\u00e0o d\u1ecbu nh\u1eb9 \u0103n v\u00e0o l\u00e0 tr\u1ebb em ng\u01b0\u1eddi l\u1edbn \u0111\u1ec1u th\u00edch th\u00fa ngay t\u1eeb l\u1ea7n th\u01b0\u1edfng th\u1ee9c \u0111\u1ea7u ti\u00ean .<\/p>\n<p><img decoding=\"async\" class=\"wp-image-17639 aligncenter\" src=\"https:\/\/havamall.vn\/wp-content\/uploads\/2020\/12\/mach-nha-la-gi-dung-nhu-the-nao-tot-cho-suc-khoe-khong-5-300x225.jpg\" alt=\"\" width=\"661\" height=\"495\" srcset=\"https:\/\/havamall.vn\/wp-content\/uploads\/2020\/12\/mach-nha-la-gi-dung-nhu-the-nao-tot-cho-suc-khoe-khong-5-300x225.jpg 300w, https:\/\/havamall.vn\/wp-content\/uploads\/2020\/12\/mach-nha-la-gi-dung-nhu-the-nao-tot-cho-suc-khoe-khong-5-430x323.jpg 430w, https:\/\/havamall.vn\/wp-content\/uploads\/2020\/12\/mach-nha-la-gi-dung-nhu-the-nao-tot-cho-suc-khoe-khong-5-150x113.jpg 150w, https:\/\/havamall.vn\/wp-content\/uploads\/2020\/12\/mach-nha-la-gi-dung-nhu-the-nao-tot-cho-suc-khoe-khong-5-700x525.jpg 700w, https:\/\/havamall.vn\/wp-content\/uploads\/2020\/12\/mach-nha-la-gi-dung-nhu-the-nao-tot-cho-suc-khoe-khong-5-600x450.jpg 600w, https:\/\/havamall.vn\/wp-content\/uploads\/2020\/12\/mach-nha-la-gi-dung-nhu-the-nao-tot-cho-suc-khoe-khong-5.jpg 730w\" sizes=\"(max-width: 661px) 100vw, 661px\" \/><\/p>\n<p>Ngo\u00e0i ra c\u00f2n c\u00f3 x\u00ed mu\u1ed9i \u0111\u01b0\u1ee3c l\u00e0m t\u1eeb qu\u1ea3 m\u1eadn \u0111\u1ecf nguy\u00ean ch\u1ea5t chua chua ng\u1ecdt ng\u1ecdt kh\u00f3 c\u01b0\u1ee1ng. C\u00f4ng d\u1ee5ng c\u1ee7a x\u00ed mu\u1ed9i: Theo y h\u1ecdc c\u1ed5 truy\u1ec1n, xi\u0301 mu\u00f4\u0323i c\u00f3 t\u00ednh m\u00e1t, gi\u1ea3m ho, xi\u0301 mu\u00f4\u0323i \u0111\u01b0\u1ee3c d\u00f9ng l\u00e0m thu\u1ed1c gi\u1ea3m ho, ch\u1ed1ng kh\u00f4 h\u1ecdng, vi\u00eam h\u1ecdng, kh\u1ea3n ti\u1ebfng\u2026<\/p>\n<p><img loading=\"lazy\" decoding=\"async\" class=\"aligncenter\" src=\"https:\/\/havamall.vn\/wp-content\/uploads\/2020\/12\/256ea0c60be9249a75444d98b36fe58f.jpg_720x720q80.jpg_.webp\" alt=\"\u2b501Kg Xi Mu\u00f4i M\u0103n: Mua b\u00e1n tr\u1ef1c tuy\u1ebfn Th\u1ef1c Ph\u1ea9m S\u1ea5y Kh\u00f4 v\u1edbi gi\u00e1 r\u1ebb | Lazada.vn\" width=\"648\" height=\"654\" \/><\/p>\n<p>Hi\u1ec7n nh\u00e0 Havamall c\u00f3 2 v\u1ecb \u0111\u1ec3 b\u1ea1n d\u1ec5 d\u00e0ng l\u1ef1a ch\u1ecdn h\u01b0\u01a1ng v\u1ecb m\u00ecnh y\u00eau th\u00edch: K\u1eb9o m\u1ea1ch nha \u0111\u01b0\u1eddng \u0111en t\u1ea1o s\u1ef1 m\u1edbi m\u1ebb, th\u00edch h\u1ee3p nh\u1ea5t khi k\u1ebft h\u1ee3p nh\u00e2m nhi v\u1edbi m\u1ed9t t\u00e1ch tr\u00e0 \u0111en.<\/p>\n<p><img loading=\"lazy\" decoding=\"async\" class=\"aligncenter\" src=\"https:\/\/havamall.vn\/wp-content\/uploads\/2020\/12\/4489.jpg\" alt=\"Caramelized Sugar Li Hing Mui Candy 8 oz\" width=\"645\" height=\"646\" \/><\/p>\n<p>K\u1eb9o m\u1ea1ch nha \u0111\u01b0\u1eddng v\u00e0ng \u00f3ng \u00e1nh ngon h\u01a1n khi k\u1ebft h\u1ee3p v\u1edbi tr\u00e0 \u00f4 long \u0111\u1ec3 c\u1ea3m nh\u1eadn r\u00f5 h\u01a1n h\u01b0\u01a1ng v\u1ecb th\u01a1m ngon c\u1ee7a k\u1eb9o<\/p>\n<p><img loading=\"lazy\" decoding=\"async\" class=\"aligncenter\" src=\"https:\/\/havamall.vn\/wp-content\/uploads\/2020\/12\/f7jl5qxcy7nz.jpg\" alt=\"Have you ever eat Li Hing Mui Candy? : candy\" width=\"641\" height=\"643\" \/><\/p>\n<h3><strong>\u0110\u1eb7c \u0111i\u1ec3m n\u1ed5i b\u1eadt:<\/strong><\/h3>\n<p>&#8211; K\u1eb9o l\u00e0 m\u1ed9t s\u1ea3n ph\u1ea9m \u0111\u01b0\u1ee3c s\u1ea3n xu\u1ea5t theo c\u00f4ng ngh\u1ec7 ti\u00ean ti\u1ebfn c\u1ee7a \u0110\u00e0i Loan, kh\u00f4ng ch\u1ee9a c\u00e1c ph\u1ea9m m\u00e0u v\u00e0 ch\u1ea5t b\u1ea3o qu\u1ea3n \u0111\u1ed9c h\u1ea1i.<\/p>\n<p>&#8211; K\u1eb9o c\u00f3 h\u01b0\u01a1ng v\u1ecb chua chua ng\u1ecdt ng\u1ecdt, th\u01a1m ngon \u0111\u1ed9c \u0111\u00e1o, th\u00fa v\u1ecb khi th\u01b0\u1edfng th\u1ee9c.<\/p>\n<p>&#8211; S\u1ea3n ph\u1ea9m \u0111\u01b0\u1ee3c \u0111\u00f3ng g\u00f3i trong bao b\u00ec nh\u1ecf g\u1ecdn, ti\u1ec7n d\u1ee5ng, thu\u1eadn l\u1ee3i cho vi\u1ec7c b\u1ea3o qu\u1ea3n ho\u1eb7c mang \u0111i b\u1ea5t c\u1ee9 \u0111\u00e2u.<\/p>\n<p>&#8211; S\u1ea3n ph\u1ea9m th\u00edch h\u1ee3p \u0111\u1ec3 c\u00f9ng th\u01b0\u1edfng th\u1ee9c v\u1edbi b\u1ea1n b\u00e8, ng\u01b0\u1eddi th\u00e2n trong c\u00e1c chuy\u1ebfn d\u00e3 ngo\u1ea1i, d\u1ecbp l\u1ec5,\u2026<\/p>\n<p><img loading=\"lazy\" decoding=\"async\" class=\"wp-image-17649 aligncenter\" src=\"https:\/\/havamall.vn\/wp-content\/uploads\/2020\/12\/16-300x300.jpg\" alt=\"\" width=\"604\" height=\"604\" srcset=\"https:\/\/havamall.vn\/wp-content\/uploads\/2020\/12\/16-300x300.jpg 300w, https:\/\/havamall.vn\/wp-content\/uploads\/2020\/12\/16-430x430.jpg 430w, https:\/\/havamall.vn\/wp-content\/uploads\/2020\/12\/16-150x150.jpg 150w, https:\/\/havamall.vn\/wp-content\/uploads\/2020\/12\/16-100x100.jpg 100w, https:\/\/havamall.vn\/wp-content\/uploads\/2020\/12\/16.jpg 580w\" sizes=\"(max-width: 604px) 100vw, 604px\" \/><\/p>\n<h3><strong>C\u00e1ch s\u1eed d\u1ee5ng:<\/strong><\/h3>\n<p>-C\u00f3 th\u1ec3 th\u01b0\u1edfng th\u1ee9c khi nh\u00e2m nhi m\u1ed9t t\u00e1ch tr\u00e0 \u0111\u1ec3 c\u1ea3m nh\u1eadn r\u00f5 h\u01a1n v\u1ecb th\u01a1m ngon c\u1ee7a k\u1eb9o<\/p>\n<p>-L\u00e0m qu\u00e0 t\u1eb7ng cho ng\u01b0\u1eddi th\u00e2n b\u1ea1n b\u00e8<\/p>\n<p>-S\u1eed d\u1ee5ng trong c\u00e1c bu\u1ed5i l\u1ec5, li\u00ean hoan, t\u1ee5 t\u1eadp b\u1ea1n b\u00e8<\/p>\n<p><img loading=\"lazy\" decoding=\"async\" class=\"wp-image-17650 aligncenter\" src=\"https:\/\/havamall.vn\/wp-content\/uploads\/2020\/12\/14-300x250.jpg\" alt=\"\" width=\"603\" height=\"503\" srcset=\"https:\/\/havamall.vn\/wp-content\/uploads\/2020\/12\/14-300x250.jpg 300w, https:\/\/havamall.vn\/wp-content\/uploads\/2020\/12\/14-430x358.jpg 430w, https:\/\/havamall.vn\/wp-content\/uploads\/2020\/12\/14-150x125.jpg 150w, https:\/\/havamall.vn\/wp-content\/uploads\/2020\/12\/14-700x583.jpg 700w, https:\/\/havamall.vn\/wp-content\/uploads\/2020\/12\/14-600x500.jpg 600w, https:\/\/havamall.vn\/wp-content\/uploads\/2020\/12\/14.jpg 767w\" sizes=\"(max-width: 603px) 100vw, 603px\" \/><\/p>\n<p>S\u1ea3n ph\u1ea9m \u0111\u01b0\u1ee3c nh\u1eadp kh\u1ea9u tr\u1ef1c ti\u1ebfp t\u1eeb \u0110\u00e0i Loan v\u00e0 ph\u00e2n ph\u1ed1i b\u1edfi Havamall.<\/p>","protected":false},"excerpt":{"rendered":"<p>Th\u00f4ng tin s\u1ea3n ph\u1ea9m Th\u01b0\u01a1ng hi\u1ec7u Sheng Tian Xu\u1ea5t x\u1ee9 \u0110\u00e0i Loan Th\u00e0nh ph\u1ea7n X\u00ed mu\u1ed9i , m\u1ea1ch nha, \u0111\u01b0\u1eddng<\/p>","protected":false},"featured_media":23557,"comment_status":"open","ping_status":"closed","template":"","meta":[],"product_brand":[],"product_cat":[36,133],"product_tag":[],"class_list":{"0":"post-23556","1":"product","2":"type-product","3":"status-publish","4":"has-post-thumbnail","6":"product_cat-thuc-pham-tieu-dung","7":"product_cat-banh-keo-chocolate","8":"pa_brand-shengtian","10":"first","11":"instock","12":"sale","13":"shipping-taxable","14":"purchasable","15":"product-type-variable"},"_links":{"self":[{"href":"https:\/\/havamall.vn\/en\/wp-json\/wp\/v2\/product\/23556"}],"collection":[{"href":"https:\/\/havamall.vn\/en\/wp-json\/wp\/v2\/product"}],"about":[{"href":"https:\/\/havamall.vn\/en\/wp-json\/wp\/v2\/types\/product"}],"replies":[{"embeddable":true,"href":"https:\/\/havamall.vn\/en\/wp-json\/wp\/v2\/comments?post=23556"}],"version-history":[{"count":0,"href":"https:\/\/havamall.vn\/en\/wp-json\/wp\/v2\/product\/23556\/revisions"}],"wp:featuredmedia":[{"embeddable":true,"href":"https:\/\/havamall.vn\/en\/wp-json\/wp\/v2\/media\/23557"}],"wp:attachment":[{"href":"https:\/\/havamall.vn\/en\/wp-json\/wp\/v2\/media?parent=23556"}],"wp:term":[{"taxonomy":"product_brand","embeddable":true,"href":"https:\/\/havamall.vn\/en\/wp-json\/wp\/v2\/product_brand?post=23556"},{"taxonomy":"product_cat","embeddable":true,"href":"https:\/\/havamall.vn\/en\/wp-json\/wp\/v2\/product_cat?post=23556"},{"taxonomy":"product_tag","embeddable":true,"href":"https:\/\/havamall.vn\/en\/wp-json\/wp\/v2\/product_tag?post=23556"}],"curies":[{"name":"wp","href":"https:\/\/api.w.org\/{rel}","templated":true}]}}