{"id":23545,"date":"2021-11-16T13:44:30","date_gmt":"2021-11-16T06:44:30","guid":{"rendered":"https:\/\/havamall.vn\/?post_type=product&#038;p=23545"},"modified":"2022-03-16T11:12:05","modified_gmt":"2022-03-16T04:12:05","slug":"pho-rau-cu-combo-6-loai-600g-y-lan","status":"publish","type":"product","link":"https:\/\/havamall.vn\/en\/shop\/pho-rau-cu-combo-6-loai-600g-y-lan\/","title":{"rendered":"Ph\u1edf Rau C\u1ee7 Combo 6 Lo\u1ea1i 600g Havafood"},"content":{"rendered":"<p>Ph\u1edf rau c\u1ee7 \u0111\u01b0\u1ee3c l\u00e0m t\u1eeb c\u00e1c nguy\u00ean li\u1ec7u t\u1ef1 nhi\u00ean nh\u01b0 tinh b\u1ed9t g\u1ea1o, tinh b\u1ed9t khoai m\u00ec, m\u00e0u t\u1ef1 nhi\u00ean t\u1eeb rau c\u1ee7 qu\u1ea3. Ph\u1edf th\u01b0\u1eddng \u0111\u01b0\u1ee3c s\u1eed d\u1ee5ng trong c\u00e1c m\u00f3n \u0103n \u0111\u1eadm ch\u1ea5t truy\u1ec1n th\u1ed1ng c\u1ee7a ng\u01b0\u1eddi Vi\u1ec7t, \u0111\u1ec3 m\u00f3n \u0103n th\u00eam ph\u1ea7n phong ph\u00fa v\u00e0 th\u01a1m ngon th\u00ec ph\u1edf ng\u0169 s\u1eafc c\u1ee7a l\u00e0 s\u1ef1 l\u1ef1a ch\u1ecdn ho\u00e0n h\u1ea3o cho b\u1ea1n v\u00e0 gia \u0111\u00ecnh.<\/p>\n<p><img fetchpriority=\"high\" decoding=\"async\" class=\"wp-image-23549 aligncenter\" src=\"https:\/\/havamall.vn\/wp-content\/uploads\/2021\/11\/257865044_-300x200.png\" alt=\"\" width=\"632\" height=\"422\" srcset=\"https:\/\/havamall.vn\/wp-content\/uploads\/2021\/11\/257865044_-300x200.png 300w, https:\/\/havamall.vn\/wp-content\/uploads\/2021\/11\/257865044_-430x287.png 430w, https:\/\/havamall.vn\/wp-content\/uploads\/2021\/11\/257865044_-150x100.png 150w, https:\/\/havamall.vn\/wp-content\/uploads\/2021\/11\/257865044_-700x467.png 700w, https:\/\/havamall.vn\/wp-content\/uploads\/2021\/11\/257865044_-768x512.png 768w, https:\/\/havamall.vn\/wp-content\/uploads\/2021\/11\/257865044_-1024x683.png 1024w, https:\/\/havamall.vn\/wp-content\/uploads\/2021\/11\/257865044_-1200x800.png 1200w, https:\/\/havamall.vn\/wp-content\/uploads\/2021\/11\/257865044_-600x400.png 600w, https:\/\/havamall.vn\/wp-content\/uploads\/2021\/11\/257865044_.png 1738w\" sizes=\"(max-width: 632px) 100vw, 632px\" \/><\/p>\n<p>Ph\u1edf rau c\u1ee7 \u0111\u01b0\u1ee3c t\u1eeb b\u1ed9t m\u00ec, b\u1ed9t khoai t\u00e2y, c\u00e0 r\u1ed1t, c\u1ee7 d\u1ec1n, c\u1ea3i b\u00f3 x\u00f4i, mu\u1ed1i \u0103n,.. v\u00e0 \u0111\u01b0\u1ee3c s\u1ea3n xu\u1ea5t tr\u00ean quy tr\u00ecnh hi\u1ec7n \u0111\u1ea1i, \u0111\u1ea1t ti\u00eau chu\u1ea9n v\u1ec7 sinh an to\u00e0n th\u1ef1c ph\u1ea9m, gi\u00e0u gi\u00e1 tr\u1ecb dinh d\u01b0\u1ee1ng. C\u00f4ng th\u1ee9c ch\u1ebf bi\u1ebfn t\u1ed1i \u01b0u gi\u00fap s\u1ee3i ph\u1edf sau khi n\u1ea5u m\u1ec1m dai h\u1ea5p d\u1eabn gi\u00fap c\u00e1c b\u1eefa \u0103n gia \u0111\u00ecnh th\u00eam ngon mi\u1ec7ng.<\/p>\n<p>Ph\u1edf \u0111\u01b0\u1ee3c \u0111\u00f3ng g\u00f3i k\u00edn \u0111\u00e1o, d\u1ec5 b\u1ea3o qu\u1ea3n v\u00e0 gi\u1eef \u0111\u01b0\u1ee3c nguy\u00ean ch\u1ea5t l\u01b0\u1ee3ng b\u00ean trong. M\u00ec d\u1ec5 ch\u1ebf bi\u1ebfn, mang \u0111\u1ebfn cho gia \u0111\u00ecnh b\u1ea1n nh\u1eefng m\u00f3n \u0103n ngon, b\u1ed5 d\u01b0\u1ee1ng.<\/p>\n<p><img decoding=\"async\" class=\"wp-image-23548 aligncenter\" src=\"https:\/\/havamall.vn\/wp-content\/uploads\/2021\/11\/248284308_-300x225.png\" alt=\"\" width=\"638\" height=\"478\" srcset=\"https:\/\/havamall.vn\/wp-content\/uploads\/2021\/11\/248284308_-300x225.png 300w, https:\/\/havamall.vn\/wp-content\/uploads\/2021\/11\/248284308_-430x323.png 430w, https:\/\/havamall.vn\/wp-content\/uploads\/2021\/11\/248284308_-150x113.png 150w, https:\/\/havamall.vn\/wp-content\/uploads\/2021\/11\/248284308_-700x525.png 700w, https:\/\/havamall.vn\/wp-content\/uploads\/2021\/11\/248284308_-768x576.png 768w, https:\/\/havamall.vn\/wp-content\/uploads\/2021\/11\/248284308_-1024x768.png 1024w, https:\/\/havamall.vn\/wp-content\/uploads\/2021\/11\/248284308_-1200x900.png 1200w, https:\/\/havamall.vn\/wp-content\/uploads\/2021\/11\/248284308_-600x450.png 600w, https:\/\/havamall.vn\/wp-content\/uploads\/2021\/11\/248284308_.png 1440w\" sizes=\"(max-width: 638px) 100vw, 638px\" \/><\/p>\n<p>Ph\u1edf rau c\u1ee7 l\u00e0 s\u1ea3n ph\u1ea9m s\u1ea1ch t\u1eeb ngu\u1ed3n cung \u0111\u1ebfn tay kh\u00e1ch h\u00e0ng, ngu\u1ed3n nguy\u00ean li\u1ec7u \u0111\u1ea3m b\u1ea3o nh\u1ea5t, s\u1ea1ch nh\u1ea5t, ch\u1ea5t l\u01b0\u1ee3ng nh\u1ea5t t\u1eeb ngu\u1ed3n g\u1ea1o, rau, c\u1ee7 qu\u1ea3&#8230;<\/p>\n<div class=\"kvgmc6g5 cxmmr5t8 oygrvhab hcukyx3x c1et5uql ii04i59q\">\n<p dir=\"auto\">B\u1eefa s\u00e1ng l\u00e0 b\u1eefa \u0103n quan tr\u1ecdng nh\u1ea5t trong ng\u00e0y. \u0110\u00e2y l\u00e0 n\u1ec1n t\u1ea3ng \u0111\u1ec3 c\u01a1 th\u1ec3 \u0111\u01b0\u1ee3c cung c\u1ea5p \u0111\u1ea7y \u0111\u1ee7 c\u00e1c ch\u1ea5t dinh d\u01b0\u1ee1ng c\u00f3 l\u1ee3i nh\u1ea5t. B\u1edfi l\u1ebd sau m\u1ed9t \u0111\u00eam d\u00e0i, c\u01a1 th\u1ec3 ch\u00fang ta \u0111\u00e3 tr\u1ea3i qua m\u1ed9t qu\u00e1 tr\u00ecnh th\u01b0 gi\u00e3n v\u00e0 ngh\u1ec9 ng\u01a1i.<\/p>\n<p dir=\"auto\">Do \u0111\u00f3, \u0111\u1ec3 b\u1eaft \u0111\u1ea7u m\u1ed9t ng\u00e0y m\u1edbi tr\u00e0n \u0111\u1ea7y n\u0103ng l\u01b0\u1ee3ng, ta c\u1ea7n cung c\u1ea5p \u0111\u1ea7y \u0111\u1ee7 n\u0103ng l\u01b0\u1ee3ng v\u00e0 c\u00e1c ch\u1ea5t dinh d\u01b0\u1ee1ng c\u1ea7n thi\u1ebft.<\/p>\n<p dir=\"auto\"><img decoding=\"async\" class=\"wp-image-23550 aligncenter\" src=\"https:\/\/havamall.vn\/wp-content\/uploads\/2021\/11\/257587475_2059-261x300.png\" alt=\"\" width=\"637\" height=\"732\" srcset=\"https:\/\/havamall.vn\/wp-content\/uploads\/2021\/11\/257587475_2059-261x300.png 261w, https:\/\/havamall.vn\/wp-content\/uploads\/2021\/11\/257587475_2059-430x495.png 430w, https:\/\/havamall.vn\/wp-content\/uploads\/2021\/11\/257587475_2059-150x173.png 150w, https:\/\/havamall.vn\/wp-content\/uploads\/2021\/11\/257587475_2059-700x805.png 700w, https:\/\/havamall.vn\/wp-content\/uploads\/2021\/11\/257587475_2059-600x690.png 600w, https:\/\/havamall.vn\/wp-content\/uploads\/2021\/11\/257587475_2059.png 720w\" sizes=\"(max-width: 637px) 100vw, 637px\" \/><\/p>\n<\/div>\n<div class=\"o9v6fnle cxmmr5t8 oygrvhab hcukyx3x c1et5uql ii04i59q\">\n<p dir=\"auto\">Ph\u1edf kh\u00f4 rau c\u1ee7 \u0111\u01b0\u1ee3c l\u00e0m t\u1eeb 100% B\u1ed9t g\u1ea1o v\u00e0 Rau c\u1ee7 t\u1ef1 nhi\u00ean n\u00ean tuy\u1ec7t \u0111\u1ed1i l\u00e0nh t\u00ednh v\u00e0 an to\u00e0n. Ph\u1edf rau c\u1ee7 s\u1ebd gi\u00fap c\u00e1c b\u00e9 \u0111\u01b0\u1ee3c cung c\u1ea5p m\u1ed9t l\u01b0\u1ee3ng ch\u1ea5t x\u01a1 c\u1ea7n thi\u1ebft cho ng\u00e0y d\u00e0i h\u1ecdc t\u1eadp v\u00e0 vui ch\u01a1i.<\/p>\n<p dir=\"auto\">S\u1ea3n ph\u1ea9m hi\u1ec7n \u0111\u00e3 c\u00f3 m\u1eb7t t\u1ea1i Havamall.<\/p>\n<\/div>","protected":false},"excerpt":{"rendered":"<p>Ph\u1edf rau c\u1ee7 \u0111\u01b0\u1ee3c l\u00e0m t\u1eeb c\u00e1c nguy\u00ean li\u1ec7u t\u1ef1 nhi\u00ean nh\u01b0 tinh b\u1ed9t g\u1ea1o, tinh b\u1ed9t khoai m\u00ec, m\u00e0u<\/p>","protected":false},"featured_media":23594,"comment_status":"open","ping_status":"closed","template":"","meta":[],"product_brand":[],"product_cat":[36],"product_tag":[],"class_list":{"0":"post-23545","1":"product","2":"type-product","3":"status-publish","4":"has-post-thumbnail","6":"product_cat-thuc-pham-tieu-dung","8":"first","9":"instock","10":"sale","11":"shipping-taxable","12":"purchasable","13":"product-type-simple"},"_links":{"self":[{"href":"https:\/\/havamall.vn\/en\/wp-json\/wp\/v2\/product\/23545"}],"collection":[{"href":"https:\/\/havamall.vn\/en\/wp-json\/wp\/v2\/product"}],"about":[{"href":"https:\/\/havamall.vn\/en\/wp-json\/wp\/v2\/types\/product"}],"replies":[{"embeddable":true,"href":"https:\/\/havamall.vn\/en\/wp-json\/wp\/v2\/comments?post=23545"}],"version-history":[{"count":0,"href":"https:\/\/havamall.vn\/en\/wp-json\/wp\/v2\/product\/23545\/revisions"}],"wp:featuredmedia":[{"embeddable":true,"href":"https:\/\/havamall.vn\/en\/wp-json\/wp\/v2\/media\/23594"}],"wp:attachment":[{"href":"https:\/\/havamall.vn\/en\/wp-json\/wp\/v2\/media?parent=23545"}],"wp:term":[{"taxonomy":"product_brand","embeddable":true,"href":"https:\/\/havamall.vn\/en\/wp-json\/wp\/v2\/product_brand?post=23545"},{"taxonomy":"product_cat","embeddable":true,"href":"https:\/\/havamall.vn\/en\/wp-json\/wp\/v2\/product_cat?post=23545"},{"taxonomy":"product_tag","embeddable":true,"href":"https:\/\/havamall.vn\/en\/wp-json\/wp\/v2\/product_tag?post=23545"}],"curies":[{"name":"wp","href":"https:\/\/api.w.org\/{rel}","templated":true}]}}