{"id":23534,"date":"2021-11-16T10:52:00","date_gmt":"2021-11-16T03:52:00","guid":{"rendered":"https:\/\/havamall.vn\/?post_type=product&#038;p=23534"},"modified":"2022-09-05T17:27:15","modified_gmt":"2022-09-05T10:27:15","slug":"dau-ha-lan-dong-lanh-phoenix-1kg-green-peas-frozen","status":"publish","type":"product","link":"https:\/\/havamall.vn\/en\/shop\/dau-ha-lan-dong-lanh-phoenix-1kg-green-peas-frozen\/","title":{"rendered":"\u0110\u1eadu H\u00e0 Lan \u0110\u00f4ng L\u1ea1nh Phoenix 1Kg &#8211; Green Peas Frozen"},"content":{"rendered":"<p dir=\"auto\">\u0110\u1eadu H\u00e0 Lan c\u00f3 t\u00e1c d\u1ee5ng l\u00e0m gi\u1ea3m m\u1ee9c \u0111\u1ed9 triglycerides v\u00e0 t\u0103ng l\u01b0\u1ee3ng cholesterol t\u1ed1t trong m\u00e1u. B\u1edfi v\u1eady, \u0111\u1eadu H\u00e0 Lan c\u00f3 th\u1ec3 gi\u00fap b\u1ea1n trong vi\u1ec7c ph\u00f2ng tr\u00e1nh m\u1ed9t s\u1ed1 b\u1ec7nh li\u00ean quan \u0111\u1ebfn \u0111\u01b0\u1eddng ru\u1ed9t, tim m\u1ea1ch. Ngo\u00e0i ra, \u0103n \u0111\u1eadu H\u00e0 Lan th\u01b0\u1eddng xuy\u00ean c\u00f2n c\u00f3 th\u1ec3 gi\u00fap b\u1ea1n gi\u1ea3m c\u00e2n v\u00ec ch\u1ee9a r\u1ea5t \u00edt ch\u1ea5t b\u00e9o v\u00e0 l\u00e0 c\u00e1c ch\u1ea5t b\u00e9o c\u00f3 l\u1ee3i cho c\u01a1 th\u1ec3, \u0111\u1eadu H\u00e0 Lan c\u00f2n gi\u00fap ph\u00f2ng ng\u1eeba b\u1ec7nh lo\u00e3ng x\u01b0\u01a1ng v\u00e0 vi\u00eam ph\u1ebf qu\u1ea3n.<\/p>\n<p dir=\"auto\"><img fetchpriority=\"high\" decoding=\"async\" class=\"wp-image-23542 aligncenter\" src=\"https:\/\/havamall.vn\/wp-content\/uploads\/2021\/11\/20191022_035600-1-300x200.png\" alt=\"\" width=\"757\" height=\"504\" srcset=\"https:\/\/havamall.vn\/wp-content\/uploads\/2021\/11\/20191022_035600-1-300x200.png 300w, https:\/\/havamall.vn\/wp-content\/uploads\/2021\/11\/20191022_035600-1-430x286.png 430w, https:\/\/havamall.vn\/wp-content\/uploads\/2021\/11\/20191022_035600-1-150x100.png 150w, https:\/\/havamall.vn\/wp-content\/uploads\/2021\/11\/20191022_035600-1-700x466.png 700w, https:\/\/havamall.vn\/wp-content\/uploads\/2021\/11\/20191022_035600-1-768x511.png 768w, https:\/\/havamall.vn\/wp-content\/uploads\/2021\/11\/20191022_035600-1-1024x681.png 1024w, https:\/\/havamall.vn\/wp-content\/uploads\/2021\/11\/20191022_035600-1-600x399.png 600w, https:\/\/havamall.vn\/wp-content\/uploads\/2021\/11\/20191022_035600-1.png 1168w\" sizes=\"(max-width: 757px) 100vw, 757px\" \/><\/p>\n<p dir=\"auto\">\u0110\u1eadu h\u00e0 lan c\u00f3 ch\u1ee9a nhi\u1ec1u ch\u1ea5t dinh d\u01b0\u1ee1ng, vitamin, kho\u00e1ng ch\u1ea5t v\u00e0 c\u00e1c ch\u1ea5t ch\u1ed1ng oxy h\u00f3a h\u01a1n h\u1eb3n\u00a0c\u00e1c lo\u1ea1i h\u1ea1t kh\u00f4\u00a0kh\u00e1c\u00a0n\u00ean \u0111\u01b0\u1ee3c m\u1ec7nh danh l\u00e0 \u201cvi\u00ean kim c\u01b0\u01a1ng xanh\u201d. \u0110\u1eadu h\u00e0 lan c\u00f3 nhi\u1ec1u t\u00e1c d\u1ee5ng nh\u01b0 t\u0103ng c\u01b0\u1eddng h\u1ec7 mi\u1ec5n d\u1ecbch, t\u1ed1t cho h\u1ec7 ti\u00eau h\u00f3a, tim m\u1ea1ch, ng\u0103n ng\u1eeba ung th\u01b0, ch\u1ee9ng suy nh\u01b0\u1ee3c, ch\u00e1n \u0103n v\u00e0 t\u0103ng c\u01b0\u1eddng tr\u00ed nh\u1edb.<\/p>\n<p dir=\"auto\">S\u1ea3n ph\u1ea9m \u0110\u1eadu H\u00e0 Lan \u0111\u00f4ng l\u1ea1nh Golden Phoenix \u0111\u01b0\u1ee3c s\u01a1 ch\u1ebf v\u00e0 \u0111\u00f3ng g\u00f3i, \u0111\u1ea3m b\u1ea3o v\u1eabn gi\u1eef l\u1ea1i nh\u1eefng vitamin v\u00e0 d\u01b0\u1ee1ng ch\u1ea5t trong h\u1ea1t \u0111\u1eadu.<\/p>\n<p dir=\"auto\"><img decoding=\"async\" class=\"wp-image-23537 aligncenter\" src=\"https:\/\/havamall.vn\/wp-content\/uploads\/2021\/11\/i-300x300.png\" alt=\"\" width=\"757\" height=\"757\" srcset=\"https:\/\/havamall.vn\/wp-content\/uploads\/2021\/11\/i-300x300.png 300w, https:\/\/havamall.vn\/wp-content\/uploads\/2021\/11\/i-430x430.png 430w, https:\/\/havamall.vn\/wp-content\/uploads\/2021\/11\/i-150x150.png 150w, https:\/\/havamall.vn\/wp-content\/uploads\/2021\/11\/i-700x700.png 700w, https:\/\/havamall.vn\/wp-content\/uploads\/2021\/11\/i-768x768.png 768w, https:\/\/havamall.vn\/wp-content\/uploads\/2021\/11\/i-1024x1024.png 1024w, https:\/\/havamall.vn\/wp-content\/uploads\/2021\/11\/i-1200x1200.png 1200w, https:\/\/havamall.vn\/wp-content\/uploads\/2021\/11\/i-600x600.png 600w, https:\/\/havamall.vn\/wp-content\/uploads\/2021\/11\/i-100x100.png 100w, https:\/\/havamall.vn\/wp-content\/uploads\/2021\/11\/i.png 1877w\" sizes=\"(max-width: 757px) 100vw, 757px\" \/><\/p>\n<p>\u0110\u1eadu H\u00e0 Lan \u0111\u00f4ng l\u1ea1nh Phoenix \u0111\u01b0\u1ee3c nh\u1eadp kh\u1ea9u t\u1eeb M\u1ef9 \u0111\u01b0\u1ee3c l\u00e0m t\u1eeb nguy\u00ean li\u1ec7u 100% h\u1ea1t \u0111\u1eadu H\u00e0 Lan t\u01b0\u01a1i ngon, t\u1ef1 nhi\u00ean kh\u00f4ng ch\u1ea5t b\u1ea3o qu\u1ea3n.S\u1ea3n ph\u1ea9m \u0111\u01b0\u1ee3c ch\u1ebf bi\u1ebfn theo c\u00f4ng ngh\u1ec7 ti\u00ean ti\u1ebfn \u0111\u1ea3m b\u1ea3o an to\u00e0n v\u1ec7 sinh th\u1ef1c ph\u1ea9m gi\u1eef cho th\u1ef1c ph\u1ea9m \u0111\u01b0\u1ee3c t\u01b0\u01a1i ngon v\u00e0 gi\u00e0u ch\u1ea5t dinh d\u01b0\u1ee1ng.S\u1ea3n ph\u1ea9m c\u00f3 th\u1ec3 ch\u1ebf bi\u1ebfn th\u00e0nh c\u00e1c m\u00f3n \u0103n t\u00f9y \u00fd mang \u0111\u1ebfn h\u01b0\u01a1ng v\u1ecb m\u1edbi cho b\u1eefa \u0103n gia \u0111\u00ecnh.<\/p>\n<p><img decoding=\"async\" class=\"wp-image-23538 aligncenter\" src=\"https:\/\/havamall.vn\/wp-content\/uploads\/2021\/11\/peas-masala-p-298x300.png\" alt=\"\" width=\"764\" height=\"769\" srcset=\"https:\/\/havamall.vn\/wp-content\/uploads\/2021\/11\/peas-masala-p-298x300.png 298w, https:\/\/havamall.vn\/wp-content\/uploads\/2021\/11\/peas-masala-p-430x433.png 430w, https:\/\/havamall.vn\/wp-content\/uploads\/2021\/11\/peas-masala-p-150x150.png 150w, https:\/\/havamall.vn\/wp-content\/uploads\/2021\/11\/peas-masala-p-700x704.png 700w, https:\/\/havamall.vn\/wp-content\/uploads\/2021\/11\/peas-masala-p-768x773.png 768w, https:\/\/havamall.vn\/wp-content\/uploads\/2021\/11\/peas-masala-p-600x604.png 600w, https:\/\/havamall.vn\/wp-content\/uploads\/2021\/11\/peas-masala-p-100x100.png 100w, https:\/\/havamall.vn\/wp-content\/uploads\/2021\/11\/peas-masala-p.png 976w\" sizes=\"(max-width: 764px) 100vw, 764px\" \/><\/p>\n<h3><strong>H\u01af\u1edaNG D\u1eaaN S\u1eec D\u1ee4NG:<\/strong><\/h3>\n<p>\u2013 Kh\u00f4ng c\u1ea7n r\u00e3 \u0111\u00f4ng tr\u01b0\u1edbc khi d\u00f9ng<\/p>\n<p>\u2013\u00a0 D\u00f9ng chi\u00ean, x\u00e0o, n\u1ea5u s\u00fap ho\u1eb7c ch\u1ebf bi\u1ebfn c\u00e1c m\u00f3n t\u00f9y th\u00edch nh\u01b0 b\u1eafp x\u00e0o, s\u00fap, ch\u00e8,\u2026<\/p>\n<p>\u2013 C\u00f3 th\u1ec3 d\u00f9ng ch\u1ebf bi\u1ebfn m\u00f3n chay<\/p>\n<p><img loading=\"lazy\" decoding=\"async\" class=\"wp-image-23539 aligncenter\" src=\"https:\/\/havamall.vn\/wp-content\/uploads\/2021\/11\/green-pea-and-300x200.png\" alt=\"\" width=\"776\" height=\"517\" srcset=\"https:\/\/havamall.vn\/wp-content\/uploads\/2021\/11\/green-pea-and-300x200.png 300w, https:\/\/havamall.vn\/wp-content\/uploads\/2021\/11\/green-pea-and-430x286.png 430w, https:\/\/havamall.vn\/wp-content\/uploads\/2021\/11\/green-pea-and-150x100.png 150w, https:\/\/havamall.vn\/wp-content\/uploads\/2021\/11\/green-pea-and-700x466.png 700w, https:\/\/havamall.vn\/wp-content\/uploads\/2021\/11\/green-pea-and-768x511.png 768w, https:\/\/havamall.vn\/wp-content\/uploads\/2021\/11\/green-pea-and-1024x682.png 1024w, https:\/\/havamall.vn\/wp-content\/uploads\/2021\/11\/green-pea-and-1200x799.png 1200w, https:\/\/havamall.vn\/wp-content\/uploads\/2021\/11\/green-pea-and-600x399.png 600w\" sizes=\"(max-width: 776px) 100vw, 776px\" \/><\/p>\n<h3><strong>C\u00d4NG D\u1ee4NG\u00a0 \u0110\u1eacU H\u00c0 LAN :<\/strong><\/h3>\n<p>&gt; Ng\u0103n ng\u1eeba ung th\u01b0:\u00a0H\u1ea1t \u0111\u1eadu H\u00e0 Lan\u0111\u01b0\u1ee3c bi\u1ebft \u0111\u1ebfn v\u1edbi nhi\u1ec1u ch\u1ea5t dinh d\u01b0\u1ee1ng v\u00e0 trong s\u1ed1 \u0111\u00f3 l\u00e0 polyphenol g\u1ecdi l\u00e0 coumestrol \u2013 g\u1ea7n \u0111\u00e2y \u0111\u00e3 \u0111i \u0111\u1ea7u trong nghi\u00ean c\u1ee9u v\u1ec1 b\u1ea3o v\u1ec7 ch\u1ed1ng ung th\u01b0 d\u1ea1 d\u00e0y.\u00a0\u201cM\u1ed9t nghi\u00ean c\u1ee9u \u1edf Mexico City cho th\u1ea5y ti\u00eau th\u1ee5 \u0111\u1eadu h\u00e0 lan h\u1eb1ng ng\u00e0y c\u00f9ng v\u1edbi c\u00e1c c\u00e2y h\u1ecd \u0111\u1eadu kh\u00e1c l\u00e0m gi\u1ea3m nguy c\u01a1 ung th\u01b0 d\u1ea1 d\u00e0y, \u0111\u1eb7c bi\u1ec7t khi l\u01b0\u1ee3ng coumestrol h\u00e0ng ng\u00e0y t\u1eeb c\u00e1c c\u00e2y \u0111\u1eadu n\u00e0y x\u1ea5p x\u1ec9 2 miligam ho\u1eb7c cao h\u01a1n\u201d.<\/p>\n<p>&gt; Ch\u1ea5t ch\u1ed1ng oxy ho\u00e1 v\u00e0 kh\u00e1ng vi\u00eam:\u00a0\u0110\u1eadu H\u00e0 Lan\u00a0l\u00e0 ngu\u1ed3n c\u00e1c ch\u1ea5t ch\u1ed1ng oxy h\u00f3a , ch\u1ed1ng vi\u00eam v\u00e0 c\u00e1c ch\u1ea5t dinh d\u01b0\u1ee1ng h\u1ed7 tr\u1ee3 s\u1ee9c kho\u1ebb. Trong nh\u00f3m flavonoid, \u0111\u1eadu h\u00e0 lan cung c\u1ea5p cho ch\u00fang ta ch\u1ea5t ch\u1ed1ng oxy ho\u00e1 catechin v\u00e0 epicatechin. C\u00e1c vitamin ch\u1ed1ng oxy h\u00f3a cung c\u1ea5p b\u1edfi\u00a0\u0111\u1eadu H\u00e0 Lan\u00a0bao g\u1ed3m vitamin C v\u00e0 vitamin E, v\u00e0 m\u1ed9t l\u01b0\u1ee3ng ch\u1ea5t ch\u1ed1ng oxy h\u00f3a kho\u00e1ng ch\u1ea5t k\u1ebdm c\u0169ng \u0111\u01b0\u1ee3c t\u00ecm th\u1ea5y trong th\u1ef1c ph\u1ea9m tuy\u1ec7t v\u1eddi n\u00e0y.<\/p>\n<p><img loading=\"lazy\" decoding=\"async\" class=\"wp-image-23540 aligncenter\" src=\"https:\/\/havamall.vn\/wp-content\/uploads\/2021\/11\/spring-fattoush-wit-300x200.png\" alt=\"\" width=\"780\" height=\"521\" srcset=\"https:\/\/havamall.vn\/wp-content\/uploads\/2021\/11\/spring-fattoush-wit-300x200.png 300w, https:\/\/havamall.vn\/wp-content\/uploads\/2021\/11\/spring-fattoush-wit-430x287.png 430w, https:\/\/havamall.vn\/wp-content\/uploads\/2021\/11\/spring-fattoush-wit-150x100.png 150w, https:\/\/havamall.vn\/wp-content\/uploads\/2021\/11\/spring-fattoush-wit-700x467.png 700w, https:\/\/havamall.vn\/wp-content\/uploads\/2021\/11\/spring-fattoush-wit-768x512.png 768w, https:\/\/havamall.vn\/wp-content\/uploads\/2021\/11\/spring-fattoush-wit-1024x683.png 1024w, https:\/\/havamall.vn\/wp-content\/uploads\/2021\/11\/spring-fattoush-wit-1200x800.png 1200w, https:\/\/havamall.vn\/wp-content\/uploads\/2021\/11\/spring-fattoush-wit-600x400.png 600w, https:\/\/havamall.vn\/wp-content\/uploads\/2021\/11\/spring-fattoush-wit.png 1500w\" sizes=\"(max-width: 780px) 100vw, 780px\" \/><\/p>\n<p>&gt; Th\u01b0\u1eddng xuy\u00ean ti\u00eau th\u1ee5 c\u00e1c ch\u1ea5t ch\u1ed1ng oxy ho\u00e1 c\u00f3 th\u1ec3 gi\u00fap c\u01a1 th\u1ec3 ch\u00fang ta ng\u0103n ng\u1eeba stress, l\u00e3o h\u00f3a. Trong khi ti\u00eau th\u1ee5 th\u01b0\u1eddng xuy\u00ean c\u00e1c ch\u1ea5t ch\u1ed1ng vi\u00eam c\u00f3 th\u1ec3 gi\u00fap ch\u00fang ta ph\u00f2ng ng\u1eeba vi\u00eam m\u00e3n t\u00ednh kh\u00f4ng mong mu\u1ed1n.<\/p>\n<p>&gt; Ki\u1ec3m so\u00e1t l\u01b0\u1ee3ng \u0111\u01b0\u1eddng:\u00a0\u0110\u1eadu H\u00e0 Lan\u00a0ch\u1ee9a nhi\u1ec1u ch\u1ea5t x\u01a1 v\u00e0 ch\u1ea5t \u0111\u1ea1m tr\u1ef1c ti\u1ebfp \u0111i\u1ec1u ch\u1ec9nh t\u1ed1c \u0111\u1ed9 ti\u00eau h\u00f3a, protein v\u00e0 ch\u1ea5t x\u01a1 c\u0169ng gi\u00fap \u0111i\u1ec1u h\u00f2a s\u1ef1 ph\u00e2n h\u1ee7y c\u00e1c tinh b\u1ed9t th\u00e0nh \u0111\u01b0\u1eddng v\u00e0 s\u1ef1 \u0111i qua c\u00e1c carbs th\u00f4ng qua \u0111\u01b0\u1eddng ti\u00eau h\u00f3a. V\u1edbi vi\u1ec7c \u0111i\u1ec1u ch\u1ec9nh l\u01b0\u1ee3ng carbs t\u1ed1t h\u01a1n, l\u01b0\u1ee3ng \u0111\u01b0\u1eddng trong m\u00e1u c\u1ee7a ch\u00fang ta c\u00f3 th\u1ec3 \u1ed5n \u0111\u1ecbnh h\u01a1n.<\/p>\n<p>&gt; \u0110\u1eb7c bi\u1ec7t,\u00a0\u0111\u1eadu H\u00e0 Lan\u00a0c\u00f2n cung c\u1ea5p s\u1eaft v\u00e0 dinh d\u01b0\u1ee1ng kh\u00e1c r\u1ea5t th\u00edch h\u1ee3p cho b\u00e9 \u0103n d\u1eb7m v\u00e0 c\u00e1c b\u00e0 m\u1eb9 t\u01b0\u01a1ng l\u1ea1i. Gi\u00fap h\u1ec7 th\u1ea7n kinh c\u1ee7a b\u00e9 ph\u00e1t ti\u1ec1n to\u00e0n di\u1ec7n v\u00e0 t\u0103ng c\u01b0\u1eddng s\u1ee9c \u0111\u1ec1 kh\u00e1ng.<\/p>\n<p>S\u1ea3n ph\u1ea9m hi\u1ec7n \u0111\u00e3 co m\u1eb7t t\u1ea1i Havamall.<\/p>","protected":false},"excerpt":{"rendered":"<p>\u0110\u1eadu H\u00e0 Lan c\u00f3 t\u00e1c d\u1ee5ng l\u00e0m gi\u1ea3m m\u1ee9c \u0111\u1ed9 triglycerides v\u00e0 t\u0103ng l\u01b0\u1ee3ng cholesterol t\u1ed1t trong m\u00e1u. B\u1edfi v\u1eady,<\/p>","protected":false},"featured_media":23541,"comment_status":"open","ping_status":"closed","template":"","meta":[],"product_brand":[],"product_cat":[275,36],"product_tag":[],"class_list":{"0":"post-23534","1":"product","2":"type-product","3":"status-publish","4":"has-post-thumbnail","6":"product_cat-thuc-pham-dong-lanh","7":"product_cat-thuc-pham-tieu-dung","9":"first","10":"instock","11":"sale","12":"shipping-taxable","13":"purchasable","14":"product-type-simple"},"_links":{"self":[{"href":"https:\/\/havamall.vn\/en\/wp-json\/wp\/v2\/product\/23534"}],"collection":[{"href":"https:\/\/havamall.vn\/en\/wp-json\/wp\/v2\/product"}],"about":[{"href":"https:\/\/havamall.vn\/en\/wp-json\/wp\/v2\/types\/product"}],"replies":[{"embeddable":true,"href":"https:\/\/havamall.vn\/en\/wp-json\/wp\/v2\/comments?post=23534"}],"version-history":[{"count":0,"href":"https:\/\/havamall.vn\/en\/wp-json\/wp\/v2\/product\/23534\/revisions"}],"wp:featuredmedia":[{"embeddable":true,"href":"https:\/\/havamall.vn\/en\/wp-json\/wp\/v2\/media\/23541"}],"wp:attachment":[{"href":"https:\/\/havamall.vn\/en\/wp-json\/wp\/v2\/media?parent=23534"}],"wp:term":[{"taxonomy":"product_brand","embeddable":true,"href":"https:\/\/havamall.vn\/en\/wp-json\/wp\/v2\/product_brand?post=23534"},{"taxonomy":"product_cat","embeddable":true,"href":"https:\/\/havamall.vn\/en\/wp-json\/wp\/v2\/product_cat?post=23534"},{"taxonomy":"product_tag","embeddable":true,"href":"https:\/\/havamall.vn\/en\/wp-json\/wp\/v2\/product_tag?post=23534"}],"curies":[{"name":"wp","href":"https:\/\/api.w.org\/{rel}","templated":true}]}}