{"id":23517,"date":"2021-11-10T17:38:05","date_gmt":"2021-11-10T10:38:05","guid":{"rendered":"https:\/\/havamall.vn\/?post_type=product&#038;p=23517"},"modified":"2021-11-20T10:41:15","modified_gmt":"2021-11-20T03:41:15","slug":"23517","status":"publish","type":"product","link":"https:\/\/havamall.vn\/en\/shop\/23517\/","title":{"rendered":"Bay V\u1ebd Palette Knife No.10 Mont Marte"},"content":{"rendered":"<p dir=\"auto\">Mont Marte l\u00e0 h\u00e3ng h\u1ecda c\u1ee5 \u0111\u00e3 c\u00f3 m\u1eb7t t\u1ea1i h\u1ec7 th\u1ed1ng c\u1eeda h\u00e0ng c\u1ee7a h\u01a1n 300 t\u1ec9nh th\u00e0nh thu\u1ed9c 75 qu\u1ed1c gia tr\u00ean to\u00e0n th\u1ebf gi\u1edbi. \u0110i\u1ec1u n\u00e0y n\u00f3i l\u00ean s\u1ef1 ph\u00e1t tri\u1ec3n b\u1ec1n v\u1eefng c\u1ee7a nh\u00e3n h\u00e0ng Mont Marte tr\u00ean th\u1ecb tr\u01b0\u1eddng th\u1ebf gi\u1edbi.<\/p>\n<p>Trong v\u00f2ng 15 n\u0103m, Mont Marte \u0111\u00e3 tr\u1edf th\u00e0nh th\u01b0\u01a1ng h\u1ec7u d\u1eabn \u0111\u1ea7u th\u1ecb tr\u01b0\u1eddng \u00dac v\u1ec1 c\u00e1c s\u1ea3n ph\u1ea9m ngh\u1ec7 thu\u1eadt v\u00e0 l\u00e0 th\u01b0\u01a1ng hi\u1ec7u \u0111\u01b0\u1ee3c tin d\u00f9ng \u1edf h\u01a1n 75 qu\u1ed1c gia: Trung Qu\u1ed1c, Canada, Ph\u00e1p, Ph\u1ea7n Lan,\u2026<\/p>\n<p>S\u1ea3n ph\u1ea9m Mont Marte kh\u00e1 \u0111a d\u1ea1ng, \u0111\u00e1p \u1ee9ng h\u1ea7u h\u1ebft c\u00e1c nhu c\u1ea7u v\u1ec1 h\u1ecda c\u1ee5 truy\u1ec1n th\u1ed1ng, t\u1eeb s\u01a1n m\u00e0u \u0111\u1ebfn c\u00e1c ph\u1ee5 ki\u1ec7n, s\u1ed5 k\u00ed h\u1ecda, gi\u1ea5y craft,\u2026<\/p>\n<p><img fetchpriority=\"high\" decoding=\"async\" class=\"wp-image-23523 aligncenter\" src=\"https:\/\/havamall.vn\/wp-content\/uploads\/2021\/11\/Untitled61-1-300x300.png\" alt=\"\" width=\"712\" height=\"713\" srcset=\"https:\/\/havamall.vn\/wp-content\/uploads\/2021\/11\/Untitled61-1-300x300.png 300w, https:\/\/havamall.vn\/wp-content\/uploads\/2021\/11\/Untitled61-1-430x430.png 430w, https:\/\/havamall.vn\/wp-content\/uploads\/2021\/11\/Untitled61-1-150x150.png 150w, https:\/\/havamall.vn\/wp-content\/uploads\/2021\/11\/Untitled61-1-700x700.png 700w, https:\/\/havamall.vn\/wp-content\/uploads\/2021\/11\/Untitled61-1-768x768.png 768w, https:\/\/havamall.vn\/wp-content\/uploads\/2021\/11\/Untitled61-1-600x600.png 600w, https:\/\/havamall.vn\/wp-content\/uploads\/2021\/11\/Untitled61-1-100x100.png 100w, https:\/\/havamall.vn\/wp-content\/uploads\/2021\/11\/Untitled61-1.png 1000w\" sizes=\"(max-width: 712px) 100vw, 712px\" \/><\/p>\n<p>Bay v\u1ebd hay c\u00f2n g\u1ecdi l\u00e0 dao v\u1ebd, ti\u1ebfng anh l\u00e0\u00a0 painting knife, palette knife\u2026l\u00e0 m\u1ed9t d\u1ee5ng c\u1ee5 d\u00f9ng \u0111\u1ec3\u00a0v\u1ebd tranh s\u01a1n d\u1ea7u\u00a0ho\u1eb7c\u00a0v\u1ebd tranh b\u1eb1ng m\u00e0u Acrylic&#8230; C\u00f4ng d\u1ee5ng \u0111\u1ec3 l\u1ea5y m\u00e0u v\u1ebd, tr\u1ed9n m\u00e0u v\u1edbi nhau, l\u00e0m cho m\u00e0u v\u1ebd \u0111\u1ec1u v\u00e0 m\u1ec1m m\u1ecbn h\u01a1n, gi\u00fap Ngh\u1ec7 S\u0129 th\u1ed5i h\u1ed3n v\u00e0o b\u1ee9c \u1ea3nh. V\u1eadt li\u1ec7u s\u1eed d\u1ee5ng l\u00e0m bay v\u1ebd th\u00f4ng th\u01b0\u1eddng l\u01b0\u1ee1i bay b\u1eb1ng kim lo\u1ea1i th\u00e9p tay c\u1ea7m b\u1eb1ng g\u1ed7 r\u1ea5t v\u1eeba t\u1ea7m tay ng\u01b0\u1eddi v\u1ebd. V\u1ebd tranh s\u01a1n d\u1ea7u b\u1eb1ng bay v\u1ebd hay b\u1eb1ng dao v\u1ebd \u0111\u00f2i h\u1ecfi ng\u01b0\u1eddi v\u1ebd ph\u1ea3i c\u00f3 nh\u1eefng k\u1ef9 n\u0103ng nh\u1ea5t \u0111\u1ecbnh m\u1edbi c\u00f3 th\u1ec3 s\u1eed d\u1ee5ng th\u00e0nh th\u1ea1o \u0111\u01b0\u1ee3c bay v\u1ebd.<\/p>\n<p><img decoding=\"async\" class=\"wp-image-23525 aligncenter\" src=\"https:\/\/havamall.vn\/wp-content\/uploads\/2021\/11\/192279006_431-300x180.png\" alt=\"\" width=\"716\" height=\"430\" srcset=\"https:\/\/havamall.vn\/wp-content\/uploads\/2021\/11\/192279006_431-300x180.png 300w, https:\/\/havamall.vn\/wp-content\/uploads\/2021\/11\/192279006_431-430x258.png 430w, https:\/\/havamall.vn\/wp-content\/uploads\/2021\/11\/192279006_431-150x90.png 150w, https:\/\/havamall.vn\/wp-content\/uploads\/2021\/11\/192279006_431-700x420.png 700w, https:\/\/havamall.vn\/wp-content\/uploads\/2021\/11\/192279006_431-768x461.png 768w, https:\/\/havamall.vn\/wp-content\/uploads\/2021\/11\/192279006_431-1024x615.png 1024w, https:\/\/havamall.vn\/wp-content\/uploads\/2021\/11\/192279006_431-1200x720.png 1200w, https:\/\/havamall.vn\/wp-content\/uploads\/2021\/11\/192279006_431-600x360.png 600w, https:\/\/havamall.vn\/wp-content\/uploads\/2021\/11\/192279006_431.png 2048w\" sizes=\"(max-width: 716px) 100vw, 716px\" \/><\/p>\n<p><span style=\"font-weight: 400\">Bay v\u1ebd Mont Marte \u0111\u01b0\u1ee3c ch\u1ebf t\u1ea1o v\u1edbi c\u00e1c l\u01b0\u1ee1i th\u00e9p linh ho\u1ea1t, r\u1ea5t l\u00fd t\u01b0\u1edfng \u0111\u1ec3 t\u1ea1o ra m\u1ed9t lo\u1ea1t c\u00e1c k\u1ebft c\u1ea5u v\u00e0 hi\u1ec7u \u1ee9ng. Dao nh\u1ecf t\u1ed1t cho c\u00e1c c\u00f4ng tr\u00ecnh nh\u1ecf h\u01a1n v\u00e0 dao l\u1edbn cho c\u00e1c c\u00f4ng tr\u00ecnh quy m\u00f4 l\u1edbn.<\/span><\/p>\n<p><span style=\"font-weight: 400\">Bay Palette\u00a0 Mont Marte r\u1ea5t th\u00edch h\u1ee3p \u0111\u1ec3 tr\u1ed9n s\u01a1n, cho ph\u00e9p s\u01a1n \u0111\u01b0\u1ee3c s\u01a1n theo c\u00e1c k\u1ebft c\u1ea5u v\u00e0 c\u00f3 th\u1ec3 \u0111\u01b0\u1ee3c s\u1eed d\u1ee5ng tr\u00ean m\u1eb7t c\u1ee7a n\u00f3 \u0111\u1ec3 t\u1ea1o c\u00e1c \u0111\u01b0\u1eddng n\u00e9t m\u1ea3nh.<\/span><\/p>\n<p><img decoding=\"async\" class=\"wp-image-23526 aligncenter\" src=\"https:\/\/havamall.vn\/wp-content\/uploads\/2021\/11\/122523540_-300x200.png\" alt=\"\" width=\"734\" height=\"490\" srcset=\"https:\/\/havamall.vn\/wp-content\/uploads\/2021\/11\/122523540_-300x200.png 300w, https:\/\/havamall.vn\/wp-content\/uploads\/2021\/11\/122523540_-430x287.png 430w, https:\/\/havamall.vn\/wp-content\/uploads\/2021\/11\/122523540_-150x100.png 150w, https:\/\/havamall.vn\/wp-content\/uploads\/2021\/11\/122523540_-700x467.png 700w, https:\/\/havamall.vn\/wp-content\/uploads\/2021\/11\/122523540_-768x512.png 768w, https:\/\/havamall.vn\/wp-content\/uploads\/2021\/11\/122523540_-1024x683.png 1024w, https:\/\/havamall.vn\/wp-content\/uploads\/2021\/11\/122523540_.png 1200w, https:\/\/havamall.vn\/wp-content\/uploads\/2021\/11\/122523540_-600x400.png 600w\" sizes=\"(max-width: 734px) 100vw, 734px\" \/><\/p>\n<h3><strong>H\u01b0\u1edbng d\u1eabn s\u1eed d\u1ee5ng:<\/strong><\/h3>\n<p>&#8211; S\u1eed d\u1ee5ng tr\u1ef1c ti\u1ebfp \u0111\u1ec3 l\u1ea5u m\u00e0u, tr\u1ed9n m\u00e0u b\u1ed9t, m\u00e0u poster, m\u00e0u gouache, m\u00e0u acrylic, m\u00e0u s\u01a1n d\u1ea7u<\/p>\n<p>&#8211; C\u00f3 th\u1ec3 s\u1eed d\u1ee5ng \u0111\u1ec3 v\u1ebd tranh ho\u1eb7c t\u1ea1o kh\u1ed1i trong tranh.<\/p>\n<p><img loading=\"lazy\" decoding=\"async\" class=\"wp-image-23527 aligncenter\" src=\"https:\/\/havamall.vn\/wp-content\/uploads\/2021\/11\/82069053_2-300x300.png\" alt=\"\" width=\"748\" height=\"748\" srcset=\"https:\/\/havamall.vn\/wp-content\/uploads\/2021\/11\/82069053_2-300x300.png 300w, https:\/\/havamall.vn\/wp-content\/uploads\/2021\/11\/82069053_2-430x430.png 430w, https:\/\/havamall.vn\/wp-content\/uploads\/2021\/11\/82069053_2-150x150.png 150w, https:\/\/havamall.vn\/wp-content\/uploads\/2021\/11\/82069053_2-700x700.png 700w, https:\/\/havamall.vn\/wp-content\/uploads\/2021\/11\/82069053_2-768x768.png 768w, https:\/\/havamall.vn\/wp-content\/uploads\/2021\/11\/82069053_2-600x600.png 600w, https:\/\/havamall.vn\/wp-content\/uploads\/2021\/11\/82069053_2-100x100.png 100w, https:\/\/havamall.vn\/wp-content\/uploads\/2021\/11\/82069053_2.png 1000w\" sizes=\"(max-width: 748px) 100vw, 748px\" \/><\/p>\n<h3><strong>\u0110\u1eb7c \u0111i\u1ec3m s\u1ea3n ph\u1ea9m:<\/strong><\/h3>\n<p>&#8211; Bay c\u00f3\u00a0thi\u1ebft k\u1ebf sang tr\u1ecdng,\u00a0ch\u1eafc ch\u1eafn,\u00a0ch\u1ecbu l\u1ef1c t\u1ed1t,\u00a0linh ho\u1ea1t\u00a0trong qu\u00e1 tr\u00ecnh s\u1eed d\u1ee5ng.<\/p>\n<p><span style=\"font-weight: 400\">&#8211; L\u01b0\u1ee1i th\u00e9p kh\u00f4ng g\u1ec9<\/span><\/p>\n<p><span style=\"font-weight: 400\">&#8211; Tay c\u1ea7m b\u1eb1ng g\u1ed7 ch\u0103\u0301n ch\u0103\u0301n<\/span><\/p>\n<p><span style=\"font-weight: 400\">&#8211; S\u01b0\u0309 du\u0323ng ta\u0323o ra \u0111\u01b0\u01a1\u0323c nhi\u00ea\u0300u k\u00ea\u0301t c\u00e2\u0301u kha\u0301c nhau<\/span><\/p>\n<p>S\u1ea3n ph\u1ea9m hi\u1ec7n \u0111\u00e3 c\u00f3 m\u1eb7t t\u1ea1i Havamall.<\/p>","protected":false},"excerpt":{"rendered":"<p>Mont Marte l\u00e0 h\u00e3ng h\u1ecda c\u1ee5 \u0111\u00e3 c\u00f3 m\u1eb7t t\u1ea1i h\u1ec7 th\u1ed1ng c\u1eeda h\u00e0ng c\u1ee7a h\u01a1n 300 t\u1ec9nh th\u00e0nh thu\u1ed9c<\/p>","protected":false},"featured_media":23783,"comment_status":"open","ping_status":"closed","template":"","meta":[],"product_brand":[],"product_cat":[395,35],"product_tag":[],"class_list":{"0":"post-23517","1":"product","2":"type-product","3":"status-publish","4":"has-post-thumbnail","6":"product_cat-van-phong-pham","7":"product_cat-nha-cua-doi-song","8":"pa_brand-mont-marte","10":"first","11":"instock","12":"sale","13":"shipping-taxable","14":"purchasable","15":"product-type-simple"},"_links":{"self":[{"href":"https:\/\/havamall.vn\/en\/wp-json\/wp\/v2\/product\/23517"}],"collection":[{"href":"https:\/\/havamall.vn\/en\/wp-json\/wp\/v2\/product"}],"about":[{"href":"https:\/\/havamall.vn\/en\/wp-json\/wp\/v2\/types\/product"}],"replies":[{"embeddable":true,"href":"https:\/\/havamall.vn\/en\/wp-json\/wp\/v2\/comments?post=23517"}],"version-history":[{"count":0,"href":"https:\/\/havamall.vn\/en\/wp-json\/wp\/v2\/product\/23517\/revisions"}],"wp:featuredmedia":[{"embeddable":true,"href":"https:\/\/havamall.vn\/en\/wp-json\/wp\/v2\/media\/23783"}],"wp:attachment":[{"href":"https:\/\/havamall.vn\/en\/wp-json\/wp\/v2\/media?parent=23517"}],"wp:term":[{"taxonomy":"product_brand","embeddable":true,"href":"https:\/\/havamall.vn\/en\/wp-json\/wp\/v2\/product_brand?post=23517"},{"taxonomy":"product_cat","embeddable":true,"href":"https:\/\/havamall.vn\/en\/wp-json\/wp\/v2\/product_cat?post=23517"},{"taxonomy":"product_tag","embeddable":true,"href":"https:\/\/havamall.vn\/en\/wp-json\/wp\/v2\/product_tag?post=23517"}],"curies":[{"name":"wp","href":"https:\/\/api.w.org\/{rel}","templated":true}]}}