{"id":23502,"date":"2021-11-09T16:35:07","date_gmt":"2021-11-09T09:35:07","guid":{"rendered":"https:\/\/havamall.vn\/?post_type=product&#038;p=23502"},"modified":"2021-11-23T17:26:48","modified_gmt":"2021-11-23T10:26:48","slug":"bo-mau-nuoc-water-colour-paint-12-cai-mont-marte","status":"publish","type":"product","link":"https:\/\/havamall.vn\/en\/shop\/bo-mau-nuoc-water-colour-paint-12-cai-mont-marte\/","title":{"rendered":"B\u1ed9 M\u00e0u N\u01b0\u1edbc Water Colour Paint 12 C\u00e1i Mont Marte"},"content":{"rendered":"<p dir=\"auto\">Mont Marte l\u00e0 h\u00e3ng h\u1ecda c\u1ee5 \u0111\u00e3 c\u00f3 m\u1eb7t t\u1ea1i h\u1ec7 th\u1ed1ng c\u1eeda h\u00e0ng c\u1ee7a h\u01a1n 300 t\u1ec9nh th\u00e0nh thu\u1ed9c 75 qu\u1ed1c gia tr\u00ean to\u00e0n th\u1ebf gi\u1edbi. \u0110i\u1ec1u n\u00e0y n\u00f3i l\u00ean s\u1ef1 ph\u00e1t tri\u1ec3n b\u1ec1n v\u1eefng c\u1ee7a nh\u00e3n h\u00e0ng Mont Marte tr\u00ean th\u1ecb tr\u01b0\u1eddng th\u1ebf gi\u1edbi.<\/p>\n<p>Trong v\u00f2ng 15 n\u0103m, Mont Marte \u0111\u00e3 tr\u1edf th\u00e0nh th\u01b0\u01a1ng h\u1ec7u d\u1eabn \u0111\u1ea7u th\u1ecb tr\u01b0\u1eddng \u00dac v\u1ec1 c\u00e1c s\u1ea3n ph\u1ea9m ngh\u1ec7 thu\u1eadt v\u00e0 l\u00e0 th\u01b0\u01a1ng hi\u1ec7u \u0111\u01b0\u1ee3c tin d\u00f9ng \u1edf h\u01a1n 75 qu\u1ed1c gia: Trung Qu\u1ed1c, Canada, Ph\u00e1p, Ph\u1ea7n Lan,\u2026<\/p>\n<p>S\u1ea3n ph\u1ea9m Mont Marte kh\u00e1 \u0111a d\u1ea1ng, \u0111\u00e1p \u1ee9ng h\u1ea7u h\u1ebft c\u00e1c nhu c\u1ea7u v\u1ec1 h\u1ecda c\u1ee5 truy\u1ec1n th\u1ed1ng, t\u1eeb s\u01a1n m\u00e0u \u0111\u1ebfn c\u00e1c ph\u1ee5 ki\u1ec7n, s\u1ed5 k\u00ed h\u1ecda, gi\u1ea5y craft,\u2026<\/p>\n<p><img fetchpriority=\"high\" decoding=\"async\" class=\"wp-image-23504 aligncenter\" src=\"https:\/\/havamall.vn\/wp-content\/uploads\/2021\/11\/Untitled61-300x300.png\" alt=\"\" width=\"733\" height=\"733\" srcset=\"https:\/\/havamall.vn\/wp-content\/uploads\/2021\/11\/Untitled61-300x300.png 300w, https:\/\/havamall.vn\/wp-content\/uploads\/2021\/11\/Untitled61-430x430.png 430w, https:\/\/havamall.vn\/wp-content\/uploads\/2021\/11\/Untitled61-150x150.png 150w, https:\/\/havamall.vn\/wp-content\/uploads\/2021\/11\/Untitled61-700x700.png 700w, https:\/\/havamall.vn\/wp-content\/uploads\/2021\/11\/Untitled61-768x768.png 768w, https:\/\/havamall.vn\/wp-content\/uploads\/2021\/11\/Untitled61-600x600.png 600w, https:\/\/havamall.vn\/wp-content\/uploads\/2021\/11\/Untitled61-100x100.png 100w, https:\/\/havamall.vn\/wp-content\/uploads\/2021\/11\/Untitled61.png 1000w\" sizes=\"(max-width: 733px) 100vw, 733px\" \/><\/p>\n<p>M\u00e0u n\u01b0\u1edbc l\u00e0 d\u00f2ng s\u1ea3n ph\u1ea9m xu\u1ea5t hi\u1ec7n kh\u00e1 l\u00e2u tr\u01b0\u1edbc \u0111\u00e2y, hi\u1ec7n \u0111\u1ea1i h\u00f3a c\u00f4ng ngh\u1ec7 \u0111\u00e3 c\u1ea3i ti\u1ebfn li\u00ean t\u1ee5c, s\u1ef1 bi\u1ebfn t\u1ea5u t\u1ea1o n\u00ean nh\u1eefng s\u1ea3n ph\u1ea9m tuy\u1ec7t v\u1eddi.<\/p>\n<p>M\u00e0u s\u1eed d\u1ee5ng c\u00e1c nguy\u00ean li\u1ec7u cao c\u1ea5p, m\u00e0u n\u01b0\u1edbc Mont Marte ph\u00f9 h\u1ee3p cho c\u00e1c ngh\u1ec7 s\u0129 v\u00e0 sinh vi\u00ean. Ch\u00fang \u0111\u01b0\u1ee3c s\u1eed d\u1ee5ng trong l\u1edbp h\u1ecdc ho\u1eb7c ngo\u00e0i tr\u1eddi, \u0111\u00f3ng g\u00f3i thu\u1eadn ti\u1ec7n trong c\u00e1c \u1ed1ng s\u01a1n 12ml d\u1ec5 v\u1eadn chuy\u1ec3n v\u00e0 l\u01b0u tr\u1eef.<\/p>\n<p><img decoding=\"async\" class=\"wp-image-23505 aligncenter\" src=\"https:\/\/havamall.vn\/wp-content\/uploads\/2021\/11\/5fef38a2-300x260.png\" alt=\"\" width=\"741\" height=\"643\" srcset=\"https:\/\/havamall.vn\/wp-content\/uploads\/2021\/11\/5fef38a2-300x260.png 300w, https:\/\/havamall.vn\/wp-content\/uploads\/2021\/11\/5fef38a2-430x373.png 430w, https:\/\/havamall.vn\/wp-content\/uploads\/2021\/11\/5fef38a2-150x130.png 150w, https:\/\/havamall.vn\/wp-content\/uploads\/2021\/11\/5fef38a2-700x606.png 700w, https:\/\/havamall.vn\/wp-content\/uploads\/2021\/11\/5fef38a2-768x665.png 768w, https:\/\/havamall.vn\/wp-content\/uploads\/2021\/11\/5fef38a2-600x520.png 600w, https:\/\/havamall.vn\/wp-content\/uploads\/2021\/11\/5fef38a2.png 868w\" sizes=\"(max-width: 741px) 100vw, 741px\" \/><\/p>\n<p>M\u00e0u n\u01b0\u1edbc tu\u00fdp Mont\u00a0 Marte s\u1edf h\u1eefu b\u1ea3ng m\u00e0u \u0111a d\u1ea1ng, \u0111\u1eb9p m\u1eaft. V\u00e0 kh\u1ea3 n\u0103ng tan v\u00e0o n\u01b0\u1edbc d\u1ec5 d\u00e0ng gi\u00fap ng\u01b0\u1eddi s\u00e1ng t\u1ea1o n\u00ean m\u1ed7i m\u00e0u v\u1ebd. M\u1ee9c \u0111\u1ed9 ph\u1ed5 bi\u1ebfn l\u1edbn, \u0111\u01b0\u1ee3c nhi\u1ec1u ng\u01b0\u1eddi d\u00f9ng l\u1ef1a ch\u1ecdn.<\/p>\n<p>B\u1ed9 12 m\u00e0u n\u01b0\u1edbc Mont Marte l\u00e0 s\u1ef1 k\u1ebft h\u1ee3p c\u1ee7a c\u00e1c m\u00e0u \u1ea5m v\u00e0 m\u00e1t, bao g\u1ed3m c\u00e1c m\u00e0u ch\u00ednh \u0111\u1ec3 d\u1ec5 pha tr\u1ed9n. B\u1ed9 n\u00e0y bao g\u1ed3m 12 m\u00e0u sau : Chinese White, Lemon Yellow, Yellow Ochre, Vermilion, Crimson, Prussian Blue, Lamp Black, Burnt Umber, Burnt Sienna, Sap Green, Viridian, and Violet.<\/p>\n<p><img decoding=\"async\" class=\"wp-image-23506 aligncenter\" src=\"https:\/\/havamall.vn\/wp-content\/uploads\/2021\/11\/73372369_28417-300x200.png\" alt=\"\" width=\"743\" height=\"495\" srcset=\"https:\/\/havamall.vn\/wp-content\/uploads\/2021\/11\/73372369_28417-300x200.png 300w, https:\/\/havamall.vn\/wp-content\/uploads\/2021\/11\/73372369_28417-430x287.png 430w, https:\/\/havamall.vn\/wp-content\/uploads\/2021\/11\/73372369_28417-150x100.png 150w, https:\/\/havamall.vn\/wp-content\/uploads\/2021\/11\/73372369_28417-700x467.png 700w, https:\/\/havamall.vn\/wp-content\/uploads\/2021\/11\/73372369_28417-768x512.png 768w, https:\/\/havamall.vn\/wp-content\/uploads\/2021\/11\/73372369_28417-1024x683.png 1024w, https:\/\/havamall.vn\/wp-content\/uploads\/2021\/11\/73372369_28417.png 1200w, https:\/\/havamall.vn\/wp-content\/uploads\/2021\/11\/73372369_28417-600x400.png 600w\" sizes=\"(max-width: 743px) 100vw, 743px\" \/><\/p>\n<p>M\u00e0u n\u01b0\u1edbc ch\u1ec9 v\u1ebd \u0111\u01b0\u1ee3c tr\u00ean gi\u1ea5y chuy\u00ean d\u1ee5ng: d\u00e0y, c\u00f3 \u0111\u1ed9 th\u1ea5m h\u00fat kh\u00f4ng qu\u00e1 nhanh. S\u1ea3n ph\u1ea9m d\u1ec5 s\u1eed d\u1ee5ng cho ng\u01b0\u1eddi m\u1edbi b\u1eaft \u0111\u1ea7u h\u1ecdc v\u1ebd.<\/p>\n<p>M\u00e0u n\u01b0\u1edbc c\u00f3 \u0111\u1ed9 che ph\u1ee7 kh\u00f4ng t\u1ed1t n\u00ean kh\u00f4ng th\u1ec3 v\u1ebd ch\u1ed3ng m\u00e0u l\u00ean \u0111\u01b0\u1ee3c nh\u01b0ng m\u00e0u t\u01b0\u01a1i v\u00e0 trong. Ng\u01b0\u1ee3c l\u1ea1i m\u00e0u n\u01b0\u1edbc c\u00f3 kh\u1ea3 n\u0103ng loang m\u00e0u t\u1ed1t nh\u1ea5t. N\u01b0\u1edbc s\u1ebd gi\u00fap m\u00e0u ho\u00e0 v\u00e0o nhau nhanh ch\u00f3ng.\u00a0S\u1ea3n ph\u1ea9m kh\u00f4ng c\u00f3 m\u00f9i v\u1eady n\u00ean r\u1ea5t an to\u00e0n cho ng\u01b0\u1eddi h\u1ecdc v\u1ebd.<\/p>\n<p>S\u1ea3n ph\u1ea9m hi\u1ec7n \u0111\u00e3 c\u00f3 m\u1eb7t t\u1ea1i Havamall.<\/p>\n<p><img loading=\"lazy\" decoding=\"async\" class=\"wp-image-23507 aligncenter\" src=\"https:\/\/havamall.vn\/wp-content\/uploads\/2021\/11\/059d330115-300x300.png\" alt=\"\" width=\"747\" height=\"747\" srcset=\"https:\/\/havamall.vn\/wp-content\/uploads\/2021\/11\/059d330115-300x300.png 300w, https:\/\/havamall.vn\/wp-content\/uploads\/2021\/11\/059d330115-430x430.png 430w, https:\/\/havamall.vn\/wp-content\/uploads\/2021\/11\/059d330115-150x150.png 150w, https:\/\/havamall.vn\/wp-content\/uploads\/2021\/11\/059d330115-700x700.png 700w, https:\/\/havamall.vn\/wp-content\/uploads\/2021\/11\/059d330115-768x768.png 768w, https:\/\/havamall.vn\/wp-content\/uploads\/2021\/11\/059d330115-600x600.png 600w, https:\/\/havamall.vn\/wp-content\/uploads\/2021\/11\/059d330115-100x100.png 100w, https:\/\/havamall.vn\/wp-content\/uploads\/2021\/11\/059d330115.png 1000w\" sizes=\"(max-width: 747px) 100vw, 747px\" \/><\/p>","protected":false},"excerpt":{"rendered":"<p>Mont Marte l\u00e0 h\u00e3ng h\u1ecda c\u1ee5 \u0111\u00e3 c\u00f3 m\u1eb7t t\u1ea1i h\u1ec7 th\u1ed1ng c\u1eeda h\u00e0ng c\u1ee7a h\u01a1n 300 t\u1ec9nh th\u00e0nh thu\u1ed9c<\/p>","protected":false},"featured_media":23838,"comment_status":"open","ping_status":"closed","template":"","meta":[],"product_brand":[],"product_cat":[395,35],"product_tag":[],"class_list":{"0":"post-23502","1":"product","2":"type-product","3":"status-publish","4":"has-post-thumbnail","6":"product_cat-van-phong-pham","7":"product_cat-nha-cua-doi-song","8":"pa_brand-mont-marte","10":"first","11":"instock","12":"sale","13":"shipping-taxable","14":"purchasable","15":"product-type-simple"},"_links":{"self":[{"href":"https:\/\/havamall.vn\/en\/wp-json\/wp\/v2\/product\/23502"}],"collection":[{"href":"https:\/\/havamall.vn\/en\/wp-json\/wp\/v2\/product"}],"about":[{"href":"https:\/\/havamall.vn\/en\/wp-json\/wp\/v2\/types\/product"}],"replies":[{"embeddable":true,"href":"https:\/\/havamall.vn\/en\/wp-json\/wp\/v2\/comments?post=23502"}],"version-history":[{"count":0,"href":"https:\/\/havamall.vn\/en\/wp-json\/wp\/v2\/product\/23502\/revisions"}],"wp:featuredmedia":[{"embeddable":true,"href":"https:\/\/havamall.vn\/en\/wp-json\/wp\/v2\/media\/23838"}],"wp:attachment":[{"href":"https:\/\/havamall.vn\/en\/wp-json\/wp\/v2\/media?parent=23502"}],"wp:term":[{"taxonomy":"product_brand","embeddable":true,"href":"https:\/\/havamall.vn\/en\/wp-json\/wp\/v2\/product_brand?post=23502"},{"taxonomy":"product_cat","embeddable":true,"href":"https:\/\/havamall.vn\/en\/wp-json\/wp\/v2\/product_cat?post=23502"},{"taxonomy":"product_tag","embeddable":true,"href":"https:\/\/havamall.vn\/en\/wp-json\/wp\/v2\/product_tag?post=23502"}],"curies":[{"name":"wp","href":"https:\/\/api.w.org\/{rel}","templated":true}]}}