{"id":23452,"date":"2021-11-09T10:31:58","date_gmt":"2021-11-09T03:31:58","guid":{"rendered":"https:\/\/havamall.vn\/?post_type=product&#038;p=23452"},"modified":"2021-11-23T17:27:38","modified_gmt":"2021-11-23T10:27:38","slug":"tap-so-canvas-pad-mont-marte-10-to-a5","status":"publish","type":"product","link":"https:\/\/havamall.vn\/en\/shop\/tap-so-canvas-pad-mont-marte-10-to-a5\/","title":{"rendered":"T\u1eadp S\u1ed5 Canvas Pad Mont Marte 10 T\u1edd A5"},"content":{"rendered":"<div class=\"kvgmc6g5 cxmmr5t8 oygrvhab hcukyx3x c1et5uql ii04i59q\">\n<p dir=\"auto\">Mont Marte l\u00e0 h\u00e3ng h\u1ecda c\u1ee5 \u0111\u00e3 c\u00f3 m\u1eb7t t\u1ea1i h\u1ec7 th\u1ed1ng c\u1eeda h\u00e0ng c\u1ee7a h\u01a1n 300 t\u1ec9nh th\u00e0nh thu\u1ed9c 75 qu\u1ed1c gia tr\u00ean to\u00e0n th\u1ebf gi\u1edbi. \u0110i\u1ec1u n\u00e0y n\u00f3i l\u00ean s\u1ef1 ph\u00e1t tri\u1ec3n b\u1ec1n v\u1eefng c\u1ee7a nh\u00e3n h\u00e0ng Mont Marte tr\u00ean th\u1ecb tr\u01b0\u1eddng th\u1ebf gi\u1edbi.<\/p>\n<p dir=\"auto\">Vi\u1ec7t Nam kh\u00f4ng n\u1eb1m ngo\u00e0i danh s\u00e1ch \u0111\u00f3. V\u1edbi h\u00ecnh th\u1ee9c nh\u1eadp kh\u1ea9u ch\u00ednh h\u00e3ng, c\u00e1c s\u1ea3n ph\u1ea9m thu\u1ed9c th\u01b0\u01a1ng hi\u1ec7u Mont Marte \u0111\u00e3 \u0111\u01b0\u1ee3c C\u00f4ng ty TNHH Th\u01b0\u01a1ng m\u1ea1i Qu\u1ed1c t\u1ebf V\u0103n Minh ph\u00e2n ph\u1ed1i.<\/p>\n<p dir=\"auto\"><img fetchpriority=\"high\" decoding=\"async\" class=\"wp-image-23453 aligncenter\" src=\"https:\/\/havamall.vn\/wp-content\/uploads\/2021\/11\/8d9-300x300.png\" alt=\"\" width=\"724\" height=\"723\" srcset=\"https:\/\/havamall.vn\/wp-content\/uploads\/2021\/11\/8d9-300x300.png 300w, https:\/\/havamall.vn\/wp-content\/uploads\/2021\/11\/8d9-430x430.png 430w, https:\/\/havamall.vn\/wp-content\/uploads\/2021\/11\/8d9-150x150.png 150w, https:\/\/havamall.vn\/wp-content\/uploads\/2021\/11\/8d9-700x700.png 700w, https:\/\/havamall.vn\/wp-content\/uploads\/2021\/11\/8d9-768x768.png 768w, https:\/\/havamall.vn\/wp-content\/uploads\/2021\/11\/8d9-600x600.png 600w, https:\/\/havamall.vn\/wp-content\/uploads\/2021\/11\/8d9-100x100.png 100w, https:\/\/havamall.vn\/wp-content\/uploads\/2021\/11\/8d9.png 1000w\" sizes=\"(max-width: 724px) 100vw, 724px\" \/><\/p>\n<p dir=\"auto\">Mont Marte canvas d\u1ea1ng pad v\u1eabn s\u1eed d\u1ee5ng toan cotton nh\u01b0 th\u00f4ng th\u01b0\u1eddng v\u1edbi \u0111\u1ecbnh l\u01b0\u1ee3ng\u00a0280gsm, kh\u00f4ng ch\u1ee9a acid (acid-free) gi\u00fap tranh v\u1ebd kh\u00f4ng b\u1ecb \u1ed1 v\u00e0ng theo th\u1eddi gian, th\u00edch h\u1ee3p s\u1eed d\u1ee5ng v\u1edbi acrylic v\u00e0 s\u01a1n d\u1ea7u. B\u1ec1 m\u1eb7t c\u1ee7a t\u1eebng t\u1ea5m \u0111\u00e3 \u0111\u01b0\u1ee3c ph\u1ee7\u00a0acrylic gesso, s\u1eb5n s\u00e0ng cho b\u1ea1n v\u1ebd tr\u1ef1c ti\u1ebfp.\u00a0\u0110i\u1ec3m \u0111\u1eb7c bi\u1ec7t c\u1ee7a s\u1ea3n ph\u1ea9m ch\u00ednh l\u00e0 c\u00e1ch s\u1eed d\u1ee5ng v\u00f4 c\u00f9ng ti\u1ec7n l\u1ee3i, m\u1ed9t pad s\u1ebd g\u1ed3m 10 t\u1ea5m \u0111\u01b0\u1ee3c g\u1eafn keo \u1edf g\u00e1y \u0111\u1ec3 c\u00e1c b\u1ea1n th\u1ecfa th\u00edch t\u00e1ch r\u1eddi n\u1ebfu mu\u1ed1n.<\/p>\n<p dir=\"auto\"><img decoding=\"async\" class=\"wp-image-23454 aligncenter\" src=\"https:\/\/havamall.vn\/wp-content\/uploads\/2021\/11\/243317108-300x300.png\" alt=\"\" width=\"734\" height=\"734\" srcset=\"https:\/\/havamall.vn\/wp-content\/uploads\/2021\/11\/243317108-300x300.png 300w, https:\/\/havamall.vn\/wp-content\/uploads\/2021\/11\/243317108-430x430.png 430w, https:\/\/havamall.vn\/wp-content\/uploads\/2021\/11\/243317108-150x150.png 150w, https:\/\/havamall.vn\/wp-content\/uploads\/2021\/11\/243317108-700x700.png 700w, https:\/\/havamall.vn\/wp-content\/uploads\/2021\/11\/243317108-768x768.png 768w, https:\/\/havamall.vn\/wp-content\/uploads\/2021\/11\/243317108-600x600.png 600w, https:\/\/havamall.vn\/wp-content\/uploads\/2021\/11\/243317108-100x100.png 100w, https:\/\/havamall.vn\/wp-content\/uploads\/2021\/11\/243317108.png 854w\" sizes=\"(max-width: 734px) 100vw, 734px\" \/><\/p>\n<p>T\u1ea5m v\u1ebd Canvas Pad Mont Marte l\u00e0 m\u1ed9t s\u1ef1 l\u1ef1a ch\u1ecdn tuy\u1ec7t v\u1eddi d\u00e0nh cho t\u1ea5t c\u1ea3, t\u1eeb nh\u1eefng ng\u01b0\u1eddi m\u1edbi b\u1eaft \u0111\u1ea7u t\u1eadp v\u1ebd cho t\u1edbi nh\u1eefng h\u1ecda s\u1ef9 chuy\u00ean nghi\u1ec7p, v\u1edbi gi\u00e1 th\u00e0nh v\u00f4 c\u00f9ng ph\u1ea3i ch\u0103ng.<\/p>\n<p>Pad v\u1ea3i canvas Mont Marte \u0111\u01b0\u1ee3c \u0111\u00f3ng th\u00e0nh t\u1eadp 10 t\u1edd v\u00f4 c\u00f9ng ti\u1ec7n \u00edch \u0111\u1ec3 b\u1ea1n luy\u1ec7n t\u1eadp v\u1ebd m\u00e0u s\u01a1n d\u1ea7u hay mong mu\u1ed1n t\u00e1ch ri\u00eang ra m\u1ed7i khi ho\u00e0n th\u00e0nh t\u00e1c ph\u1ea9m \u0111\u1ec3 treo tr\u01b0ng b\u00e0y. Ch\u1ea5t li\u1ec7u v\u1ea3i canvas \u0111\u1ecbnh l\u01b0\u1ee3ng 280gsm chuy\u00ean bi\u1ec7t \u0111\u1ec3 v\u1ebd m\u00e0u s\u01a1n d\u1ea7u. K\u00edch th\u01b0\u1edbc A5 th\u00f4ng d\u1ee5ng th\u00edch h\u1ee3p cho m\u1ee5c \u0111\u00edch\u00a0luy\u1ec7n t\u1eadp v\u00e0 v\u1ebd theo s\u1edf th\u00edch c\u00e1 nh\u00e2n.<\/p>\n<p><img decoding=\"async\" class=\"wp-image-23455 aligncenter\" src=\"https:\/\/havamall.vn\/wp-content\/uploads\/2021\/11\/201ea5b0242-300x300.png\" alt=\"\" width=\"745\" height=\"745\" srcset=\"https:\/\/havamall.vn\/wp-content\/uploads\/2021\/11\/201ea5b0242-300x300.png 300w, https:\/\/havamall.vn\/wp-content\/uploads\/2021\/11\/201ea5b0242-430x430.png 430w, https:\/\/havamall.vn\/wp-content\/uploads\/2021\/11\/201ea5b0242-150x150.png 150w, https:\/\/havamall.vn\/wp-content\/uploads\/2021\/11\/201ea5b0242-700x700.png 700w, https:\/\/havamall.vn\/wp-content\/uploads\/2021\/11\/201ea5b0242-768x768.png 768w, https:\/\/havamall.vn\/wp-content\/uploads\/2021\/11\/201ea5b0242-600x600.png 600w, https:\/\/havamall.vn\/wp-content\/uploads\/2021\/11\/201ea5b0242-100x100.png 100w, https:\/\/havamall.vn\/wp-content\/uploads\/2021\/11\/201ea5b0242.png 888w\" sizes=\"(max-width: 745px) 100vw, 745px\" \/><\/p>\n<h3><strong>\u0110\u1eb7c \u0111i\u1ec3m n\u1ed5i b\u1eadt c\u1ee7a s\u1ea3n ph\u1ea9m:<\/strong><\/h3>\n<p>&gt; Ch\u1ea5t li\u1ec7u v\u1ea3i canvas ch\u1ea5t l\u01b0\u1ee3ng cao \u0111\u1ea3m b\u1ea3o m\u00e0u v\u1ebd kh\u00f4ng b\u1ecb th\u1ea5m\u00a0l\u00e0m d\u00ednh l\u00ean c\u00e1c t\u1edd ph\u00eda sau<\/p>\n<p>&gt; Thi\u1ebft k\u1ebf d\u1ea1ng pad b\u1ebf keo n\u00ean b\u1ea1n c\u00f3 th\u1ec3 d\u1ec5 d\u00e0ng t\u00e1ch ra th\u00e0nh t\u1eebng t\u1edd ri\u00eang bi\u1ec7t.<\/p>\n<p>&gt; Ch\u1ea5t l\u01b0\u1ee3ng \u0111\u1ed3ng nh\u1ea5t, \u0111\u1ea1t \u0111\u1ed9 chu\u1ea9n cao: d\u00e0y 0.38mm.<\/p>\n<p>&gt; B\u1ec1 m\u1eb7t b\u00e1m d\u00ednh m\u00e0u cho t\u00e1c ph\u1ea9m l\u00ean \u0111\u00fang m\u00e0u nh\u01b0 mong mu\u1ed1n.<\/p>\n<p>&gt; K\u1ebft c\u1ea5u b\u1ec1 m\u1eb7t \u0111\u1ec1u nhau, s\u1edb v\u1ea3i m\u1ecbn n\u00ean l\u00ean m\u00e0u \u0111\u1ec1u, \u0111\u1eb9p v\u00e0 b\u00f3ng m\u1ecbn<\/p>\n<p><img decoding=\"async\" class=\"aligncenter\" src=\"https:\/\/havamall.vn\/wp-content\/uploads\/2021\/11\/Canvas-pad-mont-marte-toan-khung-quyen-so-ve-hoa-cu-hkuk-hoacuhkuk-huku-hkukvn-tiki-shopee-lazada-gia-re-tot-13.jpg\" alt=\"Canvas pad Mont Marte toan d\u1ea1ng quy\u1ec3n l\u1eadt size A3\/A4 \u2013 HKUK.VN\" \/><\/p>\n<h3><strong>Th\u00f4ng tin s\u1ea3n ph\u1ea9m:<\/strong><\/h3>\n<p dir=\"auto\">\u2013 Canvas l\u00e0m b\u1eb1ng v\u1ea3i b\u00f4ng t\u1ef1 nhi\u00ean<\/p>\n<p dir=\"auto\">\u2013 B\u1ec1 m\u1eb7t ph\u1ee7 s\u1eb5n l\u1edbp n\u1ec1n cho m\u00e0u acrylic<\/p>\n<p dir=\"auto\">\u2013 Canvas c\u00f3 th\u1ec3 d\u00f9ng v\u1edbi c\u00e1c ch\u1ea5t li\u1ec7u m\u00e0u d\u1ea7u v\u00e0 m\u00e0u arcrylic, m\u00e0u gouche<\/p>\n<\/div>\n<p dir=\"auto\">S\u1ea3n ph\u1ea9m hi\u1ec7n \u0111\u00e3 c\u00f3 m\u1eb7t t\u1ea1i Havamall.<\/p>","protected":false},"excerpt":{"rendered":"<p>Mont Marte l\u00e0 h\u00e3ng h\u1ecda c\u1ee5 \u0111\u00e3 c\u00f3 m\u1eb7t t\u1ea1i h\u1ec7 th\u1ed1ng c\u1eeda h\u00e0ng c\u1ee7a h\u01a1n 300 t\u1ec9nh th\u00e0nh thu\u1ed9c<\/p>","protected":false},"featured_media":23840,"comment_status":"open","ping_status":"closed","template":"","meta":[],"product_brand":[],"product_cat":[395,35],"product_tag":[],"class_list":{"0":"post-23452","1":"product","2":"type-product","3":"status-publish","4":"has-post-thumbnail","6":"product_cat-van-phong-pham","7":"product_cat-nha-cua-doi-song","8":"pa_brand-mont-marte","10":"first","11":"instock","12":"sale","13":"shipping-taxable","14":"purchasable","15":"product-type-simple"},"_links":{"self":[{"href":"https:\/\/havamall.vn\/en\/wp-json\/wp\/v2\/product\/23452"}],"collection":[{"href":"https:\/\/havamall.vn\/en\/wp-json\/wp\/v2\/product"}],"about":[{"href":"https:\/\/havamall.vn\/en\/wp-json\/wp\/v2\/types\/product"}],"replies":[{"embeddable":true,"href":"https:\/\/havamall.vn\/en\/wp-json\/wp\/v2\/comments?post=23452"}],"version-history":[{"count":0,"href":"https:\/\/havamall.vn\/en\/wp-json\/wp\/v2\/product\/23452\/revisions"}],"wp:featuredmedia":[{"embeddable":true,"href":"https:\/\/havamall.vn\/en\/wp-json\/wp\/v2\/media\/23840"}],"wp:attachment":[{"href":"https:\/\/havamall.vn\/en\/wp-json\/wp\/v2\/media?parent=23452"}],"wp:term":[{"taxonomy":"product_brand","embeddable":true,"href":"https:\/\/havamall.vn\/en\/wp-json\/wp\/v2\/product_brand?post=23452"},{"taxonomy":"product_cat","embeddable":true,"href":"https:\/\/havamall.vn\/en\/wp-json\/wp\/v2\/product_cat?post=23452"},{"taxonomy":"product_tag","embeddable":true,"href":"https:\/\/havamall.vn\/en\/wp-json\/wp\/v2\/product_tag?post=23452"}],"curies":[{"name":"wp","href":"https:\/\/api.w.org\/{rel}","templated":true}]}}