{"id":23431,"date":"2021-11-08T16:27:36","date_gmt":"2021-11-08T09:27:36","guid":{"rendered":"https:\/\/havamall.vn\/?post_type=product&#038;p=23431"},"modified":"2021-11-08T16:27:36","modified_gmt":"2021-11-08T09:27:36","slug":"canvas-panels-5-cai-10-2x10-2cm","status":"publish","type":"product","link":"https:\/\/havamall.vn\/en\/shop\/canvas-panels-5-cai-10-2x10-2cm\/","title":{"rendered":"Canvas Panels 5 C\u00e1i 10.2&#215;10.2cm"},"content":{"rendered":"<div class=\"kvgmc6g5 cxmmr5t8 oygrvhab hcukyx3x c1et5uql ii04i59q\">\n<p dir=\"auto\">Mont Marte l\u00e0 h\u00e3ng h\u1ecda c\u1ee5 \u0111\u00e3 c\u00f3 m\u1eb7t t\u1ea1i h\u1ec7 th\u1ed1ng c\u1eeda h\u00e0ng c\u1ee7a h\u01a1n 300 t\u1ec9nh th\u00e0nh thu\u1ed9c 75 qu\u1ed1c gia tr\u00ean to\u00e0n th\u1ebf gi\u1edbi. \u0110i\u1ec1u n\u00e0y n\u00f3i l\u00ean s\u1ef1 ph\u00e1t tri\u1ec3n b\u1ec1n v\u1eefng c\u1ee7a nh\u00e3n h\u00e0ng Mont Marte tr\u00ean th\u1ecb tr\u01b0\u1eddng th\u1ebf gi\u1edbi.<\/p>\n<p dir=\"auto\">Vi\u1ec7t Nam kh\u00f4ng n\u1eb1m ngo\u00e0i danh s\u00e1ch \u0111\u00f3. V\u1edbi h\u00ecnh th\u1ee9c nh\u1eadp kh\u1ea9u ch\u00ednh h\u00e3ng, c\u00e1c s\u1ea3n ph\u1ea9m thu\u1ed9c th\u01b0\u01a1ng hi\u1ec7u Mont Marte \u0111\u00e3 \u0111\u01b0\u1ee3c C\u00f4ng ty TNHH Th\u01b0\u01a1ng m\u1ea1i Qu\u1ed1c t\u1ebf V\u0103n Minh ph\u00e2n ph\u1ed1i.<\/p>\n<p dir=\"auto\"><img fetchpriority=\"high\" decoding=\"async\" class=\"wp-image-23425 aligncenter\" src=\"https:\/\/havamall.vn\/wp-content\/uploads\/2021\/11\/b1360-300x300.png\" alt=\"\" width=\"742\" height=\"742\" srcset=\"https:\/\/havamall.vn\/wp-content\/uploads\/2021\/11\/b1360-300x300.png 300w, https:\/\/havamall.vn\/wp-content\/uploads\/2021\/11\/b1360-430x430.png 430w, https:\/\/havamall.vn\/wp-content\/uploads\/2021\/11\/b1360-150x150.png 150w, https:\/\/havamall.vn\/wp-content\/uploads\/2021\/11\/b1360-700x700.png 700w, https:\/\/havamall.vn\/wp-content\/uploads\/2021\/11\/b1360-768x768.png 768w, https:\/\/havamall.vn\/wp-content\/uploads\/2021\/11\/b1360-600x600.png 600w, https:\/\/havamall.vn\/wp-content\/uploads\/2021\/11\/b1360-100x100.png 100w, https:\/\/havamall.vn\/wp-content\/uploads\/2021\/11\/b1360.png 1000w\" sizes=\"(max-width: 742px) 100vw, 742px\" \/><\/p>\n<p dir=\"auto\">Canvas panel c\u1ee7a Mont Marte l\u00e0 \u00fd t\u01b0\u1edfng\u00a0qu\u00e0 t\u1eb7ng d\u1ec5 th\u01b0\u01a1ng ho\u1eb7c d\u00f9ng cho v\u1ebd trang tr\u00ed \u0111\u00e1m c\u01b0\u1edbi, ti\u1ec7c ho\u1eb7c c\u00e1c d\u1ecbp \u0111\u1eb7c bi\u1ec7t kh\u00e1c. Canvas c\u00f3 k\u00edch th\u01b0\u1edbc 10.2&#215;10.2cm, v\u1ea3i d\u00e0y d\u1eb7n v\u00e0 \u0111\u00e3 \u0111\u01b0\u1ee3c ph\u1ee7 l\u1edbp l\u00f3t acrylic gesso, c\u00f3 th\u1ec3 v\u1ebd tr\u1ef1c ti\u1ebfp l\u00ean \u0111\u01b0\u1ee3c.\u00a0L\u00fd t\u01b0\u1edfng cho v\u1ebd miniture painting v\u00e0 cards. T\u1ea1o ra nh\u1eefng t\u00e1c ph\u1ea9m nh\u1ecf v\u1edbi s\u00e1ng t\u1ea1o l\u1edbn.<\/p>\n<p>T\u1ea5m v\u1ebd Canvas Panel Mont Marte l\u00e0 m\u1ed9t s\u1ef1 l\u1ef1a ch\u1ecdn tuy\u1ec7t v\u1eddi d\u00e0nh cho t\u1ea5t c\u1ea3, t\u1eeb nh\u1eefng ng\u01b0\u1eddi m\u1edbi b\u1eaft \u0111\u1ea7u t\u1eadp v\u1ebd cho t\u1edbi nh\u1eefng h\u1ecda s\u1ef9 chuy\u00ean nghi\u1ec7p, v\u1edbi gi\u00e1 th\u00e0nh v\u00f4 c\u00f9ng ph\u1ea3i ch\u0103ng.<\/p>\n<p><img decoding=\"async\" class=\"wp-image-23433 aligncenter\" src=\"https:\/\/havamall.vn\/wp-content\/uploads\/2021\/11\/4f7ca147859b-300x300.png\" alt=\"\" width=\"743\" height=\"744\" srcset=\"https:\/\/havamall.vn\/wp-content\/uploads\/2021\/11\/4f7ca147859b-300x300.png 300w, https:\/\/havamall.vn\/wp-content\/uploads\/2021\/11\/4f7ca147859b-430x430.png 430w, https:\/\/havamall.vn\/wp-content\/uploads\/2021\/11\/4f7ca147859b-150x150.png 150w, https:\/\/havamall.vn\/wp-content\/uploads\/2021\/11\/4f7ca147859b-700x700.png 700w, https:\/\/havamall.vn\/wp-content\/uploads\/2021\/11\/4f7ca147859b-768x768.png 768w, https:\/\/havamall.vn\/wp-content\/uploads\/2021\/11\/4f7ca147859b-600x600.png 600w, https:\/\/havamall.vn\/wp-content\/uploads\/2021\/11\/4f7ca147859b-100x100.png 100w, https:\/\/havamall.vn\/wp-content\/uploads\/2021\/11\/4f7ca147859b.png 1024w\" sizes=\"(max-width: 743px) 100vw, 743px\" \/><\/p>\n<p>Canvas Panel c\u00f3 b\u1ec1 m\u1eb7t ch\u1eafc ch\u1eafn, v\u1eefng ch\u00e3i, kh\u00f4ng b\u1ecb x\u00ea d\u1ecbch, v\u00e0 \u0111\u1eb7c bi\u1ec7t th\u00edch h\u1ee3p cho nh\u1eefng chuy\u1ebfn v\u1ebd tranh ngo\u00e0i tr\u1eddi b\u1edfi s\u1ef1 nh\u1ecf g\u1ecdn v\u00e0 d\u1ec5 di chuy\u1ec3n c\u1ee7a m\u00ecnh. V\u1edbi c\u1ea5u tr\u00fac ch\u1eafc ch\u1eafn, Canvas Panel c\u1ee7a Mont Marte c\u0169ng ph\u00f9 h\u1ee3p khi b\u1ea1n s\u1eed d\u1ee5ng k\u1ef9 thu\u1eadt collage khi v\u1ebd tranh<\/p>\n<p dir=\"auto\">\u00a0Khung tranh \u0111\u01b0\u1ee3c c\u0103n b\u1eb1ng\u00a0v\u1ea3i Canvas\u00a0t\u1eeb v\u1ea3i b\u1ed1 d\u00e0y \u0111\u00e3 c\u00f3 ph\u1ee7 l\u1edbp s\u01a1n l\u00f3t,\u00a0c\u00f3 ch\u1ea5t l\u01b0\u1ee3ng t\u1ed1t, v\u1ea3i th\u00f4 c\u00f3 v\u00e2n l\u00e0m t\u0103ng kh\u1ea3 n\u0103ng\u00a0b\u00e1m m\u00e0u cao. V\u1ea3i Canvas m\u00e0u tr\u1eafng gi\u00fap m\u00e0u s\u1eafc \u0111\u01b0\u1ee3c l\u00ean chu\u1ea9n nh\u1ea5t.<\/p>\n<p dir=\"auto\"><img decoding=\"async\" class=\"wp-image-23434 aligncenter\" src=\"https:\/\/havamall.vn\/wp-content\/uploads\/2021\/11\/8d98f34-300x300.png\" alt=\"\" width=\"745\" height=\"745\" srcset=\"https:\/\/havamall.vn\/wp-content\/uploads\/2021\/11\/8d98f34-300x300.png 300w, https:\/\/havamall.vn\/wp-content\/uploads\/2021\/11\/8d98f34-430x430.png 430w, https:\/\/havamall.vn\/wp-content\/uploads\/2021\/11\/8d98f34-150x150.png 150w, https:\/\/havamall.vn\/wp-content\/uploads\/2021\/11\/8d98f34-700x700.png 700w, https:\/\/havamall.vn\/wp-content\/uploads\/2021\/11\/8d98f34-768x768.png 768w, https:\/\/havamall.vn\/wp-content\/uploads\/2021\/11\/8d98f34-600x600.png 600w, https:\/\/havamall.vn\/wp-content\/uploads\/2021\/11\/8d98f34-100x100.png 100w, https:\/\/havamall.vn\/wp-content\/uploads\/2021\/11\/8d98f34.png 1000w\" sizes=\"(max-width: 745px) 100vw, 745px\" \/><\/p>\n<p dir=\"auto\">S\u1ea3n ph\u1ea9m c\u00f3\u00a0tr\u1ecdng l\u01b0\u1ee3ng nh\u1eb9, k\u00edch th\u01b0\u1edbc g\u1ecdn, d\u1ec5 d\u00e0ng mang theo khi v\u1ebd ngo\u00e0i tr\u1eddi, \u0111i h\u1ecdc&#8230; k\u00edch th\u01b0\u1edbc nh\u1ecf, d\u1ec5 th\u01b0\u01a1ng th\u00edch h\u1ee3p v\u1edbi nh\u1eefng kh\u1ed5 tranh nh\u1ecf, l\u00e0m qu\u00e0 t\u1eb7ng cho b\u1ea1n b\u00e8.<\/p>\n<h3><strong>Th\u00f4ng tin s\u1ea3n ph\u1ea9m:<\/strong><\/h3>\n<p dir=\"auto\">&#8211; Canvas l\u00e0m b\u1eb1ng v\u1ea3i b\u00f4ng t\u1ef1 nhi\u00ean<\/p>\n<p dir=\"auto\">&#8211; B\u1ec1 m\u1eb7t ph\u1ee7 s\u1eb5n l\u1edbp n\u1ec1n cho m\u00e0u acrylic<\/p>\n<p dir=\"auto\">&#8211; Canvas c\u00f3 th\u1ec3 d\u00f9ng v\u1edbi c\u00e1c ch\u1ea5t li\u1ec7u m\u00e0u d\u1ea7u v\u00e0 m\u00e0u arcrylic, m\u00e0u gouche<\/p>\n<p dir=\"auto\">&#8211; K\u00edch th\u01b0\u1edbc: 10.2x10cm, 5 c\u00e1i<\/p>\n<p dir=\"auto\"><img loading=\"lazy\" decoding=\"async\" class=\"wp-image-23435 aligncenter\" src=\"https:\/\/havamall.vn\/wp-content\/uploads\/2021\/11\/244762116_1977-300x225.png\" alt=\"\" width=\"753\" height=\"565\" srcset=\"https:\/\/havamall.vn\/wp-content\/uploads\/2021\/11\/244762116_1977-300x225.png 300w, https:\/\/havamall.vn\/wp-content\/uploads\/2021\/11\/244762116_1977-430x323.png 430w, https:\/\/havamall.vn\/wp-content\/uploads\/2021\/11\/244762116_1977-150x113.png 150w, https:\/\/havamall.vn\/wp-content\/uploads\/2021\/11\/244762116_1977-700x525.png 700w, https:\/\/havamall.vn\/wp-content\/uploads\/2021\/11\/244762116_1977-768x576.png 768w, https:\/\/havamall.vn\/wp-content\/uploads\/2021\/11\/244762116_1977-1024x768.png 1024w, https:\/\/havamall.vn\/wp-content\/uploads\/2021\/11\/244762116_1977-1200x900.png 1200w, https:\/\/havamall.vn\/wp-content\/uploads\/2021\/11\/244762116_1977-600x450.png 600w, https:\/\/havamall.vn\/wp-content\/uploads\/2021\/11\/244762116_1977.png 2048w\" sizes=\"(max-width: 753px) 100vw, 753px\" \/><\/p>\n<\/div>\n<div class=\"kvgmc6g5 cxmmr5t8 oygrvhab hcukyx3x c1et5uql ii04i59q\">\n<h3><strong>\u0110\u1eb7c \u0111i\u1ec3m n\u1ed5i b\u1eadt c\u1ee7a s\u1ea3n ph\u1ea9m:<\/strong><\/h3>\n<\/div>\n<p dir=\"auto\">&#8211; S\u1eed d\u1ee5ng canvas cotton kh\u00f4ng ch\u1ee9a acid v\u00e0 d\u1ec7t v\u1edbi 100% s\u1ee3i cotton tr\u1eafng t\u1ef1 nhi\u00ean, \u0111\u01b0\u1ee3c c\u0103ng ph\u1eb3ng tr\u00ean khung s\u1eaft xi g\u1ed7 th\u00f4ng c\u00f3 \u0111\u1ed9 d\u00e0y 38mm (1,5 inch)<\/p>\n<p dir=\"auto\">&#8211; M\u1eb7t toan \u0111\u01b0\u1ee3c ph\u1ee7 ba l\u1edbp l\u00f3t (primer) ti\u00eau chu\u1ea9n \u0111\u1ec3 c\u00f3 th\u1ec3 s\u1eed d\u1ee5ng ngay sau khi th\u00e1o b\u1ecdc.<\/p>\n<p dir=\"auto\">&#8211; Ph\u00f9 h\u1ee3p cho c\u1ea3 h\u1ecda s\u0129 chuy\u00ean nghi\u1ec7p l\u1eabn kh\u00f4ng chuy\u00ean nghi\u1ec7p.<\/p>\n<p dir=\"auto\">&#8211; Toan v\u1ea3i ph\u00f9 h\u1ee3p s\u1eed d\u1ee5ng v\u1edbi ch\u1ea5t li\u00ea\u1ee5 acrylic v\u00e0 s\u01a1n d\u1ea7u.\u00a0M\u1ed7i canvas \u0111i k\u00e8m 1 gi\u00e1 v\u1ebd b\u1eb1ng g\u1ed7 s\u1ed3i v\u1edbi thi\u1ebft k\u1ebf \u0111\u1eb9p m\u1eaft\u00a0\u0111\u1ec3 tr\u01b0ng b\u00e0y<\/p>\n<p>S\u1ea3n ph\u1ea9m hi\u1ec7n \u0111\u00e3 c\u00f3 m\u1eb7t t\u1ea1i Havamall.<\/p>\n<p>&nbsp;<\/p>","protected":false},"excerpt":{"rendered":"<p>Mont Marte l\u00e0 h\u00e3ng h\u1ecda c\u1ee5 \u0111\u00e3 c\u00f3 m\u1eb7t t\u1ea1i h\u1ec7 th\u1ed1ng c\u1eeda h\u00e0ng c\u1ee7a h\u01a1n 300 t\u1ec9nh th\u00e0nh thu\u1ed9c<\/p>","protected":false},"featured_media":23436,"comment_status":"open","ping_status":"closed","template":"","meta":[],"product_brand":[],"product_cat":[395,35],"product_tag":[],"class_list":{"0":"post-23431","1":"product","2":"type-product","3":"status-publish","4":"has-post-thumbnail","6":"product_cat-van-phong-pham","7":"product_cat-nha-cua-doi-song","8":"pa_brand-mont-marte","10":"first","11":"instock","12":"sale","13":"shipping-taxable","14":"purchasable","15":"product-type-simple"},"_links":{"self":[{"href":"https:\/\/havamall.vn\/en\/wp-json\/wp\/v2\/product\/23431"}],"collection":[{"href":"https:\/\/havamall.vn\/en\/wp-json\/wp\/v2\/product"}],"about":[{"href":"https:\/\/havamall.vn\/en\/wp-json\/wp\/v2\/types\/product"}],"replies":[{"embeddable":true,"href":"https:\/\/havamall.vn\/en\/wp-json\/wp\/v2\/comments?post=23431"}],"version-history":[{"count":0,"href":"https:\/\/havamall.vn\/en\/wp-json\/wp\/v2\/product\/23431\/revisions"}],"wp:featuredmedia":[{"embeddable":true,"href":"https:\/\/havamall.vn\/en\/wp-json\/wp\/v2\/media\/23436"}],"wp:attachment":[{"href":"https:\/\/havamall.vn\/en\/wp-json\/wp\/v2\/media?parent=23431"}],"wp:term":[{"taxonomy":"product_brand","embeddable":true,"href":"https:\/\/havamall.vn\/en\/wp-json\/wp\/v2\/product_brand?post=23431"},{"taxonomy":"product_cat","embeddable":true,"href":"https:\/\/havamall.vn\/en\/wp-json\/wp\/v2\/product_cat?post=23431"},{"taxonomy":"product_tag","embeddable":true,"href":"https:\/\/havamall.vn\/en\/wp-json\/wp\/v2\/product_tag?post=23431"}],"curies":[{"name":"wp","href":"https:\/\/api.w.org\/{rel}","templated":true}]}}