{"id":23400,"date":"2021-11-04T16:29:46","date_gmt":"2021-11-04T09:29:46","guid":{"rendered":"https:\/\/havamall.vn\/?post_type=product&#038;p=23400"},"modified":"2022-11-21T09:32:17","modified_gmt":"2022-11-21T02:32:17","slug":"cha-gio-re-hai-san-m-ngon-500g","status":"publish","type":"product","link":"https:\/\/havamall.vn\/en\/shop\/cha-gio-re-hai-san-m-ngon-500g\/","title":{"rendered":"Ch\u1ea3 Gi\u00f2 R\u1ebf H\u1ea3i S\u1ea3n M-Ngon 500g"},"content":{"rendered":"<h3><strong>TH\u00d4NG TIN S\u1ea2N PH\u1ea8M<\/strong><\/h3>\n<table>\n<tbody>\n<tr>\n<td>Th\u01b0\u01a1ng hi\u1ec7u<\/td>\n<td>M-Ngon<\/td>\n<\/tr>\n<tr>\n<td>Xu\u1ea5t x\u1ee9<\/td>\n<td>Vi\u1ec7t Nam<\/td>\n<\/tr>\n<tr>\n<td>Th\u00e0nh ph\u1ea7n<\/td>\n<td>B\u00e1nh r\u1ebf, h\u1ea3i s\u1ea3n, c\u1ee7 s\u1eafn, c\u00e0 r\u1ed1t, khoai lang,&#8230;<\/td>\n<\/tr>\n<tr>\n<td>H\u1ea1n s\u1eed d\u1ee5ng<\/td>\n<td>12 th\u00e1ng k\u1ec3 t\u1eeb ng\u00e0y s\u1ea3n xu\u1ea5t.<\/td>\n<\/tr>\n<tr>\n<td>B\u1ea3o qu\u1ea3n<\/td>\n<td>B\u1ea3o qu\u1ea3n \u1edf nhi\u1ec7t \u0111\u1ed9 -18 \u0111\u1ed9 C<\/td>\n<\/tr>\n<tr>\n<td>Kh\u1ed1i l\u01b0\u1ee3ng t\u1ecbnh<\/td>\n<td>500g<\/td>\n<\/tr>\n<\/tbody>\n<\/table>\n<p>Ch\u1ea3 gi\u00f2 r\u1ebf h\u1ea3i s\u1ea3n M-Ngon\u00a0s\u1eed d\u1ee5ng c\u00e1c nguy\u00ean li\u1ec7u truy\u1ec1n th\u1ed1ng k\u1ebft h\u1ee3p v\u1edbi h\u1ea3i s\u1ea3n s\u1ea1ch \u0111\u01b0\u1ee3c n\u00eam n\u1ebfm v\u1eeba mi\u1ec7ng cho h\u01b0\u01a1ng v\u1ecb \u0111\u1eb7c tr\u01b0ng th\u01a1m ngon. V\u1ecf b\u00e1nh da x\u1ed1p \u00edt th\u1ea5m d\u1ea7u, gi\u00f2n r\u1ee5m kho\u00e1 tr\u1ecdn nh\u00e2n th\u1ecbt m\u1ec1m t\u1ea1o c\u1ea5u tr\u00fac tr\u00f2n \u0111\u1ec1u \u0111\u1eb9p m\u1eaft, h\u1ea5p d\u1eabn khi \u0103n. S\u1ea3n ph\u1ea9m c\u00f3 th\u1ec3 l\u00e0m m\u00f3n \u0103n v\u1eb7t ho\u1eb7c d\u00f9ng k\u00e8m b\u00fan, b\u00e1nh tr\u00e1ng, rau&#8230; ch\u1ebf bi\u1ebfn th\u00e0nh m\u00f3n y\u00eau th\u00edch kh\u00e1c.<\/p>\n<p><img fetchpriority=\"high\" decoding=\"async\" class=\"wp-image-21906 aligncenter\" src=\"https:\/\/havamall.vn\/wp-content\/uploads\/2021\/09\/7758e79d-f5-300x300.png\" alt=\"\" width=\"662\" height=\"662\" srcset=\"https:\/\/havamall.vn\/wp-content\/uploads\/2021\/09\/7758e79d-f5-300x300.png 300w, https:\/\/havamall.vn\/wp-content\/uploads\/2021\/09\/7758e79d-f5-430x430.png 430w, https:\/\/havamall.vn\/wp-content\/uploads\/2021\/09\/7758e79d-f5-150x150.png 150w, https:\/\/havamall.vn\/wp-content\/uploads\/2021\/09\/7758e79d-f5-700x700.png 700w, https:\/\/havamall.vn\/wp-content\/uploads\/2021\/09\/7758e79d-f5-768x768.png 768w, https:\/\/havamall.vn\/wp-content\/uploads\/2021\/09\/7758e79d-f5-1024x1024.png 1024w, https:\/\/havamall.vn\/wp-content\/uploads\/2021\/09\/7758e79d-f5.png 1200w, https:\/\/havamall.vn\/wp-content\/uploads\/2021\/09\/7758e79d-f5-600x600.png 600w, https:\/\/havamall.vn\/wp-content\/uploads\/2021\/09\/7758e79d-f5-100x100.png 100w\" sizes=\"(max-width: 662px) 100vw, 662px\" \/><\/p>\n<p>V\u1edbi\u00a0Ch\u1ea3 gi\u00f2 r\u1ebf h\u1ea3i s\u1ea3n M-Ngon vi\u1ec7c v\u00e0o b\u1ebfp v\u00f4 c\u00f9ng d\u1ec5 d\u00e0ng v\u00e0 ti\u1ec7n l\u1ee3i, ch\u1ea3 gi\u00f2 r\u1ebf h\u1ea3i s\u1ea3n \u0111\u01b0\u1ee3c tuy\u1ec3n ch\u1ecdn t\u1eeb nh\u1eefng nguy\u00ean li\u1ec7u \u0111\u1ea3m b\u1ea3o nh\u1ea5t, ch\u1ecdn l\u1ecdc k\u0129 l\u01b0\u1ee1ng.<\/p>\n<p>Ch\u1ea3 gi\u00f2 l\u00e0 m\u00f3n \u0103n v\u00f4 c\u00f9ng ph\u1ed5 bi\u1ebfn v\u00e0 d\u1ec5 \u0103n, \u0111\u00e1nh th\u1ee9c kh\u1ea9u v\u1ecb t\u1eeb m\u00f9i th\u01a1m c\u1ee7a nh\u00e2n ch\u1ea3 gi\u00f2 k\u1ebft h\u1ee3p v\u1edbi b\u00e1nh r\u1ebf chi\u00ean gi\u00f2n r\u1ee5m.<\/p>\n<p><img decoding=\"async\" class=\"wp-image-21907 aligncenter\" src=\"https:\/\/havamall.vn\/wp-content\/uploads\/2021\/09\/15040-237x300.png\" alt=\"\" width=\"666\" height=\"844\" srcset=\"https:\/\/havamall.vn\/wp-content\/uploads\/2021\/09\/15040-237x300.png 237w, https:\/\/havamall.vn\/wp-content\/uploads\/2021\/09\/15040-430x545.png 430w, https:\/\/havamall.vn\/wp-content\/uploads\/2021\/09\/15040-150x190.png 150w, https:\/\/havamall.vn\/wp-content\/uploads\/2021\/09\/15040-700x887.png 700w, https:\/\/havamall.vn\/wp-content\/uploads\/2021\/09\/15040-768x973.png 768w, https:\/\/havamall.vn\/wp-content\/uploads\/2021\/09\/15040-600x761.png 600w, https:\/\/havamall.vn\/wp-content\/uploads\/2021\/09\/15040.png 800w\" sizes=\"(max-width: 666px) 100vw, 666px\" \/><\/p>\n<p>Ch\u1ea3 gi\u00f2 r\u1ebf mang h\u01b0\u01a1ng v\u1ecb th\u01a1m n\u1ee9c ngay t\u1eeb khi th\u1ea3 v\u00e0o d\u1ea7u chi\u00ean. Sau khi chi\u00ean v\u00e0ng, c\u1eafn v\u00e0o gi\u00f2n tan, l\u00fac nhai c\u1ea3m nh\u1eadn \u0111\u01b0\u1ee3c v\u1ecb b\u00f9i b\u00f9i h\u00f2a quy\u1ec7n c\u1ee7a th\u1ecbt t\u00f4m v\u1edbi rau c\u1ee7 th\u00e1i nh\u1ecf \u0111\u01b0\u1ee3c n\u00eam n\u1ebfm gia v\u1ecb v\u1eeba mi\u1ec7ng. Kh\u00f4ng ch\u1ec9 l\u00e0 m\u00f3n \u0103n th\u01a1m ngon b\u00ean m\u00e2m c\u01a1m gia \u0111\u00ecnh m\u00e0 c\u00f2n l\u00e0 m\u00f3n \u0103n v\u1eb7t kho\u00e1i kh\u1ea9u c\u1ee7a nhi\u1ec1u ng\u01b0\u1eddi Vi\u1ec7t.<\/p>\n<p><img decoding=\"async\" class=\"wp-image-21912 aligncenter\" src=\"https:\/\/havamall.vn\/wp-content\/uploads\/2021\/09\/cha-gio--300x225.png\" alt=\"\" width=\"687\" height=\"515\" srcset=\"https:\/\/havamall.vn\/wp-content\/uploads\/2021\/09\/cha-gio--300x225.png 300w, https:\/\/havamall.vn\/wp-content\/uploads\/2021\/09\/cha-gio--430x323.png 430w, https:\/\/havamall.vn\/wp-content\/uploads\/2021\/09\/cha-gio--150x113.png 150w, https:\/\/havamall.vn\/wp-content\/uploads\/2021\/09\/cha-gio--700x525.png 700w, https:\/\/havamall.vn\/wp-content\/uploads\/2021\/09\/cha-gio--768x576.png 768w, https:\/\/havamall.vn\/wp-content\/uploads\/2021\/09\/cha-gio-.png 1024w, https:\/\/havamall.vn\/wp-content\/uploads\/2021\/09\/cha-gio--600x450.png 600w\" sizes=\"(max-width: 687px) 100vw, 687px\" \/><\/p>\n<p>Ch\u1ea3 gi\u00f2 r\u1ebf M-Ngon l\u00e0 s\u1ea3n ph\u1ea9m r\u1ea5t \u0111\u01b0\u1ee3c \u01b0a chu\u1ed9ng, \u0111\u00e1p \u1ee9ng nhu c\u1ea7u ng\u00e0y c\u00e0ng cao trong b\u1eefa \u0103n c\u1ee7a m\u1ed7i gia \u0111\u00ecnh. Trong ch\u1ea3 gi\u00f2 h\u1ea3i s\u1ea3n ch\u1ee9a h\u00e0m l\u01b0\u1ee3ng c\u00e1c vitamin, canxi, protein cao, \u0111\u1ea3m b\u1ea3o nhu c\u1ea7u dinh d\u01b0\u1ee1ng c\u1ee7a m\u1ecdi ng\u01b0\u1eddi.<\/p>\n<p>V\u1edbi th\u00e0nh ph\u1ea7n b\u00e1nh r\u1ebf, t\u00f4m, cua, th\u1ecbt heo, c\u1ee7 s\u1eafn, khoai m\u00f4n, c\u00e0 r\u1ed1t, h\u00e0nh, t\u1ecfi, n\u1ea5m m\u00e8o, b\u00fan t\u00e0u, mu\u1ed1i \u0103n, \u0111\u01b0\u1eddng, ti\u00eau\u2026 v\u1eeba l\u00e0 s\u1ef1 l\u1ef1a ch\u1ecdn khai v\u1ecb tuy\u1ec7t v\u1eddi cho m\u1ed9t b\u1eefa ti\u1ec7c c\u0169ng v\u1eeba l\u00e0 m\u1ed9t m\u00f3n \u0111\u01a1n gi\u1ea3n, d\u1ec5 l\u00e0m r\u1ea5t \u0111\u01b0\u1ee3c \u01b0a chu\u1ed9ng.<\/p>\n<p><img loading=\"lazy\" decoding=\"async\" class=\"wp-image-23402 aligncenter\" src=\"https:\/\/havamall.vn\/wp-content\/uploads\/2021\/11\/cha-300x300.png\" alt=\"\" width=\"654\" height=\"654\" srcset=\"https:\/\/havamall.vn\/wp-content\/uploads\/2021\/11\/cha-300x300.png 300w, https:\/\/havamall.vn\/wp-content\/uploads\/2021\/11\/cha-430x430.png 430w, https:\/\/havamall.vn\/wp-content\/uploads\/2021\/11\/cha-150x150.png 150w, https:\/\/havamall.vn\/wp-content\/uploads\/2021\/11\/cha-700x700.png 700w, https:\/\/havamall.vn\/wp-content\/uploads\/2021\/11\/cha-768x768.png 768w, https:\/\/havamall.vn\/wp-content\/uploads\/2021\/11\/cha-600x600.png 600w, https:\/\/havamall.vn\/wp-content\/uploads\/2021\/11\/cha-100x100.png 100w, https:\/\/havamall.vn\/wp-content\/uploads\/2021\/11\/cha.png 800w\" sizes=\"(max-width: 654px) 100vw, 654px\" \/><\/p>\n<p>S\u1ea3n ph\u1ea9m \u0111\u01b0\u1ee3c ki\u1ec3m tra nghi\u00eam ng\u1eb7t v\u1ec1 \u0111\u1ed9 an to\u00e0n th\u1ef1c ph\u1ea9m, \u0111\u01b0\u1ee3c s\u1ea3n xu\u1ea5t tr\u00ean d\u00e2y chuy\u1ec1n kh\u00e9p k\u00edn t\u1eeb kh\u00e2u ch\u1ebf bi\u1ebfn \u0111\u1ebfn \u0111\u00f3ng g\u00f3i. V\u1ecf \u0111\u1ef1ng s\u1ea3n ph\u1ea9m l\u00e0m t\u1eeb nguy\u00ean li\u1ec7u s\u1ea1ch, kh\u00f4ng l\u1eabn t\u1ea1p ch\u1ea5t ho\u00e1 h\u1ecdc \u0111\u1ed9c h\u1ea1i, \u0111\u1ea3m b\u1ea3o an to\u00e0n s\u1ee9c kho\u1ebb ng\u01b0\u1eddi ti\u00eau d\u00f9ng.<\/p>\n<p><img loading=\"lazy\" decoding=\"async\" class=\"wp-image-21911 aligncenter\" src=\"https:\/\/havamall.vn\/wp-content\/uploads\/2021\/09\/2175137-300x207.png\" alt=\"\" width=\"650\" height=\"448\" srcset=\"https:\/\/havamall.vn\/wp-content\/uploads\/2021\/09\/2175137-300x207.png 300w, https:\/\/havamall.vn\/wp-content\/uploads\/2021\/09\/2175137-430x297.png 430w, https:\/\/havamall.vn\/wp-content\/uploads\/2021\/09\/2175137-150x103.png 150w, https:\/\/havamall.vn\/wp-content\/uploads\/2021\/09\/2175137-700x483.png 700w, https:\/\/havamall.vn\/wp-content\/uploads\/2021\/09\/2175137-768x530.png 768w, https:\/\/havamall.vn\/wp-content\/uploads\/2021\/09\/2175137-600x414.png 600w, https:\/\/havamall.vn\/wp-content\/uploads\/2021\/09\/2175137.png 796w\" sizes=\"(max-width: 650px) 100vw, 650px\" \/><\/p>\n<h3><strong>H\u01b0\u1edbng d\u1eabn s\u1eed d\u1ee5ng:<\/strong><\/h3>\n<p>B\u1ea1n c\u00f3 th\u1ec3 kh\u00f4ng c\u1ea7n r\u00e3 \u0111\u00f4ng, chi\u00ean ch\u1ea3 gi\u00f2 ng\u1eadp d\u1ea7u \u0111\u1ebfn khi ch\u00edn v\u00e0ng \u0111\u1ec1u, v\u1edbt ra r\u00e1o d\u1ea7u d\u00f9ng n\u00f3ng, \u0103n k\u00e8m v\u1edbi c\u01a1m, x\u00f4i, b\u00fan, b\u00e1nh tr\u00e1ng, rau s\u1ed1ng,&#8230; v\u00e0 n\u01b0\u1edbc ch\u1ea5m chua ng\u1ecdt.<\/p>\n<p>S\u1ea3n ph\u1ea9m hi\u1ec7n \u0111\u00e3 c\u00f3 m\u1eb7t t\u1ea1i Havamall.<\/p>","protected":false},"excerpt":{"rendered":"<p>TH\u00d4NG TIN S\u1ea2N PH\u1ea8M Th\u01b0\u01a1ng hi\u1ec7u M-Ngon Xu\u1ea5t x\u1ee9 Vi\u1ec7t Nam Th\u00e0nh ph\u1ea7n B\u00e1nh r\u1ebf, h\u1ea3i s\u1ea3n, c\u1ee7 s\u1eafn, c\u00e0<\/p>","protected":false},"featured_media":23401,"comment_status":"open","ping_status":"closed","template":"","meta":[],"product_brand":[],"product_cat":[275,36],"product_tag":[],"class_list":{"0":"post-23400","1":"product","2":"type-product","3":"status-publish","4":"has-post-thumbnail","6":"product_cat-thuc-pham-dong-lanh","7":"product_cat-thuc-pham-tieu-dung","9":"first","10":"outofstock","11":"sale","12":"shipping-taxable","13":"purchasable","14":"product-type-simple"},"_links":{"self":[{"href":"https:\/\/havamall.vn\/en\/wp-json\/wp\/v2\/product\/23400"}],"collection":[{"href":"https:\/\/havamall.vn\/en\/wp-json\/wp\/v2\/product"}],"about":[{"href":"https:\/\/havamall.vn\/en\/wp-json\/wp\/v2\/types\/product"}],"replies":[{"embeddable":true,"href":"https:\/\/havamall.vn\/en\/wp-json\/wp\/v2\/comments?post=23400"}],"version-history":[{"count":0,"href":"https:\/\/havamall.vn\/en\/wp-json\/wp\/v2\/product\/23400\/revisions"}],"wp:featuredmedia":[{"embeddable":true,"href":"https:\/\/havamall.vn\/en\/wp-json\/wp\/v2\/media\/23401"}],"wp:attachment":[{"href":"https:\/\/havamall.vn\/en\/wp-json\/wp\/v2\/media?parent=23400"}],"wp:term":[{"taxonomy":"product_brand","embeddable":true,"href":"https:\/\/havamall.vn\/en\/wp-json\/wp\/v2\/product_brand?post=23400"},{"taxonomy":"product_cat","embeddable":true,"href":"https:\/\/havamall.vn\/en\/wp-json\/wp\/v2\/product_cat?post=23400"},{"taxonomy":"product_tag","embeddable":true,"href":"https:\/\/havamall.vn\/en\/wp-json\/wp\/v2\/product_tag?post=23400"}],"curies":[{"name":"wp","href":"https:\/\/api.w.org\/{rel}","templated":true}]}}