{"id":23364,"date":"2021-11-04T14:25:01","date_gmt":"2021-11-04T07:25:01","guid":{"rendered":"https:\/\/havamall.vn\/?post_type=product&#038;p=23364"},"modified":"2021-11-19T16:19:01","modified_gmt":"2021-11-19T09:19:01","slug":"hop-qua-tang-y-nghia-tri-an-thay-co-nhan-ngay-nha-giao-viet-nam","status":"publish","type":"product","link":"https:\/\/havamall.vn\/en\/shop\/hop-qua-tang-y-nghia-tri-an-thay-co-nhan-ngay-nha-giao-viet-nam\/","title":{"rendered":"H\u1ed9p Qu\u00e0 &#8220;Tri \u00c2n&#8221; Th\u1ea7y C\u00f4 Nh\u00e2n Ng\u00e0y Nh\u00e0 Gi\u00e1o Vi\u1ec7t Nam"},"content":{"rendered":"<p>Ng\u00e0y nh\u00e0 gi\u00e1o Vi\u1ec7t Nam l\u00e0 m\u1ed9t ng\u00e0y k\u1ec9 ni\u1ec7m \u0111\u01b0\u1ee3c t\u1ed5 ch\u1ee9c h\u00e0ng n\u0103m v\u00e0o ng\u00e0y 20 th\u00e1ng 11. \u0110\u00e2y l\u00e0 ng\u00e0y l\u1ec5 h\u1ed9i c\u1ee7a ng\u00e0nh gi\u00e1o d\u1ee5c v\u00e0 l\u00e0 ng\u00e0y nh\u00e0 gi\u00e1o, ng\u00e0y \u201ct\u00f4n s\u01b0 tr\u1ecdng \u0111\u1ea1o\u201d.\u00a0Ng\u00e0y 20\/11 h\u0103ng n\u0103m l\u00e0 d\u1ecbp \u0111\u1ec3 c\u00e1c h\u1ecdc tr\u00f2 v\u00e0 c\u00e1c b\u1eadc ph\u1ee5 huynh tri \u00e2n t\u1edbi th\u1ea7y c\u00f4 gi\u00e1o, nh\u1eefng ng\u01b0\u1eddi l\u00e1i con \u0111\u00f2 tri th\u1ee9c. Ch\u00fang ta th\u01b0\u1eddng chu\u1ea9n b\u1ecb m\u00f3n qu\u00e0 th\u1eadt \u00fd ngh\u0129a \u0111\u1ec3 trao t\u1eb7ng th\u1ea7y c\u00f4 gi\u00e1o c\u1ee7a m\u00ecnh.<\/p>\n<p><img fetchpriority=\"high\" decoding=\"async\" class=\"wp-image-23365 aligncenter\" src=\"https:\/\/havamall.vn\/wp-content\/uploads\/2021\/11\/cc5b36826db7a5e9fca6-1-300x300.jpg\" alt=\"\" width=\"744\" height=\"745\" srcset=\"https:\/\/havamall.vn\/wp-content\/uploads\/2021\/11\/cc5b36826db7a5e9fca6-1-300x300.jpg 300w, https:\/\/havamall.vn\/wp-content\/uploads\/2021\/11\/cc5b36826db7a5e9fca6-1-430x430.jpg 430w, https:\/\/havamall.vn\/wp-content\/uploads\/2021\/11\/cc5b36826db7a5e9fca6-1-150x150.jpg 150w, https:\/\/havamall.vn\/wp-content\/uploads\/2021\/11\/cc5b36826db7a5e9fca6-1-100x100.jpg 100w, https:\/\/havamall.vn\/wp-content\/uploads\/2021\/11\/cc5b36826db7a5e9fca6-1.jpg 576w\" sizes=\"(max-width: 744px) 100vw, 744px\" \/><\/p>\n<p>Ng\u00e0y nh\u00e0 gi\u00e1o Vi\u1ec7t Nam \u0111ag \u0111\u1ebfn r\u1ea5t g\u1ea7n, trong ng\u00e0y 20\/11, ngo\u00e0i vi\u1ec7c b\u00e0y t\u1ecf t\u00ecnh c\u1ea3m b\u1eb1ng l\u1eddi ch\u00fac th\u00f4ng qua nh\u1eefng t\u1ea5m thi\u1ec7p, nh\u1eefng ng\u01b0\u1eddi h\u1ecdc tr\u00f2 c\u0169ng mang \u0111\u1ebfn b\u00f3 hoa t\u01b0\u01a1i v\u00e0 m\u00f3n qu\u00e0 \u00fd ngh\u0129a \u0111\u1ec3 tri \u00e2n c\u00e1c th\u1ea7y c\u00f4.<\/p>\n<p>T\u1eb7ng qu\u00e0 theo b\u1ed9 l\u00e0 m\u1ed9t trong nh\u1eefng \u00fd t\u01b0\u1edfng th\u00fa v\u1ecb \u0111\u1ec3 tri \u00e2n th\u1ea7y c\u00f4 trong ng\u00e0y 20\/11. \u0110a s\u1ed1 m\u1ecdi ng\u01b0\u1eddi s\u1ebd t\u1ef1 mua s\u1ea3n ph\u1ea9m ri\u00eang l\u1ebb v\u00e0 b\u1ecf v\u00e0o c\u00f9ng m\u1ed9t h\u1ed9p \u0111\u1ec3 t\u1ea1o n\u00ean set qu\u00e0 \u01b0ng \u00fd, tuy nhi\u00ean kh\u00f4ng ph\u1ea3i s\u1ef1 k\u1ebft h\u1ee3p n\u00e0o c\u0169ng l\u00e0 ph\u00f9 h\u1ee3p.\u00a0Hi\u1ec3u \u0111\u01b0\u1ee3c \u0111i\u1ec1u \u0111\u00f3 nh\u00e0 Havamall \u0111\u00e3 gi\u00fap b\u1ea1n chu\u1ea9n b\u1ecb set qu\u00e0 \u0111\u01a1n gi\u1ea3n nh\u01b0ng v\u00f4 c\u00f9ng \u00fd ngh\u0129a \u0111\u1ec3 tri \u00e2n th\u1ea7y c\u00f4 trong ng\u00e0y quan tr\u1ecdng n\u00e0y.<\/p>\n<p><img decoding=\"async\" class=\"wp-image-23366 aligncenter\" src=\"https:\/\/havamall.vn\/wp-content\/uploads\/2021\/11\/dbb2c0ada67a81cef8c304182f3de13e-copy-1-225x300.png\" alt=\"\" width=\"754\" height=\"1006\" srcset=\"https:\/\/havamall.vn\/wp-content\/uploads\/2021\/11\/dbb2c0ada67a81cef8c304182f3de13e-copy-1-225x300.png 225w, https:\/\/havamall.vn\/wp-content\/uploads\/2021\/11\/dbb2c0ada67a81cef8c304182f3de13e-copy-1-430x573.png 430w, https:\/\/havamall.vn\/wp-content\/uploads\/2021\/11\/dbb2c0ada67a81cef8c304182f3de13e-copy-1-150x200.png 150w, https:\/\/havamall.vn\/wp-content\/uploads\/2021\/11\/dbb2c0ada67a81cef8c304182f3de13e-copy-1-700x933.png 700w, https:\/\/havamall.vn\/wp-content\/uploads\/2021\/11\/dbb2c0ada67a81cef8c304182f3de13e-copy-1-768x1024.png 768w, https:\/\/havamall.vn\/wp-content\/uploads\/2021\/11\/dbb2c0ada67a81cef8c304182f3de13e-copy-1-1200x1600.png 1200w, https:\/\/havamall.vn\/wp-content\/uploads\/2021\/11\/dbb2c0ada67a81cef8c304182f3de13e-copy-1-600x800.png 600w\" sizes=\"(max-width: 754px) 100vw, 754px\" \/><\/p>\n<p><em style=\"color: #1b1919;font-family: Karla, Arial, Helvetica, sans-serif;font-weight: bold\">Set qu\u00e0 t\u1eb7ng tri \u00e2n th\u1ea7y c\u00f4 nh\u00e0 Havamall bao g\u1ed3m:<\/em><\/p>\n<h3 class=\"product_title entry-title\"><strong>\u25aa\ufe0f\u00a0M\u1eadt Ong Thi\u00ean Nhi\u00ean \u2013 Golden Bee Natural Honey 240g<\/strong><\/h3>\n<p><span style=\"font-weight: 400\">M\u1eadt ong GoldenBee \u0111\u00e1p \u1ee9ng m\u1ecdi ti\u00eau chu\u1ea9n k\u1ef9 thu\u1eadt kh\u1eaft khe c\u1ee7a c\u00e1c th\u1ecb tr\u01b0\u1eddng kh\u00f3 t\u00ednh v\u00e0 lu\u00f4n \u0111\u00f2i h\u1ecfi ch\u1ea5t l\u01b0\u1ee3ng cao. V\u1edbi s\u1ee9 m\u1ec7nh &#8221; Ng\u01b0\u1eddi Vi\u1ec7t c\u1ea7n \u0111\u01b0\u1ee3c \u01b0u ti\u00ean d\u00f9ng h\u00e0ng ch\u1ea5t l\u01b0\u1ee3ng nh\u01b0 xu\u1ea5t kh\u1ea9u&#8221; m\u1eadt ong GoldenBee \u0111\u00e3 \u0111\u01b0\u1ee3c b\u00e1n l\u1ebb t\u1ea1i th\u1ecb tr\u01b0\u1eddng.<\/span><\/p>\n<p><img decoding=\"async\" class=\"wp-image-19111 aligncenter\" src=\"https:\/\/havamall.vn\/wp-content\/uploads\/2021\/04\/m\u1eadt-ong-4-300x300.png\" alt=\"\" width=\"759\" height=\"759\" srcset=\"https:\/\/havamall.vn\/wp-content\/uploads\/2021\/04\/m\u1eadt-ong-4-300x300.png 300w, https:\/\/havamall.vn\/wp-content\/uploads\/2021\/04\/m\u1eadt-ong-4-430x430.png 430w, https:\/\/havamall.vn\/wp-content\/uploads\/2021\/04\/m\u1eadt-ong-4-150x150.png 150w, https:\/\/havamall.vn\/wp-content\/uploads\/2021\/04\/m\u1eadt-ong-4-700x700.png 700w, https:\/\/havamall.vn\/wp-content\/uploads\/2021\/04\/m\u1eadt-ong-4-768x768.png 768w, https:\/\/havamall.vn\/wp-content\/uploads\/2021\/04\/m\u1eadt-ong-4-1024x1024.png 1024w, https:\/\/havamall.vn\/wp-content\/uploads\/2021\/04\/m\u1eadt-ong-4-1200x1200.png 1200w, https:\/\/havamall.vn\/wp-content\/uploads\/2021\/04\/m\u1eadt-ong-4-600x600.png 600w, https:\/\/havamall.vn\/wp-content\/uploads\/2021\/04\/m\u1eadt-ong-4-100x100.png 100w, https:\/\/havamall.vn\/wp-content\/uploads\/2021\/04\/m\u1eadt-ong-4.png 2048w\" sizes=\"(max-width: 759px) 100vw, 759px\" \/><\/p>\n<p><span style=\"font-weight: 400\">Ngu\u1ed3n m\u1eadt ong c\u1ee7a C\u00f4ng ty B\u00e1ch Vi\u1ec7t \u0111\u01b0\u1ee3c khai th\u00e1c \u1edf c\u00e1c v\u00f9ng n\u00fai<\/span><span style=\"font-weight: 400\"> v\u00e0 cao nguy\u00ean Vi\u1ec7t Nam (Daklak, \u0110\u1ed3ng Nai, U Minh,) v\u00e0 t\u1ea1i r\u1eebng nguy\u00ean sinh t\u1ec9nh Champasak ( L\u00e0o)<\/span><span style=\"font-weight: 400\">, cao nguy\u00ean Vi\u1ec7t nam v\u1edbi nh\u1eefng c\u00e1nh \u0111\u1ed3ng hoa ng\u1eadp tr\u00e0n \u00e1nh n\u1eafng n\u00ean c\u00f3 ch\u1ea5t l\u01b0\u1ee3ng cao. Ngo\u00e0i ra, kh\u00e2u \u0111\u00f3ng g\u00f3i ho\u00e0n ch\u1ec9nh, bao b\u00ec \u0111\u1eb9p, xu\u1ea5t kh\u1ea9u ra th\u1ecb tr\u01b0\u1eddng nhi\u1ec1u n\u01b0\u1edbc tr\u00ean th\u1ebf gi\u1edbi.<\/span><\/p>\n<h3 class=\"product_title entry-title\"><strong>\u25aa\ufe0f\u00a0Tr\u00e0 D\u01b0\u1ee1ng Sinh Kombucha H\u1eefu C\u01a1 V\u1ecb L\u1ef1u \u2013 The GUTsy Captain Kombucha Pomegranate 400ml<\/strong><\/h3>\n<p>The Gutsy t\u1ef1 h\u00e0o tu\u00e2n theo c\u00f4ng th\u1ee9c nguy\u00ean b\u1ea3n h\u00e0ng n\u0103m: ch\u1ec9 s\u1eed d\u1ee5ng 100% nguy\u00ean li\u1ec7u t\u1ef1 nhi\u00ean \u0111\u01b0\u1ee3c ch\u1ee9ng nh\u1eadn BIO ch\u1ea5t l\u01b0\u1ee3ng cao, tr\u00e0 xanh l\u00ean men b\u1eb1ng \u0111\u01b0\u1eddng m\u00eda th\u00f4 h\u1eefu c\u01a1 v\u00e0 nu\u00f4i c\u1ea5y vi khu\u1ea9n, men s\u1ed1ng ri\u00eang c\u1ee7a The Gutsy.<\/p>\n<p>N\u01b0\u1edbc s\u1ea1ch \u0111\u00e3 \u0111\u01b0\u1ee3c l\u1ecdc b\u1eb1ng qu\u00e1 tr\u00ecnh th\u1ea9m th\u1ea5u ng\u01b0\u1ee3c, \u0111\u01b0\u1eddng m\u00eda h\u1eefu c\u01a1 (\u0111\u01b0\u1ee3c k\u1ebft tinh trong qu\u00e1 tr\u00ecnh l\u00ean men), n\u1ea5m th\u1ee7y sinh Kombucha, chi\u1ebft xu\u1ea5t stevia h\u1eefu c\u01a1 (n\u01b0\u1edbc, l\u00e1 stevia h\u1eefu c\u01a1), tr\u00e0 xanh h\u1eefu c\u01a1, chi\u1ebft xu\u1ea5t tr\u00e0 h\u1eefu c\u01a1, c\u00e0 r\u1ed1t h\u1eefu c\u01a1 c\u00f4 \u0111\u1eb7c, h\u01b0\u01a1ng l\u1ef1u d\u00e2y t\u1ef1 nhi\u00ean.<\/p>\n<p><img loading=\"lazy\" decoding=\"async\" class=\"wp-image-21171 aligncenter\" src=\"https:\/\/havamall.vn\/wp-content\/uploads\/2021\/08\/mjk-300x300.jpg\" alt=\"\" width=\"761\" height=\"761\" srcset=\"https:\/\/havamall.vn\/wp-content\/uploads\/2021\/08\/mjk-300x300.jpg 300w, https:\/\/havamall.vn\/wp-content\/uploads\/2021\/08\/mjk-430x430.jpg 430w, https:\/\/havamall.vn\/wp-content\/uploads\/2021\/08\/mjk-150x150.jpg 150w, https:\/\/havamall.vn\/wp-content\/uploads\/2021\/08\/mjk-700x700.jpg 700w, https:\/\/havamall.vn\/wp-content\/uploads\/2021\/08\/mjk-768x768.jpg 768w, https:\/\/havamall.vn\/wp-content\/uploads\/2021\/08\/mjk-1024x1024.jpg 1024w, https:\/\/havamall.vn\/wp-content\/uploads\/2021\/08\/mjk-1200x1199.jpg 1200w, https:\/\/havamall.vn\/wp-content\/uploads\/2021\/08\/mjk-600x600.jpg 600w, https:\/\/havamall.vn\/wp-content\/uploads\/2021\/08\/mjk-100x100.jpg 100w, https:\/\/havamall.vn\/wp-content\/uploads\/2021\/08\/mjk.jpg 1876w\" sizes=\"(max-width: 761px) 100vw, 761px\" \/><\/p>\n<p>Tr\u00e0 Kombucha h\u1eefu c\u01a1 v\u1ecb l\u1ef1u m\u1edbi mang \u0111\u1ebfn h\u01b0\u01a1ng chua thanh v\u00e0 ng\u1ecdt nh\u1eb9 s\u1ebd khi\u1ebfn b\u1ea1n nh\u1edb m\u00e3i khi th\u01b0\u1edfng th\u1ee9c lo\u1ea1i th\u1ee9c u\u1ed1ng l\u00e0nh m\u1ea1nh n\u00e0y. V\u1edbi h\u01b0\u01a1ng v\u1ecb t\u1eeb l\u1ef1u s\u1ebd gi\u00fap tr\u1ebb h\u00f3a l\u00e0n da, t\u0103ng c\u01b0\u1eddng \u0111\u1ec1 kh\u00e1ng v\u00e0 h\u1ed7 tr\u1ee3 s\u1ee9c kh\u1ecfe \u0111\u01b0\u1eddng ru\u1ed9t. h\u01b0\u01a1ng chua ng\u1ecdt thanh m\u00e1t s\u1ebd khi\u1ebfn b\u1ea1n c\u1ea3m th\u1ea5y th\u00fa v\u1ecb v\u00e0 \u0111\u00ea m\u00ea khi th\u01b0\u1edfng th\u1ee9c lo\u1ea1i th\u1ee9c u\u1ed1ng l\u00e0nh m\u1ea1nh n\u00e0y.<\/p>\n<p><img loading=\"lazy\" decoding=\"async\" class=\"wp-image-21172 aligncenter\" src=\"https:\/\/havamall.vn\/wp-content\/uploads\/2021\/08\/trg-200x300.png\" alt=\"\" width=\"771\" height=\"1156\" srcset=\"https:\/\/havamall.vn\/wp-content\/uploads\/2021\/08\/trg-200x300.png 200w, https:\/\/havamall.vn\/wp-content\/uploads\/2021\/08\/trg-430x645.png 430w, https:\/\/havamall.vn\/wp-content\/uploads\/2021\/08\/trg-150x225.png 150w, https:\/\/havamall.vn\/wp-content\/uploads\/2021\/08\/trg-700x1050.png 700w, https:\/\/havamall.vn\/wp-content\/uploads\/2021\/08\/trg-768x1152.png 768w, https:\/\/havamall.vn\/wp-content\/uploads\/2021\/08\/trg-683x1024.png 683w, https:\/\/havamall.vn\/wp-content\/uploads\/2021\/08\/trg-1200x1800.png 1200w, https:\/\/havamall.vn\/wp-content\/uploads\/2021\/08\/trg-600x900.png 600w, https:\/\/havamall.vn\/wp-content\/uploads\/2021\/08\/trg.png 1365w\" sizes=\"(max-width: 771px) 100vw, 771px\" \/><\/p>\n<h3 class=\"product_title entry-title\"><strong>\u25aa\ufe0f\u00a0<\/strong><strong>Ng\u0169 C\u1ed1c Gi\u00f2n Muesi Tr\u00e1i C\u00e2y H\u1ea1t Chia H\u1eefu C\u01a1 300g Diet Food \u2013 Organic Muesli 100% Bio Ingredients With Chia Seeds<\/strong><\/h3>\n<p><span class=\"Y2IQFc\" lang=\"vi\">D\u00f2ng s\u1ea3n ph\u1ea9m Muesli ch\u1ec9 d\u1ef1a tr\u00ean c\u00e1c th\u00e0nh ph\u1ea7n sinh th\u00e1i, kh\u00f4ng ch\u1ee9a gluten \u0111\u01b0\u1ee3c k\u1ebft h\u1ee3p v\u1edbi xi-r\u00f4 d\u1eeba sinh th\u00e1i \u1edf nhi\u1ec7t \u0111\u1ed9 RAW (d\u01b0\u1edbi 42 \u0111\u1ed9 C) \u0111\u1ec3 duy tr\u00ec gi\u00e1 tr\u1ecb dinh d\u01b0\u1ee1ng cao nh\u1ea5t c\u1ee7a c\u00e1c th\u00e0nh ph\u1ea7n. Ch\u00fang t\u00f4i \u0111\u00e3 l\u00e0m phong ph\u00fa th\u00eam c\u00e1c s\u1ea3n ph\u1ea9m c\u1ee7a m\u00ecnh b\u1eb1ng c\u00e1c si\u00eau th\u1ef1c ph\u1ea9m gi\u00e0u vitamin v\u00e0 kho\u00e1ng ch\u1ea5t, nh\u1edd \u0111\u00f3, ngo\u00e0i h\u01b0\u01a1ng v\u1ecb tuy\u1ec7t v\u1eddi, ch\u00fang c\u00f2n l\u00e0 s\u1ef1 thay th\u1ebf l\u00e0nh m\u1ea1nh cho khoai t\u00e2y chi\u00ean, khoai t\u00e2y chi\u00ean gi\u00f2n v\u00e0 c\u00e1c m\u00f3n \u0103n v\u1eb7t kh\u00f4ng l\u00e0nh m\u1ea1nh kh\u00e1c.<\/span><\/p>\n<p><img loading=\"lazy\" decoding=\"async\" class=\"wp-image-23222 aligncenter\" src=\"https:\/\/havamall.vn\/wp-content\/uploads\/2021\/11\/24681754-300x300.png\" alt=\"\" width=\"767\" height=\"766\" srcset=\"https:\/\/havamall.vn\/wp-content\/uploads\/2021\/11\/24681754-300x300.png 300w, https:\/\/havamall.vn\/wp-content\/uploads\/2021\/11\/24681754-430x430.png 430w, https:\/\/havamall.vn\/wp-content\/uploads\/2021\/11\/24681754-150x150.png 150w, https:\/\/havamall.vn\/wp-content\/uploads\/2021\/11\/24681754-700x700.png 700w, https:\/\/havamall.vn\/wp-content\/uploads\/2021\/11\/24681754-768x768.png 768w, https:\/\/havamall.vn\/wp-content\/uploads\/2021\/11\/24681754-1024x1024.png 1024w, https:\/\/havamall.vn\/wp-content\/uploads\/2021\/11\/24681754-1200x1200.png 1200w, https:\/\/havamall.vn\/wp-content\/uploads\/2021\/11\/24681754-600x600.png 600w, https:\/\/havamall.vn\/wp-content\/uploads\/2021\/11\/24681754-100x100.png 100w, https:\/\/havamall.vn\/wp-content\/uploads\/2021\/11\/24681754.png 1656w\" sizes=\"(max-width: 767px) 100vw, 767px\" \/><\/p>\n<p class=\"tw-data-text tw-text-large XcVN5d tw-ta\" dir=\"ltr\"><span class=\"Y2IQFc\" lang=\"vi\">Diet-Food Muesli l\u00e0 m\u1ed9t s\u1ea3n ph\u1ea9m \u0103n s\u00e1ng tuy\u1ec7t v\u1eddi, \u0111\u1ed5 n\u00f3 v\u1edbi s\u1eefa y\u00eau th\u00edch c\u1ee7a b\u1ea1n, s\u1eefa chua ho\u1eb7c b\u1ea5t k\u1ef3 n\u01b0\u1edbc tr\u00e1i c\u00e2y n\u00e0o, nh\u01b0ng b\u1ea1n c\u00f3 th\u1ec3 \u0103n tr\u1ef1c ti\u1ebfp t\u1eeb g\u00f3i nh\u01b0 m\u1ed9t b\u1eefa \u0103n nh\u1eb9. <\/span><\/p>\n<p class=\"tw-data-text tw-text-large XcVN5d tw-ta\" dir=\"ltr\"><span class=\"Y2IQFc\" lang=\"vi\">Logo h\u00ecnh chi\u1ebfc l\u00e1 xanh c\u1ee7a Muesli Diet-Food c\u00f3 ngh\u0129a l\u00e0 s\u1ea3n ph\u1ea9m mang t\u00ednh sinh th\u00e1i. C\u00e1c th\u00e0nh ph\u1ea7n c\u00f3 trong th\u00e0nh ph\u1ea7n c\u1ee7a n\u00f3 \u0111\u1ebfn t\u1eeb canh t\u00e1c h\u1eefu c\u01a1 \u0111\u01b0\u1ee3c ch\u1ee9ng nh\u1eadn kh\u00f4ng b\u1ed5 sung thu\u1ed1c tr\u1eeb s\u00e2u v\u00e0 kh\u00f4ng bi\u1ebfn \u0111\u1ed5i gen.<\/span><\/p>\n<p dir=\"ltr\"><img loading=\"lazy\" decoding=\"async\" class=\"wp-image-23223 aligncenter\" src=\"https:\/\/havamall.vn\/wp-content\/uploads\/2021\/11\/720634-300x240.png\" alt=\"\" width=\"765\" height=\"612\" srcset=\"https:\/\/havamall.vn\/wp-content\/uploads\/2021\/11\/720634-300x240.png 300w, https:\/\/havamall.vn\/wp-content\/uploads\/2021\/11\/720634-430x344.png 430w, https:\/\/havamall.vn\/wp-content\/uploads\/2021\/11\/720634-150x120.png 150w, https:\/\/havamall.vn\/wp-content\/uploads\/2021\/11\/720634-700x560.png 700w, https:\/\/havamall.vn\/wp-content\/uploads\/2021\/11\/720634-768x615.png 768w, https:\/\/havamall.vn\/wp-content\/uploads\/2021\/11\/720634-1024x820.png 1024w, https:\/\/havamall.vn\/wp-content\/uploads\/2021\/11\/720634-1200x960.png 1200w, https:\/\/havamall.vn\/wp-content\/uploads\/2021\/11\/720634-600x480.png 600w, https:\/\/havamall.vn\/wp-content\/uploads\/2021\/11\/720634.png 1788w\" sizes=\"(max-width: 765px) 100vw, 765px\" \/><\/p>\n<h3 class=\"product_title entry-title\"><strong>\u25aa\ufe0f\u00a0B\u1ed9t Cacao-Hershey\u2019s Cocoa Powder 226g<\/strong><\/h3>\n<p><span style=\"font-weight: 400\">B\u1ed9t cacao nguy\u00ean ch\u1ea5t Hershey\u2019s 226g c\u1ee7a M\u1ef9 l\u00e0 b\u1ed9t cacao 100% t\u1ef1 nhi\u00ean, kh\u00f4ng ch\u1ee9a th\u00eam \u0111\u01b0\u1eddng \u0111\u01b0\u1ee3c nh\u1eadp kh\u1ea9u t\u1eeb M\u1ef9. B\u1ed9t cacao d\u00f9ng \u0111\u1ec3 u\u1ed1ng ho\u1eb7c l\u00e0m b\u00e1nh Socola v\u1edbi c\u00e1c th\u00e0nh ph\u1ea7n d\u01b0\u1ee1ng ch\u1ea5t t\u1ed1t cho s\u1ee9c kh\u1ecfe. B\u1ed9t cacao hershey \u0111\u01b0\u1ee3c tin d\u00f9ng tr\u00ean nhi\u1ec1u n\u01b0\u1edbc kh\u1eafp Th\u1ebf gi\u1edbi.<\/span><\/p>\n<p><span style=\"font-weight: 400\">B\u1ed9t cacao nguy\u00ean ch\u1ea5t Hershey\u2019s 226g c\u1ee7a M\u1ef9 \u0111\u01b0\u1ee3c l\u00e0m th\u00e0nh ph\u1ea7n t\u1eeb 100% cacao nguy\u00ean ch\u1ea5t, kh\u00f4ng \u0111\u01b0\u1eddng, ch\u1ed1ng l\u1ea1i b\u1ec7nh ung th\u01b0 v\u00e0 ng\u0103n ng\u1eeba l\u00e3o h\u00f3a, t\u1eadp trung tr\u00ed tu\u1ec7<\/span><\/p>\n<p><img loading=\"lazy\" decoding=\"async\" class=\"aligncenter\" src=\"https:\/\/havamall.vn\/wp-content\/uploads\/2021\/01\/bot-caca-chinh-hang.jpg\" alt=\"B\u1ed9t socola hershey nguy\u00ean ch\u1ea5t 100% gi\u00e1 s\u1ec9 trong d\u1ecbp t\u1ebft 2018\" width=\"767\" height=\"1087\" \/><\/p>\n<p><span style=\"font-weight: 400\">Cacao c\u00f3 ngu\u1ed3n g\u1ed1c t\u1eeb Trung M\u1ef9, c\u00f3 t\u00ean La Tinh la\u0300 Theobroma cacao, co\u0301 nghi\u0303a la\u0300 \u201cth\u01b0\u0301c \u0103n cu\u0309a ca\u0301c vi\u0323 th\u00e2\u0300n\u201d.\u00a0<\/span><span style=\"font-weight: 400\">B\u1ed9t Cacao Hershey\u2019s Cocoa l\u00e0 m\u1ed9t th\u1ee9c u\u1ed1ng r\u1ea5t \u0111\u01b0\u1ee3c \u01b0a chu\u1ed9ng tr\u00ean kh\u1eafp Th\u1ebf gi\u1edbi v\u00ec nh\u1eefng t\u00e1c d\u1ee5ng tuy\u1ec7t v\u1eddi c\u1ee7a n\u00f3 v\u1edbi h\u01b0\u01a1ng v\u1ecb th\u01a1m ngon m\u00f9i cafe, v\u00e0 ch\u1ee9a th\u00e0nh ph\u1ea7n b\u1ed5 d\u01b0\u1ee1ng, t\u1ed1t cho s\u1ee9c kh\u1ecfe.\u00a0<\/span><\/p>\n<p><img loading=\"lazy\" decoding=\"async\" class=\"aligncenter\" src=\"https:\/\/havamall.vn\/wp-content\/uploads\/2021\/01\/socola-kem-boc-socola-sua-hersheys-hugs-chocolate-300g-kf.jpg\" alt=\"Socola kem b\u1ecdc socola s\u1eefa Hershey\" width=\"766\" height=\"766\" \/><\/p>\n<h3 class=\"product_title entry-title\"><strong>\u25aa\ufe0f\u00a0N\u1ebfn Ly Th\u01a1m \u2013 Uncle Bills Candle Scented Glass<\/strong><\/h3>\n<p>Ly n\u1ebfn th\u01a1m thu\u1ef7 tinh Uncle Bills \u0111\u01b0\u01a1\u0323c l\u00e0m t\u1eeb ch\u1ea5t li\u1ec7u th\u1ee7y tinh v\u00e0 s\u00e1p ch\u1ea5t l\u01b0\u1ee3ng cao, \u0111\u1ea3m b\u1ea3o kh\u00f4ng ch\u1ee9a c\u00e1c ch\u1ea5t \u0111\u1ed9c h\u1ea1i n\u00ean r\u1ea5t an to\u00e0n cho s\u1ee9c kh\u1ecfe c\u1ee7a ng\u01b0\u1eddi d\u00f9ng.<\/p>\n<p><img loading=\"lazy\" decoding=\"async\" class=\"wp-image-20370 aligncenter\" src=\"https:\/\/havamall.vn\/wp-content\/uploads\/2021\/06\/Kulecha_Candle-300x200.png\" alt=\"\" width=\"759\" height=\"507\" srcset=\"https:\/\/havamall.vn\/wp-content\/uploads\/2021\/06\/Kulecha_Candle-300x200.png 300w, https:\/\/havamall.vn\/wp-content\/uploads\/2021\/06\/Kulecha_Candle-430x287.png 430w, https:\/\/havamall.vn\/wp-content\/uploads\/2021\/06\/Kulecha_Candle-150x100.png 150w, https:\/\/havamall.vn\/wp-content\/uploads\/2021\/06\/Kulecha_Candle-700x467.png 700w, https:\/\/havamall.vn\/wp-content\/uploads\/2021\/06\/Kulecha_Candle-768x512.png 768w, https:\/\/havamall.vn\/wp-content\/uploads\/2021\/06\/Kulecha_Candle-1024x683.png 1024w, https:\/\/havamall.vn\/wp-content\/uploads\/2021\/06\/Kulecha_Candle.png 1200w, https:\/\/havamall.vn\/wp-content\/uploads\/2021\/06\/Kulecha_Candle-600x400.png 600w\" sizes=\"(max-width: 759px) 100vw, 759px\" \/><br \/>\nS\u1ea3n ph\u1ea9m th\u01b0\u1eddng \u0111\u01b0\u1ee3c th\u1eafp nhi\u1ec1u ly c\u00f9ng m\u1ed9t l\u00fac \u0111\u1ec3 t\u1ea1o ra m\u1ed9t khung c\u1ea3nh \u00e1nh s\u00e1ng lung linh \u0111\u1eb9p m\u1eaft. Do k\u00edch th\u01b0\u1edbc c\u1ee7a ly n\u1ebfn nh\u1ecf n\u00ean m\u1ee9c \u0111\u1ed9 \u00e1nh s\u00e1ng r\u1ea5t d\u1ecbu v\u00e0 l\u00e3ng m\u1ea1n, r\u1ea5t h\u1ee3p v\u1edbi c\u00e1c khung c\u1ea3nh c\u1ee7a ti\u1ec7c sinh nh\u1eadt, s\u1ef1 ki\u1ec7n hay \u0111\u01a1n gi\u1ea3n l\u00e0 th\u1eafp trong ph\u00f2ng tr\u00e0 ho\u1eb7c ph\u00f2ng t\u00ecnh y\u00eau c\u1ee7a \u0111\u00f4i uy\u00ean \u01b0\u01a1ng.<\/p>\n<p><img loading=\"lazy\" decoding=\"async\" class=\"wp-image-20371 aligncenter\" src=\"https:\/\/havamall.vn\/wp-content\/uploads\/2021\/06\/original_scented-glass-candles-with-petals-20-hour-burn-time-300x300.png\" alt=\"\" width=\"771\" height=\"771\" srcset=\"https:\/\/havamall.vn\/wp-content\/uploads\/2021\/06\/original_scented-glass-candles-with-petals-20-hour-burn-time-300x300.png 300w, https:\/\/havamall.vn\/wp-content\/uploads\/2021\/06\/original_scented-glass-candles-with-petals-20-hour-burn-time-430x430.png 430w, https:\/\/havamall.vn\/wp-content\/uploads\/2021\/06\/original_scented-glass-candles-with-petals-20-hour-burn-time-150x150.png 150w, https:\/\/havamall.vn\/wp-content\/uploads\/2021\/06\/original_scented-glass-candles-with-petals-20-hour-burn-time-700x700.png 700w, https:\/\/havamall.vn\/wp-content\/uploads\/2021\/06\/original_scented-glass-candles-with-petals-20-hour-burn-time-768x768.png 768w, https:\/\/havamall.vn\/wp-content\/uploads\/2021\/06\/original_scented-glass-candles-with-petals-20-hour-burn-time-600x600.png 600w, https:\/\/havamall.vn\/wp-content\/uploads\/2021\/06\/original_scented-glass-candles-with-petals-20-hour-burn-time-100x100.png 100w, https:\/\/havamall.vn\/wp-content\/uploads\/2021\/06\/original_scented-glass-candles-with-petals-20-hour-burn-time.png 1024w\" sizes=\"(max-width: 771px) 100vw, 771px\" \/><\/p>\n<p>Havamall \u0111\u00e3 gi\u1edbi thi\u1ec7u\u00a0t\u1edbi\u00a0c\u00e1c\u00a0b\u1ea1n m\u1ed9t set qu\u00e0 \u00fd ngh\u0129a d\u00e0nh t\u1eb7ng\u00a0\u0111\u1ebfn\u00a0th\u1ea7y c\u00f4. Hy v\u1ecdng b\u1ea1n c\u00f3 th\u00eam nhi\u1ec1u s\u1ef1\u00a0l\u1ef1a\u00a0\u00a0ch\u1ecdn\u00a0\u00a0\u0111\u1ed9c \u0111\u00e1o, m\u1edbi l\u1ea1 \u0111\u1ec3 tri \u00e2n\u00a0t\u1edbi\u00a0nh\u1eefng\u00a0ng\u01b0\u1eddi th\u1ea7y, ng\u01b0\u1eddi c\u00f4 c\u1ee7a m\u00ecnh.\u00a0\u0110\u00e2y ch\u1eafc ch\u1eafn s\u1ebd l\u00e0 m\u00f3n qu\u00e0 \u00fd ngh\u0129a nh\u1ea5t \u0111\u1ec3 b\u1ea1n b\u00e0y t\u1ecf l\u00f2ng bi\u1ebft \u01a1n c\u1ee7a m\u00ecnh \u0111\u1ebfn ng\u01b0\u1eddi th\u1ea7y, ng\u01b0\u1eddi c\u00f4 \u0111\u00e3 d\u1ea1y ch\u00fang ta n\u00ean ng\u01b0\u1eddi nh\u00e2n ng\u00e0y Nh\u00e0 gi\u00e1o Vi\u1ec7t nam s\u1eafp t\u1edbi.<\/p>\n<p><img loading=\"lazy\" decoding=\"async\" class=\"wp-image-23367 aligncenter\" src=\"https:\/\/havamall.vn\/wp-content\/uploads\/2021\/11\/56e1aa37f102395c6013-300x216.jpg\" alt=\"\" width=\"770\" height=\"555\" srcset=\"https:\/\/havamall.vn\/wp-content\/uploads\/2021\/11\/56e1aa37f102395c6013-300x216.jpg 300w, https:\/\/havamall.vn\/wp-content\/uploads\/2021\/11\/56e1aa37f102395c6013-430x310.jpg 430w, https:\/\/havamall.vn\/wp-content\/uploads\/2021\/11\/56e1aa37f102395c6013-150x108.jpg 150w, https:\/\/havamall.vn\/wp-content\/uploads\/2021\/11\/56e1aa37f102395c6013-700x504.jpg 700w, https:\/\/havamall.vn\/wp-content\/uploads\/2021\/11\/56e1aa37f102395c6013-768x554.jpg 768w, https:\/\/havamall.vn\/wp-content\/uploads\/2021\/11\/56e1aa37f102395c6013-1024x738.jpg 1024w, https:\/\/havamall.vn\/wp-content\/uploads\/2021\/11\/56e1aa37f102395c6013-1200x865.jpg 1200w, https:\/\/havamall.vn\/wp-content\/uploads\/2021\/11\/56e1aa37f102395c6013-600x432.jpg 600w, https:\/\/havamall.vn\/wp-content\/uploads\/2021\/11\/56e1aa37f102395c6013.jpg 2048w\" sizes=\"(max-width: 770px) 100vw, 770px\" \/><\/p>","protected":false},"excerpt":{"rendered":"<p>Ng\u00e0y nh\u00e0 gi\u00e1o Vi\u1ec7t Nam l\u00e0 m\u1ed9t ng\u00e0y k\u1ec9 ni\u1ec7m \u0111\u01b0\u1ee3c t\u1ed5 ch\u1ee9c h\u00e0ng n\u0103m v\u00e0o ng\u00e0y 20 th\u00e1ng 11.<\/p>","protected":false},"featured_media":23368,"comment_status":"open","ping_status":"closed","template":"","meta":[],"product_brand":[],"product_cat":[409,40,36],"product_tag":[],"class_list":{"0":"post-23364","1":"product","2":"type-product","3":"status-publish","4":"has-post-thumbnail","6":"product_cat-hop-qua-set-qua","7":"product_cat-sieuthi-giasi","8":"product_cat-thuc-pham-tieu-dung","9":"pa_brand-skx","11":"first","12":"instock","13":"sale","14":"shipping-taxable","15":"purchasable","16":"product-type-simple"},"_links":{"self":[{"href":"https:\/\/havamall.vn\/en\/wp-json\/wp\/v2\/product\/23364"}],"collection":[{"href":"https:\/\/havamall.vn\/en\/wp-json\/wp\/v2\/product"}],"about":[{"href":"https:\/\/havamall.vn\/en\/wp-json\/wp\/v2\/types\/product"}],"replies":[{"embeddable":true,"href":"https:\/\/havamall.vn\/en\/wp-json\/wp\/v2\/comments?post=23364"}],"version-history":[{"count":0,"href":"https:\/\/havamall.vn\/en\/wp-json\/wp\/v2\/product\/23364\/revisions"}],"wp:featuredmedia":[{"embeddable":true,"href":"https:\/\/havamall.vn\/en\/wp-json\/wp\/v2\/media\/23368"}],"wp:attachment":[{"href":"https:\/\/havamall.vn\/en\/wp-json\/wp\/v2\/media?parent=23364"}],"wp:term":[{"taxonomy":"product_brand","embeddable":true,"href":"https:\/\/havamall.vn\/en\/wp-json\/wp\/v2\/product_brand?post=23364"},{"taxonomy":"product_cat","embeddable":true,"href":"https:\/\/havamall.vn\/en\/wp-json\/wp\/v2\/product_cat?post=23364"},{"taxonomy":"product_tag","embeddable":true,"href":"https:\/\/havamall.vn\/en\/wp-json\/wp\/v2\/product_tag?post=23364"}],"curies":[{"name":"wp","href":"https:\/\/api.w.org\/{rel}","templated":true}]}}