{"id":23353,"date":"2021-11-04T13:51:46","date_gmt":"2021-11-04T06:51:46","guid":{"rendered":"https:\/\/havamall.vn\/?post_type=product&#038;p=23353"},"modified":"2021-11-19T16:18:32","modified_gmt":"2021-11-19T09:18:32","slug":"set-qua-don-gian-tri-an-thay-co-nhan-ngay-nha-giao-viet-nam","status":"publish","type":"product","link":"https:\/\/havamall.vn\/en\/shop\/set-qua-don-gian-tri-an-thay-co-nhan-ngay-nha-giao-viet-nam\/","title":{"rendered":"Set Qu\u00e0 &#8220;Gi\u1ea3n \u0110\u01a1n&#8221; Tri \u00c2n Th\u1ea7y C\u00f4"},"content":{"rendered":"<p>Ng\u00e0y nh\u00e0 gi\u00e1o Vi\u1ec7t Nam l\u00e0 m\u1ed9t ng\u00e0y k\u1ec9 ni\u1ec7m \u0111\u01b0\u1ee3c t\u1ed5 ch\u1ee9c h\u00e0ng n\u0103m v\u00e0o ng\u00e0y 20 th\u00e1ng 11. \u0110\u00e2y l\u00e0 ng\u00e0y l\u1ec5 h\u1ed9i c\u1ee7a ng\u00e0nh gi\u00e1o d\u1ee5c v\u00e0 l\u00e0 ng\u00e0y nh\u00e0 gi\u00e1o, ng\u00e0y \u201ct\u00f4n s\u01b0 tr\u1ecdng \u0111\u1ea1o\u201d.\u00a0Ng\u00e0y 20\/11 h\u0103ng n\u0103m l\u00e0 d\u1ecbp \u0111\u1ec3 c\u00e1c h\u1ecdc tr\u00f2 v\u00e0 c\u00e1c b\u1eadc ph\u1ee5 huynh tri \u00e2n t\u1edbi th\u1ea7y c\u00f4 gi\u00e1o, nh\u1eefng ng\u01b0\u1eddi l\u00e1i con \u0111\u00f2 tri th\u1ee9c. Ch\u00fang ta th\u01b0\u1eddng chu\u1ea9n b\u1ecb m\u00f3n qu\u00e0 th\u1eadt \u00fd ngh\u0129a \u0111\u1ec3 trao t\u1eb7ng th\u1ea7y c\u00f4 gi\u00e1o c\u1ee7a m\u00ecnh.<img fetchpriority=\"high\" decoding=\"async\" class=\"wp-image-23359 aligncenter\" src=\"https:\/\/havamall.vn\/wp-content\/uploads\/2021\/11\/cc5b36826db7a5e9fca6-300x300.jpg\" alt=\"\" width=\"757\" height=\"757\" srcset=\"https:\/\/havamall.vn\/wp-content\/uploads\/2021\/11\/cc5b36826db7a5e9fca6-300x300.jpg 300w, https:\/\/havamall.vn\/wp-content\/uploads\/2021\/11\/cc5b36826db7a5e9fca6-430x430.jpg 430w, https:\/\/havamall.vn\/wp-content\/uploads\/2021\/11\/cc5b36826db7a5e9fca6-150x150.jpg 150w, https:\/\/havamall.vn\/wp-content\/uploads\/2021\/11\/cc5b36826db7a5e9fca6-100x100.jpg 100w, https:\/\/havamall.vn\/wp-content\/uploads\/2021\/11\/cc5b36826db7a5e9fca6.jpg 576w\" sizes=\"(max-width: 757px) 100vw, 757px\" \/><\/p>\n<p>Ng\u00e0y nh\u00e0 gi\u00e1o Vi\u1ec7t Nam \u0111ag \u0111\u1ebfn r\u1ea5t g\u1ea7n, trong ng\u00e0y 20\/11, ngo\u00e0i vi\u1ec7c b\u00e0y t\u1ecf t\u00ecnh c\u1ea3m b\u1eb1ng l\u1eddi ch\u00fac th\u00f4ng qua nh\u1eefng t\u1ea5m thi\u1ec7p, nh\u1eefng ng\u01b0\u1eddi h\u1ecdc tr\u00f2 c\u0169ng mang \u0111\u1ebfn b\u00f3 hoa t\u01b0\u01a1i v\u00e0 m\u00f3n qu\u00e0 \u00fd ngh\u0129a \u0111\u1ec3 tri \u00e2n c\u00e1c th\u1ea7y c\u00f4.<\/p>\n<p>T\u1eb7ng qu\u00e0 theo b\u1ed9 l\u00e0 m\u1ed9t trong nh\u1eefng \u00fd t\u01b0\u1edfng th\u00fa v\u1ecb \u0111\u1ec3 tri \u00e2n th\u1ea7y c\u00f4 trong ng\u00e0y 20\/11. \u0110a s\u1ed1 m\u1ecdi ng\u01b0\u1eddi s\u1ebd t\u1ef1 mua s\u1ea3n ph\u1ea9m ri\u00eang l\u1ebb v\u00e0 b\u1ecf v\u00e0o c\u00f9ng m\u1ed9t h\u1ed9p \u0111\u1ec3 t\u1ea1o n\u00ean set qu\u00e0 \u01b0ng \u00fd, tuy nhi\u00ean kh\u00f4ng ph\u1ea3i s\u1ef1 k\u1ebft h\u1ee3p n\u00e0o c\u0169ng l\u00e0 ph\u00f9 h\u1ee3p.\u00a0Hi\u1ec3u \u0111\u01b0\u1ee3c \u0111i\u1ec1u \u0111\u00f3 nh\u00e0 Havamall \u0111\u00e3 gi\u00fap b\u1ea1n chu\u1ea9n b\u1ecb set qu\u00e0 \u0111\u01a1n gi\u1ea3n nh\u01b0ng v\u00f4 c\u00f9ng \u00fd ngh\u0129a \u0111\u1ec3 tri \u00e2n th\u1ea7y c\u00f4 trong ng\u00e0y quan tr\u1ecdng n\u00e0y.<\/p>\n<p><img decoding=\"async\" class=\"wp-image-23354 aligncenter\" src=\"https:\/\/havamall.vn\/wp-content\/uploads\/2021\/11\/439a0783fab632e86ba7-300x227.jpg\" alt=\"\" width=\"745\" height=\"564\" srcset=\"https:\/\/havamall.vn\/wp-content\/uploads\/2021\/11\/439a0783fab632e86ba7-300x227.jpg 300w, https:\/\/havamall.vn\/wp-content\/uploads\/2021\/11\/439a0783fab632e86ba7-430x326.jpg 430w, https:\/\/havamall.vn\/wp-content\/uploads\/2021\/11\/439a0783fab632e86ba7-150x114.jpg 150w, https:\/\/havamall.vn\/wp-content\/uploads\/2021\/11\/439a0783fab632e86ba7-700x530.jpg 700w, https:\/\/havamall.vn\/wp-content\/uploads\/2021\/11\/439a0783fab632e86ba7-768x582.jpg 768w, https:\/\/havamall.vn\/wp-content\/uploads\/2021\/11\/439a0783fab632e86ba7-1024x776.jpg 1024w, https:\/\/havamall.vn\/wp-content\/uploads\/2021\/11\/439a0783fab632e86ba7-1200x909.jpg 1200w, https:\/\/havamall.vn\/wp-content\/uploads\/2021\/11\/439a0783fab632e86ba7-600x455.jpg 600w\" sizes=\"(max-width: 745px) 100vw, 745px\" \/><\/p>\n<h5><strong><em>Set qu\u00e0 t\u1eb7ng \u0111\u01a1n gi\u1ea3n tri \u00e2n th\u1ea7y c\u00f4 nh\u00e0 Havamall bao g\u1ed3m:<\/em><\/strong><\/h5>\n<h3 class=\"product_title entry-title\"><strong>\u25aa\ufe0f\u00a0R\u01b0\u1ee3u Soju H\u01b0\u01a1ng V\u1ecb Nho Xanh Jinro 360ml \u2013 Jinro Green Grape Soju<\/strong><\/h3>\n<p>Soju c\u00f3 ngu\u1ed3n g\u1ed1c t\u1eeb H\u00e0n Qu\u1ed1c, n\u01a1i \u0111\u1ea7u ti\u00ean \u0111\u01b0\u1ee3c ch\u01b0ng c\u1ea5t v\u00e0o kho\u1ea3ng th\u1ebf k\u1ef7 14. Sau nhi\u1ec1u mong \u0111\u1ee3i c\u1ee7a m\u1ecdi ng\u01b0\u1eddi nh\u1ea5t l\u00e0 ch\u1ecb em ph\u1ee5 n\u1eef th\u00ec d\u00f2ng soju v\u1ecb nho Green Grape c\u1ee7a Jinro cho ra m\u1eaft g\u1ea7n \u0111\u00e2y v\u1edbi h\u01b0\u01a1ng th\u01a1m d\u1ecbu d\u00e0ng. Sochu hoa qu\u1ea3 v\u1ecb nho n\u00e0y \u0111\u00e3 nhanh ch\u00f3ng chi\u1ebfm \u0111\u01b0\u1ee3c c\u1ea3m t\u00ecnh c\u1ee7a th\u1ef1c kh\u00e1ch.<\/p>\n<p>R\u01b0\u1ee3u soju nho Green Grape \u0111\u01b0\u1ee3c ph\u00e1t ph\u00e1t tri\u1ec3n t\u1eeb Soju Jinro truy\u1ec1n th\u1ed1ng d\u1ef1a tr\u00ean d\u1ea1ng cocktail tr\u00e1i nho xanh tuy\u1ec7t v\u1eddi.R\u01b0\u1ee3u soju kh\u00f4ng gi\u1ed1ng nh\u01b0 vodka, soju c\u00f3 m\u1ed9t g\u1ee3i \u00fd t\u1ef1 nhi\u00ean c\u1ee7a c\u00e1c ch\u1ea5t th\u1ef1c v\u1eadt c\u00f3 th\u1ec3 l\u00e0m cho m\u1ed9t h\u01b0\u01a1ng v\u1ecb m\u01b0\u1ee3t m\u00e0 h\u01a1n vodka, m\u00e0 \u0111\u00f4i khi c\u00f3 th\u1ec3 \u0111i ra nh\u01b0 kh\u1eafc nghi\u1ec7t \u1edf cu\u1ed1i.<\/p>\n<p><img decoding=\"async\" class=\"wp-image-23355 aligncenter\" src=\"https:\/\/havamall.vn\/wp-content\/uploads\/2021\/11\/121096627-300x300.png\" alt=\"\" width=\"750\" height=\"750\" srcset=\"https:\/\/havamall.vn\/wp-content\/uploads\/2021\/11\/121096627-300x300.png 300w, https:\/\/havamall.vn\/wp-content\/uploads\/2021\/11\/121096627-430x430.png 430w, https:\/\/havamall.vn\/wp-content\/uploads\/2021\/11\/121096627-150x150.png 150w, https:\/\/havamall.vn\/wp-content\/uploads\/2021\/11\/121096627-700x700.png 700w, https:\/\/havamall.vn\/wp-content\/uploads\/2021\/11\/121096627-768x768.png 768w, https:\/\/havamall.vn\/wp-content\/uploads\/2021\/11\/121096627-1024x1024.png 1024w, https:\/\/havamall.vn\/wp-content\/uploads\/2021\/11\/121096627-600x600.png 600w, https:\/\/havamall.vn\/wp-content\/uploads\/2021\/11\/121096627-100x100.png 100w, https:\/\/havamall.vn\/wp-content\/uploads\/2021\/11\/121096627.png 1080w\" sizes=\"(max-width: 750px) 100vw, 750px\" \/><\/p>\n<p>R\u01b0\u1ee3u sochu v\u1ecb nho v\u1edbi h\u00e0m l\u01b0\u1ee3ng c\u1ed3n r\u1ea5t nh\u1eb9 ch\u1ec9 l\u00e0 13%, sochu nho c\u00f3 h\u01b0\u01a1ng v\u1ecb tr\u00e1i nho t\u01b0\u01a1i m\u00e1t v\u00e0 t\u01b0\u01a1i m\u1edbi c\u00f3 th\u1ec3 n\u1eafm b\u1eaft \u0111\u01b0\u1ee3c tr\u00e1i tim c\u1ee7a b\u1ea1n.<\/p>\n<p>Lo\u1ea1i r\u01b0\u1ee3u tr\u1eafng n\u00e0y th\u01b0\u1eddng \u0111\u01b0\u1ee3c c\u00e1c ch\u1ecb em ph\u1ee5 n\u1eef y\u00eau th\u00edch, b\u1edfi v\u1eeba l\u00e0 m\u00f9i r\u01b0\u1ee3u g\u1ea1o c\u1ed5 \u0111i\u1ec3n nh\u01b0ng \u0111\u1ed3ng th\u1eddi c\u0169ng kh\u00e1 hi\u1ec7n \u0111\u1ea1i khi \u0111\u01b0\u1ee3c b\u1ed5 sung v\u00e0o \u0111\u00f3 nh\u1eefng m\u00f9i v\u1ecb tr\u00e1i c\u00e2y h\u1ea5p d\u1eabn.<\/p>\n<p><img loading=\"lazy\" decoding=\"async\" class=\"wp-image-23356 aligncenter\" src=\"https:\/\/havamall.vn\/wp-content\/uploads\/2021\/11\/0001-300x200.png\" alt=\"\" width=\"743\" height=\"494\" srcset=\"https:\/\/havamall.vn\/wp-content\/uploads\/2021\/11\/0001-300x200.png 300w, https:\/\/havamall.vn\/wp-content\/uploads\/2021\/11\/0001-430x287.png 430w, https:\/\/havamall.vn\/wp-content\/uploads\/2021\/11\/0001-150x100.png 150w, https:\/\/havamall.vn\/wp-content\/uploads\/2021\/11\/0001-768x512.png 768w, https:\/\/havamall.vn\/wp-content\/uploads\/2021\/11\/0001-1200x800.png 1200w, https:\/\/havamall.vn\/wp-content\/uploads\/2021\/11\/0001-600x400.png 600w, https:\/\/havamall.vn\/wp-content\/uploads\/2021\/11\/0001.png 1500w\" sizes=\"(max-width: 743px) 100vw, 743px\" \/><\/p>\n<h3 class=\"product_title entry-title\"><strong>\u25aa\ufe0f\u00a0\u0110\u1eadu L\u0103ng Xanh Nguy\u00ean H\u1ea1t H\u1eefu C\u01a1 T\u00fai Gi\u1ea5y 500gr \u2013 USDA Organic Lentil Peas Paper Bag 500gr<\/strong><\/h3>\n<p>\u0110\u1eadu l\u0103ng xanh\u00a0s\u1edf h\u1eefu nhi\u1ec1u ch\u1ea5t dinh d\u01b0\u1ee1ng c\u00f3 l\u1ee3i cho c\u01a1 th\u1ec3 con ng\u01b0\u1eddi, l\u00e0 m\u1ed9t nguy\u00ean li\u1ec7u r\u1ea5t d\u1ec5 ch\u1ebf bi\u1ebfn trong c\u00e1c b\u1eefa \u0103n h\u1eb1ng ng\u00e0y. Vi\u1ec7c th\u01b0\u1eddng xuy\u00ean d\u00f9ng \u0111\u1eadu l\u0103ng c\u00f3 th\u1ec3 tr\u1ecb kh\u1ecfi m\u1ed9t s\u1ed1 lo\u1ea1i b\u1ec7nh nh\u01b0 : ti\u00eau h\u00f3a, ti\u1ec3u \u0111\u01b0\u1eddng, tim m\u1ea1ch\u2026<\/p>\n<p>\u0110\u01b0\u1ee3c nh\u1eadp kh\u1ea9u tr\u1ef1c ti\u1ebfp t\u1eeb M\u1ef9 \u1edf d\u1ea1ng s\u1ea5y kh\u00f4, c\u00f3 m\u00e0u xanh nh\u1ea1t. \u0110\u01b0\u1ee3c bi\u1ebft \u0111\u1ebfn kh\u00f4ng ch\u1ec9 l\u00e0 m\u1ed9t th\u1ef1c ph\u1ea9m m\u00e0 c\u00f2n c\u00f3 kh\u1ea3 n\u0103ng h\u1ed7 tr\u1ee3 ch\u1eefa b\u1ec7nh.<\/p>\n<p><img loading=\"lazy\" decoding=\"async\" class=\"aligncenter\" src=\"https:\/\/havamall.vn\/wp-content\/uploads\/2018\/12\/56ab8c7f8e99dd76a8ce0f55e39fb5e9.jpg\" alt=\"K\u00e1\u00ba\u00bft qu\u00e1\u00ba\u00a3 h\u00c3\u00acnh \u00e1\u00ba\u00a3nh cho lentil\" width=\"744\" height=\"488\" \/><\/p>\n<h3 class=\"product_title entry-title\"><strong>\u25aa\ufe0f\u00a0Tr\u00e0 Cascara L\u00e0 Vi\u1ec7t \u2013 Coffee Cherry Tea 100g<\/strong><\/h3>\n<p><span style=\"font-weight: 400\">Khi c\u00e1c qu\u1ea3 coffee cherry c\u00f3 \u0111\u1ed9 \u0111\u01b0\u1eddng cao v\u00e0 ph\u00f9 h\u1ee3p s\u01a1 ch\u1ebf natural process th\u00ec cho ra c\u00e1c ly cafe u\u1ed1ng kh\u00f4ng c\u1ea7n th\u00eam \u0111\u01b0\u1eddng v\u00ec ng\u0169 v\u1ecb ( \u0110\u1eafng, ch\u00e1t ,chua ,m\u1eb7n v\u00e0 h\u1eadu ng\u1ecdt ) \u0111\u00e3 c\u00e2n b\u1eb1ng . D\u00f9ng cho Pour Over th\u00ec tuy\u1ec7t \u0111\u1ec9nh. C\u00f3 m\u00f9i v\u1ecb\u00a0 nh\u01b0\u00a0 socolate ph\u1ee7 anh \u0111\u00e0o v\u00e0 l\u00e0 m\u00f3n \u0111\u1ed3 u\u1ed1ng tuy\u1ec7t v\u1eddi cho nh\u1eefng ng\u00e0y h\u00e8 oi b\u1ee9c.<\/span><\/p>\n<p><img loading=\"lazy\" decoding=\"async\" class=\"wp-image-19726 aligncenter\" src=\"https:\/\/havamall.vn\/wp-content\/uploads\/2021\/04\/yy-300x225.jpg\" alt=\"\" width=\"745\" height=\"559\" srcset=\"https:\/\/havamall.vn\/wp-content\/uploads\/2021\/04\/yy-300x225.jpg 300w, https:\/\/havamall.vn\/wp-content\/uploads\/2021\/04\/yy-430x323.jpg 430w, https:\/\/havamall.vn\/wp-content\/uploads\/2021\/04\/yy-150x113.jpg 150w, https:\/\/havamall.vn\/wp-content\/uploads\/2021\/04\/yy-700x525.jpg 700w, https:\/\/havamall.vn\/wp-content\/uploads\/2021\/04\/yy-768x576.jpg 768w, https:\/\/havamall.vn\/wp-content\/uploads\/2021\/04\/yy-1024x768.jpg 1024w, https:\/\/havamall.vn\/wp-content\/uploads\/2021\/04\/yy-1200x900.jpg 1200w, https:\/\/havamall.vn\/wp-content\/uploads\/2021\/04\/yy-600x450.jpg 600w, https:\/\/havamall.vn\/wp-content\/uploads\/2021\/04\/yy.jpg 1440w\" sizes=\"(max-width: 745px) 100vw, 745px\" \/><\/p>\n<p><span style=\"font-weight: 400\">\u0110i\u1ec1u \u0111\u1eb7c bi\u1ec7t kh\u00f4ng ph\u1ea3i v\u1ecf qu\u1ea3 n\u00e0o c\u0169ng c\u00f3 th\u1ec3 l\u00e0m tr\u00e0 Cascara. V\u1ecf qu\u1ea3 ph\u1ea3i \u0111\u01b0\u1ee3c t\u00e1ch kh\u00f4 b\u1eb1ng tay (kh\u00f4ng s\u1eed d\u1ee5ng n\u01b0\u1edbc trong qu\u00e1 tr\u00ecnh t\u00e1ch v\u1ecf) \u0111\u1ec3 c\u00f3 th\u1ec3 gi\u1eef \u0111\u01b0\u1ee3c to\u00e0n b\u1ed9 ph\u1ea7n th\u1ecbt v\u1ecf nh\u1eefng h\u01b0\u01a1ng v\u1ecb nguy\u00ean b\u1ea3n nh\u1ea5t c\u0169ng nh\u01b0 dinh d\u01b0\u1ee1ng v\u00e0 cafein. Th\u1eddi gian 48h ph\u01a1i \u0111\u1ea7u ti\u00ean ph\u1ea3i tuy\u1ec7t \u0111\u1ed1i \u0111\u01b0\u1ee3c \u01b0u \u0111\u00e3i v\u1ec1 n\u1eafng ban ng\u00e0y v\u00e0 s\u1ea5y kh\u00f4 v\u00e0o ban \u0111\u00eam \u0111\u1ec3 tr\u00e1nh m\u1ed1c.<\/span><\/p>\n<p><img loading=\"lazy\" decoding=\"async\" class=\"wp-image-19727 aligncenter\" src=\"https:\/\/havamall.vn\/wp-content\/uploads\/2021\/04\/rr-300x300.jpg\" alt=\"\" width=\"744\" height=\"744\" srcset=\"https:\/\/havamall.vn\/wp-content\/uploads\/2021\/04\/rr-300x300.jpg 300w, https:\/\/havamall.vn\/wp-content\/uploads\/2021\/04\/rr-430x430.jpg 430w, https:\/\/havamall.vn\/wp-content\/uploads\/2021\/04\/rr-150x150.jpg 150w, https:\/\/havamall.vn\/wp-content\/uploads\/2021\/04\/rr-700x699.jpg 700w, https:\/\/havamall.vn\/wp-content\/uploads\/2021\/04\/rr-768x767.jpg 768w, https:\/\/havamall.vn\/wp-content\/uploads\/2021\/04\/rr-600x599.jpg 600w, https:\/\/havamall.vn\/wp-content\/uploads\/2021\/04\/rr-100x100.jpg 100w, https:\/\/havamall.vn\/wp-content\/uploads\/2021\/04\/rr.jpg 961w\" sizes=\"(max-width: 744px) 100vw, 744px\" \/><\/p>\n<p><span style=\"font-weight: 400\">Kh\u1edfi \u0111\u1ea7u ng\u00e0y m\u1edbi b\u1eb1ng m\u1ed9t \u1ea5m tr\u00e0 Cascara L\u00e0 Vi\u1ec7t v\u00e0 b\u00e1nh ng\u1ecdt s\u1ebd gi\u00fap b\u1ea1n t\u1ec9nh t\u00e1o l\u00e0m vi\u1ec7c kh\u00f4ng m\u1ec7t m\u1ecfi<\/span><\/p>\n<p><span style=\"font-weight: 400\">Cascara l\u00e0 th\u1ee9 th\u1ee9c u\u1ed1ng k\u1ef3 l\u1ea1 v\u00e0 th\u00fa v\u1ecb giao thoa gi\u1eefa c\u00e0 ph\u00ea v\u00e0 tr\u00e0, kh\u00f4ng nh\u1eefng v\u1eady Cascara c\u00f2n gi\u00fap ch\u00fang ta c\u1ea3i thi\u1ec7n tr\u00ed nh\u1edb, gi\u1ea3m nguy c\u01a1 m\u1eafc c\u00e1c b\u1ec7nh nh\u01b0 ti\u1ec3u \u0111\u01b0\u1eddng, Parkinson v\u00e0 Alzheimer, s\u1eed d\u1ee5ng nhi\u1ec1u c\u00f3 th\u1ec3 gi\u00fap gi\u00fap gi\u1ea3m c\u00e2n v\u00e0 b\u1ea3o v\u1ec7 gan hi\u1ec7u qu\u1ea3.<\/span><\/p>\n<p><img loading=\"lazy\" decoding=\"async\" class=\"aligncenter\" src=\"https:\/\/havamall.vn\/wp-content\/uploads\/2021\/04\/NewCascara_1015x575MAIN.jpg\" alt=\"What\" width=\"746\" height=\"422\" \/><\/p>\n<p><span style=\"font-weight: 400\">S\u1ef1 ra \u0111\u1eddi c\u1ee7a tr\u00e0 \u201cc\u00e0 ph\u00ea\u201d cascara th\u01b0\u1eddng \u0111\u01b0\u1ee3c g\u1ecdi l\u00e0 tr\u00e0 cascara \u0111\u00e3 l\u00e0m thay \u0111\u1ed5i c\u00e1ch nh\u00ecn nh\u1eadn v\u1ec1 th\u1ee9c u\u1ed1ng bu\u1ed5i s\u00e1ng c\u1ee7a r\u1ea5t nhi\u1ec1u ng\u01b0\u1eddi. Lo\u1ea1i c\u00e0 ph\u00ea n\u00e0y \u0111\u00e3 \u0111\u1ea1t \u0111\u1ebfn \u0111\u1ec9nh \u0111i\u1ec3m s\u1edf th\u00edch c\u1ee7a nhi\u1ec1u ng\u01b0\u1eddi b\u1edfi ch\u00fang v\u1eabn gi\u00fap c\u1ea3i thi\u1ec7n tr\u00ed l\u1ef1c, n\u0103ng l\u01b0\u1ee3ng nh\u01b0ng l\u1ea1i l\u00e0nh m\u1ea1nh h\u01a1n. \u0110i\u1ec1u n\u00e0y d\u1eabn \u0111\u1ebfn nhu c\u1ea7u v\u1ec1 tr\u00e0 cascara ng\u00e0y c\u00e0ng t\u0103ng m\u1eb7c d\u00f9 \u0111\u1ed3 u\u1ed1ng n\u00e0y v\u1eabn ch\u01b0a ph\u1ed5 bi\u1ebfn \u1edf nhi\u1ec1u n\u01a1i tr\u00ean th\u1ebf gi\u1edbi. B\u00ean c\u1ea1nh \u0111\u00f3, lo\u1ea1i th\u1ef1c ph\u1ea9m n\u00e0y c\u0169ng c\u00f3 th\u1ec3 mang \u0111\u1ebfn nhi\u1ec1u c\u00f4ng d\u1ee5ng cho s\u1ee9c kh\u1ecfe v\u00e0 l\u00e0n da.<\/span><\/p>\n<p><img loading=\"lazy\" decoding=\"async\" class=\"wp-image-19728 aligncenter\" src=\"https:\/\/havamall.vn\/wp-content\/uploads\/2021\/04\/gg-300x300.jpg\" alt=\"\" width=\"745\" height=\"745\" srcset=\"https:\/\/havamall.vn\/wp-content\/uploads\/2021\/04\/gg-300x300.jpg 300w, https:\/\/havamall.vn\/wp-content\/uploads\/2021\/04\/gg-430x430.jpg 430w, https:\/\/havamall.vn\/wp-content\/uploads\/2021\/04\/gg-150x150.jpg 150w, https:\/\/havamall.vn\/wp-content\/uploads\/2021\/04\/gg-700x700.jpg 700w, https:\/\/havamall.vn\/wp-content\/uploads\/2021\/04\/gg-768x768.jpg 768w, https:\/\/havamall.vn\/wp-content\/uploads\/2021\/04\/gg-1024x1024.jpg 1024w, https:\/\/havamall.vn\/wp-content\/uploads\/2021\/04\/gg-1200x1200.jpg 1200w, https:\/\/havamall.vn\/wp-content\/uploads\/2021\/04\/gg-600x600.jpg 600w, https:\/\/havamall.vn\/wp-content\/uploads\/2021\/04\/gg-100x100.jpg 100w, https:\/\/havamall.vn\/wp-content\/uploads\/2021\/04\/gg.jpg 1440w\" sizes=\"(max-width: 745px) 100vw, 745px\" \/><\/p>\n<h3 class=\"product_title entry-title\"><strong>\u25aa\ufe0f\u00a0C\u00e0 Ph\u00ea Kar\u00ed 250gr<\/strong><\/h3>\n<p>Bu\u1ed5i s\u00e1ng l\u00e0 th\u1eddi gian \u0111\u1eb9p nh\u1ea5t, v\u00e0 ng\u01b0\u1eddi Vi\u1ec7t Nam bi\u1ebft c\u00e1ch t\u1eadn h\u01b0\u1edfng n\u00f3. T\u1eeb khi tr\u1eddi c\u00f2n t\u1edd m\u1edd s\u00e1ng v\u00e0 s\u01b0\u01a1ng m\u00f9 v\u1eabn c\u00f2n bao ph\u1ee7\u2026 ng\u01b0\u1eddi Vi\u1ec7t Nam \u0111ang t\u1eeb t\u1eeb ph\u1ee5c v\u1ee5 c\u00e0 ph\u00ea s\u1edbm, th\u01b0 gi\u00e3n v\u00e0 b\u1eaft \u0111\u1ea7u n\u00f3i v\u1ec1 m\u1ed9t ng\u00e0y m\u1edbi. T\u1eadn h\u01b0\u1edfng bu\u1ed5i s\u00e1ng m\u1ed9t t\u00e1ch c\u00e0 ph\u00ea ngon th\u1ef1c s\u1ef1. V\u1edbi ng\u1ee5m \u0111\u1ea7u ti\u00ean, ch\u00fang ta c\u1ea3m th\u1ea5y r\u00f5 r\u00e0ng \u2013\u00a0<em><strong>Kar\u00ed<\/strong><\/em>\u00a0bi\u1ebft m\u1ed9t \u0111i\u1ec1u v\u1ec1 c\u00e0 ph\u00ea tuy\u1ec7t v\u1eddi.<\/p>\n<p><img loading=\"lazy\" decoding=\"async\" class=\"wp-image-14614 aligncenter\" src=\"https:\/\/havamall.vn\/wp-content\/uploads\/2020\/05\/f0fff18c64c35429afa19ae276828656-300x300.jpg\" alt=\"\" width=\"740\" height=\"740\" srcset=\"https:\/\/havamall.vn\/wp-content\/uploads\/2020\/05\/f0fff18c64c35429afa19ae276828656-300x300.jpg 300w, https:\/\/havamall.vn\/wp-content\/uploads\/2020\/05\/f0fff18c64c35429afa19ae276828656-430x430.jpg 430w, https:\/\/havamall.vn\/wp-content\/uploads\/2020\/05\/f0fff18c64c35429afa19ae276828656-150x150.jpg 150w, https:\/\/havamall.vn\/wp-content\/uploads\/2020\/05\/f0fff18c64c35429afa19ae276828656-700x700.jpg 700w, https:\/\/havamall.vn\/wp-content\/uploads\/2020\/05\/f0fff18c64c35429afa19ae276828656-768x768.jpg 768w, https:\/\/havamall.vn\/wp-content\/uploads\/2020\/05\/f0fff18c64c35429afa19ae276828656-1024x1024.jpg 1024w, https:\/\/havamall.vn\/wp-content\/uploads\/2020\/05\/f0fff18c64c35429afa19ae276828656-600x600.jpg 600w, https:\/\/havamall.vn\/wp-content\/uploads\/2020\/05\/f0fff18c64c35429afa19ae276828656-100x100.jpg 100w, https:\/\/havamall.vn\/wp-content\/uploads\/2020\/05\/f0fff18c64c35429afa19ae276828656.jpg 1080w\" sizes=\"(max-width: 740px) 100vw, 740px\" \/><\/p>\n<p>Khi th\u01b0\u1edfng th\u1ee9c c\u00e0 ph\u00ea, ch\u00fang ta kh\u00f4ng ch\u1ec9 c\u1ea3m th\u1ea5y s\u1ea3ng kho\u00e1i, t\u1ec9nh t\u00e1o, m\u00e0 c\u00f2n c\u1ea3m nh\u1eadn \u0111\u01b0\u1ee3c v\u1ecb ngon, h\u01b0\u01a1ng th\u01a1m \u0111\u1eb7c tr\u01b0ng c\u1ee7a nh\u1eefng lo\u1ea1i c\u00e0 ph\u00ea kh\u00e1c nhau.<\/p>\n<h3 class=\"product_title entry-title\"><strong>\u25aa\ufe0f\u00a0H\u1ea1t H\u01b0\u1edbng D\u01b0\u01a1ng V\u1ecb Mu\u1ed1i Bi\u1ec3n Martin 100g \u2013 Martin Sunflower Seeds With Sea Salt 100g<\/strong><\/h3>\n<p>H\u01b0\u01a1ng v\u1ecb th\u01a1m ngon, gi\u00f2n, b\u00f9i \u0103n nhi\u1ec1u kh\u00f4ng b\u1ecb ho nh\u01b0 h\u1ea1t h\u01b0\u1edbng d\u01b0\u01a1ng th\u00f4ng th\u01b0\u1eddng.Ch\u1ee9a nhi\u1ec1u vitamin A, E, D b\u1ed5 d\u01b0\u1ee1ng r\u1ea5t t\u1ed1t cho s\u1ee9c kh\u1ecfe v\u00e0 l\u00e0n da. Ngo\u00e0i ra c\u00f2n ch\u1ee9a kali, canxi, ch\u1ea5t x\u01a1, ph\u1ed1t pho v\u00e0 kh\u00f4ng b\u00e3o h\u00f2a \u0111a ch\u1ea5t b\u00e9o l\u00e0m gi\u1ea3m cholesterol.<\/p>\n<p><img loading=\"lazy\" decoding=\"async\" class=\"aligncenter\" src=\"https:\/\/havamall.vn\/wp-content\/uploads\/2021\/11\/fba036348d71b1d2a2c55b74fc3d2b9a.jpg\" alt=\"Combo 03 g\u00f3i h\u1ea1t h\u01b0\u1edbng d\u01b0\u01a1ng rang v\u1edbi mu\u1ed1i bi\u1ec3n hi\u1ec7u Martin, 100gr | Tiki\" width=\"754\" height=\"754\" \/><\/p>\n<p>H\u1ea1t h\u01b0\u1edbng d\u01b0\u01a1ng Martin l\u00e0 m\u1ed9t s\u1ea3n ph\u1ea9m truy\u1ec1n th\u1ed1ng c\u1ee7a Nga. H\u1ea1t h\u01b0\u1edbng d\u01b0\u01a1ng Martin \u0111\u01b0\u1ee3c s\u1ea3n xu\u1ea5t v\u00e0 \u0111\u00f3ng g\u00f3i theo d\u00e2y chuy\u1ec1n c\u00f4ng ngh\u1ec7 hi\u1ec7n \u0111\u1ea1i. \u0110\u1ea3m b\u1ea3o h\u01b0\u01a1ng v\u1ecb th\u01a1m ngon c\u00f9ng v\u1edbi \u0111\u1ed9 gi\u00f2n cao s\u1ebd mang \u0111\u1ebfn cho b\u1ea1n s\u1ef1 c\u1ea3m nh\u1eadn c\u0169ng nh\u01b0 m\u00f9i v\u1ecb kh\u00e1c bi\u1ec7t v\u00e0 ho\u00e0n h\u1ea3o. H\u1ea1t nh\u1ecf th\u01a1m, m\u1ea9y v\u00e0 \u0111\u1ea7y, kh\u00f4ng b\u1ecb l\u00e9p, \u0103n nhi\u1ec1u kh\u00f4ng b\u1ecb ho nh\u01b0 h\u1ea1t h\u01b0\u1edbng d\u01b0\u01a1ng th\u00f4ng th\u01b0\u1eddng. S\u1ea3n ph\u1ea9m kh\u00f4ng d\u00f9ng ch\u1ea5t b\u1ea3o qu\u1ea3n, \u0111\u1ea3m b\u1ea3o an to\u00e0n v\u1ec7 sinh th\u1ef1c ph\u1ea9m.<\/p>\n<h3 class=\"product_title entry-title\"><strong>\u25aa\ufe0f\u00a0K\u1eb9o Chocolate nh\u00e2n b\u1ea1c h\u00e0 Andes 132g<\/strong><\/h3>\n<div class=\"t\">\n<p>K\u1eb9o chocolate lu\u00f4n l\u00e0 m\u00f3n \u0103n v\u1eb7t kho\u00e1i kh\u1ea9u c\u1ee7a nhi\u1ec1u ng\u01b0\u1eddi, th\u1eadt l\u00e0 thi\u1ebfu s\u00f3t n\u1ebfu nh\u01b0 trong c\u00e1c d\u1ecbp l\u1ec5 T\u1ebft s\u1eafp t\u1edbi thi\u1ebfu \u0111i lo\u1ea1i k\u1eb9o n\u00e0y. K\u1eb9o Chocolate nh\u00e2n b\u1ea1c h\u00e0 Andes ch\u1eafc ch\u1eafn s\u1ebd khi\u1ebfn b\u1ea1n \u201c \u0111\u1ee9ng ng\u1ed3i kh\u00f4ng y\u00ean\u201d b\u1edfi h\u01b0\u01a1ng v\u1ecb \u0111\u1ed9c \u0111\u00e1o m\u00e0 kh\u00f4ng th\u1ec3 t\u00ecm th\u1ea5y \u0111\u01b0\u1ee3c \u1edf b\u1ea5t k\u1ef3 lo\u1ea1i k\u1eb9o chocolate n\u00e0o kh\u00e1c.<\/p>\n<p><img loading=\"lazy\" decoding=\"async\" class=\"wp-image-12220 aligncenter\" src=\"https:\/\/havamall.vn\/wp-content\/uploads\/2018\/05\/1463633262387_5967809-300x211.jpg\" alt=\"\" width=\"759\" height=\"534\" srcset=\"https:\/\/havamall.vn\/wp-content\/uploads\/2018\/05\/1463633262387_5967809-300x211.jpg 300w, https:\/\/havamall.vn\/wp-content\/uploads\/2018\/05\/1463633262387_5967809-430x303.jpg 430w, https:\/\/havamall.vn\/wp-content\/uploads\/2018\/05\/1463633262387_5967809-150x106.jpg 150w, https:\/\/havamall.vn\/wp-content\/uploads\/2018\/05\/1463633262387_5967809-220x154.jpg 220w, https:\/\/havamall.vn\/wp-content\/uploads\/2018\/05\/1463633262387_5967809-600x422.jpg 600w, https:\/\/havamall.vn\/wp-content\/uploads\/2018\/05\/1463633262387_5967809.jpg 675w\" sizes=\"(max-width: 759px) 100vw, 759px\" \/><\/p>\n<\/div>\n<div class=\"t\">\n<p>Andes chi\u1ebfm tr\u1ecdn s\u1ef1 y\u00eau th\u00edch c\u1ee7a m\u1ecdi ng\u01b0\u1eddi nh\u1edd s\u1ef1 k\u1ebft h\u1ee3p gi\u1eefa h\u01b0\u01a1ng v\u1ecb the m\u00e1t, h\u01a1i cay c\u1ee7a b\u1ea1c h\u00e0 v\u1edbi v\u1ecb ng\u1ecdt d\u1ecbu nh\u1eb9 nh\u00e0ng c\u1ee7a chocolate nguy\u00ean ch\u1ea5t. M\u00e0u xanh b\u1ea1c h\u00e0 \u0111\u1eb7c tr\u01b0ng \u0111\u01b0\u1ee3c bao b\u1ecdc b\u1edfi 2 l\u1edbp chocolate th\u01a1m ngon. B\u1ea1n c\u00f2n ch\u1ea7n ch\u1edd g\u00ec n\u1eefa m\u00e0 kh\u00f4ng kh\u00e1m ph\u00e1 nagy nh\u1eefng vi\u00ean k\u1eb9o chocolate h\u00ecnh ch\u1eef nh\u1eadt xinh x\u1eafn n\u00e0y. B\u1ea1n s\u1ebd kh\u00f4ng d\u1eebng l\u1ea1i \u1edf vi\u00ean k\u1eb9o \u0111\u1ea7u ti\u00ean \u0111\u00e2u m\u00e0 c\u00f2n mu\u1ed1n \u0103n th\u00eam 2, 3 vi\u00ean n\u1eefa \u0111\u1ea5y.<\/p>\n<p><img loading=\"lazy\" decoding=\"async\" class=\"wp-image-12221 aligncenter\" src=\"https:\/\/havamall.vn\/wp-content\/uploads\/2018\/05\/36904523_635964526780825_8879029772701663232_n-225x300.png\" alt=\"\" width=\"761\" height=\"1013\" srcset=\"https:\/\/havamall.vn\/wp-content\/uploads\/2018\/05\/36904523_635964526780825_8879029772701663232_n-225x300.png 225w, https:\/\/havamall.vn\/wp-content\/uploads\/2018\/05\/36904523_635964526780825_8879029772701663232_n-430x573.png 430w, https:\/\/havamall.vn\/wp-content\/uploads\/2018\/05\/36904523_635964526780825_8879029772701663232_n-150x200.png 150w, https:\/\/havamall.vn\/wp-content\/uploads\/2018\/05\/36904523_635964526780825_8879029772701663232_n-700x933.png 700w, https:\/\/havamall.vn\/wp-content\/uploads\/2018\/05\/36904523_635964526780825_8879029772701663232_n-600x800.png 600w\" sizes=\"(max-width: 761px) 100vw, 761px\" \/><\/p>\n<\/div>","protected":false},"excerpt":{"rendered":"<p>Ng\u00e0y nh\u00e0 gi\u00e1o Vi\u1ec7t Nam l\u00e0 m\u1ed9t ng\u00e0y k\u1ec9 ni\u1ec7m \u0111\u01b0\u1ee3c t\u1ed5 ch\u1ee9c h\u00e0ng n\u0103m v\u00e0o ng\u00e0y 20 th\u00e1ng 11.<\/p>","protected":false},"featured_media":23358,"comment_status":"open","ping_status":"closed","template":"","meta":[],"product_brand":[],"product_cat":[409,40,36],"product_tag":[],"class_list":{"0":"post-23353","1":"product","2":"type-product","3":"status-publish","4":"has-post-thumbnail","6":"product_cat-hop-qua-set-qua","7":"product_cat-sieuthi-giasi","8":"product_cat-thuc-pham-tieu-dung","9":"pa_brand-skx","11":"first","12":"instock","13":"sale","14":"shipping-taxable","15":"purchasable","16":"product-type-simple"},"_links":{"self":[{"href":"https:\/\/havamall.vn\/en\/wp-json\/wp\/v2\/product\/23353"}],"collection":[{"href":"https:\/\/havamall.vn\/en\/wp-json\/wp\/v2\/product"}],"about":[{"href":"https:\/\/havamall.vn\/en\/wp-json\/wp\/v2\/types\/product"}],"replies":[{"embeddable":true,"href":"https:\/\/havamall.vn\/en\/wp-json\/wp\/v2\/comments?post=23353"}],"version-history":[{"count":0,"href":"https:\/\/havamall.vn\/en\/wp-json\/wp\/v2\/product\/23353\/revisions"}],"wp:featuredmedia":[{"embeddable":true,"href":"https:\/\/havamall.vn\/en\/wp-json\/wp\/v2\/media\/23358"}],"wp:attachment":[{"href":"https:\/\/havamall.vn\/en\/wp-json\/wp\/v2\/media?parent=23353"}],"wp:term":[{"taxonomy":"product_brand","embeddable":true,"href":"https:\/\/havamall.vn\/en\/wp-json\/wp\/v2\/product_brand?post=23353"},{"taxonomy":"product_cat","embeddable":true,"href":"https:\/\/havamall.vn\/en\/wp-json\/wp\/v2\/product_cat?post=23353"},{"taxonomy":"product_tag","embeddable":true,"href":"https:\/\/havamall.vn\/en\/wp-json\/wp\/v2\/product_tag?post=23353"}],"curies":[{"name":"wp","href":"https:\/\/api.w.org\/{rel}","templated":true}]}}