{"id":23242,"date":"2021-11-03T10:56:26","date_gmt":"2021-11-03T03:56:26","guid":{"rendered":"https:\/\/havamall.vn\/?post_type=product&#038;p=23242"},"modified":"2022-10-04T17:06:18","modified_gmt":"2022-10-04T10:06:18","slug":"hat-cacao-ngoi-huu-co-100g-diet-food-organic-cacao-nibs","status":"publish","type":"product","link":"https:\/\/havamall.vn\/en\/shop\/hat-cacao-ngoi-huu-co-100g-diet-food-organic-cacao-nibs\/","title":{"rendered":"H\u1ea1t Cacao Ng\u00f2i H\u1eefu C\u01a1 100g Diet Food &#8211; Organic Cacao Nibs"},"content":{"rendered":"<p>Diet Food \u0111\u01b0\u1ee3c th\u00e0nh l\u1eadp g\u1ea7n 30 n\u0103m t\u1eeb 2 h\u1ecdc gi\u1ea3 n\u00f4ng nghi\u1ec7p c\u00f3 \u01b0\u1edbc m\u01a1 kinh doanh d\u1ef1a tr\u00ean t\u00ecnh y\u00eau thi\u00ean nhi\u00ean v\u00e0 t\u1eeb c\u00e1c s\u1ea3n ph\u1ea9m c\u00f3 ngu\u1ed3n g\u1ed1c th\u1ef1c v\u1eadt.<\/p>\n<p>Sau g\u1ea7n hai th\u1eadp k\u1ef7 v\u1edbi vi\u1ec7c ch\u1ec9 b\u00e1n nguy\u00ean li\u1ec7u n\u00f4ng nghi\u1ec7p th\u00f4 v\u00e0 ch\u1ec9 nh\u1eadn gia c\u00f4ng si\u00eau th\u1ef1c ph\u1ea9m ri\u00eang cho c\u00e1c c\u00f4ng ty chuy\u00ean cung c\u1ea5p th\u1ef1c ph\u1ea9m Organic. Hi\u1ec7n t\u1ea1i Diet\u00a0 nghi\u00ean c\u1ee9u v\u00e0 mong mu\u1ed1n t\u1ea1o n\u00ean c\u00e1c s\u1ea3n ph\u1ea9m ho\u00e0n thi\u1ec7n h\u01a1n, t\u1ed1t h\u01a1n cho ng\u01b0\u1eddi ti\u00eau d\u00f9ng v\u00e0 ho\u00e0n to\u00e0n mang th\u01b0\u01a1ng hi\u1ec7u ri\u00eang c\u1ee7a h\u1ecd \u2013 Diet Food.<\/p>\n<p><img fetchpriority=\"high\" decoding=\"async\" class=\"wp-image-23243 aligncenter\" src=\"https:\/\/havamall.vn\/wp-content\/uploads\/2021\/11\/247701052_-300x300.png\" alt=\"\" width=\"752\" height=\"753\" srcset=\"https:\/\/havamall.vn\/wp-content\/uploads\/2021\/11\/247701052_-300x300.png 300w, https:\/\/havamall.vn\/wp-content\/uploads\/2021\/11\/247701052_-430x430.png 430w, https:\/\/havamall.vn\/wp-content\/uploads\/2021\/11\/247701052_-150x150.png 150w, https:\/\/havamall.vn\/wp-content\/uploads\/2021\/11\/247701052_-700x700.png 700w, https:\/\/havamall.vn\/wp-content\/uploads\/2021\/11\/247701052_-768x768.png 768w, https:\/\/havamall.vn\/wp-content\/uploads\/2021\/11\/247701052_-1024x1024.png 1024w, https:\/\/havamall.vn\/wp-content\/uploads\/2021\/11\/247701052_-1200x1200.png 1200w, https:\/\/havamall.vn\/wp-content\/uploads\/2021\/11\/247701052_-600x600.png 600w, https:\/\/havamall.vn\/wp-content\/uploads\/2021\/11\/247701052_-100x100.png 100w, https:\/\/havamall.vn\/wp-content\/uploads\/2021\/11\/247701052_.png 1656w\" sizes=\"(max-width: 752px) 100vw, 752px\" \/><\/p>\n<p>Cacao ng\u00f2i (Cacao Nibs) l\u00e0 d\u1ea1ng s\u00f4 c\u00f4 la \u00edt \u0111\u01b0\u1ee3c ch\u1ebf bi\u1ebfn nh\u1ea5t. Ch\u00fang \u0111\u01b0\u1ee3c l\u00e0m t\u1eeb qu\u1ea3 c\u1ee7a c\u00e2y Theobroma cacao. V\u1ec1 k\u1ef9 thu\u1eadt, h\u1ea1t \u0111\u01b0\u1ee3c t\u00e1ch kh\u1ecfi v\u1ecf v\u00e0 \u1ee7 men t\u1eeb 5-10 ng\u00e0y trong th\u00f9ng k\u00edn. Cu\u1ed1i c\u00f9ng, ch\u00fang \u0111\u01b0\u1ee3c s\u1ea5y kh\u00f4 trong kh\u00f4ng kh\u00ed ho\u1eb7c rang. Cacao Nibs ch\u1ec9 \u0111\u01a1n gi\u1ea3n l\u00e0 nh\u1eefng m\u1ea9u v\u1ee5n \u0111\u01b0\u1ee3c nghi\u1ec1n nh\u1ecf t\u1eeb nh\u1eefng h\u1ea1t cacao th\u00f4 \u0111\u00f3. \u0110\u01b0\u1ee3c s\u1eed d\u1ee5ng theo nhi\u1ec1u c\u00e1ch kh\u00e1c nhau, Cacao Nibs l\u00e0 m\u1ed9t nguy\u00ean li\u1ec7u n\u1ea5u \u0103n tuy\u1ec7t v\u1eddi.<\/p>\n<p><img decoding=\"async\" class=\"wp-image-23244 aligncenter\" src=\"https:\/\/havamall.vn\/wp-content\/uploads\/2021\/11\/adobe_stock-300x200.png\" alt=\"\" width=\"753\" height=\"502\" srcset=\"https:\/\/havamall.vn\/wp-content\/uploads\/2021\/11\/adobe_stock-300x200.png 300w, https:\/\/havamall.vn\/wp-content\/uploads\/2021\/11\/adobe_stock-430x287.png 430w, https:\/\/havamall.vn\/wp-content\/uploads\/2021\/11\/adobe_stock-150x100.png 150w, https:\/\/havamall.vn\/wp-content\/uploads\/2021\/11\/adobe_stock-700x467.png 700w, https:\/\/havamall.vn\/wp-content\/uploads\/2021\/11\/adobe_stock-768x512.png 768w, https:\/\/havamall.vn\/wp-content\/uploads\/2021\/11\/adobe_stock-1024x683.png 1024w, https:\/\/havamall.vn\/wp-content\/uploads\/2021\/11\/adobe_stock-1200x800.png 1200w, https:\/\/havamall.vn\/wp-content\/uploads\/2021\/11\/adobe_stock-600x400.png 600w, https:\/\/havamall.vn\/wp-content\/uploads\/2021\/11\/adobe_stock.png 2048w\" sizes=\"(max-width: 753px) 100vw, 753px\" \/><\/p>\n<p>Cacao Nibs \u0111\u01b0\u1ee3c thu t\u1eeb cacao h\u1ea1t sau khi l\u00ean men v\u00e0 ph\u01a1i n\u1eafng. Cacao Nibs \u0111\u01b0\u1ee3c b\u00f3c v\u1ecf v\u00e0 nghi\u1ec1n n\u00e1t t\u1eeb to\u00e0n b\u1ed9 h\u1ea1t cacao th\u00f4, Cacao Nibs c\u00f3 h\u01b0\u01a1ng v\u1ecb ri\u00eang bi\u1ec7t khi\u1ebfn ch\u00fang tr\u1edf th\u00e0nh m\u00f3n \u0103n nh\u1eb9 t\u1ef1 nhi\u00ean y\u00eau th\u00edch.<\/p>\n<p>Cacao Nibs l\u00e0 th\u00e0nh ph\u1ea7n ch\u00ednh \u0111\u1ec3 ch\u1ebf bi\u1ebfn th\u00e0nh b\u1ed9t cacao, b\u01a1 v\u00e0 b\u1ed9t \u0111\u1ec3 s\u1eed d\u1ee5ng trong c\u00e1c s\u1ea3n ph\u1ea9m s\u00f4 c\u00f4 la t\u1eeb thanh \u0111\u1ebfn n\u01b0\u1edbc s\u1ed1t \u0111\u1ebfn \u0111\u1ed3 u\u1ed1ng.<\/p>\n<p><img decoding=\"async\" class=\"wp-image-23253 aligncenter\" src=\"https:\/\/havamall.vn\/wp-content\/uploads\/2021\/11\/dairy-free-c-256x300.png\" alt=\"\" width=\"751\" height=\"880\" srcset=\"https:\/\/havamall.vn\/wp-content\/uploads\/2021\/11\/dairy-free-c-256x300.png 256w, https:\/\/havamall.vn\/wp-content\/uploads\/2021\/11\/dairy-free-c-430x503.png 430w, https:\/\/havamall.vn\/wp-content\/uploads\/2021\/11\/dairy-free-c-150x176.png 150w, https:\/\/havamall.vn\/wp-content\/uploads\/2021\/11\/dairy-free-c-700x819.png 700w, https:\/\/havamall.vn\/wp-content\/uploads\/2021\/11\/dairy-free-c-768x899.png 768w, https:\/\/havamall.vn\/wp-content\/uploads\/2021\/11\/dairy-free-c-875x1024.png 875w, https:\/\/havamall.vn\/wp-content\/uploads\/2021\/11\/dairy-free-c.png 1200w, https:\/\/havamall.vn\/wp-content\/uploads\/2021\/11\/dairy-free-c-600x702.png 600w\" sizes=\"(max-width: 751px) 100vw, 751px\" \/><\/p>\n<p>Cacao Nibs c\u00f3 v\u1ecb \u0111\u1eafng, ph\u1ee9c h\u1ee3p c\u1ee7a s\u00f4 c\u00f4 la \u0111en kh\u00f4ng \u0111\u01b0\u1eddng, v\u1edbi k\u1ebft c\u1ea5u ch\u1eafc nh\u01b0ng dai t\u01b0\u01a1ng t\u1ef1 nh\u01b0 h\u1ea1t c\u00e0 ph\u00ea rang.<\/p>\n<p>H\u1ea1t cacao ng\u00f2i h\u1eefu c\u01a1 Diet Food \u0111\u01b0\u1ee3c l\u00e0m t\u1eeb 100% h\u1ea1t Cacao Nibs th\u00f4 \u0111\u01b0\u1ee3c nghi\u1ec1n nh\u1ecf. Ch\u00fang t\u1ef1 nhi\u00ean gi\u00e0u s\u1eaft, canxi, magi\u00ea v\u00e0 ch\u1ea5t ch\u1ed1ng oxy h\u00f3a, l\u00e0m cho ch\u00fang tr\u1edf th\u00e0nh m\u1ed9t th\u00e0nh ph\u1ea7n c\u00f3 gi\u00e1 tr\u1ecb c\u1ee7a m\u1ed9t ch\u1ebf \u0111\u1ed9 \u0103n u\u1ed1ng l\u00e0nh m\u1ea1nh. S\u1ea3n ph\u1ea9m c\u00f3 ngu\u1ed3n g\u1ed1c 100% t\u1eeb th\u1ef1c v\u1eadt, l\u00e0 m\u00f3n \u0103n nh\u1eb9 ho\u00e0n h\u1ea3o cho ng\u01b0\u1eddi l\u1edbn v\u00e0 tr\u1ebb em.<\/p>\n<p><img loading=\"lazy\" decoding=\"async\" class=\"wp-image-23246 aligncenter\" src=\"https:\/\/havamall.vn\/wp-content\/uploads\/2021\/11\/Espresso-300x200.png\" alt=\"\" width=\"752\" height=\"501\" srcset=\"https:\/\/havamall.vn\/wp-content\/uploads\/2021\/11\/Espresso-300x200.png 300w, https:\/\/havamall.vn\/wp-content\/uploads\/2021\/11\/Espresso-430x287.png 430w, https:\/\/havamall.vn\/wp-content\/uploads\/2021\/11\/Espresso-150x100.png 150w, https:\/\/havamall.vn\/wp-content\/uploads\/2021\/11\/Espresso-700x467.png 700w, https:\/\/havamall.vn\/wp-content\/uploads\/2021\/11\/Espresso-768x512.png 768w, https:\/\/havamall.vn\/wp-content\/uploads\/2021\/11\/Espresso-1024x683.png 1024w, https:\/\/havamall.vn\/wp-content\/uploads\/2021\/11\/Espresso-1200x800.png 1200w, https:\/\/havamall.vn\/wp-content\/uploads\/2021\/11\/Espresso-600x400.png 600w, https:\/\/havamall.vn\/wp-content\/uploads\/2021\/11\/Espresso.png 2048w\" sizes=\"(max-width: 752px) 100vw, 752px\" \/><\/p>\n<h3><strong>Th\u00f4ng tin s\u1ea3n ph\u1ea9m:<\/strong><\/h3>\n<p><b>&#8211; Th\u00e0nh\u00a0<\/b><b>ph\u1ea7n:\u00a0<\/b>100% h\u1ea1t Cacao ng\u00f2i (Cacao Nibs) h\u1eefu c\u01a1.<\/p>\n<p><b>&#8211; Shelf\u00a0<\/b><b>life:\u00a0<\/b>24 th\u00e1ng t\u1eeb ng\u00e0y s\u1ea3n xu\u1ea5t<\/p>\n<p><b>&#8211; Size:<\/b>\u00a0100 g\/g\u00f3i v\u00e0 200 g\/g\u00f3i<\/p>\n<p><b>&#8211; Xu\u1ea5t x\u1ee9: Ba Lan<\/b><\/p>\n<p><img loading=\"lazy\" decoding=\"async\" class=\"wp-image-23247 aligncenter\" src=\"https:\/\/havamall.vn\/wp-content\/uploads\/2021\/11\/yogurt-with-300x201.png\" alt=\"\" width=\"754\" height=\"505\" srcset=\"https:\/\/havamall.vn\/wp-content\/uploads\/2021\/11\/yogurt-with-300x201.png 300w, https:\/\/havamall.vn\/wp-content\/uploads\/2021\/11\/yogurt-with-430x288.png 430w, https:\/\/havamall.vn\/wp-content\/uploads\/2021\/11\/yogurt-with-150x100.png 150w, https:\/\/havamall.vn\/wp-content\/uploads\/2021\/11\/yogurt-with-700x468.png 700w, https:\/\/havamall.vn\/wp-content\/uploads\/2021\/11\/yogurt-with-768x514.png 768w, https:\/\/havamall.vn\/wp-content\/uploads\/2021\/11\/yogurt-with-1024x685.png 1024w, https:\/\/havamall.vn\/wp-content\/uploads\/2021\/11\/yogurt-with-1200x803.png 1200w, https:\/\/havamall.vn\/wp-content\/uploads\/2021\/11\/yogurt-with-600x402.png 600w, https:\/\/havamall.vn\/wp-content\/uploads\/2021\/11\/yogurt-with.png 1300w\" sizes=\"(max-width: 754px) 100vw, 754px\" \/><\/p>\n<h3><strong>H\u01b0\u1edbng\u00a0D\u1eabn S\u1eed D\u1ee5ng:<\/strong><\/h3>\n<p>&gt; Cacao nibs nghi\u1ec1n r\u1ea5t linh ho\u1ea1t v\u00e0 c\u00f3 th\u1ec3 \u0111\u01b0\u1ee3c s\u1eed d\u1ee5ng theo nhi\u1ec1u c\u00e1ch trong nh\u00e0 b\u1ebfp. Ch\u00fang c\u00f3 th\u1ec3 \u0111\u01b0\u1ee3c th\u00eam v\u00e0o h\u1ed7n h\u1ee3p cocktail, th\u00eam v\u00e0o kem, r\u1eafc v\u00e0o b\u00e1nh n\u01b0\u1edbng x\u1ed1p, s\u1eefa chua, sinh t\u1ed1, th\u00eam v\u00e0o b\u00e1nh ng\u1ecdt v\u00e0 c\u00e1c lo\u1ea1i b\u00e1nh ng\u1ecdt kh\u00e1c.<\/p>\n<p>&gt; Ca cao ng\u00f2i c\u0169ng c\u00f3 th\u1ec3 \u0111\u01b0\u1ee3c l\u00e0m k\u1eb9o \u2013 ch\u1ec9 c\u1ea7n tr\u1ed9n v\u1edbi \u0111\u01b0\u1eddng caramel \u0111\u1ec3 c\u00f3 m\u1ed9t m\u00f3n \u0103n nh\u1eb9 \u0111\u01a1n gi\u1ea3n nh\u01b0ng ngon mi\u1ec7ng. Ho\u1eb7c b\u1ea1n c\u00f3 th\u1ec3 th\u01b0\u1edfng th\u1ee9c cacao th\u00f4 ngay t\u1eeb trong t\u00fai.<\/p>\n<p>S\u1ea3n ph\u1ea9m \u0111\u00e3 c\u00f3 m\u1eb7t t\u1ea1i Havamall.<\/p>\n<p><img loading=\"lazy\" decoding=\"async\" class=\"wp-image-23248 aligncenter\" src=\"https:\/\/havamall.vn\/wp-content\/uploads\/2021\/11\/IMG_7-225x300.png\" alt=\"\" width=\"759\" height=\"1013\" srcset=\"https:\/\/havamall.vn\/wp-content\/uploads\/2021\/11\/IMG_7-225x300.png 225w, https:\/\/havamall.vn\/wp-content\/uploads\/2021\/11\/IMG_7-430x573.png 430w, https:\/\/havamall.vn\/wp-content\/uploads\/2021\/11\/IMG_7-150x200.png 150w, https:\/\/havamall.vn\/wp-content\/uploads\/2021\/11\/IMG_7-700x933.png 700w, https:\/\/havamall.vn\/wp-content\/uploads\/2021\/11\/IMG_7.png 768w, https:\/\/havamall.vn\/wp-content\/uploads\/2021\/11\/IMG_7-600x800.png 600w\" sizes=\"(max-width: 759px) 100vw, 759px\" \/><\/p>","protected":false},"excerpt":{"rendered":"<p>Diet Food \u0111\u01b0\u1ee3c th\u00e0nh l\u1eadp g\u1ea7n 30 n\u0103m t\u1eeb 2 h\u1ecdc gi\u1ea3 n\u00f4ng nghi\u1ec7p c\u00f3 \u01b0\u1edbc m\u01a1 kinh doanh d\u1ef1a<\/p>","protected":false},"featured_media":23249,"comment_status":"open","ping_status":"closed","template":"","meta":[],"product_brand":[],"product_cat":[256,36,134],"product_tag":[],"class_list":{"0":"post-23242","1":"product","2":"type-product","3":"status-publish","4":"has-post-thumbnail","6":"product_cat-thuc-pham-huu-co","7":"product_cat-thuc-pham-tieu-dung","8":"product_cat-thucpham-saykho","10":"first","11":"outofstock","12":"sale","13":"shipping-taxable","14":"purchasable","15":"product-type-simple"},"_links":{"self":[{"href":"https:\/\/havamall.vn\/en\/wp-json\/wp\/v2\/product\/23242"}],"collection":[{"href":"https:\/\/havamall.vn\/en\/wp-json\/wp\/v2\/product"}],"about":[{"href":"https:\/\/havamall.vn\/en\/wp-json\/wp\/v2\/types\/product"}],"replies":[{"embeddable":true,"href":"https:\/\/havamall.vn\/en\/wp-json\/wp\/v2\/comments?post=23242"}],"version-history":[{"count":0,"href":"https:\/\/havamall.vn\/en\/wp-json\/wp\/v2\/product\/23242\/revisions"}],"wp:featuredmedia":[{"embeddable":true,"href":"https:\/\/havamall.vn\/en\/wp-json\/wp\/v2\/media\/23249"}],"wp:attachment":[{"href":"https:\/\/havamall.vn\/en\/wp-json\/wp\/v2\/media?parent=23242"}],"wp:term":[{"taxonomy":"product_brand","embeddable":true,"href":"https:\/\/havamall.vn\/en\/wp-json\/wp\/v2\/product_brand?post=23242"},{"taxonomy":"product_cat","embeddable":true,"href":"https:\/\/havamall.vn\/en\/wp-json\/wp\/v2\/product_cat?post=23242"},{"taxonomy":"product_tag","embeddable":true,"href":"https:\/\/havamall.vn\/en\/wp-json\/wp\/v2\/product_tag?post=23242"}],"curies":[{"name":"wp","href":"https:\/\/api.w.org\/{rel}","templated":true}]}}