{"id":23231,"date":"2021-11-03T10:04:32","date_gmt":"2021-11-03T03:04:32","guid":{"rendered":"https:\/\/havamall.vn\/?post_type=product&#038;p=23231"},"modified":"2022-11-01T13:55:42","modified_gmt":"2022-11-01T06:55:42","slug":"bo-kem-hat-dinh-duong-mix-mam-xoi-huu-co-200g-diet-food","status":"publish","type":"product","link":"https:\/\/havamall.vn\/en\/shop\/bo-kem-hat-dinh-duong-mix-mam-xoi-huu-co-200g-diet-food\/","title":{"rendered":"B\u01a1 Kem H\u1ea1t Dinh D\u01b0\u1ee1ng Mix M\u00e2m X\u00f4i H\u1eefu C\u01a1 200g Diet Food"},"content":{"rendered":"<p>Diet Food \u0111\u01b0\u1ee3c th\u00e0nh l\u1eadp g\u1ea7n 30 n\u0103m t\u1eeb 2 h\u1ecdc gi\u1ea3 n\u00f4ng nghi\u1ec7p c\u00f3 \u01b0\u1edbc m\u01a1 kinh doanh d\u1ef1a tr\u00ean t\u00ecnh y\u00eau thi\u00ean nhi\u00ean v\u00e0 t\u1eeb c\u00e1c s\u1ea3n ph\u1ea9m c\u00f3 ngu\u1ed3n g\u1ed1c th\u1ef1c v\u1eadt.<br \/>\nSau g\u1ea7n hai th\u1eadp k\u1ef7 v\u1edbi vi\u1ec7c ch\u1ec9 b\u00e1n nguy\u00ean li\u1ec7u n\u00f4ng nghi\u1ec7p th\u00f4 v\u00e0 ch\u1ec9 nh\u1eadn gia c\u00f4ng si\u00eau th\u1ef1c ph\u1ea9m ri\u00eang cho c\u00e1c c\u00f4ng ty chuy\u00ean cung c\u1ea5p th\u1ef1c ph\u1ea9m Organic. Hi\u1ec7n t\u1ea1i Diet\u00a0 nghi\u00ean c\u1ee9u v\u00e0 mong mu\u1ed1n t\u1ea1o n\u00ean c\u00e1c s\u1ea3n ph\u1ea9m ho\u00e0n thi\u1ec7n h\u01a1n, t\u1ed1t h\u01a1n cho ng\u01b0\u1eddi ti\u00eau d\u00f9ng v\u00e0 ho\u00e0n to\u00e0n mang th\u01b0\u01a1ng hi\u1ec7u ri\u00eang c\u1ee7a h\u1ecd \u2013 Diet Food.<\/p>\n<p><img fetchpriority=\"high\" decoding=\"async\" class=\"wp-image-23236 aligncenter\" src=\"https:\/\/havamall.vn\/wp-content\/uploads\/2021\/11\/24855509-300x300.png\" alt=\"\" width=\"729\" height=\"729\" srcset=\"https:\/\/havamall.vn\/wp-content\/uploads\/2021\/11\/24855509-300x300.png 300w, https:\/\/havamall.vn\/wp-content\/uploads\/2021\/11\/24855509-430x430.png 430w, https:\/\/havamall.vn\/wp-content\/uploads\/2021\/11\/24855509-150x150.png 150w, https:\/\/havamall.vn\/wp-content\/uploads\/2021\/11\/24855509-700x700.png 700w, https:\/\/havamall.vn\/wp-content\/uploads\/2021\/11\/24855509-768x768.png 768w, https:\/\/havamall.vn\/wp-content\/uploads\/2021\/11\/24855509-1024x1024.png 1024w, https:\/\/havamall.vn\/wp-content\/uploads\/2021\/11\/24855509-1200x1200.png 1200w, https:\/\/havamall.vn\/wp-content\/uploads\/2021\/11\/24855509-600x600.png 600w, https:\/\/havamall.vn\/wp-content\/uploads\/2021\/11\/24855509-100x100.png 100w, https:\/\/havamall.vn\/wp-content\/uploads\/2021\/11\/24855509.png 1656w\" sizes=\"(max-width: 729px) 100vw, 729px\" \/><\/p>\n<p>D\u00f2ng s\u1ea3n ph\u1ea9m c\u00e1c lo\u1ea1i b\u01a1 h\u1ea1t t\u1eeb Diet Food \u0111\u01b0\u1ee3c l\u00e0m t\u1eeb c\u00e1c th\u00e0nh ph\u1ea7n kh\u00f4ng ch\u1ee9a gluten \u0111\u01b0\u1ee3c t\u1ea1o ra \u1edf nhi\u1ec7t \u0111\u1ed9 RAW \u0111\u1ec3 duy tr\u00ec gi\u00e1 tr\u1ecb dinh d\u01b0\u1ee1ng cao nh\u1ea5t c\u1ee7a c\u00e1c th\u00e0nh ph\u1ea7n.<\/p>\n<p>B\u01a1 kem h\u1ea1t dinh d\u01b0\u1ee1ng mix m\u00e2m x\u00f4i Diet Food l\u00e0 m\u1ed9t s\u1ef1 k\u1ebft h\u1ee3p ho\u00e0n h\u1ea3o v\u00e0 \u0111\u1ec9nh cao gi\u1eefa b\u01a1 \u0111\u1eadu ph\u1ed9ng, coconut mousse v\u00e0 qu\u1ea3 m\u00e2m x\u00f4i. B\u01a1 kem n\u00e0y mang \u0111\u1ebfn h\u01b0\u01a1ng v\u1ecb b\u00e9o ng\u1eady ng\u1ecdt b\u00f9i k\u00e8m m\u1ed9t ch\u00fat ch\u01b0a thanh t\u1eeb qu\u1ea3 m\u00e2m x\u00f4i.<\/p>\n<p><img decoding=\"async\" class=\"wp-image-23237 aligncenter\" src=\"https:\/\/havamall.vn\/wp-content\/uploads\/2021\/11\/107594972-300x266.png\" alt=\"\" width=\"729\" height=\"646\" srcset=\"https:\/\/havamall.vn\/wp-content\/uploads\/2021\/11\/107594972-300x266.png 300w, https:\/\/havamall.vn\/wp-content\/uploads\/2021\/11\/107594972-430x381.png 430w, https:\/\/havamall.vn\/wp-content\/uploads\/2021\/11\/107594972-150x133.png 150w, https:\/\/havamall.vn\/wp-content\/uploads\/2021\/11\/107594972-700x620.png 700w, https:\/\/havamall.vn\/wp-content\/uploads\/2021\/11\/107594972-768x680.png 768w, https:\/\/havamall.vn\/wp-content\/uploads\/2021\/11\/107594972-1024x907.png 1024w, https:\/\/havamall.vn\/wp-content\/uploads\/2021\/11\/107594972-1200x1062.png 1200w, https:\/\/havamall.vn\/wp-content\/uploads\/2021\/11\/107594972-600x531.png 600w, https:\/\/havamall.vn\/wp-content\/uploads\/2021\/11\/107594972.png 1500w\" sizes=\"(max-width: 729px) 100vw, 729px\" \/><\/p>\n<p>B\u01a1 \u0111\u1eadu ph\u1ed9ng cung c\u1ea5p 30% niacin, 10% Vitamin E v\u00e0 4% s\u1eaft v\u00e0 kali m\u1ed7i lo\u1ea1i. M\u1eb7c d\u00f9 \u0111\u1eadu ph\u1ed9ng c\u00f3 nhi\u1ec1u ch\u1ea5t b\u00e9o nh\u01b0ng ch\u00fang c\u0169ng c\u00f3 m\u1ed9t l\u01b0\u1ee3ng protein h\u1ee3p l\u00fd, gi\u00fap no l\u00e2u v\u00e0 c\u00f3 th\u1ec3 g\u00f3p ph\u1ea7n ki\u1ec3m so\u00e1t c\u00e2n n\u1eb7ng.<\/p>\n<p><img decoding=\"async\" class=\"wp-image-23241 aligncenter\" src=\"https:\/\/havamall.vn\/wp-content\/uploads\/2021\/11\/107607307-1-272x300.png\" alt=\"\" width=\"720\" height=\"794\" srcset=\"https:\/\/havamall.vn\/wp-content\/uploads\/2021\/11\/107607307-1-272x300.png 272w, https:\/\/havamall.vn\/wp-content\/uploads\/2021\/11\/107607307-1-430x475.png 430w, https:\/\/havamall.vn\/wp-content\/uploads\/2021\/11\/107607307-1-150x166.png 150w, https:\/\/havamall.vn\/wp-content\/uploads\/2021\/11\/107607307-1-700x773.png 700w, https:\/\/havamall.vn\/wp-content\/uploads\/2021\/11\/107607307-1-768x848.png 768w, https:\/\/havamall.vn\/wp-content\/uploads\/2021\/11\/107607307-1-927x1024.png 927w, https:\/\/havamall.vn\/wp-content\/uploads\/2021\/11\/107607307-1-600x663.png 600w, https:\/\/havamall.vn\/wp-content\/uploads\/2021\/11\/107607307-1.png 1365w\" sizes=\"(max-width: 720px) 100vw, 720px\" \/><\/p>\n<h3><strong>Th\u00f4ng tin s\u1ea3n ph\u1ea9m:<\/strong><\/h3>\n<p><b>&gt; Th\u00e0nh ph\u1ea7n:\u00a0<\/b>B\u01a1 kem \u0110\u1eadu ph\u1ed9ng rang 57,5%, mousse d\u1eeba 40%, m\u00e2m x\u00f4i kh\u00f4 2,5%.<\/p>\n<p><b>&gt; Shelf life:\u00a0<\/b>12 th\u00e1ng t\u1eeb ng\u00e0y s\u1ea3n xu\u1ea5t<\/p>\n<p><b>&gt; Kh\u1ed1i l\u01b0\u1ee3ng:<\/b>\u00a0300 g\/h\u0169<\/p>\n<p><b>&gt; Xu\u1ea5t x\u1ee9: <\/b>Ba Lan<\/p>\n<h3><img loading=\"lazy\" decoding=\"async\" class=\"wp-image-23239 aligncenter\" src=\"https:\/\/havamall.vn\/wp-content\/uploads\/2021\/11\/vegan_s-267x300.png\" alt=\"\" width=\"743\" height=\"834\" srcset=\"https:\/\/havamall.vn\/wp-content\/uploads\/2021\/11\/vegan_s-267x300.png 267w, https:\/\/havamall.vn\/wp-content\/uploads\/2021\/11\/vegan_s-430x483.png 430w, https:\/\/havamall.vn\/wp-content\/uploads\/2021\/11\/vegan_s-150x168.png 150w, https:\/\/havamall.vn\/wp-content\/uploads\/2021\/11\/vegan_s-700x786.png 700w, https:\/\/havamall.vn\/wp-content\/uploads\/2021\/11\/vegan_s-768x862.png 768w, https:\/\/havamall.vn\/wp-content\/uploads\/2021\/11\/vegan_s-600x673.png 600w, https:\/\/havamall.vn\/wp-content\/uploads\/2021\/11\/vegan_s.png 858w\" sizes=\"(max-width: 743px) 100vw, 743px\" \/><\/h3>\n<h3><strong>H\u01b0\u1edbng\u00a0D\u1eabn\u00a0S\u1eed\u00a0D\u1ee5ng:<\/strong><\/h3>\n<p>&#8211; D\u00f9ng tr\u1ef1c ti\u1ebfp, c\u0169ng th\u00edch h\u1ee3p \u0111\u1ec3 ph\u1ebft l\u00ean b\u00e1nh m\u00ec, sandwich, b\u00e1nh k\u1ebfp, sinh t\u1ed1, porridge,&#8230;<\/p>\n<p>&#8211; Nh\u01b0 m\u1ed9t th\u00e0nh ph\u1ea7n trong c\u00e1c m\u00f3n b\u00e1nh t\u1ef1 l\u00e0m, b\u00e1nh quy ho\u1eb7c c\u00e1c m\u00f3n \u0103n ph\u01b0\u01a1ng \u0110\u00f4ng.<\/p>\n<p>S\u1ea3n ph\u1ea9m hi\u1ec7n \u0111\u00e3 c\u00f3 m\u1eb7t t\u1ea1i Havamall.<\/p>","protected":false},"excerpt":{"rendered":"<p>Diet Food \u0111\u01b0\u1ee3c th\u00e0nh l\u1eadp g\u1ea7n 30 n\u0103m t\u1eeb 2 h\u1ecdc gi\u1ea3 n\u00f4ng nghi\u1ec7p c\u00f3 \u01b0\u1edbc m\u01a1 kinh doanh d\u1ef1a<\/p>","protected":false},"featured_media":23240,"comment_status":"open","ping_status":"closed","template":"","meta":[],"product_brand":[],"product_cat":[256,36],"product_tag":[],"class_list":{"0":"post-23231","1":"product","2":"type-product","3":"status-publish","4":"has-post-thumbnail","6":"product_cat-thuc-pham-huu-co","7":"product_cat-thuc-pham-tieu-dung","9":"first","10":"instock","11":"sale","12":"shipping-taxable","13":"purchasable","14":"product-type-simple"},"_links":{"self":[{"href":"https:\/\/havamall.vn\/en\/wp-json\/wp\/v2\/product\/23231"}],"collection":[{"href":"https:\/\/havamall.vn\/en\/wp-json\/wp\/v2\/product"}],"about":[{"href":"https:\/\/havamall.vn\/en\/wp-json\/wp\/v2\/types\/product"}],"replies":[{"embeddable":true,"href":"https:\/\/havamall.vn\/en\/wp-json\/wp\/v2\/comments?post=23231"}],"version-history":[{"count":0,"href":"https:\/\/havamall.vn\/en\/wp-json\/wp\/v2\/product\/23231\/revisions"}],"wp:featuredmedia":[{"embeddable":true,"href":"https:\/\/havamall.vn\/en\/wp-json\/wp\/v2\/media\/23240"}],"wp:attachment":[{"href":"https:\/\/havamall.vn\/en\/wp-json\/wp\/v2\/media?parent=23231"}],"wp:term":[{"taxonomy":"product_brand","embeddable":true,"href":"https:\/\/havamall.vn\/en\/wp-json\/wp\/v2\/product_brand?post=23231"},{"taxonomy":"product_cat","embeddable":true,"href":"https:\/\/havamall.vn\/en\/wp-json\/wp\/v2\/product_cat?post=23231"},{"taxonomy":"product_tag","embeddable":true,"href":"https:\/\/havamall.vn\/en\/wp-json\/wp\/v2\/product_tag?post=23231"}],"curies":[{"name":"wp","href":"https:\/\/api.w.org\/{rel}","templated":true}]}}