{"id":23221,"date":"2021-11-02T17:18:56","date_gmt":"2021-11-02T10:18:56","guid":{"rendered":"https:\/\/havamall.vn\/?post_type=product&#038;p=23221"},"modified":"2022-10-04T17:08:45","modified_gmt":"2022-10-04T10:08:45","slug":"ngu-coc-gion-muesi-trai-cay-hat-chia-huu-co-300g-diet-food-organic-muesli-100-bio-ingredients-with-chia-seeds","status":"publish","type":"product","link":"https:\/\/havamall.vn\/en\/shop\/ngu-coc-gion-muesi-trai-cay-hat-chia-huu-co-300g-diet-food-organic-muesli-100-bio-ingredients-with-chia-seeds\/","title":{"rendered":"Ng\u0169 C\u1ed1c Gi\u00f2n Muesi Tr\u00e1i C\u00e2y H\u1ea1t Chia H\u1eefu C\u01a1 300g Diet Food &#8211; Organic Muesli 100% Bio Ingredients With Chia Seeds"},"content":{"rendered":"<div class=\"elementor-widget elementor-element elementor-element-lrq0104 elementor-widget-text-editor\">\n<div class=\"elementor-widget-container\">\n<div class=\"elementor-text-editor rte-content\">\n<p id=\"tw-target-text\" class=\"tw-data-text tw-text-large XcVN5d tw-ta\" dir=\"ltr\"><span class=\"Y2IQFc\" lang=\"vi\">D\u00f2ng s\u1ea3n ph\u1ea9m Muesli ch\u1ec9 d\u1ef1a tr\u00ean c\u00e1c th\u00e0nh ph\u1ea7n sinh th\u00e1i, kh\u00f4ng ch\u1ee9a gluten \u0111\u01b0\u1ee3c k\u1ebft h\u1ee3p v\u1edbi xi-r\u00f4 d\u1eeba sinh th\u00e1i \u1edf nhi\u1ec7t \u0111\u1ed9 RAW (d\u01b0\u1edbi 42 \u0111\u1ed9 C) \u0111\u1ec3 duy tr\u00ec gi\u00e1 tr\u1ecb dinh d\u01b0\u1ee1ng cao nh\u1ea5t c\u1ee7a c\u00e1c th\u00e0nh ph\u1ea7n. Ch\u00fang t\u00f4i \u0111\u00e3 l\u00e0m phong ph\u00fa th\u00eam c\u00e1c s\u1ea3n ph\u1ea9m c\u1ee7a m\u00ecnh b\u1eb1ng c\u00e1c si\u00eau th\u1ef1c ph\u1ea9m gi\u00e0u vitamin v\u00e0 kho\u00e1ng ch\u1ea5t, nh\u1edd \u0111\u00f3, ngo\u00e0i h\u01b0\u01a1ng v\u1ecb tuy\u1ec7t v\u1eddi, ch\u00fang c\u00f2n l\u00e0 s\u1ef1 thay th\u1ebf l\u00e0nh m\u1ea1nh cho khoai t\u00e2y chi\u00ean, khoai t\u00e2y chi\u00ean gi\u00f2n v\u00e0 c\u00e1c m\u00f3n \u0103n v\u1eb7t kh\u00f4ng l\u00e0nh m\u1ea1nh kh\u00e1c.<\/span><\/p>\n<p class=\"tw-data-text tw-text-large XcVN5d tw-ta\" dir=\"ltr\"><span class=\"Y2IQFc\" lang=\"vi\">Ng\u0169 c\u1ed1c \u0103n s\u00e1ng c\u1ed5 \u0111i\u1ec3n l\u00e0 m\u1ed9t s\u1ea3n ph\u1ea9m \u0111\u01b0\u1ee3c l\u00e0m ch\u1ee7 y\u1ebfu t\u1eeb m\u1ed9t th\u00e0nh ph\u1ea7n c\u1ee7a b\u1ed9t ng\u00f4 ho\u1eb7c b\u1ed9t ng\u00f4. Trong c\u00e1c s\u1ea3n ph\u1ea9m c\u1ee7a ch\u00fang t\u00f4i, b\u1ea1n s\u1ebd t\u00ecm th\u1ea5y c\u00e1c lo\u1ea1i h\u1ea1t, tr\u00e1i c\u00e2y, h\u1ea1t nh\u01b0 h\u1ea1t chia v\u00e0 h\u1ea1t h\u01b0\u1edbng d\u01b0\u01a1ng, h\u1ea1t b\u00ed ng\u00f4, v\u1ee5n d\u1eeba, t\u1ea5t c\u1ea3 \u0111\u1ec1u kh\u00f4ng c\u00f3 \u0111\u01b0\u1eddng tr\u1eafng.<\/span><\/p>\n<p dir=\"ltr\"><img fetchpriority=\"high\" decoding=\"async\" class=\"wp-image-23222 aligncenter\" src=\"https:\/\/havamall.vn\/wp-content\/uploads\/2021\/11\/24681754-300x300.png\" alt=\"\" width=\"761\" height=\"761\" srcset=\"https:\/\/havamall.vn\/wp-content\/uploads\/2021\/11\/24681754-300x300.png 300w, https:\/\/havamall.vn\/wp-content\/uploads\/2021\/11\/24681754-430x430.png 430w, https:\/\/havamall.vn\/wp-content\/uploads\/2021\/11\/24681754-150x150.png 150w, https:\/\/havamall.vn\/wp-content\/uploads\/2021\/11\/24681754-700x700.png 700w, https:\/\/havamall.vn\/wp-content\/uploads\/2021\/11\/24681754-768x768.png 768w, https:\/\/havamall.vn\/wp-content\/uploads\/2021\/11\/24681754-1024x1024.png 1024w, https:\/\/havamall.vn\/wp-content\/uploads\/2021\/11\/24681754-1200x1200.png 1200w, https:\/\/havamall.vn\/wp-content\/uploads\/2021\/11\/24681754-600x600.png 600w, https:\/\/havamall.vn\/wp-content\/uploads\/2021\/11\/24681754-100x100.png 100w, https:\/\/havamall.vn\/wp-content\/uploads\/2021\/11\/24681754.png 1656w\" sizes=\"(max-width: 761px) 100vw, 761px\" \/><\/p>\n<p class=\"tw-data-text tw-text-large XcVN5d tw-ta\" dir=\"ltr\"><span class=\"Y2IQFc\" lang=\"vi\">Diet-Food Muesli l\u00e0 m\u1ed9t s\u1ea3n ph\u1ea9m \u0103n s\u00e1ng tuy\u1ec7t v\u1eddi, \u0111\u1ed5 n\u00f3 v\u1edbi s\u1eefa y\u00eau th\u00edch c\u1ee7a b\u1ea1n, s\u1eefa chua ho\u1eb7c b\u1ea5t k\u1ef3 n\u01b0\u1edbc tr\u00e1i c\u00e2y n\u00e0o, nh\u01b0ng b\u1ea1n c\u00f3 th\u1ec3 \u0103n tr\u1ef1c ti\u1ebfp t\u1eeb g\u00f3i nh\u01b0 m\u1ed9t b\u1eefa \u0103n nh\u1eb9. <\/span><\/p>\n<p class=\"tw-data-text tw-text-large XcVN5d tw-ta\" dir=\"ltr\"><span class=\"Y2IQFc\" lang=\"vi\">Logo h\u00ecnh chi\u1ebfc l\u00e1 xanh c\u1ee7a Muesli Diet-Food c\u00f3 ngh\u0129a l\u00e0 s\u1ea3n ph\u1ea9m mang t\u00ednh sinh th\u00e1i. C\u00e1c th\u00e0nh ph\u1ea7n c\u00f3 trong th\u00e0nh ph\u1ea7n c\u1ee7a n\u00f3 \u0111\u1ebfn t\u1eeb canh t\u00e1c h\u1eefu c\u01a1 \u0111\u01b0\u1ee3c ch\u1ee9ng nh\u1eadn kh\u00f4ng b\u1ed5 sung thu\u1ed1c tr\u1eeb s\u00e2u v\u00e0 kh\u00f4ng bi\u1ebfn \u0111\u1ed5i gen.<\/span><\/p>\n<p dir=\"ltr\"><img decoding=\"async\" class=\"wp-image-23223 aligncenter\" src=\"https:\/\/havamall.vn\/wp-content\/uploads\/2021\/11\/720634-300x240.png\" alt=\"\" width=\"765\" height=\"612\" srcset=\"https:\/\/havamall.vn\/wp-content\/uploads\/2021\/11\/720634-300x240.png 300w, https:\/\/havamall.vn\/wp-content\/uploads\/2021\/11\/720634-430x344.png 430w, https:\/\/havamall.vn\/wp-content\/uploads\/2021\/11\/720634-150x120.png 150w, https:\/\/havamall.vn\/wp-content\/uploads\/2021\/11\/720634-700x560.png 700w, https:\/\/havamall.vn\/wp-content\/uploads\/2021\/11\/720634-768x615.png 768w, https:\/\/havamall.vn\/wp-content\/uploads\/2021\/11\/720634-1024x820.png 1024w, https:\/\/havamall.vn\/wp-content\/uploads\/2021\/11\/720634-1200x960.png 1200w, https:\/\/havamall.vn\/wp-content\/uploads\/2021\/11\/720634-600x480.png 600w, https:\/\/havamall.vn\/wp-content\/uploads\/2021\/11\/720634.png 1788w\" sizes=\"(max-width: 765px) 100vw, 765px\" \/><\/p>\n<p class=\"tw-data-text tw-text-large XcVN5d tw-ta\" dir=\"ltr\"><span class=\"Y2IQFc\" lang=\"vi\">T\u1ea5t c\u1ea3 Diet-Food Muesli \u0111\u01b0\u1ee3c l\u00e0m kh\u00f4ng c\u00f3 th\u00e0nh ph\u1ea7n c\u00f3 ngu\u1ed3n g\u1ed1c \u0111\u1ed9ng v\u1eadt, ch\u00fang d\u00e0nh ri\u00eang cho c\u1ea3 ng\u01b0\u1eddi \u0103n chay v\u00e0 \u0103n chay tr\u01b0\u1eddng.<\/span><\/p>\n<p><span style=\"font-weight: 400\">Ng\u0169 c\u1ed1c Muesli l\u00e0 th\u1ef1c ph\u1ea9m dinh d\u01b0\u1ee1ng \u0111\u01b0\u1ee3c y\u00eau th\u00edch t\u1ea1i c\u00e1c n\u01b0\u1edbc ph\u01b0\u01a1ng T\u00e2y, \u0111\u01b0\u1ee3c l\u00e0m t\u1eeb c\u00e1c lo\u1ea1i h\u1ea1t, hoa qu\u1ea3 kh\u00f4. Muesli c\u00f3 th\u1ec3 k\u1ebft h\u1ee3p v\u1edbi c\u00e1c lo\u1ea1i s\u1eefa h\u1ea1t, s\u1eefa chua. Th\u00eam h\u01b0\u01a1ng v\u1ecb t\u1eeb c\u00e1c lo\u1ea1i tr\u00e1i c\u00e2y nh\u01b0 nho kh\u00f4, t\u00e1o, d\u1eeba gi\u00fap ng\u0169 c\u1ed1c kh\u00f4ng h\u1ec1 ng\u1ea5y khi s\u1eed d\u1ee5ng. B\u00ean c\u1ea1nh \u0111\u00f3, \u0111\u1ed9 gi\u00f2n tan c\u1ee7a s\u1ea3n ph\u1ea9m c\u0169ng l\u00e0 m\u1ed9t \u01b0u \u0111i\u1ec3m \u0111\u1ec3 b\u1ea1n c\u00f3 th\u1ec3 s\u1eed d\u1ee5ng nh\u01b0 l\u00e0 m\u00f3n \u0103n v\u1eb7t h\u00e0ng ng\u00e0y.<\/span><\/p>\n<p><img decoding=\"async\" class=\"wp-image-23224 aligncenter\" src=\"https:\/\/havamall.vn\/wp-content\/uploads\/2021\/11\/muesli-food--300x197.png\" alt=\"\" width=\"761\" height=\"500\" srcset=\"https:\/\/havamall.vn\/wp-content\/uploads\/2021\/11\/muesli-food--300x197.png 300w, https:\/\/havamall.vn\/wp-content\/uploads\/2021\/11\/muesli-food--430x282.png 430w, https:\/\/havamall.vn\/wp-content\/uploads\/2021\/11\/muesli-food--150x99.png 150w, https:\/\/havamall.vn\/wp-content\/uploads\/2021\/11\/muesli-food--700x460.png 700w, https:\/\/havamall.vn\/wp-content\/uploads\/2021\/11\/muesli-food--768x505.png 768w, https:\/\/havamall.vn\/wp-content\/uploads\/2021\/11\/muesli-food--1024x673.png 1024w, https:\/\/havamall.vn\/wp-content\/uploads\/2021\/11\/muesli-food--1200x788.png 1200w, https:\/\/havamall.vn\/wp-content\/uploads\/2021\/11\/muesli-food--600x394.png 600w, https:\/\/havamall.vn\/wp-content\/uploads\/2021\/11\/muesli-food-.png 1300w\" sizes=\"(max-width: 761px) 100vw, 761px\" \/><\/p>\n<p><span style=\"font-weight: 400\">V\u1edbi ch\u1ea5t x\u01a1 t\u1eeb b\u1ed9t y\u1ebfn m\u1ea1ch &#8211; l\u00faa m\u00ec &#8211; l\u00faa m\u1ea1ch nguy\u00ean c\u00e1m gi\u00fap gi\u1eef c\u1ea3m gi\u00e1c no l\u00e2u m\u00e0 kh\u00f4ng c\u1ea7n \u0103n qu\u00e1 nhi\u1ec1u.\u00a0<\/span><span style=\"font-weight: 400\">Ti\u00eau th\u1ee5 \u0111\u1ee7 l\u01b0\u1ee3ng ch\u1ea5t x\u01a1 c\u00f2n gi\u00fap t\u1ed1i \u01b0u h\u00f3a ch\u1ee9c n\u0103ng c\u1ee7a c\u00e1c vi khu\u1ea9n c\u00f3 l\u1ee3i trong \u0111\u01b0\u1eddng ru\u1ed9t.<\/span><\/p>\n<p><span style=\"font-weight: 400\"> Th\u00eam h\u01b0\u01a1ng v\u1ecb t\u1eeb c\u00e1c lo\u1ea1i tr\u00e1i c\u00e2y nh\u01b0 nho, h\u1ea1t chia s\u1ebd kh\u00f4ng h\u1ec1 ng\u1ea5y khi s\u1eed d\u1ee5ng. B\u00ean c\u1ea1nh \u0111\u00f3, v\u1edbi \u0111\u1ed9 gi\u00f2n tan c\u1ee7a s\u1ea3n ph\u1ea9m c\u0169ng l\u00e0 m\u1ed9t \u01b0u \u0111i\u1ec3m \u0111\u1ec3 b\u1ea1n c\u00f3 th\u1ec3 s\u1eed d\u1ee5ng nh\u01b0 l\u00e0 m\u00f3n \u0103n v\u1eb7t h\u00e0ng ng\u00e0y.\u00a0 Ch\u1ea5t ch\u1ed1ng oxy ho\u00e1 t\u1eeb t\u00e1o, nho, d\u00e2u t\u00e2y\u2026 s\u1ea5y gi\u00fap t\u0103ng m\u1ee9c \u0111\u1ed9 ch\u1ed1ng oxy h\u00f3a trong m\u00e1u c\u1ee7a b\u1ea1n \u0111\u1ec3 ch\u1ed1ng l\u1ea1i stress oxy h\u00f3a v\u00e0 gi\u1ea3m nguy c\u01a1 m\u1eafc b\u1ec7nh b\u1edfi c\u00e1c g\u1ed1c t\u1ef1 do c\u00f3 h\u1ea1i.<\/span><\/p>\n<p><img loading=\"lazy\" decoding=\"async\" class=\"wp-image-23225 aligncenter\" src=\"https:\/\/havamall.vn\/wp-content\/uploads\/2021\/11\/24544814-184x300.png\" alt=\"\" width=\"757\" height=\"1233\" srcset=\"https:\/\/havamall.vn\/wp-content\/uploads\/2021\/11\/24544814-184x300.png 184w, https:\/\/havamall.vn\/wp-content\/uploads\/2021\/11\/24544814-150x245.png 150w, https:\/\/havamall.vn\/wp-content\/uploads\/2021\/11\/24544814-628x1024.png 628w\" sizes=\"(max-width: 757px) 100vw, 757px\" \/><\/p>\n<h3><strong>\u0110\u1eb7c \u0111i\u1ec3m n\u1ed5i b\u1eadt c\u1ee7a s\u1ea3n ph\u1ea9m:<\/strong><\/h3>\n<p>&#8211; Th\u00eam h\u01b0\u01a1ng v\u1ecb t\u1eeb c\u00e1c lo\u1ea1i tr\u00e1i c\u00e2y nh\u01b0 nho kh\u00f4, h\u1ea1t chia s\u1ebd kh\u00f4ng h\u1ec1 ng\u1ea5y khi s\u1eed d\u1ee5ng. B\u00ean c\u1ea1nh \u0111\u00f3, v\u1edbi \u0111\u1ed9 gi\u00f2n tan c\u1ee7a s\u1ea3n ph\u1ea9m c\u0169ng l\u00e0 m\u1ed9t \u01b0u \u0111i\u1ec3m \u0111\u1ec3 b\u1ea1n c\u00f3 th\u1ec3 s\u1eed d\u1ee5ng nh\u01b0 l\u00e0 m\u00f3n \u0103n v\u1eb7t h\u00e0ng ng\u00e0y.<\/p>\n<p>&#8211; Y\u1ebfn m\u1ea1ch n\u01b0\u1edbng k\u1ebft h\u1ee3p v\u1edbi ng\u0169 c\u1ed1c b\u1eafp ng\u00f4 Corn Flakes t\u1ea1o ra m\u1ed9t m\u00f3n ng\u0169 c\u1ed1c gi\u00f2n ngon kh\u00f3 c\u01b0\u1ee1ng. L\u00e0 l\u1ef1a ch\u1ecdn l\u00fd t\u01b0\u1edfng cho c\u00e1c b\u1ea1n \u0111am m\u00ea ng\u0169 c\u1ed1c Muesli, ch\u1ebf \u0111\u1ed9 \u0103n healthy, diet\u2026<\/p>\n<p><span style=\"font-weight: 400\">&#8211; \u0110\u1ea1t ch\u1ee9ng nh\u1eadn h\u1eefu c\u01a1 Ch\u00e2u \u00c2u n\u00ean ch\u1eafc ch\u1eafn l\u00e0 an to\u00e0n cho b\u00e9 v\u00e0 ph\u00f9 h\u1ee3p v\u1edbi c\u1ea3 ng\u01b0\u1eddi mu\u1ed1n gi\u1ea3m c\u00e2n.<\/span><\/p>\n<p><span style=\"font-weight: 400\">&#8211; Ngo\u00e0i ra s\u1ea3n ph\u1ea9m c\u0169ng ti\u1ec7n l\u1ee3i cho vi\u1ec7c mang theo khi l\u00e0m vi\u1ec7c, \u0111i h\u1ecdc, picnic.<\/span><\/p>\n<p><span style=\"font-weight: 400\">&#8211; B\u1ed1 m\u1eb9 c\u00f3 th\u1ec3 s\u1eed d\u1ee5ng ng\u0169 c\u1ed1c gi\u00f2n n\u00e0y thay th\u1ebf cho c\u00e1c lo\u1ea1i snack \u0111\u1ed9c h\u1ea1i tr\u00ean th\u1ecb tr\u01b0\u1eddng. Cho b\u00e9 \u0103n ch\u01a1i, \u0103n v\u1eb7t\u2026hay l\u00e0 m\u1ed9t b\u1eefa \u0103n\u00a0<\/span><span style=\"font-weight: 400\">s\u00e1ng ngon l\u00e0nh cho b\u00e9.<\/span><\/p>\n<p><img loading=\"lazy\" decoding=\"async\" class=\"wp-image-20914 aligncenter\" src=\"https:\/\/havamall.vn\/wp-content\/uploads\/2021\/07\/ghfg-300x200.png\" alt=\"\" width=\"755\" height=\"503\" srcset=\"https:\/\/havamall.vn\/wp-content\/uploads\/2021\/07\/ghfg-300x200.png 300w, https:\/\/havamall.vn\/wp-content\/uploads\/2021\/07\/ghfg-430x287.png 430w, https:\/\/havamall.vn\/wp-content\/uploads\/2021\/07\/ghfg-150x100.png 150w, https:\/\/havamall.vn\/wp-content\/uploads\/2021\/07\/ghfg-700x467.png 700w, https:\/\/havamall.vn\/wp-content\/uploads\/2021\/07\/ghfg-768x512.png 768w, https:\/\/havamall.vn\/wp-content\/uploads\/2021\/07\/ghfg-1024x683.png 1024w, https:\/\/havamall.vn\/wp-content\/uploads\/2021\/07\/ghfg-1200x800.png 1200w, https:\/\/havamall.vn\/wp-content\/uploads\/2021\/07\/ghfg-600x400.png 600w, https:\/\/havamall.vn\/wp-content\/uploads\/2021\/07\/ghfg.png 2048w\" sizes=\"(max-width: 755px) 100vw, 755px\" \/><\/p>\n<\/div>\n<\/div>\n<\/div>\n<div class=\"elementor-widget elementor-element elementor-element-lrq0104 elementor-widget-text-editor\">\n<div class=\"elementor-widget-container\">\n<div class=\"elementor-text-editor rte-content\">\n<h3><strong>L\u1ee3i \u00edch c\u1ee7a s\u1ea3n ph\u1ea9m:<\/strong><\/h3>\n<p>\u2013 L\u00e0 m\u1ed9t ngu\u1ed3n gi\u00e0u ch\u1ea5t x\u01a1 h\u00f2a tan v\u00e0 r\u1ea5t h\u1eefu \u00edch trong vi\u1ec7c l\u00e0m gi\u1ea3m cholesterol.<\/p>\n<p>\u2013 \u0102n k\u00e8m muesli v\u1edbi tr\u00e1i c\u00e2y t\u01b0\u01a1i gi\u00fap l\u00e0m cho l\u00e0n da kh\u1ecfe m\u1ea1nh v\u00e0 s\u00e1ng b\u00f3ng.<\/p>\n<p>\u2013 Muesli l\u00e0 m\u1ed9t ngu\u1ed3n kho\u00e1ng ch\u1ea5t phong ph\u00fa l\u00e0m t\u0103ng s\u1ef1 trao \u0111\u1ed5i ch\u1ea5t trong c\u01a1 th\u1ec3.<\/p>\n<p>\u2013 Gi\u00e0u canxi gi\u00fap h\u1ed7 tr\u1ee3 ph\u00f2ng lo\u00e3ng x\u01b0\u01a1ng \u1edf ph\u1ee5 n\u1eef ti\u1ec1n m\u00e3n kinh ho\u1eb7c ng\u01b0\u1eddi cao tu\u1ed5i<\/p>\n<h3><strong>H\u01b0\u1edbng d\u1eabn s\u1eed d\u1ee5ng:<\/strong><\/h3>\n<p>&#8211; C\u00f3 nhi\u1ec1u c\u00e1ch \u0111\u1ec3 th\u01b0\u1edfng th\u1ee9c Muesli nh\u01b0 ng\u00e2m qua \u0111\u00eam trong s\u1eefa l\u1ea1nh ho\u1eb7c n\u01b0\u1edbc t\u00e1o, n\u01b0\u1edbc cam \u0111\u1ec3 Muesli m\u1ec1m m\u1ea1i h\u01a1n<\/p>\n<p>&#8211; N\u1ea5u ch\u00edn nh\u01b0 b\u1ed9t y\u1ebfn m\u1ea1ch b\u1eb1ng c\u00e1ch b\u1ecf v\u00e0o s\u1eefa ho\u1eb7c n\u01b0\u1edbc s\u00f4i v\u00e0 th\u01b0\u1edfng th\u1ee9c hay ch\u1ec9 \u0111\u01a1n gi\u1ea3n l\u00e0 khu\u1ea5y v\u00e0o s\u1eefa chua.<\/p>\n<p>S\u1ea3n ph\u1ea9m \u0111\u00e3 c\u00f3 m\u1eb7t t\u1ea1i Havamall.<\/p>\n<\/div>\n<\/div>\n<\/div>","protected":false},"excerpt":{"rendered":"<p>D\u00f2ng s\u1ea3n ph\u1ea9m Muesli ch\u1ec9 d\u1ef1a tr\u00ean c\u00e1c th\u00e0nh ph\u1ea7n sinh th\u00e1i, kh\u00f4ng ch\u1ee9a gluten \u0111\u01b0\u1ee3c k\u1ebft h\u1ee3p v\u1edbi xi-r\u00f4<\/p>","protected":false},"featured_media":23227,"comment_status":"open","ping_status":"closed","template":"","meta":[],"product_brand":[],"product_cat":[256,36,134],"product_tag":[],"class_list":{"0":"post-23221","1":"product","2":"type-product","3":"status-publish","4":"has-post-thumbnail","6":"product_cat-thuc-pham-huu-co","7":"product_cat-thuc-pham-tieu-dung","8":"product_cat-thucpham-saykho","10":"first","11":"outofstock","12":"sale","13":"shipping-taxable","14":"purchasable","15":"product-type-simple"},"_links":{"self":[{"href":"https:\/\/havamall.vn\/en\/wp-json\/wp\/v2\/product\/23221"}],"collection":[{"href":"https:\/\/havamall.vn\/en\/wp-json\/wp\/v2\/product"}],"about":[{"href":"https:\/\/havamall.vn\/en\/wp-json\/wp\/v2\/types\/product"}],"replies":[{"embeddable":true,"href":"https:\/\/havamall.vn\/en\/wp-json\/wp\/v2\/comments?post=23221"}],"version-history":[{"count":0,"href":"https:\/\/havamall.vn\/en\/wp-json\/wp\/v2\/product\/23221\/revisions"}],"wp:featuredmedia":[{"embeddable":true,"href":"https:\/\/havamall.vn\/en\/wp-json\/wp\/v2\/media\/23227"}],"wp:attachment":[{"href":"https:\/\/havamall.vn\/en\/wp-json\/wp\/v2\/media?parent=23221"}],"wp:term":[{"taxonomy":"product_brand","embeddable":true,"href":"https:\/\/havamall.vn\/en\/wp-json\/wp\/v2\/product_brand?post=23221"},{"taxonomy":"product_cat","embeddable":true,"href":"https:\/\/havamall.vn\/en\/wp-json\/wp\/v2\/product_cat?post=23221"},{"taxonomy":"product_tag","embeddable":true,"href":"https:\/\/havamall.vn\/en\/wp-json\/wp\/v2\/product_tag?post=23221"}],"curies":[{"name":"wp","href":"https:\/\/api.w.org\/{rel}","templated":true}]}}