{"id":23203,"date":"2021-11-02T16:08:07","date_gmt":"2021-11-02T09:08:07","guid":{"rendered":"https:\/\/havamall.vn\/?post_type=product&#038;p=23203"},"modified":"2023-06-05T17:34:27","modified_gmt":"2023-06-05T10:34:27","slug":"bot-cacao-tho-huu-co-200g-diet-food-organic-cacao-powder","status":"publish","type":"product","link":"https:\/\/havamall.vn\/en\/shop\/bot-cacao-tho-huu-co-200g-diet-food-organic-cacao-powder\/","title":{"rendered":"B\u1ed9t Cacao Th\u00f4 H\u1eefu C\u01a1 200g Diet Food &#8211; Organic Cacao Powder"},"content":{"rendered":"<h3><strong>TH\u00d4NG TIN S\u1ea2N PH\u1ea8M<\/strong><\/h3>\n<table>\n<tbody>\n<tr>\n<td>Th\u01b0\u01a1ng hi\u1ec7u<\/td>\n<td>Diet Food<\/td>\n<\/tr>\n<tr>\n<td>Xu\u1ea5t x\u1ee9<\/td>\n<td>Ba Lan<\/td>\n<\/tr>\n<tr>\n<td>Th\u00e0nh ph\u1ea7n<\/td>\n<td>100% b\u1ed9t cacao th\u00f4 h\u1eefu c\u01a1<\/td>\n<\/tr>\n<tr>\n<td>H\u1ea1n s\u1eed d\u1ee5ng<\/td>\n<td>24 th\u00e1ng k\u1ec3 t\u1eeb ng\u00e0y s\u1ea3n xu\u1ea5t.<\/td>\n<\/tr>\n<tr>\n<td>B\u1ea3o qu\u1ea3n<\/td>\n<td>\u0110\u1ec3 n\u01a1i kh\u00f4 r\u00e1o, tho\u00e1ng m\u00e1t, tr\u00e1nh \u00e1nh n\u1eafng tr\u1ef1c ti\u1ebfp<\/td>\n<\/tr>\n<tr>\n<td>Kh\u1ed1i l\u01b0\u1ee3ng<\/td>\n<td>200g<\/td>\n<\/tr>\n<\/tbody>\n<\/table>\n<p><span class=\"Y2IQFc\" lang=\"vi\">Bio Cacao Powder l\u00e0 m\u1ed9t ngu\u1ed3n gi\u00e0u vitamin, kho\u00e1ng ch\u1ea5t, \u0111\u00f3 l\u00e0 l\u00fd do t\u1ea1i sao n\u00f3 thu\u1ed9c nh\u00f3m SUPERFOOD &#8211; th\u1ef1c ph\u1ea9m c\u00f3 nh\u1eefng l\u1ee3i \u00edch s\u1ee9c kh\u1ecfe \u0111\u1ed9c \u200b\u200b\u0111\u00e1o.<\/span><\/p>\n<p><span class=\"Y2IQFc\" lang=\"vi\"> Cacao r\u1ea5t gi\u00e0u magi\u00ea, ph\u1ed1t pho, s\u1eaft, \u0111\u1ed3ng, mangan, k\u1ebdm, kali v\u00e0 ch\u1ea5t x\u01a1. Ch\u00fang c\u0169ng ch\u1ee9a vitamin B1, B2, B3 v\u00e0 ch\u1ea5t ch\u1ed1ng oxy h\u00f3a \u0111\u00f3ng g\u00f3p t\u00edch c\u1ef1c v\u00e0o s\u1ee9c kh\u1ecfe n\u00f3i chung v\u00e0 ng\u0103n ng\u1eeba b\u1ec7nh t\u1eadt.<\/span><\/p>\n<p><img fetchpriority=\"high\" decoding=\"async\" class=\"wp-image-23205 aligncenter\" src=\"https:\/\/havamall.vn\/wp-content\/uploads\/2021\/11\/2435453-212x300.png\" alt=\"\" width=\"737\" height=\"1043\" srcset=\"https:\/\/havamall.vn\/wp-content\/uploads\/2021\/11\/2435453-212x300.png 212w, https:\/\/havamall.vn\/wp-content\/uploads\/2021\/11\/2435453-430x608.png 430w, https:\/\/havamall.vn\/wp-content\/uploads\/2021\/11\/2435453-150x212.png 150w, https:\/\/havamall.vn\/wp-content\/uploads\/2021\/11\/2435453-700x990.png 700w, https:\/\/havamall.vn\/wp-content\/uploads\/2021\/11\/2435453-768x1086.png 768w, https:\/\/havamall.vn\/wp-content\/uploads\/2021\/11\/2435453-724x1024.png 724w, https:\/\/havamall.vn\/wp-content\/uploads\/2021\/11\/2435453-1200x1697.png 1200w, https:\/\/havamall.vn\/wp-content\/uploads\/2021\/11\/2435453-600x849.png 600w, https:\/\/havamall.vn\/wp-content\/uploads\/2021\/11\/2435453.png 1240w\" sizes=\"(max-width: 737px) 100vw, 737px\" \/><\/p>\n<p><span class=\"Y2IQFc\" lang=\"vi\">\u0110\u00e2y l\u00e0 th\u1ef1c ph\u1ea9m c\u00f3 c\u00e1c \u0111\u1eb7c t\u00ednh dinh d\u01b0\u1ee1ng \u0111\u1ed9c \u0111\u00e1o v\u00e0 mang l\u1ea1i nhi\u1ec1u l\u1ee3i \u00edch cho s\u1ee9c kh\u1ecfe. H\u00e0m l\u01b0\u1ee3ng cao c\u00e1c vitamin, kho\u00e1ng ch\u1ea5t v\u00e0 ch\u1ea5t ch\u1ed1ng oxy h\u00f3a gi\u00fap b\u1ea3o v\u1ec7 c\u01a1 th\u1ec3 ch\u00fang ta ch\u1ed1ng l\u1ea1i c\u00e1c t\u1ed5n th\u01b0\u01a1ng.<\/span><\/p>\n<p><span class=\"Y2IQFc\" lang=\"vi\">B\u1ea1n c\u00f3 th\u1ec3 tr\u1ed9n 1-2 th\u00eca c\u00e0 ph\u00ea v\u1edbi s\u1eefa, s\u1eefa chua ho\u1eb7c n\u01b0\u1edbc tr\u00e1i c\u00e2y y\u00eau th\u00edch c\u1ee7a m\u00ecnh, th\u00eam v\u00e0o ng\u0169 c\u1ed1c, m\u00f3n tr\u00e1ng mi\u1ec7ng v\u00e0 salad. Gi\u1eef kh\u00f4 v\u00e0 m\u00e1t trong bao b\u00ec k\u00edn.<\/span><\/p>\n<p><img decoding=\"async\" class=\"wp-image-23206 aligncenter\" src=\"https:\/\/havamall.vn\/wp-content\/uploads\/2021\/11\/18487259-225x300.png\" alt=\"\" width=\"739\" height=\"985\" srcset=\"https:\/\/havamall.vn\/wp-content\/uploads\/2021\/11\/18487259-225x300.png 225w, https:\/\/havamall.vn\/wp-content\/uploads\/2021\/11\/18487259-430x573.png 430w, https:\/\/havamall.vn\/wp-content\/uploads\/2021\/11\/18487259-150x200.png 150w, https:\/\/havamall.vn\/wp-content\/uploads\/2021\/11\/18487259-700x933.png 700w, https:\/\/havamall.vn\/wp-content\/uploads\/2021\/11\/18487259-768x1024.png 768w, https:\/\/havamall.vn\/wp-content\/uploads\/2021\/11\/18487259-1200x1599.png 1200w, https:\/\/havamall.vn\/wp-content\/uploads\/2021\/11\/18487259-600x800.png 600w, https:\/\/havamall.vn\/wp-content\/uploads\/2021\/11\/18487259.png 1460w\" sizes=\"(max-width: 739px) 100vw, 739px\" \/><\/p>\n<p><span class=\"Y2IQFc\" lang=\"vi\">C\u00e1c th\u00e0nh ph\u1ea7n c\u1ee7a b\u1ed9t cacao \u0111\u1ebfn t\u1eeb c\u00e1c lo\u1ea1i c\u00e2y tr\u1ed3ng \u0111\u00e3 \u0111\u01b0\u1ee3c ch\u1ee9ng nh\u1eadn kh\u00f4ng c\u00f3 thu\u1ed1c tr\u1eeb s\u00e2u nh\u00e2n t\u1ea1o v\u00e0 kh\u00f4ng bi\u1ebfn \u0111\u1ed5i gen.<\/span><\/p>\n<h3><span style=\"font-weight: 400; color: #333333; font-family: Arial, 'Times New Roman', 'Bitstream Charter', Times, serif; font-size: 16px;\">Cacao kh\u00f4ng ch\u1ec9 \u0111\u01a1n thu\u1ea7n l\u00e0 m\u1ed9t th\u1ef1c ph\u1ea9m \u0111\u01b0\u1ee3c v\u00ed l\u00e0 dinh d\u01b0\u1ee1ng h\u1ea1nh ph\u00fac. N\u00f3 c\u00f3 m\u1ed9t l\u01b0\u1ee3ng ch\u1ea5t ch\u1ed1ng oxy h\u00f3a v\u00e0 kho\u00e1ng ch\u1ea5t phi th\u01b0\u1eddng c\u00f3 th\u1ec3 gi\u1eef cho ch\u00fang ta kh\u1ecfe m\u1ea1nh.\u00a0\u0110\u01b0\u1ee3c m\u1ec7nh danh l\u00e0 &#8220;th\u1ef1c ph\u1ea9m c\u1ee7a Ch\u00faa&#8221;, b\u1edfi cacao c\u00f3 ch\u1ee9a h\u00e0m l\u01b0\u1ee3ng magi\u00ea v\u00e0 ch\u1ea5t ch\u1ed1ng oxy ho\u00e1 cao h\u01a1n b\u1ea5t k\u00ec lo\u1ea1i th\u1ef1c ph\u1ea9m n\u00e0o kh\u00e1c.<\/span><\/h3>\n<p><img decoding=\"async\" class=\"wp-image-23207 aligncenter\" src=\"https:\/\/havamall.vn\/wp-content\/uploads\/2021\/11\/81Z7hGTAmpL._SL1500_-300x250.png\" alt=\"\" width=\"729\" height=\"608\" srcset=\"https:\/\/havamall.vn\/wp-content\/uploads\/2021\/11\/81Z7hGTAmpL._SL1500_-300x250.png 300w, https:\/\/havamall.vn\/wp-content\/uploads\/2021\/11\/81Z7hGTAmpL._SL1500_-430x358.png 430w, https:\/\/havamall.vn\/wp-content\/uploads\/2021\/11\/81Z7hGTAmpL._SL1500_-150x125.png 150w, https:\/\/havamall.vn\/wp-content\/uploads\/2021\/11\/81Z7hGTAmpL._SL1500_-700x583.png 700w, https:\/\/havamall.vn\/wp-content\/uploads\/2021\/11\/81Z7hGTAmpL._SL1500_-768x640.png 768w, https:\/\/havamall.vn\/wp-content\/uploads\/2021\/11\/81Z7hGTAmpL._SL1500_-1024x853.png 1024w, https:\/\/havamall.vn\/wp-content\/uploads\/2021\/11\/81Z7hGTAmpL._SL1500_-1200x1000.png 1200w, https:\/\/havamall.vn\/wp-content\/uploads\/2021\/11\/81Z7hGTAmpL._SL1500_-600x500.png 600w, https:\/\/havamall.vn\/wp-content\/uploads\/2021\/11\/81Z7hGTAmpL._SL1500_.png 1500w\" sizes=\"(max-width: 729px) 100vw, 729px\" \/><\/p>\n<p><span style=\"font-weight: 400;\">Cacao c\u00f3 ch\u1ee9a h\u00e0m l\u01b0\u1ee3ng ch\u1ea5t \u0111\u1ea1m, ch\u1ea5t b\u00e9o, carbohydrate, ch\u1ea5t x\u01a1, s\u1eaft, k\u1ebdm, \u0111\u1ed3ng, canxi, magi\u00ea, v\u00e0 l\u01b0u hu\u1ef3nh. C\u00e1c th\u00e0nh ph\u1ea7n ho\u00e1 h\u1ecdc b\u1ed5 sung kh\u00e1c bao g\u1ed3m ch\u1ea5t ch\u1ed1ng oxy ho\u00e1 v\u00e0 c\u00e1c h\u1ee3p ch\u1ea5t phenylethylamine v\u00e0 anandamide. T\u1ea5t c\u1ea3 \u0111\u1ec1u \u0111\u00f3ng vai tr\u00f2 quan tr\u1ecdng trong vi\u1ec7c c\u1ea3i thi\u1ec7n s\u1ee9c kho\u1ebb con ng\u01b0\u1eddi v\u00e0 khi\u1ebfn ch\u00fang ta c\u1ea3m th\u1ea5y tho\u1ea3i m\u00e1i h\u01a1n, t\u00e1c \u0111\u1ed9ng l\u00ean huy\u1ebft \u00e1p v\u00e0 l\u01b0\u1ee3ng \u0111\u01b0\u1eddng trong m\u00e1u khi\u1ebfn c\u01a1 th\u1ec3 c\u00f3 c\u1ea3m gi\u00e1c ph\u1ea5n kh\u00edch v\u00e0 tho\u1ea3i m\u00e1i, ch\u00ednh nh\u1edd c\u00f4ng d\u1ee5ng n\u00e0y m\u00e0 ch\u00fang \u0111\u01b0\u1ee3c bi\u1ebft t\u1edbi l\u00e0 lo\u1ea1i th\u1ef1c ph\u1ea9m khi\u1ebfn con ng\u01b0\u1eddi h\u1ea1nh ph\u00fac.<\/span><\/p>\n<p><img loading=\"lazy\" decoding=\"async\" class=\"wp-image-21420 aligncenter\" src=\"https:\/\/havamall.vn\/wp-content\/uploads\/2021\/08\/\u1ee5y-245x300.png\" alt=\"\" width=\"725\" height=\"887\" srcset=\"https:\/\/havamall.vn\/wp-content\/uploads\/2021\/08\/\u1ee5y-245x300.png 245w, https:\/\/havamall.vn\/wp-content\/uploads\/2021\/08\/\u1ee5y-430x527.png 430w, https:\/\/havamall.vn\/wp-content\/uploads\/2021\/08\/\u1ee5y-150x184.png 150w, https:\/\/havamall.vn\/wp-content\/uploads\/2021\/08\/\u1ee5y-768x941.png 768w, https:\/\/havamall.vn\/wp-content\/uploads\/2021\/08\/\u1ee5y-836x1024.png 836w, https:\/\/havamall.vn\/wp-content\/uploads\/2021\/08\/\u1ee5y.png 1200w, https:\/\/havamall.vn\/wp-content\/uploads\/2021\/08\/\u1ee5y-600x735.png 600w\" sizes=\"(max-width: 725px) 100vw, 725px\" \/><\/p>\n<p><span style=\"font-weight: 400;\">Trong b\u1ed9t cacao h\u1eefu c\u01a1 c\u00f3 ch\u1ee9a magi\u00ea ch\u1ed1ng l\u1ea1i s\u1ef1 t\u0103ng tr\u01b0\u1edfng axit, trung ho\u00e0 ch\u1ea5t \u0111\u1ed9c, gi\u1ea3m c\u0103ng th\u1eb3ng v\u00e0 c\u1ea7n thi\u1ebft cho nh\u1eefng ch\u1ee9c n\u0103ng kh\u00e1c. Ch\u1ea5t ch\u1ed1ng l\u00e3o ho\u00e1, cacao ch\u1ee9a flavanoids, polyphenols, catechins v\u00e0 epicatechins, do \u0111\u00f3 s\u1ebd \u1ee9c ch\u1ebf v\u00e0 l\u00e0m ch\u1eadm qu\u00e1 tr\u00ecnh l\u00e3o ho\u00e1.<\/span><\/p>\n<p><img loading=\"lazy\" decoding=\"async\" class=\"wp-image-19781 aligncenter\" src=\"https:\/\/havamall.vn\/wp-content\/uploads\/2021\/05\/xsx-300x200.jpg\" alt=\"\" width=\"728\" height=\"485\" srcset=\"https:\/\/havamall.vn\/wp-content\/uploads\/2021\/05\/xsx-300x200.jpg 300w, https:\/\/havamall.vn\/wp-content\/uploads\/2021\/05\/xsx-430x287.jpg 430w, https:\/\/havamall.vn\/wp-content\/uploads\/2021\/05\/xsx-150x100.jpg 150w, https:\/\/havamall.vn\/wp-content\/uploads\/2021\/05\/xsx-700x467.jpg 700w, https:\/\/havamall.vn\/wp-content\/uploads\/2021\/05\/xsx-768x512.jpg 768w, https:\/\/havamall.vn\/wp-content\/uploads\/2021\/05\/xsx-1024x683.jpg 1024w, https:\/\/havamall.vn\/wp-content\/uploads\/2021\/05\/xsx.jpg 1200w, https:\/\/havamall.vn\/wp-content\/uploads\/2021\/05\/xsx-600x400.jpg 600w\" sizes=\"(max-width: 728px) 100vw, 728px\" \/><\/p>\n<h3><strong>C\u00f4ng d\u1ee5ng c\u1ee7a b\u1ed9t cacao h\u1eefu c\u01a1 :<\/strong><\/h3>\n<p><span style=\"font-weight: 400;\">\u2013 B\u1ed9t ca cao th\u00f4 nguy\u00ean ch\u1ea5t \u0111\u00e3 \u0111\u01b0\u1ee3c t\u00e1ch b\u01a1 ca cao \u0111\u1ec3 gi\u1ea3m \u0111\u1ed9 b\u00e9o.<\/span><\/p>\n<p><span style=\"font-weight: 400;\">\u2013 Kh\u00f4ng th\u00eam \u0111\u01b0\u1eddng.<\/span><\/p>\n<p><span style=\"font-weight: 400;\">\u2013 Gi\u00e0u ch\u1ea5t dinh d\u01b0\u1ee1ng, ch\u1ea5t ch\u1ed1ng oxi h\u00f3a.<\/span><\/p>\n<p><span style=\"font-weight: 400;\">\u2013 Gi\u00fap t\u1ec9nh t\u00e1o, vui v\u1ebb h\u01a1n, gi\u1ea3m stress hi\u1ec7u qu\u1ea3.<\/span><\/p>\n<p><span style=\"font-weight: 400;\">\u2013 C\u1ea3i thi\u1ec7n l\u01b0u th\u00f4ng m\u00e1u, \u1ed5n \u0111\u1ecbnh huy\u1ebft \u00e1p, tim m\u1ea1ch.<\/span><\/p>\n<p><span style=\"font-weight: 400;\">\u2013 Gi\u00fap ki\u1ec3m so\u00e1t c\u00e2n n\u1eb7ng.<\/span><\/p>\n<p><span style=\"font-weight: 400;\">\u2013 M\u00e0u n\u00e2u \u0111\u1ec1u, m\u00f9i th\u01a1m, h\u01b0\u01a1ng v\u1ecb \u0111\u1eafng d\u1ecbu \u0111\u1eb7c tr\u01b0ng, ch\u00fat d\u01b0 \u00e2m chua nh\u1eb9.<\/span><\/p>\n<p><span style=\"font-weight: 400;\">\u2013 Kh\u00f4ng th\u00eam ph\u1ee5 gia, h\u01b0\u01a1ng li\u1ec7u, ch\u1ea5t t\u1ea1o m\u00e0u.<\/span><\/p>\n<p><span style=\"font-weight: 400;\">\u2013 L\u1ef1a ch\u1ecdn ho\u00e0n h\u1ea3o cho c\u00e1c t\u00edn \u0111\u1ed3 y\u00eau th\u00edch cacao nguy\u00ean ch\u1ea5t. \u0110\u1eb7c bi\u1ec7t ph\u00f9 h\u1ee3p v\u1edbi ch\u1ebf \u0111\u1ed9 \u0103n ki\u00eang, ng\u01b0\u1eddi b\u1ecb b\u1ec7nh ti\u1ec3u \u0111\u01b0\u1eddng.<\/span><\/p>\n<p><img loading=\"lazy\" decoding=\"async\" class=\"wp-image-19785 aligncenter\" src=\"https:\/\/havamall.vn\/wp-content\/uploads\/2021\/05\/0-ca-cao-3-1-300x199.jpg\" alt=\"\" width=\"723\" height=\"479\" srcset=\"https:\/\/havamall.vn\/wp-content\/uploads\/2021\/05\/0-ca-cao-3-1-300x199.jpg 300w, https:\/\/havamall.vn\/wp-content\/uploads\/2021\/05\/0-ca-cao-3-1-430x286.jpg 430w, https:\/\/havamall.vn\/wp-content\/uploads\/2021\/05\/0-ca-cao-3-1-150x100.jpg 150w, https:\/\/havamall.vn\/wp-content\/uploads\/2021\/05\/0-ca-cao-3-1-700x465.jpg 700w, https:\/\/havamall.vn\/wp-content\/uploads\/2021\/05\/0-ca-cao-3-1-768x510.jpg 768w, https:\/\/havamall.vn\/wp-content\/uploads\/2021\/05\/0-ca-cao-3-1-600x399.jpg 600w, https:\/\/havamall.vn\/wp-content\/uploads\/2021\/05\/0-ca-cao-3-1.jpg 900w\" sizes=\"(max-width: 723px) 100vw, 723px\" \/><\/p>\n<h3><strong>H\u01b0\u1edbng d\u1eabn s\u1eed d\u1ee5ng:<\/strong><\/h3>\n<p><span style=\"font-weight: 400;\">\u00a0&#8211; B\u1ed9t<\/span><span style=\"font-weight: 400;\"> cacao h\u1eefu c\u01a1<\/span><span style=\"font-weight: 400;\">\u00a0b\u1ea1n c\u00f3 th\u1ec3 pha v\u1edbi n\u01b0\u1edbc n\u00f3ng, th\u00eam m\u1ed9t \u00edt s\u1eefa, \u0111\u01b0\u1eddng ho\u1eb7c kem khu\u1ea5y \u0111\u1ec1u v\u00e0 c\u00f3 th\u1ec3 th\u01b0\u1edfng th\u1ee9c.<\/span><\/p>\n<p><span style=\"font-weight: 400;\">\u2013 <\/span><span style=\"font-weight: 400;\">B\u1ed9t cacao h\u1eefu c\u01a1\u00a0<\/span><span style=\"font-weight: 400;\">c\u00f3 th\u1ec3 d\u00f9ng l\u00e0m nguy\u00ean li\u1ec7u b\u00e1nh Socola.<\/span><\/p>\n<p><span style=\"font-weight: 400;\">&#8211; Pha ch\u1ebf th\u1ee9c u\u1ed1ng ho\u1eb7c d\u00f9ng trong c\u00e1c c\u00f4ng th\u1ee9c l\u00e0m b\u00e1nh, kem, s\u00f4 c\u00f4 la\u2026<\/span><\/p>\n<p><span style=\"font-weight: 400;\">&#8211; B\u1ea3o qu\u1ea3n n\u01a1i kh\u00f4 r\u00e1o tho\u00e1ng m\u00e1t, tr\u00e1nh ngu\u1ed3n nhi\u1ec7t, \u00e1nh s\u00e1ng, \u1ea9m \u01b0\u1edbt v\u00e0 c\u00e1c m\u00f9i l\u1ea1. B\u1ea3o qu\u1ea3n t\u1ed1t h\u01a1n trong t\u1ee7 l\u1ea1nh.<\/span><\/p>\n<p><img loading=\"lazy\" decoding=\"async\" class=\"aligncenter\" src=\"https:\/\/havamall.vn\/wp-content\/uploads\/2021\/01\/Chocolate-Cupcake-1.jpg\" alt=\"6 Chocolate Cupcakes | mycakemart\" width=\"710\" height=\"710\" \/><\/p>\n<h3><strong>Th\u00e0nh ph\u1ea7n dinh d\u01b0\u1ee1ng cho 100g :<\/strong><\/h3>\n<p><span style=\"font-weight: 400;\">&gt; Protein : 23g<\/span><\/p>\n<p><span style=\"font-weight: 400;\">&gt; N\u0103ng l\u01b0\u1ee3ng : 316kcal\/1314kJ<\/span><\/p>\n<p><span style=\"font-weight: 400;\">&gt; Ch\u1ea5t b\u00e9o : 11g bao g\u1ed3m ch\u1ea5t b\u00e9o b\u00e3o h\u00f2a : 7g<\/span><\/p>\n<p><span style=\"font-weight: 400;\">&gt; Glucid : 14g bao g\u1ed3m \u0111\u01b0\u1eddng : 1g<\/span><\/p>\n<p><span style=\"font-weight: 400;\">&gt; Mu\u1ed1i : 0,010g<\/span><\/p>\n<p><span style=\"font-weight: 400;\">&gt; Ch\u1ea5t x\u01a1 : 33g<\/span><\/p>\n<p>S\u1ea3n ph\u1ea9m hi\u1ec7n \u0111\u00e3 c\u00f3 m\u1eb7t t\u1ea1i Havamall.<\/p>","protected":false},"excerpt":{"rendered":"<p>TH\u00d4NG TIN S\u1ea2N PH\u1ea8M Th\u01b0\u01a1ng hi\u1ec7u Diet Food Xu\u1ea5t x\u1ee9 Ba Lan Th\u00e0nh ph\u1ea7n 100% b\u1ed9t cacao th\u00f4 h\u1eefu c\u01a1<\/p>","protected":false},"featured_media":23208,"comment_status":"open","ping_status":"closed","template":"","meta":[],"product_brand":[],"product_cat":[256,36],"product_tag":[],"class_list":{"0":"post-23203","1":"product","2":"type-product","3":"status-publish","4":"has-post-thumbnail","6":"product_cat-thuc-pham-huu-co","7":"product_cat-thuc-pham-tieu-dung","9":"first","10":"outofstock","11":"sale","12":"shipping-taxable","13":"purchasable","14":"product-type-simple"},"_links":{"self":[{"href":"https:\/\/havamall.vn\/en\/wp-json\/wp\/v2\/product\/23203"}],"collection":[{"href":"https:\/\/havamall.vn\/en\/wp-json\/wp\/v2\/product"}],"about":[{"href":"https:\/\/havamall.vn\/en\/wp-json\/wp\/v2\/types\/product"}],"replies":[{"embeddable":true,"href":"https:\/\/havamall.vn\/en\/wp-json\/wp\/v2\/comments?post=23203"}],"version-history":[{"count":0,"href":"https:\/\/havamall.vn\/en\/wp-json\/wp\/v2\/product\/23203\/revisions"}],"wp:featuredmedia":[{"embeddable":true,"href":"https:\/\/havamall.vn\/en\/wp-json\/wp\/v2\/media\/23208"}],"wp:attachment":[{"href":"https:\/\/havamall.vn\/en\/wp-json\/wp\/v2\/media?parent=23203"}],"wp:term":[{"taxonomy":"product_brand","embeddable":true,"href":"https:\/\/havamall.vn\/en\/wp-json\/wp\/v2\/product_brand?post=23203"},{"taxonomy":"product_cat","embeddable":true,"href":"https:\/\/havamall.vn\/en\/wp-json\/wp\/v2\/product_cat?post=23203"},{"taxonomy":"product_tag","embeddable":true,"href":"https:\/\/havamall.vn\/en\/wp-json\/wp\/v2\/product_tag?post=23203"}],"curies":[{"name":"wp","href":"https:\/\/api.w.org\/{rel}","templated":true}]}}