{"id":23187,"date":"2021-11-02T14:33:20","date_gmt":"2021-11-02T07:33:20","guid":{"rendered":"https:\/\/havamall.vn\/?post_type=product&#038;p=23187"},"modified":"2022-05-23T17:34:38","modified_gmt":"2022-05-23T10:34:38","slug":"cha-la-huu-co-tach-hat-100g-diet-food-organic-pitted-dated","status":"publish","type":"product","link":"https:\/\/havamall.vn\/en\/shop\/cha-la-huu-co-tach-hat-100g-diet-food-organic-pitted-dated\/","title":{"rendered":"Ch\u00e0 L\u00e0 H\u1eefu C\u01a1 T\u00e1ch H\u1ea1t 100g Diet Food &#8211; Organic Pitted Dated"},"content":{"rendered":"<h3><strong>TH\u00d4NG TIN S\u1ea2N PH\u1ea8M:<\/strong><\/h3>\n<table>\n<tbody>\n<tr>\n<td>Th\u01b0\u01a1ng hi\u1ec7u<\/td>\n<td>Diet Food<\/td>\n<\/tr>\n<tr>\n<td>Xu\u1ea5t x\u1ee9<\/td>\n<td>Ba Lan<\/td>\n<\/tr>\n<tr>\n<td>Th\u00e0nh ph\u1ea7n<\/td>\n<td>100% ch\u00e0 l\u00e0 h\u1eefu c\u01a1 \u0111\u00e3 t\u00e1ch h\u1ea1t<\/td>\n<\/tr>\n<tr>\n<td>H\u1ea1n s\u1eed d\u1ee5ng<\/td>\n<td>12 th\u00e1ng k\u1ec3 t\u1eeb ng\u00e0y s\u1ea3n xu\u1ea5t.<\/td>\n<\/tr>\n<tr>\n<td>B\u1ea3o qu\u1ea3n<\/td>\n<td>\u0110\u1ec3 n\u01a1i kh\u00f4 r\u00e1o, tho\u00e1ng m\u00e1t, tr\u00e1nh \u00e1nh n\u1eafng tr\u1ef1c ti\u1ebfp<\/td>\n<\/tr>\n<tr>\n<td>Kh\u1ed1i l\u01b0\u1ee3ng t\u1ecbnh<\/td>\n<td>100g<\/td>\n<\/tr>\n<\/tbody>\n<\/table>\n<div class=\"css-1u22pos\">\n<p>Qu\u1ea3 Ch\u00e0 L\u00e0\u00a0l\u00e0 m\u1ed9t lo\u1ea1t c\u00e1c qu\u1ea3 \u0111\u01b0\u1ee3c y\u00eau th\u00edch v\u00ec v\u1ecb ng\u1ecdt t\u1ef1 nhi\u00ean c\u1ee7a ch\u00fang. Ch\u00fang c\u00f3 v\u1ecb l\u1edbn h\u01a1n, \u0111\u1eadm h\u01a1n v\u00e0 c\u00f3 v\u1ecb gi\u1ed1ng caramel h\u01a1n c\u00e1c lo\u1ea1i ph\u1ed5 bi\u1ebfn kh\u00e1c nh\u01b0 Deglet Noor.<\/p>\n<p><img fetchpriority=\"high\" decoding=\"async\" class=\"wp-image-23188 aligncenter\" src=\"https:\/\/havamall.vn\/wp-content\/uploads\/2021\/11\/ch\u00e0-l\u00e0-2-212x300.png\" alt=\"\" width=\"758\" height=\"1073\" srcset=\"https:\/\/havamall.vn\/wp-content\/uploads\/2021\/11\/ch\u00e0-l\u00e0-2-212x300.png 212w, https:\/\/havamall.vn\/wp-content\/uploads\/2021\/11\/ch\u00e0-l\u00e0-2-430x608.png 430w, https:\/\/havamall.vn\/wp-content\/uploads\/2021\/11\/ch\u00e0-l\u00e0-2-150x212.png 150w, https:\/\/havamall.vn\/wp-content\/uploads\/2021\/11\/ch\u00e0-l\u00e0-2-700x990.png 700w, https:\/\/havamall.vn\/wp-content\/uploads\/2021\/11\/ch\u00e0-l\u00e0-2-768x1086.png 768w, https:\/\/havamall.vn\/wp-content\/uploads\/2021\/11\/ch\u00e0-l\u00e0-2-724x1024.png 724w, https:\/\/havamall.vn\/wp-content\/uploads\/2021\/11\/ch\u00e0-l\u00e0-2-1200x1697.png 1200w, https:\/\/havamall.vn\/wp-content\/uploads\/2021\/11\/ch\u00e0-l\u00e0-2-600x849.png 600w, https:\/\/havamall.vn\/wp-content\/uploads\/2021\/11\/ch\u00e0-l\u00e0-2.png 1448w\" sizes=\"(max-width: 758px) 100vw, 758px\" \/><\/p>\n<p>Ch\u00e0 l\u00e0 c\u00f3 ngu\u1ed3n g\u1ed1c t\u1eeb Ma-r\u1ed1c, Medjool Dates \u0111\u1ebfn t\u1eeb c\u00e2y ch\u00e0 l\u00e0 (\u00a0Phoenix dactylifera\u00a0) v\u00e0 hi\u1ec7n \u0111\u01b0\u1ee3c tr\u1ed3ng \u1edf c\u00e1c v\u00f9ng \u1ea5m \u00e1p c\u1ee7a Hoa K\u1ef3, Trung \u0110\u00f4ng, Nam \u00c1 v\u00e0 Ch\u00e2u Phi.<\/p>\n<p>Ch\u00e0 l\u00e0 ch\u1ee9a nhi\u1ec1u potasium, magnesium, canxi, s\u1eaft, selenium, c\u00e1c sinh t\u1ed1 nh\u00f3m B v\u00e0 c\u00f3 nhi\u1ec1u ch\u1ea5t x\u01a1. \u0110\u00e2y l\u00e0 m\u00f3n \u0103n r\u1ea5t t\u1ed1t cho tim m\u1ea1ch, h\u1ed7 tr\u1ee3 ti\u00eau h\u00f3a t\u1ed1t,h\u00e0m l\u01b0\u1ee3ng canxi cao gi\u00fap x\u01b0\u01a1ng ch\u1eafc kh\u1ecfe. Amino Axit gi\u00fap t\u0103ng c\u01b0\u1eddng s\u1ee9c \u0111\u1ec1 kh\u00e1ng v\u00e0 \u0111\u1eb9p da.<\/p>\n<p><img decoding=\"async\" class=\"wp-image-23189 aligncenter\" src=\"https:\/\/havamall.vn\/wp-content\/uploads\/2021\/11\/700-300x225.png\" alt=\"\" width=\"757\" height=\"568\" srcset=\"https:\/\/havamall.vn\/wp-content\/uploads\/2021\/11\/700-300x225.png 300w, https:\/\/havamall.vn\/wp-content\/uploads\/2021\/11\/700-430x323.png 430w, https:\/\/havamall.vn\/wp-content\/uploads\/2021\/11\/700-150x113.png 150w, https:\/\/havamall.vn\/wp-content\/uploads\/2021\/11\/700-700x525.png 700w, https:\/\/havamall.vn\/wp-content\/uploads\/2021\/11\/700-768x576.png 768w, https:\/\/havamall.vn\/wp-content\/uploads\/2021\/11\/700-1024x768.png 1024w, https:\/\/havamall.vn\/wp-content\/uploads\/2021\/11\/700.png 1200w, https:\/\/havamall.vn\/wp-content\/uploads\/2021\/11\/700-600x450.png 600w\" sizes=\"(max-width: 757px) 100vw, 757px\" \/><\/p>\n<p>Ch\u00e0 l\u00e0 h\u1eefu c\u01a1 Diet Food l\u00e0 m\u00f3n \u0103n v\u1eb7t ngon l\u00e0nh, b\u1ed5 d\u01b0\u1ee1ng, c\u0169ng c\u00f3 th\u1ec3 d\u00f9ng \u0111\u1ec3 t\u1ea1o v\u1ecb ng\u1ecdt trong c\u00e1c c\u00f4ng th\u1ee9c l\u00e0m s\u1eefa h\u1ea1t, sinh t\u1ed1 Th\u00edch h\u1ee3p v\u1edbi c\u00e1c ch\u1ebf \u0111\u1ed9 \u0103n ki\u00eang, thay th\u1ebf \u0111\u01b0\u1eddng t\u1ea1o ng\u1ecdt.<\/p>\n<p>Ch\u00e0 l\u00e0 ch\u1ee9a nhi\u1ec1u vitamin nh\u01b0 thiamin, riboflavin, niacin, folate, vitamin A v\u00e0 K, v\u00e0 ch\u1ea5t kho\u00e1ng nh\u01b0 canxi, s\u1eaft, ph\u1ed1t pho, natri, kali, k\u1ebdm, magi\u00ea, c\u00f9ng nhi\u1ec1u n\u0103ng l\u01b0\u1ee3ng, \u0111\u01b0\u1eddng v\u00e0 ch\u1ea5t x\u01a1.<\/p>\n<p><img decoding=\"async\" class=\"wp-image-23190 aligncenter\" src=\"https:\/\/havamall.vn\/wp-content\/uploads\/2021\/11\/ch\u00e0-l\u00e0-300x169.png\" alt=\"\" width=\"768\" height=\"433\" srcset=\"https:\/\/havamall.vn\/wp-content\/uploads\/2021\/11\/ch\u00e0-l\u00e0-300x169.png 300w, https:\/\/havamall.vn\/wp-content\/uploads\/2021\/11\/ch\u00e0-l\u00e0-430x242.png 430w, https:\/\/havamall.vn\/wp-content\/uploads\/2021\/11\/ch\u00e0-l\u00e0-150x84.png 150w, https:\/\/havamall.vn\/wp-content\/uploads\/2021\/11\/ch\u00e0-l\u00e0-700x394.png 700w, https:\/\/havamall.vn\/wp-content\/uploads\/2021\/11\/ch\u00e0-l\u00e0-768x432.png 768w, https:\/\/havamall.vn\/wp-content\/uploads\/2021\/11\/ch\u00e0-l\u00e0-1024x576.png 1024w, https:\/\/havamall.vn\/wp-content\/uploads\/2021\/11\/ch\u00e0-l\u00e0-1200x675.png 1200w, https:\/\/havamall.vn\/wp-content\/uploads\/2021\/11\/ch\u00e0-l\u00e0-600x338.png 600w, https:\/\/havamall.vn\/wp-content\/uploads\/2021\/11\/ch\u00e0-l\u00e0.png 1600w\" sizes=\"(max-width: 768px) 100vw, 768px\" \/><\/p>\n<p>Ch\u00e0 l\u00e0 c\u00f2n ch\u1ee9a ch\u1ea5t folate r\u1ea5t t\u1ed1t cho s\u1ef1 ph\u00e1t tri\u1ec3n c\u1ee7a thai nhi, hay t\u1ea1o \u0111\u1ed9 ng\u1ecdt t\u1ef1 nhi\u00ean cho m\u00f3n \u0103n. Ch\u00e0 l\u00e0 gi\u00e0u ch\u1ea5t x\u01a1, gi\u00fap ng\u0103n c\u1ea3n c\u01a1 th\u1ec3 h\u1ea5p thu cholesterol x\u1ea5u LDL t\u1eeb ch\u1ebf \u0111\u1ed9 \u0103n u\u1ed1ng th\u01b0\u1eddng ng\u00e0y. Lo\u1ea1i qu\u1ea3 n\u00e0y c\u00f2n \u0111\u01b0\u1ee3c xem l\u00e0 \u201cthu\u1ed1c\u201d nhu\u1eadn tr\u00e0ng hi\u1ec7u qu\u1ea3. \u0110\u00e2y c\u00f2n l\u00e0 ngu\u1ed3n phong ph\u00fa vitamin A, c\u00f3 \u0111\u1eb7c t\u00ednh ch\u1ed1ng \u00f4 xy h\u00f3a cao v\u00e0 l\u00e0 ch\u1ea5t kh\u00f4ng th\u1ec3 thi\u1ebfu \u0111\u1ec3 c\u1ea3i thi\u1ec7n th\u1ecb l\u1ef1c. Vitamin A c\u0169ng c\u1ea7n thi\u1ebft cho vi\u1ec7c duy tr\u00ec l\u00e0n da kh\u1ecfe m\u1ea1nh. \u0102n c\u00e1c lo\u1ea1i hoa qu\u1ea3 gi\u00e0u vitamin A c\u00f2n c\u00f3 t\u00e1c d\u1ee5ng ng\u1eeba ung th\u01b0 ph\u1ed5i v\u00e0 ung th\u01b0 khoang mi\u1ec7ng.<\/p>\n<p><img loading=\"lazy\" decoding=\"async\" class=\"wp-image-23191 aligncenter\" src=\"https:\/\/havamall.vn\/wp-content\/uploads\/2021\/11\/ch\u00e0-l\u00e0-1-300x169.png\" alt=\"\" width=\"773\" height=\"435\" srcset=\"https:\/\/havamall.vn\/wp-content\/uploads\/2021\/11\/ch\u00e0-l\u00e0-1-300x169.png 300w, https:\/\/havamall.vn\/wp-content\/uploads\/2021\/11\/ch\u00e0-l\u00e0-1-430x242.png 430w, https:\/\/havamall.vn\/wp-content\/uploads\/2021\/11\/ch\u00e0-l\u00e0-1-150x84.png 150w, https:\/\/havamall.vn\/wp-content\/uploads\/2021\/11\/ch\u00e0-l\u00e0-1-700x394.png 700w, https:\/\/havamall.vn\/wp-content\/uploads\/2021\/11\/ch\u00e0-l\u00e0-1-768x432.png 768w, https:\/\/havamall.vn\/wp-content\/uploads\/2021\/11\/ch\u00e0-l\u00e0-1-1024x576.png 1024w, https:\/\/havamall.vn\/wp-content\/uploads\/2021\/11\/ch\u00e0-l\u00e0-1-1200x675.png 1200w, https:\/\/havamall.vn\/wp-content\/uploads\/2021\/11\/ch\u00e0-l\u00e0-1-600x337.png 600w, https:\/\/havamall.vn\/wp-content\/uploads\/2021\/11\/ch\u00e0-l\u00e0-1.png 1503w\" sizes=\"(max-width: 773px) 100vw, 773px\" \/><\/p>\n<p>Cha\u0300 la\u0300 gi\u00f4\u0301ng Deglet Nour, m\u00f4\u0323t trong nh\u1eefng lo\u1ea1i ngon nh\u1ea5t nh\u00ec trong ha\u0300ng tr\u0103m gi\u00f4\u0301ng cha\u0300 la\u0300 tr\u00ean th\u00ea\u0301 gi\u01a1\u0301i. \u0110\u0103\u0323c \u0111i\u00ea\u0309m cu\u0309a gi\u00f4\u0301ng na\u0300y la\u0300 de\u0309o, th\u01a1m, kh\u00f4ng qua\u0301 kh\u00f4, ngo\u0323t v\u01b0\u0300a.<\/p>\n<h3><strong>C\u00f4ng d\u1ee5ng c\u1ee7a ch\u00e0 l\u00e0:<\/strong><\/h3>\n<p><span id=\"Cha_la_giup_bao_ve_trai_tim_cua_ban\">&#8211; <em>Ch\u00e0 l\u00e0 gi\u00fap b\u1ea3o v\u1ec7 tr\u00e1i tim c\u1ee7a b\u1ea1n<\/em>:\u00a0<\/span>C\u00e1c ch\u1ea5t x\u01a1 v\u00e0 ch\u1ea5t ch\u1ed1ng oxy h\u00f3a trong Ch\u00e0 L\u00e0 c\u00f3 th\u1ec3 gi\u00fap b\u1ea3o v\u1ec7 tr\u00e1i tim c\u1ee7a b\u1ea1n.<\/p>\n<p><span id=\"Ho_tro_tieu_hoa_khoe_manh\">&#8211; <em>H\u1ed7 tr\u1ee3 ti\u00eau h\u00f3a kh\u1ecfe m\u1ea1nh<\/em>:<\/span>Ch\u1ea5t x\u01a1 r\u1ea5t c\u1ea7n thi\u1ebft \u0111\u1ec3 th\u00fac \u0111\u1ea9y ti\u00eau h\u00f3a kh\u1ecfe m\u1ea1nh v\u00e0 \u0111\u1ec1u \u0111\u1eb7n ru\u1ed9t. Tr\u00ean th\u1ef1c t\u1ebf, \u0111\u1ee7 ch\u1ea5t x\u01a1 trong ch\u1ebf \u0111\u1ed9 \u0103n u\u1ed1ng h\u00e0ng ng\u00e0y c\u1ee7a b\u1ea1n gi\u00fap h\u00ecnh th\u00e0nh ph\u00e2n v\u00e0 ng\u0103n ng\u1eeba t\u00e1o b\u00f3n.<span id=\"Chat_chong_oxy_hoa_cao\">&#8211; <em>Ch\u1ea5t ch\u1ed1ng oxy h\u00f3a cao<\/em>:\u00a0<\/span>Ch\u00e0 L\u00e0 t\u1ef1 h\u00e0o c\u00f3 m\u1ed9t s\u1ed1 ch\u1ea5t ch\u1ed1ng oxy h\u00f3a, c\u00f3 th\u1ec3 b\u1ea3o v\u1ec7 c\u00e1c t\u1ebf b\u00e0o c\u1ee7a b\u1ea1n kh\u1ecfi t\u1ed5n th\u01b0\u01a1ng oxy h\u00f3a c\u00f3 th\u1ec3 d\u1eabn \u0111\u1ebfn c\u00e1c b\u1ec7nh nh\u01b0 ung th\u01b0, b\u1ec7nh tim v\u00e0 b\u1ec7nh n\u00e3o.<\/p>\n<p><img loading=\"lazy\" decoding=\"async\" class=\"wp-image-23196 aligncenter\" src=\"https:\/\/havamall.vn\/wp-content\/uploads\/2021\/11\/Cocoa_Banana-300x261.png\" alt=\"\" width=\"787\" height=\"685\" srcset=\"https:\/\/havamall.vn\/wp-content\/uploads\/2021\/11\/Cocoa_Banana-300x261.png 300w, https:\/\/havamall.vn\/wp-content\/uploads\/2021\/11\/Cocoa_Banana-430x375.png 430w, https:\/\/havamall.vn\/wp-content\/uploads\/2021\/11\/Cocoa_Banana-150x131.png 150w, https:\/\/havamall.vn\/wp-content\/uploads\/2021\/11\/Cocoa_Banana-700x610.png 700w, https:\/\/havamall.vn\/wp-content\/uploads\/2021\/11\/Cocoa_Banana-768x669.png 768w, https:\/\/havamall.vn\/wp-content\/uploads\/2021\/11\/Cocoa_Banana-1024x892.png 1024w, https:\/\/havamall.vn\/wp-content\/uploads\/2021\/11\/Cocoa_Banana-1200x1046.png 1200w, https:\/\/havamall.vn\/wp-content\/uploads\/2021\/11\/Cocoa_Banana-600x523.png 600w, https:\/\/havamall.vn\/wp-content\/uploads\/2021\/11\/Cocoa_Banana.png 1300w\" sizes=\"(max-width: 787px) 100vw, 787px\" \/><\/p>\n<\/div>\n<div class=\"css-0\">\n<h3><strong><span id=\"Gia_tri_dinh_duong_cua_qua_Cha_La\">Gi\u00e1 tr\u1ecb dinh d\u01b0\u1ee1ng c\u1ee7a qu\u1ea3 Ch\u00e0 L\u00e0<\/span><\/strong><\/h3>\n<p>Qu\u1ea3 Ch\u00e0 L\u00e0 l\u00e0 m\u1ed9t ngu\u1ed3n t\u1eadp trung c\u00e1c ch\u1ea5t dinh d\u01b0\u1ee1ng l\u00e0nh m\u1ea1nh. Ch\u1ec9 c\u1ea7n 2 qu\u1ea3 (48 gram) cung c\u1ea5p:<\/p>\n<p>&gt; L\u01b0\u1ee3ng calo:\u00a0133<\/p>\n<p>&gt; Carbs:\u00a036 gram<\/p>\n<p>&gt; Ch\u1ea5t x\u01a1:\u00a03,2 gram<\/p>\n<p>&gt; Protein:\u00a00,8 gram<\/p>\n<p>&gt; \u0110\u01b0\u1eddng:\u00a032 gram<\/p>\n<p>&gt; Ch\u1ea5t b\u00e9o:\u00a00 gram<\/p>\n<p>&gt; Canxi:\u00a02% gi\u00e1 tr\u1ecb h\u00e0ng ng\u00e0y (DV)<\/p>\n<p>&gt; S\u1eaft:\u00a02% c\u1ee7a DV<\/p>\n<p>&gt; Kali:\u00a07% DV<\/p>\n<p>&gt; \u0110\u1ed3ng:\u00a019% c\u1ee7a DV<\/p>\n<p>&gt; Vitamin B6:\u00a07% c\u1ee7a DV<\/p>\n<p>&gt; Magi\u00ea:\u00a06% c\u1ee7a DV<\/p>\n<\/div>\n<h3><img loading=\"lazy\" decoding=\"async\" class=\"wp-image-23193 aligncenter\" src=\"https:\/\/havamall.vn\/wp-content\/uploads\/2021\/11\/Stuffed-300x197.png\" alt=\"\" width=\"788\" height=\"518\" srcset=\"https:\/\/havamall.vn\/wp-content\/uploads\/2021\/11\/Stuffed-300x197.png 300w, https:\/\/havamall.vn\/wp-content\/uploads\/2021\/11\/Stuffed-430x282.png 430w, https:\/\/havamall.vn\/wp-content\/uploads\/2021\/11\/Stuffed-150x98.png 150w, https:\/\/havamall.vn\/wp-content\/uploads\/2021\/11\/Stuffed-700x460.png 700w, https:\/\/havamall.vn\/wp-content\/uploads\/2021\/11\/Stuffed-768x504.png 768w, https:\/\/havamall.vn\/wp-content\/uploads\/2021\/11\/Stuffed-1024x672.png 1024w, https:\/\/havamall.vn\/wp-content\/uploads\/2021\/11\/Stuffed-1200x788.png 1200w, https:\/\/havamall.vn\/wp-content\/uploads\/2021\/11\/Stuffed-600x394.png 600w, https:\/\/havamall.vn\/wp-content\/uploads\/2021\/11\/Stuffed.png 1400w\" sizes=\"(max-width: 788px) 100vw, 788px\" \/><\/h3>\n<h3><strong>H\u01b0\u1edbng d\u1eabn s\u1eed d\u1ee5ng:<\/strong><\/h3>\n<p id=\"tw-target-text\" class=\"tw-data-text tw-text-large XcVN5d tw-ta\" dir=\"ltr\"><span class=\"Y2IQFc\" lang=\"vi\">&gt; S\u1eed d\u1ee5ng l\u00e0m m\u00f3n \u0103n nh\u1eb9 ng\u1ecdt ng\u00e0o ho\u1eb7c \u0103n k\u00e8m ng\u0169 c\u1ed1c <\/span><\/p>\n<p class=\"tw-data-text tw-text-large XcVN5d tw-ta\" dir=\"ltr\"><span class=\"Y2IQFc\" lang=\"vi\">&gt; L\u00e0m m\u00f3n tr\u00e1ng mi\u1ec7ng, b\u00e1nh ng\u1ecdt ho\u1eb7c m\u1ee9t,<\/span><\/p>\n<p class=\"tw-data-text tw-text-large XcVN5d tw-ta\" dir=\"ltr\"><span class=\"Y2IQFc\" lang=\"vi\">&gt; S\u1ea3n ph\u1ea9m l\u00e0 s\u1ef1 thay th\u1ebf ho\u00e0n h\u1ea3o cho \u0111\u1ed3 ng\u1ecdt trong ch\u1ebf \u0111\u1ed9 \u0103n c\u1ee7a tr\u1ebb.<\/span><\/p>","protected":false},"excerpt":{"rendered":"<p>TH\u00d4NG TIN S\u1ea2N PH\u1ea8M: Th\u01b0\u01a1ng hi\u1ec7u Diet Food Xu\u1ea5t x\u1ee9 Ba Lan Th\u00e0nh ph\u1ea7n 100% ch\u00e0 l\u00e0 h\u1eefu c\u01a1 \u0111\u00e3<\/p>","protected":false},"featured_media":23194,"comment_status":"open","ping_status":"closed","template":"","meta":[],"product_brand":[],"product_cat":[256,36,134],"product_tag":[],"class_list":{"0":"post-23187","1":"product","2":"type-product","3":"status-publish","4":"has-post-thumbnail","6":"product_cat-thuc-pham-huu-co","7":"product_cat-thuc-pham-tieu-dung","8":"product_cat-thucpham-saykho","10":"first","11":"outofstock","12":"sale","13":"shipping-taxable","14":"purchasable","15":"product-type-simple"},"_links":{"self":[{"href":"https:\/\/havamall.vn\/en\/wp-json\/wp\/v2\/product\/23187"}],"collection":[{"href":"https:\/\/havamall.vn\/en\/wp-json\/wp\/v2\/product"}],"about":[{"href":"https:\/\/havamall.vn\/en\/wp-json\/wp\/v2\/types\/product"}],"replies":[{"embeddable":true,"href":"https:\/\/havamall.vn\/en\/wp-json\/wp\/v2\/comments?post=23187"}],"version-history":[{"count":0,"href":"https:\/\/havamall.vn\/en\/wp-json\/wp\/v2\/product\/23187\/revisions"}],"wp:featuredmedia":[{"embeddable":true,"href":"https:\/\/havamall.vn\/en\/wp-json\/wp\/v2\/media\/23194"}],"wp:attachment":[{"href":"https:\/\/havamall.vn\/en\/wp-json\/wp\/v2\/media?parent=23187"}],"wp:term":[{"taxonomy":"product_brand","embeddable":true,"href":"https:\/\/havamall.vn\/en\/wp-json\/wp\/v2\/product_brand?post=23187"},{"taxonomy":"product_cat","embeddable":true,"href":"https:\/\/havamall.vn\/en\/wp-json\/wp\/v2\/product_cat?post=23187"},{"taxonomy":"product_tag","embeddable":true,"href":"https:\/\/havamall.vn\/en\/wp-json\/wp\/v2\/product_tag?post=23187"}],"curies":[{"name":"wp","href":"https:\/\/api.w.org\/{rel}","templated":true}]}}