{"id":23087,"date":"2021-10-29T10:39:42","date_gmt":"2021-10-29T03:39:42","guid":{"rendered":"https:\/\/havamall.vn\/?post_type=product&#038;p=23087"},"modified":"2022-04-27T12:03:10","modified_gmt":"2022-04-27T05:03:10","slug":"thach-suong-sao-black-gold-50g-afchem-grass-jelly","status":"publish","type":"product","link":"https:\/\/havamall.vn\/en\/shop\/thach-suong-sao-black-gold-50g-afchem-grass-jelly\/","title":{"rendered":"Th\u1ea1ch S\u01b0\u01a1ng S\u00e1o  Black Gold 540g &#8211; Afchem Grass Jelly"},"content":{"rendered":"<p dir=\"auto\">C\u00e2y s\u01b0\u01a1ng s\u00e1o \u0111\u01b0\u1ee3c g\u1ecdi v\u1edbi c\u00e1i t\u00ean d\u00e2n d\u00e3 t\u1ea1i Vi\u1ec7t Nam l\u00e0 c\u00e2y th\u1ea1ch \u0111en. L\u00e1 c\u00e2y s\u01b0\u01a1ng s\u00e1o c\u00f3 v\u1ecb ng\u1ecdt v\u00e0 t\u00ednh m\u00e1t, c\u00f3 t\u00e1c d\u1ee5ng gi\u1ea3i nhi\u1ec7t, gi\u00fap h\u1ea1 huy\u1ebft \u00e1p, tr\u1ecb c\u1ea3m m\u1ea1o, \u0111au kh\u1edbp. M\u00f9a h\u00e8, s\u01b0\u01a1ng s\u00e1o \u0111\u1eb7c bi\u1ec7t \u0111\u01b0\u1ee3c nhi\u1ec1u ng\u01b0\u1eddi \u0103n \u0111\u1ec3 gi\u1ea3i nhi\u1ec7t.<\/p>\n<p dir=\"auto\">Trong d\u00e2n gian c\u00e2y s\u01b0\u01a1ng s\u00e1o \u0111\u01b0\u1ee3c coi l\u00e0 m\u1ed9t lo\u1ea1i th\u1ea3o m\u1ed9c qu\u00fd, \u0111\u01b0\u1ee3c s\u1eed d\u1ee5ng r\u1ed9ng r\u00e3i trong \u0111\u00f4ng y v\u1edbi nhi\u1ec1u c\u00f4ng d\u1ee5ng nh\u01b0: gi\u1ea3i nhi\u1ec7t, m\u00e1t gan, t\u0103ng c\u01b0\u1eddng s\u1ee9c kho\u1ebb h\u1ec7 ti\u00eau ho\u00e1, h\u1ed7 tr\u1ee3 \u0111i\u1ec1u tr\u1ecb vi\u00eam kh\u1edbp c\u1ea5p, huy\u1ebft \u00e1p cao v\u00e0 ti\u1ec3u \u0111\u01b0\u1eddng.<\/p>\n<p dir=\"auto\"><img fetchpriority=\"high\" decoding=\"async\" class=\"wp-image-23088 aligncenter\" src=\"https:\/\/havamall.vn\/wp-content\/uploads\/2021\/10\/th\u1ea1ch-\u0111en-2-272x300.png\" alt=\"\" width=\"679\" height=\"749\" srcset=\"https:\/\/havamall.vn\/wp-content\/uploads\/2021\/10\/th\u1ea1ch-\u0111en-2-272x300.png 272w, https:\/\/havamall.vn\/wp-content\/uploads\/2021\/10\/th\u1ea1ch-\u0111en-2-430x474.png 430w, https:\/\/havamall.vn\/wp-content\/uploads\/2021\/10\/th\u1ea1ch-\u0111en-2-150x165.png 150w, https:\/\/havamall.vn\/wp-content\/uploads\/2021\/10\/th\u1ea1ch-\u0111en-2-700x771.png 700w, https:\/\/havamall.vn\/wp-content\/uploads\/2021\/10\/th\u1ea1ch-\u0111en-2-768x846.png 768w, https:\/\/havamall.vn\/wp-content\/uploads\/2021\/10\/th\u1ea1ch-\u0111en-2-930x1024.png 930w, https:\/\/havamall.vn\/wp-content\/uploads\/2021\/10\/th\u1ea1ch-\u0111en-2-1200x1322.png 1200w, https:\/\/havamall.vn\/wp-content\/uploads\/2021\/10\/th\u1ea1ch-\u0111en-2-600x661.png 600w, https:\/\/havamall.vn\/wp-content\/uploads\/2021\/10\/th\u1ea1ch-\u0111en-2.png 1859w\" sizes=\"(max-width: 679px) 100vw, 679px\" \/><\/p>\n<p dir=\"auto\">\u0110\u1ec3 ch\u1ee9ng minh nh\u1eefng c\u00f4ng d\u1ee5ng tr\u00ean, chuy\u00ean gia c\u1ee7a Dr.Food \u0111\u00e3 k\u1ebft h\u1ee3p v\u1edbi Vi\u1ec7n Dinh D\u01b0\u1ee1ng Qu\u1ed1c Gia nghi\u00ean c\u1ee9u v\u00e0 b\u1ea3o v\u1ec7 th\u00e0nh c\u00f4ng \u0111\u1ec1 t\u00e0i khoa h\u1ecdc: \u201c\u0110\u00e1nh gi\u00e1 ch\u1ea5t l\u01b0\u1ee3ng th\u00e0nh ph\u1ea7n dinh d\u01b0\u1ee1ng v\u00e0 c\u00e1c ho\u1ea1t ch\u1ea5t c\u00f3 ho\u1ea1t t\u00ednh sinh h\u1ecdc c\u1ee7a B\u1ed9t S\u01b0\u01a1ng S\u00e1o\u201d \u2013 Ch\u1ee7 nhi\u1ec7m \u0111\u1ec1 t\u00e0i : ThS. L\u00ea H\u1ed3ng D\u0169ng v\u1edbi k\u1ebft qu\u1ea3 \u0111\u01b0\u1ee3c \u0111\u00e1nh gi\u00e1 cao 5\/5 phi\u1ebfu Xu\u1ea5t S\u1eafc t\u1eeb H\u1ed9i \u0111\u1ed3ng Khoa h\u1ecdc.<\/p>\n<p dir=\"auto\">Nghi\u00ean c\u1ee9u \u0111\u00e3 ch\u1ec9 ra c\u00e1c ho\u1ea1t ch\u1ea5t sinh h\u1ecdc c\u00f3 trong s\u01b0\u01a1ng s\u00e1o nh\u01b0: ch\u1ea5t x\u01a1, pectin, 17 axit amin trong \u0111\u00f3 c\u00f3 7 axit amin thi\u1ebft y\u1ebfu,\u2026 \u0111\u1ec1u c\u00f3 t\u00e1c \u0111\u1ed9ng t\u00edch c\u1ef1c t\u1edbi s\u1ee9c kh\u1ecfe kh\u00f4ng ch\u1ec9 v\u1edbi vai tr\u00f2 c\u1ee7a m\u1ed9t th\u1ea3o d\u01b0\u1ee3c m\u00e0 c\u00f2n l\u00e0 b\u1eefa \u0103n thay th\u1ebf ti\u1ec1m n\u0103ng cho ng\u01b0\u1eddi th\u1eeba c\u00e2n v\u00e0 ng\u01b0\u1eddi m\u1eafc b\u1ec7nh v\u1ec1 huy\u1ebft \u00e1p, tim m\u1ea1ch.<\/p>\n<p dir=\"auto\"><img decoding=\"async\" class=\"wp-image-23089 aligncenter\" src=\"https:\/\/havamall.vn\/wp-content\/uploads\/2021\/10\/th\u1ea1ch-\u0111en-300x213.png\" alt=\"\" width=\"678\" height=\"481\" srcset=\"https:\/\/havamall.vn\/wp-content\/uploads\/2021\/10\/th\u1ea1ch-\u0111en-300x213.png 300w, https:\/\/havamall.vn\/wp-content\/uploads\/2021\/10\/th\u1ea1ch-\u0111en-430x305.png 430w, https:\/\/havamall.vn\/wp-content\/uploads\/2021\/10\/th\u1ea1ch-\u0111en-150x107.png 150w, https:\/\/havamall.vn\/wp-content\/uploads\/2021\/10\/th\u1ea1ch-\u0111en-700x497.png 700w, https:\/\/havamall.vn\/wp-content\/uploads\/2021\/10\/th\u1ea1ch-\u0111en-768x545.png 768w, https:\/\/havamall.vn\/wp-content\/uploads\/2021\/10\/th\u1ea1ch-\u0111en-1024x727.png 1024w, https:\/\/havamall.vn\/wp-content\/uploads\/2021\/10\/th\u1ea1ch-\u0111en-1200x852.png 1200w, https:\/\/havamall.vn\/wp-content\/uploads\/2021\/10\/th\u1ea1ch-\u0111en-600x426.png 600w, https:\/\/havamall.vn\/wp-content\/uploads\/2021\/10\/th\u1ea1ch-\u0111en.png 1600w\" sizes=\"(max-width: 678px) 100vw, 678px\" \/><\/p>\n<p dir=\"auto\">C\u00e1c s\u1ea3n ph\u1ea9m th\u1ea1ch s\u01b0\u01a1ng s\u00e1o c\u1ee7a AFChem \u0111\u01b0\u1ee3c s\u1ea3n xu\u1ea5t v\u1edbi 100% th\u00e0nh ph\u1ea7n t\u1eeb c\u00e2y s\u01b0\u01a1ng s\u00e1o t\u1ef1 nhi\u00ean kh\u00f4ng t\u1ed3n d\u01b0 thu\u1ed1c b\u1ea3o v\u1ec7 th\u1ef1c v\u1eadt nh\u1edd s\u1ef1 ki\u1ec3m so\u00e1t\u00a0ch\u1eb7t ch\u1ebd trong qu\u00e1 tr\u00ecnh nu\u00f4i tr\u1ed3ng. Lo\u1ea1i b\u1ecf ho\u00e0n to\u00e0n n\u1ea5m m\u1ed1c, n\u1ea5m men t\u1eeb khi l\u01b0u kho \u0111\u1ebfn tr\u01b0\u1edbc khi \u0111\u01b0a v\u00e0o s\u1ea3n xu\u1ea5t. \u0110\u1eb7c bi\u1ec7t v\u1edbi quy tr\u00ecnh ti\u1ec7t tr\u00f9ng\u00a0121<sup>0<\/sup>C\u00a0trong 60 ph\u00fat \u0111\u00e3 ti\u00eau di\u1ec7t ho\u00e0n to\u00e0n vi sinh v\u1eadt, gi\u00fap k\u00e9o d\u00e0i th\u1eddi gian s\u1eed d\u1ee5ng l\u00ean \u0111\u1ebfn 1 n\u0103m \u1edf nhi\u1ec7t \u0111\u1ed9 th\u01b0\u1eddng m\u00e0 kh\u00f4ng c\u1ea7n \u0111\u1ebfn b\u1ea5t k\u1ef3 lo\u1ea1i ch\u1ea5t b\u1ea3o qu\u1ea3n n\u00e0o.<\/p>\n<p dir=\"auto\"><img decoding=\"async\" class=\"aligncenter\" src=\"https:\/\/havamall.vn\/wp-content\/uploads\/2021\/10\/cach-lam-tra-sua-thach-1.jpg\" alt=\"L\u01b0u tr\u1eef c\u00e1ch l\u00e0m tr\u00e0 s\u1eefa th\u1ea1ch - L\u1ee5c Lam\" width=\"699\" height=\"393\" \/><\/p>\n<p dir=\"auto\">Th\u1ea1ch s\u01b0\u01a1ng s\u00e1o Grass Jelly v\u1edbi th\u00e0nh ph\u1ea7n dinh d\u01b0\u1ee1ng cao, kh\u00f4ng ch\u1ea5t b\u1ea3o qu\u1ea3n, kh\u00f4ng chi\u1ebft xu\u1ea5t n\u1ea5m men, kh\u00f4ng t\u1ed3n d\u01b0 thu\u1ed1c b\u1ea3o v\u1ec7 th\u1ef1c v\u1eadt, kh\u00f4ng ch\u1ea5t g\u00e2y d\u1ecb \u1ee9ng\u2026S\u1ea3n ph\u1ea9m c\u00f3 th\u1ec3 \u0103n li\u1ec1n ho\u1eb7c d\u00f9ng c\u00f9ng s\u1eefa chua, n\u01b0\u1edbc c\u1ed1t d\u1eeba, m\u1eadt ong, ch\u00e8,\u2026r\u1ea5t ti\u1ec7n d\u1ee5ng v\u1edbi h\u01b0\u01a1ng v\u1ecb th\u01a1m ngon v\u00e0 \u0111\u1eb7c bi\u1ec7t an to\u00e0n cho s\u1ee9c kh\u1ecfe.<\/p>\n<p dir=\"auto\"><img loading=\"lazy\" decoding=\"async\" class=\"wp-image-23092 aligncenter\" src=\"https:\/\/havamall.vn\/wp-content\/uploads\/2021\/10\/maxresdefault-14-300x172.png\" alt=\"\" width=\"691\" height=\"397\" srcset=\"https:\/\/havamall.vn\/wp-content\/uploads\/2021\/10\/maxresdefault-14-300x172.png 300w, https:\/\/havamall.vn\/wp-content\/uploads\/2021\/10\/maxresdefault-14-430x247.png 430w, https:\/\/havamall.vn\/wp-content\/uploads\/2021\/10\/maxresdefault-14-150x86.png 150w, https:\/\/havamall.vn\/wp-content\/uploads\/2021\/10\/maxresdefault-14-700x402.png 700w, https:\/\/havamall.vn\/wp-content\/uploads\/2021\/10\/maxresdefault-14-768x441.png 768w, https:\/\/havamall.vn\/wp-content\/uploads\/2021\/10\/maxresdefault-14-1024x588.png 1024w, https:\/\/havamall.vn\/wp-content\/uploads\/2021\/10\/maxresdefault-14-1200x689.png 1200w, https:\/\/havamall.vn\/wp-content\/uploads\/2021\/10\/maxresdefault-14-600x344.png 600w, https:\/\/havamall.vn\/wp-content\/uploads\/2021\/10\/maxresdefault-14.png 1254w\" sizes=\"(max-width: 691px) 100vw, 691px\" \/><\/p>\n<h3><strong>H\u01b0\u1edbng d\u1eabn s\u1eed d\u1ee5ng:<\/strong><\/h3>\n<p dir=\"auto\">&#8211; Lon s\u01b0\u01a1ng s\u00e1o \u0103n li\u1ec1n, b\u1ea3o qu\u1ea3n ng\u0103n m\u00e1t t\u1ee7 l\u1ea1nh khi m\u1edf n\u1eafp<\/p>\n<p dir=\"auto\">&#8211; C\u00f3 th\u1ec3 k\u1ebft h\u1ee3p s\u01b0\u01a1ng s\u00e1o v\u1edbi: S\u0169a chua, s\u1eefa t\u01b0\u01a1i, c\u00e0 ph\u00ea, ch\u00e8, tr\u00e0 s\u1eefa,\u2026.<\/p>\n<p dir=\"auto\"><img loading=\"lazy\" decoding=\"async\" class=\"aligncenter\" src=\"https:\/\/havamall.vn\/wp-content\/uploads\/2021\/10\/db82d299a420f96d58af157c19f1d8e0.jfif\" alt=\"B\u1ed9t S\u01b0\u01a1ng S\u00e1o Krub.O G\u00f3i 1kg | Tiki\" width=\"680\" height=\"680\" \/><\/p>\n<h3><strong>\u0110\u1eb7c \u0111i\u1ec3m n\u1ed5i b\u1eadt c\u1ee7a s\u1ea3n ph\u1ea9m:<\/strong><\/h3>\n<p dir=\"auto\">\u2022 V\u00f9ng nguy\u00ean li\u1ec7u kh\u00f4ng t\u1ed3n d\u01b0 ch\u1ea5t b\u1ea3o v\u1ec7 th\u1ef1c v\u1eadt<\/p>\n<p dir=\"auto\">\u2022 S\u1ea3n ph\u1ea9m qua d\u00e2y chuy\u1ec1n s\u1ea3n xu\u1ea5t \u0111\u1ea1t ti\u00eau chu\u1ea9n ch\u1ea5t l\u01b0\u1ee3ng qu\u1ed1c<\/p>\n<p dir=\"auto\">\u2022 B\u1ed5 sung dinh d\u01b0\u1ee1ng, vitamin, ch\u1ea5t x\u01a1 v\u00e0 gi\u00fap thanh nhi\u1ec7t<\/p>\n<p dir=\"auto\">\u2022 H\u01b0\u01a1ng v\u1ecb th\u1ea3o m\u1ed9c nh\u1eb9 nh\u00e0ng, d\u1ec5 \u0103n<\/p>\n<p dir=\"auto\">\u2022 S\u1ea3n xu\u1ea5t tr\u00ean d\u00e2y chuy\u1ec1n \u0111\u01b0\u1ee3c SGS ch\u1ee9ng nh\u1eadn ISO 22000:2018 v\u00e0 HACCP<\/p>","protected":false},"excerpt":{"rendered":"<p>C\u00e2y s\u01b0\u01a1ng s\u00e1o \u0111\u01b0\u1ee3c g\u1ecdi v\u1edbi c\u00e1i t\u00ean d\u00e2n d\u00e3 t\u1ea1i Vi\u1ec7t Nam l\u00e0 c\u00e2y th\u1ea1ch \u0111en. L\u00e1 c\u00e2y s\u01b0\u01a1ng<\/p>","protected":false},"featured_media":26457,"comment_status":"open","ping_status":"closed","template":"","meta":[],"product_brand":[],"product_cat":[36,143],"product_tag":[],"class_list":{"0":"post-23087","1":"product","2":"type-product","3":"status-publish","4":"has-post-thumbnail","6":"product_cat-thuc-pham-tieu-dung","7":"product_cat-thuc-pham-dong-hop","9":"first","10":"instock","11":"sale","12":"shipping-taxable","13":"purchasable","14":"product-type-simple"},"_links":{"self":[{"href":"https:\/\/havamall.vn\/en\/wp-json\/wp\/v2\/product\/23087"}],"collection":[{"href":"https:\/\/havamall.vn\/en\/wp-json\/wp\/v2\/product"}],"about":[{"href":"https:\/\/havamall.vn\/en\/wp-json\/wp\/v2\/types\/product"}],"replies":[{"embeddable":true,"href":"https:\/\/havamall.vn\/en\/wp-json\/wp\/v2\/comments?post=23087"}],"version-history":[{"count":0,"href":"https:\/\/havamall.vn\/en\/wp-json\/wp\/v2\/product\/23087\/revisions"}],"wp:featuredmedia":[{"embeddable":true,"href":"https:\/\/havamall.vn\/en\/wp-json\/wp\/v2\/media\/26457"}],"wp:attachment":[{"href":"https:\/\/havamall.vn\/en\/wp-json\/wp\/v2\/media?parent=23087"}],"wp:term":[{"taxonomy":"product_brand","embeddable":true,"href":"https:\/\/havamall.vn\/en\/wp-json\/wp\/v2\/product_brand?post=23087"},{"taxonomy":"product_cat","embeddable":true,"href":"https:\/\/havamall.vn\/en\/wp-json\/wp\/v2\/product_cat?post=23087"},{"taxonomy":"product_tag","embeddable":true,"href":"https:\/\/havamall.vn\/en\/wp-json\/wp\/v2\/product_tag?post=23087"}],"curies":[{"name":"wp","href":"https:\/\/api.w.org\/{rel}","templated":true}]}}