{"id":23051,"date":"2021-10-28T10:03:27","date_gmt":"2021-10-28T03:03:27","guid":{"rendered":"https:\/\/havamall.vn\/?post_type=product&#038;p=23051"},"modified":"2026-02-25T11:09:59","modified_gmt":"2026-02-25T04:09:59","slug":"hat-oc-cho-havafood-80g-walnut-seed","status":"publish","type":"product","link":"https:\/\/havamall.vn\/en\/shop\/hat-oc-cho-havafood-80g-walnut-seed\/","title":{"rendered":"Nh\u00e2n H\u1ea1t \u00d3c Ch\u00f3 Havafood 500g &#8211; Walnut Seed"},"content":{"rendered":"<div class=\"indexstyled__StyledBreadcrumbsWrapper-sc-17wksrq-2 gzlpmt breadcrumbs-top\">\n<div class=\"sc-eJocfa bRLrpo article-breadcrumb\">\n<p title=\"Trang ch\u1ee7\">H\u1ea1t \u00f3c ch\u00f3\u00a0t\u00ean ti\u1ebfng Anh l\u00e0\u00a0walnut\u00a0\u0111\u01b0\u1ee3c xem m\u1ed9t lo\u1ea1i h\u1ea1t dinh d\u01b0\u1ee1ng gi\u00e0u d\u01b0\u1ee1ng ch\u1ea5t r\u1ea5t t\u1ed1t cho s\u1ee9c kh\u1ecfe con ng\u01b0\u1eddi, h\u1ea1t c\u00f3 v\u1ebb ngo\u00e0i nh\u0103n nheo v\u00e0 \u0111\u01b0\u1ee3c bao b\u1ecdc b\u1edfi hai n\u1eeda v\u1ecf c\u1ee9ng. \u1ede Vi\u1ec7t Nam qu\u1ea3 \u00f3c ch\u00f3 c\u00f2n \u0111\u01b0\u1ee3c bi\u1ebft \u0111\u1ebfn v\u1edbi nhi\u1ec1u t\u00ean g\u1ecdi kh\u00e1c nhau nh\u01b0 qu\u1ea3 h\u1ed3 \u0111\u00e0o, qu\u1ea3 h\u1ea1nh \u0111\u00e0o.<\/p>\n<p title=\"Trang ch\u1ee7\">Qu\u1ea3 \u00f3c ch\u00f3 l\u00e0 m\u1ed9t trong nh\u1eefng lo\u1ea1i h\u1ea1t r\u1ea5t gi\u00e0u dinh d\u01b0\u1ee1ng, t\u1ed1t cho s\u1ee9c kh\u1ecfe. Nh\u1eefng l\u1ee3i \u00edch kh\u00f4ng ng\u1edd m\u00e0 lo\u1ea1i qu\u1ea3 n\u00e0y \u0111em l\u1ea1i c\u00f3 th\u1ec3 khi\u1ebfn b\u1ea1n ng\u1ea1c nhi\u00ean.<\/p>\n<p title=\"Trang ch\u1ee7\"><img fetchpriority=\"high\" decoding=\"async\" class=\"wp-image-23052 aligncenter\" src=\"https:\/\/havamall.com\/wp-content\/uploads\/2026\/02\/c-cho-300x281.png\" alt=\"\" width=\"754\" height=\"707\" \/><\/p>\n<\/div>\n<\/div>\n<div class=\"indexstyled__StyledArticleContainer-sc-sglbkl-0 iLNCKo\">\n<div id=\"a-36447\" class=\"indexstyled__StyledArticle-sc-sglbkl-3 hMchKG\">\n<div class=\"indexstyled__StyledContentWrapper-sc-sglbkl-4 DolWZ\">\n<div class=\"unique-content-wrapper\">\n<div class=\"unique-content\">\n<p>Qu\u1ea3 \u00f3c ch\u00f3 c\u00f3 l\u1ecbch s\u1eed l\u00e2u \u0111\u1eddi, ph\u1ed5 bi\u1ebfn \u1edf c\u00e1c n\u01b0\u1edbc nh\u01b0 M\u1ef9, Nga, Trung Qu\u1ed1c, v.v. Cho \u0111\u1ebfn th\u1eddi gian g\u1ea7n \u0111\u00e2y, ng\u01b0\u1eddi ti\u00eau d\u00f9ng Vi\u1ec7t Nam m\u1edbi bi\u1ebft v\u00e0 s\u0103n l\u00f9ng qu\u1ea3 \u00f3c ch\u00f3.<\/p>\n<div class=\"rich-text\">\n<p>Qu\u1ea3 \u00f3c ch\u00f3 ch\u1ee9a kho\u1ea3ng 65% ch\u1ea5t b\u00e9o theo tr\u1ecdng l\u01b0\u1ee3ng. Gi\u1ed1ng nh\u01b0 c\u00e1c lo\u1ea1i h\u1ea1t kh\u00e1c, h\u1ea7u h\u1ebft l\u01b0\u1ee3ng calo trong qu\u1ea3 \u00f3c ch\u00f3 \u0111\u1ebfn t\u1eeb ch\u1ea5t b\u00e9o. \u0110i\u1ec1u n\u00e0y l\u00e0m cho ch\u00fang tr\u1edf th\u00e0nh m\u1ed9t th\u1ef1c ph\u1ea9m gi\u00e0u n\u0103ng l\u01b0\u1ee3ng, nhi\u1ec1u calo.<\/p>\n<p><img decoding=\"async\" class=\"wp-image-23053 aligncenter\" src=\"https:\/\/havamall.com\/wp-content\/uploads\/2026\/02\/c-cho-2-300x200.png\" alt=\"\" width=\"756\" height=\"503\" \/><\/p>\n<p>M\u1eb7c d\u00f9 qu\u1ea3 \u00f3c ch\u00f3 r\u1ea5t gi\u00e0u ch\u1ea5t b\u00e9o v\u00e0 calo, nh\u01b0ng c\u00e1c nghi\u00ean c\u1ee9u ch\u1ec9 ra r\u1eb1ng ch\u00fang kh\u00f4ng l\u00e0m t\u0103ng nguy c\u01a1 b\u00e9o ph\u00ec khi thay th\u1ebf c\u00e1c lo\u1ea1i th\u1ef1c ph\u1ea9m kh\u00e1c trong ch\u1ebf \u0111\u1ed9 \u0103n u\u1ed1ng. Qu\u1ea3 \u00f3c ch\u00f3 c\u0169ng ch\u1ee9a nhi\u1ec1u ch\u1ea5t b\u00e9o kh\u00f4ng b\u00e3o h\u00f2a \u0111a h\u01a1n c\u00e1c lo\u1ea1i h\u1ea1t kh\u00e1c. Lo\u1ea1i ph\u1ed5 bi\u1ebfn nh\u1ea5t l\u00e0 axit b\u00e9o omega-6 \u0111\u01b0\u1ee3c g\u1ecdi l\u00e0 axit linoleic. Ch\u00fang c\u0169ng ch\u1ee9a m\u1ed9t t\u1ef7 l\u1ec7 t\u01b0\u01a1ng \u0111\u1ed1i cao c\u1ee7a axit alpha-linolenic\u00a0ch\u1ea5t b\u00e9o omega-3\u00a0l\u00e0nh m\u1ea1nh (ALA), chi\u1ebfm kho\u1ea3ng 8% -14% t\u1ed5ng h\u00e0m l\u01b0\u1ee3ng ch\u1ea5t b\u00e9o. ALA \u0111\u01b0\u1ee3c \u0111\u1eb7c bi\u1ec7t c\u00f3 l\u1ee3i cho s\u1ee9c kh\u1ecfe c\u1ee7a tim. N\u00f3 c\u0169ng gi\u00fap gi\u1ea3m vi\u00eam v\u00e0 c\u1ea3i thi\u1ec7n th\u00e0nh ph\u1ea7n c\u1ee7a ch\u1ea5t b\u00e9o trong m\u00e1u. H\u01a1n n\u1eefa, ALA l\u00e0 ti\u1ec1n ch\u1ea5t c\u1ee7a c\u00e1c axit b\u00e9o omega-3 chu\u1ed7i d\u00e0i EPA v\u00e0 DHA, c\u00f3 li\u00ean quan \u0111\u1ebfn nhi\u1ec1u l\u1ee3i \u00edch s\u1ee9c kh\u1ecfe.<\/p>\n<p><img decoding=\"async\" class=\"wp-image-23062 aligncenter\" src=\"https:\/\/havamall.com\/wp-content\/uploads\/2026\/02\/oc-cho-new-6-300x300.jpg\" alt=\"\" width=\"756\" height=\"756\" \/><\/p>\n<p>H\u1ea1t \u00f3c ch\u00f3\u00a0l\u00e0 s\u1ef1 t\u1ed5ng h\u1ee3p h\u00e0i h\u00f2a c\u1ee7a omega 3, ch\u1ea5t x\u01a1, protein, photpho, kali, magnesium, canxi, s\u1eaft v\u00e0 m\u1ed9t lo\u1ea1t c\u00e1c vitamin A, B, C, D, P. \u0110\u00e2y \u0111\u1ec1u l\u00e0 nh\u1eefng d\u01b0\u1ee1ng ch\u1ea5t r\u1ea5t c\u1ea7n thi\u1ebft cho c\u01a1 th\u1ec3 con ng\u01b0\u1eddi. Theo \u0111i\u1ec1u tra nghi\u00ean c\u1ee9u, gi\u00e1 tr\u1ecb dinh d\u01b0\u1ee1ng c\u1ee7a h\u1ea1t \u00f3c ch\u00f3 g\u1ea5p nhi\u1ec1u l\u1ea7n so v\u1edbi c\u00e1c th\u1ef1c ph\u1ea9m dinh d\u01b0\u1ee1ng kh\u00e1c, r\u1ea5t an to\u00e0n cho s\u1ee9c kh\u1ecfe.<\/p>\n<p><img loading=\"lazy\" decoding=\"async\" class=\"wp-image-23054 aligncenter\" src=\"https:\/\/havamall.com\/wp-content\/uploads\/2026\/02\/c-cho-4-300x281.png\" alt=\"\" width=\"762\" height=\"714\" \/><\/p>\n<p>Collagen h\u1ea5p thu b\u1eb1ng con \u0111\u01b0\u1eddng \u0103n u\u1ed1ng t\u1ef1 nhi\u00ean l\u00e0 t\u1ed1t nh\u1ea5t. V\u00e0 m\u1ed9t trong c\u00e1c d\u01b0\u1ee1ng ch\u1ea5t \u0111\u00f3ng vai tr\u00f2 quan tr\u1ecdng trong vi\u1ec7c t\u1ea1o n\u00ean collagen ch\u00ednh l\u00e0 omega 3. (ch\u1ea5t b\u00e9o t\u1ed1t cho c\u01a1 th\u1ec3). V\u00e0 ngu\u1ed3n th\u1ef1c v\u1eadt d\u1ed3i d\u00e0o omega 3 ch\u00ednh l\u00e0 H\u1ea1t \u00f3c ch\u00f3. V\u1eady n\u00ean, ta c\u00f3 th\u1ec3 n\u00f3i n\u00f4m na r\u1eb1ng:\u00a0H\u1ea1t \u00d3c ch\u00f3 ch\u00ednh l\u00e0&#8221;Kho b\u00e1u Collagen\u201d.<\/p>\n<p><img loading=\"lazy\" decoding=\"async\" class=\"wp-image-23061 aligncenter\" src=\"https:\/\/havamall.com\/wp-content\/uploads\/2026\/02\/c-cho-1-300x246.png\" alt=\"\" width=\"763\" height=\"625\" \/><\/p>\n<p>Omega 3 trong qu\u1ea3 \u00f3c ch\u00f3 gi\u00fap c\u01a1 th\u1ec3 t\u1ed5ng h\u1ee3p \u0111\u01b0\u1ee3c collagen. T\u1eeb \u0111\u00f3, gi\u00fap l\u00e0m ch\u1eadm qu\u00e1 tr\u00ecnh l\u00e3o h\u00f3a c\u1ee7a da, \u0111\u1eb7c bi\u1ec7t l\u00e0 v\u00f9ng da ngay m\u00ed m\u1eaft v\u00e0 da c\u1ed5. \u0110\u00e2u ph\u1ea3i ng\u1eabu nhi\u00ean, m\u00e0 c\u00e1c lo\u1ea1i s\u1ea3n ph\u1ea9m ch\u0103m s\u00f3c da nh\u01b0 m\u1eb7t n\u1ea1; kem d\u01b0\u1ee1ng hay th\u1ef1c ph\u1ea9m, th\u1ee9c u\u1ed1ng t\u1ed1t cho s\u1ee9c kh\u1ecfe s\u1eafc \u0111\u1eb9p \u0111\u1ec1u x\u01b0\u1edbng t\u00ean H\u1ea1t \u00f3c ch\u00f3 trong b\u1ea3ng th\u00e0nh ph\u1ea7n ti\u00eau bi\u1ec3u c\u1ee7a m\u00ecnh.<\/p>\n<p><img loading=\"lazy\" decoding=\"async\" class=\"wp-image-23058 aligncenter\" src=\"https:\/\/havamall.com\/wp-content\/uploads\/2026\/02\/C-CHO-6-300x169.png\" alt=\"\" width=\"774\" height=\"435\" \/><\/p>\n<\/div>\n<h3><strong>Gi\u00e1 tr\u1ecb dinh d\u01b0\u1ee1ng:<\/strong><\/h3>\n<p>Trong 30 gram \u00f3c ch\u00f3 c\u00f3 ch\u1ee9a h\u00e0m l\u01b0\u1ee3ng c\u00e1c ch\u1ea5t dinh d\u01b0\u1ee1ng sau:<\/p>\n<p>&gt; Calo: 185<\/p>\n<p>&gt; N\u01b0\u1edbc: 4%<\/p>\n<p>&gt; Protein: 4,3 gram<\/p>\n<p>&gt; Carbs: 3,9 gram<\/p>\n<p>&gt; \u0110\u01b0\u1eddng: 0,7 gram<\/p>\n<p>&gt; Ch\u1ea5t x\u01a1: 1,9 gram<\/p>\n<p>&gt; Ch\u1ea5t b\u00e9o: 18,5 gram<\/p>\n<p><img loading=\"lazy\" decoding=\"async\" class=\"wp-image-23056 aligncenter\" src=\"https:\/\/havamall.com\/wp-content\/uploads\/2026\/02\/osc-cho-4-215x300.png\" alt=\"\" width=\"766\" height=\"1068\" \/><\/p>\n<h3 class=\"indexstyled__StyledContentWrapper-sc-sglbkl-4 indexstyled__StyledArticleContentWrapper-sc-sglbkl-7 DolWZ eiVBMJ body-content article-content-wrapper\"><strong>H\u01b0\u1edbng d\u1eabn s\u1eed d\u1ee5ng:<\/strong><\/h3>\n<p class=\"indexstyled__StyledContentWrapper-sc-sglbkl-4 indexstyled__StyledArticleContentWrapper-sc-sglbkl-7 DolWZ eiVBMJ body-content article-content-wrapper\">&#8211; Ta c\u00f3 th\u1ec3 nghi\u1ec1n n\u00e1t qu\u1ea3 \u00f3c ch\u00f3 r\u1ed3i cho v\u00e0o s\u1eefa chua, b\u00e1nh n\u01b0\u1edbng, b\u00e1nh piza&#8230;\u0111\u1ec3 s\u1eed d\u1ee5ng.<\/p>\n<div><\/div>\n<div>&#8211; Ta c\u0169ng c\u00f3 th\u1ec3 s\u1eed d\u1ee5ng h\u1ea1t \u00f3c ch\u00f3 nghi\u1ec1n \u0111\u1ec3 cho v\u00e0o c\u00e1c m\u00f3n salad.<\/div>\n<div><\/div>\n<div>&#8211; \u0110\u1eb7c bi\u1ec7t v\u1edbi nh\u1eefng m\u00f3n k\u1eb9o \u0111\u01b0\u1ee3c l\u00e0m t\u1eeb qu\u1ea3 \u00f3c ch\u00f3 ch\u1eafc ch\u1eafn s\u1ebd thu h\u00fat \u0111\u01b0\u1ee3c r\u1ea5t nhi\u1ec1u tr\u1ebb em.<\/div>\n<div><img loading=\"lazy\" decoding=\"async\" class=\"wp-image-23057 aligncenter\" src=\"https:\/\/havamall.com\/wp-content\/uploads\/2026\/02\/c-cho-3-300x180.png\" alt=\"\" width=\"785\" height=\"471\" \/><\/div>\n<h3><strong>C\u00f4ng d\u1ee5ng c\u1ee7a h\u1ea1t \u00f3c ch\u00f3:<\/strong><\/h3>\n<p>&#8211; C\u1ea3i thi\u1ec7n s\u1ee9c kh\u1ecfe tim m\u1ea1ch<\/p>\n<p>&#8211; C\u1ee7ng c\u1ed1 \u0111\u1ed9ng m\u1ea1ch<\/p>\n<p>&#8211; Ng\u0103n ng\u1eeba s\u1ecfi m\u1eadt<\/p>\n<p>&#8211; B\u1ea3o v\u1ec7 x\u01b0\u01a1ng<\/p>\n<p>&#8211; H\u1ed7 tr\u1ee3 qu\u00e1 tr\u00ecnh ph\u00e1t tri\u1ec3n c\u1ee7a tr\u1ebb nh\u1ecf<\/p>\n<p>&#8211; B\u1ed5 th\u1eadn tr\u00e1ng d\u01b0\u01a1ng \u1edf nam gi\u1edbi<\/p>\n<p>&#8211; \u0110em l\u1ea1i gi\u1ea5c ng\u1ee7 ngon<\/p>\n<p>&#8211; Ki\u1ec3m so\u00e1t \u0111\u01b0\u1eddng huy\u1ebft<\/p>\n<p>&#8211; Ng\u0103n ng\u1eeba ung th\u01b0<\/p>\n<p>S\u1ea3n ph\u1ea9m \u0111\u00e3 c\u00f3 m\u1eb7t t\u1ea1i Havamall.<\/p>\n<p><img loading=\"lazy\" decoding=\"async\" class=\"wp-image-23055 aligncenter\" src=\"https:\/\/havamall.com\/wp-content\/uploads\/2026\/02\/c-cho-5-300x199.png\" alt=\"\" width=\"758\" height=\"502\" \/><\/p>\n<p>&nbsp;<\/p>\n<\/div>\n<\/div>\n<\/div>\n<\/div>\n<\/div>","protected":false},"excerpt":{"rendered":"<p>H\u1ea1t \u00f3c ch\u00f3\u00a0t\u00ean ti\u1ebfng Anh l\u00e0\u00a0walnut\u00a0\u0111\u01b0\u1ee3c xem m\u1ed9t lo\u1ea1i h\u1ea1t dinh d\u01b0\u1ee1ng gi\u00e0u d\u01b0\u1ee1ng ch\u1ea5t r\u1ea5t t\u1ed1t cho s\u1ee9c kh\u1ecfe<\/p>","protected":false},"featured_media":23059,"comment_status":"open","ping_status":"closed","template":"","meta":[],"product_brand":[],"product_cat":[594,36,134],"product_tag":[],"class_list":{"0":"post-23051","1":"product","2":"type-product","3":"status-publish","4":"has-post-thumbnail","6":"product_cat-dau-cu-qua-kho","7":"product_cat-thuc-pham-tieu-dung","8":"product_cat-thucpham-saykho","9":"pa_brand-skx","11":"first","12":"instock","13":"sale","14":"shipping-taxable","15":"purchasable","16":"product-type-simple"},"_links":{"self":[{"href":"https:\/\/havamall.vn\/en\/wp-json\/wp\/v2\/product\/23051"}],"collection":[{"href":"https:\/\/havamall.vn\/en\/wp-json\/wp\/v2\/product"}],"about":[{"href":"https:\/\/havamall.vn\/en\/wp-json\/wp\/v2\/types\/product"}],"replies":[{"embeddable":true,"href":"https:\/\/havamall.vn\/en\/wp-json\/wp\/v2\/comments?post=23051"}],"version-history":[{"count":0,"href":"https:\/\/havamall.vn\/en\/wp-json\/wp\/v2\/product\/23051\/revisions"}],"wp:featuredmedia":[{"embeddable":true,"href":"https:\/\/havamall.vn\/en\/wp-json\/wp\/v2\/media\/23059"}],"wp:attachment":[{"href":"https:\/\/havamall.vn\/en\/wp-json\/wp\/v2\/media?parent=23051"}],"wp:term":[{"taxonomy":"product_brand","embeddable":true,"href":"https:\/\/havamall.vn\/en\/wp-json\/wp\/v2\/product_brand?post=23051"},{"taxonomy":"product_cat","embeddable":true,"href":"https:\/\/havamall.vn\/en\/wp-json\/wp\/v2\/product_cat?post=23051"},{"taxonomy":"product_tag","embeddable":true,"href":"https:\/\/havamall.vn\/en\/wp-json\/wp\/v2\/product_tag?post=23051"}],"curies":[{"name":"wp","href":"https:\/\/api.w.org\/{rel}","templated":true}]}}