{"id":23041,"date":"2021-10-27T17:20:23","date_gmt":"2021-10-27T10:20:23","guid":{"rendered":"https:\/\/havamall.vn\/?post_type=product&#038;p=23041"},"modified":"2022-11-01T13:55:27","modified_gmt":"2022-11-01T06:55:27","slug":"bap-nguyen-hat-dong-lon-queen-bell-425g-kernel-sweet-corn-in-brine","status":"publish","type":"product","link":"https:\/\/havamall.vn\/en\/shop\/bap-nguyen-hat-dong-lon-queen-bell-425g-kernel-sweet-corn-in-brine\/","title":{"rendered":"B\u1eafp Nguy\u00ean H\u1ea1t \u0110\u00f3ng Lon Queen Bell 425g &#8211; Kernel Sweet Corn In Brine"},"content":{"rendered":"<h3><strong>TH\u00d4NG TIN S\u1ea2N PH\u1ea8M<\/strong><\/h3>\n<table>\n<tbody>\n<tr>\n<td>Th\u01b0\u01a1ng hi\u1ec7u<\/td>\n<td>Queen Bell<\/td>\n<\/tr>\n<tr>\n<td>Xu\u1ea5t x\u1ee9<\/td>\n<td>Th\u00e1i Lan<\/td>\n<\/tr>\n<tr>\n<td>Th\u00e0nh ph\u1ea7n<\/td>\n<td>B\u1eafp h\u1ea1t, n\u01b0\u1edbc, mu\u1ed1i, \u0111\u01b0\u1eddng<\/td>\n<\/tr>\n<tr>\n<td>H\u1ea1n s\u1eed d\u1ee5ng<\/td>\n<td>36 th\u00e1ng k\u1ec3 t\u1eeb ng\u00e0y s\u1ea3n xu\u1ea5t.<\/td>\n<\/tr>\n<tr>\n<td>B\u1ea3o qu\u1ea3n<\/td>\n<td>\u0110\u1ec3 n\u01a1i kh\u00f4 r\u00e1o, tho\u00e1ng m\u00e1t, tr\u00e1nh \u00e1nh n\u1eafng tr\u1ef1c ti\u1ebfp, \u0111\u1eady k\u00edn sau khi s\u1eed d\u1ee5ng<\/td>\n<\/tr>\n<tr>\n<td>Kh\u1ed1i l\u01b0\u1ee3ng t\u1ecbnh<\/td>\n<td>425g<\/td>\n<\/tr>\n<\/tbody>\n<\/table>\n<p>\u0110\u1ec3 mang l\u1ea1i h\u01b0\u01a1ng v\u1ecb t\u01b0\u01a1i ngon v\u00e0 t\u1ef1 nhi\u00ean nh\u1ea5t b\u1eafp (ng\u00f4) ng\u1ecdt t\u01b0\u01a1i \u0111\u01b0\u1ee3c tr\u1ed3ng v\u00e0 ch\u1ebf bi\u1ebfn t\u1ea1i Th\u00e1i Lan. \u0110\u01b0\u1ee3c l\u00e0m t\u1eeb b\u1eafp ng\u1ecdt t\u01b0\u01a1i sau \u0111\u00f3 \u0111\u01b0\u1ee3c tr\u1ee5ng r\u1ed3i s\u1ea5y kh\u00f4 v\u00e0 \u0111\u00f3ng h\u1ed9p ngay l\u1eadp t\u1ee9c \u0111\u1ec3 gi\u1eef nguy\u00ean h\u01b0\u01a1ng v\u1ecb t\u01b0\u01a1i ngon v\u00e0 k\u1ebft c\u1ea5u c\u1ee7a ch\u00fang.<\/p>\n<p><img fetchpriority=\"high\" decoding=\"async\" class=\"aligncenter\" src=\"https:\/\/havamall.vn\/wp-content\/uploads\/2021\/05\/copycat-chipotle-corn-salsa-recipe-6972-2.jpg\" alt=\"Chipotle Corn Salsa (Copycat Recipe) - Peas And Crayons\" width=\"772\" height=\"1157\" \/><\/p>\n<p>B\u1eafp \u0111\u00f3ng h\u1ed9p Queen Bell d\u00f9ng \u0111\u1ec3 ch\u1ebf bi\u1ebfn m\u00f3n ng\u00f4 chi\u00ean, tr\u1ed9n salad, l\u00e0m m\u00f3n rau c\u1ee7 qu\u1ea3 x\u00e0o h\u1ed7n h\u1ee3p ho\u1eb7c ch\u1ebf bi\u1ebfn c\u00e1c m\u00f3n \u0103n theo s\u1edf th\u00edch. B\u1eafp ng\u1ecdt l\u00e0 m\u1ed9t gi\u1ed1ng ng\u00f4 ngo\u1ea1i nh\u1eadp c\u00f3 h\u01b0\u01a1ng v\u1ecb ng\u1ecdt t\u01b0\u01a1i m\u00e1t, th\u01a1m b\u00f9i v\u00e0 \u0111\u1eb7c bi\u1ec7t h\u1ea1t ng\u00f4 c\u00f3 \u0111\u1ed9 gi\u00f2n r\u1ea5t l\u1ea1 mi\u1ec7ng. Do \u0111\u00f3,\u00a0b\u1eafp \u0111\u00f3ng h\u1ed9p Sottolestelle th\u00edch h\u1ee3p d\u00f9ng \u0103n li\u1ec1n ho\u1eb7c ch\u1ebf bi\u1ebfn th\u00e0nh nhi\u1ec1u m\u00f3n \u0103n \u00c2u nh\u01b0 salad, salad rau c\u1ee7 qu\u1ea3&#8230; hay m\u00f3n Vi\u1ec7t nh\u01b0 c\u01a1m rang th\u1eadp c\u1ea9m, s\u00fap rau c\u1ee7, ch\u00e8 ng\u00f4, b\u00e1nh ng\u00f4 \u0111\u1ec1u r\u1ea5t th\u01a1m ngon.<\/p>\n<p><img decoding=\"async\" class=\"wp-image-20949 aligncenter\" src=\"https:\/\/havamall.vn\/wp-content\/uploads\/2021\/07\/zucchini-corn-fritters-picture-id486675830-768x768-300x300.jpg\" alt=\"\" width=\"766\" height=\"767\" srcset=\"https:\/\/havamall.vn\/wp-content\/uploads\/2021\/07\/zucchini-corn-fritters-picture-id486675830-768x768-300x300.jpg 300w, https:\/\/havamall.vn\/wp-content\/uploads\/2021\/07\/zucchini-corn-fritters-picture-id486675830-768x768-430x430.jpg 430w, https:\/\/havamall.vn\/wp-content\/uploads\/2021\/07\/zucchini-corn-fritters-picture-id486675830-768x768-150x150.jpg 150w, https:\/\/havamall.vn\/wp-content\/uploads\/2021\/07\/zucchini-corn-fritters-picture-id486675830-768x768-700x700.jpg 700w, https:\/\/havamall.vn\/wp-content\/uploads\/2021\/07\/zucchini-corn-fritters-picture-id486675830-768x768.jpg 768w, https:\/\/havamall.vn\/wp-content\/uploads\/2021\/07\/zucchini-corn-fritters-picture-id486675830-768x768-600x600.jpg 600w, https:\/\/havamall.vn\/wp-content\/uploads\/2021\/07\/zucchini-corn-fritters-picture-id486675830-768x768-100x100.jpg 100w\" sizes=\"(max-width: 766px) 100vw, 766px\" \/><\/p>\n<h3><strong>\u0110\u1eb7c \u0111i\u1ec3m s\u1ea3n ph\u1ea9m:<\/strong><\/h3>\n<p>&#8211; B\u1eafp ng\u1ecdt l\u00e0 m\u1ed9t lo\u1ea1i ng\u0169 c\u1ed1c l\u00e2u \u0111\u1eddi xu\u1ea5t hi\u1ec7n \u1edf Mexico h\u01a1n 9000 n\u0103m tr\u01b0\u1edbc. Gi\u00e1 tr\u1ecb dinh d\u01b0\u1ee1ng c\u1ee7a n\u00f3 cao gi\u1ea3i th\u00edch s\u1ef1 ph\u1ed5 bi\u1ebfn c\u1ee7a n\u00f3 tr\u00ean kh\u1eafp th\u1ebf gi\u1edbi, \u0111\u00e2y c\u0169ng l\u00e0 l\u00fd do khi\u1ebfn n\u00f3 tr\u1edf th\u00e0nh m\u1ed9t trong nh\u1eefng c\u00e2y tr\u1ed3ng th\u00f4ng d\u1ee5ng tr\u00ean to\u00e0n th\u1ebf gi\u1edbi.<\/p>\n<p>&#8211; Kh\u00f4ng ch\u1ee9a ph\u1ee5 gia, ch\u1ea5t t\u1ea1o m\u00e0u, ch\u1ea5t ph\u00f3ng x\u1ea1 hay ch\u1ea5t ion h\u00f3a<\/p>\n<p>&#8211; Kh\u00f4ng ch\u1ee9a ch\u1ea5t g\u00e2y d\u1ecb \u1ee9ng.<\/p>\n<p><img decoding=\"async\" class=\"wp-image-20948 aligncenter\" src=\"https:\/\/havamall.vn\/wp-content\/uploads\/2021\/07\/Untitled-1-1200x676-18-600x338-300x169.jpg\" alt=\"\" width=\"783\" height=\"441\" srcset=\"https:\/\/havamall.vn\/wp-content\/uploads\/2021\/07\/Untitled-1-1200x676-18-600x338-300x169.jpg 300w, https:\/\/havamall.vn\/wp-content\/uploads\/2021\/07\/Untitled-1-1200x676-18-600x338-430x242.jpg 430w, https:\/\/havamall.vn\/wp-content\/uploads\/2021\/07\/Untitled-1-1200x676-18-600x338-150x85.jpg 150w, https:\/\/havamall.vn\/wp-content\/uploads\/2021\/07\/Untitled-1-1200x676-18-600x338.jpg 600w\" sizes=\"(max-width: 783px) 100vw, 783px\" \/><\/p>\n<h3><strong>H\u01b0\u1edbng d\u1eabn s\u1eed d\u1ee5ng: <\/strong><\/h3>\n<p>&#8211; R\u1eeda s\u1ea1ch v\u1edbi n\u01b0\u1edbc l\u1ea1nh va\u0300 \u0111\u00ea\u0309 ra\u0301o. N\u00e2\u0301u v\u00e0 n\u00eam gia vi\u0323 tuy\u0300 y\u0301.<\/p>\n<p>&#8211; C\u00f3 th\u1ec3 s\u1eed d\u1ee5ng s\u1ea3n ph\u1ea9m trong c\u00e1c c\u00f4ng th\u1ee9c n\u1ea5u \u0103n c\u00e1c m\u00f3n ch\u00ednh ho\u1eb7c ph\u1ee5.<\/p>\n<p>&#8211; \u0110\u1ec3 n\u01a1i kh\u00f4 r\u00e1o, tho\u00e1ng m\u00e1t. \u0110\u1eady k\u00edn sau m\u1ed7i l\u1ea7n s\u1eed d\u1ee5ng. Sau khi m\u1edf n\u1eafp, \u0111\u1ed5 s\u1ea3n ph\u1ea9m v\u00e0o h\u1ed9p \u0111\u1ef1ng th\u1ef1c ph\u1ea9m v\u00e0 b\u1ea3o qu\u1ea3n trong t\u1ee7 l\u1ea1nh. S\u1eed d\u1ee5ng trong v\u00f2ng 3 \u0111\u1ebfn 4 ng\u00e0y.<\/p>\n<p>S\u1ea3n ph\u1ea9m hi\u1ec7n \u0111\u00e3 c\u00f3 m\u1eb7t t\u1ea1i Havamall.<\/p>\n<p><img loading=\"lazy\" decoding=\"async\" class=\"alignnone wp-image-21478 aligncenter\" src=\"https:\/\/havamall.vn\/wp-content\/uploads\/2021\/08\/canned-corn-bowl-board-107060185-300x209.jpg\" alt=\"\" width=\"785\" height=\"547\" srcset=\"https:\/\/havamall.vn\/wp-content\/uploads\/2021\/08\/canned-corn-bowl-board-107060185-300x209.jpg 300w, https:\/\/havamall.vn\/wp-content\/uploads\/2021\/08\/canned-corn-bowl-board-107060185-430x300.jpg 430w, https:\/\/havamall.vn\/wp-content\/uploads\/2021\/08\/canned-corn-bowl-board-107060185-150x105.jpg 150w, https:\/\/havamall.vn\/wp-content\/uploads\/2021\/08\/canned-corn-bowl-board-107060185-700x488.jpg 700w, https:\/\/havamall.vn\/wp-content\/uploads\/2021\/08\/canned-corn-bowl-board-107060185-768x536.jpg 768w, https:\/\/havamall.vn\/wp-content\/uploads\/2021\/08\/canned-corn-bowl-board-107060185-220x154.jpg 220w, https:\/\/havamall.vn\/wp-content\/uploads\/2021\/08\/canned-corn-bowl-board-107060185-600x419.jpg 600w, https:\/\/havamall.vn\/wp-content\/uploads\/2021\/08\/canned-corn-bowl-board-107060185.jpg 800w\" sizes=\"(max-width: 785px) 100vw, 785px\" \/><\/p>","protected":false},"excerpt":{"rendered":"<p>TH\u00d4NG TIN S\u1ea2N PH\u1ea8M Th\u01b0\u01a1ng hi\u1ec7u Queen Bell Xu\u1ea5t x\u1ee9 Th\u00e1i Lan Th\u00e0nh ph\u1ea7n B\u1eafp h\u1ea1t, n\u01b0\u1edbc, mu\u1ed1i, \u0111\u01b0\u1eddng H\u1ea1n<\/p>","protected":false},"featured_media":23043,"comment_status":"open","ping_status":"closed","template":"","meta":[],"product_brand":[],"product_cat":[36,143],"product_tag":[],"class_list":{"0":"post-23041","1":"product","2":"type-product","3":"status-publish","4":"has-post-thumbnail","6":"product_cat-thuc-pham-tieu-dung","7":"product_cat-thuc-pham-dong-hop","9":"first","10":"instock","11":"sale","12":"shipping-taxable","13":"purchasable","14":"product-type-simple"},"_links":{"self":[{"href":"https:\/\/havamall.vn\/en\/wp-json\/wp\/v2\/product\/23041"}],"collection":[{"href":"https:\/\/havamall.vn\/en\/wp-json\/wp\/v2\/product"}],"about":[{"href":"https:\/\/havamall.vn\/en\/wp-json\/wp\/v2\/types\/product"}],"replies":[{"embeddable":true,"href":"https:\/\/havamall.vn\/en\/wp-json\/wp\/v2\/comments?post=23041"}],"version-history":[{"count":0,"href":"https:\/\/havamall.vn\/en\/wp-json\/wp\/v2\/product\/23041\/revisions"}],"wp:featuredmedia":[{"embeddable":true,"href":"https:\/\/havamall.vn\/en\/wp-json\/wp\/v2\/media\/23043"}],"wp:attachment":[{"href":"https:\/\/havamall.vn\/en\/wp-json\/wp\/v2\/media?parent=23041"}],"wp:term":[{"taxonomy":"product_brand","embeddable":true,"href":"https:\/\/havamall.vn\/en\/wp-json\/wp\/v2\/product_brand?post=23041"},{"taxonomy":"product_cat","embeddable":true,"href":"https:\/\/havamall.vn\/en\/wp-json\/wp\/v2\/product_cat?post=23041"},{"taxonomy":"product_tag","embeddable":true,"href":"https:\/\/havamall.vn\/en\/wp-json\/wp\/v2\/product_tag?post=23041"}],"curies":[{"name":"wp","href":"https:\/\/api.w.org\/{rel}","templated":true}]}}