{"id":23028,"date":"2021-10-27T13:57:34","date_gmt":"2021-10-27T06:57:34","guid":{"rendered":"https:\/\/havamall.vn\/?post_type=product&#038;p=23028"},"modified":"2022-05-09T17:24:03","modified_gmt":"2022-05-09T10:24:03","slug":"but-ve-socola-trang-tri-banh-kem-bang-silicon","status":"publish","type":"product","link":"https:\/\/havamall.vn\/en\/shop\/but-ve-socola-trang-tri-banh-kem-bang-silicon\/","title":{"rendered":"B\u00fat V\u1ebd Socola Trang Tr\u00ed B\u00e1nh Kem B\u1eb1ng Silicon"},"content":{"rendered":"<p>B\u00e1nh kem \u0111\u01b0\u1ee3c xu\u1ea5t hi\u1ec7n trong c\u00e1c b\u1eefa ti\u1ec7c quan tr\u1ecdng nh\u01b0 m\u1ed9t h\u00ecnh \u1ea3nh \u0111\u1eb7c tr\u01b0ng. V\u00e0 c\u1ee9 m\u1ed7i b\u1eefa ti\u1ec7c kh\u00e1c nhau th\u00ec b\u00e1nh kem \u0111\u01b0\u1ee3c trang tr\u00ed v\u1edbi ch\u1ee7 \u0111\u1ec1 kh\u00e1c nhau, sao cho ph\u00f9 h\u1ee3p v\u1edbi n\u1ed9i dung ban \u0111\u1ea7u c\u1ee7a b\u1eefa ti\u1ec7c \u0111\u00f3 v\u00ec d\u1ee5 nh\u01b0 b\u00e1nh kem xinh nh\u1eadt, b\u00e1nh kem ti\u1ec7c c\u01b0\u1edbi, b\u00e1nh kem m\u1eebng th\u00e0nh c\u00f4ng hay b\u00e1nh kem ch\u00e0o m\u1eebng s\u1ef1 quay tr\u1edf l\u1ea1i c\u1ee7a m\u1ed9t ai \u0111\u00f3\u2026 \u0110\u1eb7c bi\u1ec7t l\u00e0 b\u00e1nh kem cho b\u1eefa t\u1ec7c sinh nh\u1eadt l\u00e0 h\u00ecnh \u1ea3nh ph\u1ed5 bi\u1ebfn nh\u1ea5t \u0111\u1ed1i v\u1edbi m\u1ecdi ng\u01b0\u1eddi.<\/p>\n<p>M\u1ed9t chi\u1ebfc b\u00e1nh t\u1ef1 l\u00e0m lu\u00f4n \u0111ong \u0111\u1ea7y \u00fd ngh\u0129a t\u00ecnh c\u1ea3m nh\u01b0ng b\u1ea1n \u0111\u1eafn \u0111o kh\u00f4ng bi\u1ebft l\u00e0m sao \u0111\u1ec3 vi\u1ebft nh\u1eefng l\u1eddi y\u00eau th\u01b0\u01a1ng, ng\u1ecdt ng\u00e0o l\u00ean chi\u1ebfc b\u00e1nh kem \u0111\u1ec3 t\u1eb7ng ng\u01b0\u1eddi b\u1ea1n y\u00eau th\u01b0\u01a1ng nh\u01b0 ngo\u00e0i ti\u1ec7m.\u00a0V\u1edbi chi\u1ebfc b\u00fat n\u00e0y b\u1ea1n c\u00f3 th\u1ec3 th\u1ecfa s\u1ee9c s\u00e1ng t\u1ea1o tr\u00ean chi\u1ebfc b\u00e1nh c\u1ee7a m\u00ecnh.<\/p>\n<p><img fetchpriority=\"high\" decoding=\"async\" class=\"wp-image-23029 aligncenter\" src=\"https:\/\/havamall.vn\/wp-content\/uploads\/2021\/10\/b\u00fat-2-300x300.png\" alt=\"\" width=\"665\" height=\"665\" srcset=\"https:\/\/havamall.vn\/wp-content\/uploads\/2021\/10\/b\u00fat-2-300x300.png 300w, https:\/\/havamall.vn\/wp-content\/uploads\/2021\/10\/b\u00fat-2-430x430.png 430w, https:\/\/havamall.vn\/wp-content\/uploads\/2021\/10\/b\u00fat-2-150x150.png 150w, https:\/\/havamall.vn\/wp-content\/uploads\/2021\/10\/b\u00fat-2-700x700.png 700w, https:\/\/havamall.vn\/wp-content\/uploads\/2021\/10\/b\u00fat-2-768x768.png 768w, https:\/\/havamall.vn\/wp-content\/uploads\/2021\/10\/b\u00fat-2-600x600.png 600w, https:\/\/havamall.vn\/wp-content\/uploads\/2021\/10\/b\u00fat-2-100x100.png 100w, https:\/\/havamall.vn\/wp-content\/uploads\/2021\/10\/b\u00fat-2.png 800w\" sizes=\"(max-width: 665px) 100vw, 665px\" \/><\/p>\n<p>B\u00fat v\u1ebd \u0111\u01b0\u1ee3c l\u00e0m t\u1eeb silicon, ch\u1ec9 c\u1ea7n cho socola v\u00e0o th\u00e2n vi\u1ebft, \u0111\u1ea9y p\u00edt t\u00f4ng v\u00e0 b\u00f3p vi\u1ebft nh\u01b0 b\u00ecnh th\u01b0\u1eddng. N\u1ebfu socola b\u1eaft \u0111\u1ea7u \u0111\u00f4ng l\u1ea1i, b\u1ea1n ch\u1ec9 c\u1ea7n \u0111\u1eb7t b\u00fat v\u00e0o trong m\u1ed9t chi\u1ebfc b\u00e1t n\u01b0\u1edbc \u1ea5m ch\u1edd socola tan l\u1ea1i r\u1ed3i ti\u1ebfp t\u1ee5c c\u00f4ng vi\u1ec7c vi\u1ebft y\u00eau th\u01b0\u01a1ng c\u1ee7a m\u00ecnh m\u00e0 th\u00f4i.<\/p>\n<p>Trang tr\u00ed, vi\u1ebft ch\u1eef cho b\u00e1nh s\u1ebd tr\u1edf n\u00ean r\u1ea5t \u0111\u01a1n gi\u1ea3n v\u1edbi chi\u1ebfc b\u00fat v\u1ebd socola ch\u1ea3y, ch\u1ec9 c\u1ea7n m\u1ed9t v\u00e0i thao t\u00e1c \u0111\u01a1n gi\u1ea3n b\u1ea1n c\u00f3 th\u1ec3 t\u1ea1o n\u00ean nh\u1eefng \u0111\u01b0\u1eddng n\u00e9t trang tr\u00ed ch\u1eef vi\u1ebft socola xinh x\u1eafn.<\/p>\n<p><img decoding=\"async\" class=\"wp-image-23030 aligncenter\" src=\"https:\/\/havamall.vn\/wp-content\/uploads\/2021\/10\/b\u00fat-1-300x300.png\" alt=\"\" width=\"676\" height=\"677\" srcset=\"https:\/\/havamall.vn\/wp-content\/uploads\/2021\/10\/b\u00fat-1-300x300.png 300w, https:\/\/havamall.vn\/wp-content\/uploads\/2021\/10\/b\u00fat-1-430x430.png 430w, https:\/\/havamall.vn\/wp-content\/uploads\/2021\/10\/b\u00fat-1-150x150.png 150w, https:\/\/havamall.vn\/wp-content\/uploads\/2021\/10\/b\u00fat-1-700x700.png 700w, https:\/\/havamall.vn\/wp-content\/uploads\/2021\/10\/b\u00fat-1-768x768.png 768w, https:\/\/havamall.vn\/wp-content\/uploads\/2021\/10\/b\u00fat-1-600x600.png 600w, https:\/\/havamall.vn\/wp-content\/uploads\/2021\/10\/b\u00fat-1-100x100.png 100w, https:\/\/havamall.vn\/wp-content\/uploads\/2021\/10\/b\u00fat-1.png 800w\" sizes=\"(max-width: 676px) 100vw, 676px\" \/><\/p>\n<h3><strong>Th\u00f4ng tin s\u1ea3n ph\u1ea9m:<\/strong><\/h3>\n<p>&#8211; Chi\u1ec1u d\u00e0i b\u00fat: 14 cm.<\/p>\n<p>&#8211; Chi\u1ec1u d\u00e0i \u1ed1ng b\u00fat: 10 cm.<\/p>\n<p>&#8211; \u0110\u01b0\u1eddng k\u00ednh b\u00fat: 2.5 cm.<\/p>\n<p>&#8211; Ch\u1ea5t li\u1ec7u: \u1ed0ng \u0111\u1ef1ng dung d\u1ecbch l\u00e0 silicon d\u00e0y ti\u00eau chu\u1ea9n, c\u00e1c \u0111\u1ea7u b\u00fat v\u00e0 tay b\u01a1m l\u00e0 nh\u1ef1a ABS c\u1ee9ng.<\/p>\n<p><img decoding=\"async\" class=\"wp-image-23031 aligncenter\" src=\"https:\/\/havamall.vn\/wp-content\/uploads\/2021\/10\/b\u00fat-300x300.png\" alt=\"\" width=\"684\" height=\"684\" srcset=\"https:\/\/havamall.vn\/wp-content\/uploads\/2021\/10\/b\u00fat-300x300.png 300w, https:\/\/havamall.vn\/wp-content\/uploads\/2021\/10\/b\u00fat-430x430.png 430w, https:\/\/havamall.vn\/wp-content\/uploads\/2021\/10\/b\u00fat-150x150.png 150w, https:\/\/havamall.vn\/wp-content\/uploads\/2021\/10\/b\u00fat-700x700.png 700w, https:\/\/havamall.vn\/wp-content\/uploads\/2021\/10\/b\u00fat-768x768.png 768w, https:\/\/havamall.vn\/wp-content\/uploads\/2021\/10\/b\u00fat-600x600.png 600w, https:\/\/havamall.vn\/wp-content\/uploads\/2021\/10\/b\u00fat-100x100.png 100w, https:\/\/havamall.vn\/wp-content\/uploads\/2021\/10\/b\u00fat.png 1001w\" sizes=\"(max-width: 684px) 100vw, 684px\" \/><\/p>\n<h3><strong>\u0110\u1eb7c \u0111i\u1ec3m n\u1ed5i b\u1eadt c\u1ee7a s\u1ea3n ph\u1ea9m:<\/strong><\/h3>\n<p>&gt; Sau khi s\u1eed d\u1ee5ng b\u1ea1n ch\u1ec9 c\u1ea7n v\u1ec7 sinh l\u1ea1i b\u1eb1ng n\u01b0\u1edbc n\u00f3ng sau \u0111\u00f3 \u0111\u1eb7t \u1edf n\u01a1i kh\u00f4 r\u00e1o l\u00e0 s\u1ea3n ph\u1ea9m \u0111\u00e3 s\u1eb3n s\u00e0ng \u0111\u1ec3 s\u1eed d\u1ee5ng cho l\u1ea7n ti\u1ebfp theo.<\/p>\n<p>&gt; B\u00fat \u0111\u01b0\u1ee3c thi\u1ebft k\u1ebf nh\u01b0 \u1ed1ng ti\u00eam, r\u1ea5t d\u1ec5 d\u00e0ng s\u1eed d\u1ee5ng.<\/p>\n<p>&gt; L\u1edbp silicon d\u00e0y h\u1ea1n ch\u1ebf vi\u1ec7c g\u00e2y n\u00f3ng, v\u00e0 dung d\u1ecbch b\u1ecb \u0111\u00f4ng c\u1ee9ng.<\/p>\n<p>&gt; D\u1ec5 d\u00e0ng thao t\u00e1c d\u00f9 b\u1ea1n c\u00f3 l\u00e0 ng\u01b0\u1eddi m\u1edbi l\u00e0m b\u00e1nh v\u00ec n\u00f3 s\u1eed d\u1ee5ng nh\u01b0 m\u1ed9t c\u00e2y vi\u1ebft th\u00f4ng th\u01b0\u1eddng m\u00e0 th\u00f4i.<\/p>\n<p>S\u1ea3n ph\u1ea9m hi\u1ec7n \u0111\u00e3 c\u00f3 m\u1eb7t t\u1ea1i Havamall.<\/p>\n<p><img loading=\"lazy\" decoding=\"async\" class=\"wp-image-23032 aligncenter\" src=\"https:\/\/havamall.vn\/wp-content\/uploads\/2021\/10\/fa316416eca1b2-300x300.png\" alt=\"\" width=\"693\" height=\"693\" srcset=\"https:\/\/havamall.vn\/wp-content\/uploads\/2021\/10\/fa316416eca1b2-300x300.png 300w, https:\/\/havamall.vn\/wp-content\/uploads\/2021\/10\/fa316416eca1b2-430x430.png 430w, https:\/\/havamall.vn\/wp-content\/uploads\/2021\/10\/fa316416eca1b2-150x150.png 150w, https:\/\/havamall.vn\/wp-content\/uploads\/2021\/10\/fa316416eca1b2-700x700.png 700w, https:\/\/havamall.vn\/wp-content\/uploads\/2021\/10\/fa316416eca1b2-768x768.png 768w, https:\/\/havamall.vn\/wp-content\/uploads\/2021\/10\/fa316416eca1b2-600x600.png 600w, https:\/\/havamall.vn\/wp-content\/uploads\/2021\/10\/fa316416eca1b2-100x100.png 100w, https:\/\/havamall.vn\/wp-content\/uploads\/2021\/10\/fa316416eca1b2.png 1000w\" sizes=\"(max-width: 693px) 100vw, 693px\" \/><\/p>","protected":false},"excerpt":{"rendered":"<p>B\u00e1nh kem \u0111\u01b0\u1ee3c xu\u1ea5t hi\u1ec7n trong c\u00e1c b\u1eefa ti\u1ec7c quan tr\u1ecdng nh\u01b0 m\u1ed9t h\u00ecnh \u1ea3nh \u0111\u1eb7c tr\u01b0ng. V\u00e0 c\u1ee9 m\u1ed7i<\/p>","protected":false},"featured_media":23033,"comment_status":"open","ping_status":"closed","template":"","meta":[],"product_brand":[],"product_cat":[393,255,35],"product_tag":[],"class_list":{"0":"post-23028","1":"product","2":"type-product","3":"status-publish","4":"has-post-thumbnail","6":"product_cat-bep-phong-an","7":"product_cat-nguyen-lieu-lam-banh","8":"product_cat-nha-cua-doi-song","10":"first","11":"instock","12":"sale","13":"shipping-taxable","14":"purchasable","15":"product-type-simple"},"_links":{"self":[{"href":"https:\/\/havamall.vn\/en\/wp-json\/wp\/v2\/product\/23028"}],"collection":[{"href":"https:\/\/havamall.vn\/en\/wp-json\/wp\/v2\/product"}],"about":[{"href":"https:\/\/havamall.vn\/en\/wp-json\/wp\/v2\/types\/product"}],"replies":[{"embeddable":true,"href":"https:\/\/havamall.vn\/en\/wp-json\/wp\/v2\/comments?post=23028"}],"version-history":[{"count":0,"href":"https:\/\/havamall.vn\/en\/wp-json\/wp\/v2\/product\/23028\/revisions"}],"wp:featuredmedia":[{"embeddable":true,"href":"https:\/\/havamall.vn\/en\/wp-json\/wp\/v2\/media\/23033"}],"wp:attachment":[{"href":"https:\/\/havamall.vn\/en\/wp-json\/wp\/v2\/media?parent=23028"}],"wp:term":[{"taxonomy":"product_brand","embeddable":true,"href":"https:\/\/havamall.vn\/en\/wp-json\/wp\/v2\/product_brand?post=23028"},{"taxonomy":"product_cat","embeddable":true,"href":"https:\/\/havamall.vn\/en\/wp-json\/wp\/v2\/product_cat?post=23028"},{"taxonomy":"product_tag","embeddable":true,"href":"https:\/\/havamall.vn\/en\/wp-json\/wp\/v2\/product_tag?post=23028"}],"curies":[{"name":"wp","href":"https:\/\/api.w.org\/{rel}","templated":true}]}}