{"id":23023,"date":"2021-10-27T11:40:33","date_gmt":"2021-10-27T04:40:33","guid":{"rendered":"https:\/\/havamall.vn\/?post_type=product&#038;p=23023"},"modified":"2022-05-10T16:59:00","modified_gmt":"2022-05-10T09:59:00","slug":"co-quet-dau-bang-silicon-portable-silicone-oil-bottle","status":"publish","type":"product","link":"https:\/\/havamall.vn\/en\/shop\/co-quet-dau-bang-silicon-portable-silicone-oil-bottle\/","title":{"rendered":"C\u1ecd \u0110\u1ef1ng D\u1ea7u B\u1eb1ng Silicon &#8211; Portable Silicone Oil Bottle"},"content":{"rendered":"<p>C\u1ecd \u0111\u1ef1ng d\u1ea7u bao g\u1ed3m 1 c\u1ecd v\u00e0 m\u1ed9t b\u00ecnh ch\u1ee9a d\u1ea7u v\u00e0 theo m\u00e0u ng\u1eabu nhi\u00ean. C\u1ecd Ch\u1ed5i Silicon \u0111\u01b0\u1ee3c d\u00f9ng \u0111\u1ec3 qu\u00e9t, ph\u1ebft b\u01a1, tr\u1ee9ng l\u00ean m\u1eb7t b\u00e1nh ti\u1ec7n l\u1ee3i.<\/p>\n<p id=\"tw-target-text\" class=\"tw-data-text tw-text-large XcVN5d tw-ta\" dir=\"ltr\"><span class=\"Y2IQFc\" lang=\"vi\">B\u00e0n ch\u1ea3i silicon ch\u1ecbu \u0111\u01b0\u1ee3c nhi\u1ec7t \u0111\u1ed9 cao, d\u1ec5 l\u00e0m s\u1ea1ch, tho\u1ea3i m\u00e1i khi c\u1ea7m v\u00e0 c\u00f3 th\u1ec3 ki\u1ec3m so\u00e1t l\u01b0\u1ee3ng d\u1ea7u \u0111\u1ea7u ra. Th\u00e2n v\u00e0 b\u00e0n ch\u1ea3i \u0111\u01b0\u1ee3c l\u00e0m b\u1eb1ng ch\u1ea5t li\u1ec7u silicone m\u1ec1m, ch\u1ecbu nhi\u1ec7t \u0111\u1ed9 cao, an to\u00e0n, th\u00e2n thi\u1ec7n v\u1edbi m\u00f4i tr\u01b0\u1eddng, b\u1ec1n v\u00e0 kh\u00f4ng b\u1ecb r\u1ee5ng l\u00f4ng, c\u00f3 th\u1ec3 \u0111\u01b0\u1ee3c t\u00e1i s\u1eed d\u1ee5ng.<\/span><\/p>\n<p dir=\"ltr\"><img fetchpriority=\"high\" decoding=\"async\" class=\"wp-image-23024 aligncenter\" src=\"https:\/\/havamall.vn\/wp-content\/uploads\/2021\/10\/c\u1ecd-d\u1ea7u-300x300.png\" alt=\"\" width=\"714\" height=\"713\" srcset=\"https:\/\/havamall.vn\/wp-content\/uploads\/2021\/10\/c\u1ecd-d\u1ea7u-300x300.png 300w, https:\/\/havamall.vn\/wp-content\/uploads\/2021\/10\/c\u1ecd-d\u1ea7u-430x430.png 430w, https:\/\/havamall.vn\/wp-content\/uploads\/2021\/10\/c\u1ecd-d\u1ea7u-150x150.png 150w, https:\/\/havamall.vn\/wp-content\/uploads\/2021\/10\/c\u1ecd-d\u1ea7u-700x700.png 700w, https:\/\/havamall.vn\/wp-content\/uploads\/2021\/10\/c\u1ecd-d\u1ea7u-768x768.png 768w, https:\/\/havamall.vn\/wp-content\/uploads\/2021\/10\/c\u1ecd-d\u1ea7u-600x600.png 600w, https:\/\/havamall.vn\/wp-content\/uploads\/2021\/10\/c\u1ecd-d\u1ea7u-100x100.png 100w, https:\/\/havamall.vn\/wp-content\/uploads\/2021\/10\/c\u1ecd-d\u1ea7u.png 800w\" sizes=\"(max-width: 714px) 100vw, 714px\" \/><\/p>\n<p class=\"tw-data-text tw-text-large XcVN5d tw-ta\" dir=\"ltr\"><span class=\"Y2IQFc\" lang=\"vi\">Thi\u1ebft k\u1ebf n\u1eafp \u0111\u1eady b\u1ea3o v\u1ec7 nhi\u1ec1u l\u1edbp v\u00e0 thi\u1ebft k\u1ebf r\u00e3nh h\u1ed3i d\u1ea7u gi\u00fap s\u1ea3n ph\u1ea9m n\u00e0y kh\u00f4ng b\u1ecb r\u00f2 r\u1ec9. V\u1ecf trong su\u1ed1t c\u00f3 th\u1ec3 ch\u1ed1ng \u1ea9m v\u00e0 c\u00f4n tr\u00f9ng, c\u00f3 th\u1ec3 nh\u00ecn th\u1ea5y r\u00f5 th\u1ec3 t\u00edch d\u1ea7u c\u1ee7a chai trong su\u1ed1t.<\/span><\/p>\n<p id=\"tw-target-text\" class=\"tw-data-text tw-text-large XcVN5d tw-ta\" dir=\"ltr\"><span class=\"Y2IQFc\" lang=\"vi\">S\u1ea3n ph\u1ea9m an to\u00e0n khi s\u1eed d\u1ee5ng, khi n\u1ea5u \u0103n v\u1edbi c\u1ecd \u0111\u1ef1ng d\u1ea7u b\u1ea1n kh\u00f4ng lo l\u1eafng v\u1ec1 c\u00e1c \u0111\u1ed9c t\u1ed1 nguy hi\u1ec3m.\u00a0<\/span><\/p>\n<p dir=\"ltr\"><img decoding=\"async\" class=\"wp-image-23025 aligncenter\" src=\"https:\/\/havamall.vn\/wp-content\/uploads\/2021\/10\/c\u1ecd-d\u1ea7u-1-300x300.png\" alt=\"\" width=\"718\" height=\"719\" srcset=\"https:\/\/havamall.vn\/wp-content\/uploads\/2021\/10\/c\u1ecd-d\u1ea7u-1-300x300.png 300w, https:\/\/havamall.vn\/wp-content\/uploads\/2021\/10\/c\u1ecd-d\u1ea7u-1-430x430.png 430w, https:\/\/havamall.vn\/wp-content\/uploads\/2021\/10\/c\u1ecd-d\u1ea7u-1-150x150.png 150w, https:\/\/havamall.vn\/wp-content\/uploads\/2021\/10\/c\u1ecd-d\u1ea7u-1-700x700.png 700w, https:\/\/havamall.vn\/wp-content\/uploads\/2021\/10\/c\u1ecd-d\u1ea7u-1-768x768.png 768w, https:\/\/havamall.vn\/wp-content\/uploads\/2021\/10\/c\u1ecd-d\u1ea7u-1-600x600.png 600w, https:\/\/havamall.vn\/wp-content\/uploads\/2021\/10\/c\u1ecd-d\u1ea7u-1-100x100.png 100w, https:\/\/havamall.vn\/wp-content\/uploads\/2021\/10\/c\u1ecd-d\u1ea7u-1.png 1020w\" sizes=\"(max-width: 718px) 100vw, 718px\" \/><\/p>\n<p class=\"tw-data-text tw-text-large XcVN5d tw-ta\" dir=\"ltr\"><span class=\"Y2IQFc\" lang=\"vi\"> D\u1ec5 d\u00e0ng l\u00e0m s\u1ea1ch, c\u00e1c d\u1ee5ng c\u1ee5 n\u1ea5u \u0103n b\u1eb1ng silicone l\u00e0 nh\u1eefng ti\u1ec7n \u00edch thi\u1ebft y\u1ebfu c\u1ee7a nh\u00e0 b\u1ebfp, s\u1ea3n ph\u1ea9m s\u1ebd kh\u00f4ng b\u1ecb \u1ed1 v\u00e0ng ho\u1eb7c l\u01b0u l\u1ea1i m\u00f9i h\u00f4i. \u0110\u1ea7u silicone c\u00f3 th\u1ec3 th\u00e1o r\u1eddi v\u00e0 b\u00e0n ch\u1ea3i c\u00f3 th\u1ec3 d\u1ec5 d\u00e0ng l\u00e0m s\u1ea1ch b\u1eb1ng tay nh\u01b0ng ch\u00fang c\u0169ng an to\u00e0n v\u1edbi m\u00e1y r\u1eeda b\u00e1t. C\u00e1c lo\u1ea1i c\u1ecd n\u00e0y ho\u00e0n h\u1ea3o \u0111\u1ec3 s\u1eed d\u1ee5ng v\u1edbi tr\u1ee9ng, n\u01b0\u1edbc s\u1ed1t v\u00e0 n\u01b0\u1edbc x\u1ed1t, bi\u1ebfn ch\u00fang th\u00e0nh c\u00f4ng c\u1ee5 ho\u00e0n h\u1ea3o \u0111\u1ec3 t\u00e1n l\u1edbp men y\u00eau th\u00edch c\u1ee7a b\u1ea1n. <\/span><\/p>\n<p class=\"tw-data-text tw-text-large XcVN5d tw-ta\" dir=\"ltr\"><span class=\"Y2IQFc\" lang=\"vi\">C\u1ecd \u0111\u1ef1ng d\u1ea7u s\u1ebd l\u00e0 ng\u01b0\u1eddi b\u1ea1n \u0111\u1ed3ng h\u00e0nh t\u1ed1t trong c\u00f4ng vi\u1ec7c n\u1ea5u n\u01b0\u1edbng c\u1ee7a b\u1ea1n, cho d\u00f9 b\u1ea1n l\u00e0 m\u1ed9t \u0111\u1ea7u b\u1ebfp chuy\u00ean nghi\u1ec7p hay ch\u1ec9 \u0111\u01a1n gi\u1ea3n l\u00e0 n\u1ea5u \u0103n cho gia \u0111\u00ecnh ho\u1eb7c b\u1ea1n b\u00e8, b\u1ea1n \u0111\u1ec1u c\u1ea7n b\u00fat qu\u00e9t d\u1ea7u trong nh\u00e0 b\u1ebfp c\u1ee7a m\u00ecnh.<\/span><\/p>\n<p dir=\"ltr\"><img decoding=\"async\" class=\"wp-image-23026 aligncenter\" src=\"https:\/\/havamall.vn\/wp-content\/uploads\/2021\/10\/c\u1ecd-d\u1ea7u-2-300x300.png\" alt=\"\" width=\"720\" height=\"721\" srcset=\"https:\/\/havamall.vn\/wp-content\/uploads\/2021\/10\/c\u1ecd-d\u1ea7u-2-300x300.png 300w, https:\/\/havamall.vn\/wp-content\/uploads\/2021\/10\/c\u1ecd-d\u1ea7u-2-430x430.png 430w, https:\/\/havamall.vn\/wp-content\/uploads\/2021\/10\/c\u1ecd-d\u1ea7u-2-150x150.png 150w, https:\/\/havamall.vn\/wp-content\/uploads\/2021\/10\/c\u1ecd-d\u1ea7u-2-700x700.png 700w, https:\/\/havamall.vn\/wp-content\/uploads\/2021\/10\/c\u1ecd-d\u1ea7u-2-768x768.png 768w, https:\/\/havamall.vn\/wp-content\/uploads\/2021\/10\/c\u1ecd-d\u1ea7u-2-600x600.png 600w, https:\/\/havamall.vn\/wp-content\/uploads\/2021\/10\/c\u1ecd-d\u1ea7u-2-100x100.png 100w, https:\/\/havamall.vn\/wp-content\/uploads\/2021\/10\/c\u1ecd-d\u1ea7u-2.png 800w\" sizes=\"(max-width: 720px) 100vw, 720px\" \/><\/p>\n<h3><strong>\u0110\u1eb7c \u0111i\u1ec3m n\u1ed5i b\u1eadt c\u1ee7a s\u1ea3n ph\u1ea9m:<\/strong><\/h3>\n<p>&gt; S\u1ea3n ph\u1ea9m l\u00e0m b\u1eb1ng ch\u1ea5t li\u1ec7u silicon n\u00ean r\u1ea5t d\u1ec5 ch\u00f9i r\u1eeda, kh\u00f4ng b\u1ecb r\u1ee5ng c\u1ecd nh\u01b0 nh\u1eefng lo\u1ea1i ch\u1ed5i th\u00f4ng th\u01b0\u1eddng kh\u00e1c<\/p>\n<p>&gt; S\u1ea3n ph\u1ea9m \u0111\u01b0\u1ee3c gia c\u00f4ng b\u1eb1ng ch\u1ea5t li\u1ec7u silicon ch\u1ecbu nhi\u1ec7t (-30 &#8211; 230 \u0111\u1ed9 C).<\/p>\n<p>&gt; \u0110\u1ea7u c\u1ecd silicon m\u1ec1m m\u1ea1i b\u1ea1n c\u00f3 th\u1ec3 s\u1eed d\u1ee5ng tho\u1ea3i m\u00e1i l\u00ean c\u00e1c b\u1ec1 m\u1eb7t d\u1ee5ng c\u1ee5 n\u1ea5u \u0103n nh\u01b0 ch\u1ea3o ch\u1ed1ng d\u00ednh, khu\u00f4n l\u00e0m b\u00e1nh&#8230; m\u00e0 kh\u00f4ng ph\u1ea3i lo l\u1eafng l\u00e0m h\u01b0 h\u1ecfng l\u1edbp ch\u1ed1ng d\u00ednh.<\/p>\n<p>&gt; Ch\u1ecbu nhi\u1ec7t \u0111\u1ebfn 230 \u0111\u1ed9 C n\u00ean b\u1ea1n ho\u00e0n to\u00e0n c\u00f3 th\u1ec3 d\u00f9ng \u0111\u1ec3 qu\u00e9t d\u1ea7u \u0103n, ch\u1ea5t l\u1ecfng l\u00ean c\u00e1c b\u1ec1 m\u1eb7t n\u00f3ng. Ch\u1eb3ng h\u1ea1n nh\u01b0 qu\u00e9t n\u01b0\u1edbc s\u1ed1t l\u00ean mi\u1ebfng th\u1ecbt n\u01b0\u1edbng n\u00f3ng h\u1ed5i \u0111ang tr\u00ean b\u1ebfp n\u01b0\u1edbng&#8230;.<\/p>\n<p>S\u1ea3n ph\u1ea9m hi\u1ec7n \u0111\u00e3 c\u00f3 m\u1eb7t t\u1ea1i Havamall.<\/p>","protected":false},"excerpt":{"rendered":"<p>C\u1ecd \u0111\u1ef1ng d\u1ea7u bao g\u1ed3m 1 c\u1ecd v\u00e0 m\u1ed9t b\u00ecnh ch\u1ee9a d\u1ea7u v\u00e0 theo m\u00e0u ng\u1eabu nhi\u00ean. C\u1ecd Ch\u1ed5i Silicon<\/p>","protected":false},"featured_media":23027,"comment_status":"open","ping_status":"closed","template":"","meta":[],"product_brand":[],"product_cat":[393,255,35],"product_tag":[],"class_list":{"0":"post-23023","1":"product","2":"type-product","3":"status-publish","4":"has-post-thumbnail","6":"product_cat-bep-phong-an","7":"product_cat-nguyen-lieu-lam-banh","8":"product_cat-nha-cua-doi-song","10":"first","11":"instock","12":"sale","13":"shipping-taxable","14":"purchasable","15":"product-type-simple"},"_links":{"self":[{"href":"https:\/\/havamall.vn\/en\/wp-json\/wp\/v2\/product\/23023"}],"collection":[{"href":"https:\/\/havamall.vn\/en\/wp-json\/wp\/v2\/product"}],"about":[{"href":"https:\/\/havamall.vn\/en\/wp-json\/wp\/v2\/types\/product"}],"replies":[{"embeddable":true,"href":"https:\/\/havamall.vn\/en\/wp-json\/wp\/v2\/comments?post=23023"}],"version-history":[{"count":0,"href":"https:\/\/havamall.vn\/en\/wp-json\/wp\/v2\/product\/23023\/revisions"}],"wp:featuredmedia":[{"embeddable":true,"href":"https:\/\/havamall.vn\/en\/wp-json\/wp\/v2\/media\/23027"}],"wp:attachment":[{"href":"https:\/\/havamall.vn\/en\/wp-json\/wp\/v2\/media?parent=23023"}],"wp:term":[{"taxonomy":"product_brand","embeddable":true,"href":"https:\/\/havamall.vn\/en\/wp-json\/wp\/v2\/product_brand?post=23023"},{"taxonomy":"product_cat","embeddable":true,"href":"https:\/\/havamall.vn\/en\/wp-json\/wp\/v2\/product_cat?post=23023"},{"taxonomy":"product_tag","embeddable":true,"href":"https:\/\/havamall.vn\/en\/wp-json\/wp\/v2\/product_tag?post=23023"}],"curies":[{"name":"wp","href":"https:\/\/api.w.org\/{rel}","templated":true}]}}