{"id":22998,"date":"2021-10-26T17:31:46","date_gmt":"2021-10-26T10:31:46","guid":{"rendered":"https:\/\/havamall.vn\/?post_type=product&#038;p=22998"},"modified":"2021-10-27T08:53:58","modified_gmt":"2021-10-27T01:53:58","slug":"sot-tieu-den-huu-co-lumlum-200g-organic-black-pepper-stir-fried-sauce","status":"publish","type":"product","link":"https:\/\/havamall.vn\/en\/shop\/sot-tieu-den-huu-co-lumlum-200g-organic-black-pepper-stir-fried-sauce\/","title":{"rendered":"S\u1ed1t Ti\u00eau \u0110en H\u1eefu C\u01a1 Lumlum 200g &#8211; Organic Black Pepper Stir Fried Sauce"},"content":{"rendered":"<h3><strong>TH\u00d4NG TIN S\u1ea2N PH\u1ea8M<\/strong><\/h3>\n<table>\n<tbody>\n<tr>\n<td><span style=\"font-weight: 400\">Th\u01b0\u01a1ng hi\u1ec7u<\/span><\/td>\n<td><span style=\"font-weight: 400\">Lumlum<\/span><\/td>\n<\/tr>\n<tr>\n<td><span style=\"font-weight: 400\">Xu\u1ea5t x\u1ee9 th\u01b0\u01a1ng hi\u1ec7u<\/span><\/td>\n<td><span style=\"font-weight: 400\">Th\u00e1i Lan<\/span><\/td>\n<\/tr>\n<tr>\n<td><span style=\"font-weight: 400\">Dung t\u00edch<\/span><\/td>\n<td><span style=\"font-weight: 400\">200g<\/span><\/td>\n<\/tr>\n<tr>\n<td><span style=\"font-weight: 400\">H\u1ea1n s\u1eed d\u1ee5ng<\/span><\/td>\n<td><span style=\"font-weight: 400\">24 th\u00e1ng k\u1ec3 t\u1eeb khi s\u1ea3n xu\u1ea5t<\/span><\/td>\n<\/tr>\n<tr>\n<td><span style=\"font-weight: 400\">H\u01b0\u1edbng d\u1eabn b\u1ea3o qu\u1ea3n<\/span><\/td>\n<td><span style=\"font-weight: 400\">B\u1ea3o qu\u1ea3n \u1edf n\u01a1i kh\u00f4 r\u00e1o tho\u00e1ng m\u00e1t. \u0110\u1eady k\u00edn sau khi s\u1eed d\u1ee5ng.<\/span><\/td>\n<\/tr>\n<tr>\n<td><span style=\"font-weight: 400\">H\u01b0\u1edbng d\u1eabn s\u1eed d\u1ee5ng<\/span><\/td>\n<td><span style=\"font-weight: 400\">S\u1ed1t ti\u00eau \u0111en th\u01b0\u1eddng \u0111\u01b0\u1ee3c \u0103n k\u00e8m v\u1edbi b\u00edt t\u1ebft \u0111i k\u00e8m v\u1edbi s\u1ef1 l\u1ef1a ch\u1ecdn g\u1ea1o ho\u1eb7c m\u00ec spaghetti l\u00e0 tuy\u1ec7t v\u1eddi.<\/span><\/td>\n<\/tr>\n<tr>\n<td><span style=\"font-weight: 400\">Th\u00e0nh ph\u1ea7n<\/span><\/td>\n<td><span style=\"font-weight: 400\">N\u01b0\u1edbc t\u01b0\u01a1ng h\u1eefu c\u01a1 8,0%, h\u1ea1t ti\u00eau h\u1eefu c\u01a1 5,5%, \u0111\u01b0\u1eddng m\u00eda h\u1eefu c\u01a1 5,4%, t\u1ecfi h\u1eefu c\u01a1 5,0%, mu\u1ed1i 1,80%, m\u00e8 h\u1eefu c\u01a1 0,50%, Xantan Gum 0,20%, axit citric 0,10%, n\u01b0\u1edbc 73,50%<\/span><\/td>\n<\/tr>\n<\/tbody>\n<\/table>\n<p>S\u1ed1t ti\u00eau \u0111en h\u1eefu c\u01a1 Lumlum \u0111\u1ea1t ch\u1ee9ng nh\u1eadn h\u1eefu c\u01a1 Ch\u00e2u \u00c2u Ch\u1ee9ng nh\u1eadn h\u1eefu c\u01a1 USDA Ch\u1ee9ng nh\u1eadn h\u1eefu c\u01a1 JAS Vegan Non GMONguy\u00ean li\u1ec7u \u0111\u01b0\u1ee3c l\u1ef1a ch\u1ecdn k\u1ef9 c\u00e0ng t\u1eeb nh\u1eefng h\u1ea1t ti\u00eau \u0111en h\u1eefu c\u01a1 K\u1ebft h\u1ee3p b\u00ed quy\u1ebft gia truy\u1ec1n v\u1edbi c\u00f4ng ngh\u1ec7 s\u1ea3n xu\u1ea5t hi\u1ec7n \u0111\u1ea1i c\u1ee7a Th\u00e1i. M\u00e0u t\u1ef1 nhi\u00ean, kh\u00f4ng ch\u1ea5t b\u1ea3o qu\u1ea3n, kh\u00f4ng h\u01b0\u01a1ng li\u1ec7u ph\u1ea9m m\u00e0u, tuy\u1ec7t \u0111\u1ed1i an to\u00e0n khi s\u1eed d\u1ee5ng.<\/p>\n<p><img fetchpriority=\"high\" decoding=\"async\" class=\"wp-image-23009 aligncenter\" src=\"https:\/\/havamall.vn\/wp-content\/uploads\/2021\/10\/2158878-249x300.png\" alt=\"\" width=\"761\" height=\"917\" srcset=\"https:\/\/havamall.vn\/wp-content\/uploads\/2021\/10\/2158878-249x300.png 249w, https:\/\/havamall.vn\/wp-content\/uploads\/2021\/10\/2158878-430x519.png 430w, https:\/\/havamall.vn\/wp-content\/uploads\/2021\/10\/2158878-150x181.png 150w, https:\/\/havamall.vn\/wp-content\/uploads\/2021\/10\/2158878-1200x1448.png 1200w, https:\/\/havamall.vn\/wp-content\/uploads\/2021\/10\/2158878-600x724.png 600w, https:\/\/havamall.vn\/wp-content\/uploads\/2021\/10\/2158878.png 1242w\" sizes=\"(max-width: 761px) 100vw, 761px\" \/><\/p>\n<p>S\u1ea3n ph\u1ea9m kh\u00f4ng c\u00f3 h\u00f3a ch\u1ea5t Kh\u00f4ng c\u00f3 ch\u1ea5t b\u1ea3o qu\u1ea3n Kh\u00f4ng c\u00f3 ch\u1ea5t ph\u1ee5 gia Kh\u00f4ng c\u00f3 hu\u01a1ng li\u1ec7u v\u00e0 m\u00e0u nh\u00e2n t\u1ea1o Kh\u00f4ng c\u00f3 nguy\u00ean li\u1ec7u bi\u1ebfn \u0111\u1ed5i gen Nguy\u00ean li\u1ec7u \u0111\u01b0\u1ee3c l\u1ef1a ch\u1ecdn k\u1ef9 c\u00e0ng t\u1eeb nh\u1eefng h\u1ea1t ti\u00eau \u0111en h\u1eefu c\u01a1 K\u1ebft h\u1ee3p b\u00ed quy\u1ebft gia truy\u1ec1n v\u1edbi c\u00f4ng ngh\u1ec7 s\u1ea3n xu\u1ea5t hi\u1ec7n \u0111\u1ea1i c\u1ee7a Th\u00e1i.<\/p>\n<p>M\u00e0u t\u1ef1 nhi\u00ean, kh\u00f4ng ch\u1ea5t b\u1ea3o qu\u1ea3n, kh\u00f4ng h\u01b0\u01a1ng li\u1ec7u ph\u1ea9m m\u00e0u, tuy\u1ec7t \u0111\u1ed1i an to\u00e0n khi s\u1eed d\u1ee5ng Nh\u1eefng h\u1ea1t ti\u00eau \u0111en h\u00f2a quy\u1ec7n v\u1edbi n\u01b0\u1edbc t\u01b0\u01a1ng t\u1ea1o n\u00ean h\u01b0\u01a1ng v\u1ecb \u0111\u1eb7c tr\u01b0ng c\u1ee7a lo\u1ea1i s\u1ed1t n\u00e0y. S\u1ed1t ti\u00eau \u0111en th\u01b0\u1eddng \u0111\u01b0\u1ee3c \u0103n k\u00e8m v\u1edbi b\u00edt t\u1ebft \u0111i k\u00e8m v\u1edbi s\u1ef1 l\u1ef1a ch\u1ecdn g\u1ea1o ho\u1eb7c m\u00ec spaghetti l\u00e0 tuy\u1ec7t v\u1eddi.<\/p>\n<p><img decoding=\"async\" class=\"wp-image-23003 aligncenter\" src=\"https:\/\/havamall.vn\/wp-content\/uploads\/2021\/10\/s\u1ed1t-ti\u00eau-\u0111en-245x300.png\" alt=\"\" width=\"760\" height=\"930\" srcset=\"https:\/\/havamall.vn\/wp-content\/uploads\/2021\/10\/s\u1ed1t-ti\u00eau-\u0111en-245x300.png 245w, https:\/\/havamall.vn\/wp-content\/uploads\/2021\/10\/s\u1ed1t-ti\u00eau-\u0111en-430x527.png 430w, https:\/\/havamall.vn\/wp-content\/uploads\/2021\/10\/s\u1ed1t-ti\u00eau-\u0111en-150x184.png 150w, https:\/\/havamall.vn\/wp-content\/uploads\/2021\/10\/s\u1ed1t-ti\u00eau-\u0111en-700x858.png 700w, https:\/\/havamall.vn\/wp-content\/uploads\/2021\/10\/s\u1ed1t-ti\u00eau-\u0111en-600x735.png 600w, https:\/\/havamall.vn\/wp-content\/uploads\/2021\/10\/s\u1ed1t-ti\u00eau-\u0111en.png 720w\" sizes=\"(max-width: 760px) 100vw, 760px\" \/><\/p>\n<p>Trong \u1ea9m th\u1ef1c Vi\u1ec7t Nam, gia v\u1ecb ti\u00eau kh\u00f4ng th\u1ec3 thi\u1ebfu trong c\u00e1c m\u00f3n kho: th\u1ecbt kho ti\u00eau, c\u00e1 kho ti\u00eau&#8230; Tuy \u0111\u01a1n gi\u1ea3n nh\u01b0ng thi\u1ebfu n\u00f3 m\u00f3n \u0103n s\u1ebd m\u1ea5t \u0111i v\u1ecb \u0111\u1eadm \u0111\u00e0 c\u0169ng nh\u01b0 tinh t\u00fay c\u1ee7a m\u00f3n \u0103n \u0111\u1ea5y. Ti\u00eau l\u00e0m gia v\u1ecb n\u1ea5u \u0103n, gi\u00fap m\u00f3n \u0103n \u0111\u1eadm \u0111\u00e0, th\u01a1m ngon.<\/p>\n<p>Lumlum lu\u00f4n s\u1eed d\u1ee5ng ngu\u1ed3n nguy\u00ean li\u1ec7u s\u1ea1ch , kh\u00f4ng s\u1eed d\u1ee5ng thu\u1ed1c tr\u1eeb s\u00e2u. \u0110\u1ea3m b\u1ea3o cho s\u1ee9c kh\u1ecfe c\u1ee7a b\u1ea1n v\u00e0 gia \u0111\u00ecnh.<br \/>\nNh\u1eefng h\u1ea1t ti\u00eau \u0111en h\u00f2a quy\u1ec7n v\u1edbi n\u01b0\u1edbc t\u01b0\u01a1ng t\u1ea1o n\u00ean h\u01b0\u01a1ng v\u1ecb \u0111\u1eb7c tr\u01b0ng c\u1ee7a lo\u1ea1i s\u1ed1t n\u00e0y.<\/p>\n<p><img decoding=\"async\" class=\"wp-image-23004 aligncenter\" src=\"https:\/\/havamall.vn\/wp-content\/uploads\/2021\/10\/s\u1ed1t-tieu-\u0111en-264x300.png\" alt=\"\" width=\"770\" height=\"875\" srcset=\"https:\/\/havamall.vn\/wp-content\/uploads\/2021\/10\/s\u1ed1t-tieu-\u0111en-264x300.png 264w, https:\/\/havamall.vn\/wp-content\/uploads\/2021\/10\/s\u1ed1t-tieu-\u0111en-430x488.png 430w, https:\/\/havamall.vn\/wp-content\/uploads\/2021\/10\/s\u1ed1t-tieu-\u0111en-150x170.png 150w, https:\/\/havamall.vn\/wp-content\/uploads\/2021\/10\/s\u1ed1t-tieu-\u0111en-700x794.png 700w, https:\/\/havamall.vn\/wp-content\/uploads\/2021\/10\/s\u1ed1t-tieu-\u0111en-768x872.png 768w, https:\/\/havamall.vn\/wp-content\/uploads\/2021\/10\/s\u1ed1t-tieu-\u0111en-902x1024.png 902w, https:\/\/havamall.vn\/wp-content\/uploads\/2021\/10\/s\u1ed1t-tieu-\u0111en-1200x1362.png 1200w, https:\/\/havamall.vn\/wp-content\/uploads\/2021\/10\/s\u1ed1t-tieu-\u0111en-600x681.png 600w, https:\/\/havamall.vn\/wp-content\/uploads\/2021\/10\/s\u1ed1t-tieu-\u0111en.png 1334w\" sizes=\"(max-width: 770px) 100vw, 770px\" \/><\/p>\n<h3><strong>\u0110\u1eb7c \u0111i\u1ec3m n\u1ed5i b\u1eadt c\u1ee7a s\u1ea3n ph\u1ea9m:<\/strong><\/h3>\n<div class=\"o9v6fnle cxmmr5t8 oygrvhab hcukyx3x c1et5uql ii04i59q\">\n<p dir=\"auto\">&gt; 100% nguy\u00ean li\u1ec7u \u0111\u1ebfn t\u1eeb n\u00f4ng tr\u1ea1i Chita Organic Farm t\u1ea1i t\u1ec9nh Lamphun \u2013 Th\u00e1i Lan.<\/p>\n<\/div>\n<div dir=\"auto\">&gt; Duy tr\u00ec ch\u1ee9ng nh\u1eadn h\u1eefu c\u01a1 EU t\u1eeb 2011, USDA t\u1eeb 2012 v\u00e0 JAS t\u1eeb 2017 \u0111\u1ebfn nay.<\/div>\n<div dir=\"auto\">&gt; Quy tr\u00ecnh nghi\u00ean c\u1ee9u \u2013 canh t\u00e1c \u2013 thu ho\u1ea1ch \u2013 ch\u1ebf bi\u1ebfn \u2013 \u0111\u00f3ng g\u00f3i kh\u00e9p k\u00edn b\u1ea3o ch\u1ee9ng ch\u1ea5t l\u01b0\u1ee3ng t\u1eebng s\u1ea3n ph\u1ea9m.<\/div>\n<div class=\"o9v6fnle cxmmr5t8 oygrvhab hcukyx3x c1et5uql ii04i59q\">\n<p dir=\"auto\">&gt; H\u01b0\u01a1ng v\u1ecb ch\u00e2n th\u1ef1c t\u1eeb c\u00e1c gi\u1ed1ng c\u00e2y b\u1ea3n \u0111\u1ecba, qua b\u00e0n tay ch\u0103m ch\u00fat c\u1ee7a c\u00e1c chuy\u00ean gia l\u00e2u n\u0103m.<\/p>\n<p dir=\"auto\">&gt; Bao b\u00ec ch\u1ea5t l\u01b0\u1ee3ng cao \u0111\u1ea3m b\u1ea3o s\u1ea3n ph\u1ea9m nguy\u00ean v\u1eb9n \u0111\u1ebfn tay ng\u01b0\u1eddi d\u00f9ng.<\/p>\n<p dir=\"auto\"><img loading=\"lazy\" decoding=\"async\" class=\"wp-image-23012 aligncenter\" src=\"https:\/\/havamall.vn\/wp-content\/uploads\/2021\/10\/tiu-1-300x188.png\" alt=\"\" width=\"787\" height=\"493\" srcset=\"https:\/\/havamall.vn\/wp-content\/uploads\/2021\/10\/tiu-1-300x188.png 300w, https:\/\/havamall.vn\/wp-content\/uploads\/2021\/10\/tiu-1-430x269.png 430w, https:\/\/havamall.vn\/wp-content\/uploads\/2021\/10\/tiu-1-150x94.png 150w, https:\/\/havamall.vn\/wp-content\/uploads\/2021\/10\/tiu-1-700x438.png 700w, https:\/\/havamall.vn\/wp-content\/uploads\/2021\/10\/tiu-1-768x480.png 768w, https:\/\/havamall.vn\/wp-content\/uploads\/2021\/10\/tiu-1-1024x640.png 1024w, https:\/\/havamall.vn\/wp-content\/uploads\/2021\/10\/tiu-1-1200x750.png 1200w, https:\/\/havamall.vn\/wp-content\/uploads\/2021\/10\/tiu-1-600x375.png 600w, https:\/\/havamall.vn\/wp-content\/uploads\/2021\/10\/tiu-1.png 1280w\" sizes=\"(max-width: 787px) 100vw, 787px\" \/><\/p>\n<\/div>\n<h3><strong>H\u01b0\u1edbng d\u1eabn s\u1eed d\u1ee5ng:\u00a0<\/strong><\/h3>\n<p>&#8211; D\u00f9ng l\u00e0m gia v\u1ecb trong m\u00f3n cari, s\u00fap, l\u1ea9u ho\u1eb7c \u01b0\u1edbp c\u00e1c m\u00f3n n\u01b0\u1edbng.<\/p>\n<p>&#8211; D\u00f9ng tr\u1ef1c ti\u1ebfp v\u1edbi c\u00e1c m\u00f3n x\u00e0o, chi\u00ean, n\u01b0\u1edbng<\/p>\n<p>&#8211; \u0110\u1eady k\u00edn sau khi s\u1eed d\u1ee5ng, \u0111\u1ec3 n\u01a1i kh\u00f4 r\u00e1o tho\u00e1ng m\u00e1t.<\/p>\n<p>S\u1ea3n ph\u1ea9m hi\u1eb9n \u0111\u00e3 c\u00f3 m\u1eb7t t\u1ea1i Havamall.<\/p>\n<p><img loading=\"lazy\" decoding=\"async\" class=\"wp-image-23006 aligncenter\" src=\"https:\/\/havamall.vn\/wp-content\/uploads\/2021\/10\/s\u1ed1t-ti\u00eau-\u0111en-2-300x242.png\" alt=\"\" width=\"768\" height=\"620\" srcset=\"https:\/\/havamall.vn\/wp-content\/uploads\/2021\/10\/s\u1ed1t-ti\u00eau-\u0111en-2-300x242.png 300w, https:\/\/havamall.vn\/wp-content\/uploads\/2021\/10\/s\u1ed1t-ti\u00eau-\u0111en-2-430x347.png 430w, https:\/\/havamall.vn\/wp-content\/uploads\/2021\/10\/s\u1ed1t-ti\u00eau-\u0111en-2-150x121.png 150w, https:\/\/havamall.vn\/wp-content\/uploads\/2021\/10\/s\u1ed1t-ti\u00eau-\u0111en-2-700x565.png 700w, https:\/\/havamall.vn\/wp-content\/uploads\/2021\/10\/s\u1ed1t-ti\u00eau-\u0111en-2-768x620.png 768w, https:\/\/havamall.vn\/wp-content\/uploads\/2021\/10\/s\u1ed1t-ti\u00eau-\u0111en-2-1024x827.png 1024w, https:\/\/havamall.vn\/wp-content\/uploads\/2021\/10\/s\u1ed1t-ti\u00eau-\u0111en-2-1200x969.png 1200w, https:\/\/havamall.vn\/wp-content\/uploads\/2021\/10\/s\u1ed1t-ti\u00eau-\u0111en-2-600x484.png 600w, https:\/\/havamall.vn\/wp-content\/uploads\/2021\/10\/s\u1ed1t-ti\u00eau-\u0111en-2.png 1536w\" sizes=\"(max-width: 768px) 100vw, 768px\" \/><\/p>","protected":false},"excerpt":{"rendered":"<p>TH\u00d4NG TIN S\u1ea2N PH\u1ea8M Th\u01b0\u01a1ng hi\u1ec7u Lumlum Xu\u1ea5t x\u1ee9 th\u01b0\u01a1ng hi\u1ec7u Th\u00e1i Lan Dung t\u00edch 200g H\u1ea1n s\u1eed d\u1ee5ng 24<\/p>","protected":false},"featured_media":23007,"comment_status":"open","ping_status":"closed","template":"","meta":[],"product_brand":[],"product_cat":[256,36],"product_tag":[],"class_list":{"0":"post-22998","1":"product","2":"type-product","3":"status-publish","4":"has-post-thumbnail","6":"product_cat-thuc-pham-huu-co","7":"product_cat-thuc-pham-tieu-dung","8":"pa_brand-lumlum","10":"first","11":"instock","12":"sale","13":"shipping-taxable","14":"purchasable","15":"product-type-simple"},"_links":{"self":[{"href":"https:\/\/havamall.vn\/en\/wp-json\/wp\/v2\/product\/22998"}],"collection":[{"href":"https:\/\/havamall.vn\/en\/wp-json\/wp\/v2\/product"}],"about":[{"href":"https:\/\/havamall.vn\/en\/wp-json\/wp\/v2\/types\/product"}],"replies":[{"embeddable":true,"href":"https:\/\/havamall.vn\/en\/wp-json\/wp\/v2\/comments?post=22998"}],"version-history":[{"count":0,"href":"https:\/\/havamall.vn\/en\/wp-json\/wp\/v2\/product\/22998\/revisions"}],"wp:featuredmedia":[{"embeddable":true,"href":"https:\/\/havamall.vn\/en\/wp-json\/wp\/v2\/media\/23007"}],"wp:attachment":[{"href":"https:\/\/havamall.vn\/en\/wp-json\/wp\/v2\/media?parent=22998"}],"wp:term":[{"taxonomy":"product_brand","embeddable":true,"href":"https:\/\/havamall.vn\/en\/wp-json\/wp\/v2\/product_brand?post=22998"},{"taxonomy":"product_cat","embeddable":true,"href":"https:\/\/havamall.vn\/en\/wp-json\/wp\/v2\/product_cat?post=22998"},{"taxonomy":"product_tag","embeddable":true,"href":"https:\/\/havamall.vn\/en\/wp-json\/wp\/v2\/product_tag?post=22998"}],"curies":[{"name":"wp","href":"https:\/\/api.w.org\/{rel}","templated":true}]}}