{"id":22933,"date":"2021-10-25T13:46:48","date_gmt":"2021-10-25T06:46:48","guid":{"rendered":"https:\/\/havamall.vn\/?post_type=product&#038;p=22933"},"modified":"2021-10-25T13:47:39","modified_gmt":"2021-10-25T06:47:39","slug":"vet-thuong-gia-bo-16-cai-uncle-bills-bloody-fake-wounds","status":"publish","type":"product","link":"https:\/\/havamall.vn\/en\/shop\/vet-thuong-gia-bo-16-cai-uncle-bills-bloody-fake-wounds\/","title":{"rendered":"V\u1ebft Th\u01b0\u01a1ng Gi\u1ea3 B\u1ed9 16 C\u00e1i Uncle Bills &#8211; Bloody Fake Wounds"},"content":{"rendered":"<p>Halloween l\u00e0 l\u1ec5 h\u1ed9i h\u00f3a trang l\u1edbn nh\u1ea5t trong n\u0103m di\u1ec5n ra v\u00e0o 31\/10 h\u1eb1ng n\u0103m. Tuy mang m\u1ed9t m\u00e0u s\u1eafc u \u00e1m v\u00e0 gh\u00ea r\u1ee3n nh\u01b0ng Halloween v\u1eabn l\u00e0 m\u1ed9t ng\u00e0y l\u1ec5 \u0111\u01b0\u1ee3c y\u00eau m\u1ebfn tr\u00ean to\u00e0n th\u1ebf gi\u1edbi. Ho\u1ea1t \u0111\u1ed9ng n\u1ed5i b\u1eadt c\u1ee7a ng\u00e0y l\u1ec5 n\u00e0y l\u00e0 h\u00f3a th\u00e2n th\u00e0nh nh\u1eefng nh\u00e2n v\u1eadt kinh d\u1ecb v\u00e0\u00a0mi\u1ebfng d\u00e1n gi\u1ea3 v\u1ebft th\u01b0\u01a1ng\u00a0l\u00e0 m\u1ed9t trong nh\u1eefng c\u00f4ng c\u1ee5 \u0111\u1eafc l\u1ef1c t\u1ea1o n\u00ean nh\u1eefng t\u1ea1o h\u00ecnh gh\u00ea r\u1ee3n v\u00e0 qu\u00e1i d\u1ecb nh\u1ea5t.<\/p>\n<p>C\u00f3 r\u1ea5t nhi\u1ec1u c\u00e1ch \u0111\u1ec3 s\u1eed d\u1ee5ng\u00a0mi\u1ebfng d\u00e1n gi\u1ea3 v\u1ebft th\u01b0\u01a1ng\u00a0trong h\u00f3a trang nh\u01b0 t\u1ea1o v\u1ebft th\u01b0\u01a1ng tr\u00ean m\u1eb7t, c\u01a1 th\u1ec3, ho\u1eb7c d\u00f9ng trong ch\u1ee5p \u1ea3nh, bi\u1ec3u di\u1ec5n&#8230;<\/p>\n<p><img fetchpriority=\"high\" decoding=\"async\" class=\"wp-image-22934 aligncenter\" src=\"https:\/\/havamall.vn\/wp-content\/uploads\/2021\/10\/v\u1ebft-th\u01b0\u01a1ng1-300x300.png\" alt=\"\" width=\"707\" height=\"707\" srcset=\"https:\/\/havamall.vn\/wp-content\/uploads\/2021\/10\/v\u1ebft-th\u01b0\u01a1ng1-300x300.png 300w, https:\/\/havamall.vn\/wp-content\/uploads\/2021\/10\/v\u1ebft-th\u01b0\u01a1ng1-430x430.png 430w, https:\/\/havamall.vn\/wp-content\/uploads\/2021\/10\/v\u1ebft-th\u01b0\u01a1ng1-150x150.png 150w, https:\/\/havamall.vn\/wp-content\/uploads\/2021\/10\/v\u1ebft-th\u01b0\u01a1ng1-700x700.png 700w, https:\/\/havamall.vn\/wp-content\/uploads\/2021\/10\/v\u1ebft-th\u01b0\u01a1ng1-768x768.png 768w, https:\/\/havamall.vn\/wp-content\/uploads\/2021\/10\/v\u1ebft-th\u01b0\u01a1ng1-1024x1024.png 1024w, https:\/\/havamall.vn\/wp-content\/uploads\/2021\/10\/v\u1ebft-th\u01b0\u01a1ng1-1200x1200.png 1200w, https:\/\/havamall.vn\/wp-content\/uploads\/2021\/10\/v\u1ebft-th\u01b0\u01a1ng1-600x600.png 600w, https:\/\/havamall.vn\/wp-content\/uploads\/2021\/10\/v\u1ebft-th\u01b0\u01a1ng1-100x100.png 100w, https:\/\/havamall.vn\/wp-content\/uploads\/2021\/10\/v\u1ebft-th\u01b0\u01a1ng1.png 1500w\" sizes=\"(max-width: 707px) 100vw, 707px\" \/><\/p>\n<p>Ngo\u00e0i\u00a0v\u1ebft th\u01b0\u01a1ng gi\u1ea3 ho\u00e1 trang, Uncle Bills c\u00f2n cung c\u1ea5p nhi\u1ec1u ph\u1ee5 ki\u1ec7n v\u00e0 trang ph\u1ee5c h\u00f3a trang theo nh\u1ec1u ch\u1ee7 \u0111\u1ec1. Ch\u00fang t\u00f4i t\u1ef1 h\u00e0o l\u00e0 m\u1ed9t trong nh\u1eefng \u0111\u1ecba ch\u1ec9 uy t\u00edn nh\u1ea5t v\u1edbi d\u1ecbch v\u1ee5 thu\u00ea mua nhanh ch\u00f3ng, ti\u1ec7n l\u1ee3i c\u00f9ng \u0111\u1ed9i ng\u0169 nh\u00e2n vi\u00ean nhi\u1ec7t t\u00ecnh v\u00e0 th\u00e2n thi\u1ec7n.<\/p>\n<p>Thi\u1ebft k\u1ebf th\u00f4ng minh, ti\u1ec7n d\u1ee5ng Tha h\u1ed3 s\u00e1ng t\u1ea1o v\u00e0 trang tr\u00ed cho b\u1eefa ti\u1ec7c Halloween G\u00f3p ph\u1ea7n l\u00e0m cho bu\u1ed5i ti\u1ec7c Halloween th\u00eam ph\u1ea7n sinh \u0111\u1ed9ng.<\/p>\n<p><img decoding=\"async\" class=\"wp-image-22938 aligncenter\" src=\"https:\/\/havamall.vn\/wp-content\/uploads\/2021\/10\/UH00474-1-300x290.png\" alt=\"\" width=\"542\" height=\"524\" srcset=\"https:\/\/havamall.vn\/wp-content\/uploads\/2021\/10\/UH00474-1-300x290.png 300w, https:\/\/havamall.vn\/wp-content\/uploads\/2021\/10\/UH00474-1-430x415.png 430w, https:\/\/havamall.vn\/wp-content\/uploads\/2021\/10\/UH00474-1-150x145.png 150w, https:\/\/havamall.vn\/wp-content\/uploads\/2021\/10\/UH00474-1-700x676.png 700w, https:\/\/havamall.vn\/wp-content\/uploads\/2021\/10\/UH00474-1-768x742.png 768w, https:\/\/havamall.vn\/wp-content\/uploads\/2021\/10\/UH00474-1-600x580.png 600w, https:\/\/havamall.vn\/wp-content\/uploads\/2021\/10\/UH00474-1.png 828w\" sizes=\"(max-width: 542px) 100vw, 542px\" \/><\/p>\n<h3><strong>\u0110\u1eb7c \u0111i\u1ec3m n\u1ed5i b\u1eadt c\u1ee7a s\u1ea3n ph\u1ea9m:<\/strong><\/h3>\n<p>&#8211; V\u1ebft Th\u01b0\u01a1ng Gi\u1ea3 B\u1ed9 16 C\u00e1i Halloween Uncle Bills s\u1ebd g\u00f3p ph\u1ea7n l\u00e0m cho bu\u1ed5i ti\u1ec7c Halloween c\u1ee7a b\u1ea1n th\u00eam ph\u1ea7n sinh \u0111\u1ed9ng.<\/p>\n<p>&#8211; V\u1edbi v\u1ebft th\u01b0\u01a1ng gi\u1ea3 phong c\u00e1ch Halloween b\u1ea1n s\u1ebd tha h\u1ed3 s\u00e1ng t\u1ea1o v\u00e0 trang tr\u00ed cho b\u1eefa ti\u1ec7c Halloween c\u1ee7a m\u00ecnh th\u00eam ph\u1ea7n r\u00f9ng r\u1ee3n, ma qu\u00e1i.<\/p>\n<p>&#8211; Gi\u00fap b\u1ea1n c\u00f3 m\u1ed9t b\u1eefa ti\u1ec7c Halloween ho\u00e0n h\u1ea3o v\u00e0 \u00fd ngh\u0129a.<\/p>\n<p>S\u1ea3n ph\u1ea9m hi\u1ec7n \u0111\u00e3 c\u00f3 m\u1eb7t t\u1ea1i Havamall.<\/p>\n<p><img decoding=\"async\" class=\"wp-image-22936 aligncenter\" src=\"https:\/\/havamall.vn\/wp-content\/uploads\/2021\/10\/v\u1ebft-th\u01b0\u01a1ng-300x300.png\" alt=\"\" width=\"719\" height=\"719\" srcset=\"https:\/\/havamall.vn\/wp-content\/uploads\/2021\/10\/v\u1ebft-th\u01b0\u01a1ng-300x300.png 300w, https:\/\/havamall.vn\/wp-content\/uploads\/2021\/10\/v\u1ebft-th\u01b0\u01a1ng-430x430.png 430w, https:\/\/havamall.vn\/wp-content\/uploads\/2021\/10\/v\u1ebft-th\u01b0\u01a1ng-150x150.png 150w, https:\/\/havamall.vn\/wp-content\/uploads\/2021\/10\/v\u1ebft-th\u01b0\u01a1ng-700x700.png 700w, https:\/\/havamall.vn\/wp-content\/uploads\/2021\/10\/v\u1ebft-th\u01b0\u01a1ng-768x768.png 768w, https:\/\/havamall.vn\/wp-content\/uploads\/2021\/10\/v\u1ebft-th\u01b0\u01a1ng-1024x1024.png 1024w, https:\/\/havamall.vn\/wp-content\/uploads\/2021\/10\/v\u1ebft-th\u01b0\u01a1ng-1200x1200.png 1200w, https:\/\/havamall.vn\/wp-content\/uploads\/2021\/10\/v\u1ebft-th\u01b0\u01a1ng-600x600.png 600w, https:\/\/havamall.vn\/wp-content\/uploads\/2021\/10\/v\u1ebft-th\u01b0\u01a1ng-100x100.png 100w, https:\/\/havamall.vn\/wp-content\/uploads\/2021\/10\/v\u1ebft-th\u01b0\u01a1ng.png 1500w\" sizes=\"(max-width: 719px) 100vw, 719px\" \/><\/p>","protected":false},"excerpt":{"rendered":"<p>Halloween l\u00e0 l\u1ec5 h\u1ed9i h\u00f3a trang l\u1edbn nh\u1ea5t trong n\u0103m di\u1ec5n ra v\u00e0o 31\/10 h\u1eb1ng n\u0103m. Tuy mang m\u1ed9t m\u00e0u<\/p>","protected":false},"featured_media":22937,"comment_status":"open","ping_status":"closed","template":"","meta":[],"product_brand":[],"product_cat":[428,394,35],"product_tag":[],"class_list":{"0":"post-22933","1":"product","2":"type-product","3":"status-publish","4":"has-post-thumbnail","6":"product_cat-halloween","7":"product_cat-trang-tri-nha-cua","8":"product_cat-nha-cua-doi-song","9":"pa_brand-uncle-bills","11":"first","12":"instock","13":"sale","14":"shipping-taxable","15":"purchasable","16":"product-type-simple"},"_links":{"self":[{"href":"https:\/\/havamall.vn\/en\/wp-json\/wp\/v2\/product\/22933"}],"collection":[{"href":"https:\/\/havamall.vn\/en\/wp-json\/wp\/v2\/product"}],"about":[{"href":"https:\/\/havamall.vn\/en\/wp-json\/wp\/v2\/types\/product"}],"replies":[{"embeddable":true,"href":"https:\/\/havamall.vn\/en\/wp-json\/wp\/v2\/comments?post=22933"}],"version-history":[{"count":0,"href":"https:\/\/havamall.vn\/en\/wp-json\/wp\/v2\/product\/22933\/revisions"}],"wp:featuredmedia":[{"embeddable":true,"href":"https:\/\/havamall.vn\/en\/wp-json\/wp\/v2\/media\/22937"}],"wp:attachment":[{"href":"https:\/\/havamall.vn\/en\/wp-json\/wp\/v2\/media?parent=22933"}],"wp:term":[{"taxonomy":"product_brand","embeddable":true,"href":"https:\/\/havamall.vn\/en\/wp-json\/wp\/v2\/product_brand?post=22933"},{"taxonomy":"product_cat","embeddable":true,"href":"https:\/\/havamall.vn\/en\/wp-json\/wp\/v2\/product_cat?post=22933"},{"taxonomy":"product_tag","embeddable":true,"href":"https:\/\/havamall.vn\/en\/wp-json\/wp\/v2\/product_tag?post=22933"}],"curies":[{"name":"wp","href":"https:\/\/api.w.org\/{rel}","templated":true}]}}