{"id":22912,"date":"2021-10-25T11:26:41","date_gmt":"2021-10-25T04:26:41","guid":{"rendered":"https:\/\/havamall.vn\/?post_type=product&#038;p=22912"},"modified":"2021-10-25T16:15:32","modified_gmt":"2021-10-25T09:15:32","slug":"den-led-nhieu-mau-25-bong-2-7m-day-kim-loai-uon-deo-uncle-bills-string-lights-coloured","status":"publish","type":"product","link":"https:\/\/havamall.vn\/en\/shop\/den-led-nhieu-mau-25-bong-2-7m-day-kim-loai-uon-deo-uncle-bills-string-lights-coloured\/","title":{"rendered":"\u0110\u00e8n Led Nhi\u1ec1u M\u00e0u 25 B\u00f3ng D\u00e2y Kim Lo\u1ea1i U\u1ed1n D\u1ebbo 2.7m Uncle Bills &#8211; String Lights Coloured"},"content":{"rendered":"<h3 class=\"o9v6fnle cxmmr5t8 oygrvhab hcukyx3x c1et5uql ii04i59q\"><strong>\u00a0TH\u00d4NG TIN S\u1ea2N PH\u1ea8M<\/strong><\/h3>\n<div class=\"o9v6fnle cxmmr5t8 oygrvhab hcukyx3x c1et5uql ii04i59q\">\n<table>\n<tbody>\n<tr>\n<td>Th\u01b0\u01a1ng hi\u1ec7u<\/td>\n<td>Uncle Bills<\/td>\n<\/tr>\n<tr>\n<td>Xu\u1ea5t x\u1ee9<\/td>\n<td>Trung Qu\u1ed1c<\/td>\n<\/tr>\n<tr>\n<td>Nguy\u00ean li\u1ec7u<\/td>\n<td>\u0110\u1ed3ng, nh\u1ef1a pp<\/td>\n<\/tr>\n<tr>\n<td>C\u00f4ng d\u1ee5ng<\/td>\n<td>D\u1ee5ng c\u1ee5 gia d\u1ee5ng d\u00f9ng trang tr\u00ed cho nh\u1eefng bu\u1ed5i ti\u1ec7c,\u2026<\/td>\n<\/tr>\n<tr>\n<td>B\u1ea3o qu\u1ea3n<\/td>\n<td>\u0110\u1ec3 n\u01a1i kh\u00f4 r\u00e1o, tho\u00e1ng m\u00e1t, tr\u00e1nh va \u0111\u1eadp m\u1ea1nh. \u0110\u1ec3 xa t\u1ea7m tay tr\u1ebb em.<\/td>\n<\/tr>\n<tr>\n<td>S\u1ed1 l\u01b0\u1ee3ng<\/td>\n<td>25b\u00f3ng\/b\u1ed9<\/td>\n<\/tr>\n<\/tbody>\n<\/table>\n<\/div>\n<p>Uncle Bills (UBL) cung c\u1ea5p h\u01a1n 1800 s\u1ea3n ph\u1ea9m ti\u00eau d\u00f9ng ti\u1ec7n \u00edch, t\u1ea5t c\u1ea3 \u0111\u1ec1u h\u1ea5p d\u1eabn, ti\u1ec7n l\u1ee3i v\u00e0 gi\u00e1 tr\u1ecb n\u1ed5i b\u1eadt x\u1ee9ng v\u1edbi s\u1ed1 ti\u1ec1n b\u1ecf ra. S\u1ea3n ph\u1ea9m bao g\u1ed3m nhi\u1ec1u lo\u1ea1i, t\u1eeb \u0111\u1ed3 d\u00f9ng nh\u00e0 b\u1ebfp, ch\u0103m s\u00f3c c\u00e1 nh\u00e2n, v\u1ec7 sinh v\u00e0 l\u01b0u tr\u1eef, d\u1ee5ng c\u1ee5 DIY (t\u1ef1 l\u00e0m), ngo\u00e0i tr\u1eddi, v\u0103n ph\u00f2ng ph\u1ea9m v\u00e0 \u0111\u1ed3 d\u00f9ng cho tr\u1ebb em.<\/p>\n<p>S\u1ea3n ph\u1ea9m c\u1ee7a UBL do Uncle Bills Australia ph\u00e1t tri\u1ec3n, gi\u00e1m s\u00e1t v\u00e0 ki\u1ec3m tra ch\u1ea5t l\u01b0\u1ee3ng. S\u1ea3n ph\u1ea9m \u0111\u00e3 \u0111\u01b0\u1ee3c b\u00e1n t\u1ea1i h\u01a1n 10,000 c\u1eeda h\u00e0ng tr\u00ean h\u01a1n 50 qu\u1ed1c gia, bao g\u1ed3m Ch\u00e2u \u00c2u, Ch\u00e2u \u00dac, Ch\u00e2u \u00c1 v\u00e0 Ch\u00e2u Phi.<\/p>\n<p><img fetchpriority=\"high\" decoding=\"async\" class=\"wp-image-22848 aligncenter\" src=\"https:\/\/havamall.vn\/wp-content\/uploads\/2021\/10\/slideshow_1_e98ccbc98868456ea0156ce5a24830b7-300x103.jpg\" alt=\"\" width=\"902\" height=\"310\" srcset=\"https:\/\/havamall.vn\/wp-content\/uploads\/2021\/10\/slideshow_1_e98ccbc98868456ea0156ce5a24830b7-300x103.jpg 300w, https:\/\/havamall.vn\/wp-content\/uploads\/2021\/10\/slideshow_1_e98ccbc98868456ea0156ce5a24830b7-430x148.jpg 430w, https:\/\/havamall.vn\/wp-content\/uploads\/2021\/10\/slideshow_1_e98ccbc98868456ea0156ce5a24830b7-150x52.jpg 150w, https:\/\/havamall.vn\/wp-content\/uploads\/2021\/10\/slideshow_1_e98ccbc98868456ea0156ce5a24830b7-700x241.jpg 700w, https:\/\/havamall.vn\/wp-content\/uploads\/2021\/10\/slideshow_1_e98ccbc98868456ea0156ce5a24830b7-768x264.jpg 768w, https:\/\/havamall.vn\/wp-content\/uploads\/2021\/10\/slideshow_1_e98ccbc98868456ea0156ce5a24830b7-1024x352.jpg 1024w, https:\/\/havamall.vn\/wp-content\/uploads\/2021\/10\/slideshow_1_e98ccbc98868456ea0156ce5a24830b7-1200x413.jpg 1200w, https:\/\/havamall.vn\/wp-content\/uploads\/2021\/10\/slideshow_1_e98ccbc98868456ea0156ce5a24830b7-600x206.jpg 600w, https:\/\/havamall.vn\/wp-content\/uploads\/2021\/10\/slideshow_1_e98ccbc98868456ea0156ce5a24830b7.jpg 1600w\" sizes=\"(max-width: 902px) 100vw, 902px\" \/><\/p>\n<p>B\u00ean c\u1ea1nh nh\u1eefng m\u00f3n \u0111\u1ed3 trang tr\u00ed \u0111\u1ed9c \u0111\u00e1o, l\u1ec5 h\u1ed9i Halloween s\u1ebd kh\u00f4ng th\u1ec3 tr\u1ecdn v\u1eb9n n\u1ebfu thi\u1ebfu \u0111i trang ph\u1ee5c v\u00e0 ph\u1ee5 ki\u1ec7n h\u00f3a trang Halloween M\u00f9a Halloween n\u00e0y, b\u1ea1n c\u00f3 th\u1ec3 t\u00ecm th\u1ea5y \u0111\u1ee7 lo\u1ea1i trang ph\u1ee5c, ph\u1ee5 ki\u1ec7n Halloween v\u1edbi nhi\u1ec1u phong c\u00e1ch kh\u00e1c nhau Uncle Bills nay \u0111\u00e3 c\u00f3 m\u1eb7t t\u1ea1i Havamall.<\/p>\n<p><img decoding=\"async\" class=\"wp-image-22921 aligncenter\" src=\"https:\/\/havamall.vn\/wp-content\/uploads\/2021\/10\/SSS-300x300.jpg\" alt=\"\" width=\"900\" height=\"900\" srcset=\"https:\/\/havamall.vn\/wp-content\/uploads\/2021\/10\/SSS-300x300.jpg 300w, https:\/\/havamall.vn\/wp-content\/uploads\/2021\/10\/SSS-430x430.jpg 430w, https:\/\/havamall.vn\/wp-content\/uploads\/2021\/10\/SSS-150x150.jpg 150w, https:\/\/havamall.vn\/wp-content\/uploads\/2021\/10\/SSS-700x700.jpg 700w, https:\/\/havamall.vn\/wp-content\/uploads\/2021\/10\/SSS-768x768.jpg 768w, https:\/\/havamall.vn\/wp-content\/uploads\/2021\/10\/SSS-600x600.jpg 600w, https:\/\/havamall.vn\/wp-content\/uploads\/2021\/10\/SSS-100x100.jpg 100w, https:\/\/havamall.vn\/wp-content\/uploads\/2021\/10\/SSS.jpg 1000w\" sizes=\"(max-width: 900px) 100vw, 900px\" \/><\/p>\n<p>&nbsp;<\/p>\n<p>B\u1ed9 \u0111\u00e8n led g\u1ed3m 25 c\u00e1i nhi\u1ec1u m\u00e0u Uncle Bills v\u1edbi d\u00e2y kim lo\u1ea1i d\u1ec5 d\u00e0ng t\u1ea1o d\u00e1ng v\u00e0 thi\u1ebft k\u1ebf cho kh\u00f4ng gian c\u1ee7a b\u1ea1n. Chi\u1ec1u d\u00e0i 2.7m. M\u1ed7i b\u00f3ng c\u00e1ch nhau 9,9cm. S\u1ea3n ph\u1ea9m ho\u1ea1t \u0111\u1ed9ng b\u1eb1ng pin d\u1ec5 d\u00e0ng th\u00e1o l\u1eafp. \u0110\u00e8n led m\u00e0u 25 c\u00e1i\/ b\u1ed9 t\u1eeb Uncle Bills s\u1ebd t\u1ea1o cho b\u1ea1n kh\u00f4ng gian \u1ea5m c\u00fang v\u00e0 l\u00e3ng m\u1ea1ng, \u0111\u1ec3 c\u0103n ph\u00f2ng c\u1ee7a b\u1ea1n kh\u00f4ng c\u00f2n nh\u00e0m ch\u00e1n.<\/p>\n<p>\u0110\u00e8n led m\u00e0u 25 c\u00e1i ph\u00f9 h\u1ee3p \u0111\u1ec3 trang tr\u00ed cho c\u0103n ph\u00f2ng c\u1ee7a b\u1ea1n th\u00eam xinh \u0111\u1eb9p v\u00e0 gi\u00fap c\u00e1c d\u1ecbp nh\u01b0 nh\u1eefng d\u1ecbp gi\u00e1ng sinh, sinh nh\u1eadt, ti\u1ec7c ngo\u00e0i tr\u1eddi cho kh\u00f4ng gian th\u00eam \u1ea5m c\u00fang v\u00e0 \u0111\u1eb7c bi\u1ec7t. K\u1ebft h\u1ee3p nhi\u1ec1u b\u1ed9 d\u00e2y \u0111\u00e8n led \u0111\u1ec3 s\u00e1ng t\u1ea1o n\u00ean kh\u00f4ng gian ri\u00eang r\u1ef1c r\u1ee1 cho b\u1ea1n.<\/p>\n<p><img decoding=\"async\" class=\"alignnone wp-image-22923 aligncenter\" src=\"https:\/\/havamall.vn\/wp-content\/uploads\/2021\/10\/\u0111\u00e8n-300x300.jpg\" alt=\"\" width=\"800\" height=\"800\" srcset=\"https:\/\/havamall.vn\/wp-content\/uploads\/2021\/10\/\u0111\u00e8n-300x300.jpg 300w, https:\/\/havamall.vn\/wp-content\/uploads\/2021\/10\/\u0111\u00e8n-430x430.jpg 430w, https:\/\/havamall.vn\/wp-content\/uploads\/2021\/10\/\u0111\u00e8n-150x150.jpg 150w, https:\/\/havamall.vn\/wp-content\/uploads\/2021\/10\/\u0111\u00e8n-100x100.jpg 100w, https:\/\/havamall.vn\/wp-content\/uploads\/2021\/10\/\u0111\u00e8n.jpg 570w\" sizes=\"(max-width: 800px) 100vw, 800px\" \/><\/p>\n<h3><strong>\u0110\u1eb6C \u0110I\u1ec2M S\u1ea2N PH\u1ea8M<\/strong><\/h3>\n<p>&#8211; D\u00e2y \u0111\u00e8n led Uncle Bills \u0111\u01b0\u1ee3c s\u1ea3n xu\u1ea5t d\u1ef1a tr\u00ean c\u00f4ng ngh\u1ec7 Led ti\u00ean ti\u1ebfn tr\u00ean th\u1ebf gi\u1edbi.<\/p>\n<p>&#8211; D\u00e2y\u00a0\u0111\u00e8n led\u00a0\u0111\u1ee7 m\u00e0u\u00a0c\u00f3 \u0111\u1ed9 b\u1ec1n cao h\u01a1n so v\u1edbi d\u00e2y \u0111\u00e8n nh\u00e1y truy\u1ec1n th\u1ed1ng, tr\u00ean 1 s\u1ee3i c\u00f3 \u0111a m\u00e0u s\u1eafc, t\u1ea1o ra hi\u1ec7u \u1ee9ng m\u00e0u b\u1eaft m\u1eaft v\u00e0 d\u1ec5 trang tr\u00ed<\/p>\n<p>&#8211; \u0110\u00e8n th\u01b0\u1eddng s\u1eed d\u1ee5ng nhi\u1ec1u cho trang tr\u00ed ngo\u00e0i tr\u1eddi nh\u01b0: cu\u1ed1n c\u00e2y, trang tr\u00ed v\u00e1ch t\u01b0\u1eddng, \u0111\u01b0\u1eddng ph\u1ed1\u2026 S\u1eed d\u1ee5ng ngo\u00e0i tr\u1eddi nh\u01b0 v\u1eady c\u1ea7n \u0111\u00f2i h\u1ecfi d\u00e2y \u0111\u00e8n ph\u1ea3i c\u00f3 \u0111\u1ed9 b\u1ec1n cao v\u00e0 tu\u1ed5i th\u1ecd l\u00e2u, \u0111\u1ec3 gi\u1ea3m chi ph\u00ed thay th\u1ebf.<\/p>\n<p>&#8211; D\u00e2y \u0111\u00e8n nhi\u1ec1u m\u00e0u\u00a0d\u00f9ng nhi\u1ec1u cho trang tr\u00ed c\u00e2y th\u00f4ng, \u0111\u00e8n \u0111a m\u00e0u s\u1eafc, d\u1ec5 k\u1ebft h\u1ee3p gam m\u00e0u, v\u00e0 th\u00edch h\u1ee3p trang tr\u00ed cho m\u1ecdi khu v\u1ef1c, th\u01b0\u1eddng ch\u1ecdn\u00a0\u0111\u00e8n ch\u1edbp nh\u00e1y \u0111\u1ee7 m\u00e0u t\u1ed1t nh\u1ea5t l\u00e0 ch\u1ecdn\u00a0ch\u1edbp led, ch\u1edbp led \u0111\u01b0\u1ee3c ho\u1ea1t \u0111\u1ed9ng b\u1eb1ng pin n\u00ean r\u1ea5t d\u1ec5 s\u1eed d\u1ee5ng v\u00e0 an to\u00e0n cho ng\u01b0\u1eddi ti\u00eau d\u00f9ng.<\/p>\n<p>&#8211; \u0110\u00e8n c\u00f3 chi\u1ec1u d\u00e0i 2,7m, d\u00e2y b\u1eb1ng kim lo\u1ea1i d\u1ec5 d\u00e0ng u\u1ed1n d\u1ebbo theo h\u00ecnh d\u00e1ng mong mu\u1ed1n.<\/p>\n<p><img loading=\"lazy\" decoding=\"async\" class=\"alignnone wp-image-22924 aligncenter\" src=\"https:\/\/havamall.vn\/wp-content\/uploads\/2021\/10\/\u0111\u00e8n-2-300x300.jpg\" alt=\"\" width=\"799\" height=\"799\" srcset=\"https:\/\/havamall.vn\/wp-content\/uploads\/2021\/10\/\u0111\u00e8n-2-300x300.jpg 300w, https:\/\/havamall.vn\/wp-content\/uploads\/2021\/10\/\u0111\u00e8n-2-430x430.jpg 430w, https:\/\/havamall.vn\/wp-content\/uploads\/2021\/10\/\u0111\u00e8n-2-150x150.jpg 150w, https:\/\/havamall.vn\/wp-content\/uploads\/2021\/10\/\u0111\u00e8n-2-700x700.jpg 700w, https:\/\/havamall.vn\/wp-content\/uploads\/2021\/10\/\u0111\u00e8n-2-768x768.jpg 768w, https:\/\/havamall.vn\/wp-content\/uploads\/2021\/10\/\u0111\u00e8n-2-1024x1024.jpg 1024w, https:\/\/havamall.vn\/wp-content\/uploads\/2021\/10\/\u0111\u00e8n-2-1200x1200.jpg 1200w, https:\/\/havamall.vn\/wp-content\/uploads\/2021\/10\/\u0111\u00e8n-2-600x600.jpg 600w, https:\/\/havamall.vn\/wp-content\/uploads\/2021\/10\/\u0111\u00e8n-2-100x100.jpg 100w, https:\/\/havamall.vn\/wp-content\/uploads\/2021\/10\/\u0111\u00e8n-2.jpg 1600w\" sizes=\"(max-width: 799px) 100vw, 799px\" \/><\/p>\n<h3><strong>\u1ee8NG D\u1ee4NG<\/strong><\/h3>\n<ul>\n<li>\u0110\u00e8n led nhi\u1ec1u m\u00e0u \u0111\u01b0\u1ee3c d\u00f9ng \u0111\u1ec3 l\u00e0m \u0111\u1eb9p cho kh\u00f4ng gian nh\u00e0 \u1edf, c\u1eeda h\u00e0ng, shop, showroom,&#8230;<\/li>\n<li>Trang tr\u00ed th\u00eam r\u1ef1c r\u1ee1, \u1ea5m c\u00fang h\u01a1n v\u00e0o d\u1ecbp L\u1ec5 T\u1ebft s\u1eafp \u0111\u1ebfn.<\/li>\n<\/ul>\n<p><img loading=\"lazy\" decoding=\"async\" class=\"wp-image-22925 aligncenter\" src=\"https:\/\/havamall.vn\/wp-content\/uploads\/2021\/10\/\u0111\u00e8n-4-300x300.jpg\" alt=\"\" width=\"800\" height=\"800\" srcset=\"https:\/\/havamall.vn\/wp-content\/uploads\/2021\/10\/\u0111\u00e8n-4-300x300.jpg 300w, https:\/\/havamall.vn\/wp-content\/uploads\/2021\/10\/\u0111\u00e8n-4-430x430.jpg 430w, https:\/\/havamall.vn\/wp-content\/uploads\/2021\/10\/\u0111\u00e8n-4-150x150.jpg 150w, https:\/\/havamall.vn\/wp-content\/uploads\/2021\/10\/\u0111\u00e8n-4-700x700.jpg 700w, https:\/\/havamall.vn\/wp-content\/uploads\/2021\/10\/\u0111\u00e8n-4-768x768.jpg 768w, https:\/\/havamall.vn\/wp-content\/uploads\/2021\/10\/\u0111\u00e8n-4-600x600.jpg 600w, https:\/\/havamall.vn\/wp-content\/uploads\/2021\/10\/\u0111\u00e8n-4-100x100.jpg 100w, https:\/\/havamall.vn\/wp-content\/uploads\/2021\/10\/\u0111\u00e8n-4.jpg 1024w\" sizes=\"(max-width: 800px) 100vw, 800px\" \/><\/p>","protected":false},"excerpt":{"rendered":"<p>\u00a0TH\u00d4NG TIN S\u1ea2N PH\u1ea8M Th\u01b0\u01a1ng hi\u1ec7u Uncle Bills Xu\u1ea5t x\u1ee9 Trung Qu\u1ed1c Nguy\u00ean li\u1ec7u \u0110\u1ed3ng, nh\u1ef1a pp C\u00f4ng d\u1ee5ng D\u1ee5ng<\/p>","protected":false},"featured_media":22928,"comment_status":"open","ping_status":"closed","template":"","meta":[],"product_brand":[],"product_cat":[428,394,35],"product_tag":[],"class_list":{"0":"post-22912","1":"product","2":"type-product","3":"status-publish","4":"has-post-thumbnail","6":"product_cat-halloween","7":"product_cat-trang-tri-nha-cua","8":"product_cat-nha-cua-doi-song","9":"pa_brand-uncle-bills","11":"first","12":"instock","13":"sale","14":"shipping-taxable","15":"purchasable","16":"product-type-simple"},"_links":{"self":[{"href":"https:\/\/havamall.vn\/en\/wp-json\/wp\/v2\/product\/22912"}],"collection":[{"href":"https:\/\/havamall.vn\/en\/wp-json\/wp\/v2\/product"}],"about":[{"href":"https:\/\/havamall.vn\/en\/wp-json\/wp\/v2\/types\/product"}],"replies":[{"embeddable":true,"href":"https:\/\/havamall.vn\/en\/wp-json\/wp\/v2\/comments?post=22912"}],"version-history":[{"count":0,"href":"https:\/\/havamall.vn\/en\/wp-json\/wp\/v2\/product\/22912\/revisions"}],"wp:featuredmedia":[{"embeddable":true,"href":"https:\/\/havamall.vn\/en\/wp-json\/wp\/v2\/media\/22928"}],"wp:attachment":[{"href":"https:\/\/havamall.vn\/en\/wp-json\/wp\/v2\/media?parent=22912"}],"wp:term":[{"taxonomy":"product_brand","embeddable":true,"href":"https:\/\/havamall.vn\/en\/wp-json\/wp\/v2\/product_brand?post=22912"},{"taxonomy":"product_cat","embeddable":true,"href":"https:\/\/havamall.vn\/en\/wp-json\/wp\/v2\/product_cat?post=22912"},{"taxonomy":"product_tag","embeddable":true,"href":"https:\/\/havamall.vn\/en\/wp-json\/wp\/v2\/product_tag?post=22912"}],"curies":[{"name":"wp","href":"https:\/\/api.w.org\/{rel}","templated":true}]}}