{"id":22899,"date":"2021-10-25T10:34:10","date_gmt":"2021-10-25T03:34:10","guid":{"rendered":"https:\/\/havamall.vn\/?post_type=product&#038;p=22899"},"modified":"2024-05-12T14:46:11","modified_gmt":"2024-05-12T07:46:11","slug":"hinh-xam-dan-hinh-vet-thuong-2-tam-uncle-bills-wound-tattoos","status":"publish","type":"product","link":"https:\/\/havamall.vn\/en\/shop\/hinh-xam-dan-hinh-vet-thuong-2-tam-uncle-bills-wound-tattoos\/","title":{"rendered":"H\u00ecnh X\u0103m D\u00e1n H\u00ecnh V\u1ebft Th\u01b0\u01a1ng 2 T\u1ea5m Uncle Bills &#8211; Wound Tattoos"},"content":{"rendered":"<h3 class=\"o9v6fnle cxmmr5t8 oygrvhab hcukyx3x c1et5uql ii04i59q\"><strong>\u00a0TH\u00d4NG TIN S\u1ea2N PH\u1ea8M<\/strong><\/h3>\n<div class=\"o9v6fnle cxmmr5t8 oygrvhab hcukyx3x c1et5uql ii04i59q\">\n<table>\n<tbody>\n<tr>\n<td>Th\u01b0\u01a1ng hi\u1ec7u<\/td>\n<td>Uncle Bills<\/td>\n<\/tr>\n<tr>\n<td>Xu\u1ea5t x\u1ee9<\/td>\n<td>Trung Qu\u1ed1c<\/td>\n<\/tr>\n<tr>\n<td>Th\u00e0nh ph\u1ea7n<\/td>\n<td>Ink, glue<\/td>\n<\/tr>\n<tr>\n<td>C\u00f4ng d\u1ee5ng<\/td>\n<td>D\u00f9ng \u0111\u1ec3 h\u00f3a trang cho nh\u1eefng l\u1ec5 h\u1ed9i Halloween<\/td>\n<\/tr>\n<tr>\n<td>B\u1ea3o qu\u1ea3n<\/td>\n<td>\u0110\u1ec3 n\u01a1i kh\u00f4 r\u00e1o, tho\u00e1ng m\u00e1t.<\/td>\n<\/tr>\n<tr>\n<td>\u0110\u1ecbnh l\u01b0\u1ee3ng<\/td>\n<td>2 c\u00e1i<\/td>\n<\/tr>\n<\/tbody>\n<\/table>\n<\/div>\n<p>Uncle Bills (UBL) \u2013 V\u1edbi h\u01a1n 4000 s\u1ea3n ph\u1ea9m gia d\u1ee5ng ti\u1ec7n \u00edch cho t\u1ed5 \u1ea5m hi\u1ec7n \u0111\u1ea1i. S\u1ea3n ph\u1ea9m c\u1ee7a UBL do Uncle Bills HongKong v\u00e0 Uncle Bills Australia ph\u00e1t tri\u1ec3n, gi\u00e1m s\u00e1t v\u00e0 ki\u1ec3m tra ch\u1ea5t l\u01b0\u1ee3ng. S\u1ea3n ph\u1ea9m \u0111\u00e3 \u0111\u01b0\u1ee3c b\u00e1n t\u1ea1i h\u01a1n 10,000 c\u1eeda h\u00e0ng tr\u00ean h\u01a1n 50 qu\u1ed1c gia, bao g\u1ed3m Ch\u00e2u \u00c2u, Ch\u00e2u \u00dac, Ch\u00e2u \u00c1 v\u00e0 Ch\u00e2u Phi.<\/p>\n<p>S\u1ea3n ph\u1ea9m UBL: G\u1ed3m nhi\u1ec1u nh\u00f3m t\u1eeb \u0111\u1ed3 nh\u00e0 b\u1ebfp, v\u1ec7 sinh nh\u00e0 c\u1eeda, ch\u0103m s\u00f3c c\u00e1 nh\u00e2n, DIY, ngo\u00e0i tr\u1eddi, v\u0103n ph\u00f2ng ph\u1ea9m \u0111\u1ebfn \u0111\u1ed3 d\u00f9ng cho tr\u1ebb em. T\u1ea5t c\u1ea3 \u0111\u1ec1u h\u1eefu \u00edch, gi\u00e1 tr\u1ecb n\u1ed5i b\u1eadt x\u1ee9ng v\u1edbi gi\u00e1 ti\u1ec1n.<\/p>\n<p>Ngo\u00e0i ra Uncle Bills c\u00f2n li\u00ean t\u1ee5c c\u1eadp nh\u1eadt h\u01a1n 50 s\u1ea3n ph\u1ea9m m\u1edbi m\u1ed7i th\u00e1ng v\u00e0 c\u00f3 ri\u00eang danh m\u1ee5c h\u00e0ng ph\u1ee5c v\u1ee5 ri\u00eang cho c\u00e1c m\u00f9a l\u1ec5, theo ch\u1ee7 \u0111\u1ec1 nh\u01b0: Gi\u00e1ng Sinh, Halloween, n\u1ed9i th\u1ea5t,\u2026V\u00e0 nay nh\u1eefng s\u1ea3n ph\u1ea9m \u0111\u00e3 c\u00f3 m\u1eb7t t\u1ea1i nh\u00e0 Havamall.<\/p>\n<p><img fetchpriority=\"high\" decoding=\"async\" class=\"wp-image-22870 aligncenter\" src=\"https:\/\/havamall.vn\/wp-content\/uploads\/2021\/10\/d60a2eece6effc3d665fd5bd0d955c9d-300x300.jpg\" alt=\"\" width=\"900\" height=\"900\" srcset=\"https:\/\/havamall.vn\/wp-content\/uploads\/2021\/10\/d60a2eece6effc3d665fd5bd0d955c9d-300x300.jpg 300w, https:\/\/havamall.vn\/wp-content\/uploads\/2021\/10\/d60a2eece6effc3d665fd5bd0d955c9d-430x430.jpg 430w, https:\/\/havamall.vn\/wp-content\/uploads\/2021\/10\/d60a2eece6effc3d665fd5bd0d955c9d-150x150.jpg 150w, https:\/\/havamall.vn\/wp-content\/uploads\/2021\/10\/d60a2eece6effc3d665fd5bd0d955c9d-700x700.jpg 700w, https:\/\/havamall.vn\/wp-content\/uploads\/2021\/10\/d60a2eece6effc3d665fd5bd0d955c9d-768x768.jpg 768w, https:\/\/havamall.vn\/wp-content\/uploads\/2021\/10\/d60a2eece6effc3d665fd5bd0d955c9d-600x600.jpg 600w, https:\/\/havamall.vn\/wp-content\/uploads\/2021\/10\/d60a2eece6effc3d665fd5bd0d955c9d-100x100.jpg 100w, https:\/\/havamall.vn\/wp-content\/uploads\/2021\/10\/d60a2eece6effc3d665fd5bd0d955c9d.jpg 1000w\" sizes=\"(max-width: 900px) 100vw, 900px\" \/><\/p>\n<p>B\u00ean c\u1ea1nh nh\u1eefng m\u00f3n \u0111\u1ed3 trang tr\u00ed \u0111\u1ed9c \u0111\u00e1o, l\u1ec5 h\u1ed9i Halloween s\u1ebd kh\u00f4ng th\u1ec3 tr\u1ecdn v\u1eb9n n\u1ebfu thi\u1ebfu \u0111i trang ph\u1ee5c v\u00e0 ph\u1ee5 ki\u1ec7n h\u00f3a trang Halloween M\u00f9a Halloween n\u00e0y, b\u1ea1n c\u00f3 th\u1ec3 t\u00ecm th\u1ea5y \u0111\u1ee7 lo\u1ea1i trang ph\u1ee5c, ph\u1ee5 ki\u1ec7n Halloween v\u1edbi nhi\u1ec1u phong c\u00e1ch kh\u00e1c nhau \u1edf Uncle Bills.<\/p>\n<p><img decoding=\"async\" class=\"alignnone wp-image-22878 aligncenter\" src=\"https:\/\/havamall.vn\/wp-content\/uploads\/2021\/10\/11111-300x300.png\" alt=\"\" width=\"900\" height=\"900\" srcset=\"https:\/\/havamall.vn\/wp-content\/uploads\/2021\/10\/11111-300x300.png 300w, https:\/\/havamall.vn\/wp-content\/uploads\/2021\/10\/11111-430x430.png 430w, https:\/\/havamall.vn\/wp-content\/uploads\/2021\/10\/11111-150x150.png 150w, https:\/\/havamall.vn\/wp-content\/uploads\/2021\/10\/11111-700x700.png 700w, https:\/\/havamall.vn\/wp-content\/uploads\/2021\/10\/11111-768x768.png 768w, https:\/\/havamall.vn\/wp-content\/uploads\/2021\/10\/11111-600x600.png 600w, https:\/\/havamall.vn\/wp-content\/uploads\/2021\/10\/11111-100x100.png 100w, https:\/\/havamall.vn\/wp-content\/uploads\/2021\/10\/11111.png 1000w\" sizes=\"(max-width: 900px) 100vw, 900px\" \/><\/p>\n<p>&nbsp;<\/p>\n<p>H\u00ecnh x\u0103m d\u00e1n Halloween c\u00f3 nhi\u1ec1u h\u00ecnh d\u1ea1ng, nh\u1eefng h\u00ecnh x\u0103m t\u1ea1m th\u1eddi n\u00e0y c\u00f3 th\u1ec3 \u0111\u00e1p \u1ee9ng t\u1ed1t y\u00eau c\u1ea7u c\u1ee7a b\u1ea1n v\u00e0 c\u00f3 th\u1ec3 g\u1eafn v\u00e0o c\u00e1nh tay, vai v\u00e0 b\u1ea5t k\u1ef3 b\u1ed9 ph\u1eadn n\u00e0o kh\u00e1c tr\u00ean c\u01a1 th\u1ec3 b\u1ea1n. V\u1ebft s\u1eb9o d\u1ecdc theo v\u1ebft th\u01b0\u01a1ng tr\u00f4ng r\u1ea5t c\u1ea9n th\u1eadn v\u00e0 t\u1ef1 nhi\u00ean, C\u00f9ng v\u1edbi c\u00e1c k\u1ef9 thu\u1eadt tuy\u1ec7t v\u1eddi \u0111\u1ec3 \u0111\u1ea1t \u0111\u01b0\u1ee3c s\u1ef1 tuy\u1ec7t v\u1eddi. D\u1ec5 d\u00e0ng s\u1eed d\u1ee5ng theo h\u01b0\u1edbng d\u1eabn \u0111\u1ec3 \u0111\u1ea3m b\u1ea3o l\u00e0n da c\u1ee7a b\u1ea1n th\u1ef1c s\u1ef1 s\u1ea1ch s\u1ebd, gi\u00fap ti\u1ebft ki\u1ec7m r\u1ea5t nhi\u1ec1u th\u1eddi gian khi trang \u0111i\u1ec3m Halloween.<\/p>\n<p><img decoding=\"async\" class=\"wp-image-22909 aligncenter\" src=\"https:\/\/havamall.vn\/wp-content\/uploads\/2021\/10\/613WXqk7L._SL1000_-300x300.jpg\" alt=\"\" width=\"901\" height=\"901\" srcset=\"https:\/\/havamall.vn\/wp-content\/uploads\/2021\/10\/613WXqk7L._SL1000_-300x300.jpg 300w, https:\/\/havamall.vn\/wp-content\/uploads\/2021\/10\/613WXqk7L._SL1000_-430x430.jpg 430w, https:\/\/havamall.vn\/wp-content\/uploads\/2021\/10\/613WXqk7L._SL1000_-150x150.jpg 150w, https:\/\/havamall.vn\/wp-content\/uploads\/2021\/10\/613WXqk7L._SL1000_-700x700.jpg 700w, https:\/\/havamall.vn\/wp-content\/uploads\/2021\/10\/613WXqk7L._SL1000_-768x768.jpg 768w, https:\/\/havamall.vn\/wp-content\/uploads\/2021\/10\/613WXqk7L._SL1000_-600x600.jpg 600w, https:\/\/havamall.vn\/wp-content\/uploads\/2021\/10\/613WXqk7L._SL1000_-100x100.jpg 100w, https:\/\/havamall.vn\/wp-content\/uploads\/2021\/10\/613WXqk7L._SL1000_.jpg 1000w\" sizes=\"(max-width: 901px) 100vw, 901px\" \/><\/p>\n<h3><strong>\u0110\u1eb6C \u0110I\u1ec2M S\u1ea2N PH\u1ea8M<\/strong><\/h3>\n<p>&#8211; Hi\u1ec7u qu\u1ea3 l\u00e2u d\u00e0i: Nh\u1eefng h\u00ecnh x\u0103m tuy\u1ec7t v\u1eddi n\u00e0y c\u00f3 th\u1ec3 k\u00e9o d\u00e0i c\u1ea3 b\u1eefa ti\u1ec7c.<\/p>\n<p>&#8211; An to\u00e0n: Nh\u1eefng h\u00ecnh x\u0103m s\u1eb9o \u0111\u00e1ng s\u1ee3 n\u00e0y kh\u00f4ng \u0111\u1ed9c h\u1ea1i v\u00e0 th\u00fa v\u1ecb cho m\u1ecdi ng\u01b0\u1eddi \u1edf m\u1ecdi l\u1ee9a tu\u1ed5i, k\u1ec3 c\u1ea3 tr\u1ebb em v\u00e0 ng\u01b0\u1eddi l\u1edbn. H\u00ecnh x\u0103m t\u1ea1m th\u1eddi ho\u00e0n h\u1ea3o v\u00e0 ph\u1ee5 ki\u1ec7n trang \u0111i\u1ec3m c\u01a1 th\u1ec3 r\u1ea5t ph\u00f9 h\u1ee3p v\u1edbi trang ph\u1ee5c ti\u1ec7c Halloween c\u1ee7a b\u1ea1n.<\/p>\n<p>&#8211; D\u1ec5 d\u00e0ng s\u1eed d\u1ee5ng: D\u1ec5 d\u00e0ng s\u1eed d\u1ee5ng theo h\u01b0\u1edbng d\u1eabn \u0111\u1ec3 \u0111\u1ea3m b\u1ea3o l\u00e0n da c\u1ee7a b\u1ea1n th\u1ef1c s\u1ef1 s\u1ea1ch s\u1ebd, c\u00f3 th\u1ec3 ti\u1ebft ki\u1ec7m r\u1ea5t nhi\u1ec1u th\u1eddi gian khi trang \u0111i\u1ec3m Halloween.<\/p>\n<p><img loading=\"lazy\" decoding=\"async\" class=\"alignnone wp-image-22910 aligncenter\" src=\"https:\/\/havamall.vn\/wp-content\/uploads\/2021\/10\/t\u1ea3i-xu\u1ed1ng-300x300.jpg\" alt=\"\" width=\"900\" height=\"900\" srcset=\"https:\/\/havamall.vn\/wp-content\/uploads\/2021\/10\/t\u1ea3i-xu\u1ed1ng-300x300.jpg 300w, https:\/\/havamall.vn\/wp-content\/uploads\/2021\/10\/t\u1ea3i-xu\u1ed1ng-430x430.jpg 430w, https:\/\/havamall.vn\/wp-content\/uploads\/2021\/10\/t\u1ea3i-xu\u1ed1ng-150x150.jpg 150w, https:\/\/havamall.vn\/wp-content\/uploads\/2021\/10\/t\u1ea3i-xu\u1ed1ng-700x700.jpg 700w, https:\/\/havamall.vn\/wp-content\/uploads\/2021\/10\/t\u1ea3i-xu\u1ed1ng-768x768.jpg 768w, https:\/\/havamall.vn\/wp-content\/uploads\/2021\/10\/t\u1ea3i-xu\u1ed1ng-1024x1024.jpg 1024w, https:\/\/havamall.vn\/wp-content\/uploads\/2021\/10\/t\u1ea3i-xu\u1ed1ng.jpg 1200w, https:\/\/havamall.vn\/wp-content\/uploads\/2021\/10\/t\u1ea3i-xu\u1ed1ng-600x600.jpg 600w, https:\/\/havamall.vn\/wp-content\/uploads\/2021\/10\/t\u1ea3i-xu\u1ed1ng-100x100.jpg 100w\" sizes=\"(max-width: 900px) 100vw, 900px\" \/><\/p>\n<h3><strong>H\u01af\u1edaNG D\u1eaaN S\u1eec D\u1ee4NG<\/strong><\/h3>\n<p>1. C\u1eaft b\u1ecf c\u00e1c m\u1eabu c\u1ea7n \u0111\u0103ng.<\/p>\n<p>2. X\u00e9 l\u1edbp m\u00e0ng trong su\u1ed1t tr\u00ean b\u1ec1 m\u1eb7t.<\/p>\n<p>3. D\u00e1n mi\u1ebfng d\u00e1n (m\u1eb7t c\u00f3 hoa v\u0103n) l\u00ean da.<\/p>\n<p>4. Ch\u1ea1m v\u00e0o mi\u1ebfng d\u00e1n b\u1eb1ng m\u1ed9t mi\u1ebfng v\u1ea3i \u1ea9m ho\u1eb7c mi\u1ebfng b\u1ecdt bi\u1ec3n cho \u0111\u1ebfn khi n\u00f3 \u01b0\u1edbt ho\u00e0n to\u00e0n.<\/p>\n<p>5. Sau khi d\u00e1n ch\u00ednh x\u00e1c, \u0111\u1ee3i 35-50 gi\u00e2y \u0111\u1ec3 kh\u00f4ng kh\u00ed kh\u00f4 v\u00e0 th\u00e1o l\u1edbp m\u00e0ng trong su\u1ed1t ra.<\/p>","protected":false},"excerpt":{"rendered":"<p>\u00a0TH\u00d4NG TIN S\u1ea2N PH\u1ea8M Th\u01b0\u01a1ng hi\u1ec7u Uncle Bills Xu\u1ea5t x\u1ee9 Trung Qu\u1ed1c Th\u00e0nh ph\u1ea7n Ink, glue C\u00f4ng d\u1ee5ng D\u00f9ng \u0111\u1ec3<\/p>","protected":false},"featured_media":22911,"comment_status":"open","ping_status":"closed","template":"","meta":[],"product_brand":[],"product_cat":[428],"product_tag":[],"class_list":{"0":"post-22899","1":"product","2":"type-product","3":"status-publish","4":"has-post-thumbnail","6":"product_cat-halloween","7":"pa_brand-uncle-bills","9":"first","10":"instock","11":"sale","12":"shipping-taxable","13":"purchasable","14":"product-type-simple"},"_links":{"self":[{"href":"https:\/\/havamall.vn\/en\/wp-json\/wp\/v2\/product\/22899"}],"collection":[{"href":"https:\/\/havamall.vn\/en\/wp-json\/wp\/v2\/product"}],"about":[{"href":"https:\/\/havamall.vn\/en\/wp-json\/wp\/v2\/types\/product"}],"replies":[{"embeddable":true,"href":"https:\/\/havamall.vn\/en\/wp-json\/wp\/v2\/comments?post=22899"}],"version-history":[{"count":0,"href":"https:\/\/havamall.vn\/en\/wp-json\/wp\/v2\/product\/22899\/revisions"}],"wp:featuredmedia":[{"embeddable":true,"href":"https:\/\/havamall.vn\/en\/wp-json\/wp\/v2\/media\/22911"}],"wp:attachment":[{"href":"https:\/\/havamall.vn\/en\/wp-json\/wp\/v2\/media?parent=22899"}],"wp:term":[{"taxonomy":"product_brand","embeddable":true,"href":"https:\/\/havamall.vn\/en\/wp-json\/wp\/v2\/product_brand?post=22899"},{"taxonomy":"product_cat","embeddable":true,"href":"https:\/\/havamall.vn\/en\/wp-json\/wp\/v2\/product_cat?post=22899"},{"taxonomy":"product_tag","embeddable":true,"href":"https:\/\/havamall.vn\/en\/wp-json\/wp\/v2\/product_tag?post=22899"}],"curies":[{"name":"wp","href":"https:\/\/api.w.org\/{rel}","templated":true}]}}