{"id":22833,"date":"2021-10-23T09:55:53","date_gmt":"2021-10-23T02:55:53","guid":{"rendered":"https:\/\/havamall.vn\/?post_type=product&#038;p=22833"},"modified":"2021-10-23T10:47:33","modified_gmt":"2021-10-23T03:47:33","slug":"cai-toc-ren-hoat-hinh-3-loai-giao-ngau-nhien-uncle-bills-headband","status":"publish","type":"product","link":"https:\/\/havamall.vn\/en\/shop\/cai-toc-ren-hoat-hinh-3-loai-giao-ngau-nhien-uncle-bills-headband\/","title":{"rendered":"C\u00e0i T\u00f3c Ren Ho\u1ea1t H\u00ecnh 3 Lo\u1ea1i Giao Ng\u1eabu Nhi\u00ean &#8211; Uncle Bills Headband"},"content":{"rendered":"<h3 class=\"o9v6fnle cxmmr5t8 oygrvhab hcukyx3x c1et5uql ii04i59q\"><strong>\u00a0TH\u00d4NG TIN S\u1ea2N PH\u1ea8M<\/strong><\/h3>\n<div class=\"o9v6fnle cxmmr5t8 oygrvhab hcukyx3x c1et5uql ii04i59q\">\n<table>\n<tbody>\n<tr>\n<td>Th\u01b0\u01a1ng hi\u1ec7u<\/td>\n<td>Uncle Bills<\/td>\n<\/tr>\n<tr>\n<td>Xu\u1ea5t x\u1ee9<\/td>\n<td>Trung Qu\u1ed1c<\/td>\n<\/tr>\n<tr>\n<td>Th\u00e0nh ph\u1ea7n<\/td>\n<td>Polyeter<\/td>\n<\/tr>\n<tr>\n<td>C\u00f4ng d\u1ee5ng<\/td>\n<td>Ph\u1ee5 ki\u1ec7n h\u00f3a trang<\/td>\n<\/tr>\n<tr>\n<td>B\u1ea3o qu\u1ea3n<\/td>\n<td>\u0110\u1ec3 n\u01a1i kh\u00f4 r\u00e1o, tho\u00e1ng m\u00e1t, tr\u00e1nh \u00e1nh n\u1eafng tr\u1ef1c ti\u1ebfp<\/td>\n<\/tr>\n<tr>\n<td>\u0110\u1ecbnh l\u01b0\u1ee3ng<\/td>\n<td>1 c\u00e1i<\/td>\n<\/tr>\n<\/tbody>\n<\/table>\n<\/div>\n<p>Uncle Bills (UBL) cung c\u1ea5p h\u01a1n 1800 s\u1ea3n ph\u1ea9m ti\u00eau d\u00f9ng ti\u1ec7n \u00edch, t\u1ea5t c\u1ea3 \u0111\u1ec1u h\u1ea5p d\u1eabn, ti\u1ec7n l\u1ee3i v\u00e0 gi\u00e1 tr\u1ecb n\u1ed5i b\u1eadt x\u1ee9ng v\u1edbi s\u1ed1 ti\u1ec1n b\u1ecf ra. S\u1ea3n ph\u1ea9m bao g\u1ed3m nhi\u1ec1u lo\u1ea1i, t\u1eeb \u0111\u1ed3 d\u00f9ng nh\u00e0 b\u1ebfp, ch\u0103m s\u00f3c c\u00e1 nh\u00e2n, v\u1ec7 sinh v\u00e0 l\u01b0u tr\u1eef, d\u1ee5ng c\u1ee5 DIY (t\u1ef1 l\u00e0m), ngo\u00e0i tr\u1eddi, v\u0103n ph\u00f2ng ph\u1ea9m v\u00e0 \u0111\u1ed3 d\u00f9ng cho tr\u1ebb em.<\/p>\n<p>S\u1ea3n ph\u1ea9m c\u1ee7a UBL do Uncle Bills Australia ph\u00e1t tri\u1ec3n, gi\u00e1m s\u00e1t v\u00e0 ki\u1ec3m tra ch\u1ea5t l\u01b0\u1ee3ng. S\u1ea3n ph\u1ea9m \u0111\u00e3 \u0111\u01b0\u1ee3c b\u00e1n t\u1ea1i h\u01a1n 10,000 c\u1eeda h\u00e0ng tr\u00ean h\u01a1n 50 qu\u1ed1c gia, bao g\u1ed3m Ch\u00e2u \u00c2u, Ch\u00e2u \u00dac, Ch\u00e2u \u00c1 v\u00e0 Ch\u00e2u Phi.<\/p>\n<p><img fetchpriority=\"high\" decoding=\"async\" class=\"wp-image-22834 aligncenter\" src=\"https:\/\/havamall.vn\/wp-content\/uploads\/2021\/10\/halloween_-300x103.png\" alt=\"\" width=\"804\" height=\"276\" srcset=\"https:\/\/havamall.vn\/wp-content\/uploads\/2021\/10\/halloween_-300x103.png 300w, https:\/\/havamall.vn\/wp-content\/uploads\/2021\/10\/halloween_-430x148.png 430w, https:\/\/havamall.vn\/wp-content\/uploads\/2021\/10\/halloween_-150x52.png 150w, https:\/\/havamall.vn\/wp-content\/uploads\/2021\/10\/halloween_-700x241.png 700w, https:\/\/havamall.vn\/wp-content\/uploads\/2021\/10\/halloween_-768x264.png 768w, https:\/\/havamall.vn\/wp-content\/uploads\/2021\/10\/halloween_-1024x352.png 1024w, https:\/\/havamall.vn\/wp-content\/uploads\/2021\/10\/halloween_.png 1200w, https:\/\/havamall.vn\/wp-content\/uploads\/2021\/10\/halloween_-600x207.png 600w\" sizes=\"(max-width: 804px) 100vw, 804px\" \/><\/p>\n<p>B\u00ean c\u1ea1nh nh\u1eefng m\u00f3n \u0111\u1ed3 trang tr\u00ed \u0111\u1ed9c \u0111\u00e1o, l\u1ec5 h\u1ed9i Halloween s\u1ebd kh\u00f4ng th\u1ec3 tr\u1ecdn v\u1eb9n n\u1ebfu thi\u1ebfu \u0111i trang ph\u1ee5c v\u00e0 ph\u1ee5 ki\u1ec7n h\u00f3a trang Halloween M\u00f9a Halloween n\u00e0y, b\u1ea1n c\u00f3 th\u1ec3 t\u00ecm th\u1ea5y \u0111\u1ee7 lo\u1ea1i trang ph\u1ee5c, ph\u1ee5 ki\u1ec7n Halloween v\u1edbi nhi\u1ec1u phong c\u00e1ch kh\u00e1c nhau \u1edf Uncle Bills.<\/p>\n<p><img decoding=\"async\" class=\"wp-image-22836 aligncenter\" src=\"https:\/\/havamall.vn\/wp-content\/uploads\/2021\/10\/cecceddcb8185a00f0c5e1b4b6ad6f34-300x300.png\" alt=\"\" width=\"808\" height=\"808\" srcset=\"https:\/\/havamall.vn\/wp-content\/uploads\/2021\/10\/cecceddcb8185a00f0c5e1b4b6ad6f34-300x300.png 300w, https:\/\/havamall.vn\/wp-content\/uploads\/2021\/10\/cecceddcb8185a00f0c5e1b4b6ad6f34-430x430.png 430w, https:\/\/havamall.vn\/wp-content\/uploads\/2021\/10\/cecceddcb8185a00f0c5e1b4b6ad6f34-150x150.png 150w, https:\/\/havamall.vn\/wp-content\/uploads\/2021\/10\/cecceddcb8185a00f0c5e1b4b6ad6f34-700x700.png 700w, https:\/\/havamall.vn\/wp-content\/uploads\/2021\/10\/cecceddcb8185a00f0c5e1b4b6ad6f34-768x768.png 768w, https:\/\/havamall.vn\/wp-content\/uploads\/2021\/10\/cecceddcb8185a00f0c5e1b4b6ad6f34-600x600.png 600w, https:\/\/havamall.vn\/wp-content\/uploads\/2021\/10\/cecceddcb8185a00f0c5e1b4b6ad6f34-100x100.png 100w, https:\/\/havamall.vn\/wp-content\/uploads\/2021\/10\/cecceddcb8185a00f0c5e1b4b6ad6f34.png 1000w\" sizes=\"(max-width: 808px) 100vw, 808px\" \/><\/p>\n<p id=\"tw-target-text\" class=\"tw-data-text tw-text-large XcVN5d tw-ta\" dir=\"ltr\">C\u00e0i t\u00f3c ren ho\u1ea1t h\u00ecnh Uncle Bills s\u1ebd gi\u00fap b\u1ea1n tha h\u1ed3 s\u00e1ng t\u1ea1o v\u00e0 trang tr\u00ed cho b\u1eefa ti\u1ec7c Halloween c\u1ee7a m\u00ecnh th\u00eam ph\u1ea7n r\u00f9ng r\u1ee3n, ma qu\u00e1i. C\u00e0i t\u00f3c ren ho\u1ea1t h\u00ecnh s\u1ebd l\u00e0 m\u1ed9t b\u1ed5 sung tuy\u1ec7t v\u1eddi cho b\u1ed9 trang ph\u1ee5c d\u1ef1 ti\u1ec7c, h\u00f3a trang, di\u1ec5n k\u1ecbch&#8230; D\u1ec5 d\u00e0ng k\u1ebft h\u1ee3p v\u1edbi b\u1ea5t c\u1ee9 trang ph\u1ee5c n\u00e0o &#8230; T\u1ea1o \u0111i\u1ec3m nh\u1ea5n cho b\u1ed9 trang ph\u1ee5c c\u1ee7a b\u1ea1n, gi\u00fap b\u1ea1n n\u1ed5i b\u1eadt trong c\u00e1c bu\u1ed5i ti\u1ec7c t\u00f9ng h\u00f3a trang. L\u00e0 l\u1ef1a ch\u1ecdn th\u00fa v\u1ecb cho m\u00f3n qu\u00e0 \u0111\u1ed9c \u0111\u00e1o m\u00e0 b\u1ea1n d\u00e0nh t\u1eb7ng cho b\u1ea1n b\u00e8 v\u00e0 ng\u01b0\u1eddi th\u00e2n.<\/p>\n<p dir=\"ltr\"><img decoding=\"async\" class=\"wp-image-22837 aligncenter\" src=\"https:\/\/havamall.vn\/wp-content\/uploads\/2021\/10\/c\u00e0i-2-300x143.png\" alt=\"\" width=\"719\" height=\"342\" srcset=\"https:\/\/havamall.vn\/wp-content\/uploads\/2021\/10\/c\u00e0i-2-300x143.png 300w, https:\/\/havamall.vn\/wp-content\/uploads\/2021\/10\/c\u00e0i-2-430x205.png 430w, https:\/\/havamall.vn\/wp-content\/uploads\/2021\/10\/c\u00e0i-2-150x72.png 150w, https:\/\/havamall.vn\/wp-content\/uploads\/2021\/10\/c\u00e0i-2-700x334.png 700w, https:\/\/havamall.vn\/wp-content\/uploads\/2021\/10\/c\u00e0i-2.png 800w\" sizes=\"(max-width: 719px) 100vw, 719px\" \/><\/p>\n<h3><strong>\u0110\u1eb7c \u0111i\u1ec3m n\u1ed5i b\u1eadt c\u1ee7a s\u1ea3n ph\u1ea9m:<\/strong><\/h3>\n<p>&gt; C\u00e0i t\u00f3c ren ho\u1ea1t h\u00ecnh Uncle Bills\u00a0s\u1ebd l\u00e0 m\u1ed9t b\u1ed5 sung tuy\u1ec7t v\u1eddi cho b\u1ed9 trang ph\u1ee5c d\u1ef1 ti\u1ec7c, h\u00f3a trang, di\u1ec5n k\u1ecbch&#8230;<\/p>\n<p>&gt; D\u1ec5 d\u00e0ng k\u1ebft h\u1ee3p v\u1edbi b\u1ea5t c\u1ee9 trang ph\u1ee5c n\u00e0o &#8230; T\u1ea1o \u0111i\u1ec3m nh\u1ea5n cho b\u1ed9 trang ph\u1ee5c c\u1ee7a b\u1ea1n, gi\u00fap b\u1ea1n n\u1ed5i b\u1eadt trong c\u00e1c bu\u1ed5i ti\u1ec7c t\u00f9ng h\u00f3a trang.<\/p>\n<p>&gt; L\u00e0 l\u1ef1a ch\u1ecdn th\u00fa v\u1ecb cho m\u00f3n qu\u00e0 \u0111\u1ed9c \u0111\u00e1o m\u00e0 b\u1ea1n d\u00e0nh t\u1eb7ng cho b\u1ea1n b\u00e8 v\u00e0 ng\u01b0\u1eddi th\u00e2n.<\/p>\n<p>&gt; K\u00edch th\u01b0\u1edbc: 26 x 2 x 25 cm.<\/p>\n<p><img loading=\"lazy\" decoding=\"async\" class=\"wp-image-22838 aligncenter\" src=\"https:\/\/havamall.vn\/wp-content\/uploads\/2021\/10\/dfefb433142-300x300.png\" alt=\"\" width=\"805\" height=\"805\" srcset=\"https:\/\/havamall.vn\/wp-content\/uploads\/2021\/10\/dfefb433142-300x300.png 300w, https:\/\/havamall.vn\/wp-content\/uploads\/2021\/10\/dfefb433142-430x430.png 430w, https:\/\/havamall.vn\/wp-content\/uploads\/2021\/10\/dfefb433142-150x150.png 150w, https:\/\/havamall.vn\/wp-content\/uploads\/2021\/10\/dfefb433142-700x700.png 700w, https:\/\/havamall.vn\/wp-content\/uploads\/2021\/10\/dfefb433142-768x768.png 768w, https:\/\/havamall.vn\/wp-content\/uploads\/2021\/10\/dfefb433142-600x600.png 600w, https:\/\/havamall.vn\/wp-content\/uploads\/2021\/10\/dfefb433142-100x100.png 100w, https:\/\/havamall.vn\/wp-content\/uploads\/2021\/10\/dfefb433142.png 1000w\" sizes=\"(max-width: 805px) 100vw, 805px\" \/><\/p>","protected":false},"excerpt":{"rendered":"<p>\u00a0TH\u00d4NG TIN S\u1ea2N PH\u1ea8M Th\u01b0\u01a1ng hi\u1ec7u Uncle Bills Xu\u1ea5t x\u1ee9 Trung Qu\u1ed1c Th\u00e0nh ph\u1ea7n Polyeter C\u00f4ng d\u1ee5ng Ph\u1ee5 ki\u1ec7n h\u00f3a<\/p>","protected":false},"featured_media":22839,"comment_status":"open","ping_status":"closed","template":"","meta":[],"product_brand":[],"product_cat":[428,394,35],"product_tag":[],"class_list":{"0":"post-22833","1":"product","2":"type-product","3":"status-publish","4":"has-post-thumbnail","6":"product_cat-halloween","7":"product_cat-trang-tri-nha-cua","8":"product_cat-nha-cua-doi-song","9":"pa_brand-uncle-bills","11":"first","12":"instock","13":"sale","14":"shipping-taxable","15":"purchasable","16":"product-type-simple"},"_links":{"self":[{"href":"https:\/\/havamall.vn\/en\/wp-json\/wp\/v2\/product\/22833"}],"collection":[{"href":"https:\/\/havamall.vn\/en\/wp-json\/wp\/v2\/product"}],"about":[{"href":"https:\/\/havamall.vn\/en\/wp-json\/wp\/v2\/types\/product"}],"replies":[{"embeddable":true,"href":"https:\/\/havamall.vn\/en\/wp-json\/wp\/v2\/comments?post=22833"}],"version-history":[{"count":0,"href":"https:\/\/havamall.vn\/en\/wp-json\/wp\/v2\/product\/22833\/revisions"}],"wp:featuredmedia":[{"embeddable":true,"href":"https:\/\/havamall.vn\/en\/wp-json\/wp\/v2\/media\/22839"}],"wp:attachment":[{"href":"https:\/\/havamall.vn\/en\/wp-json\/wp\/v2\/media?parent=22833"}],"wp:term":[{"taxonomy":"product_brand","embeddable":true,"href":"https:\/\/havamall.vn\/en\/wp-json\/wp\/v2\/product_brand?post=22833"},{"taxonomy":"product_cat","embeddable":true,"href":"https:\/\/havamall.vn\/en\/wp-json\/wp\/v2\/product_cat?post=22833"},{"taxonomy":"product_tag","embeddable":true,"href":"https:\/\/havamall.vn\/en\/wp-json\/wp\/v2\/product_tag?post=22833"}],"curies":[{"name":"wp","href":"https:\/\/api.w.org\/{rel}","templated":true}]}}