{"id":22806,"date":"2021-10-21T14:48:48","date_gmt":"2021-10-21T07:48:48","guid":{"rendered":"https:\/\/havamall.vn\/?post_type=product&#038;p=22806"},"modified":"2023-06-05T17:34:52","modified_gmt":"2023-06-05T10:34:52","slug":"combo-2-goi-hat-nem-thit-heo-vedan-400g-tang-kem-chai-tuong-ot-vedan-270g","status":"publish","type":"product","link":"https:\/\/havamall.vn\/en\/shop\/combo-2-goi-hat-nem-thit-heo-vedan-400g-tang-kem-chai-tuong-ot-vedan-270g\/","title":{"rendered":"Combo 2 G\u00f3i H\u1ea1t N\u00eam Th\u1ecbt Heo Vedan 400G T\u1eb7ng K\u00e8m Chai T\u01b0\u01a1ng \u1edat Vedan 270g"},"content":{"rendered":"<h3><strong>TH\u00d4NG TIN S\u1ea2N PH\u1ea8M<\/strong><\/h3>\n<table>\n<tbody>\n<tr>\n<td>Th\u01b0\u01a1ng hi\u1ec7u<\/td>\n<td>Vedan<\/td>\n<\/tr>\n<tr>\n<td>Xu\u1ea5t x\u1ee9<\/td>\n<td>Vi\u1ec7t Nam<\/td>\n<\/tr>\n<tr>\n<td>Th\u00e0nh ph\u1ea7n<\/td>\n<td>\u0110\u01b0\u1eddng, tinh b\u1ed9t bi\u1ebfn t\u00ednh, n\u01b0\u1edbc t\u01b0\u01a1ng, b\u1ed9t th\u1ecbt heo chi\u1ebft xu\u1ea5t, h\u01b0\u01a1ng th\u1ecbt, h\u01b0\u01a1ng h\u00e0nh, b\u1ed9t h\u00e0nh\u2026<\/td>\n<\/tr>\n<tr>\n<td>H\u1ea1n s\u1eed d\u1ee5ng<\/td>\n<td>12 th\u00e1ng k\u1ec3 t\u1eeb ng\u00e0y s\u1ea3n xu\u1ea5t.<\/td>\n<\/tr>\n<tr>\n<td>B\u1ea3o qu\u1ea3n<\/td>\n<td>\u0110\u1ec3 n\u01a1i kh\u00f4 r\u00e1o, tho\u00e1ng m\u00e1t, tr\u00e1nh \u00e1nh n\u1eafng tr\u1ef1c ti\u1ebfp<\/td>\n<\/tr>\n<tr>\n<td>Kh\u1ed1i l\u01b0\u1ee3ng t\u1ecbnh<\/td>\n<td>2 g\u00f3i 400g<\/td>\n<\/tr>\n<\/tbody>\n<\/table>\n<p>H\u1ea1t n\u00eam th\u1ecbt heo l\u00e0 m\u1ed9t s\u1ea3n ph\u1ea9m ch\u1ea5t l\u01b0\u1ee3ng c\u1ee7a th\u01b0\u01a1ng hi\u1ec7u Vedan. S\u1ea3n ph\u1ea9m l\u00e0 s\u1ef1 k\u1ebft h\u1ee3p tinh t\u1ebf gi\u1eefa h\u1ed7n h\u1ee3p gia v\u1ecb g\u1ed3m c\u00f3: \u0111\u01b0\u1eddng, tinh b\u1ed9t bi\u1ebfn t\u00ednh, n\u01b0\u1edbc t\u01b0\u01a1ng, b\u1ed9t th\u1ecbt heo chi\u1ebft xu\u1ea5t, h\u01b0\u01a1ng th\u1ecbt, h\u01b0\u01a1ng h\u00e0nh, b\u1ed9t h\u00e0nh\u2026 gi\u00fap gi\u1eef tr\u1ecdn h\u01b0\u01a1ng v\u1ecb c\u1ee7a nguy\u00ean li\u1ec7u v\u00e0 ph\u00f9 h\u1ee3p v\u1edbi t\u1ea5t c\u1ea3 c\u00e1c m\u00f3n \u0103n.<\/p>\n<p><img fetchpriority=\"high\" decoding=\"async\" class=\"wp-image-22807 aligncenter\" src=\"https:\/\/havamall.vn\/wp-content\/uploads\/2021\/10\/h\u1ea1t-nem-300x249.png\" alt=\"\" width=\"778\" height=\"646\" srcset=\"https:\/\/havamall.vn\/wp-content\/uploads\/2021\/10\/h\u1ea1t-nem-300x249.png 300w, https:\/\/havamall.vn\/wp-content\/uploads\/2021\/10\/h\u1ea1t-nem-430x357.png 430w, https:\/\/havamall.vn\/wp-content\/uploads\/2021\/10\/h\u1ea1t-nem-150x125.png 150w, https:\/\/havamall.vn\/wp-content\/uploads\/2021\/10\/h\u1ea1t-nem-700x581.png 700w, https:\/\/havamall.vn\/wp-content\/uploads\/2021\/10\/h\u1ea1t-nem-768x637.png 768w, https:\/\/havamall.vn\/wp-content\/uploads\/2021\/10\/h\u1ea1t-nem-600x498.png 600w, https:\/\/havamall.vn\/wp-content\/uploads\/2021\/10\/h\u1ea1t-nem.png 900w\" sizes=\"(max-width: 778px) 100vw, 778px\" \/><\/p>\n<p>H\u1ea1t n\u00eam Vedan s\u1ebd l\u00e0 tr\u1ee3 th\u1ee7 \u0111\u1eafc l\u1ef1c cho nh\u1eefng ng\u01b0\u1eddi n\u1ed9i tr\u1ee3 \u0111\u1ea3m \u0111ang mu\u1ed1n \u0111em \u0111\u1ebfn cho gia \u0111\u00ecnh nh\u1eefng b\u1eefa \u0103n th\u01a1m ngon, b\u1ed5 d\u01b0\u1ee1ng. S\u1ea3n ph\u1ea9m \u0111\u00e3 \u0111\u01b0\u1ee3c \u0111\u00f3ng g\u00f3i k\u00edn \u0111\u00e1o, d\u00e0y d\u1eb7n v\u00e0 h\u1ee3p v\u1ec7 sinh. H\u1ea1t n\u00eam th\u1ecbt heo Vedan v\u1edbi v\u1ecb \u0111\u1eb7c tr\u01b0ng t\u1eeb th\u1ecbt heo v\u00e0 x\u01b0\u01a1ng h\u1ea7m s\u1ebd gi\u00fap ng\u01b0\u1eddi n\u1ed9i tr\u1ee3 Vi\u1ec7t ch\u1ebf bi\u1ebfn m\u00f3n \u0103n th\u01a1m ngon h\u01a1n, nhanh h\u01a1n, ti\u1ebft ki\u1ec7m th\u1eddi gian \u0111\u1ee9ng b\u1ebfp thay v\u00ec ph\u1ea3i t\u1ed1n th\u1eddi gian h\u1ea7m x\u01b0\u01a1ng hay t\u0103ng v\u1ecb th\u1ecbt heo cho c\u00e1c m\u00f3n \u0103n.<\/p>\n<p><img decoding=\"async\" class=\"wp-image-22808 aligncenter\" src=\"https:\/\/havamall.vn\/wp-content\/uploads\/2021\/10\/h\u1ea1t-n\u00eam-3-300x260.png\" alt=\"\" width=\"789\" height=\"684\" srcset=\"https:\/\/havamall.vn\/wp-content\/uploads\/2021\/10\/h\u1ea1t-n\u00eam-3-300x260.png 300w, https:\/\/havamall.vn\/wp-content\/uploads\/2021\/10\/h\u1ea1t-n\u00eam-3-430x373.png 430w, https:\/\/havamall.vn\/wp-content\/uploads\/2021\/10\/h\u1ea1t-n\u00eam-3-150x130.png 150w, https:\/\/havamall.vn\/wp-content\/uploads\/2021\/10\/h\u1ea1t-n\u00eam-3-700x606.png 700w, https:\/\/havamall.vn\/wp-content\/uploads\/2021\/10\/h\u1ea1t-n\u00eam-3-768x665.png 768w, https:\/\/havamall.vn\/wp-content\/uploads\/2021\/10\/h\u1ea1t-n\u00eam-3-1024x887.png 1024w, https:\/\/havamall.vn\/wp-content\/uploads\/2021\/10\/h\u1ea1t-n\u00eam-3-600x520.png 600w, https:\/\/havamall.vn\/wp-content\/uploads\/2021\/10\/h\u1ea1t-n\u00eam-3.png 1100w\" sizes=\"(max-width: 789px) 100vw, 789px\" \/><\/p>\n<p>V\u1edbi c\u00f4ng ngh\u1ec7 ph\u00e1t tri\u1ec3n ri\u00eang bi\u1ec7t t\u1eeb kh\u00e2u s\u1ea3n xu\u1ea5t t\u1edbi kh\u00e2u l\u1ef1a ch\u1ecdn c\u00e1c nguy\u00ean li\u1ec7u t\u1eeb t\u1ef1 nhi\u00ean nh\u01b0 mu\u1ed1i, \u0111\u01b0\u1eddng, tinh b\u1ed9t oxy h\u00f3a, b\u1ed9t th\u1ecbt heo chi\u1ebft xu\u1ea5t, b\u1ed9t h\u00e0nh, b\u1ed9t ph\u00f4 mai, b\u1ed9t ti\u00eau, chi\u1ebft xu\u1ea5t n\u1ea5m men,\u2026 lu\u00f4n cam k\u1ebft mang l\u1ea1i cho ng\u01b0\u1eddi ti\u00eau d\u00f9ng ch\u1ea5t l\u01b0\u1ee3ng tuy\u1ec7t v\u1eddi nh\u1ea5t.<\/p>\n<p>H\u1ea1t n\u00eam th\u1ecbt heo ph\u00f9 h\u1ee3p v\u1edbi c\u00e1c m\u00f3n x\u00e0o rau c\u1ee7, ho\u1eb7c t\u1ea9m \u01b0\u1edbp th\u1ecbt tr\u01b0\u1edbc khi ch\u1ebf bi\u1ebfn c\u00e1c m\u00f3n chi\u00ean, x\u00e0o, kho, n\u01b0\u1edbng l\u00e0m d\u1eady l\u00ean h\u01b0\u01a1ng th\u1ecbt heo, l\u00e0m cho m\u00f3n \u0103n th\u01a1m h\u01a1n, \u0111\u1eadm \u0111\u00e0 h\u01a1n.<\/p>\n<p><img decoding=\"async\" class=\"wp-image-22809 aligncenter\" src=\"https:\/\/havamall.vn\/wp-content\/uploads\/2021\/10\/h\u1ea1t-n\u00eam-300x300.png\" alt=\"\" width=\"793\" height=\"793\" srcset=\"https:\/\/havamall.vn\/wp-content\/uploads\/2021\/10\/h\u1ea1t-n\u00eam-300x300.png 300w, https:\/\/havamall.vn\/wp-content\/uploads\/2021\/10\/h\u1ea1t-n\u00eam-430x430.png 430w, https:\/\/havamall.vn\/wp-content\/uploads\/2021\/10\/h\u1ea1t-n\u00eam-150x150.png 150w, https:\/\/havamall.vn\/wp-content\/uploads\/2021\/10\/h\u1ea1t-n\u00eam-700x700.png 700w, https:\/\/havamall.vn\/wp-content\/uploads\/2021\/10\/h\u1ea1t-n\u00eam-768x768.png 768w, https:\/\/havamall.vn\/wp-content\/uploads\/2021\/10\/h\u1ea1t-n\u00eam-600x600.png 600w, https:\/\/havamall.vn\/wp-content\/uploads\/2021\/10\/h\u1ea1t-n\u00eam-100x100.png 100w, https:\/\/havamall.vn\/wp-content\/uploads\/2021\/10\/h\u1ea1t-n\u00eam.png 900w\" sizes=\"(max-width: 793px) 100vw, 793px\" \/><\/p>\n<p>\u0110\u1eb7c bi\u1ec7t s\u1ea3n ph\u1ea3m c\u00f2n \u0111\u01b0\u01a1c t\u1eb7ng k\u00e8m 1 chai t\u01b0\u01a1ng \u1edbt vedan\u00a0mang h\u01b0\u01a1ng th\u01a1m n\u1ed3ng k\u1ebft h\u1ee3p c\u00f9ng m\u00e0u \u0111\u1ecf t\u01b0\u01a1i c\u1ee7a \u1edbt hi\u1ec3m, v\u1ecb chua cay h\u00f2a quy\u1ec7n v\u00e0o nhau, l\u00e0m cho m\u00f3n \u0103n c\u1ee7a b\u1ea1n th\u00eam ngon v\u00e0 h\u1ea5p d\u1eabn h\u01a1n. V\u1edbi h\u01b0\u01a1ng v\u1ecb \u0111\u1eadm \u0111\u00e0 c\u1ee7a t\u01b0\u01a1ng \u1edbt, c\u00e1c m\u00f3n chi\u00ean, n\u01b0\u1edbng hay quay s\u1ebd tr\u1edf n\u00ean ngon h\u01a1n, mang \u0111\u1ebfn cho gia \u0111\u00ecnh b\u1ea1n b\u1eefa \u0103n ngon mi\u1ec7ng.<\/p>\n<p><img loading=\"lazy\" decoding=\"async\" class=\"wp-image-22819 aligncenter\" src=\"https:\/\/havamall.vn\/wp-content\/uploads\/2021\/10\/t\u01b0\u01a1ng-\u1edbt-300x300.png\" alt=\"\" width=\"796\" height=\"796\" srcset=\"https:\/\/havamall.vn\/wp-content\/uploads\/2021\/10\/t\u01b0\u01a1ng-\u1edbt-300x300.png 300w, https:\/\/havamall.vn\/wp-content\/uploads\/2021\/10\/t\u01b0\u01a1ng-\u1edbt-430x430.png 430w, https:\/\/havamall.vn\/wp-content\/uploads\/2021\/10\/t\u01b0\u01a1ng-\u1edbt-150x150.png 150w, https:\/\/havamall.vn\/wp-content\/uploads\/2021\/10\/t\u01b0\u01a1ng-\u1edbt-700x700.png 700w, https:\/\/havamall.vn\/wp-content\/uploads\/2021\/10\/t\u01b0\u01a1ng-\u1edbt-768x768.png 768w, https:\/\/havamall.vn\/wp-content\/uploads\/2021\/10\/t\u01b0\u01a1ng-\u1edbt-600x600.png 600w, https:\/\/havamall.vn\/wp-content\/uploads\/2021\/10\/t\u01b0\u01a1ng-\u1edbt-100x100.png 100w, https:\/\/havamall.vn\/wp-content\/uploads\/2021\/10\/t\u01b0\u01a1ng-\u1edbt.png 1000w\" sizes=\"(max-width: 796px) 100vw, 796px\" \/><\/p>\n<p>T\u01b0\u01a1ng \u1edbt Vedan l\u00e0 m\u1ed9t lo\u1ea1i gia v\u1ecb kh\u00f4ng th\u1ec3 thi\u1ebfu, c\u00f3 m\u1eb7t trong h\u1ea7u h\u1ebft c\u00e1c m\u00f3n \u0103n chi\u00ean, n\u01b0\u1edbng ho\u1eb7c \u0103n v\u1eb7t. T\u01b0\u01a1ng \u1edbt Vedan c\u00f3 m\u00e0u \u0111\u1ecf th\u1eabm, v\u1ecb ng\u1ecdt v\u00e0 h\u01a1i cay \u0111\u01b0\u1ee3c l\u00e0m t\u1eeb \u1edbt \u0111\u1ecf,n\u01b0\u1edbc, \u0111\u01b0\u1eddng, mu\u1ed1i,\u2026.<\/p>\n<p><img loading=\"lazy\" decoding=\"async\" class=\"wp-image-22810 aligncenter\" src=\"https:\/\/havamall.vn\/wp-content\/uploads\/2021\/10\/h\u1ea1t-n\u00eam-4-300x237.png\" alt=\"\" width=\"720\" height=\"568\" srcset=\"https:\/\/havamall.vn\/wp-content\/uploads\/2021\/10\/h\u1ea1t-n\u00eam-4-300x237.png 300w, https:\/\/havamall.vn\/wp-content\/uploads\/2021\/10\/h\u1ea1t-n\u00eam-4-430x340.png 430w, https:\/\/havamall.vn\/wp-content\/uploads\/2021\/10\/h\u1ea1t-n\u00eam-4-150x119.png 150w, https:\/\/havamall.vn\/wp-content\/uploads\/2021\/10\/h\u1ea1t-n\u00eam-4-1200x949.png 1200w\" sizes=\"(max-width: 720px) 100vw, 720px\" \/><\/p>\n<h3><strong>\u0110\u1eb7c \u0111i\u1ec3m n\u1ed5i b\u1eadt c\u1ee7a s\u1ea3n ph\u1ea9m:<\/strong><\/h3>\n<p>&#8211; H\u1ea1t n\u00eam Vedan \u0111\u01b0\u1ee3c s\u1ea3n xu\u1ea5t theo c\u00f4ng ngh\u1ec7 hi\u1ec7n \u0111\u1ea1i, ki\u1ec3m so\u00e1t nghi\u00eam ng\u1eb7t t\u1eeb nguy\u00ean li\u1ec7u \u0111\u1ebfn kh\u00e2u ch\u1ebf bi\u1ebfn, cho ch\u1ea5t l\u01b0\u1ee3ng t\u1ed1i \u01b0u v\u00e0 t\u00ednh an to\u00e0n v\u01b0\u1ee3t tr\u1ed9i.<\/p>\n<p>&#8211; H\u1ea1t n\u00eam Vedan l\u00e0 m\u1ed9t gia v\u1ecb th\u1ef1c ph\u1ea9m c\u00f3 ch\u1ee9c n\u0103ng \u0111i\u1ec1u v\u1ecb, \u0111\u01b0\u1ee3c s\u1eed d\u1ee5ng r\u1ed9ng r\u00e3i trong ch\u1ebf bi\u1ebfn m\u00f3n \u0103n \u1edf gia \u0111\u00ecnh, nh\u00e0 h\u00e0ng v\u00e0 trong c\u00f4ng nghi\u1ec7p ch\u1ebf bi\u1ebfn th\u1ef1c ph\u1ea9m, l\u00e0m cho th\u1ef1c ph\u1ea9m ngon v\u00e0 h\u1ea5p d\u1eabn h\u01a1n.<\/p>\n<p>&#8211; S\u1ea3n ph\u1ea9m \u0111\u01b0\u1ee3c chi\u1ebft xu\u1ea5t t\u1eeb th\u1ecbt heo h\u1ea7m t\u1ef1 nhi\u00ean t\u1ea1o n\u00ean h\u01b0\u01a1ng v\u1ecb \u0111\u1eb7c bi\u1ec7t th\u01a1m ngon cho m\u00f3n \u0103n.<\/p>\n<p>&#8211; \u0110\u01b0\u1ee3c \u0111\u00f3ng g\u00f3i nh\u1ecf g\u1ecdn, ti\u1ec7n l\u1ee3i khi s\u1eed d\u1ee5ng v\u00e0 b\u1ea3o qu\u1ea3n.<\/p>\n<p><img loading=\"lazy\" decoding=\"async\" class=\"wp-image-22811 aligncenter\" src=\"https:\/\/havamall.vn\/wp-content\/uploads\/2021\/10\/h\u1ea1t-n\u00eam-2-300x300.png\" alt=\"\" width=\"724\" height=\"725\" srcset=\"https:\/\/havamall.vn\/wp-content\/uploads\/2021\/10\/h\u1ea1t-n\u00eam-2-300x300.png 300w, https:\/\/havamall.vn\/wp-content\/uploads\/2021\/10\/h\u1ea1t-n\u00eam-2-430x430.png 430w, https:\/\/havamall.vn\/wp-content\/uploads\/2021\/10\/h\u1ea1t-n\u00eam-2-150x150.png 150w, https:\/\/havamall.vn\/wp-content\/uploads\/2021\/10\/h\u1ea1t-n\u00eam-2-700x700.png 700w, https:\/\/havamall.vn\/wp-content\/uploads\/2021\/10\/h\u1ea1t-n\u00eam-2-768x768.png 768w, https:\/\/havamall.vn\/wp-content\/uploads\/2021\/10\/h\u1ea1t-n\u00eam-2-600x600.png 600w, https:\/\/havamall.vn\/wp-content\/uploads\/2021\/10\/h\u1ea1t-n\u00eam-2-100x100.png 100w, https:\/\/havamall.vn\/wp-content\/uploads\/2021\/10\/h\u1ea1t-n\u00eam-2.png 900w\" sizes=\"(max-width: 724px) 100vw, 724px\" \/><\/p>\n<h3><strong> H\u01b0\u1edbng d\u1eabn s\u1eed d\u1ee5ng: <\/strong><\/h3>\n<p>&gt; D\u00f9ng \u0111\u1ec3 n\u00eam, \u01b0\u1edbp cho c\u00e1c m\u00f3n \u0103n.<\/p>\n<p>&gt; \u0110\u00f3ng n\u1eafp sau khi s\u1eed d\u1ee5ng.<\/p>\n<p>S\u1ea3n ph\u1ea9m hi\u1ec7n \u0111\u00e3 c\u00f3 m\u1eb7t t\u1ea1i Havamall<\/p>","protected":false},"excerpt":{"rendered":"<p>TH\u00d4NG TIN S\u1ea2N PH\u1ea8M Th\u01b0\u01a1ng hi\u1ec7u Vedan Xu\u1ea5t x\u1ee9 Vi\u1ec7t Nam Th\u00e0nh ph\u1ea7n \u0110\u01b0\u1eddng, tinh b\u1ed9t bi\u1ebfn t\u00ednh, n\u01b0\u1edbc t\u01b0\u01a1ng,<\/p>","protected":false},"featured_media":22812,"comment_status":"open","ping_status":"closed","template":"","meta":[],"product_brand":[],"product_cat":[36],"product_tag":[],"class_list":{"0":"post-22806","1":"product","2":"type-product","3":"status-publish","4":"has-post-thumbnail","6":"product_cat-thuc-pham-tieu-dung","8":"first","9":"instock","10":"sale","11":"shipping-taxable","12":"purchasable","13":"product-type-simple"},"_links":{"self":[{"href":"https:\/\/havamall.vn\/en\/wp-json\/wp\/v2\/product\/22806"}],"collection":[{"href":"https:\/\/havamall.vn\/en\/wp-json\/wp\/v2\/product"}],"about":[{"href":"https:\/\/havamall.vn\/en\/wp-json\/wp\/v2\/types\/product"}],"replies":[{"embeddable":true,"href":"https:\/\/havamall.vn\/en\/wp-json\/wp\/v2\/comments?post=22806"}],"version-history":[{"count":0,"href":"https:\/\/havamall.vn\/en\/wp-json\/wp\/v2\/product\/22806\/revisions"}],"wp:featuredmedia":[{"embeddable":true,"href":"https:\/\/havamall.vn\/en\/wp-json\/wp\/v2\/media\/22812"}],"wp:attachment":[{"href":"https:\/\/havamall.vn\/en\/wp-json\/wp\/v2\/media?parent=22806"}],"wp:term":[{"taxonomy":"product_brand","embeddable":true,"href":"https:\/\/havamall.vn\/en\/wp-json\/wp\/v2\/product_brand?post=22806"},{"taxonomy":"product_cat","embeddable":true,"href":"https:\/\/havamall.vn\/en\/wp-json\/wp\/v2\/product_cat?post=22806"},{"taxonomy":"product_tag","embeddable":true,"href":"https:\/\/havamall.vn\/en\/wp-json\/wp\/v2\/product_tag?post=22806"}],"curies":[{"name":"wp","href":"https:\/\/api.w.org\/{rel}","templated":true}]}}