{"id":22800,"date":"2021-10-21T13:47:18","date_gmt":"2021-10-21T06:47:18","guid":{"rendered":"https:\/\/havamall.vn\/?post_type=product&#038;p=22800"},"modified":"2022-05-24T15:36:21","modified_gmt":"2022-05-24T08:36:21","slug":"xa-phong-tam-yen-mach-worthbuying-100g-khurb-oatmeal-soap","status":"publish","type":"product","link":"https:\/\/havamall.vn\/en\/shop\/xa-phong-tam-yen-mach-worthbuying-100g-khurb-oatmeal-soap\/","title":{"rendered":"X\u00e0 Ph\u00f2ng T\u1eafm Y\u1ebfn M\u1ea1ch WorthBuying 100g &#8211; Khurb Oatmeal Soap"},"content":{"rendered":"<h3><strong>TH\u00d4NG TIN S\u1ea2N PH\u1ea8M<\/strong><\/h3>\n<table width=\"1007\">\n<tbody>\n<tr>\n<td>Th\u01b0\u01a1ng hi\u1ec7u<\/td>\n<td>WorthBuying<\/td>\n<\/tr>\n<tr>\n<td>Xu\u1ea5t x\u1ee9<\/td>\n<td>H\u00e0n Qu\u1ed1c<\/td>\n<\/tr>\n<tr>\n<td>Th\u00e0nh ph\u1ea7n<\/td>\n<td>B\u1ed9t y\u1ebfn m\u1ea1ch, d\u1ea7u d\u1eeba, d\u1ea7u c\u1ecd, d\u1ea7u \u00f4 liu, d\u1ea7u h\u1ea1t h\u01b0\u1edbng d\u01b0\u01a1ng, d\u1ea7u h\u1ea1t nho, d\u1ea7u pimana, natri hydroxit, d\u1ea7u hoa o\u1ea3i h\u01b0\u01a1ng, d\u1ea7u c\u00e2y tr\u00e0 v\u00e0 n\u01b0\u1edbc tinh khi\u1ebft<\/td>\n<\/tr>\n<tr>\n<td>H\u1ea1n s\u1eed d\u1ee5ng<\/td>\n<td>6 th\u00e1ng k\u1ec3 t\u1eeb khi m\u1edf h\u1ed9p<\/td>\n<\/tr>\n<tr>\n<td>B\u1ea3o qu\u1ea3n<\/td>\n<td>Tr\u00e1nh \u00e1nh n\u1eafng tr\u1ef1c ti\u1ebfp<\/td>\n<\/tr>\n<tr>\n<td>Kh\u1ed1i l\u01b0\u1ee3ng<\/td>\n<td>100g<\/td>\n<\/tr>\n<\/tbody>\n<\/table>\n<p>X\u00e0 ph\u00f2ng thi\u00ean nhi\u00ean Handmade 100% xu\u1ea5t x\u1ee9 H\u00e0n Qu\u1ed1c. D\u00f9ng \u0111\u01b0\u1ee3c cho m\u1eb7t v\u00e0 c\u1ea3 body. An to\u00e0n cho c\u1ea3 b\u00e0 b\u1ea7u v\u00e0 nh\u1eefng l\u00e0n da nh\u1ea1y c\u1ea3m nh\u1ea5t. N\u00e2ng niu l\u00e0n da b\u1ea1n m\u1ed9t c\u00e1ch nh\u1eb9 nh\u00e0ng nh\u1ea5t m\u00e0 v\u1eabn l\u00e0m m\u1ec1m m\u1ecbn, d\u01b0\u1ee1ng \u1ea9m, d\u01b0\u1ee1ng tr\u1eafng.<\/p>\n<p>M\u1ed7i b\u00e1nh soap Y\u1ebfn m\u1ea1ch ch\u1ee9a h\u01a1n 10% ch\u1ea5t b\u00e9o th\u1ef1c v\u1eadt bao g\u1ed3m d\u1ea7u olive, d\u1ea7u c\u00e1m g\u1ea1o, h\u1ea1nh nh\u00e2n, d\u1ea7u h\u1ea1t nho..v\u1eeba c\u00f3 t\u00e1c d\u1ee5ng c\u1ea5p \u1ea9m, v\u1eeba c\u00f3 kh\u1ea3 n\u0103ng t\u0103ng \u0111\u1ed9 \u0111\u00e0n h\u1ed3i cho da.<\/p>\n<p><img fetchpriority=\"high\" decoding=\"async\" class=\"wp-image-22805 aligncenter\" src=\"https:\/\/havamall.vn\/wp-content\/uploads\/2021\/10\/soapyenmach-1200x800-300x200.png\" alt=\"\" width=\"744\" height=\"496\" srcset=\"https:\/\/havamall.vn\/wp-content\/uploads\/2021\/10\/soapyenmach-1200x800-300x200.png 300w, https:\/\/havamall.vn\/wp-content\/uploads\/2021\/10\/soapyenmach-1200x800-430x287.png 430w, https:\/\/havamall.vn\/wp-content\/uploads\/2021\/10\/soapyenmach-1200x800-150x100.png 150w, https:\/\/havamall.vn\/wp-content\/uploads\/2021\/10\/soapyenmach-1200x800-700x467.png 700w, https:\/\/havamall.vn\/wp-content\/uploads\/2021\/10\/soapyenmach-1200x800-768x512.png 768w, https:\/\/havamall.vn\/wp-content\/uploads\/2021\/10\/soapyenmach-1200x800-1024x683.png 1024w, https:\/\/havamall.vn\/wp-content\/uploads\/2021\/10\/soapyenmach-1200x800.png 1200w, https:\/\/havamall.vn\/wp-content\/uploads\/2021\/10\/soapyenmach-1200x800-600x400.png 600w\" sizes=\"(max-width: 744px) 100vw, 744px\" \/><\/p>\n<p>B\u1ed9t y\u1ebfn m\u1ea1ch c\u00f3 ch\u1ee9a\u00a0saponin s\u1ebd thanh t\u1ea9y t\u1ebf b\u00e0o ch\u1ebft m\u1ed7i ng\u00e0y m\u1ed9t c\u00e1ch t\u1ef1 nhi\u00ean, Axit amino, vitamin E, vitamin B v\u00e0 ch\u1ea5t x\u01a1 gi\u00fap gi\u1ea3m ng\u1ee9a, di\u1ec7t khu\u1ea9n v\u00e0 t\u0103ng c\u01b0\u1eddng \u0111\u1ed9 \u1ea9m c\u1ea7n thi\u1ebft cho l\u00e0n da, \u0111\u1ed3ng th\u1eddi c\u00f2n ng\u0103n c\u1ea3n qu\u00e1 tr\u00ecnh l\u00e3o h\u00f3a v\u00e0 t\u0103ng s\u1ee9c \u0111\u1ec1 kh\u00e1ng cho da,\u00a0l\u00e0m tr\u1eafng da v\u00e0 m\u1edd v\u1ebft th\u00e2m hi\u1ec7u qu\u1ea3,<\/p>\n<p>Trong b\u1ed9t y\u1ebfn m\u1ea1ch c\u00f3 ch\u1ee9a h\u00e0m l\u01b0\u1ee3ng ch\u1ea5t dinh d\u01b0\u1ee1ng t\u1ed1t cho l\u00e0n da nh\u01b0 c\u00e1c lo\u1ea1i vitamin B, vitamin E, protein\u2026 c\u00f9ng v\u00f4 s\u1ed1 kho\u00e1ng ch\u1ea5t thi\u1ebft y\u1ebfu.<\/p>\n<p><img decoding=\"async\" class=\"wp-image-22802 aligncenter\" src=\"https:\/\/havamall.vn\/wp-content\/uploads\/2021\/10\/X\u00c0-PH\u00d2NG-1-237x300.png\" alt=\"\" width=\"721\" height=\"913\" srcset=\"https:\/\/havamall.vn\/wp-content\/uploads\/2021\/10\/X\u00c0-PH\u00d2NG-1-237x300.png 237w, https:\/\/havamall.vn\/wp-content\/uploads\/2021\/10\/X\u00c0-PH\u00d2NG-1-430x545.png 430w, https:\/\/havamall.vn\/wp-content\/uploads\/2021\/10\/X\u00c0-PH\u00d2NG-1-150x190.png 150w, https:\/\/havamall.vn\/wp-content\/uploads\/2021\/10\/X\u00c0-PH\u00d2NG-1-700x886.png 700w, https:\/\/havamall.vn\/wp-content\/uploads\/2021\/10\/X\u00c0-PH\u00d2NG-1-600x760.png 600w, https:\/\/havamall.vn\/wp-content\/uploads\/2021\/10\/X\u00c0-PH\u00d2NG-1.png 766w\" sizes=\"(max-width: 721px) 100vw, 721px\" \/><\/p>\n<h3><strong>C\u00f4ng d\u1ee5ng: <\/strong><\/h3>\n<p>&#8211; D\u00e0nh cho da nh\u1ea1y c\u1ea3m, da kh\u00f4 , d\u1ec5 m\u1ea9n ng\u1ee9a, da th\u00f4 r\u00e1p gi\u00fap l\u00e0m d\u1ecbu da, s\u1eed d\u1ee5ng \u0111\u01b0\u1ee3c v\u1edbi tr\u1ebb s\u01a1 sinh.<\/p>\n<p>&#8211; C\u00f3 t\u00e1c d\u1ee5ng t\u1ea9y trang nh\u1eb9 nh\u00e0ng, l\u00e0m s\u1ea1ch l\u1ed7 ch\u00e2n l\u00f4ng.<\/p>\n<p>&#8211; Th\u00e0nh ph\u1ea7n: D\u1ea7u d\u1eeba, d\u1ea7u c\u1ecd, d\u1ea7u \u00f4 liu, d\u1ea7u h\u1ea1t h\u01b0\u1edbng d\u01b0\u01a1ng, d\u1ea7u h\u1ea1t nho, d\u1ea7u pimana, natri hydroxit, d\u1ea7u hoa o\u1ea3i h\u01b0\u01a1ng, d\u1ea7u c\u00e2y tr\u00e0 v\u00e0 n\u01b0\u1edbc tinh khi\u1ebft.<\/p>\n<p><img decoding=\"async\" class=\"wp-image-22803 aligncenter\" src=\"https:\/\/havamall.vn\/wp-content\/uploads\/2021\/10\/X\u00c0-PH\u00d2NG-300x300.png\" alt=\"\" width=\"728\" height=\"728\" srcset=\"https:\/\/havamall.vn\/wp-content\/uploads\/2021\/10\/X\u00c0-PH\u00d2NG-300x300.png 300w, https:\/\/havamall.vn\/wp-content\/uploads\/2021\/10\/X\u00c0-PH\u00d2NG-430x430.png 430w, https:\/\/havamall.vn\/wp-content\/uploads\/2021\/10\/X\u00c0-PH\u00d2NG-150x150.png 150w, https:\/\/havamall.vn\/wp-content\/uploads\/2021\/10\/X\u00c0-PH\u00d2NG-700x700.png 700w, https:\/\/havamall.vn\/wp-content\/uploads\/2021\/10\/X\u00c0-PH\u00d2NG-768x768.png 768w, https:\/\/havamall.vn\/wp-content\/uploads\/2021\/10\/X\u00c0-PH\u00d2NG-600x600.png 600w, https:\/\/havamall.vn\/wp-content\/uploads\/2021\/10\/X\u00c0-PH\u00d2NG-100x100.png 100w, https:\/\/havamall.vn\/wp-content\/uploads\/2021\/10\/X\u00c0-PH\u00d2NG.png 1024w\" sizes=\"(max-width: 728px) 100vw, 728px\" \/><\/p>\n<h3><strong>H\u01b0\u1edbng d\u1eabn s\u1eed d\u1ee5ng:<\/strong><\/h3>\n<p>&gt; L\u00e0m \u01b0\u1edbt tay v\u00e0 m\u1eb7t<\/p>\n<p>&gt; Xoa b\u00e1nh x\u00e0 ph\u00f2ng nh\u1eb9 nh\u00e0ng gi\u1eefa 2 l\u00f2ng b\u00e0n tay \u0111\u1ec3 t\u1ea1o b\u1ecdt<\/p>\n<p>&gt; \u00c1p b\u1ecdt x\u00e0 ph\u00f2ng l\u00ean m\u1eb7t, m\u00e1t xa nh\u1eb9 nh\u00e0ng \u0111\u1ec3 l\u00e0m s\u1ea1ch<\/p>\n<p>&gt; R\u1eeda s\u1ea1ch l\u1ea1i m\u1eb7t b\u1eb1ng n\u01b0\u1edbc \u1ea5m<\/p>","protected":false},"excerpt":{"rendered":"<p>TH\u00d4NG TIN S\u1ea2N PH\u1ea8M Th\u01b0\u01a1ng hi\u1ec7u WorthBuying Xu\u1ea5t x\u1ee9 H\u00e0n Qu\u1ed1c Th\u00e0nh ph\u1ea7n B\u1ed9t y\u1ebfn m\u1ea1ch, d\u1ea7u d\u1eeba, d\u1ea7u c\u1ecd,<\/p>","protected":false},"featured_media":22804,"comment_status":"open","ping_status":"closed","template":"","meta":[],"product_brand":[],"product_cat":[396,35,130],"product_tag":[],"class_list":{"0":"post-22800","1":"product","2":"type-product","3":"status-publish","4":"has-post-thumbnail","6":"product_cat-suc-khoe-lam-dep","7":"product_cat-nha-cua-doi-song","8":"product_cat-khuyen-mai","10":"first","11":"instock","12":"sale","13":"shipping-taxable","14":"purchasable","15":"product-type-simple"},"_links":{"self":[{"href":"https:\/\/havamall.vn\/en\/wp-json\/wp\/v2\/product\/22800"}],"collection":[{"href":"https:\/\/havamall.vn\/en\/wp-json\/wp\/v2\/product"}],"about":[{"href":"https:\/\/havamall.vn\/en\/wp-json\/wp\/v2\/types\/product"}],"replies":[{"embeddable":true,"href":"https:\/\/havamall.vn\/en\/wp-json\/wp\/v2\/comments?post=22800"}],"version-history":[{"count":0,"href":"https:\/\/havamall.vn\/en\/wp-json\/wp\/v2\/product\/22800\/revisions"}],"wp:featuredmedia":[{"embeddable":true,"href":"https:\/\/havamall.vn\/en\/wp-json\/wp\/v2\/media\/22804"}],"wp:attachment":[{"href":"https:\/\/havamall.vn\/en\/wp-json\/wp\/v2\/media?parent=22800"}],"wp:term":[{"taxonomy":"product_brand","embeddable":true,"href":"https:\/\/havamall.vn\/en\/wp-json\/wp\/v2\/product_brand?post=22800"},{"taxonomy":"product_cat","embeddable":true,"href":"https:\/\/havamall.vn\/en\/wp-json\/wp\/v2\/product_cat?post=22800"},{"taxonomy":"product_tag","embeddable":true,"href":"https:\/\/havamall.vn\/en\/wp-json\/wp\/v2\/product_tag?post=22800"}],"curies":[{"name":"wp","href":"https:\/\/api.w.org\/{rel}","templated":true}]}}