{"id":22785,"date":"2021-10-21T09:48:31","date_gmt":"2021-10-21T02:48:31","guid":{"rendered":"https:\/\/havamall.vn\/?post_type=product&#038;p=22785"},"modified":"2022-05-23T17:35:06","modified_gmt":"2022-05-23T10:35:06","slug":"thanh-nang-luong-ngu-coc-family-bar-25g-simpleat-family-bar","status":"publish","type":"product","link":"https:\/\/havamall.vn\/en\/shop\/thanh-nang-luong-ngu-coc-family-bar-25g-simpleat-family-bar\/","title":{"rendered":"Thanh N\u0103ng L\u01b0\u1ee3ng Ng\u0169 C\u1ed1c Family Bar 25g &#8211; SimplEat Family Bar"},"content":{"rendered":"<h3><strong>TH\u00d4NG TIN S\u1ea2N PH\u1ea8M<\/strong><\/h3>\n<table style=\"height: 299px;\" width=\"1007\">\n<tbody>\n<tr>\n<td>Th\u01b0\u01a1ng hi\u1ec7u<\/td>\n<td>Simpleat<\/td>\n<\/tr>\n<tr>\n<td>Xu\u1ea5t x\u1ee9<\/td>\n<td>H\u00e0n Qu\u1ed1c<\/td>\n<\/tr>\n<tr>\n<td>Th\u00e0nh ph\u1ea7n<\/td>\n<td>\u0110\u01b0\u1eddng fructose, crisp brown rice, nho kh\u00f4, b\u1ed9t ng\u00f4, \u0111\u1eadu xay th\u00f4, y\u1ebfn m\u1ea1ch, xi-r\u00f4 maltitol, h\u1ea1nh nh\u00e2n, qu\u1ea3 nam vi\u1ec7t qu\u1ea5t kh\u00f4, m\u1ea1ch nha g\u1ea1o th\u00f4, d\u1ea7u h\u1ea1t c\u1ea3i, dextrin, h\u1ea1t lanh 1%, s\u1eefa \u0111\u1eb7c c\u00f3 \u0111\u01b0\u1eddng,&#8230;<\/td>\n<\/tr>\n<tr>\n<td>H\u1ea1n s\u1eed d\u1ee5ng<\/td>\n<td>12 th\u00e1ng k\u1ec3 t\u1eeb ng\u00e0y s\u1ea3n xu\u1ea5t.<\/td>\n<\/tr>\n<tr>\n<td>B\u1ea3o qu\u1ea3n<\/td>\n<td>\u0110\u1ec3 n\u01a1i kh\u00f4 r\u00e1o, tho\u00e1ng m\u00e1t, tr\u00e1nh \u00e1nh n\u1eafng tr\u1ef1c ti\u1ebfp<\/td>\n<\/tr>\n<tr>\n<td>Kh\u1ed1i l\u01b0\u1ee3ng<\/td>\n<td>25g<\/td>\n<\/tr>\n<\/tbody>\n<\/table>\n<p>V\u1edbi \u0111\u1eb7c t\u00ednh t\u1ed1t cho s\u1ee9c kh\u1ecfe, cung c\u1ea5p ngu\u1ed3n n\u0103ng l\u01b0\u1ee3ng, d\u01b0\u1ee1ng ch\u1ea5t m\u1ed9t c\u00e1ch l\u00e0nh m\u1ea1nh v\u00e0 ti\u1ec7n l\u1ee3i, c\u00e1c s\u1ea3n ph\u1ea9m dinh d\u01b0\u1ee1ng d\u1ea1ng thanh nh\u01b0 Energy Bar hay Protein Bar ng\u00e0y nay \u0111\u00e3 tr\u1edf th\u00e0nh m\u1ed9t ph\u1ea7n kh\u00f4ng th\u1ec3 thi\u1ebfu \u0111\u01b0\u1ee3c c\u1ee7a nh\u1eefng ng\u01b0\u1eddi tr\u1ebb n\u0103ng \u0111\u1ed9ng.<\/p>\n<p><img fetchpriority=\"high\" decoding=\"async\" class=\"wp-image-22787 aligncenter\" src=\"https:\/\/havamall.vn\/wp-content\/uploads\/2021\/10\/N\u0102NG-L\u01af\u1ee2NG-4-300x175.png\" alt=\"\" width=\"733\" height=\"428\" srcset=\"https:\/\/havamall.vn\/wp-content\/uploads\/2021\/10\/N\u0102NG-L\u01af\u1ee2NG-4-300x175.png 300w, https:\/\/havamall.vn\/wp-content\/uploads\/2021\/10\/N\u0102NG-L\u01af\u1ee2NG-4-430x251.png 430w, https:\/\/havamall.vn\/wp-content\/uploads\/2021\/10\/N\u0102NG-L\u01af\u1ee2NG-4-150x88.png 150w, https:\/\/havamall.vn\/wp-content\/uploads\/2021\/10\/N\u0102NG-L\u01af\u1ee2NG-4-700x408.png 700w, https:\/\/havamall.vn\/wp-content\/uploads\/2021\/10\/N\u0102NG-L\u01af\u1ee2NG-4-768x448.png 768w, https:\/\/havamall.vn\/wp-content\/uploads\/2021\/10\/N\u0102NG-L\u01af\u1ee2NG-4-1024x598.png 1024w, https:\/\/havamall.vn\/wp-content\/uploads\/2021\/10\/N\u0102NG-L\u01af\u1ee2NG-4-1200x700.png 1200w, https:\/\/havamall.vn\/wp-content\/uploads\/2021\/10\/N\u0102NG-L\u01af\u1ee2NG-4-600x350.png 600w, https:\/\/havamall.vn\/wp-content\/uploads\/2021\/10\/N\u0102NG-L\u01af\u1ee2NG-4.png 1700w\" sizes=\"(max-width: 733px) 100vw, 733px\" \/><\/p>\n<p>Qu\u00e1 tr\u00ecnh luy\u1ec7n t\u1eadp kh\u00f4ng ch\u1ec9 \u0111\u01a1n thu\u1ea7n l\u00e0 vi\u1ec7c \u0111\u1ed1t ch\u00e1y calo v\u00e0 thay \u0111\u1ed5i c\u00e2n n\u1eb7ng m\u00e0 m\u1ee5c \u0111\u00edch c\u1ea7n \u0111\u1ea1t \u0111\u01b0\u1ee3c l\u00e0 ph\u1ea3i t\u0103ng c\u01a1 gi\u1ea3m m\u1ee1. Protein l\u00e0 ch\u00eca kh\u00f3a h\u1eefu hi\u1ec7u m\u1edf c\u1eeda cho con \u0111\u01b0\u1eddng n\u00e0y. Protein gi\u00fap h\u1ed7 tr\u1ee3 \u0111\u1ed1t ch\u00e1y m\u1ee1 th\u1eeba trong c\u01a1 th\u1ec3 \u0111\u1ed3ng th\u1eddi ph\u1ee5c h\u1ed3i v\u00e0 k\u00edch th\u00edch c\u01a1 b\u1eafp ph\u00e1t tri\u1ec3n thay cho n\u0103ng l\u01b0\u1ee3ng m\u1ee1 \u0111\u00e3 m\u1ea5t \u0111i.<\/p>\n<p><img decoding=\"async\" class=\"wp-image-22788 aligncenter\" src=\"https:\/\/havamall.vn\/wp-content\/uploads\/2021\/10\/N\u0102NG-L\u01af\u1ee2NG-300x201.png\" alt=\"\" width=\"737\" height=\"494\" srcset=\"https:\/\/havamall.vn\/wp-content\/uploads\/2021\/10\/N\u0102NG-L\u01af\u1ee2NG-300x201.png 300w, https:\/\/havamall.vn\/wp-content\/uploads\/2021\/10\/N\u0102NG-L\u01af\u1ee2NG-430x288.png 430w, https:\/\/havamall.vn\/wp-content\/uploads\/2021\/10\/N\u0102NG-L\u01af\u1ee2NG-150x101.png 150w, https:\/\/havamall.vn\/wp-content\/uploads\/2021\/10\/N\u0102NG-L\u01af\u1ee2NG-700x469.png 700w, https:\/\/havamall.vn\/wp-content\/uploads\/2021\/10\/N\u0102NG-L\u01af\u1ee2NG-768x515.png 768w, https:\/\/havamall.vn\/wp-content\/uploads\/2021\/10\/N\u0102NG-L\u01af\u1ee2NG-1024x687.png 1024w, https:\/\/havamall.vn\/wp-content\/uploads\/2021\/10\/N\u0102NG-L\u01af\u1ee2NG-1200x805.png 1200w, https:\/\/havamall.vn\/wp-content\/uploads\/2021\/10\/N\u0102NG-L\u01af\u1ee2NG-600x402.png 600w, https:\/\/havamall.vn\/wp-content\/uploads\/2021\/10\/N\u0102NG-L\u01af\u1ee2NG.png 1700w\" sizes=\"(max-width: 737px) 100vw, 737px\" \/><\/p>\n<p>C\u00e1c thanh n\u0103ng l\u01b0\u1ee3ng \u0111\u1ec1u ch\u1ee9a ch\u1ea5t x\u01a1 h\u00f2a tan t\u1eeb lo\u1ea1i ng\u00f4 kh\u00f4ng bi\u1ebfn \u0111\u1ed5i gen (Non GMO), c\u00f3 kh\u1ea3 n\u0103ng ph\u00e2n gi\u1ea3i v\u00e0 \u0111\u1ed3ng h\u00f3a cao. Ch\u1ea5t x\u01a1 h\u00f2a tan khi \u0111i qua \u0111\u01b0\u1eddng ru\u1ed9t s\u1ebd l\u00e0m t\u0103ng \u0111\u1ed9 x\u1ed1p, m\u1ec1m c\u1ee7a b\u00e3 th\u1ea3i ti\u00eau h\u00f3a, \u0111\u00f3ng m\u1ed9t vai tr\u00f2 r\u1ea5t quan tr\u1ecdng gi\u00fap h\u1ed7 tr\u1ee3 ti\u00eau h\u00f3a v\u00e0 \u0111i\u1ec1u h\u00f2a h\u1ec7 vi khu\u1ea9n \u0111\u01b0\u1eddng ru\u1ed9t. B\u00ean c\u1ea1nh \u0111\u00f3, ch\u1ea5t x\u01a1 c\u0169ng gi\u00fap l\u00e0m h\u1ea1 cholesterol trong m\u00e1u ph\u00f2ng ng\u1eeba ung th\u01b0 v\u00e0 ch\u1ed1ng b\u00e9o ph\u00ec.<\/p>\n<p><img decoding=\"async\" class=\"wp-image-22789 aligncenter\" src=\"https:\/\/havamall.vn\/wp-content\/uploads\/2021\/10\/N\u0102NG-L\u01af\u1ee2NG-1-300x191.png\" alt=\"\" width=\"746\" height=\"475\" srcset=\"https:\/\/havamall.vn\/wp-content\/uploads\/2021\/10\/N\u0102NG-L\u01af\u1ee2NG-1-300x191.png 300w, https:\/\/havamall.vn\/wp-content\/uploads\/2021\/10\/N\u0102NG-L\u01af\u1ee2NG-1-430x274.png 430w, https:\/\/havamall.vn\/wp-content\/uploads\/2021\/10\/N\u0102NG-L\u01af\u1ee2NG-1-150x96.png 150w, https:\/\/havamall.vn\/wp-content\/uploads\/2021\/10\/N\u0102NG-L\u01af\u1ee2NG-1-700x446.png 700w, https:\/\/havamall.vn\/wp-content\/uploads\/2021\/10\/N\u0102NG-L\u01af\u1ee2NG-1-768x489.png 768w, https:\/\/havamall.vn\/wp-content\/uploads\/2021\/10\/N\u0102NG-L\u01af\u1ee2NG-1-1024x652.png 1024w, https:\/\/havamall.vn\/wp-content\/uploads\/2021\/10\/N\u0102NG-L\u01af\u1ee2NG-1-1200x764.png 1200w, https:\/\/havamall.vn\/wp-content\/uploads\/2021\/10\/N\u0102NG-L\u01af\u1ee2NG-1-600x382.png 600w, https:\/\/havamall.vn\/wp-content\/uploads\/2021\/10\/N\u0102NG-L\u01af\u1ee2NG-1.png 1700w\" sizes=\"(max-width: 746px) 100vw, 746px\" \/><\/p>\n<p>Thanh n\u0103ng l\u01b0\u1ee3ng Family Bar l\u00e0 s\u1ef1 k\u1ebft h\u1ee3p gi\u1eefa v\u1ecb tr\u00e1i c\u00e2y nh\u01b0 nho, nam vi\u1ec7t qu\u1ea5t chua ng\u1ecdt v\u00e0 h\u1ea1t h\u1ea1nh nh\u00e2n b\u00f9i b\u00e9o mang l\u1ea1i c\u1ea3m gi\u00e1c t\u01b0\u01a1i m\u1edbi cho v\u1ecb gi\u00e1c trong khi cung c\u1ea5p n\u0103ng l\u01b0\u1ee3ng cho b\u1ea1n. H\u1ea1nh nh\u00e2n gi\u00e0u dinh d\u01b0\u1ee1ng v\u00e0 n\u0103ng l\u01b0\u1ee3ng, \u0111\u1eb7c bi\u1ec7t l\u00e0 protein, ch\u1ea5t b\u00e9o b\u00e3o ho\u00e0 v\u00e0 ch\u1ea5t x\u01a1, th\u00edch h\u1ee3p cho ng\u01b0\u1eddi \u0103n ki\u00eang; ngo\u00e0i ra h\u1ea1nh nh\u00e2n c\u00f2n c\u00f3 nhi\u1ec1u ch\u1ea5t ch\u1ed1ng \u00f4-xi-ho\u00e1 m\u1ea1nh, ng\u0103n ng\u1eeba ung th\u01b0.<\/p>\n<p><img loading=\"lazy\" decoding=\"async\" class=\"wp-image-22790 aligncenter\" src=\"https:\/\/havamall.vn\/wp-content\/uploads\/2021\/10\/n\u0103ng-l\u01b0\u1ee3ng-3-300x200.png\" alt=\"\" width=\"752\" height=\"502\" srcset=\"https:\/\/havamall.vn\/wp-content\/uploads\/2021\/10\/n\u0103ng-l\u01b0\u1ee3ng-3-300x200.png 300w, https:\/\/havamall.vn\/wp-content\/uploads\/2021\/10\/n\u0103ng-l\u01b0\u1ee3ng-3-430x287.png 430w, https:\/\/havamall.vn\/wp-content\/uploads\/2021\/10\/n\u0103ng-l\u01b0\u1ee3ng-3-150x100.png 150w, https:\/\/havamall.vn\/wp-content\/uploads\/2021\/10\/n\u0103ng-l\u01b0\u1ee3ng-3-700x468.png 700w, https:\/\/havamall.vn\/wp-content\/uploads\/2021\/10\/n\u0103ng-l\u01b0\u1ee3ng-3-768x513.png 768w, https:\/\/havamall.vn\/wp-content\/uploads\/2021\/10\/n\u0103ng-l\u01b0\u1ee3ng-3-1024x684.png 1024w, https:\/\/havamall.vn\/wp-content\/uploads\/2021\/10\/n\u0103ng-l\u01b0\u1ee3ng-3-1200x802.png 1200w, https:\/\/havamall.vn\/wp-content\/uploads\/2021\/10\/n\u0103ng-l\u01b0\u1ee3ng-3-600x401.png 600w, https:\/\/havamall.vn\/wp-content\/uploads\/2021\/10\/n\u0103ng-l\u01b0\u1ee3ng-3.png 1310w\" sizes=\"(max-width: 752px) 100vw, 752px\" \/><\/p>\n<h3><strong>C\u00f4ng d\u1ee5ng c\u1ee7a s\u1ea3n ph\u1ea9m:<\/strong><\/h3>\n<p>&#8211; 100% vegan, ng\u01b0\u1eddi \u0103n thu\u1ea7n chay \u0111\u1ec1u d\u00f9ng \u0111\u01b0\u1ee3c.<\/p>\n<p>&#8211; \u00cdt ng\u1ecdt ch\u1ec9 ch\u1ee9a 5g \u0111\u01b0\u1eddng trong m\u1ed7i thanh<\/p>\n<p>&#8211; M\u1ed7i thanh s\u1ebd cung c\u1ea5p 105kcal gi\u00fap b\u1ea1n c\u00f3 n\u0103ng l\u01b0\u1ee3ng \u0111\u1ec3 trong l\u00e0m vi\u1ec7c, t\u1eadp luy\u1ec7n h\u1eb1ng ng\u00e0y<\/p>\n<p>&#8211; Cung c\u1ea5p \u0111\u1ea7y \u0111\u1ee7 vitamin v\u00e0 kho\u00e1ng ch\u1ea5t c\u1ea7n thi\u1ebft nh\u01b0 vitamin A, B, C, E, B1, B2, B6, s\u1eaft, k\u1ebdm,&#8230; cho 1 ng\u00e0y l\u00e0m vi\u1ec7c n\u0103ng \u0111\u1ed9ng<\/p>\n<p>&#8211; D\u00f9ng v\u00e0o b\u1eefa s\u00e1ng, b\u1eefa x\u1ebf ho\u1eb7c tr\u01b0\u1edbc khi \u0111i t\u1eadp gym\/ yoga\/ch\u1ea1y b\u1ed9 t\u1eeb 30-45 ph\u00fat<\/p>\n<p>&#8211; S\u1ea3n ph\u1ea9m ph\u00f9 h\u1ee3p v\u1edbi m\u1ecdi ng\u01b0\u1eddi, m\u1ecdi l\u1ee9a tu\u1ed5i<\/p>\n<p>S\u1ea3n ph\u1ea9m hi\u1ec7n \u0111\u00e3 c\u00f3 m\u1eb7t t\u1ea1i Havamall.<\/p>","protected":false},"excerpt":{"rendered":"<p>TH\u00d4NG TIN S\u1ea2N PH\u1ea8M Th\u01b0\u01a1ng hi\u1ec7u Simpleat Xu\u1ea5t x\u1ee9 H\u00e0n Qu\u1ed1c Th\u00e0nh ph\u1ea7n \u0110\u01b0\u1eddng fructose, crisp brown rice, nho kh\u00f4,<\/p>","protected":false},"featured_media":22792,"comment_status":"open","ping_status":"closed","template":"","meta":[],"product_brand":[],"product_cat":[36,133],"product_tag":[],"class_list":{"0":"post-22785","1":"product","2":"type-product","3":"status-publish","4":"has-post-thumbnail","6":"product_cat-thuc-pham-tieu-dung","7":"product_cat-banh-keo-chocolate","9":"first","10":"outofstock","11":"sale","12":"shipping-taxable","13":"purchasable","14":"product-type-simple"},"_links":{"self":[{"href":"https:\/\/havamall.vn\/en\/wp-json\/wp\/v2\/product\/22785"}],"collection":[{"href":"https:\/\/havamall.vn\/en\/wp-json\/wp\/v2\/product"}],"about":[{"href":"https:\/\/havamall.vn\/en\/wp-json\/wp\/v2\/types\/product"}],"replies":[{"embeddable":true,"href":"https:\/\/havamall.vn\/en\/wp-json\/wp\/v2\/comments?post=22785"}],"version-history":[{"count":0,"href":"https:\/\/havamall.vn\/en\/wp-json\/wp\/v2\/product\/22785\/revisions"}],"wp:featuredmedia":[{"embeddable":true,"href":"https:\/\/havamall.vn\/en\/wp-json\/wp\/v2\/media\/22792"}],"wp:attachment":[{"href":"https:\/\/havamall.vn\/en\/wp-json\/wp\/v2\/media?parent=22785"}],"wp:term":[{"taxonomy":"product_brand","embeddable":true,"href":"https:\/\/havamall.vn\/en\/wp-json\/wp\/v2\/product_brand?post=22785"},{"taxonomy":"product_cat","embeddable":true,"href":"https:\/\/havamall.vn\/en\/wp-json\/wp\/v2\/product_cat?post=22785"},{"taxonomy":"product_tag","embeddable":true,"href":"https:\/\/havamall.vn\/en\/wp-json\/wp\/v2\/product_tag?post=22785"}],"curies":[{"name":"wp","href":"https:\/\/api.w.org\/{rel}","templated":true}]}}