{"id":22772,"date":"2021-10-20T16:41:10","date_gmt":"2021-10-20T09:41:10","guid":{"rendered":"https:\/\/havamall.vn\/?post_type=product&#038;p=22772"},"modified":"2022-04-28T15:18:10","modified_gmt":"2022-04-28T08:18:10","slug":"thanh-ngu-coc-simpleat-protein-bar-50g","status":"publish","type":"product","link":"https:\/\/havamall.vn\/en\/shop\/thanh-ngu-coc-simpleat-protein-bar-50g\/","title":{"rendered":"Thanh Ng\u0169 C\u1ed1c SimplEat Protein Bar 50g"},"content":{"rendered":"<h3><strong>TH\u00d4NG TIN S\u1ea2N PH\u1ea8M<\/strong><\/h3>\n<table>\n<tbody>\n<tr>\n<td>Th\u01b0\u01a1ng hi\u1ec7u<\/td>\n<td>Simpleat<\/td>\n<\/tr>\n<tr>\n<td>Xu\u1ea5t x\u1ee9<\/td>\n<td>H\u00e0n Qu\u1ed1c<\/td>\n<\/tr>\n<tr>\n<td>Th\u00e0nh ph\u1ea7n<\/td>\n<td>\u0110\u1eadu ph\u1ed9ng, ch\u1ebf ph\u1ea9m \u0111\u1eadu n\u00e0nh ch\u1ebf bi\u1ebfn (protein \u0111\u1eadu n\u00e0nh ph\u00e2n l\u1eadp, tinh b\u1ed9t s\u1eafn, mu\u1ed1i tinh), s\u00f4 c\u00f4 la, d\u1ea7u th\u1ef1c v\u1eadt, b\u1ed9t cacao, s\u1eefa b\u1ed9t t\u00e1ch b\u00e9o, h\u1ea1nh nh\u00e2n, m\u1ea1ch nha,&#8230;<\/td>\n<\/tr>\n<tr>\n<td>H\u1ea1n s\u1eed d\u1ee5ng<\/td>\n<td>12 th\u00e1ng k\u1ec3 t\u1eeb ng\u00e0y s\u1ea3n xu\u1ea5t.<\/td>\n<\/tr>\n<tr>\n<td>B\u1ea3o qu\u1ea3n<\/td>\n<td>\u0110\u1ec3 n\u01a1i kh\u00f4 r\u00e1o, tho\u00e1ng m\u00e1t, tr\u00e1nh \u00e1nh n\u1eafng tr\u1ef1c ti\u1ebfp<\/td>\n<\/tr>\n<tr>\n<td>Kh\u1ed1i l\u01b0\u1ee3ng<\/td>\n<td>50g<\/td>\n<\/tr>\n<\/tbody>\n<\/table>\n<p>Thanh Protein Bar l\u00e0 m\u1ed9t m\u00f3n \u0103n nh\u1eb9 \u0111\u01a1n gi\u1ea3n, ch\u1ebf bi\u1ebfn s\u1eb5n, b\u1ed5 d\u01b0\u1ee1ng. Ch\u00fang c\u00f3 nhi\u1ec1u lo\u1ea1i h\u01b0\u01a1ng v\u1ecb kh\u00e1c nhau v\u00e0 th\u01b0\u1eddng \u0111\u1ec3 \u0111\u01b0\u1ee3c l\u00e2u. V\u00ec v\u1eady, b\u1ea1n c\u00f3 th\u1ec3 d\u1ef1 tr\u1eef \u0111\u1ec3 mang theo b\u1ea5t c\u1ee9 n\u01a1i \u0111\u00e2u.<\/p>\n<p><img fetchpriority=\"high\" decoding=\"async\" class=\"wp-image-22774 aligncenter\" src=\"https:\/\/havamall.vn\/wp-content\/uploads\/2021\/10\/9e8b780abf-300x300.png\" alt=\"\" width=\"661\" height=\"661\" srcset=\"https:\/\/havamall.vn\/wp-content\/uploads\/2021\/10\/9e8b780abf-300x300.png 300w, https:\/\/havamall.vn\/wp-content\/uploads\/2021\/10\/9e8b780abf-430x430.png 430w, https:\/\/havamall.vn\/wp-content\/uploads\/2021\/10\/9e8b780abf-150x150.png 150w, https:\/\/havamall.vn\/wp-content\/uploads\/2021\/10\/9e8b780abf-700x700.png 700w, https:\/\/havamall.vn\/wp-content\/uploads\/2021\/10\/9e8b780abf-768x768.png 768w, https:\/\/havamall.vn\/wp-content\/uploads\/2021\/10\/9e8b780abf-600x600.png 600w, https:\/\/havamall.vn\/wp-content\/uploads\/2021\/10\/9e8b780abf-100x100.png 100w, https:\/\/havamall.vn\/wp-content\/uploads\/2021\/10\/9e8b780abf.png 780w\" sizes=\"(max-width: 661px) 100vw, 661px\" \/><\/p>\n<p>N\u1ebfu b\u1ea1n \u0111ang t\u00ecm ki\u1ebfm th\u1ee9 g\u00ec \u0111\u00f3 \u0111\u1ec3 \u0103n nh\u1eb9 v\u00e0o bu\u1ed5i tr\u01b0a, m\u1ed9t thanh protein bar v\u1edbi l\u01b0\u1ee3ng protein h\u1ee3p l\u00fd v\u00e0 c\u00e1c th\u00e0nh ph\u1ea7n d\u01b0\u1ee1ng ch\u1ea5t dinh d\u01b0\u1ee1ng l\u00e0 l\u1ef1a ch\u1ecdn thi\u1ebft th\u1ef1c cho l\u1ed1i s\u1ed1ng c\u1ee7a b\u1ea1n.<\/p>\n<p>H\u00e0m l\u01b0\u1ee3ng protein v\u00e0 carb trong thanh protein c\u0169ng gi\u00fap ch\u00fang tr\u1edf th\u00e0nh l\u1ef1a ch\u1ecdn t\u1ed1t cho b\u1eefa \u0103n nh\u1eb9. B\u1ea1n c\u0169ng c\u00f3 th\u1ec3 s\u1eed d\u1ee5ng protein bar tr\u01b0\u1edbc ho\u1eb7c sau khi t\u1eadp luy\u1ec7n \u0111\u1ec3 cung c\u1ea5p n\u0103ng l\u01b0\u1ee3ng t\u0103ng c\u01b0\u1eddng cho qu\u00e1 tr\u00ecnh t\u1eadp th\u1ec3 d\u1ee5c ho\u1eb7c h\u1ed7 tr\u1ee3 s\u1eeda ch\u1eefa c\u01a1 b\u1eafp sau \u0111\u00f3.<\/p>\n<p><img decoding=\"async\" class=\"wp-image-22775 aligncenter\" src=\"https:\/\/havamall.vn\/wp-content\/uploads\/2021\/10\/BAR-1-300x201.png\" alt=\"\" width=\"668\" height=\"448\" srcset=\"https:\/\/havamall.vn\/wp-content\/uploads\/2021\/10\/BAR-1-300x201.png 300w, https:\/\/havamall.vn\/wp-content\/uploads\/2021\/10\/BAR-1-430x288.png 430w, https:\/\/havamall.vn\/wp-content\/uploads\/2021\/10\/BAR-1-150x100.png 150w, https:\/\/havamall.vn\/wp-content\/uploads\/2021\/10\/BAR-1-700x468.png 700w, https:\/\/havamall.vn\/wp-content\/uploads\/2021\/10\/BAR-1-768x514.png 768w, https:\/\/havamall.vn\/wp-content\/uploads\/2021\/10\/BAR-1-600x402.png 600w, https:\/\/havamall.vn\/wp-content\/uploads\/2021\/10\/BAR-1.png 780w\" sizes=\"(max-width: 668px) 100vw, 668px\" \/><\/p>\n<p>Thanh protein ( Protein Bars )\u00a0\u00a0l\u00e0 lo\u1ea1i th\u1ef1c ph\u1ea9m \u0111\u01b0\u1ee3c ch\u1ebf bi\u1ebfn d\u00e0nh cho nh\u1eefng ng\u01b0\u1eddi mu\u1ed1n t\u0103ng c\u01b0\u1eddng h\u1ea5p thu protein. \u0110\u1ed1i t\u01b0\u1ee3ng th\u01b0\u1eddng d\u00f9ng lo\u1ea1i th\u1ef1c ph\u1ea9m n\u00e0y l\u00e0 nh\u1eefng v\u1eadn \u0111\u1ed9ng vi\u00ean c\u1eed t\u1ea1 ho\u1eb7c nh\u1eefng ng\u01b0\u1eddi mu\u1ed1n t\u0103ng c\u01b0\u1eddng s\u1ee9c m\u1ea1nh c\u01a1 b\u1eafp.<\/p>\n<p>Thanh ng\u0169 c\u1ed1c Simpleat Protein Bar l\u00e0 s\u1ea3n ph\u1ea9m b\u00e1nh \u0103n li\u1ec1n gi\u00e0u protein v\u00e0 c\u00e1c ch\u1ea5t thi\u1ebft y\u1ebfu cho c\u01a1 th\u1ec3, \u0111\u00e3 \u0111\u01b0\u1ee3c l\u00e0m ch\u00edn ho\u00e0n to\u00e0n. N\u00ean b\u1ea1n ho\u00e0n to\u00e0n c\u00f3 th\u1ec3 s\u1eed d\u1ee5ng li\u1ec1n. Th\u1eddi \u0111i\u1ec3m t\u1ed1t nh\u1ea5t \u0111\u1ec3 s\u1eed d\u1ee5ng Biotech Protein Bar l\u00e0 v\u00e0o th\u1eddi \u0111i\u1ec3m c\u00e1c b\u1eefa ph\u1ee5 \\.<\/p>\n<p><img decoding=\"async\" class=\"wp-image-22784 aligncenter\" src=\"https:\/\/havamall.vn\/wp-content\/uploads\/2021\/10\/0e6c97-300x200.png\" alt=\"\" width=\"681\" height=\"454\" srcset=\"https:\/\/havamall.vn\/wp-content\/uploads\/2021\/10\/0e6c97-300x200.png 300w, https:\/\/havamall.vn\/wp-content\/uploads\/2021\/10\/0e6c97-430x287.png 430w, https:\/\/havamall.vn\/wp-content\/uploads\/2021\/10\/0e6c97-150x100.png 150w, https:\/\/havamall.vn\/wp-content\/uploads\/2021\/10\/0e6c97-700x467.png 700w, https:\/\/havamall.vn\/wp-content\/uploads\/2021\/10\/0e6c97-768x512.png 768w, https:\/\/havamall.vn\/wp-content\/uploads\/2021\/10\/0e6c97-600x400.png 600w, https:\/\/havamall.vn\/wp-content\/uploads\/2021\/10\/0e6c97.png 780w\" sizes=\"(max-width: 681px) 100vw, 681px\" \/><\/p>\n<h3><strong>\u0110\u1eb7c \u0111i\u1ec3m n\u1ed5i b\u1eadt c\u1ee7a s\u1ea3n ph\u1ea9m:<\/strong><\/h3>\n<p>&#8211; 100% vegan, ng\u01b0\u1eddi \u0103n thu\u1ea7n chay \u0111\u1ec1u d\u00f9ng \u0111\u01b0\u1ee3c.<\/p>\n<p>&#8211; \u00cdt ng\u1ecdt ch\u1ec9 ch\u1ee9a 7g \u0111\u01b0\u1eddng trong m\u1ed7i thanh.<\/p>\n<p>&#8211; M\u1ed7i thanh s\u1ebd cung c\u1ea5p \u0111\u1ebfn 13g protein (nhi\u1ec1u h\u01a1n c\u1ea3 l\u01b0\u1ee3ng protein trong 100g \u0111\u1eadu ph\u1ee5).<\/p>\n<p>&#8211; 261kcal gi\u00fap b\u1ea1n c\u00f3 n\u0103ng l\u01b0\u1ee3ng \u0111\u1ec3 trong l\u00e0m vi\u1ec7c, t\u1eadp luy\u1ec7n h\u1eb1ng ng\u00e0y.<\/p>\n<p>&#8211; Cung c\u1ea5p \u0111\u1ea7y \u0111\u1ee7 vitamin v\u00e0 kho\u00e1ng ch\u1ea5t c\u1ea7n thi\u1ebft nh\u01b0 vitamin A, B, C, E, B1, B2, B6, s\u1eaft, k\u1ebdm,&#8230; cho 1 ng\u00e0y l\u00e0m vi\u1ec7c n\u0103ng \u0111\u1ed9ng.<\/p>\n<p>&#8211; D\u00f9ng v\u00e0o b\u1eefa s\u00e1ng, b\u1eefa x\u1ebf ho\u1eb7c tr\u01b0\u1edbc khi \u0111i t\u1eadp gym\/ yoga\/ch\u1ea1y b\u1ed9 t\u1eeb 30-45 ph\u00fat.<\/p>\n<p>&#8211; S\u1ea3n ph\u1ea9m ph\u00f9 h\u1ee3p v\u1edbi m\u1ecdi ng\u01b0\u1eddi, m\u1ecdi l\u1ee9a tu\u1ed5i.<\/p>\n<p><img loading=\"lazy\" decoding=\"async\" class=\"wp-image-22777 aligncenter\" src=\"https:\/\/havamall.vn\/wp-content\/uploads\/2021\/10\/BAR-2-300x281.png\" alt=\"\" width=\"669\" height=\"626\" srcset=\"https:\/\/havamall.vn\/wp-content\/uploads\/2021\/10\/BAR-2-300x281.png 300w, https:\/\/havamall.vn\/wp-content\/uploads\/2021\/10\/BAR-2-430x402.png 430w, https:\/\/havamall.vn\/wp-content\/uploads\/2021\/10\/BAR-2-150x140.png 150w, https:\/\/havamall.vn\/wp-content\/uploads\/2021\/10\/BAR-2-700x655.png 700w, https:\/\/havamall.vn\/wp-content\/uploads\/2021\/10\/BAR-2-768x718.png 768w, https:\/\/havamall.vn\/wp-content\/uploads\/2021\/10\/BAR-2-600x561.png 600w, https:\/\/havamall.vn\/wp-content\/uploads\/2021\/10\/BAR-2.png 970w\" sizes=\"(max-width: 669px) 100vw, 669px\" \/><\/p>\n<h3><strong>H\u01b0\u1edbng d\u1eabn s\u1eed d\u1ee5ng:<\/strong><\/h3>\n<p>Thanh ng\u0169 c\u1ed1c Protein Bar l\u00e0 s\u1ea3n ph\u1ea9m b\u00e1nh \u0103n li\u1ec1n gi\u00e0u protein v\u00e0 c\u00e1c ch\u1ea5t thi\u1ebft y\u1ebfu cho c\u01a1 th\u1ec3, \u0111\u00e3 \u0111\u01b0\u1ee3c l\u00e0m ch\u00edn ho\u00e0n to\u00e0n. N\u00ean b\u1ea1n ho\u00e0n to\u00e0n c\u00f3 th\u1ec3 s\u1eed d\u1ee5ng li\u1ec1n. Th\u1eddi \u0111i\u1ec3m t\u1ed1t nh\u1ea5t \u0111\u1ec3 s\u1eed d\u1ee5ng Biotech Protein Bar l\u00e0 v\u00e0o th\u1eddi \u0111i\u1ec3m c\u00e1c b\u1eefa ph\u1ee5 :<\/p>\n<p>&gt; Th\u1eddi \u0111i\u1ec3m s\u00e1ng s\u1edbm : \u0111\u00e2y l\u00e0 l\u00fac c\u01a1 th\u1ec3 m\u1ec7t m\u1ecfi khi v\u1eeba ng\u1ee7 d\u1eady, c\u1ea7n b\u1ed5 sung dinh d\u01b0\u1ee1ng \u0111\u1ea7y \u0111\u1ee7, \u0111\u1eb7c bi\u1ec7t l\u00e0 ngu\u1ed3n protein cao nh\u01b0 Simpleat Protein Bar.<\/p>\n<p><img loading=\"lazy\" decoding=\"async\" class=\"wp-image-22778 aligncenter\" src=\"https:\/\/havamall.vn\/wp-content\/uploads\/2021\/10\/bar1-300x223.png\" alt=\"\" width=\"671\" height=\"498\" srcset=\"https:\/\/havamall.vn\/wp-content\/uploads\/2021\/10\/bar1-300x223.png 300w, https:\/\/havamall.vn\/wp-content\/uploads\/2021\/10\/bar1-430x320.png 430w, https:\/\/havamall.vn\/wp-content\/uploads\/2021\/10\/bar1-150x111.png 150w, https:\/\/havamall.vn\/wp-content\/uploads\/2021\/10\/bar1-700x520.png 700w, https:\/\/havamall.vn\/wp-content\/uploads\/2021\/10\/bar1-768x571.png 768w, https:\/\/havamall.vn\/wp-content\/uploads\/2021\/10\/bar1-600x446.png 600w, https:\/\/havamall.vn\/wp-content\/uploads\/2021\/10\/bar1.png 970w\" sizes=\"(max-width: 671px) 100vw, 671px\" \/><\/p>\n<p>&gt; Tr\u01b0\u1edbc m\u1ed7i bu\u1ed5i t\u1eadp : n\u1ebfu b\u1ea1n b\u1eadn r\u1ed9n kh\u00f4ng k\u1ecbp chu\u1ea9n b\u1ecb b\u1eefa \u0103n th\u00ec s\u1eed d\u1ee5ng 1-2 Simpleat Protein Bar l\u00e0 l\u1ef1a ch\u1ecdn ho\u00e0n h\u1ea3o cho b\u1eefa \u0103n ph\u1ee5 c\u1ee7a b\u1ea1n, gi\u00e0u protein v\u00e0 calories,\u2026<\/p>\n<p>&gt; Th\u1eddi \u0111i\u1ec3m sau bu\u1ed5i t\u1eadp : n\u1ebfu kh\u00f4ng s\u1eed d\u1ee5ng Whey Protein, th\u00ec b\u1ea1n ho\u00e0n to\u00e0n c\u00f3 th\u1ec3 d\u00f9ng Simpleat Protein Bar \u0111\u1ec3 thay th\u1ebf.<\/p>\n<p>S\u1ea3n ph\u1ea9m hi\u1ec7n \u0111\u00e3 c\u00f3 m\u1eb7t t\u1ea1i Havamall.<\/p>","protected":false},"excerpt":{"rendered":"<p>TH\u00d4NG TIN S\u1ea2N PH\u1ea8M Th\u01b0\u01a1ng hi\u1ec7u Simpleat Xu\u1ea5t x\u1ee9 H\u00e0n Qu\u1ed1c Th\u00e0nh ph\u1ea7n \u0110\u1eadu ph\u1ed9ng, ch\u1ebf ph\u1ea9m \u0111\u1eadu n\u00e0nh ch\u1ebf<\/p>","protected":false},"featured_media":22779,"comment_status":"open","ping_status":"closed","template":"","meta":[],"product_brand":[],"product_cat":[36,133],"product_tag":[],"class_list":{"0":"post-22772","1":"product","2":"type-product","3":"status-publish","4":"has-post-thumbnail","6":"product_cat-thuc-pham-tieu-dung","7":"product_cat-banh-keo-chocolate","9":"first","10":"outofstock","11":"sale","12":"shipping-taxable","13":"purchasable","14":"product-type-simple"},"_links":{"self":[{"href":"https:\/\/havamall.vn\/en\/wp-json\/wp\/v2\/product\/22772"}],"collection":[{"href":"https:\/\/havamall.vn\/en\/wp-json\/wp\/v2\/product"}],"about":[{"href":"https:\/\/havamall.vn\/en\/wp-json\/wp\/v2\/types\/product"}],"replies":[{"embeddable":true,"href":"https:\/\/havamall.vn\/en\/wp-json\/wp\/v2\/comments?post=22772"}],"version-history":[{"count":0,"href":"https:\/\/havamall.vn\/en\/wp-json\/wp\/v2\/product\/22772\/revisions"}],"wp:featuredmedia":[{"embeddable":true,"href":"https:\/\/havamall.vn\/en\/wp-json\/wp\/v2\/media\/22779"}],"wp:attachment":[{"href":"https:\/\/havamall.vn\/en\/wp-json\/wp\/v2\/media?parent=22772"}],"wp:term":[{"taxonomy":"product_brand","embeddable":true,"href":"https:\/\/havamall.vn\/en\/wp-json\/wp\/v2\/product_brand?post=22772"},{"taxonomy":"product_cat","embeddable":true,"href":"https:\/\/havamall.vn\/en\/wp-json\/wp\/v2\/product_cat?post=22772"},{"taxonomy":"product_tag","embeddable":true,"href":"https:\/\/havamall.vn\/en\/wp-json\/wp\/v2\/product_tag?post=22772"}],"curies":[{"name":"wp","href":"https:\/\/api.w.org\/{rel}","templated":true}]}}