{"id":22766,"date":"2021-10-20T15:45:56","date_gmt":"2021-10-20T08:45:56","guid":{"rendered":"https:\/\/havamall.vn\/?post_type=product&#038;p=22766"},"modified":"2022-10-04T17:10:20","modified_gmt":"2022-10-04T10:10:20","slug":"banh-snack-vi-chuoi-wonderrookie-tiovivo-15g-wonderrookie-yumyum-protein-banana-ball","status":"publish","type":"product","link":"https:\/\/havamall.vn\/en\/shop\/banh-snack-vi-chuoi-wonderrookie-tiovivo-15g-wonderrookie-yumyum-protein-banana-ball\/","title":{"rendered":"B\u00e1nh Snack V\u1ecb Chu\u1ed1i WonderRookie Tiovivo 15g &#8211; WonderRookie Yumyum Protein Banana Ball"},"content":{"rendered":"<h3><strong>TH\u00d4NG TIN S\u1ea2N PH\u1ea8M<\/strong><\/h3>\n<table>\n<tbody>\n<tr>\n<td>Th\u01b0\u01a1ng hi\u1ec7u<\/td>\n<td>Tiovivo<\/td>\n<\/tr>\n<tr>\n<td>Xu\u1ea5t x\u1ee9<\/td>\n<td>H\u00e0n Qu\u1ed1c<\/td>\n<\/tr>\n<tr>\n<td>Th\u00e0nh ph\u1ea7n<\/td>\n<td>Socola tr\u1eafng protein kh\u00f4ng \u0111\u01b0\u1eddng, Milk Protein Crisp , Whey Protein ph\u00e2n l\u1eadp, h\u1ed7n h\u1ee3p chu\u1ed1i lo\u1ea1i A,&#8230;<\/td>\n<\/tr>\n<tr>\n<td>H\u1ea1n s\u1eed d\u1ee5ng<\/td>\n<td>24 th\u00e1ng k\u1ec3 t\u1eeb ng\u00e0y s\u1ea3n xu\u1ea5t.<\/td>\n<\/tr>\n<tr>\n<td>B\u1ea3o qu\u1ea3n<\/td>\n<td>\u0110\u1ec3 n\u01a1i kh\u00f4 r\u00e1o, tho\u00e1ng m\u00e1t, tr\u00e1nh \u00e1nh n\u1eafng tr\u1ef1c ti\u1ebfp<\/td>\n<\/tr>\n<tr>\n<td>Kh\u1ed1i l\u01b0\u1ee3ng<\/td>\n<td>15g<\/td>\n<\/tr>\n<\/tbody>\n<\/table>\n<p>B\u00e1nh snack v\u1ecb chu\u1ed1i Tiovivo th\u01a1m ngon kh\u00f4ng th\u1ec3 c\u01b0\u1ee1ng n\u1ed5i v\u1edbi v\u1ecb chu\u1ed1i s\u1ea5y kh\u00f4 gi\u1ecdn r\u1ee5m \u0111\u01b0\u1ee3c t\u1ea9m \u01b0\u1edbp theo h\u01b0\u01a1ng v\u1ecb H\u00e0n Qu\u1ed1c \u0111\u1eb7c tr\u01b0ng. S\u1ea3n ph\u1ea9m \u0111\u01b0\u1ee3c \u0111\u00f3ng g\u00f3i ch\u1eafc ch\u1eafn v\u00e0 g\u1ecdn nh\u1eb9, th\u00edch h\u1ee3p \u0111\u1ec3 \u0111em theo trong nh\u1eefng bu\u1ed5i d\u00e3 ngo\u1ea1i, picnic c\u00f9ng b\u1ea1n b\u00e8 v\u00e0 gia \u0111\u00ecnh.<\/p>\n<p>S\u1ea3n ph\u1ea9m ch\u1ee9a nhi\u1ec1u d\u01b0\u1ee1ng ch\u1ea5t c\u1ea7n thi\u1ebft v\u00e0 l\u00e0 m\u1ed9t lo\u1ea1i snack d\u00f9ng nguy\u00ean li\u1ec7u ho\u00e0n to\u00e0n t\u1eeb ngu\u1ed3n g\u1ed1c th\u1ef1c v\u1eadt \u0111\u1ec3 gi\u00fap b\u1ea1n s\u1ea1c l\u1ea1i n\u0103ng l\u01b0\u1ee3ng th\u1eadt nhanh trong b\u1ea5t k\u1ef3 th\u1eddi \u0111i\u1ec3m n\u00e0o trong ng\u00e0y.<\/p>\n<p><img fetchpriority=\"high\" decoding=\"async\" class=\"wp-image-22767 aligncenter\" src=\"https:\/\/havamall.vn\/wp-content\/uploads\/2021\/10\/b4091b-300x300.png\" alt=\"\" width=\"782\" height=\"782\" srcset=\"https:\/\/havamall.vn\/wp-content\/uploads\/2021\/10\/b4091b-300x300.png 300w, https:\/\/havamall.vn\/wp-content\/uploads\/2021\/10\/b4091b-430x430.png 430w, https:\/\/havamall.vn\/wp-content\/uploads\/2021\/10\/b4091b-150x150.png 150w, https:\/\/havamall.vn\/wp-content\/uploads\/2021\/10\/b4091b-700x700.png 700w, https:\/\/havamall.vn\/wp-content\/uploads\/2021\/10\/b4091b-768x768.png 768w, https:\/\/havamall.vn\/wp-content\/uploads\/2021\/10\/b4091b-600x600.png 600w, https:\/\/havamall.vn\/wp-content\/uploads\/2021\/10\/b4091b-100x100.png 100w, https:\/\/havamall.vn\/wp-content\/uploads\/2021\/10\/b4091b.png 1000w\" sizes=\"(max-width: 782px) 100vw, 782px\" \/><\/p>\n<p>Snack v\u1ecb chu\u1ed1i Tiovivo l\u00e0 l\u1ef1a ch\u1ecdn ho\u00e0n h\u1ea3o cho b\u1eefa nh\u1eb9 tr\u01b0\u1edbc v\u00e0 sau khi t\u1eadp th\u1ec3 thao. H\u01a1n n\u1eefa, do c\u00f3 h\u00e0m l\u01b0\u1ee3ng ch\u1ea5t x\u01a1 v\u00e0 ch\u1ea5t b\u00e9o l\u00e0nh m\u1ea1nh cao, vi\u00ean snack v\u1ecb chu\u1ed1i s\u1ebd gi\u00fap b\u1ea1n c\u1ea3m gi\u00e1c no v\u00e0 tr\u00e0n \u0111\u1ea7y n\u0103ng l\u01b0\u1ee3ng. \u0110\u00e2y c\u0169ng l\u00e0 lo\u1ea1i snack tuy\u1ec7t v\u1eddi cho nh\u1eefng chuy\u1ebfn \u0111i ch\u01a1i ho\u1eb7c \u0111\u1ec3 d\u00e0nh s\u1eb5n trong t\u00fai cho b\u1ea5t c\u1ee9 l\u00fac n\u00e0o b\u1ea1n c\u1ea7n \u0111\u01b0\u1ee3c b\u1ed5 sung n\u0103ng l\u01b0\u1ee3ng\u2026<\/p>\n<p id=\"tw-target-text\" class=\"tw-data-text tw-text-large XcVN5d tw-ta\" dir=\"ltr\"><span class=\"Y2IQFc\" lang=\"vi\">S\u1ea3n ph\u1ea9m s\u1eed d\u1ee5ng nguy\u00ean li\u1ec7u kh\u00f4ng bi\u1ebfn \u0111\u1ed5i gen, \u0111\u01b0\u1ee3c s\u1ea3n xu\u1ea5t t\u1ea1i c\u00e1c c\u01a1 s\u1edf s\u1ea3n xu\u1ea5t \u0111\u01b0\u1ee3c ch\u1ee9ng nh\u1eadn HACCP.<\/span><\/p>\n<p dir=\"ltr\"><img decoding=\"async\" class=\"wp-image-22760 aligncenter\" src=\"https:\/\/havamall.vn\/wp-content\/uploads\/2021\/10\/socola-2-300x200.png\" alt=\"\" width=\"781\" height=\"520\" srcset=\"https:\/\/havamall.vn\/wp-content\/uploads\/2021\/10\/socola-2-300x200.png 300w, https:\/\/havamall.vn\/wp-content\/uploads\/2021\/10\/socola-2-430x286.png 430w, https:\/\/havamall.vn\/wp-content\/uploads\/2021\/10\/socola-2-150x100.png 150w, https:\/\/havamall.vn\/wp-content\/uploads\/2021\/10\/socola-2-700x466.png 700w, https:\/\/havamall.vn\/wp-content\/uploads\/2021\/10\/socola-2-768x511.png 768w, https:\/\/havamall.vn\/wp-content\/uploads\/2021\/10\/socola-2-1024x681.png 1024w, https:\/\/havamall.vn\/wp-content\/uploads\/2021\/10\/socola-2-1200x798.png 1200w, https:\/\/havamall.vn\/wp-content\/uploads\/2021\/10\/socola-2-600x399.png 600w\" sizes=\"(max-width: 781px) 100vw, 781px\" \/><\/p>\n<p dir=\"ltr\">B\u00e1nh vi\u00ean bi v\u1ecb chu\u1ed1i Tiovivo ch\u00ednh l\u00e0 m\u00f3n b\u00e1nh \u0103n h\u1ea5p d\u1eabn. B\u00e1nh gi\u00f2n tan, ng\u1ecdt b\u00f9i b\u00f9i v\u1edbi l\u1edbp v\u1ecb chu\u1ed1i th\u01a1m ngon s\u1ebd l\u00e0m h\u00e0i l\u00f2ng c\u1ea3 nh\u1eefng th\u1ef1c kh\u00e1ch kh\u00f3 t\u00ednh nh\u1ea5t. T\u1eebng vi\u00ean snack tr\u00f2n tr\u00f2n xinh xinh th\u01a1m l\u1eebng v\u1ecb chu\u1ed1i m\u1ec1m m\u1ecbn, ngon n\u1ee9c, ch\u1eafc ch\u1eafn l\u00e0 h\u01b0\u01a1ng v\u1ecb m\u00e0 c\u1ea3 ng\u01b0\u1eddi l\u1edbn v\u00e0 tr\u1ebb em \u0111\u1ec1u th\u00edch.<\/p>\n<p><img decoding=\"async\" class=\"wp-image-22768 aligncenter\" src=\"https:\/\/havamall.vn\/wp-content\/uploads\/2021\/10\/banana-3-300x300.png\" alt=\"\" width=\"785\" height=\"785\" srcset=\"https:\/\/havamall.vn\/wp-content\/uploads\/2021\/10\/banana-3-300x300.png 300w, https:\/\/havamall.vn\/wp-content\/uploads\/2021\/10\/banana-3-430x430.png 430w, https:\/\/havamall.vn\/wp-content\/uploads\/2021\/10\/banana-3-150x150.png 150w, https:\/\/havamall.vn\/wp-content\/uploads\/2021\/10\/banana-3-700x700.png 700w, https:\/\/havamall.vn\/wp-content\/uploads\/2021\/10\/banana-3-768x768.png 768w, https:\/\/havamall.vn\/wp-content\/uploads\/2021\/10\/banana-3-1024x1024.png 1024w, https:\/\/havamall.vn\/wp-content\/uploads\/2021\/10\/banana-3-1200x1200.png 1200w, https:\/\/havamall.vn\/wp-content\/uploads\/2021\/10\/banana-3-600x600.png 600w, https:\/\/havamall.vn\/wp-content\/uploads\/2021\/10\/banana-3-100x100.png 100w, https:\/\/havamall.vn\/wp-content\/uploads\/2021\/10\/banana-3.png 1440w\" sizes=\"(max-width: 785px) 100vw, 785px\" \/><\/p>\n<p>Snack chu\u1ed1i Tiovivo v\u1edbi m\u1ed9t s\u1ed1 th\u00e0nh ph\u1ea7n dinh d\u01b0\u1ee1ng s\u1ebd gi\u00fap c\u01a1 th\u1ec3 b\u1ea1n tr\u00e0n \u0111\u1ea7y n\u0103ng l\u01b0\u1ee3ng, tinh th\u1ea7n vui v\u1ebb, tho\u1ea3i m\u00e1i, gi\u1ea3m c\u0103ng th\u1eb3ng, m\u1ec7t m\u1ecfi, \u0111\u1ed3ng th\u1eddi c\u00f2n gi\u00fap b\u1ea3o v\u1ec7 tim m\u1ea1ch kh\u1ecfe m\u1ea1nh.<\/p>\n<p><img loading=\"lazy\" decoding=\"async\" class=\"wp-image-22769 aligncenter\" src=\"https:\/\/havamall.vn\/wp-content\/uploads\/2021\/10\/\uba54\uc778-300x300.png\" alt=\"\" width=\"789\" height=\"789\" srcset=\"https:\/\/havamall.vn\/wp-content\/uploads\/2021\/10\/\uba54\uc778-300x300.png 300w, https:\/\/havamall.vn\/wp-content\/uploads\/2021\/10\/\uba54\uc778-430x430.png 430w, https:\/\/havamall.vn\/wp-content\/uploads\/2021\/10\/\uba54\uc778-150x150.png 150w, https:\/\/havamall.vn\/wp-content\/uploads\/2021\/10\/\uba54\uc778-700x700.png 700w, https:\/\/havamall.vn\/wp-content\/uploads\/2021\/10\/\uba54\uc778-768x768.png 768w, https:\/\/havamall.vn\/wp-content\/uploads\/2021\/10\/\uba54\uc778-600x600.png 600w, https:\/\/havamall.vn\/wp-content\/uploads\/2021\/10\/\uba54\uc778-100x100.png 100w, https:\/\/havamall.vn\/wp-content\/uploads\/2021\/10\/\uba54\uc778.png 1000w\" sizes=\"(max-width: 789px) 100vw, 789px\" \/><\/p>\n<h3><strong>\u0110\u1eb7c \u0111i\u1ec3m n\u1ed5i b\u1eadt c\u1ee7a s\u1ea3n ph\u1ea9m:<\/strong><\/h3>\n<p>&gt; Vi\u00ean\u00a0snack tr\u00f2n tr\u00f2n \u00fa \u00fa v\u1edbi l\u1edbp ngo\u00e0i m\u00e0u v\u00e0ng b\u00f3ng \u0111\u1eb9p m\u1eaft.<\/p>\n<p>&gt; Vi\u00ean b\u00e1nh gi\u00f2n r\u1ee5m, r\u1ed3i tan ch\u1ea3y lan t\u1ecfa trong mi\u1ec7ng \u0103n c\u1ef1c th\u00edch, m\u00e0 kh\u00f4ng ng\u1ea5y.<\/p>\n<p>&gt; B\u00e1nh kh\u00f4ng qu\u00e1 ng\u1ecdt, kh\u00f4ng qu\u00e1 b\u00e9o, tr\u1ebb em hay ng\u01b0\u1eddi l\u1edbn \u0111\u1ec1u d\u1ec5 nghi\u1ec1n.<\/p>\n<p>&gt; \u0110\u1ea1t ch\u1ea5t l\u01b0\u1ee3ng qu\u1ed1c t\u1ebf t\u1eeb nguy\u00ean li\u1ec7u \u0111\u1ebfn quy tr\u00ecnh s\u1ea3n xu\u1ea5t. B\u00e1nh vi\u00ean v\u1ecb chu\u1ed1i ngon v\u00ec \u0111\u01b0\u1ee3c t\u1ea1o n\u00ean t\u1eeb th\u00e0nh ph\u1ea7n cao c\u1ea5p, ch\u1ea5t l\u01b0\u1ee3ng, an to\u00e0n cho s\u1ee9c kh\u1ecfe.<\/p>\n<p>&gt; \u0110\u01b0\u1ee3c \u0111\u00f3ng g\u00f3i nh\u1ecf g\u1ecdn d\u1ec5 d\u00e0ng mang theo b\u1ea5t k\u1ef3 \u0111\u00e2u.<\/p>\n<p>S\u1ea3n ph\u1ea9m hi\u1ec7n \u0111\u00e3 c\u00f3 m\u1eb7t t\u1ea1i Havamall.<\/p>","protected":false},"excerpt":{"rendered":"<p>TH\u00d4NG TIN S\u1ea2N PH\u1ea8M Th\u01b0\u01a1ng hi\u1ec7u Tiovivo Xu\u1ea5t x\u1ee9 H\u00e0n Qu\u1ed1c Th\u00e0nh ph\u1ea7n Socola tr\u1eafng protein kh\u00f4ng \u0111\u01b0\u1eddng, Milk Protein<\/p>","protected":false},"featured_media":22770,"comment_status":"open","ping_status":"closed","template":"","meta":[],"product_brand":[],"product_cat":[36,133],"product_tag":[],"class_list":{"0":"post-22766","1":"product","2":"type-product","3":"status-publish","4":"has-post-thumbnail","6":"product_cat-thuc-pham-tieu-dung","7":"product_cat-banh-keo-chocolate","9":"first","10":"outofstock","11":"sale","12":"shipping-taxable","13":"purchasable","14":"product-type-simple"},"_links":{"self":[{"href":"https:\/\/havamall.vn\/en\/wp-json\/wp\/v2\/product\/22766"}],"collection":[{"href":"https:\/\/havamall.vn\/en\/wp-json\/wp\/v2\/product"}],"about":[{"href":"https:\/\/havamall.vn\/en\/wp-json\/wp\/v2\/types\/product"}],"replies":[{"embeddable":true,"href":"https:\/\/havamall.vn\/en\/wp-json\/wp\/v2\/comments?post=22766"}],"version-history":[{"count":0,"href":"https:\/\/havamall.vn\/en\/wp-json\/wp\/v2\/product\/22766\/revisions"}],"wp:featuredmedia":[{"embeddable":true,"href":"https:\/\/havamall.vn\/en\/wp-json\/wp\/v2\/media\/22770"}],"wp:attachment":[{"href":"https:\/\/havamall.vn\/en\/wp-json\/wp\/v2\/media?parent=22766"}],"wp:term":[{"taxonomy":"product_brand","embeddable":true,"href":"https:\/\/havamall.vn\/en\/wp-json\/wp\/v2\/product_brand?post=22766"},{"taxonomy":"product_cat","embeddable":true,"href":"https:\/\/havamall.vn\/en\/wp-json\/wp\/v2\/product_cat?post=22766"},{"taxonomy":"product_tag","embeddable":true,"href":"https:\/\/havamall.vn\/en\/wp-json\/wp\/v2\/product_tag?post=22766"}],"curies":[{"name":"wp","href":"https:\/\/api.w.org\/{rel}","templated":true}]}}