{"id":22645,"date":"2021-10-07T13:56:58","date_gmt":"2021-10-07T06:56:58","guid":{"rendered":"https:\/\/havamall.vn\/?post_type=product&#038;p=22645"},"modified":"2022-11-02T11:17:25","modified_gmt":"2022-11-02T04:17:25","slug":"bot-lam-sua-chua-dong-lanh-la-sicilia-1-6kg-frozen-yogurt-powder","status":"publish","type":"product","link":"https:\/\/havamall.vn\/en\/shop\/bot-lam-sua-chua-dong-lanh-la-sicilia-1-6kg-frozen-yogurt-powder\/","title":{"rendered":"B\u1ed9t L\u00e0m S\u1eefa Chua \u0110\u00f4ng L\u1ea1nh La Sicilia 1.6kg &#8211; Frozen Yogurt Powder"},"content":{"rendered":"<p>Lasicilia Ra \u0111\u1eddi t\u1ea1i Cesena, \u00dd, v\u00e0o n\u0103m 1959, l\u00e0 m\u1ed9t trong nh\u1eefng c\u00f4ng ty \u0111\u1ea7u ti\u00ean cung c\u1ea5p B\u00e1nh K\u1eb9o, S\u1eefa chua Frozen Yogurt La Sicilia v\u00e0 kem m\u1ec1m Soft Ice Cream<\/p>\n<div>\n<p>\u0110\u1ed1i v\u1edbi s\u1eefa chua th\u00f4ng th\u01b0\u1eddng b\u1ea1n ph\u1ea3i b\u1ea3o qu\u1ea3n ch\u00fang trong t\u1ee7 l\u1ea1nh, th\u1eddi gian s\u1eed d\u1ee5ng ng\u1eafn. \u0110\u1ebfn khi\u00a0b\u1ed9t l\u00e0m s\u1eefa chua \u0111\u00f4ng l\u1ea1nh\u00a0xu\u1ea5t hi\u1ec7n, ch\u00fang \u0111\u01b0\u1ee3c \u1ee9ng d\u1ee5ng r\u1ed9ng r\u00e3i t\u1ea1i c\u00e1c qu\u00e1n pha ch\u1ebf. Chi\u1ebfm l\u0129nh \u0111\u01b0\u1ee3c nhi\u1ec1u t\u00ecnh c\u1ea3m c\u1ee7a ng\u01b0\u1eddi d\u00f9ng tr\u00ean th\u1ecb tr\u01b0\u1eddng v\u1edbi nhi\u1ec1u ti\u1ec7n d\u1ee5ng.<\/p>\n<p><img fetchpriority=\"high\" decoding=\"async\" class=\"wp-image-22648 aligncenter\" src=\"https:\/\/havamall.vn\/wp-content\/uploads\/2021\/10\/s\u1eefa-chua-1-300x200.png\" alt=\"\" width=\"724\" height=\"483\" srcset=\"https:\/\/havamall.vn\/wp-content\/uploads\/2021\/10\/s\u1eefa-chua-1-300x200.png 300w, https:\/\/havamall.vn\/wp-content\/uploads\/2021\/10\/s\u1eefa-chua-1-430x287.png 430w, https:\/\/havamall.vn\/wp-content\/uploads\/2021\/10\/s\u1eefa-chua-1-150x100.png 150w, https:\/\/havamall.vn\/wp-content\/uploads\/2021\/10\/s\u1eefa-chua-1-700x467.png 700w, https:\/\/havamall.vn\/wp-content\/uploads\/2021\/10\/s\u1eefa-chua-1-768x512.png 768w, https:\/\/havamall.vn\/wp-content\/uploads\/2021\/10\/s\u1eefa-chua-1-1024x683.png 1024w, https:\/\/havamall.vn\/wp-content\/uploads\/2021\/10\/s\u1eefa-chua-1-600x400.png 600w, https:\/\/havamall.vn\/wp-content\/uploads\/2021\/10\/s\u1eefa-chua-1.png 1100w\" sizes=\"(max-width: 724px) 100vw, 724px\" \/><\/p>\n<p>B\u1ed9t l\u00e0m s\u1eefa chua La Sicilia v\u1edbi h\u01b0\u01a1ng v\u1ecb \u1ea5n t\u01b0\u1ee3ng, \u0111\u1eadm \u0111\u00e0 m\u00f9i s\u1eefa chua khi\u1ebfn nh\u1eefng ly \u0111\u1ed3 u\u1ed1ng tr\u1edf n\u00ean \u0111\u1eb7c bi\u1ec7t h\u01a1n bao gi\u1edd h\u1ebft. H\u01a1n n\u1eefa l\u01b0\u1ee3ng d\u00f9ng c\u0169ng \u0111\u01b0\u1ee3c ti\u1ebft ki\u1ec7m h\u01a1n s\u1eefa chua th\u00f4ng th\u01b0\u1eddng kh\u00f4ng nh\u1eefng mang \u0111\u1ebfn hi\u1ec7u qu\u1ea3 r\u00f5 r\u1ec7t. M\u00e0 ch\u00fang c\u00f2n l\u00e0m t\u0103ng h\u01b0\u01a1ng v\u1ecb tr\u00e1i c\u00e2y \u0111i k\u00e8m, gi\u1ea3m h\u00e0m l\u01b0\u1ee3ng b\u1ed9t mix trong nh\u1eefng m\u00f3n smoothie.<\/p>\n<p><img decoding=\"async\" class=\"wp-image-22649 aligncenter\" src=\"https:\/\/havamall.vn\/wp-content\/uploads\/2021\/10\/s\u1eefa-chua-3-300x200.png\" alt=\"\" width=\"725\" height=\"483\" srcset=\"https:\/\/havamall.vn\/wp-content\/uploads\/2021\/10\/s\u1eefa-chua-3-300x200.png 300w, https:\/\/havamall.vn\/wp-content\/uploads\/2021\/10\/s\u1eefa-chua-3-430x287.png 430w, https:\/\/havamall.vn\/wp-content\/uploads\/2021\/10\/s\u1eefa-chua-3-150x100.png 150w, https:\/\/havamall.vn\/wp-content\/uploads\/2021\/10\/s\u1eefa-chua-3-700x467.png 700w, https:\/\/havamall.vn\/wp-content\/uploads\/2021\/10\/s\u1eefa-chua-3-768x512.png 768w, https:\/\/havamall.vn\/wp-content\/uploads\/2021\/10\/s\u1eefa-chua-3-1024x682.png 1024w, https:\/\/havamall.vn\/wp-content\/uploads\/2021\/10\/s\u1eefa-chua-3-1200x800.png 1200w, https:\/\/havamall.vn\/wp-content\/uploads\/2021\/10\/s\u1eefa-chua-3-600x400.png 600w, https:\/\/havamall.vn\/wp-content\/uploads\/2021\/10\/s\u1eefa-chua-3.png 1697w\" sizes=\"(max-width: 725px) 100vw, 725px\" \/><\/p>\n<p>B\u1ed9t l\u00e0m s\u1eefa chua \u0111\u00f4ng l\u1ea1nh\u00a0La Sicilia\u00a0l\u00e0 s\u1ef1 k\u1ebft h\u1ee3p ho\u00e0n h\u1ea3o gi\u1eefa c\u00f4ng ngh\u1ec7 hi\u1ec7n \u0111\u1ea1i v\u00e0 ngu\u1ed3n nguy\u00ean li\u1ec7u ch\u1ea5t l\u01b0\u1ee3ng. Kh\u00e1ch h\u00e0ng c\u00f3 th\u1ec3 s\u1eed d\u1ee5ng s\u1ea3n ph\u1ea9m \u0111\u1ec3 t\u1ea1o ra kem s\u1eefa chua, s\u1eefa chua tr\u00e1ng mi\u1ec7ng c\u0169ng nh\u01b0 nh\u1eefng th\u1ee9c u\u1ed1ng th\u01a1m ngon t\u1ed1t cho cho h\u1ec7 ti\u00eau h\u00f3a.<\/p>\n<p><img decoding=\"async\" class=\"aligncenter\" src=\"https:\/\/havamall.vn\/wp-content\/uploads\/2021\/10\/Yoghurt-Pots-Final-1400x919-2aa74c0e-2450-4010-949c-8bb6758017d3-0-1400x919.jpg\" alt=\"Fruity Yogurt Cups | Healthy Dessert Recipes | Tesco Real Food\" width=\"722\" height=\"474\" \/><\/p>\n<p>B\u1ed9t l\u00e0m s\u1eefa chua La Sicilia \u0111\u01b0\u1ee3c nh\u1eadp kh\u1ea9u t\u1eeb \u00dd, s\u1ea3n ph\u1ea9m kh\u00f4ng ch\u1ee9a Gluten v\u00e0 Lactose. B\u1ed9t l\u00e0m s\u1eefa chua La Sicilia \u0111\u00e3 \u0111\u1ea1t \u0111\u01b0\u1ee3c ch\u1ee9ng nh\u1eadn Halal v\u00e0 Kosher.\u00a0C\u00f3 th\u1ec3 cho th\u00eam c\u00e1c v\u1ecb kh\u00e1c \u0111\u1ec3 t\u1ea1o n\u00ean h\u01b0\u01a1ng v\u1ecb \u0111\u1ed9c \u0111\u00e1o cho s\u1ea3n ph\u1ea9m : chocolate, d\u00e2u, v\u00e0 c\u00e1c lo\u1ea1i tr\u00e1i c\u00e2y t\u0103ng th\u00eam m\u00f9i v\u1ecb. S\u1ea3n ph\u1ea9m th\u00edch h\u1ee3p cho gia \u0111\u00ecnh, li\u00ean hoan.<\/p>\n<p><img loading=\"lazy\" decoding=\"async\" class=\"wp-image-22650 aligncenter\" src=\"https:\/\/havamall.vn\/wp-content\/uploads\/2021\/10\/s\u1eefa-chua-2-300x188.png\" alt=\"\" width=\"724\" height=\"454\" srcset=\"https:\/\/havamall.vn\/wp-content\/uploads\/2021\/10\/s\u1eefa-chua-2-300x188.png 300w, https:\/\/havamall.vn\/wp-content\/uploads\/2021\/10\/s\u1eefa-chua-2-430x269.png 430w, https:\/\/havamall.vn\/wp-content\/uploads\/2021\/10\/s\u1eefa-chua-2-150x94.png 150w, https:\/\/havamall.vn\/wp-content\/uploads\/2021\/10\/s\u1eefa-chua-2-700x438.png 700w, https:\/\/havamall.vn\/wp-content\/uploads\/2021\/10\/s\u1eefa-chua-2-768x480.png 768w, https:\/\/havamall.vn\/wp-content\/uploads\/2021\/10\/s\u1eefa-chua-2-600x375.png 600w, https:\/\/havamall.vn\/wp-content\/uploads\/2021\/10\/s\u1eefa-chua-2.png 800w\" sizes=\"(max-width: 724px) 100vw, 724px\" \/><\/p>\n<p>Kh\u00f4ng c\u1ea7n th\u1ef1c hi\u1ec7n c\u1ea7u k\u1ef3 trong c\u00e1c c\u00f4ng th\u1ee9c l\u00e0m s\u1eefa chua m\u00e0 ch\u1ec9 c\u1ea7n v\u1edbi v\u00e0i b\u01b0\u1edbc c\u01a1 b\u1ea3n. B\u1ea1n c\u00f3 cho m\u00ecnh nh\u1eefng c\u00f4ng th\u1ee9c u\u1ed1ng tuy\u1ec7t v\u1eddi m\u00e0 kh\u00f4ng c\u1ea7n c\u1ea7u k\u1ef3 trong kh\u00e2u l\u00ean men. \u1ee8ng d\u1ee5ng ch\u1ee7 y\u1ebfu: l\u00e0m s\u1eefa chua u\u1ed1ng, smoothie \u0111\u00e1 xay,\u2026<\/p>\n<\/div>\n<p>Kem s\u1eefa chua \u0111\u00fang chu\u1ea9n Italia, v\u1edbi h\u01b0\u01a1ng v\u1ecb thanh m\u00e1t \u0111\u1eb7c tr\u01b0ng, v\u1ecb kem \u00edt b\u00e9o. c\u00f3 ch\u1ee9a l\u1ee3i khu\u1ea9n t\u1ed1t cho s\u1ee9c kh\u1ecfe c\u1ee7a b\u1ea1n. L\u00e0m S\u1eefa Chua Theo C\u00e1ch Th\u1ee7 C\u00f4ng Italia T\u1ef7 L\u1ec7 : 1,6Kg s\u1eefa chua tr\u1ed9n \u0111\u1ec1u cho 6 l\u00edt s\u1eefa t\u01b0\u01a1i.<\/p>\n<p><img loading=\"lazy\" decoding=\"async\" class=\"wp-image-22651 aligncenter\" src=\"https:\/\/havamall.vn\/wp-content\/uploads\/2021\/10\/kem-s\u1eefa-chua-300x200.png\" alt=\"\" width=\"734\" height=\"489\" srcset=\"https:\/\/havamall.vn\/wp-content\/uploads\/2021\/10\/kem-s\u1eefa-chua-300x200.png 300w, https:\/\/havamall.vn\/wp-content\/uploads\/2021\/10\/kem-s\u1eefa-chua-430x287.png 430w, https:\/\/havamall.vn\/wp-content\/uploads\/2021\/10\/kem-s\u1eefa-chua-150x100.png 150w, https:\/\/havamall.vn\/wp-content\/uploads\/2021\/10\/kem-s\u1eefa-chua-700x467.png 700w, https:\/\/havamall.vn\/wp-content\/uploads\/2021\/10\/kem-s\u1eefa-chua-768x512.png 768w, https:\/\/havamall.vn\/wp-content\/uploads\/2021\/10\/kem-s\u1eefa-chua-1024x683.png 1024w, https:\/\/havamall.vn\/wp-content\/uploads\/2021\/10\/kem-s\u1eefa-chua-1200x800.png 1200w, https:\/\/havamall.vn\/wp-content\/uploads\/2021\/10\/kem-s\u1eefa-chua-600x400.png 600w, https:\/\/havamall.vn\/wp-content\/uploads\/2021\/10\/kem-s\u1eefa-chua.png 1500w\" sizes=\"(max-width: 734px) 100vw, 734px\" \/><\/p>\n<h3><strong>H\u01b0\u1edbng d\u1eabn s\u1eed d\u1ee5ng:<\/strong><\/h3>\n<p>B\u01b0\u1edbc 1 : L\u1ea5y s\u1eefa chua theo t\u1ec9 l\u1ec7 c\u1ea7n d\u00f9ng pha v\u1edbi s\u1eefa t\u01b0\u01a1ng \u1ee9ng. V\u00ed D\u1ee5 : 260 Gram S\u1eefa Chua YOGA FROZEN Lasicilia T\u01b0\u01a1ng \u1ee8ng V\u1edbi 1 L\u00edt S\u1eefa T\u01b0\u01a1i 520 Gram S\u1eefa Chua YOGA FROZEN Lasicilia T\u01b0\u01a1ng \u1ee8ng V\u1edbi 2 L\u00edt S\u1eefa T\u01b0\u01a1i<\/p>\n<p>B\u01b0\u1edbc 2 : \u0110\u00e1nh \u0111\u1ec1u gi\u1eefa b\u1ed9t v\u00e0 s\u1eefa<\/p>\n<p>B\u01b0\u1edbc 3 : Chia theo s\u1ed1 ph\u1ea7n c\u1ea7n d\u00f9ng v\u00e0 h\u1ed9p s\u1eefa ,ho\u1eb7c th\u1ee7y tinh<\/p>\n<p>B\u01b0\u1edbc 4 : B\u1ecf v\u00e0o t\u1ee7 \u0111\u00f4ng<\/p>\n<p>B\u01b0\u1edbc 5 : Sau 4 gi\u1edd l\u1ea5y ra th\u01b0\u1edfng th\u1ee9c<\/p>\n<p><img loading=\"lazy\" decoding=\"async\" class=\"wp-image-22652 aligncenter\" src=\"https:\/\/havamall.vn\/wp-content\/uploads\/2021\/10\/s\u1eefa-chua-241x300.png\" alt=\"\" width=\"748\" height=\"931\" srcset=\"https:\/\/havamall.vn\/wp-content\/uploads\/2021\/10\/s\u1eefa-chua-241x300.png 241w, https:\/\/havamall.vn\/wp-content\/uploads\/2021\/10\/s\u1eefa-chua-430x535.png 430w, https:\/\/havamall.vn\/wp-content\/uploads\/2021\/10\/s\u1eefa-chua-150x187.png 150w, https:\/\/havamall.vn\/wp-content\/uploads\/2021\/10\/s\u1eefa-chua-700x872.png 700w, https:\/\/havamall.vn\/wp-content\/uploads\/2021\/10\/s\u1eefa-chua-768x956.png 768w, https:\/\/havamall.vn\/wp-content\/uploads\/2021\/10\/s\u1eefa-chua-822x1024.png 822w, https:\/\/havamall.vn\/wp-content\/uploads\/2021\/10\/s\u1eefa-chua-600x747.png 600w, https:\/\/havamall.vn\/wp-content\/uploads\/2021\/10\/s\u1eefa-chua.png 1000w\" sizes=\"(max-width: 748px) 100vw, 748px\" \/><\/p>\n<h3><strong>\u0110\u1eb7c \u0111i\u1ec3m n\u1ed5i b\u1eadt c\u1ee7a s\u1ea3n ph\u1ea9m:<\/strong><\/h3>\n<p>\u2022 Kem s\u1eefa chua \u0111\u00fang chu\u1ea9n Italia, v\u1edbi h\u01b0\u01a1ng v\u1ecb thanh m\u00e1t \u0111\u1eb7c tr\u01b0ng, v\u1ecb kem \u00edt b\u00e9o. c\u00f3 ch\u1ee9a l\u1ee3i khu\u1ea9n t\u1ed1t cho s\u1ee9c kh\u1ecfe c\u1ee7a b\u1ea1n.<\/p>\n<p>\u2022 Si\u00eau \u0111\u01a1n gi\u1ea3n, ti\u1ec7n l\u1ee3i. Ch\u1ec9 c\u1ea7n pha t\u1ef7 l\u1ec7 n\u01b0\u1edbc\/s\u1eefa kh\u00f4ng \u0111\u01b0\u1eddng theo h\u01b0\u1edbng d\u1eabn v\u00e0 cho v\u00e0o m\u00e1y l\u00e0m kem<\/p>\n<p>\u2022 Th\u00e0nh ph\u1ea7n kh\u00f4ng ch\u1ee9a gluten ( gluten free) an to\u00e0n cho s\u1ee9c kh\u1ecfe<\/p>\n<p>\u2022 S\u1ea3n ph\u1ea9m s\u1eefa chua \u0111\u00f4ng l\u1ea1nh c\u00f3 th\u1ec3 pha th\u00eam h\u01b0\u01a1ng v\u1ecb t\u00f9y th\u00edch, th\u01b0\u1edfng th\u1ee9c k\u00e8m v\u1edbi topping, Siro, b\u00e1nh \u1ed1c qu\u1ebf hay hoa qu\u1ea3 c\u1eaft l\u00e1t.<\/p>\n<p>S\u1ea3n ph\u1ea9m hi\u1ec7n \u0111\u00e3 c\u00f3 m\u1eb7t t\u1ea1i Havamall.<\/p>\n<p><img loading=\"lazy\" decoding=\"async\" class=\"wp-image-21082 aligncenter\" src=\"https:\/\/havamall.vn\/wp-content\/uploads\/2021\/07\/Hinh_4-1-300x200.jpg\" alt=\"\" width=\"753\" height=\"503\" srcset=\"https:\/\/havamall.vn\/wp-content\/uploads\/2021\/07\/Hinh_4-1-300x200.jpg 300w, https:\/\/havamall.vn\/wp-content\/uploads\/2021\/07\/Hinh_4-1-430x287.jpg 430w, https:\/\/havamall.vn\/wp-content\/uploads\/2021\/07\/Hinh_4-1-150x100.jpg 150w, https:\/\/havamall.vn\/wp-content\/uploads\/2021\/07\/Hinh_4-1-700x467.jpg 700w, https:\/\/havamall.vn\/wp-content\/uploads\/2021\/07\/Hinh_4-1-768x512.jpg 768w, https:\/\/havamall.vn\/wp-content\/uploads\/2021\/07\/Hinh_4-1-1024x683.jpg 1024w, https:\/\/havamall.vn\/wp-content\/uploads\/2021\/07\/Hinh_4-1-1200x800.jpg 1200w, https:\/\/havamall.vn\/wp-content\/uploads\/2021\/07\/Hinh_4-1-600x400.jpg 600w, https:\/\/havamall.vn\/wp-content\/uploads\/2021\/07\/Hinh_4-1.jpg 1225w\" sizes=\"(max-width: 753px) 100vw, 753px\" \/><\/p>","protected":false},"excerpt":{"rendered":"<p>Lasicilia Ra \u0111\u1eddi t\u1ea1i Cesena, \u00dd, v\u00e0o n\u0103m 1959, l\u00e0 m\u1ed9t trong nh\u1eefng c\u00f4ng ty \u0111\u1ea7u ti\u00ean cung c\u1ea5p B\u00e1nh<\/p>","protected":false},"featured_media":23438,"comment_status":"open","ping_status":"closed","template":"","meta":[],"product_brand":[],"product_cat":[36],"product_tag":[],"class_list":{"0":"post-22645","1":"product","2":"type-product","3":"status-publish","4":"has-post-thumbnail","6":"product_cat-thuc-pham-tieu-dung","7":"pa_brand-lasicilia","9":"first","10":"outofstock","11":"sale","12":"shipping-taxable","13":"purchasable","14":"product-type-simple"},"_links":{"self":[{"href":"https:\/\/havamall.vn\/en\/wp-json\/wp\/v2\/product\/22645"}],"collection":[{"href":"https:\/\/havamall.vn\/en\/wp-json\/wp\/v2\/product"}],"about":[{"href":"https:\/\/havamall.vn\/en\/wp-json\/wp\/v2\/types\/product"}],"replies":[{"embeddable":true,"href":"https:\/\/havamall.vn\/en\/wp-json\/wp\/v2\/comments?post=22645"}],"version-history":[{"count":0,"href":"https:\/\/havamall.vn\/en\/wp-json\/wp\/v2\/product\/22645\/revisions"}],"wp:featuredmedia":[{"embeddable":true,"href":"https:\/\/havamall.vn\/en\/wp-json\/wp\/v2\/media\/23438"}],"wp:attachment":[{"href":"https:\/\/havamall.vn\/en\/wp-json\/wp\/v2\/media?parent=22645"}],"wp:term":[{"taxonomy":"product_brand","embeddable":true,"href":"https:\/\/havamall.vn\/en\/wp-json\/wp\/v2\/product_brand?post=22645"},{"taxonomy":"product_cat","embeddable":true,"href":"https:\/\/havamall.vn\/en\/wp-json\/wp\/v2\/product_cat?post=22645"},{"taxonomy":"product_tag","embeddable":true,"href":"https:\/\/havamall.vn\/en\/wp-json\/wp\/v2\/product_tag?post=22645"}],"curies":[{"name":"wp","href":"https:\/\/api.w.org\/{rel}","templated":true}]}}