{"id":22643,"date":"2021-10-07T10:15:00","date_gmt":"2021-10-07T03:15:00","guid":{"rendered":"https:\/\/havamall.vn\/?post_type=product&#038;p=22643"},"modified":"2025-06-08T15:29:05","modified_gmt":"2025-06-08T08:29:05","slug":"bot-rieng-havafood-goi-100g-galangal-powder","status":"publish","type":"product","link":"https:\/\/havamall.vn\/en\/shop\/bot-rieng-havafood-goi-100g-galangal-powder\/","title":{"rendered":"B\u1ed9t Ri\u1ec1ng Havafood G\u00f3i 100G &#8211; Galangal Powder"},"content":{"rendered":"<p>Ri\u1ec1ng trong \u1ea9m th\u1ef1c l\u00e0 m\u1ed9t gia v\u1ecb \u0111\u1eadm m\u00f9i, h\u0103ng v\u00e0 c\u00f3 t\u00ednh n\u00f3ng, v\u1ecb ch\u00e1t h\u01a1n r\u1eebng. Trong c\u00e1c m\u00f3n \u0103n c\u00f3 m\u1eb7t c\u1ee7a ri\u1ec1ng \u0111\u1ec1u d\u1ec5 d\u00e0ng nh\u1eadn bi\u1ebft \u0111\u01b0\u1ee3c h\u01b0\u01a1ng v\u1ecb \u0111\u1eb7c tr\u01b0ng n\u00e0y. Do \u0111\u00f3, gia v\u1ecb ri\u1ec1ng th\u01b0\u1eddng \u0111\u01b0\u1ee3c k\u1ebft h\u1ee3p \u0111\u1ec3 kh\u1eed c\u00e1c m\u00f9i tanh, t\u1ea1o n\u00ean s\u1ef1 c\u00e2n b\u1eb1ng h\u01b0\u01a1ng v\u1ecb cho m\u00f3n \u0103n \u0111\u00f2i h\u1ecfi s\u1ef1 \u0111\u1eadm \u0111\u00e0 v\u00e0 tinh t\u1ebf.<\/p>\n<p><span style=\"font-weight: 400\">Ri\u00ea\u0300ng l\u00e0 ngu\u00f4\u0300n cung c\u00e2\u0301p d\u00f4\u0300i d\u00e0o c\u00e1c ch\u00e2\u0301t natri, s\u1eaft, ch\u00e2\u0301t x\u01a1, vitamin A, C v\u00e0 flavanoid\u2026 Nh\u1eefng d\u01b0\u1ee1ng ch\u00e2\u0301t n\u00e0y \u0111\u00f3ng m\u00f4\u0323t vai tr\u00f2 quan tr\u1ecdng trong vi\u00ea\u0323c duy tr\u00ec s\u1ef1 kh\u1ecfe m\u1ea1nh cho c\u01a1 th\u00ea\u0309. S\u1ea3n ph\u1ea9m \u0111\u01b0\u1ee3c ch\u1ebf bi\u1ebfn th\u00e0nh d\u1ea1ng b\u1ed9t gi\u00fap b\u1ea1n d\u1ec5 d\u00e0ng s\u1eed d\u1ee5ng trong ch\u1ebf bi\u1ebfn m\u00f3n \u0103n.<\/span><\/p>\n<p><img fetchpriority=\"high\" decoding=\"async\" class=\"wp-image-22635 aligncenter\" src=\"https:\/\/havamall.com\/wp-content\/uploads\/2025\/06\/bot-rieng-1-300x131.png\" alt=\"\" width=\"765\" height=\"334\" \/><\/p>\n<p>B\u1ed9t ri\u1ec1ng \u0111\u01b0\u1ee3c s\u1ea3n xu\u1ea5t v\u1edbi nguy\u00ean li\u1ec7u 100% ri\u1ec1ng t\u01b0\u01a1i nguy\u00ean ch\u1ea5t ch\u1ecdn l\u1ecdc k\u1ef9 l\u01b0\u1ee1ng, kh\u00f4ng ch\u1ea5t ph\u1ee5 gia, an to\u00e0n cho ng\u01b0\u1eddi s\u1eed d\u1ee5ng. S\u1ea3n ph\u1ea9m \u0111\u01b0\u1ee3c ch\u1ebf bi\u1ebfn v\u1edbi h\u1ec7 th\u1ed1ng m\u00e1y m\u00f3c s\u1ea5y kh\u00f4 an to\u00e0n. V\u1edbi s\u1ea3n ph\u1ea9m B\u1ed9t ri\u1ec1ng Havafood b\u1ea1n c\u00f3 th\u1ec3 s\u1eed d\u1ee5ng l\u00e0m gia v\u1ecb n\u1ea5u c\u00e0 ri, kho c\u00e1, gi\u1ea3 c\u1ea7y&#8230;, \u0111em l\u1ea1i m\u00f9i v\u1ecb th\u01a1m ngon, k\u00edch th\u00edch t\u0103ng kh\u1ea9u v\u1ecb c\u1ee7a m\u00f3n \u0103n.<\/p>\n<p>B\u1ed9t ri\u1ec1ng Havafood \u0111\u01b0\u1ee3c ch\u1ebf bi\u1ebfn t\u1eeb c\u1ee7 ri\u1ec1ng t\u01b0\u01a1i ch\u1ecdn l\u1ecdc ch\u1ea5t l\u01b0\u1ee3ng cao, s\u1eed d\u1ee5ng c\u00f4ng ngh\u1ec7 hi\u1ec7n \u0111\u1ea1i, s\u1ea5y kh\u00f4 sau \u0111\u00f3 nghi\u1ec1n th\u00e0nh b\u1ed9t m\u1ecbn. Qu\u00e1 tr\u00ecnh ch\u1ebf bi\u1ebfn kh\u00f4ng s\u1eed d\u1ee5ng c\u00e1c ph\u1ee5 gia, h\u00f3a ch\u1ea5t \u0111\u1ed9c h\u1ea1i.<\/p>\n<p><img decoding=\"async\" class=\"wp-image-22636 aligncenter\" src=\"https:\/\/havamall.com\/wp-content\/uploads\/2025\/06\/rieng-300x189.png\" alt=\"\" width=\"778\" height=\"490\" \/><\/p>\n<p>B\u1ed9t c\u1ee7 ri\u1ec1ngch\u1ee9a c\u00e1c ho\u1ea1t ch\u00e2\u0301t mang \u0111\u1eb7c t\u00ednh kh\u00e1ng vi\u00eam n\u00ean r\u00e2\u0301t c\u00f3 \u00edch trong vi\u00ea\u0323c h\u1ed7 tr\u1ee3 \u0111i\u1ec1u tr\u1ecb vi\u00eam kh\u1edbp, th\u00e2\u0301p kh\u1edbp, phong th\u00e2\u0301p, \u0111au c\u01a1 b\u1eafp v\u00e0 gi\u00fap v\u1ebft th\u01b0\u01a1ng mau l\u00e0nh m\u00e0 \u00edt \u0111\u00ea\u0309 l\u1ea1i s\u1eb9o. B\u00ean c\u1ea1nh \u0111\u00f3, b\u1ed9t c\u1ee7 ri\u1ec1ng c\u0169ng c\u00f2n c\u00f3 kh\u1ea3 n\u0103ng \u0111i\u00ea\u0300u tr\u1ecb ch\u1ee9ng kh\u00f3 ti\u00eau, gi\u00fap l\u00e0m gi\u1ea3m kh\u00f3 ch\u1ecbu g\u00e2y ra do vi\u00eam lo\u00e9t d\u1ea1 d\u00e0y.<\/p>\n<p>B\u1ed9t c\u1ee7 ri\u1ec1ng nguy\u00ean ch\u1ea5t c\u00f2n ch\u1ee9a nhi\u00ea\u0300u ch\u00e2\u0301t ch\u1ed1ng \u00f4xy h\u00f3a gi\u00fap gi\u1ea3m thi\u1ec3u c\u00e1c t\u00e1c h\u1ea1i g\u00e2y ra b\u1edfi c\u00e1c g\u1ed1c t\u1ef1 do v\u00e0 nh\u1eefng \u0111\u1ed9c t\u1ed1 kh\u00e1c trong c\u01a1 th\u1ec3. Nh\u1edd \u0111\u00f3 b\u1ed9t c\u1ee7 ri\u1ec1ng gi\u00fap ng\u1eeba v\u00e0 h\u1ed7 tr\u1ee3 \u0111i\u00ea\u0300u tr\u1ecb c\u00e1c c\u0103n b\u00ea\u0323nh v\u00ea\u0300 da nh\u01b0 gh\u1ebb, lang ben, l\u1edf lo\u00e9t v\u00e0 s\u01b0ng vi\u00eam.<\/p>\n<p><img decoding=\"async\" class=\"wp-image-22637 aligncenter\" src=\"https:\/\/havamall.com\/wp-content\/uploads\/2025\/06\/bot-rieng-300x200.png\" alt=\"\" width=\"782\" height=\"522\" \/><\/p>\n<p>S\u1eed d\u1ee5ng b\u1ed9t c\u1ee7 ri\u1ec1ng kh\u00f4 trong b\u1eefa \u0103n gi\u00fap thi\u1ec7n s\u1ef1 l\u01b0u th\u00f4ng m\u00e1u trong c\u01a1 th\u1ec3.. Kh\u00f4ng ch\u1ec9 mang l\u1ea1i h\u01b0\u01a1ng v\u1ecb th\u01a1m ngon \u0111\u1eb7c bi\u1ec7t cho t\u1eebng m\u00f3n \u0103n,b\u1ed9t c\u1ee7 ri\u1ec1ng kh\u00f4c\u00f2n c\u00f3 t\u00e1c d\u1ee5ng h\u1ed7 tr\u1ee3 tr\u1ecb b\u1ec7nh.<\/p>\n<p>Ph\u1ed5 bi\u1ebfn nh\u1ea5t l\u00e0 s\u1ef1 k\u1ebft h\u1ee3p v\u1edbi c\u00e1c m\u00f3n c\u00e1 kho nh\u01b0 c\u00e1 b\u00f4ng lau, c\u00e1 qu\u1ea3. V\u1edbi nh\u1eefng m\u00f3n n\u00e0y, c\u00e1 t\u01b0\u01a1i \u0111\u01b0\u1ee3c \u0111un ch\u00edn tr\u1ef1c ti\u1ebfp b\u1eb1ng m\u1ed9t \u00edt n\u01b0\u1edbc \u1ea5m, k\u1ebft h\u1ee3p v\u1edbi c\u00e1c lo\u1ea1i gia v\u1ecb nh\u01b0 tinh b\u1ed9t ri\u1ec1ng, s\u1ea3, t\u1ecfi&#8230;<\/p>\n<p><img loading=\"lazy\" decoding=\"async\" class=\"wp-image-22638 aligncenter\" src=\"https:\/\/havamall.com\/wp-content\/uploads\/2025\/06\/bot-rieng-2-300x194.png\" alt=\"\" width=\"766\" height=\"495\" \/><\/p>\n<h3><strong>\u00a0H\u01b0\u1edbng d\u1eabn s\u1eed d\u1ee5ng:<\/strong><\/h3>\n<p><span style=\"font-weight: 400\">&#8211; D\u00f9ng l\u00e0m gia v\u1ecb n\u00eam n\u1ebfm, t\u1ea9m \u01b0\u1edbp c\u00e1c lo\u1ea1i th\u1ee9c \u0103n th\u00eam \u0111\u1eadm \u0111\u00e0, n\u1ea5u canh, s\u00fap,\u2026\u00a0<\/span><\/p>\n<p><span style=\"font-weight: 400\">&#8211; Tr\u1ed9n v\u1edbi th\u1ee9c \u0103n ho\u1eb7c t\u1ea9m \u01b0\u1edbp l\u00e0m gia v\u1ecb\u00a0\u00a0<\/span><\/p>\n<p><img loading=\"lazy\" decoding=\"async\" class=\"wp-image-22639 aligncenter\" src=\"https:\/\/havamall.com\/wp-content\/uploads\/2025\/06\/ca-kho-rieng-300x225.png\" alt=\"\" width=\"768\" height=\"576\" \/><\/p>\n<h3><strong>C\u00f4ng d\u1ee5ng c\u1ee7a ri\u1ec1ng:<\/strong><\/h3>\n<p><strong>\u25aa\ufe0f\u00a0<\/strong>Kh\u00e1ng vi\u00eam, s\u00e1t tr\u00f9ng<\/p>\n<p><strong>\u25aa\ufe0f\u00a0<\/strong>Th\u1ea3i \u0111\u1ed9c<\/p>\n<p><strong>\u25aa\ufe0f\u00a0<\/strong>Ch\u1ed1ng oxy h\u00f3a, ng\u0103n ch\u1eb7n g\u1ed1c t\u1ef1 do<\/p>\n<p><strong>\u25aa\ufe0f\u00a0<\/strong>C\u1ea3i thi\u1ec7n kh\u1ea3 n\u0103ng l\u01b0u th\u00f4ng tu\u1ea7n ho\u00e0n m\u00e1u<\/p>\n<p><strong>\u25aa\ufe0f\u00a0<\/strong>K\u00edch th\u00edch ti\u00eau h\u00f3a, gi\u1ea3m ti\u00eau ch\u1ea3y<\/p>\n<p><strong>\u25aa\ufe0f\u00a0<\/strong>Ph\u00f2ng ch\u1ed1ng bu\u1ed3n n\u00f4n v\u00e0 n\u00f4n \u00f3i<\/p>\n<p><strong>\u25aa\ufe0f\u00a0<\/strong>Ng\u0103n ng\u1eeba tho\u00e1i h\u00f3a n\u00e3o b\u1ed9, t\u0103ng c\u01b0\u1eddng ch\u1ee9c n\u0103ng nh\u1eadn th\u1ee9c<\/p>\n<p><strong>\u25aa\ufe0f\u00a0<\/strong>L\u00e0m v\u1ebft b\u1ecfng da nhanh l\u00e0nh<\/p>\n<p><strong>\u25aa\ufe0f\u00a0<\/strong>C\u1ea3i thi\u1ec7n h\u1ec7 mi\u1ec5n d\u1ecbch,&#8230;<\/p>\n<p>S\u1ea3n ph\u1ea9m hi\u1ec7n \u0111\u00e3 c\u00f3 m\u1eb7t t\u1ea1i Havamall.<\/p>","protected":false},"excerpt":{"rendered":"<p>Ri\u1ec1ng trong \u1ea9m th\u1ef1c l\u00e0 m\u1ed9t gia v\u1ecb \u0111\u1eadm m\u00f9i, h\u0103ng v\u00e0 c\u00f3 t\u00ednh n\u00f3ng, v\u1ecb ch\u00e1t h\u01a1n r\u1eebng. Trong<\/p>","protected":false},"featured_media":39258,"comment_status":"open","ping_status":"closed","template":"","meta":[],"product_brand":[],"product_cat":[595,36,134],"product_tag":[],"class_list":{"0":"post-22643","1":"product","2":"type-product","3":"status-publish","4":"has-post-thumbnail","6":"product_cat-gia-vi-va-che-bien","7":"product_cat-thuc-pham-tieu-dung","8":"product_cat-thucpham-saykho","9":"pa_brand-skx","11":"first","12":"instock","13":"sale","14":"shipping-taxable","15":"purchasable","16":"product-type-simple"},"_links":{"self":[{"href":"https:\/\/havamall.vn\/en\/wp-json\/wp\/v2\/product\/22643"}],"collection":[{"href":"https:\/\/havamall.vn\/en\/wp-json\/wp\/v2\/product"}],"about":[{"href":"https:\/\/havamall.vn\/en\/wp-json\/wp\/v2\/types\/product"}],"replies":[{"embeddable":true,"href":"https:\/\/havamall.vn\/en\/wp-json\/wp\/v2\/comments?post=22643"}],"version-history":[{"count":0,"href":"https:\/\/havamall.vn\/en\/wp-json\/wp\/v2\/product\/22643\/revisions"}],"wp:featuredmedia":[{"embeddable":true,"href":"https:\/\/havamall.vn\/en\/wp-json\/wp\/v2\/media\/39258"}],"wp:attachment":[{"href":"https:\/\/havamall.vn\/en\/wp-json\/wp\/v2\/media?parent=22643"}],"wp:term":[{"taxonomy":"product_brand","embeddable":true,"href":"https:\/\/havamall.vn\/en\/wp-json\/wp\/v2\/product_brand?post=22643"},{"taxonomy":"product_cat","embeddable":true,"href":"https:\/\/havamall.vn\/en\/wp-json\/wp\/v2\/product_cat?post=22643"},{"taxonomy":"product_tag","embeddable":true,"href":"https:\/\/havamall.vn\/en\/wp-json\/wp\/v2\/product_tag?post=22643"}],"curies":[{"name":"wp","href":"https:\/\/api.w.org\/{rel}","templated":true}]}}