{"id":22628,"date":"2021-10-06T14:12:00","date_gmt":"2021-10-06T07:12:00","guid":{"rendered":"https:\/\/havamall.vn\/?post_type=product&#038;p=22628"},"modified":"2025-06-11T11:41:48","modified_gmt":"2025-06-11T04:41:48","slug":"hat-thong-tach-vo-havafood-goi-100g-pelled-pine-nuts","status":"publish","type":"product","link":"https:\/\/havamall.vn\/en\/shop\/hat-thong-tach-vo-havafood-goi-100g-pelled-pine-nuts\/","title":{"rendered":"H\u1ea1t Th\u00f4ng T\u00e1ch V\u1ecf Havafood G\u00f3i 100G &#8211; Pelled Pine Nuts"},"content":{"rendered":"<p>Nh\u1eafc \u0111\u1ebfn c\u00e1c lo\u1ea1i h\u1ea1t kinh d\u01b0\u1ee1ng kh\u00f4ng th\u1ec3 kh\u00f4ng k\u1ec3 t\u1edbi h\u1ea1t th\u00f4ng \u2013 m\u1ed9t trong nh\u1eefng lo\u1ea1i h\u1ea1t \u0111\u01b0\u1ee3c t\u00ecm mua v\u00e0 s\u1eed d\u1ee5ng h\u00e0ng ng\u00e0y. B\u00ean c\u1ea1nh s\u1ea3n ph\u1ea9m h\u1ea1t th\u00f4ng nguy\u00ean v\u1ecf, c\u00e1c lo\u1ea1i h\u1ea1t th\u00f4ng t\u00e1ch s\u1eb5n v\u1ecf \u0111\u01b0\u1ee3c \u01b0a chu\u1ed9ng h\u01a1n h\u1eb3n.<\/p>\n<p>H\u1ea1t th\u00f4ng ch\u1ee9a nhi\u1ec1u ch\u1ea5t dinh d\u01b0\u1ee1ng c\u1ea7n thi\u1ebft bao g\u1ed3m vitamin, kho\u00e1ng ch\u1ea5t v\u00e0 ch\u1ea5t b\u00e9o c\u00f3 l\u1ee3i cho tim. Ch\u00fang c\u00f3 l\u01b0\u1ee3ng ch\u1ea5t b\u00e9o b\u00e3o h\u00f2a t\u1ed1i thi\u1ec3u. S\u1ef1 c\u00e2n b\u1eb1ng c\u1ee7a ch\u1ea5t b\u00e9o l\u00e0nh m\u1ea1nh, protein v\u00e0 ch\u1ea5t x\u01a1 trong m\u1ed9t kh\u1ea9u ph\u1ea7n h\u1ea1t th\u00f4ng c\u00f3 th\u1ec3 gi\u00fap gi\u1eef l\u01b0\u1ee3ng \u0111\u01b0\u1eddng trong m\u00e1u \u1ed5n \u0111\u1ecbnh, gi\u00fap ki\u1ec3m so\u00e1t b\u1ec7nh ti\u1ec3u \u0111\u01b0\u1eddng v\u00e0 h\u1ed7 tr\u1ee3 s\u1ee9c kh\u1ecfe tim m\u1ea1ch c\u1ee7a b\u1ea1n.<\/p>\n<p><img fetchpriority=\"high\" decoding=\"async\" class=\"wp-image-22619 aligncenter\" src=\"https:\/\/havamall.com\/wp-content\/uploads\/2025\/06\/hat-thong-1-300x200.png\" alt=\"\" width=\"739\" height=\"492\" \/><\/p>\n<p>H\u1ea1t th\u00f4ng l\u00e0 m\u1ed9t trong nh\u1eefng lo\u1ea1i h\u1ea1t kh\u00f3 thu ho\u1ea1ch nh\u1ea5t.\u00a0N\u00ean \u0111\u1eadp n\u00f3n, t\u00e1ch h\u1ea1t b\u1eb1ng tay s\u1ebd m\u1ea5t nhi\u1ec1u th\u1eddi gian.\u00a0\u0110\u00f3 l\u00e0 m\u1ed9t trong nh\u1eefng l\u00fd do t\u1ea1i sao h\u1ea1t th\u00f4ng l\u1ea1i \u0111\u1eaft nh\u01b0 v\u1eady.<\/p>\n<p>H\u1ea1t th\u00f4ng kh\u00f4ng nh\u1eefng c\u00f3 v\u1ecb b\u00f9i, th\u01a1m, ng\u1eady b\u00e9o \u0111\u1eb7c tr\u01b0ng. V\u1ecf h\u1ea1t l\u1ea1i gi\u00f2n m\u1ecfng, khi rang ch\u00edn th\u00ec s\u1ebd t\u1ef1 t\u00e1ch \u0111\u1ea7u h\u1ea1t, r\u1ea5t \u0111\u01a1n gi\u1ea3n \u0111\u1ec3 th\u01b0\u1edfng th\u1ee9c.<\/p>\n<p><img decoding=\"async\" class=\"wp-image-22620 aligncenter\" src=\"https:\/\/havamall.com\/wp-content\/uploads\/2025\/06\/hat-thong-2-300x200.png\" alt=\"\" width=\"722\" height=\"482\" \/><\/p>\n<h3><strong>C\u00f4ng d\u1ee5ng c\u1ee7a h\u1ea1t th\u00f4ng:<\/strong><\/h3>\n<p class=\"product_title entry-title\"><strong>\u25aa\ufe0f\u00a0<\/strong>Gi\u00fap gi\u1ea3m l\u01b0\u1ee3ng cholesterol trong m\u00e1u, c\u1ea3i thi\u1ec7n ch\u1ee9c n\u0103ng tu\u1ea7n ho\u00e0n v\u00e0 k\u00edch th\u00edch m\u00e1u l\u01b0u th\u00f4ng t\u1ed1t h\u01a1n. Mang \u0111\u1ebfn cho b\u1ea1n m\u1ed9t tr\u00e1i tim ho\u1ea1t \u0111\u1ed9ng kh\u1ecfe m\u1ea1nh.<\/p>\n<p><strong>\u25aa\ufe0f\u00a0<\/strong>C\u1ea3i thi\u1ec7n c\u00e1c ch\u1ee9ng m\u1ec7t m\u1ecfi, t\u0103ng c\u01b0\u1eddng s\u1ee9c \u0111\u1ec1 kh\u00e1ng v\u00e0 gi\u00fap c\u1ea3i thi\u1ec7n s\u1ee9c kh\u1ecfe cho ng\u01b0\u1eddi lao \u0111\u1ed9ng ch\u00e2n tay v\u00e0 lao \u0111\u1ed9ng tr\u00ed \u00f3c.<\/p>\n<p><strong>\u25aa\ufe0f\u00a0<\/strong>Gi\u00fap l\u00e0m \u0111\u1eb9p da, c\u1ea3i thi\u1ec7n l\u00e0n da th\u00e2m s\u1ea1m. Ng\u0103n ng\u1eeba qu\u00e1 tr\u00ecnh l\u00e3o h\u00f3a da s\u1edbm, h\u1ea1n ch\u1ebf h\u00ecnh th\u00e0nh c\u00e1c n\u1ebfp nh\u0103n, v\u1ebft ch\u00e2n chim,\u2026<\/p>\n<p><img decoding=\"async\" class=\"wp-image-22621 aligncenter\" src=\"https:\/\/havamall.com\/wp-content\/uploads\/2025\/06\/hat-thong-6-300x300.png\" alt=\"\" width=\"733\" height=\"733\" \/><\/p>\n<p><strong>\u25aa\ufe0f\u00a0<\/strong>\u0102n h\u1ea1t th\u00f4ng c\u00f2n ch\u1eefa tr\u1ecb nh\u1eefng ch\u1ee9ng b\u1ec7nh: ra m\u1ed3 h\u00f4i tr\u1ed9m, th\u00e2n th\u1ec3 suy nh\u01b0\u1ee3c, thi\u1ebfu m\u00e1u, bi\u1ebfng \u0103n, s\u1ee5t c\u00e2n,\u2026<\/p>\n<p><strong>\u25aa\ufe0f\u00a0<\/strong>Trong Y h\u1ecdc c\u1ed5 truy\u1ec1n, h\u1ea1t th\u00f4ng c\u00f3 t\u00ednh \u00f4n, v\u1ecb ng\u1ecdt n\u00ean c\u00f3 t\u00e1c d\u1ee5ng b\u1ed5 c\u1ed1t, nhu\u1eadn ph\u1ebf, nhu\u1eadn tr\u00e0ng, h\u00f2a huy\u1ebft, c\u01b0\u1eddng d\u01b0\u01a1ng, tr\u1eeb ho v\u00e0 th\u00f4ng \u0111\u1ea1i ti\u1ec7n.<\/p>\n<p><strong>\u25aa\ufe0f\u00a0<\/strong>Y h\u1ecdc hi\u1ec7n \u0111\u1ea1i qua nghi\u00ean c\u1ee9u c\u0169ng \u0111\u00e3 ph\u00e1t hi\u1ec7n: ch\u1ea5t b\u00e9o c\u00f3 trong nh\u00e2n h\u1ea1t th\u00f4ng ph\u1ea7n nhi\u1ec1u l\u00e0 Acid b\u00e9o kh\u00f4ng b\u00e3o h\u00f2a c\u00f3 \u00edch r\u1ea5t nhi\u1ec1u cho s\u1ee9c kh\u1ecfe c\u01a1 th\u1ec3.<\/p>\n<p><img loading=\"lazy\" decoding=\"async\" class=\"wp-image-22622 aligncenter\" src=\"https:\/\/havamall.com\/wp-content\/uploads\/2025\/06\/hat-thong-3-300x225.png\" alt=\"\" width=\"741\" height=\"556\" \/><\/p>\n<h3><strong>Th\u00e0nh ph\u1ea7n dinh d\u01b0\u1ee1ng trong 100g h\u1ea1t th\u00f4ng:<\/strong><\/h3>\n<p>&#8211;\u00a0N\u0103ng l\u01b0\u1ee3ng: 673Kcal<\/p>\n<p>&#8211; Carbohydrates: 13,08g<\/p>\n<p>&#8211; Ch\u1ea5t b\u00e9o: 68,4g<\/p>\n<p>&#8211; Protein: 13, 7g<\/p>\n<p>&#8211; Ch\u1ea5t x\u01a1: 3,7g<\/p>\n<p>&#8211; C\u00e1c vitamin: Vitamin nh\u00f3m B, C, E v\u00e0 K<\/p>\n<p>&#8211; C\u00e1c kho\u00e1ng ch\u1ea5t: Canxi, s\u1eaft, k\u1ebdm, magie, mangan, photpho, kali.<\/p>\n<p><img loading=\"lazy\" decoding=\"async\" class=\"wp-image-22623 aligncenter\" src=\"https:\/\/havamall.com\/wp-content\/uploads\/2025\/06\/hat-thong-5-300x300.png\" alt=\"\" width=\"758\" height=\"758\" \/><\/p>\n<h3><strong>H\u01b0\u1edbng d\u1eabn s\u1eed d\u1ee5ng:<\/strong><\/h3>\n<p>&gt; S\u1eed d\u1ee5ng h\u1ea1t th\u00f4ng \u0111\u00e3 t\u00e1ch v\u1ecf d\u00f9ng \u0103n tr\u1ef1c ti\u1ebfp ho\u1eb7c \u0111em rang v\u00e0ng gi\u00f2n v\u1edbi mu\u1ed1i, \u0111\u01b0\u1eddng v\u00e0 m\u1eadt ong t\u00f9y th\u00edch. Sau khi ch\u1ebf bi\u1ebfn b\u1ea1n n\u00ean \u0103n ngay tr\u00e1nh \u0111\u1ec3 h\u1ea1t ti\u1ebfp x\u00fac v\u1edbi kh\u00f4ng kh\u00ed l\u00e2u, l\u00e0m m\u1ea5t \u0111i v\u1ecb gi\u00f2n ng\u1ecdt v\u1ed1n c\u00f3.<\/p>\n<p>&gt; H\u1ea1t th\u00f4ng c\u00f3 th\u1ec3 \u0111em n\u1ea5u ch\u00e8, n\u1ea5u ch\u00e1o ho\u1eb7c nghi\u1ec1n nh\u1ecf tr\u1ed9n chung v\u1edbi m\u00f3n \u0103n h\u00e0ng ng\u00e0y.<\/p>\n<p>&gt; Sau m\u1ed7i l\u1ea7n s\u1eed d\u1ee5ng, h\u1ea1t th\u00f4ng n\u00ean \u0111\u01b0\u1ee3c b\u1ea3o qu\u1ea3n v\u00e0 c\u1ea5t tr\u1eef c\u1ea9n th\u1eadn \u1edf n\u01a1i s\u1ea1ch s\u1ebd, nhi\u1ec7t \u0111\u1ed9 tho\u00e1ng m\u00e1t. M\u1ed7i l\u1ea7n ch\u1ec9 n\u00ean l\u1ea5y s\u1ed1 l\u01b0\u1ee3ng v\u1eeba \u0111\u1ee7 d\u00f9ng v\u00e0 tr\u1eef h\u1ea1t trong l\u1ecd th\u1ee7y tinh k\u00edn \u0111\u1ec3 tr\u00e1nh ki\u1ebfn, ru\u1ed3i ho\u1eb7c l\u00e0m h\u1ea1t b\u1ecb m\u1ea5t \u0111i \u0111\u1ed9 gi\u00f2n khi \u0103n.<\/p>\n<p>s\u1ea3n ph\u1ea9m hi\u1ec7n \u0111\u00e3 c\u00f3 m\u1eb7t t\u1ea1i Havamall.<\/p>\n<p><img loading=\"lazy\" decoding=\"async\" class=\"wp-image-22624 aligncenter\" src=\"https:\/\/havamall.com\/wp-content\/uploads\/2025\/06\/hat-thong-300x189.png\" alt=\"\" width=\"762\" height=\"480\" \/><\/p>","protected":false},"excerpt":{"rendered":"<p>Nh\u1eafc \u0111\u1ebfn c\u00e1c lo\u1ea1i h\u1ea1t kinh d\u01b0\u1ee1ng kh\u00f4ng th\u1ec3 kh\u00f4ng k\u1ec3 t\u1edbi h\u1ea1t th\u00f4ng \u2013 m\u1ed9t trong nh\u1eefng lo\u1ea1i h\u1ea1t<\/p>","protected":false},"featured_media":39488,"comment_status":"open","ping_status":"closed","template":"","meta":[],"product_brand":[],"product_cat":[594,36,134],"product_tag":[],"class_list":{"0":"post-22628","1":"product","2":"type-product","3":"status-publish","4":"has-post-thumbnail","6":"product_cat-dau-cu-qua-kho","7":"product_cat-thuc-pham-tieu-dung","8":"product_cat-thucpham-saykho","9":"pa_brand-skx","11":"first","12":"instock","13":"sale","14":"shipping-taxable","15":"purchasable","16":"product-type-simple"},"_links":{"self":[{"href":"https:\/\/havamall.vn\/en\/wp-json\/wp\/v2\/product\/22628"}],"collection":[{"href":"https:\/\/havamall.vn\/en\/wp-json\/wp\/v2\/product"}],"about":[{"href":"https:\/\/havamall.vn\/en\/wp-json\/wp\/v2\/types\/product"}],"replies":[{"embeddable":true,"href":"https:\/\/havamall.vn\/en\/wp-json\/wp\/v2\/comments?post=22628"}],"version-history":[{"count":0,"href":"https:\/\/havamall.vn\/en\/wp-json\/wp\/v2\/product\/22628\/revisions"}],"wp:featuredmedia":[{"embeddable":true,"href":"https:\/\/havamall.vn\/en\/wp-json\/wp\/v2\/media\/39488"}],"wp:attachment":[{"href":"https:\/\/havamall.vn\/en\/wp-json\/wp\/v2\/media?parent=22628"}],"wp:term":[{"taxonomy":"product_brand","embeddable":true,"href":"https:\/\/havamall.vn\/en\/wp-json\/wp\/v2\/product_brand?post=22628"},{"taxonomy":"product_cat","embeddable":true,"href":"https:\/\/havamall.vn\/en\/wp-json\/wp\/v2\/product_cat?post=22628"},{"taxonomy":"product_tag","embeddable":true,"href":"https:\/\/havamall.vn\/en\/wp-json\/wp\/v2\/product_tag?post=22628"}],"curies":[{"name":"wp","href":"https:\/\/api.w.org\/{rel}","templated":true}]}}