{"id":22584,"date":"2021-10-05T13:56:20","date_gmt":"2021-10-05T06:56:20","guid":{"rendered":"https:\/\/havamall.vn\/?post_type=product&#038;p=22584"},"modified":"2022-04-08T12:01:47","modified_gmt":"2022-04-08T05:01:47","slug":"nui-risoni-spirals-san-remo-500g-so-47","status":"publish","type":"product","link":"https:\/\/havamall.vn\/en\/shop\/nui-risoni-spirals-san-remo-500g-so-47\/","title":{"rendered":"Nui Risoni Spirals San Remo 500G S\u1ed1 47"},"content":{"rendered":"<h3><strong>TH\u00d4NG TIN S\u1ea2N PH\u1ea8M<\/strong><\/h3>\n<table>\n<tbody>\n<tr>\n<td>Th\u01b0\u01a1ng hi\u1ec7u<\/td>\n<td>San Remo<\/td>\n<\/tr>\n<tr>\n<td>Xu\u1ea5t x\u1ee9<\/td>\n<td>\u00dac<\/td>\n<\/tr>\n<tr>\n<td>Th\u00e0nh ph\u1ea7n<\/td>\n<td>100% l\u00faa m\u00ec<\/td>\n<\/tr>\n<tr>\n<td>H\u1ea1n s\u1eed d\u1ee5ng<\/td>\n<td>24 th\u00e1ng k\u1ec3 t\u1eeb ng\u00e0y s\u1ea3n xu\u1ea5t.<\/td>\n<\/tr>\n<tr>\n<td>B\u1ea3o qu\u1ea3n<\/td>\n<td>\u0110\u1ec3 n\u01a1i kh\u00f4 r\u00e1o, tho\u00e1ng m\u00e1t, tr\u00e1nh \u00e1nh n\u1eafng tr\u1ef1c ti\u1ebfp<\/td>\n<\/tr>\n<tr>\n<td>Kh\u1ed1i l\u01b0\u1ee3ng<\/td>\n<td>500g<\/td>\n<\/tr>\n<\/tbody>\n<\/table>\n<p>San Remo l\u00e0 th\u01b0\u01a1ng hi\u1ec7u n\u1ed5i ti\u1ebfng t\u1ea1i \u00dac. S\u1ea3n xu\u1ea5t v\u00e0 ph\u00e2n ph\u1ed1i s\u1ea3n ph\u1ea9m r\u1ed9ng r\u00e3i trong v\u00e0 ngo\u00e0i n\u01b0\u1edbc. San Remo kh\u00f4ng ng\u1eebng kh\u1eb3ng \u0111\u1ecbnh th\u01b0\u01a1ng hi\u1ec7u c\u1ee7a m\u00ecnh \u0111\u1ebfn v\u1edbi ng\u01b0\u1eddi ti\u00eau d\u00f9ng, lu\u00f4n mang \u0111\u1ebfn cho ng\u01b0\u1eddi ti\u00eau d\u00f9ng nh\u1eefng s\u1ea3n ph\u1ea9m uy t\u00edn ch\u1ea5t l\u01b0\u1ee3ng cao, s\u1ea1ch, Kh\u00f4ng ch\u1ee9a ch\u1ea5t b\u1ea3o qu\u1ea3n c\u0169ng nh\u01b0 nh\u1eefng h\u00f3a ch\u1ea5t \u0111\u1ed9c h\u1ea1i g\u00e2y h\u1ea1i \u0111\u1ebfn s\u1ee9c kh\u1ecfe ng\u01b0\u1eddi ti\u00eau d\u00f9ng. \u0110a d\u1ea1ng h\u00f3a nhi\u1ec1u lo\u1ea1i s\u1ea3n ph\u1ea9m mang \u0111\u1ebfn nhi\u1ec1u s\u1ef1 l\u1ef1a ch\u1ecdn cho ng\u01b0\u1eddi ti\u00eau d\u00f9ng, lu\u00f4n \u0111\u01b0\u1ee3c ng\u01b0\u1eddi ti\u00eau d\u00f9ng l\u1ef1a ch\u1ecdn v\u00e0 tin d\u00f9ng h\u00e0ng \u0111\u1ea7u.<\/p>\n<p><img fetchpriority=\"high\" decoding=\"async\" class=\"wp-image-22587 aligncenter\" src=\"https:\/\/havamall.vn\/wp-content\/uploads\/2021\/10\/nui-1-300x199.png\" alt=\"\" width=\"647\" height=\"430\" srcset=\"https:\/\/havamall.vn\/wp-content\/uploads\/2021\/10\/nui-1-300x199.png 300w, https:\/\/havamall.vn\/wp-content\/uploads\/2021\/10\/nui-1-430x285.png 430w, https:\/\/havamall.vn\/wp-content\/uploads\/2021\/10\/nui-1-150x100.png 150w, https:\/\/havamall.vn\/wp-content\/uploads\/2021\/10\/nui-1-700x464.png 700w, https:\/\/havamall.vn\/wp-content\/uploads\/2021\/10\/nui-1-768x509.png 768w, https:\/\/havamall.vn\/wp-content\/uploads\/2021\/10\/nui-1-1024x679.png 1024w, https:\/\/havamall.vn\/wp-content\/uploads\/2021\/10\/nui-1.png 1200w, https:\/\/havamall.vn\/wp-content\/uploads\/2021\/10\/nui-1-600x398.png 600w\" sizes=\"(max-width: 647px) 100vw, 647px\" \/><\/p>\n<p>M\u00ec (Nui) Risoni Spirals San Remo 500G S\u1ed1 47 \u0111\u01b0\u1ee3c l\u00e0m t\u1eeb nh\u1eefng nguy\u00ean li\u1ec7u t\u1ef1 nhi\u00ean, cung c\u1ea5p nhi\u1ec1u d\u01b0\u1ee1ng ch\u1ea5t thi\u1ebft y\u1ebfu cho c\u01a1 th\u1ec3\u00a0v\u00e0 an to\u00e0n cho s\u1ee9c kh\u1ecfe ng\u01b0\u1eddi ti\u00eau d\u00f9ng.<\/p>\n<h3><strong>\u0110\u1eb7c \u0110i\u1ec3m S\u1ea3n Ph\u1ea9m:<\/strong><\/h3>\n<p>M\u00ec (Nui) Risoni Spirals San Remo 500G S\u1ed1 47 \u0111\u01b0\u1ee3c s\u1ea3n xu\u1ea5t theo c\u00f4ng ngh\u1ec7 hi\u1ec7n \u0111\u1ea1i, m\u1ecdi kh\u00e2u t\u1eeb tuy\u1ec3n ch\u1ecdn nguy\u00ean li\u1ec7u t\u1edbi ch\u1ebf bi\u1ebfn, \u0111\u00f3ng g\u00f3i \u0111\u1ec1u di\u1ec5n ra kh\u00e9p k\u00edn d\u01b0\u1edbi s\u1ef1 gi\u00e1m s\u00e1t v\u00e0 ki\u1ec3m tra nghi\u00eam ng\u1eb7t, \u0111\u1ea3m b\u1ea3o an to\u00e0n cho s\u1ee9c kh\u1ecfe ng\u01b0\u1eddi ti\u00eau d\u00f9ng.<\/p>\n<p><img decoding=\"async\" class=\"wp-image-22588 aligncenter\" src=\"https:\/\/havamall.vn\/wp-content\/uploads\/2021\/10\/nui-2-300x212.png\" alt=\"\" width=\"650\" height=\"460\" srcset=\"https:\/\/havamall.vn\/wp-content\/uploads\/2021\/10\/nui-2-300x212.png 300w, https:\/\/havamall.vn\/wp-content\/uploads\/2021\/10\/nui-2-430x304.png 430w, https:\/\/havamall.vn\/wp-content\/uploads\/2021\/10\/nui-2-150x106.png 150w, https:\/\/havamall.vn\/wp-content\/uploads\/2021\/10\/nui-2-700x495.png 700w, https:\/\/havamall.vn\/wp-content\/uploads\/2021\/10\/nui-2-768x543.png 768w, https:\/\/havamall.vn\/wp-content\/uploads\/2021\/10\/nui-2-1024x724.png 1024w, https:\/\/havamall.vn\/wp-content\/uploads\/2021\/10\/nui-2-600x424.png 600w, https:\/\/havamall.vn\/wp-content\/uploads\/2021\/10\/nui-2.png 1080w\" sizes=\"(max-width: 650px) 100vw, 650px\" \/><\/p>\n<p>S\u1ea3n\u00a0ph\u1ea9m l\u00e0 s\u1ef1 k\u1ebft h\u1ee3p \u0111\u1ed9c \u0111\u00e1o gi\u1eefa c\u00f4ng th\u1ee9c truy\u1ec1n th\u1ed1ng v\u00e0 quy tr\u00ecnh ch\u1ebf bi\u1ebfn hi\u1ec7n \u0111\u1ea1i \u0111em l\u1ea1i ch\u1ea5t l\u01b0\u1ee3ng t\u1ed1t nh\u1ea5t. S\u1ea3n ph\u1ea9m \u0111\u01b0\u1ee3c l\u00e0m t\u1eeb c\u00e1c nguy\u00ean li\u1ec7u t\u1ef1 nhi\u00ean g\u1ed3m: l\u00faa m\u00ec, tr\u1ee9ng, \u0111\u1eadu n\u00e0nh,&#8230; kh\u00f4ng ch\u1ea5t b\u1ea3o qu\u1ea3n \u0111\u1ed9c h\u1ea1i, mang \u0111\u1ebfn s\u1ef1 an t\u00e2m cho ng\u01b0\u1eddi ti\u00eau d\u00f9ng.<\/p>\n<p><img decoding=\"async\" class=\"wp-image-22591 aligncenter\" src=\"https:\/\/havamall.vn\/wp-content\/uploads\/2021\/10\/nui-3-300x272.png\" alt=\"\" width=\"645\" height=\"585\" srcset=\"https:\/\/havamall.vn\/wp-content\/uploads\/2021\/10\/nui-3-300x272.png 300w, https:\/\/havamall.vn\/wp-content\/uploads\/2021\/10\/nui-3-430x389.png 430w, https:\/\/havamall.vn\/wp-content\/uploads\/2021\/10\/nui-3-150x136.png 150w, https:\/\/havamall.vn\/wp-content\/uploads\/2021\/10\/nui-3-700x634.png 700w, https:\/\/havamall.vn\/wp-content\/uploads\/2021\/10\/nui-3-768x695.png 768w, https:\/\/havamall.vn\/wp-content\/uploads\/2021\/10\/nui-3-600x543.png 600w, https:\/\/havamall.vn\/wp-content\/uploads\/2021\/10\/nui-3.png 800w\" sizes=\"(max-width: 645px) 100vw, 645px\" \/><\/p>\n<p>M\u00ec (Nui) Risoni Spirals San Remo 500G S\u1ed1 47 gi\u00fap cung c\u1ea5p n\u0103ng l\u01b0\u1ee3ng, vitamin, d\u01b0\u1ee1ng ch\u1ea5t c\u1ea7n thi\u1ebft cho c\u00e1c ho\u1ea1t \u0111\u1ed9ng h\u00e0ng ng\u00e0y. S\u1ea3n ph\u1ea9m c\u00f3 h\u01b0\u01a1ng v\u1ecb th\u01a1m ngon c\u1ee7a nh\u1eefng nguy\u00ean li\u1ec7u t\u1ef1 nhi\u00ean, khi n\u1ea5u ch\u00edn s\u1ee3i m\u00ec tr\u1edf n\u00ean dai gi\u00f2n, \u0111\u1eadm \u0111\u00e0, k\u00edch th\u00edch v\u1ecb gi\u00e1c.<\/p>\n<p><img loading=\"lazy\" decoding=\"async\" class=\"wp-image-22592 aligncenter\" src=\"https:\/\/havamall.vn\/wp-content\/uploads\/2021\/10\/nui-2-300x221.jpg\" alt=\"\" width=\"651\" height=\"480\" srcset=\"https:\/\/havamall.vn\/wp-content\/uploads\/2021\/10\/nui-2-300x221.jpg 300w, https:\/\/havamall.vn\/wp-content\/uploads\/2021\/10\/nui-2-430x317.jpg 430w, https:\/\/havamall.vn\/wp-content\/uploads\/2021\/10\/nui-2-150x111.jpg 150w, https:\/\/havamall.vn\/wp-content\/uploads\/2021\/10\/nui-2-700x516.jpg 700w, https:\/\/havamall.vn\/wp-content\/uploads\/2021\/10\/nui-2-768x566.jpg 768w, https:\/\/havamall.vn\/wp-content\/uploads\/2021\/10\/nui-2-1024x755.jpg 1024w, https:\/\/havamall.vn\/wp-content\/uploads\/2021\/10\/nui-2-600x442.jpg 600w, https:\/\/havamall.vn\/wp-content\/uploads\/2021\/10\/nui-2.jpg 1080w\" sizes=\"(max-width: 651px) 100vw, 651px\" \/><\/p>\n<p>S\u1ea3n ph\u1ea9m \u0111\u01b0\u1ee3c \u0111\u00f3ng g\u00f3i ti\u1ec7n d\u1ee5ng, d\u1ec5 d\u00e0ng b\u1ea3o qu\u1ea3n v\u00e0 c\u1ea5t gi\u1eef. Gi\u00fap cho c\u00e1c b\u00e0 n\u1ed9i tr\u1ee3 ti\u1ebft ki\u1ec7m \u0111\u01b0\u1ee3c nhi\u1ec1u th\u1eddi gian trong n\u1ea5u n\u01b0\u1edbng, nh\u01b0ng v\u1eabn c\u00f3 \u0111\u01b0\u1ee3c nh\u1eefng m\u00f3n \u0103n th\u01a1m ngon b\u1ed5 d\u01b0\u1ee1ng v\u00e0 h\u1ea5p d\u1eabn cho c\u1ea3 nh\u00e0.<\/p>\n<p>S\u1ea3n ph\u1ea9m hi\u1ec7n \u0111\u00e3 c\u00f3 m\u1eb7 t\u1ea1i Havamall.<\/p>","protected":false},"excerpt":{"rendered":"<p>TH\u00d4NG TIN S\u1ea2N PH\u1ea8M Th\u01b0\u01a1ng hi\u1ec7u San Remo Xu\u1ea5t x\u1ee9 \u00dac Th\u00e0nh ph\u1ea7n 100% l\u00faa m\u00ec H\u1ea1n s\u1eed d\u1ee5ng 24<\/p>","protected":false},"featured_media":22589,"comment_status":"open","ping_status":"closed","template":"","meta":[],"product_brand":[],"product_cat":[36,134],"product_tag":[],"class_list":{"0":"post-22584","1":"product","2":"type-product","3":"status-publish","4":"has-post-thumbnail","6":"product_cat-thuc-pham-tieu-dung","7":"product_cat-thucpham-saykho","9":"first","10":"outofstock","11":"sale","12":"shipping-taxable","13":"purchasable","14":"product-type-simple"},"_links":{"self":[{"href":"https:\/\/havamall.vn\/en\/wp-json\/wp\/v2\/product\/22584"}],"collection":[{"href":"https:\/\/havamall.vn\/en\/wp-json\/wp\/v2\/product"}],"about":[{"href":"https:\/\/havamall.vn\/en\/wp-json\/wp\/v2\/types\/product"}],"replies":[{"embeddable":true,"href":"https:\/\/havamall.vn\/en\/wp-json\/wp\/v2\/comments?post=22584"}],"version-history":[{"count":0,"href":"https:\/\/havamall.vn\/en\/wp-json\/wp\/v2\/product\/22584\/revisions"}],"wp:featuredmedia":[{"embeddable":true,"href":"https:\/\/havamall.vn\/en\/wp-json\/wp\/v2\/media\/22589"}],"wp:attachment":[{"href":"https:\/\/havamall.vn\/en\/wp-json\/wp\/v2\/media?parent=22584"}],"wp:term":[{"taxonomy":"product_brand","embeddable":true,"href":"https:\/\/havamall.vn\/en\/wp-json\/wp\/v2\/product_brand?post=22584"},{"taxonomy":"product_cat","embeddable":true,"href":"https:\/\/havamall.vn\/en\/wp-json\/wp\/v2\/product_cat?post=22584"},{"taxonomy":"product_tag","embeddable":true,"href":"https:\/\/havamall.vn\/en\/wp-json\/wp\/v2\/product_tag?post=22584"}],"curies":[{"name":"wp","href":"https:\/\/api.w.org\/{rel}","templated":true}]}}