{"id":22533,"date":"2021-09-30T16:33:50","date_gmt":"2021-09-30T09:33:50","guid":{"rendered":"https:\/\/havamall.vn\/?post_type=product&#038;p=22533"},"modified":"2021-09-30T16:43:33","modified_gmt":"2021-09-30T09:43:33","slug":"giay-tham-dau-kokusai-20-mieng-oil-absorbing-cooking-paper","status":"publish","type":"product","link":"https:\/\/havamall.vn\/en\/shop\/giay-tham-dau-kokusai-20-mieng-oil-absorbing-cooking-paper\/","title":{"rendered":"Gi\u1ea5y Th\u1ea5m D\u1ea7u Kokusai 20 mi\u1ebfng &#8211; Oil-Absorbing Cooking Paper"},"content":{"rendered":"<p>Kokusai l\u00e0 m\u1ed9t c\u00e1i t\u00ean \u0111\u01b0\u1ee3c bi\u1ebft \u0111\u1ebfn v\u1edbi nh\u1eefng s\u1ea3n ph\u1ea9m g\u1ea7n g\u0169i v\u1edbi m\u1ecdi nhu c\u1ea7u ng\u01b0\u1eddi d\u00f9ng. \u0110\u00f3 l\u00e0 nh\u1eefng \u0111\u00f4i \u0111\u0169a tre \u0111\u01b0\u1ee3c s\u1ea3n xu\u1ea5t theo ti\u00eau chu\u1ea9n Nh\u1eadt B\u1ea3n, l\u00e0 nh\u1eefng chi\u1ebfc \u1ed1ng h\u00fat gi\u1ea5y th\u00e2n thi\u1ec7n v\u1edbi m\u00f4i tr\u01b0\u1eddng \u2013 an to\u00e0n cho s\u1ee9c kh\u1ecfe\u2026\u00a0M\u1ed9t trong nh\u1eefng \u0111i\u1ec3m n\u1ed5i tr\u1ed9i c\u1ee7a c\u00e1c s\u1ea3n ph\u1ea9m thu\u1ed9c th\u01b0\u01a1ng hi\u1ec7u Kokusai \u0111\u00f3 ch\u00ednh l\u00e0 s\u1eed d\u1ee5ng v\u1eadt li\u1ec7u t\u1eeb thi\u00ean nhi\u00ean: tre, gi\u1ea5y. \u0110i\u1ec1u n\u00e0y ch\u1ee9ng t\u1ecf Kokusai c\u1ef1c k\u00ec quan t\u00e2m \u0111\u1ebfn s\u1ee9c kh\u1ecfe c\u1ee7a ng\u01b0\u1eddi ti\u00eau d\u00f9ng.<\/p>\n<p>S\u1ea3n ph\u1ea9m gi\u1ea5y th\u1ea5m d\u1ea7u cao c\u1ea5p s\u1ed1 1 t\u1ea1i Nh\u1eadt B\u1ea3n, gi\u1ea5y \u0111\u01b0\u1ee3c hi\u1ec7p h\u1ed9i gi\u1ea5y Nh\u1eadt B\u1ea3n c\u00f4ng nh\u1eadn c\u00f4ng d\u1ee5ng ti\u1ebfp x\u00fac tr\u1ef1c ti\u1ebfp th\u1ef1c ph\u1ea9m an to\u00e0n tuy\u1ec7t \u0111\u1ed1i. S\u1ea3n ph\u1ea9m \u0111\u01b0\u1ee3c s\u1eed d\u1ee5ng r\u1ed9ng r\u00e3i v\u00e0 th\u01b0\u1eddng xuy\u00ean trong vi\u1ec7c n\u1ea5u \u0103n t\u1ea1i Nh\u1eadt B\u1ea3n v\u00e0 t\u1ea1i c\u00e1c n\u01b0\u1edbc ph\u00e1t tri\u1ec3n.<\/p>\n<p><img fetchpriority=\"high\" decoding=\"async\" class=\"wp-image-22534 aligncenter\" src=\"https:\/\/havamall.vn\/wp-content\/uploads\/2021\/09\/gi\u1ea5y-th\u1ea5m-d\u1ea7u-273x300.png\" alt=\"\" width=\"580\" height=\"638\" srcset=\"https:\/\/havamall.vn\/wp-content\/uploads\/2021\/09\/gi\u1ea5y-th\u1ea5m-d\u1ea7u-273x300.png 273w, https:\/\/havamall.vn\/wp-content\/uploads\/2021\/09\/gi\u1ea5y-th\u1ea5m-d\u1ea7u-430x472.png 430w, https:\/\/havamall.vn\/wp-content\/uploads\/2021\/09\/gi\u1ea5y-th\u1ea5m-d\u1ea7u-150x165.png 150w, https:\/\/havamall.vn\/wp-content\/uploads\/2021\/09\/gi\u1ea5y-th\u1ea5m-d\u1ea7u-700x769.png 700w, https:\/\/havamall.vn\/wp-content\/uploads\/2021\/09\/gi\u1ea5y-th\u1ea5m-d\u1ea7u-768x844.png 768w, https:\/\/havamall.vn\/wp-content\/uploads\/2021\/09\/gi\u1ea5y-th\u1ea5m-d\u1ea7u-600x659.png 600w, https:\/\/havamall.vn\/wp-content\/uploads\/2021\/09\/gi\u1ea5y-th\u1ea5m-d\u1ea7u.png 810w\" sizes=\"(max-width: 580px) 100vw, 580px\" \/><\/p>\n<p>Gi\u1ea5y c\u00f3 c\u1ea5u tr\u00fac \u0111\u1eb7c bi\u1ec7t n\u00ean c\u00f3 kh\u1ea3 n\u0103ng th\u1ea5m h\u00fat d\u1ea7u m\u1ee1, ch\u1ea5t l\u1ecfng c\u1ee7a c\u00e1c m\u00f3n chi\u00ean, r\u00e1n, \u00e1p ch\u1ea3o, m\u00f3n canh, s\u00fap\u2026 g\u1ea5p 20 l\u1ea7n tr\u1ecdng l\u01b0\u1ee3ng c\u1ee7a gi\u1ea5y.<\/p>\n<p>Ch\u1ea5t li\u1ec7u 100% gi\u1ea5y th\u1ea5m h\u00fat, kh\u00f4ng ch\u1ea5t \u0111\u1ed9c h\u1ea1i, gi\u1ea5y \u0111\u01b0\u1ee3c hi\u1ec7p h\u1ed9i gi\u1ea5y Nh\u1eadt B\u1ea3n c\u00f4ng nh\u1eadn c\u00f4ng d\u1ee5ng ti\u1ebfp x\u00fac tr\u1ef1c ti\u1ebfp th\u1ef1c ph\u1ea9m an tuy\u1ec7t \u0111\u1ed1i.\u00a0S\u1ea3n ph\u1ea9m \u0111\u00f3ng g\u00f3i h\u1ee3p v\u1ec7 sinh, g\u1ecdn nh\u1eb9, thu\u1eadn ti\u1ec7n cho vi\u1ec7c b\u1ea3o qu\u1ea3n v\u00e0 s\u1eed d\u1ee5ng, mang theo khi \u0111i d\u00e3 ngo\u1ea1i, c\u1eafm tr\u1ea1i,&#8230;<\/p>\n<p><img decoding=\"async\" class=\"wp-image-22535 aligncenter\" src=\"https:\/\/havamall.vn\/wp-content\/uploads\/2021\/09\/gi\u1ea5y-th\u1ea5m-d\u1ea7u-2-300x156.png\" alt=\"\" width=\"578\" height=\"301\" srcset=\"https:\/\/havamall.vn\/wp-content\/uploads\/2021\/09\/gi\u1ea5y-th\u1ea5m-d\u1ea7u-2-300x156.png 300w, https:\/\/havamall.vn\/wp-content\/uploads\/2021\/09\/gi\u1ea5y-th\u1ea5m-d\u1ea7u-2-430x224.png 430w, https:\/\/havamall.vn\/wp-content\/uploads\/2021\/09\/gi\u1ea5y-th\u1ea5m-d\u1ea7u-2-150x78.png 150w, https:\/\/havamall.vn\/wp-content\/uploads\/2021\/09\/gi\u1ea5y-th\u1ea5m-d\u1ea7u-2-700x365.png 700w, https:\/\/havamall.vn\/wp-content\/uploads\/2021\/09\/gi\u1ea5y-th\u1ea5m-d\u1ea7u-2-768x400.png 768w, https:\/\/havamall.vn\/wp-content\/uploads\/2021\/09\/gi\u1ea5y-th\u1ea5m-d\u1ea7u-2-600x313.png 600w, https:\/\/havamall.vn\/wp-content\/uploads\/2021\/09\/gi\u1ea5y-th\u1ea5m-d\u1ea7u-2.png 960w\" sizes=\"(max-width: 578px) 100vw, 578px\" \/><\/p>\n<p>Gi\u1ea5y th\u1ea5m d\u1ea7u Kokusai \u0111\u01b0\u1ee3c l\u00e0m t\u1eeb b\u1ed9t gi\u1ea5y cao c\u1ea5p, kh\u00f4ng m\u00f9i v\u00e0 d\u1ebbo dai, kh\u00f4ng b\u1ecb r\u00e1ch, n\u00e1t trong qu\u00e1 tr\u00ecnh th\u1ea5m h\u00fat d\u1ea7u. C\u1ea5u tr\u00fac r\u1ed7ng \u0111\u1eb7c bi\u1ec7t n\u00ean c\u00f3 kh\u1ea3 n\u0103ng th\u1ea5m h\u00fat d\u1ea7u m\u1ee1 g\u1ea5p 20 l\u1ea7n tr\u1ecdng l\u01b0\u1ee3ng c\u1ee7a gi\u1ea5y. S\u1ea3n ph\u1ea9m chuy\u00ean d\u00f9ng th\u1ea5m h\u00fat d\u1ea7u m\u1ee1 trong c\u00e1c m\u00f3n chi\u00ean, r\u00e1n, \u00e1p ch\u1ea3o, th\u1ea5m d\u1ea7u m\u1ee1 tr\u00ean b\u1ec1 m\u1eb7t c\u1ee7a c\u00e1c m\u00f3n canh, s\u00fap, l\u1ea9u&#8230;<\/p>\n<p><img decoding=\"async\" class=\"wp-image-22538 aligncenter\" src=\"https:\/\/havamall.vn\/wp-content\/uploads\/2021\/09\/h-1-300x158.png\" alt=\"\" width=\"578\" height=\"305\" srcset=\"https:\/\/havamall.vn\/wp-content\/uploads\/2021\/09\/h-1-300x158.png 300w, https:\/\/havamall.vn\/wp-content\/uploads\/2021\/09\/h-1-430x226.png 430w, https:\/\/havamall.vn\/wp-content\/uploads\/2021\/09\/h-1-150x79.png 150w, https:\/\/havamall.vn\/wp-content\/uploads\/2021\/09\/h-1-700x368.png 700w, https:\/\/havamall.vn\/wp-content\/uploads\/2021\/09\/h-1-1024x538.png 1024w\" sizes=\"(max-width: 578px) 100vw, 578px\" \/><\/p>\n<p>Khi h\u00e2m n\u00f3ng th\u1ee9c \u0103n trong l\u00f2 vi s\u00f3ng, gi\u1ea5y th\u1ea5m d\u1ea7u \u0111\u1ea3m b\u1ea3o m\u00f3n \u0103n kh\u00f4ng b\u1ecb kh\u00f4 v\u00e0 t\u01b0\u01a1i ngon h\u01a1n r\u1ea5t nhi\u1ec1u. Ngo\u00e0i ra, gi\u1ea5y th\u1ea5m d\u1ea7u Kokusai c\u0169ng c\u00f3 nhi\u1ec1u c\u00f4ng d\u1ee5ng kh\u00e1c nh\u01b0: gi\u1eef n\u00f3ng cho th\u1ee9c \u0103n khi c\u1ea7n mang theo; ph\u1ee7, \u0111\u1eady c\u00e1c lo\u1ea1i th\u1ef1c ph\u1ea9m \u0111\u1ec3 tr\u00e1nh nhi\u1ec5m khu\u1ea9n khi ch\u01b0a s\u1eed d\u1ee5ng; l\u00e0m kh\u0103n l\u1ecdc c\u00e1c lo\u1ea1i d\u1ea7u m\u1ee1; th\u1ea5m h\u00fat d\u1ea7u m\u1ee1 chi\u1ebft ra t\u1eeb th\u1ecbt, c\u00e1.<\/p>\n<p><img loading=\"lazy\" decoding=\"async\" class=\"wp-image-22213 aligncenter\" src=\"https:\/\/havamall.vn\/wp-content\/uploads\/2021\/09\/m\u01b0uajc-1-300x217.png\" alt=\"\" width=\"581\" height=\"421\" srcset=\"https:\/\/havamall.vn\/wp-content\/uploads\/2021\/09\/m\u01b0uajc-1-300x217.png 300w, https:\/\/havamall.vn\/wp-content\/uploads\/2021\/09\/m\u01b0uajc-1-430x311.png 430w, https:\/\/havamall.vn\/wp-content\/uploads\/2021\/09\/m\u01b0uajc-1-150x108.png 150w, https:\/\/havamall.vn\/wp-content\/uploads\/2021\/09\/m\u01b0uajc-1-700x506.png 700w, https:\/\/havamall.vn\/wp-content\/uploads\/2021\/09\/m\u01b0uajc-1-768x555.png 768w, https:\/\/havamall.vn\/wp-content\/uploads\/2021\/09\/m\u01b0uajc-1-600x434.png 600w, https:\/\/havamall.vn\/wp-content\/uploads\/2021\/09\/m\u01b0uajc-1.png 858w\" sizes=\"(max-width: 581px) 100vw, 581px\" \/><\/p>\n<h3><strong>C\u00f4ng d\u1ee5ng:<\/strong><\/h3>\n<p>\u2013 Khi h\u00e2m n\u00f3ng th\u1ee9c \u0103n trong l\u00f2 vi s\u00f3ng, \u0111\u1ea3m b\u1ea3o m\u00f3n \u0103n kh\u00f4ng b\u1ecb kh\u00f4 v\u00e0 t\u01b0\u01a1i ngon h\u01a1n r\u1ea5t nhi\u1ec1u<\/p>\n<p>\u2013 Gi\u1eef n\u00f3ng cho th\u1ee9c \u0103n khi c\u1ea7n mang theo<\/p>\n<p>\u2013 Ph\u1ee7, \u0111\u1eady c\u00e1c lo\u1ea1i th\u1ef1c ph\u1ea9m \u0111\u1ec3 tr\u00e1nh nhi\u1ec5m khu\u1ea9n khi ch\u01b0a s\u1eed d\u1ee5ng<\/p>\n<p>\u2013 L\u00e0m kh\u0103n l\u1ecdc c\u00e1c lo\u1ea1i d\u1ea7u m\u1ee1<\/p>\n<p>\u2013 Th\u1ea5m h\u00fat c\u00e1c lo\u1ea1i d\u1ea7u m\u1ee1 chi\u1ebft ra t\u1eeb th\u1ecbt, c\u00e1. Gi\u1eef cho th\u1ecbt, c\u00e1 kh\u00f4 r\u00e1o v\u00e0 t\u01b0\u01a1i l\u00e2u h\u01a1n.<\/p>\n<p>S\u1ea3n ph\u1ea9m hi\u1ec7n \u0111\u00e3 c\u00f3 m\u1eb7t t\u1ea1i Havamall.<\/p>\n<p><img loading=\"lazy\" decoding=\"async\" class=\"wp-image-22539 aligncenter\" src=\"https:\/\/havamall.vn\/wp-content\/uploads\/2021\/09\/gi\u1ea5y-th\u1ea5m-d\u1ea7u-3-1-234x300.png\" alt=\"\" width=\"575\" height=\"737\" srcset=\"https:\/\/havamall.vn\/wp-content\/uploads\/2021\/09\/gi\u1ea5y-th\u1ea5m-d\u1ea7u-3-1-234x300.png 234w, https:\/\/havamall.vn\/wp-content\/uploads\/2021\/09\/gi\u1ea5y-th\u1ea5m-d\u1ea7u-3-1-430x551.png 430w, https:\/\/havamall.vn\/wp-content\/uploads\/2021\/09\/gi\u1ea5y-th\u1ea5m-d\u1ea7u-3-1-150x192.png 150w, https:\/\/havamall.vn\/wp-content\/uploads\/2021\/09\/gi\u1ea5y-th\u1ea5m-d\u1ea7u-3-1-700x897.png 700w, https:\/\/havamall.vn\/wp-content\/uploads\/2021\/09\/gi\u1ea5y-th\u1ea5m-d\u1ea7u-3-1-600x769.png 600w, https:\/\/havamall.vn\/wp-content\/uploads\/2021\/09\/gi\u1ea5y-th\u1ea5m-d\u1ea7u-3-1.png 750w\" sizes=\"(max-width: 575px) 100vw, 575px\" \/><\/p>","protected":false},"excerpt":{"rendered":"<p>Kokusai l\u00e0 m\u1ed9t c\u00e1i t\u00ean \u0111\u01b0\u1ee3c bi\u1ebft \u0111\u1ebfn v\u1edbi nh\u1eefng s\u1ea3n ph\u1ea9m g\u1ea7n g\u0169i v\u1edbi m\u1ecdi nhu c\u1ea7u ng\u01b0\u1eddi d\u00f9ng.<\/p>","protected":false},"featured_media":22537,"comment_status":"open","ping_status":"closed","template":"","meta":[],"product_brand":[],"product_cat":[393,35],"product_tag":[],"class_list":{"0":"post-22533","1":"product","2":"type-product","3":"status-publish","4":"has-post-thumbnail","6":"product_cat-bep-phong-an","7":"product_cat-nha-cua-doi-song","8":"pa_brand-kokusai","10":"first","11":"instock","12":"sale","13":"shipping-taxable","14":"purchasable","15":"product-type-simple"},"_links":{"self":[{"href":"https:\/\/havamall.vn\/en\/wp-json\/wp\/v2\/product\/22533"}],"collection":[{"href":"https:\/\/havamall.vn\/en\/wp-json\/wp\/v2\/product"}],"about":[{"href":"https:\/\/havamall.vn\/en\/wp-json\/wp\/v2\/types\/product"}],"replies":[{"embeddable":true,"href":"https:\/\/havamall.vn\/en\/wp-json\/wp\/v2\/comments?post=22533"}],"version-history":[{"count":0,"href":"https:\/\/havamall.vn\/en\/wp-json\/wp\/v2\/product\/22533\/revisions"}],"wp:featuredmedia":[{"embeddable":true,"href":"https:\/\/havamall.vn\/en\/wp-json\/wp\/v2\/media\/22537"}],"wp:attachment":[{"href":"https:\/\/havamall.vn\/en\/wp-json\/wp\/v2\/media?parent=22533"}],"wp:term":[{"taxonomy":"product_brand","embeddable":true,"href":"https:\/\/havamall.vn\/en\/wp-json\/wp\/v2\/product_brand?post=22533"},{"taxonomy":"product_cat","embeddable":true,"href":"https:\/\/havamall.vn\/en\/wp-json\/wp\/v2\/product_cat?post=22533"},{"taxonomy":"product_tag","embeddable":true,"href":"https:\/\/havamall.vn\/en\/wp-json\/wp\/v2\/product_tag?post=22533"}],"curies":[{"name":"wp","href":"https:\/\/api.w.org\/{rel}","templated":true}]}}