{"id":22525,"date":"2021-09-30T15:43:34","date_gmt":"2021-09-30T08:43:34","guid":{"rendered":"https:\/\/havamall.vn\/?post_type=product&#038;p=22525"},"modified":"2021-09-30T16:47:46","modified_gmt":"2021-09-30T09:47:46","slug":"mang-nhom-kokusai-30cmx10m-aluminium-foil","status":"publish","type":"product","link":"https:\/\/havamall.vn\/en\/shop\/mang-nhom-kokusai-30cmx10m-aluminium-foil\/","title":{"rendered":"M\u00e0ng Nh\u00f4m Kokusai 30cmx10m &#8211; Aluminium Foil"},"content":{"rendered":"<p>Kokusai l\u00e0 m\u1ed9t c\u00e1i t\u00ean \u0111\u01b0\u1ee3c bi\u1ebft \u0111\u1ebfn v\u1edbi nh\u1eefng s\u1ea3n ph\u1ea9m g\u1ea7n g\u0169i v\u1edbi m\u1ecdi nhu c\u1ea7u ng\u01b0\u1eddi d\u00f9ng. \u0110\u00f3 l\u00e0 nh\u1eefng \u0111\u00f4i \u0111\u0169a tre \u0111\u01b0\u1ee3c s\u1ea3n xu\u1ea5t theo ti\u00eau chu\u1ea9n Nh\u1eadt B\u1ea3n, l\u00e0 nh\u1eefng chi\u1ebfc \u1ed1ng h\u00fat gi\u1ea5y th\u00e2n thi\u1ec7n v\u1edbi m\u00f4i tr\u01b0\u1eddng &#8211; an to\u00e0n cho s\u1ee9c kh\u1ecfe&#8230;\u00a0M\u1ed9t trong nh\u1eefng \u0111i\u1ec3m n\u1ed5i tr\u1ed9i c\u1ee7a c\u00e1c s\u1ea3n ph\u1ea9m thu\u1ed9c th\u01b0\u01a1ng hi\u1ec7u Kokusai \u0111\u00f3 ch\u00ednh l\u00e0 s\u1eed d\u1ee5ng v\u1eadt li\u1ec7u t\u1eeb thi\u00ean nhi\u00ean: tre, gi\u1ea5y. \u0110i\u1ec1u n\u00e0y ch\u1ee9ng t\u1ecf Kokusai c\u1ef1c k\u00ec quan t\u00e2m \u0111\u1ebfn s\u1ee9c kh\u1ecfe c\u1ee7a ng\u01b0\u1eddi ti\u00eau d\u00f9ng.<\/p>\n<p>Gi\u1ea5y b\u1ea1c n\u01b0\u1edbng hay c\u00f2n g\u1ecdi l\u00e0 m\u00e0ng nh\u00f4m b\u1ecdc th\u1ef1c ph\u1ea9m\u00a0l\u00e0 m\u1ed9t s\u1ea3n ph\u1ea9m ti\u1ec7n d\u1ee5ng trong c\u0103n b\u1ebfp c\u1ee7a b\u1ea1n. V\u1eadt d\u00f9ng r\u1ea5t an to\u00e0n cho s\u1ee9c kho\u1ebb, th\u00e2n thi\u1ec7n v\u1edbi m\u00f4i tr\u01b0\u1eddng v\u00e0 c\u00f2n r\u1ea5t ti\u1ec7n \u00edch cho c\u00e1c bu\u1ed5i picnic, hay party trong nh\u00e0, ngo\u00e0i tr\u1eddi, gi\u00fap th\u1ee9c \u0103n \u0111\u01b0\u1ee3c t\u01b0\u01a1i ngon v\u00e0 h\u1ea5p d\u1eabn h\u01a1n so v\u1edbi b\u1ecdc b\u1eb1ng t\u00fai th\u1ef1c ph\u1ea9m th\u00f4ng th\u01b0\u1eddng.<\/p>\n<p><img fetchpriority=\"high\" decoding=\"async\" class=\"wp-image-21527 aligncenter\" src=\"https:\/\/havamall.vn\/wp-content\/uploads\/2021\/08\/hnmhgj-300x199.png\" alt=\"\" width=\"719\" height=\"477\" srcset=\"https:\/\/havamall.vn\/wp-content\/uploads\/2021\/08\/hnmhgj-300x199.png 300w, https:\/\/havamall.vn\/wp-content\/uploads\/2021\/08\/hnmhgj-430x285.png 430w, https:\/\/havamall.vn\/wp-content\/uploads\/2021\/08\/hnmhgj-150x100.png 150w, https:\/\/havamall.vn\/wp-content\/uploads\/2021\/08\/hnmhgj-700x465.png 700w, https:\/\/havamall.vn\/wp-content\/uploads\/2021\/08\/hnmhgj-768x510.png 768w, https:\/\/havamall.vn\/wp-content\/uploads\/2021\/08\/hnmhgj-1024x680.png 1024w, https:\/\/havamall.vn\/wp-content\/uploads\/2021\/08\/hnmhgj-1200x797.png 1200w, https:\/\/havamall.vn\/wp-content\/uploads\/2021\/08\/hnmhgj-600x398.png 600w, https:\/\/havamall.vn\/wp-content\/uploads\/2021\/08\/hnmhgj.png 1600w\" sizes=\"(max-width: 719px) 100vw, 719px\" \/><\/p>\n<p>M\u00e0ng nh\u00f4m 30cm x 10m Kokusai\u00a0\u0111\u01b0\u1ee3c l\u00e0m t\u1eeb 100% m\u00e0ng nh\u00f4m l\u00e1 m\u1ecfng nh\u1eadp kh\u1ea9u, c\u00f3 kh\u1ea3 n\u0103ng ch\u1ecbu nhi\u1ec7t t\u1ed1t, kh\u00f4ng l\u00e0m bi\u1ebfn \u0111\u1ed5i ch\u1ea5t c\u1ee7a th\u1ef1c ph\u1ea9m n\u00ean r\u1ea5t an to\u00e0n cho ng\u01b0\u1eddi s\u1eed d\u1ee5ng.<\/p>\n<p>M\u00e0ng nh\u00f4m Kokusai ch\u1ecbu \u0111\u01b0\u1ee3c nhi\u1ec7t \u0111\u1ed9 cao, b\u1ea3o v\u1ec7 th\u1ee9c \u0103n gi\u00fap gi\u1eef h\u01a1i n\u01b0\u1edbc b\u00ean trong khay th\u1ee9c \u0103n, kh\u00f4ng b\u1ecb bay h\u01a1i hay m\u1ea5t m\u00f9i v\u00e0 kh\u00f4ng b\u1ecb ch\u00e1y.\u00a0Th\u00e0nh ph\u1ea9m \u0111\u1ea3m b\u1ea3o kh\u00f4ng t\u1eeb ch\u1ea5t \u0111\u1ed9c h\u1ea1i, \u0111\u1ea3m b\u1ea3o an to\u00e0n cho ng\u01b0\u1eddi s\u1eed d\u1ee5ng.<\/p>\n<p><img decoding=\"async\" class=\"aligncenter\" src=\"https:\/\/havamall.vn\/wp-content\/uploads\/2021\/03\/s%E1%BB%AD-d%E1%BB%A5ng-gi%E1%BA%A5y-b%E1%BA%A1c-%C4%91%E1%BB%83-n%C6%B0%E1%BB%9Bng-c%C3%A1-c%C3%B3-h%E1%BA%A1i-cho-s%E1%BB%A9c-kh%E1%BB%8Fe-kh%C3%B4ng.jpg\" alt=\"D\u00f9ng Bao B\u00ec Nh\u00f4m Tr\u1eef Th\u1ef1c Ph\u1ea9m - R\u1ee7i Ro Ti\u1ec1m \u1ea8n V\u1edbi S\u1ee9c Kh\u1ecfe - BAOBIVIETNAM.NET\" width=\"725\" height=\"453\" \/><\/p>\n<p>M\u00e0ng nh\u00f4m 30cm x 10m Kokusai l\u00e0\u00a0v\u1eadt d\u1ee5ng h\u1eefu d\u1ee5ng khi b\u1ea1n c\u1ea7n n\u01b0\u1edbng th\u1ef1c ph\u1ea9m. V\u1edbi ch\u1ea5t li\u1ec7u m\u1ecfng c\u00f3 t\u00ednh d\u1eabn nhi\u1ec7t cao, b\u1ea1n c\u00f3 th\u1ec3 b\u1ecdc th\u1ef1c ph\u1ea9m khi n\u01b0\u1edbng \u0111\u1ec3 l\u00e0m th\u1ef1c ph\u1ea9m ch\u00edn nhanh, \u0111\u1ec1u, gi\u00f2n h\u01a1n, gi\u1eef nguy\u00ean h\u01b0\u01a1ng v\u1ecb th\u01a1m ngon v\u00e0 b\u1ea3o \u0111\u1ea3m v\u1ec7 sinh khi n\u01b0\u1edbng. Kh\u1ed5 gi\u1ea5y \u0111\u1ee7 r\u1ed9ng \u0111\u1ec3 b\u1ecdc th\u1ecbt, c\u00e1, s\u01b0\u1eddn khi n\u01b0\u1edbng tr\u00ean b\u1ebfp than, b\u1ebfp gas hay l\u00f2 vi s\u00f3ng.<\/p>\n<p><img decoding=\"async\" class=\"wp-image-21528 aligncenter\" src=\"https:\/\/havamall.vn\/wp-content\/uploads\/2021\/08\/nlk-300x169.png\" alt=\"\" width=\"728\" height=\"410\" srcset=\"https:\/\/havamall.vn\/wp-content\/uploads\/2021\/08\/nlk-300x169.png 300w, https:\/\/havamall.vn\/wp-content\/uploads\/2021\/08\/nlk-430x242.png 430w, https:\/\/havamall.vn\/wp-content\/uploads\/2021\/08\/nlk-150x84.png 150w, https:\/\/havamall.vn\/wp-content\/uploads\/2021\/08\/nlk-700x394.png 700w, https:\/\/havamall.vn\/wp-content\/uploads\/2021\/08\/nlk-768x432.png 768w, https:\/\/havamall.vn\/wp-content\/uploads\/2021\/08\/nlk-1024x576.png 1024w, https:\/\/havamall.vn\/wp-content\/uploads\/2021\/08\/nlk-1200x675.png 1200w, https:\/\/havamall.vn\/wp-content\/uploads\/2021\/08\/nlk-600x338.png 600w\" sizes=\"(max-width: 728px) 100vw, 728px\" \/><\/p>\n<h3><strong>C\u00f4ng d\u1ee5ng c\u1ee7a\u00a0m\u00e0ng nh\u00f4m b\u1ecdc th\u1ef1c ph\u1ea9m:<\/strong><\/h3>\n<p>&#8211; D\u00f9ng \u0111\u1ec3 b\u1ea3o qu\u1ea3n th\u1ee9c \u0103n trong t\u1ee7 l\u1ea1nh, gi\u00fap h\u1ea1n ch\u1ebf bay m\u00f9i<\/p>\n<p>&#8211; Gi\u1eef n\u00f3ng th\u1ee9c \u0103n l\u00e2u h\u01a1n nh\u1edd kh\u1ea3 n\u0103ng gi\u1eef nhi\u1ec7t t\u1ed1t<\/p>\n<p>&#8211; L\u00e0 b\u00ed quy\u1ebft gi\u00fap c\u00e1c m\u00f3n r\u00e1n, chi\u00ean, n\u01b0\u1edbng kh\u00f4ng b\u1ecb ch\u00e1y kh\u00e9t kh\u00f4 m\u00e0 v\u1eabn ch\u00edn \u0111\u1ec1u, m\u1ec1m ngon<\/p>\n<p>&#8211; C\u00f3 th\u1ec3 thay th\u1ebf t\u00fai nil\u00f4ng ho\u1eb7c nh\u1ef1a khi \u0111\u1ef1ng s\u1ea3n ph\u1ea9m, \u0111\u1ea3m b\u1ea3o an to\u00e0n v\u1ec7 sinh th\u1ef1c ph\u1ea9m<\/p>\n<p>S\u1ea3n ph\u1ea9m hi\u1ec7n \u0111\u00e3 c\u00f3 m\u1eb7t t\u1ea1 Havamall.<\/p>\n<p><img loading=\"lazy\" decoding=\"async\" class=\"aligncenter\" src=\"https:\/\/havamall.vn\/wp-content\/uploads\/2021\/09\/maxresdefault.jpg\" alt=\"Baked Fish In Foil Recipe By SooperChef - YouTube\" width=\"728\" height=\"410\" \/><\/p>","protected":false},"excerpt":{"rendered":"<p>Kokusai l\u00e0 m\u1ed9t c\u00e1i t\u00ean \u0111\u01b0\u1ee3c bi\u1ebft \u0111\u1ebfn v\u1edbi nh\u1eefng s\u1ea3n ph\u1ea9m g\u1ea7n g\u0169i v\u1edbi m\u1ecdi nhu c\u1ea7u ng\u01b0\u1eddi d\u00f9ng.<\/p>","protected":false},"featured_media":22526,"comment_status":"open","ping_status":"closed","template":"","meta":[],"product_brand":[],"product_cat":[393,35],"product_tag":[],"class_list":{"0":"post-22525","1":"product","2":"type-product","3":"status-publish","4":"has-post-thumbnail","6":"product_cat-bep-phong-an","7":"product_cat-nha-cua-doi-song","8":"pa_brand-kokusai","10":"first","11":"instock","12":"sale","13":"shipping-taxable","14":"purchasable","15":"product-type-simple"},"_links":{"self":[{"href":"https:\/\/havamall.vn\/en\/wp-json\/wp\/v2\/product\/22525"}],"collection":[{"href":"https:\/\/havamall.vn\/en\/wp-json\/wp\/v2\/product"}],"about":[{"href":"https:\/\/havamall.vn\/en\/wp-json\/wp\/v2\/types\/product"}],"replies":[{"embeddable":true,"href":"https:\/\/havamall.vn\/en\/wp-json\/wp\/v2\/comments?post=22525"}],"version-history":[{"count":0,"href":"https:\/\/havamall.vn\/en\/wp-json\/wp\/v2\/product\/22525\/revisions"}],"wp:featuredmedia":[{"embeddable":true,"href":"https:\/\/havamall.vn\/en\/wp-json\/wp\/v2\/media\/22526"}],"wp:attachment":[{"href":"https:\/\/havamall.vn\/en\/wp-json\/wp\/v2\/media?parent=22525"}],"wp:term":[{"taxonomy":"product_brand","embeddable":true,"href":"https:\/\/havamall.vn\/en\/wp-json\/wp\/v2\/product_brand?post=22525"},{"taxonomy":"product_cat","embeddable":true,"href":"https:\/\/havamall.vn\/en\/wp-json\/wp\/v2\/product_cat?post=22525"},{"taxonomy":"product_tag","embeddable":true,"href":"https:\/\/havamall.vn\/en\/wp-json\/wp\/v2\/product_tag?post=22525"}],"curies":[{"name":"wp","href":"https:\/\/api.w.org\/{rel}","templated":true}]}}