{"id":22504,"date":"2021-09-30T13:54:04","date_gmt":"2021-09-30T06:54:04","guid":{"rendered":"https:\/\/havamall.vn\/?post_type=product&#038;p=22504"},"modified":"2022-08-03T09:08:39","modified_gmt":"2022-08-03T02:08:39","slug":"trung-ca-hoi-den-105g-black-salmon-roe","status":"publish","type":"product","link":"https:\/\/havamall.vn\/en\/shop\/trung-ca-hoi-den-105g-black-salmon-roe\/","title":{"rendered":"Tr\u1ee9ng C\u00e1 H\u1ed3i \u0110en 105g &#8211; Black Salmon Roe"},"content":{"rendered":"<p>Tr\u1ee9ng c\u00e1 h\u1ed3i ch\u1ee9a r\u1ea5t nhi\u1ec1u ch\u1ea5t dinh d\u01b0\u1ee1ng cho c\u01a1 th\u1ec3, \u0111\u1eb7c bi\u1ec7t l\u00e0 axit omega 3 tuy\u1ec7t di\u1ec7u. Lo\u1ea1i d\u1ea7u n\u00e0y r\u1ea5t hi\u1ec7u qu\u1ea3 trong vi\u1ec7c gi\u1ea3m cholesterol v\u00e0 duy tr\u00ec s\u1ee9c kh\u1ecfe tim m\u1ea1ch, c\u1ee7ng c\u1ed1 v\u00e0 ph\u1ee5c h\u1ed3i ch\u1ee9c n\u0103ng c\u00e1c m\u00f4 tim m\u1ea1ch. Ngo\u00e0i ra, tr\u1ee9ng c\u00e1 h\u1ed3i c\u00f2n c\u00f3 t\u00e1c d\u1ee5ng t\u0103ng c\u01b0\u1eddng th\u1ecb l\u1ef1c, ch\u1ed1ng l\u00e3o h\u00f3a v\u00e0 l\u00e0m \u0111\u1eb9p da cho ph\u1ee5 n\u1eef.<\/p>\n<p><img fetchpriority=\"high\" decoding=\"async\" class=\"wp-image-22506 aligncenter\" src=\"https:\/\/havamall.vn\/wp-content\/uploads\/2021\/09\/tr\u1ee9ng-c\u00e1-\u0111en-300x169.png\" alt=\"\" width=\"648\" height=\"365\" srcset=\"https:\/\/havamall.vn\/wp-content\/uploads\/2021\/09\/tr\u1ee9ng-c\u00e1-\u0111en-300x169.png 300w, https:\/\/havamall.vn\/wp-content\/uploads\/2021\/09\/tr\u1ee9ng-c\u00e1-\u0111en-430x242.png 430w, https:\/\/havamall.vn\/wp-content\/uploads\/2021\/09\/tr\u1ee9ng-c\u00e1-\u0111en-150x84.png 150w, https:\/\/havamall.vn\/wp-content\/uploads\/2021\/09\/tr\u1ee9ng-c\u00e1-\u0111en-700x394.png 700w, https:\/\/havamall.vn\/wp-content\/uploads\/2021\/09\/tr\u1ee9ng-c\u00e1-\u0111en-768x432.png 768w, https:\/\/havamall.vn\/wp-content\/uploads\/2021\/09\/tr\u1ee9ng-c\u00e1-\u0111en-1024x576.png 1024w, https:\/\/havamall.vn\/wp-content\/uploads\/2021\/09\/tr\u1ee9ng-c\u00e1-\u0111en-1200x675.png 1200w, https:\/\/havamall.vn\/wp-content\/uploads\/2021\/09\/tr\u1ee9ng-c\u00e1-\u0111en-600x338.png 600w, https:\/\/havamall.vn\/wp-content\/uploads\/2021\/09\/tr\u1ee9ng-c\u00e1-\u0111en.png 1920w\" sizes=\"(max-width: 648px) 100vw, 648px\" \/><\/p>\n<p>C\u00e1c b\u00e1c s\u1ef9 khuy\u00ean s\u1eed d\u1ee5ng tr\u1ee9ng c\u00e1 \u0111en trong nh\u1eefng tr\u01b0\u1eddng h\u1ee3p b\u1ecb suy nh\u01b0\u1ee3c c\u01a1 th\u1ec3, b\u1ec7nh lao, thi\u1ebfu ch\u1ea5t, thi\u1ebfu vitamin, suy nh\u01b0\u1ee3c th\u1ea7n kinh v\u00e0 \u0111\u1ec3 h\u1ed3i ph\u1ee5c s\u1ee9c l\u1ef1c.<\/p>\n<p>Arginine, m\u1ed9t h\u1ee3p ch\u1ea5t trong tr\u1ee9ng c\u00e1, gi\u00fap t\u0103ng l\u01b0\u1ee3ng l\u01b0u th\u00f4ng m\u00e1u, b\u1edfi v\u1eady \u0111\u01b0\u1ee3c coi nh\u01b0 l\u00e0 th\u1ee9c \u0103n b\u1ed5 d\u01b0\u1ee1ng cho \u0111\u1eddi s\u1ed1ng t\u00ecnh d\u1ee5c.\u00a0Danh ti\u1ebfng c\u1ee7a tr\u1ee9ng c\u00e1 nh\u01b0 m\u1ed9t m\u00f3n \u0103n h\u00e2m n\u00f3ng t\u00ecnh y\u00eau c\u00f3 l\u1ebd l\u00e0 do c\u00e1 v\u00e0 c\u00e1c s\u1ea3n ph\u1ea9n t\u1eeb c\u00e1 c\u00f3 m\u1ed1i li\u00ean h\u1ec7 v\u1edbi th\u1ea7n Aphrodite, n\u1eef th\u1ea7n t\u00ecnh y\u00eau, ng\u01b0\u1eddi &#8211; theo truy\u1ec1n thuy\u1ebft &#8211; \u0111\u01b0\u1ee3c sinh ra t\u1eeb b\u1ecdt bi\u1ec3n.<\/p>\n<p><img decoding=\"async\" class=\"wp-image-22507 aligncenter\" src=\"https:\/\/havamall.vn\/wp-content\/uploads\/2021\/09\/tr\u1ee9ung-c\u00e1-\u0111en-1-300x225.png\" alt=\"\" width=\"641\" height=\"481\" srcset=\"https:\/\/havamall.vn\/wp-content\/uploads\/2021\/09\/tr\u1ee9ung-c\u00e1-\u0111en-1-300x225.png 300w, https:\/\/havamall.vn\/wp-content\/uploads\/2021\/09\/tr\u1ee9ung-c\u00e1-\u0111en-1-430x323.png 430w, https:\/\/havamall.vn\/wp-content\/uploads\/2021\/09\/tr\u1ee9ung-c\u00e1-\u0111en-1-150x113.png 150w, https:\/\/havamall.vn\/wp-content\/uploads\/2021\/09\/tr\u1ee9ung-c\u00e1-\u0111en-1-700x525.png 700w, https:\/\/havamall.vn\/wp-content\/uploads\/2021\/09\/tr\u1ee9ung-c\u00e1-\u0111en-1-768x576.png 768w, https:\/\/havamall.vn\/wp-content\/uploads\/2021\/09\/tr\u1ee9ung-c\u00e1-\u0111en-1-1024x768.png 1024w, https:\/\/havamall.vn\/wp-content\/uploads\/2021\/09\/tr\u1ee9ung-c\u00e1-\u0111en-1.png 1200w, https:\/\/havamall.vn\/wp-content\/uploads\/2021\/09\/tr\u1ee9ung-c\u00e1-\u0111en-1-600x450.png 600w\" sizes=\"(max-width: 641px) 100vw, 641px\" \/>C\u00e1 h\u1ed3i v\u00e0 tr\u1ee9ng c\u00e1 l\u00e0 m\u00f3n \u0103n m\u00e0 ng\u01b0\u1eddi Nga \u0111\u00e3 s\u1eed d\u1ee5ng kh\u00e1 s\u1edbm trong c\u00e1c m\u00f3n \u0103n c\u1ee7a m\u00ecnh. V\u00ec v\u1eady c\u00e1 h\u1ed3i t\u1eebng \u0111\u01b0\u1ee3c v\u00ed l\u00e0 \u201cHo\u00e0ng \u0110\u1ebf\u201d c\u1ee7a \u0111\u1ea1i d\u01b0\u01a1ng. Ng\u01b0\u1eddi Nga coi tr\u1ee9ng c\u00e1 h\u1ed3i nh\u01b0 l\u00e0 t\u00e0i nguy\u00ean qu\u1ed1c gia qu\u00fd b\u00e1u. Tr\u00ean b\u00e0n ti\u1ec7c m\u00f3n tr\u1ee9ng c\u00e1 \u0111\u01b0\u1ee3c \u0111\u1eb7t v\u00e0o nh\u1eefng h\u1ed9p nh\u1ecf v\u00e0 n\u00f3 \u0111\u1eaft h\u01a1n c\u1ea3 th\u1ecbt m\u1ee1. Nh\u1eefng ng\u01b0\u1eddi c\u00f3 d\u1ecbp \u0111\u01b0\u1ee3c th\u01b0\u1edfng th\u1ee9c tr\u1ee9ng c\u00e1 \u0111\u01b0\u1ee3c cho l\u00e0 b\u1eadc cao sang.<br \/>\n<img decoding=\"async\" class=\"wp-image-22508 aligncenter\" src=\"https:\/\/havamall.vn\/wp-content\/uploads\/2021\/09\/tr\u1ee9ng-c\u00e1-h\u1ed3i-\u0111en-300x200.png\" alt=\"\" width=\"643\" height=\"428\" srcset=\"https:\/\/havamall.vn\/wp-content\/uploads\/2021\/09\/tr\u1ee9ng-c\u00e1-h\u1ed3i-\u0111en-300x200.png 300w, https:\/\/havamall.vn\/wp-content\/uploads\/2021\/09\/tr\u1ee9ng-c\u00e1-h\u1ed3i-\u0111en-430x286.png 430w, https:\/\/havamall.vn\/wp-content\/uploads\/2021\/09\/tr\u1ee9ng-c\u00e1-h\u1ed3i-\u0111en-150x100.png 150w, https:\/\/havamall.vn\/wp-content\/uploads\/2021\/09\/tr\u1ee9ng-c\u00e1-h\u1ed3i-\u0111en-700x466.png 700w, https:\/\/havamall.vn\/wp-content\/uploads\/2021\/09\/tr\u1ee9ng-c\u00e1-h\u1ed3i-\u0111en-768x512.png 768w, https:\/\/havamall.vn\/wp-content\/uploads\/2021\/09\/tr\u1ee9ng-c\u00e1-h\u1ed3i-\u0111en-1024x682.png 1024w, https:\/\/havamall.vn\/wp-content\/uploads\/2021\/09\/tr\u1ee9ng-c\u00e1-h\u1ed3i-\u0111en-1200x799.png 1200w, https:\/\/havamall.vn\/wp-content\/uploads\/2021\/09\/tr\u1ee9ng-c\u00e1-h\u1ed3i-\u0111en-600x400.png 600w, https:\/\/havamall.vn\/wp-content\/uploads\/2021\/09\/tr\u1ee9ng-c\u00e1-h\u1ed3i-\u0111en.png 1300w\" sizes=\"(max-width: 643px) 100vw, 643px\" \/><\/p>\n<p>Tr\u1ee9ng c\u00e1 l\u00e0 m\u00f3n \u0103n khai v\u1ecb, \u0111\u01b0\u1ee3c ph\u1ee5c v\u1ee5 v\u1edbi m\u1ed9t l\u01b0\u1ee3ng nh\u1ecf, v\u1eeba \u0111\u1ee7 \u0111\u1ec3 c\u00e1c th\u1ef1c kh\u00e1ch l\u01b0u luy\u1ebfn v\u1edbi h\u01b0\u01a1ng v\u1ecb kh\u00f3 qu\u00ean c\u1ee7a tr\u1ee9ng c\u00e1. \u0110\u01b0\u1ee3c l\u00e0m t\u1eeb tr\u1ee9ng c\u00e1 t\u1ea7m nguy\u00ean ch\u1ea5t v\u00e0 mu\u1ed1i, \u0111\u00f3 l\u00e0 m\u1ed9t ngu\u1ed3n th\u1ef1c ph\u1ea9m b\u1ed5 d\u01b0\u1ee1ng v\u1edbi c\u00e1c th\u00e0nh ph\u1ea7n nh\u01b0 canxi, v\u00e0 photpho c\u0169ng nh\u01b0 l\u00e0 protein, selen, s\u1eaft, magi\u00ea v\u00e0 c\u00e1c lo\u1ea1i vitamin B12, B6, B2, B44, C, A, v\u00e0 D. Trong tr\u1ee9ng c\u00e1 c\u0169ng c\u00f3 ch\u1ee9a c\u00e1c axit amin, kho\u00e1ng ch\u1ea5t acginin v\u00e0 histidin c\u0169ng nh\u01b0 c\u00e1c axit amin c\u1ea7n thi\u1ebft kh\u00e1c nh\u01b0 lysine, isoleucine, v\u00e0 methionine.<\/p>\n<p><img loading=\"lazy\" decoding=\"async\" class=\"wp-image-22510 aligncenter\" src=\"https:\/\/havamall.vn\/wp-content\/uploads\/2021\/09\/tr\u1ee9ung-c\u00e1-300x200.png\" alt=\"\" width=\"641\" height=\"428\" srcset=\"https:\/\/havamall.vn\/wp-content\/uploads\/2021\/09\/tr\u1ee9ung-c\u00e1-300x200.png 300w, https:\/\/havamall.vn\/wp-content\/uploads\/2021\/09\/tr\u1ee9ung-c\u00e1-430x287.png 430w, https:\/\/havamall.vn\/wp-content\/uploads\/2021\/09\/tr\u1ee9ung-c\u00e1-150x100.png 150w, https:\/\/havamall.vn\/wp-content\/uploads\/2021\/09\/tr\u1ee9ung-c\u00e1-700x467.png 700w, https:\/\/havamall.vn\/wp-content\/uploads\/2021\/09\/tr\u1ee9ung-c\u00e1-768x512.png 768w, https:\/\/havamall.vn\/wp-content\/uploads\/2021\/09\/tr\u1ee9ung-c\u00e1-600x400.png 600w, https:\/\/havamall.vn\/wp-content\/uploads\/2021\/09\/tr\u1ee9ung-c\u00e1.png 1023w\" sizes=\"(max-width: 641px) 100vw, 641px\" \/><\/p>\n<h3><strong>T\u00e1c d\u1ee5ng dinh d\u01b0\u1ee1ng c\u1ee7a tr\u1ee9ng c\u00e1 h\u1ed3i \u0111en:<\/strong><\/h3>\n<p>&gt; Tr\u1ee9ng c\u00e1 \u0111en l\u00e0 m\u1ed9t m\u00f3n \u0103n b\u1ed5 d\u01b0\u1ee1ng v\u1edbi th\u00e0nh ph\u1ea7n c\u00e1c vitamin A v\u00e0 D v\u00e0 \u0111\u1eb7c bi\u1ec7t l\u00e0 Acid b\u00e9o Omega-3.<\/p>\n<p>&gt; M\u1ed9t s\u1ed1 nh\u00e0 khoa h\u1ecdc cho r\u1eb1ng nh\u1eefng ch\u1ea5t n\u00e0y c\u00f3 th\u1ec3 gi\u00fap l\u00e0m gi\u1ea3m nguy c\u01a1 tr\u1ea7m c\u1ea3m, ng\u0103n ng\u1eeba c\u00e1c b\u1ec7nh v\u1ec1 tim.<\/p>\n<p>&gt; Caviar cao c\u1ea5p ch\u1ee9a \u0111\u1ebfn 30% protein v\u00e0 h\u01a1n 20% ch\u1ea5t b\u00e9o c\u00f3 th\u1ec3 d\u1ec5 d\u00e0ng h\u1ea5p th\u1ee5 b\u1edfi con ng\u01b0\u1eddi.<br \/>\n<img loading=\"lazy\" decoding=\"async\" class=\"wp-image-22511 aligncenter\" src=\"https:\/\/havamall.vn\/wp-content\/uploads\/2021\/09\/tr\u1ee9ung-276x300.png\" alt=\"\" width=\"642\" height=\"698\" srcset=\"https:\/\/havamall.vn\/wp-content\/uploads\/2021\/09\/tr\u1ee9ung-276x300.png 276w, https:\/\/havamall.vn\/wp-content\/uploads\/2021\/09\/tr\u1ee9ung-430x467.png 430w, https:\/\/havamall.vn\/wp-content\/uploads\/2021\/09\/tr\u1ee9ung-150x163.png 150w, https:\/\/havamall.vn\/wp-content\/uploads\/2021\/09\/tr\u1ee9ung-700x761.png 700w, https:\/\/havamall.vn\/wp-content\/uploads\/2021\/09\/tr\u1ee9ung-768x835.png 768w, https:\/\/havamall.vn\/wp-content\/uploads\/2021\/09\/tr\u1ee9ung-600x652.png 600w, https:\/\/havamall.vn\/wp-content\/uploads\/2021\/09\/tr\u1ee9ung.png 900w\" sizes=\"(max-width: 642px) 100vw, 642px\" \/><\/p>\n<h3><strong>C\u00e1ch s\u1eed d\u1ee5ng:<\/strong><\/h3>\n<p>&#8211; \u0102n ngay ho\u1eb7c k\u00e8m v\u1edbi b\u00e1nh m\u00ec \u0111en, b\u01a1, pho mai mi\u1ebfng.<\/p>\n<p>&#8211; Ho\u1eb7c c\u00f3 th\u1ec3 ch\u1ebf bi\u1ebfn th\u00e0nh nhi\u1ec1u m\u00f3n \u0103n kh\u00e1c nh\u01b0: Tr\u1ee9ng c\u00e1 chi\u00ean, nem tr\u1ee9ng c\u00e1, shusi tr\u1ee9ng c\u00e1 h\u1ed3i, sa-l\u00e1t tr\u1ee9ng c\u00e1 h\u1ed3i \u2026.<\/p>","protected":false},"excerpt":{"rendered":"<p>Tr\u1ee9ng c\u00e1 h\u1ed3i ch\u1ee9a r\u1ea5t nhi\u1ec1u ch\u1ea5t dinh d\u01b0\u1ee1ng cho c\u01a1 th\u1ec3, \u0111\u1eb7c bi\u1ec7t l\u00e0 axit omega 3 tuy\u1ec7t di\u1ec7u.<\/p>","protected":false},"featured_media":22543,"comment_status":"open","ping_status":"closed","template":"","meta":[],"product_brand":[],"product_cat":[36],"product_tag":[],"class_list":{"0":"post-22504","1":"product","2":"type-product","3":"status-publish","4":"has-post-thumbnail","6":"product_cat-thuc-pham-tieu-dung","8":"first","9":"instock","10":"sale","11":"shipping-taxable","12":"purchasable","13":"product-type-simple"},"_links":{"self":[{"href":"https:\/\/havamall.vn\/en\/wp-json\/wp\/v2\/product\/22504"}],"collection":[{"href":"https:\/\/havamall.vn\/en\/wp-json\/wp\/v2\/product"}],"about":[{"href":"https:\/\/havamall.vn\/en\/wp-json\/wp\/v2\/types\/product"}],"replies":[{"embeddable":true,"href":"https:\/\/havamall.vn\/en\/wp-json\/wp\/v2\/comments?post=22504"}],"version-history":[{"count":0,"href":"https:\/\/havamall.vn\/en\/wp-json\/wp\/v2\/product\/22504\/revisions"}],"wp:featuredmedia":[{"embeddable":true,"href":"https:\/\/havamall.vn\/en\/wp-json\/wp\/v2\/media\/22543"}],"wp:attachment":[{"href":"https:\/\/havamall.vn\/en\/wp-json\/wp\/v2\/media?parent=22504"}],"wp:term":[{"taxonomy":"product_brand","embeddable":true,"href":"https:\/\/havamall.vn\/en\/wp-json\/wp\/v2\/product_brand?post=22504"},{"taxonomy":"product_cat","embeddable":true,"href":"https:\/\/havamall.vn\/en\/wp-json\/wp\/v2\/product_cat?post=22504"},{"taxonomy":"product_tag","embeddable":true,"href":"https:\/\/havamall.vn\/en\/wp-json\/wp\/v2\/product_tag?post=22504"}],"curies":[{"name":"wp","href":"https:\/\/api.w.org\/{rel}","templated":true}]}}