{"id":22494,"date":"2021-09-30T10:45:58","date_gmt":"2021-09-30T03:45:58","guid":{"rendered":"https:\/\/havamall.vn\/?post_type=product&#038;p=22494"},"modified":"2022-06-14T15:15:29","modified_gmt":"2022-06-14T08:15:29","slug":"pho-gao-an-lien-huu-co-vietsuisse-15-goi-x-60g-organic-instant-rice-noodles","status":"publish","type":"product","link":"https:\/\/havamall.vn\/en\/shop\/pho-gao-an-lien-huu-co-vietsuisse-15-goi-x-60g-organic-instant-rice-noodles\/","title":{"rendered":"Ph\u1edf G\u1ea1o \u0102n Li\u1ec1n H\u1eefu C\u01a1 VietSuisse 15 G\u00f3i x 60g &#8211; Organic Instant Rice Noodles"},"content":{"rendered":"<h3><strong>TH\u00d4NG TIN S\u1ea2N PH\u1ea8M<\/strong><\/h3>\n<table>\n<tbody>\n<tr>\n<td>Th\u01b0\u01a1ng hi\u1ec7u<\/td>\n<td>Vietsuisse<\/td>\n<\/tr>\n<tr>\n<td>Xu\u1ea5t x\u1ee9<\/td>\n<td>Vi\u1ec7t Nam<\/td>\n<\/tr>\n<tr>\n<td>Th\u00e0nh ph\u1ea7n<\/td>\n<td>100% g\u1ea1o h\u1eefu c\u01a1<\/td>\n<\/tr>\n<tr>\n<td>H\u1ea1n s\u1eed d\u1ee5ng<\/td>\n<td>12 th\u00e1ng k\u1ec3 t\u1eeb ng\u00e0y s\u1ea3n xu\u1ea5t.<\/td>\n<\/tr>\n<tr>\n<td>B\u1ea3o qu\u1ea3n<\/td>\n<td>\u0110\u1ec3 n\u01a1i kh\u00f4 r\u00e1o, tho\u00e1ng m\u00e1t, tr\u00e1nh \u00e1nh n\u1eafng tr\u1ef1c ti\u1ebfp<\/td>\n<\/tr>\n<tr>\n<td>Kh\u1ed1i l\u01b0\u1ee3ng<\/td>\n<td>15 g\u00f3i x 60g<\/td>\n<\/tr>\n<\/tbody>\n<\/table>\n<p>S\u1ea3n ph\u1ea9m Ph\u1edf g\u1ea1o \u0103n li\u1ec1n h\u1eefu c\u01a1 Vietsuisse \u0111\u01b0\u1ee3c l\u00e0m ho\u00e0n to\u00e0n t\u1eeb g\u1ea1o h\u1eefu c\u01a1, c\u00f3 ch\u1ee9ng nh\u1eadn h\u1eefu c\u01a1 USDA v\u00e0 EU, b\u1ea1n c\u00f3 th\u1ec3 ho\u00e0n to\u00e0n y\u00ean t\u00e2m r\u1eb1ng s\u1ea3n ph\u1ea9m \u0111\u1ea3m b\u1ea3o s\u1ea1ch l\u00e0nh, kh\u00f4ng h\u00f3a ch\u1ea5t \u0111\u1ed9c h\u1ea1i, kh\u00f4ng ch\u1ea5t b\u1ea3o qu\u1ea3n, an to\u00e0n cho s\u1ee9c kh\u1ecfe gia \u0111\u00ecnh.<\/p>\n<p><img fetchpriority=\"high\" decoding=\"async\" class=\"wp-image-22496 aligncenter\" src=\"https:\/\/havamall.vn\/wp-content\/uploads\/2021\/09\/ph\u01b0-300x300.png\" alt=\"\" width=\"620\" height=\"620\" srcset=\"https:\/\/havamall.vn\/wp-content\/uploads\/2021\/09\/ph\u01b0-300x300.png 300w, https:\/\/havamall.vn\/wp-content\/uploads\/2021\/09\/ph\u01b0-430x430.png 430w, https:\/\/havamall.vn\/wp-content\/uploads\/2021\/09\/ph\u01b0-150x150.png 150w, https:\/\/havamall.vn\/wp-content\/uploads\/2021\/09\/ph\u01b0-700x700.png 700w, https:\/\/havamall.vn\/wp-content\/uploads\/2021\/09\/ph\u01b0-768x768.png 768w, https:\/\/havamall.vn\/wp-content\/uploads\/2021\/09\/ph\u01b0-1024x1024.png 1024w, https:\/\/havamall.vn\/wp-content\/uploads\/2021\/09\/ph\u01b0-1200x1200.png 1200w, https:\/\/havamall.vn\/wp-content\/uploads\/2021\/09\/ph\u01b0-600x600.png 600w, https:\/\/havamall.vn\/wp-content\/uploads\/2021\/09\/ph\u01b0-100x100.png 100w, https:\/\/havamall.vn\/wp-content\/uploads\/2021\/09\/ph\u01b0.png 1600w\" sizes=\"(max-width: 620px) 100vw, 620px\" \/><\/p>\n<p dir=\"auto\">\u0110\u00e2y l\u00e0 s\u1ea3n ph\u1ea9m ph\u1edf \u0103n li\u1ec1n h\u1eefu c\u01a1 \u0111\u1ea7u ti\u00ean t\u1ea1i Vi\u1ec7t Nam \u0111\u01b0\u1ee3c l\u00e0m t\u1eeb nh\u00f3m g\u1ea1o h\u1eefu c\u01a1 ST25 x\u00e1t l\u1ee9t c\u1ee7a VietSuisse c\u00f3 ch\u1ee9ng nh\u1eadn h\u1eefu c\u01a1 USDA, EU, JAS. \u0110\u1ea3m b\u1ea3o kh\u00f4ng ch\u1ee9a h\u00f3a ch\u1ea5t, c\u00e1c ch\u1ea5t b\u1ea3o qu\u1ea3n, an to\u00e0n cho s\u1ee9c kh\u1ecfe ng\u01b0\u1eddi s\u1eed d\u1ee5ng.<\/p>\n<p dir=\"auto\"><img decoding=\"async\" class=\"wp-image-22497 aligncenter\" src=\"https:\/\/havamall.vn\/wp-content\/uploads\/2021\/09\/lhowr-h\u1eefu-c\u01a1-300x169.png\" alt=\"\" width=\"618\" height=\"348\" srcset=\"https:\/\/havamall.vn\/wp-content\/uploads\/2021\/09\/lhowr-h\u1eefu-c\u01a1-300x169.png 300w, https:\/\/havamall.vn\/wp-content\/uploads\/2021\/09\/lhowr-h\u1eefu-c\u01a1-430x242.png 430w, https:\/\/havamall.vn\/wp-content\/uploads\/2021\/09\/lhowr-h\u1eefu-c\u01a1-150x84.png 150w, https:\/\/havamall.vn\/wp-content\/uploads\/2021\/09\/lhowr-h\u1eefu-c\u01a1-700x394.png 700w, https:\/\/havamall.vn\/wp-content\/uploads\/2021\/09\/lhowr-h\u1eefu-c\u01a1-768x432.png 768w, https:\/\/havamall.vn\/wp-content\/uploads\/2021\/09\/lhowr-h\u1eefu-c\u01a1-1024x576.png 1024w, https:\/\/havamall.vn\/wp-content\/uploads\/2021\/09\/lhowr-h\u1eefu-c\u01a1-1200x675.png 1200w, https:\/\/havamall.vn\/wp-content\/uploads\/2021\/09\/lhowr-h\u1eefu-c\u01a1-600x338.png 600w, https:\/\/havamall.vn\/wp-content\/uploads\/2021\/09\/lhowr-h\u1eefu-c\u01a1.png 1280w\" sizes=\"(max-width: 618px) 100vw, 618px\" \/><\/p>\n<p dir=\"auto\">S\u1ee3i ph\u1edf m\u1ec1m, dai v\u1eeba, kh\u00f4ng b\u1ecb chua, ch\u1ec9 v\u1edbi n\u01b0\u1edbc d\u00f9ng s\u00f4i gi\u00e0 v\u00e0 m\u1ea5t v\u00e0i ph\u00fat ch\u1edd \u0111\u1ee3i th\u00f4i l\u00e0 ch\u00fang ta \u0111\u00e3 c\u00f3 ngay m\u1ed9t t\u00f4 ph\u1edf m\u1ec1m ngon, l\u1ea1i kh\u00f4ng ph\u1ea3i m\u1ea5t nhi\u1ec1u th\u1eddi gian \u0111\u1ec3 ng\u00e2m v\u00e0 tr\u1ee5ng ph\u1edf.<\/p>\n<p dir=\"auto\"><img decoding=\"async\" class=\"wp-image-22498 aligncenter\" src=\"https:\/\/havamall.vn\/wp-content\/uploads\/2021\/09\/ph\u1edf-h\u1eefu-c\u01a1-5-300x190.png\" alt=\"\" width=\"627\" height=\"397\" srcset=\"https:\/\/havamall.vn\/wp-content\/uploads\/2021\/09\/ph\u1edf-h\u1eefu-c\u01a1-5-300x190.png 300w, https:\/\/havamall.vn\/wp-content\/uploads\/2021\/09\/ph\u1edf-h\u1eefu-c\u01a1-5-430x272.png 430w, https:\/\/havamall.vn\/wp-content\/uploads\/2021\/09\/ph\u1edf-h\u1eefu-c\u01a1-5-150x95.png 150w, https:\/\/havamall.vn\/wp-content\/uploads\/2021\/09\/ph\u1edf-h\u1eefu-c\u01a1-5-700x442.png 700w, https:\/\/havamall.vn\/wp-content\/uploads\/2021\/09\/ph\u1edf-h\u1eefu-c\u01a1-5-768x485.png 768w, https:\/\/havamall.vn\/wp-content\/uploads\/2021\/09\/ph\u1edf-h\u1eefu-c\u01a1-5-1024x647.png 1024w, https:\/\/havamall.vn\/wp-content\/uploads\/2021\/09\/ph\u1edf-h\u1eefu-c\u01a1-5-600x379.png 600w, https:\/\/havamall.vn\/wp-content\/uploads\/2021\/09\/ph\u1edf-h\u1eefu-c\u01a1-5.png 1086w\" sizes=\"(max-width: 627px) 100vw, 627px\" \/><\/p>\n<p>Ch\u1ec9 c\u1ea7n n\u01b0\u1edbc d\u00f9ng s\u00f4i gi\u00e0 v\u00e0 m\u1ea5t v\u00e0i ph\u00fat ch\u1edd \u0111\u1ee3i th\u00f4i l\u00e0 ch\u00fang ta \u0111\u00e3 c\u00f3 ngay m\u1ed9t t\u00f4 ph\u1edf m\u1ec1m ngon, l\u1ea1i kh\u00f4ng ph\u1ea3i m\u1ea5t nhi\u1ec1u th\u1eddi gian \u0111\u1ec3 ng\u00e2m hay tr\u1ee5ng ph\u1edf. V\u00e0o bu\u1ed5i s\u00e1ng, b\u1ea1n ch\u1ec9 c\u1ea7n n\u1ea5u c\u00f9ng th\u1ecbt b\u00f2, g\u00e0 hay c\u1ee7 qu\u1ea3 l\u00e0 c\u00f3 ngay b\u00e1t ph\u1edf n\u00f3ng, th\u01a1m t\u1ea1i gia \u0111\u1ea3m b\u1ea3o ngon, m\u1ec1m, s\u1ea1ch l\u00e0nh, ti\u1ec7n l\u1ee3i cho c\u1ea3 gia \u0111\u00ecnh th\u01b0\u1edfng th\u1ee9c.<\/p>\n<p><img loading=\"lazy\" decoding=\"async\" class=\"wp-image-22499 aligncenter\" src=\"https:\/\/havamall.vn\/wp-content\/uploads\/2021\/09\/ph\u1edf-h\u1eefu-c\u01a1-3-300x178.png\" alt=\"\" width=\"623\" height=\"370\" srcset=\"https:\/\/havamall.vn\/wp-content\/uploads\/2021\/09\/ph\u1edf-h\u1eefu-c\u01a1-3-300x178.png 300w, https:\/\/havamall.vn\/wp-content\/uploads\/2021\/09\/ph\u1edf-h\u1eefu-c\u01a1-3-430x255.png 430w, https:\/\/havamall.vn\/wp-content\/uploads\/2021\/09\/ph\u1edf-h\u1eefu-c\u01a1-3-150x89.png 150w, https:\/\/havamall.vn\/wp-content\/uploads\/2021\/09\/ph\u1edf-h\u1eefu-c\u01a1-3-600x355.png 600w, https:\/\/havamall.vn\/wp-content\/uploads\/2021\/09\/ph\u1edf-h\u1eefu-c\u01a1-3.png 760w\" sizes=\"(max-width: 623px) 100vw, 623px\" \/><\/p>\n<h3><strong>H\u01b0\u1edbng d\u1eabn s\u1eed d\u1ee5ng:<\/strong><\/h3>\n<p dir=\"auto\">&#8211; B\u1ea1n ch\u1ec9 c\u1ea7n tr\u1ee5ng ph\u1edf trong n\u01b0\u1edbc \u0111un s\u00f4i kho\u1ea3ng 3-4 ph\u00fat.<\/p>\n<p dir=\"auto\">&#8211; V\u1edbt ra v\u00e0 c\u00f3 th\u1ec3 tr\u1ed9n v\u1edbi s\u1ed1t, gia v\u1ecb, rau \u0111\u1ec3 \u0103n tr\u1ef1c ti\u1ebfp nh\u01b0 b\u00fan\/ph\u1edf t\u01b0\u01a1i ho\u1eb7c ch\u1ebf bi\u1ebfn x\u00e0o, n\u1ea5u, \u0103n l\u1ea9u.<\/p>\n<p dir=\"auto\">&#8211; \u0110\u1ec3 gia v\u1ecb v\u00e0 v\u1eaft ph\u1edf trong t\u00f4, ch\u1ebf n\u01b0\u1edbc s\u00f4i v\u00e0 \u0111\u1eady k\u00edn v\u00e0 th\u01b0\u1edfng th\u1ee9c sau 3-4 ph\u00fat.<\/p>\n<div dir=\"auto\">S\u1ea3n ph\u1ea9m hi\u1ec7n \u0111\u00e3 c\u00f3 m\u1eb7t t\u1ea1i Havamall.<\/div>\n<div dir=\"auto\"><img loading=\"lazy\" decoding=\"async\" class=\"wp-image-22500 aligncenter\" src=\"https:\/\/havamall.vn\/wp-content\/uploads\/2021\/09\/ph\u1edf-h\u1eefu-c\u01a1-2-250x300.png\" alt=\"\" width=\"622\" height=\"747\" srcset=\"https:\/\/havamall.vn\/wp-content\/uploads\/2021\/09\/ph\u1edf-h\u1eefu-c\u01a1-2-250x300.png 250w, https:\/\/havamall.vn\/wp-content\/uploads\/2021\/09\/ph\u1edf-h\u1eefu-c\u01a1-2-430x517.png 430w, https:\/\/havamall.vn\/wp-content\/uploads\/2021\/09\/ph\u1edf-h\u1eefu-c\u01a1-2-150x180.png 150w, https:\/\/havamall.vn\/wp-content\/uploads\/2021\/09\/ph\u1edf-h\u1eefu-c\u01a1-2-700x841.png 700w, https:\/\/havamall.vn\/wp-content\/uploads\/2021\/09\/ph\u1edf-h\u1eefu-c\u01a1-2-768x923.png 768w, https:\/\/havamall.vn\/wp-content\/uploads\/2021\/09\/ph\u1edf-h\u1eefu-c\u01a1-2-852x1024.png 852w, https:\/\/havamall.vn\/wp-content\/uploads\/2021\/09\/ph\u1edf-h\u1eefu-c\u01a1-2-1200x1442.png 1200w, https:\/\/havamall.vn\/wp-content\/uploads\/2021\/09\/ph\u1edf-h\u1eefu-c\u01a1-2-600x721.png 600w, https:\/\/havamall.vn\/wp-content\/uploads\/2021\/09\/ph\u1edf-h\u1eefu-c\u01a1-2.png 1365w\" sizes=\"(max-width: 622px) 100vw, 622px\" \/><\/div>","protected":false},"excerpt":{"rendered":"<p>TH\u00d4NG TIN S\u1ea2N PH\u1ea8M Th\u01b0\u01a1ng hi\u1ec7u Vietsuisse Xu\u1ea5t x\u1ee9 Vi\u1ec7t Nam Th\u00e0nh ph\u1ea7n 100% g\u1ea1o h\u1eefu c\u01a1 H\u1ea1n s\u1eed d\u1ee5ng<\/p>","protected":false},"featured_media":22501,"comment_status":"open","ping_status":"closed","template":"","meta":[],"product_brand":[],"product_cat":[256,36,134],"product_tag":[],"class_list":{"0":"post-22494","1":"product","2":"type-product","3":"status-publish","4":"has-post-thumbnail","6":"product_cat-thuc-pham-huu-co","7":"product_cat-thuc-pham-tieu-dung","8":"product_cat-thucpham-saykho","10":"first","11":"outofstock","12":"sale","13":"shipping-taxable","14":"purchasable","15":"product-type-simple"},"_links":{"self":[{"href":"https:\/\/havamall.vn\/en\/wp-json\/wp\/v2\/product\/22494"}],"collection":[{"href":"https:\/\/havamall.vn\/en\/wp-json\/wp\/v2\/product"}],"about":[{"href":"https:\/\/havamall.vn\/en\/wp-json\/wp\/v2\/types\/product"}],"replies":[{"embeddable":true,"href":"https:\/\/havamall.vn\/en\/wp-json\/wp\/v2\/comments?post=22494"}],"version-history":[{"count":0,"href":"https:\/\/havamall.vn\/en\/wp-json\/wp\/v2\/product\/22494\/revisions"}],"wp:featuredmedia":[{"embeddable":true,"href":"https:\/\/havamall.vn\/en\/wp-json\/wp\/v2\/media\/22501"}],"wp:attachment":[{"href":"https:\/\/havamall.vn\/en\/wp-json\/wp\/v2\/media?parent=22494"}],"wp:term":[{"taxonomy":"product_brand","embeddable":true,"href":"https:\/\/havamall.vn\/en\/wp-json\/wp\/v2\/product_brand?post=22494"},{"taxonomy":"product_cat","embeddable":true,"href":"https:\/\/havamall.vn\/en\/wp-json\/wp\/v2\/product_cat?post=22494"},{"taxonomy":"product_tag","embeddable":true,"href":"https:\/\/havamall.vn\/en\/wp-json\/wp\/v2\/product_tag?post=22494"}],"curies":[{"name":"wp","href":"https:\/\/api.w.org\/{rel}","templated":true}]}}