{"id":22477,"date":"2021-09-29T17:11:40","date_gmt":"2021-09-29T10:11:40","guid":{"rendered":"https:\/\/havamall.vn\/?post_type=product&#038;p=22477"},"modified":"2022-01-27T11:24:30","modified_gmt":"2022-01-27T04:24:30","slug":"rong-bien-huu-co-an-lien-cho-be-alvins-20g-organic-seasoned-seaweed","status":"publish","type":"product","link":"https:\/\/havamall.vn\/en\/shop\/rong-bien-huu-co-an-lien-cho-be-alvins-20g-organic-seasoned-seaweed\/","title":{"rendered":"Rong Bi\u1ec3n H\u1eefu C\u01a1 \u0102n Li\u1ec1n Cho B\u00e9 Alvins 20g &#8211; Organic Seasoned Seaweed"},"content":{"rendered":"<div dir=\"auto\">\n<div class=\"o9v6fnle cxmmr5t8 oygrvhab hcukyx3x c1et5uql ii04i59q\">\n<p dir=\"auto\">Rong bi\u1ec3n l\u00e0 m\u1ed9t trong nh\u1eefng th\u1ef1c ph\u1ea9m ngon c\u00f3 gi\u00e1 tr\u1ecb cao c\u1ea3 \u1edf g\u00f3c \u0111\u1ed9 \u1ea9m th\u1ef1c v\u00e0 dinh d\u01b0\u1ee1ng v\u1edbi h\u01a1n 90 lo\u1ea1i kho\u00e1ng ch\u1ea5t, vitamin h\u1ea5p th\u1ee5 t\u1eeb n\u01b0\u1edbc bi\u1ec3n. Rong bi\u1ec3n r\u1ea5t t\u1ed1t cho s\u1ef1 ph\u00e1t tri\u1ec3n c\u1ee7a b\u00e9 \u0111\u1eb7c bi\u1ec7t l\u00e0 trong giai \u0111o\u1ea1n \u0103n d\u1eb7m.<\/p>\n<\/div>\n<div dir=\"auto\">V\u1edbi rong bi\u1ec3n h\u1eefu c\u01a1 Alvins, c\u00e1c m\u1eb9 c\u00f3 th\u1ec3 tha h\u1ed3 bi\u1ebfn ch\u1ebf th\u00e0nh nh\u1eefng m\u00f3n \u0103n c\u1ef1c k\u00ec h\u1ea5p d\u1eabn m\u1ed9t c\u00e1ch d\u1ec5 d\u00e0ng, \u0111\u1eb7c bi\u1ec7t l\u00e0 l\u1ea1 mi\u1ec7ng, k\u00edch th\u00edch v\u1ecb gi\u00e1c v\u00e0 gi\u00fap b\u00e9 \u0103n ngon mi\u1ec7ng h\u01a1n.<\/div>\n<div dir=\"auto\"><img fetchpriority=\"high\" decoding=\"async\" class=\"aligncenter\" src=\"https:\/\/havamall.vn\/wp-content\/uploads\/2021\/09\/a7dcf5864d1740bc4b4cf0d0f4bad834cafee5ca.jpg\" alt=\"\uc5d8\ube48\uc988 \uc720\uae30\ub18d \uc5b4\ub9b0\uc774\uae40 - \ud2b9\uac00\ub300\ud45c! \uc704\uba54\ud504\" width=\"675\" height=\"445\" \/><\/div>\n<div dir=\"auto\">C\u00e1c m\u1eb9 c\u00f3 th\u1ec3 d\u00f9ng nguy\u00ean l\u00e1 \u0111\u1ec3 cu\u1ed1n c\u01a1m, l\u00e0m c\u01a1m n\u1eafm cho b\u00e9 ho\u1eb7c c\u1eaft nh\u1ecf v\u00e0 ch\u1ebf bi\u1ebfn cho b\u00e9 m\u00f3n c\u01a1m tr\u1ed9n th\u01a1m ngon. Ngo\u00e0i ra, m\u1eb9 c\u00f3 th\u1ec3 s\u1eed d\u1ee5ng rong bi\u1ec3n Alvins \u0111\u1ec3 n\u1ea5u canh rong bi\u1ec3n c\u00e1 b\u00e0o cho b\u00e9<\/div>\n<\/div>\n<p dir=\"auto\">C\u00e1c s\u1ea3n ph\u1ea9m rong bi\u1ec3n h\u1eefu c\u01a1 Alvins th\u00e0nh ph\u1ea7n \u0111\u1ec1u t\u1eeb rong bi\u1ec3n h\u1eefu c\u01a1 k\u1ebft h\u1ee3p v\u1edbi c\u00e1c nguy\u00ean li\u1ec7u h\u1eefu c\u01a1 nh\u01b0 rau, c\u1ee7, qu\u1ea3, h\u1ea3i s\u1ea3n, m\u00e8, d\u1ea7u canola\u2026 an to\u00e0n, gi\u00e0u d\u01b0\u1ee1ng ch\u1ea5t t\u1ed1t cho s\u1ef1 ph\u00e1t tri\u1ec3n c\u1ee7a b\u00e9.<\/p>\n<p dir=\"auto\"><img decoding=\"async\" class=\"aligncenter\" src=\"https:\/\/cf.shopee.vn\/file\/74ff8498a440217e01cabe08795bd2f3\" alt=\"Rong bi\u1ec3n H\u00e0n Qu\u1ed1c h\u1eefu c\u01a1 cho b\u00e9 Alvins (T\u00e1ch mu\u1ed1i\/ \u0102n li\u1ec1n) | Shopee Vi\u1ec7t Nam\" width=\"676\" height=\"676\" \/><\/p>\n<p dir=\"auto\">S\u1ea3n ph\u1ea9m \u0111\u1ea3m b\u1ea3o kh\u00f4ng ch\u1ee9a c\u00e1c th\u00e0nh ph\u1ea7n ph\u1ee5 gia, kh\u00f4ng h\u01b0\u01a1ng t\u1ed5ng h\u1ee3p, kh\u00f4ng m\u00e0u th\u1ef1c ph\u1ea9m, kh\u00f4ng ch\u1ee9a Gluten, kh\u00f4ng s\u1eed d\u1ee5ng th\u1ef1c ph\u1ea9m bi\u1ebfn \u0111\u1ed5i gen, kh\u00f4ng ch\u1ea5t b\u1ea3o qu\u1ea3n th\u01b0\u1eddng c\u00f3 \u1edf c\u00e1c s\u1ea3n ph\u1ea9m rong bi\u1ec3n th\u00f4ng th\u01b0\u1eddng.<\/p>\n<p dir=\"auto\"><img decoding=\"async\" class=\"aligncenter\" src=\"https:\/\/havamall.vn\/wp-content\/uploads\/2021\/09\/cee6dfd7f0c14831f68a1710c3c484678b4d0dc9.jpg\" alt=\"\uc5d8\ube48\uc988 \uc720\uae30\ub18d \uc5b4\ub9b0\uc774\uae40 - \ud2b9\uac00\ub300\ud45c! \uc704\uba54\ud504\" width=\"665\" height=\"964\" \/><\/p>\n<p dir=\"auto\">Kh\u00e1c v\u1edbi c\u00e1c s\u1ea3n ph\u1ea9m rong bi\u1ec3n cho b\u00e9 \u0103n d\u1eb7m kh\u00e1c tr\u00ean th\u1ecb tr\u01b0\u1eddng, Alvins \u0111\u00e3 nghi\u00ean c\u1ee9u k\u1ef9 c\u00e0ng, s\u1ea3n xu\u1ea5t t\u1eebng s\u1ea3n ph\u1ea9m ph\u00f9 h\u1ee3p v\u1edbi t\u1eebng giai \u0111o\u1ea1n ph\u00e1t tri\u1ec3n c\u1ee7a b\u00e9, gi\u00fap M\u1eb9 d\u1ec5 d\u00e0ng l\u1ef1a ch\u1ecdn s\u1ea3n ph\u1ea9m ph\u00f9 h\u1ee3p nh\u1ea5t v\u1edbi b\u00e9.<\/p>\n<p dir=\"auto\">C\u00e1c s\u1ea3n ph\u1ea9m rong bi\u1ec3n h\u1eefu c\u01a1 alvins c\u00f2n \u0111\u1ea1t ch\u1ee9ng nh\u1eadn h\u1eefu c\u01a1 USDA, ch\u1ee9ng nh\u1eadn h\u1eefu c\u01a1 H\u00e0n Qu\u1ed1c, HACCP n\u00ean M\u1eb9 c\u00f3 th\u1ec3 ho\u00e0n to\u00e0n y\u00ean t\u00e2m v\u1ec1 ch\u1ea5t l\u01b0\u1ee3ng s\u1ea3n ph\u1ea9m.<\/p>\n<p dir=\"auto\"><img loading=\"lazy\" decoding=\"async\" class=\"wp-image-20955 aligncenter\" src=\"https:\/\/havamall.vn\/wp-content\/uploads\/2021\/07\/r\u00e8d-300x169.png\" alt=\"\" width=\"666\" height=\"375\" srcset=\"https:\/\/havamall.vn\/wp-content\/uploads\/2021\/07\/r\u00e8d-300x169.png 300w, https:\/\/havamall.vn\/wp-content\/uploads\/2021\/07\/r\u00e8d-430x242.png 430w, https:\/\/havamall.vn\/wp-content\/uploads\/2021\/07\/r\u00e8d-150x84.png 150w, https:\/\/havamall.vn\/wp-content\/uploads\/2021\/07\/r\u00e8d-700x394.png 700w, https:\/\/havamall.vn\/wp-content\/uploads\/2021\/07\/r\u00e8d-768x432.png 768w, https:\/\/havamall.vn\/wp-content\/uploads\/2021\/07\/r\u00e8d-1024x576.png 1024w, https:\/\/havamall.vn\/wp-content\/uploads\/2021\/07\/r\u00e8d-1200x675.png 1200w, https:\/\/havamall.vn\/wp-content\/uploads\/2021\/07\/r\u00e8d-600x338.png 600w, https:\/\/havamall.vn\/wp-content\/uploads\/2021\/07\/r\u00e8d.png 1280w\" sizes=\"(max-width: 666px) 100vw, 666px\" \/><\/p>\n<h3><strong>\u0110\u1eb7c \u0111i\u1ec3m n\u1ed5i b\u1eadt c\u1ee7a s\u1ea3n ph\u1ea9m:<\/strong><\/h3>\n<p dir=\"auto\">&#8211; \u0110\u1eb7c bi\u1ec7t t\u00e1ch mu\u1ed1i ph\u00f9 h\u1ee3p cho tr\u1ebb nh\u1ecf 08 th\u00e1ng tu\u1ed5i tr\u1edf l\u00ean.<\/p>\n<p>&#8211; H\u00e0m l\u01b0\u1ee3ng protein trong rong bi\u1ec3n r\u1ea5t cao, h\u00e0m l\u01b0\u1ee3ng canxi g\u1ea5p 3 l\u1ea7n s\u1eefa b\u00f2, s\u1eaft cao g\u1ea5p 9 l\u1ea7n th\u1ecbt l\u1ee3n. Ngo\u00e0i ra trong rong bi\u1ec3n c\u00f2n ch\u1ee9a \u0111\u1ea7y \u0111\u1ee7 8 lo\u1ea1i axitamin r\u1ea5t t\u1ed1t cho s\u1ee9c kh\u1ecfe.<\/p>\n<p>&#8211; Rong bi\u1ec3n \u0103n li\u1ec1n r\u1ea5t t\u1ed1t cho ph\u1ee5 n\u1eef mang thai v\u00e0 tr\u1ebb nh\u1ecf.<\/p>\n<p><img loading=\"lazy\" decoding=\"async\" class=\"wp-image-22479 aligncenter\" src=\"https:\/\/havamall.vn\/wp-content\/uploads\/2021\/09\/rong-bi\u1ec3n-1-300x300.png\" alt=\"\" width=\"672\" height=\"672\" srcset=\"https:\/\/havamall.vn\/wp-content\/uploads\/2021\/09\/rong-bi\u1ec3n-1-300x300.png 300w, https:\/\/havamall.vn\/wp-content\/uploads\/2021\/09\/rong-bi\u1ec3n-1-430x430.png 430w, https:\/\/havamall.vn\/wp-content\/uploads\/2021\/09\/rong-bi\u1ec3n-1-150x150.png 150w, https:\/\/havamall.vn\/wp-content\/uploads\/2021\/09\/rong-bi\u1ec3n-1-700x700.png 700w, https:\/\/havamall.vn\/wp-content\/uploads\/2021\/09\/rong-bi\u1ec3n-1-768x768.png 768w, https:\/\/havamall.vn\/wp-content\/uploads\/2021\/09\/rong-bi\u1ec3n-1-600x600.png 600w, https:\/\/havamall.vn\/wp-content\/uploads\/2021\/09\/rong-bi\u1ec3n-1-100x100.png 100w, https:\/\/havamall.vn\/wp-content\/uploads\/2021\/09\/rong-bi\u1ec3n-1.png 1024w\" sizes=\"(max-width: 672px) 100vw, 672px\" \/><\/p>\n<p>&#8211; H\u00e0m l\u01b0\u1ee3ng ch\u1ea5t x\u01a1 cao g\u1ea5p 16 l\u1ea7n trong b\u1eafp c\u1ea3i. Ch\u1ea5t x\u01a1 gi\u00fap h\u1ec7 ti\u00eau h\u00f3a ho\u1ea1t \u0111\u1ed9ng t\u1ed1t gi\u00fap h\u1ea5p th\u1ee5 ch\u1ea5t dinh d\u01b0\u1ee1ng t\u1ed1t h\u01a1n r\u1ea5t ph\u00f9 h\u1ee3p v\u1edbi nh\u1eefng ng\u01b0\u1eddi g\u1ea7y, tr\u1ebb em bi\u1ebfng \u0103n.<\/p>\n<p>&#8211; Trong rong bi\u1ec3n c\u00f3 r\u1ea5t nhi\u1ec1u protein, vitamin v\u00e0 kho\u00e1ng ch\u1ea5t nh\u01b0ng \u0111\u1eb7t bi\u1ec7t l\u00e0 r\u1ea5t \u00edt calo. D\u00f3 \u0111\u00f3, rong bi\u1ec3n ho\u00e0n to\u00e0n kh\u00f4ng g\u00e2y b\u1ec7nh b\u00e9o ph\u00ec.<\/p>\n<p>&#8211; Kh\u1ea3 n\u0103ng thanh l\u1ecdc m\u00e1u v\u00e0 n\u00e2ng cao h\u1ec7 mi\u1ec5n d\u1ecbch c\u1ee7a rong bi\u1ec3n r\u1ea5t t\u1ed1t. Nh\u1eefng ng\u01b0\u1eddi hay m\u1ec7t m\u1ecfi, hoa m\u1eaft khi \u0111\u1ee9ng l\u00ean ng\u1ed3i xu\u1ed1ng hay c\u00f3 l\u00e0n da x\u1ea5u nhi\u1ec1u m\u1ee5n nh\u1ecdn n\u00ean th\u01b0\u1eddng xuy\u00ean b\u1ed5 sung rong bi\u1ec3n<\/p>\n<p>S\u1ea3n ph\u1ea9m hi\u1ec7n \u0111\u00e3 c\u00f3 m\u1eb7t t\u1ea1i Havamall.<\/p>\n<p><img loading=\"lazy\" decoding=\"async\" class=\"wp-image-22478 aligncenter\" src=\"https:\/\/havamall.vn\/wp-content\/uploads\/2021\/09\/rong-bi\u1ec3n-300x300.png\" alt=\"\" width=\"669\" height=\"669\" srcset=\"https:\/\/havamall.vn\/wp-content\/uploads\/2021\/09\/rong-bi\u1ec3n-300x300.png 300w, https:\/\/havamall.vn\/wp-content\/uploads\/2021\/09\/rong-bi\u1ec3n-430x430.png 430w, https:\/\/havamall.vn\/wp-content\/uploads\/2021\/09\/rong-bi\u1ec3n-150x150.png 150w, https:\/\/havamall.vn\/wp-content\/uploads\/2021\/09\/rong-bi\u1ec3n-700x700.png 700w, https:\/\/havamall.vn\/wp-content\/uploads\/2021\/09\/rong-bi\u1ec3n-768x768.png 768w, https:\/\/havamall.vn\/wp-content\/uploads\/2021\/09\/rong-bi\u1ec3n-1024x1024.png 1024w, https:\/\/havamall.vn\/wp-content\/uploads\/2021\/09\/rong-bi\u1ec3n-1200x1200.png 1200w, https:\/\/havamall.vn\/wp-content\/uploads\/2021\/09\/rong-bi\u1ec3n-600x600.png 600w, https:\/\/havamall.vn\/wp-content\/uploads\/2021\/09\/rong-bi\u1ec3n-100x100.png 100w, https:\/\/havamall.vn\/wp-content\/uploads\/2021\/09\/rong-bi\u1ec3n.png 1800w\" sizes=\"(max-width: 669px) 100vw, 669px\" \/><\/p>","protected":false},"excerpt":{"rendered":"<p>Rong bi\u1ec3n l\u00e0 m\u1ed9t trong nh\u1eefng th\u1ef1c ph\u1ea9m ngon c\u00f3 gi\u00e1 tr\u1ecb cao c\u1ea3 \u1edf g\u00f3c \u0111\u1ed9 \u1ea9m th\u1ef1c v\u00e0<\/p>","protected":false},"featured_media":22480,"comment_status":"open","ping_status":"closed","template":"","meta":[],"product_brand":[],"product_cat":[256,36,134],"product_tag":[],"class_list":{"0":"post-22477","1":"product","2":"type-product","3":"status-publish","4":"has-post-thumbnail","6":"product_cat-thuc-pham-huu-co","7":"product_cat-thuc-pham-tieu-dung","8":"product_cat-thucpham-saykho","10":"first","11":"outofstock","12":"sale","13":"shipping-taxable","14":"purchasable","15":"product-type-simple"},"_links":{"self":[{"href":"https:\/\/havamall.vn\/en\/wp-json\/wp\/v2\/product\/22477"}],"collection":[{"href":"https:\/\/havamall.vn\/en\/wp-json\/wp\/v2\/product"}],"about":[{"href":"https:\/\/havamall.vn\/en\/wp-json\/wp\/v2\/types\/product"}],"replies":[{"embeddable":true,"href":"https:\/\/havamall.vn\/en\/wp-json\/wp\/v2\/comments?post=22477"}],"version-history":[{"count":0,"href":"https:\/\/havamall.vn\/en\/wp-json\/wp\/v2\/product\/22477\/revisions"}],"wp:featuredmedia":[{"embeddable":true,"href":"https:\/\/havamall.vn\/en\/wp-json\/wp\/v2\/media\/22480"}],"wp:attachment":[{"href":"https:\/\/havamall.vn\/en\/wp-json\/wp\/v2\/media?parent=22477"}],"wp:term":[{"taxonomy":"product_brand","embeddable":true,"href":"https:\/\/havamall.vn\/en\/wp-json\/wp\/v2\/product_brand?post=22477"},{"taxonomy":"product_cat","embeddable":true,"href":"https:\/\/havamall.vn\/en\/wp-json\/wp\/v2\/product_cat?post=22477"},{"taxonomy":"product_tag","embeddable":true,"href":"https:\/\/havamall.vn\/en\/wp-json\/wp\/v2\/product_tag?post=22477"}],"curies":[{"name":"wp","href":"https:\/\/api.w.org\/{rel}","templated":true}]}}