{"id":22461,"date":"2021-09-29T15:56:26","date_gmt":"2021-09-29T08:56:26","guid":{"rendered":"https:\/\/havamall.vn\/?post_type=product&#038;p=22461"},"modified":"2022-01-19T09:45:26","modified_gmt":"2022-01-19T02:45:26","slug":"ky-tu-huu-co-amavie-foods-170g-raw-organic-goji-berries","status":"publish","type":"product","link":"https:\/\/havamall.vn\/en\/shop\/ky-tu-huu-co-amavie-foods-170g-raw-organic-goji-berries\/","title":{"rendered":"K\u1ef7 T\u1eed H\u1eefu C\u01a1 AmaVie Foods 170g &#8211; Raw Organic Goji Berries"},"content":{"rendered":"<div>K\u1ef7 t\u1eed l\u00e0 qu\u1ea3 ch\u00edn ph\u01a1i hay s\u1ea5y kh\u00f4 c\u1ee7a c\u00e2y Kh\u1edfi t\u1eed c\u00f3 t\u00ean khoa h\u1ecdc l\u00e0 Lycium barbarum L. (Lycium chinense mill). V\u00e0o th\u1eddi x\u01b0a, c\u1ed5 nh\u00e2n th\u01b0\u1eddng g\u1ecdi c\u00e2u k\u1ef7 t\u1eed b\u1eb1ng nh\u1eefng m\u1ef9 danh nh\u01b0 Thi\u00ean tinh (tinh c\u1ee7a tr\u1eddi), \u0110\u1ecba ti\u00ean (ti\u00ean c\u1ee7a \u0111\u1ea5t), Kh\u01b0\u1edbc l\u00e3o (\u0111\u1ea9y lui tu\u1ed5i gi\u00e0)\u2026K\u1ef7 t\u1eed c\u00f2n \u0111\u01b0\u1ee3c g\u1ecdi l\u00e0 \u201cMinh m\u1ee5c t\u1eed\u201d, c\u00f3 ngh\u0129a l\u00e0 th\u1ee9 qu\u1ea3 l\u00e0m s\u00e1ng m\u1eaft.<\/div>\n<div><img fetchpriority=\"high\" decoding=\"async\" class=\"wp-image-22462 aligncenter\" src=\"https:\/\/havamall.vn\/wp-content\/uploads\/2021\/09\/k\u1ef7-t\u1eed-\u0111\u1ecf-2-300x300.png\" alt=\"\" width=\"660\" height=\"660\" srcset=\"https:\/\/havamall.vn\/wp-content\/uploads\/2021\/09\/k\u1ef7-t\u1eed-\u0111\u1ecf-2-300x300.png 300w, https:\/\/havamall.vn\/wp-content\/uploads\/2021\/09\/k\u1ef7-t\u1eed-\u0111\u1ecf-2-430x430.png 430w, https:\/\/havamall.vn\/wp-content\/uploads\/2021\/09\/k\u1ef7-t\u1eed-\u0111\u1ecf-2-150x150.png 150w, https:\/\/havamall.vn\/wp-content\/uploads\/2021\/09\/k\u1ef7-t\u1eed-\u0111\u1ecf-2-700x700.png 700w, https:\/\/havamall.vn\/wp-content\/uploads\/2021\/09\/k\u1ef7-t\u1eed-\u0111\u1ecf-2-768x768.png 768w, https:\/\/havamall.vn\/wp-content\/uploads\/2021\/09\/k\u1ef7-t\u1eed-\u0111\u1ecf-2-1024x1024.png 1024w, https:\/\/havamall.vn\/wp-content\/uploads\/2021\/09\/k\u1ef7-t\u1eed-\u0111\u1ecf-2-1200x1200.png 1200w, https:\/\/havamall.vn\/wp-content\/uploads\/2021\/09\/k\u1ef7-t\u1eed-\u0111\u1ecf-2-600x600.png 600w, https:\/\/havamall.vn\/wp-content\/uploads\/2021\/09\/k\u1ef7-t\u1eed-\u0111\u1ecf-2-100x100.png 100w, https:\/\/havamall.vn\/wp-content\/uploads\/2021\/09\/k\u1ef7-t\u1eed-\u0111\u1ecf-2.png 1800w\" sizes=\"(max-width: 660px) 100vw, 660px\" \/><\/div>\n<div>\n<p>C\u1ed5 nh\u00e2n th\u01b0\u1eddng d\u00f9ng tr\u00e0 K\u1ef7 t\u1eed \u0111\u1ec3 b\u1ed3i b\u1ed5 c\u01a1 th\u1ec3 v\u00e0 ph\u00f2ng ch\u1ed1ng t\u00edch c\u1ef1c c\u00e1c ch\u1ee9ng b\u1ec7nh nh\u01b0 suy nh\u01b0\u1ee3c to\u00e0n th\u00e2n sau khi b\u1ecb b\u1ec7nh n\u1eb7ng, \u0111\u1ea7u cho\u00e1ng m\u1eaft hoa, gi\u1ea3m th\u1ecb l\u1ef1c do nhi\u1ec1u nguy\u00ean nh\u00e2n, l\u01b0ng \u0111au, g\u1ed1i m\u1ecfi, suy nh\u01b0\u1ee3c n\u0103ng l\u1ef1c t\u00ecnh d\u1ee5c, di m\u1ed9ng tinh, xu\u1ea5t tinh s\u1edbm, mu\u1ed9n con\u2026<\/p>\n<div>Trong y th\u01b0 n\u1ed5i ti\u1ebfng B\u1ea3n th\u1ea3o c\u01b0\u01a1ng m\u1ee5c, nh\u00e0 d\u01b0\u1ee3c h\u1ecdc v\u0129 \u0111\u1ea1i L\u00fd Th\u1eddi Tr\u00e2n c\u0169ng cho r\u1eb1ng \u201cu\u1ed1ng K\u1ef7 t\u1eed th\u1ecd tr\u0103m n\u0103m tu\u1ed5i, \u0111i l\u1ea1i nhanh nh\u1eb9n, t\u00f3c b\u1ea1c \u0111en l\u1ea1i, r\u0103ng ch\u1eafc, d\u01b0\u01a1ng s\u1ef1 m\u1ea1nh m\u1ebd&#8221;.<\/div>\n<div><img decoding=\"async\" class=\"wp-image-22463 aligncenter\" src=\"https:\/\/havamall.vn\/wp-content\/uploads\/2021\/09\/k\u1ef7-t\u1eed-\u0111\u1ecf-6-300x200.png\" alt=\"\" width=\"662\" height=\"441\" srcset=\"https:\/\/havamall.vn\/wp-content\/uploads\/2021\/09\/k\u1ef7-t\u1eed-\u0111\u1ecf-6-300x200.png 300w, https:\/\/havamall.vn\/wp-content\/uploads\/2021\/09\/k\u1ef7-t\u1eed-\u0111\u1ecf-6-430x287.png 430w, https:\/\/havamall.vn\/wp-content\/uploads\/2021\/09\/k\u1ef7-t\u1eed-\u0111\u1ecf-6-150x100.png 150w, https:\/\/havamall.vn\/wp-content\/uploads\/2021\/09\/k\u1ef7-t\u1eed-\u0111\u1ecf-6-700x467.png 700w, https:\/\/havamall.vn\/wp-content\/uploads\/2021\/09\/k\u1ef7-t\u1eed-\u0111\u1ecf-6-768x512.png 768w, https:\/\/havamall.vn\/wp-content\/uploads\/2021\/09\/k\u1ef7-t\u1eed-\u0111\u1ecf-6-1024x683.png 1024w, https:\/\/havamall.vn\/wp-content\/uploads\/2021\/09\/k\u1ef7-t\u1eed-\u0111\u1ecf-6-1200x800.png 1200w, https:\/\/havamall.vn\/wp-content\/uploads\/2021\/09\/k\u1ef7-t\u1eed-\u0111\u1ecf-6-600x400.png 600w, https:\/\/havamall.vn\/wp-content\/uploads\/2021\/09\/k\u1ef7-t\u1eed-\u0111\u1ecf-6.png 1500w\" sizes=\"(max-width: 662px) 100vw, 662px\" \/><\/div>\n<div>\n<p>K\u1ef7 t\u1eed l\u00e0 m\u1ed9t ngu\u1ed3n vitamin, kho\u00e1ng ch\u1ea5t, ch\u1ea5t x\u01a1, ch\u1ea5t ch\u1ed1ng oxy h\u00f3a d\u1ed3i d\u00e0o. Trong k\u1ef7 t\u1eed c\u00f3 t\u1ea5t c\u1ea3 8 lo\u1ea1i amino acids thi\u1ebft y\u1ebfu, 100g k\u1ef7 t\u1eed s\u1ebd cung c\u1ea5p g\u1ea7n nh\u01b0 10% l\u01b0\u1ee3ng protein c\u1ea7n thi\u1ebft h\u00e0ng ng\u00e0y.<\/p>\n<p>\u0110\u00e2y c\u0169ng l\u00e0 lo\u1ea1i qu\u1ea3 c\u00f3 d\u01b0\u1ee3c t\u00ednh cao v\u00e0 phong ph\u00fa nh\u01b0 t\u0103ng c\u01b0\u1eddng h\u1ec7 mi\u1ec5n d\u1ecbch, ch\u1ed1ng c\u1ea3m c\u00fam v\u00e0 m\u1ec7t m\u1ecfi, h\u1ed7 tr\u1ee3 gi\u1ea3m c\u00e2n, h\u1ea1n ch\u1ebf l\u00e3o h\u00f3a, b\u1ea3o v\u1ec7 m\u1eaft v\u00e0 da, duy tr\u00ec \u0111\u01b0\u1eddng huy\u1ebft \u1edf m\u1ee9c \u1ed5n \u0111\u1ecbnh, l\u00e0m gi\u1ea3m nguy c\u01a1 b\u1ec7nh tim m\u1ea1ch, t\u0103ng n\u1ed9i ti\u1ebft t\u1ed1, b\u1ea3o v\u1ec7 gan, \u1ee9c ch\u1ebf s\u1ef1 ph\u00e1t tri\u1ec3n c\u1ee7a t\u1ebf b\u00e0o ung th\u01b0\u2026<\/p>\n<p><img decoding=\"async\" class=\"wp-image-22465 aligncenter\" src=\"https:\/\/havamall.vn\/wp-content\/uploads\/2021\/09\/k\u1ef7-t\u1eed-\u0111\u1ecf-5-300x300.png\" alt=\"\" width=\"662\" height=\"662\" srcset=\"https:\/\/havamall.vn\/wp-content\/uploads\/2021\/09\/k\u1ef7-t\u1eed-\u0111\u1ecf-5-300x300.png 300w, https:\/\/havamall.vn\/wp-content\/uploads\/2021\/09\/k\u1ef7-t\u1eed-\u0111\u1ecf-5-430x430.png 430w, https:\/\/havamall.vn\/wp-content\/uploads\/2021\/09\/k\u1ef7-t\u1eed-\u0111\u1ecf-5-150x150.png 150w, https:\/\/havamall.vn\/wp-content\/uploads\/2021\/09\/k\u1ef7-t\u1eed-\u0111\u1ecf-5-700x700.png 700w, https:\/\/havamall.vn\/wp-content\/uploads\/2021\/09\/k\u1ef7-t\u1eed-\u0111\u1ecf-5-768x768.png 768w, https:\/\/havamall.vn\/wp-content\/uploads\/2021\/09\/k\u1ef7-t\u1eed-\u0111\u1ecf-5-1024x1024.png 1024w, https:\/\/havamall.vn\/wp-content\/uploads\/2021\/09\/k\u1ef7-t\u1eed-\u0111\u1ecf-5-1200x1200.png 1200w, https:\/\/havamall.vn\/wp-content\/uploads\/2021\/09\/k\u1ef7-t\u1eed-\u0111\u1ecf-5-600x600.png 600w, https:\/\/havamall.vn\/wp-content\/uploads\/2021\/09\/k\u1ef7-t\u1eed-\u0111\u1ecf-5-100x100.png 100w, https:\/\/havamall.vn\/wp-content\/uploads\/2021\/09\/k\u1ef7-t\u1eed-\u0111\u1ecf-5.png 1800w\" sizes=\"(max-width: 662px) 100vw, 662px\" \/><\/p>\n<\/div>\n<\/div>\n<h3><strong>\u0110\u1eb7c \u0111i\u1ec3m n\u1ed5i b\u1eadt:\u00a0<\/strong><\/h3>\n<p>&#8211; K\u1ef7 t\u1eed lo\u1ea1i 1 size 180 qu\u1ea3\/50g, tr\u00e1i to, ch\u1ea5t l\u01b0\u1ee3ng v\u01b0\u1ee3t tr\u1ed9i.<\/p>\n<p>&#8211; K\u1ef7 t\u1eed r\u1ea5t gi\u00e0u ch\u1ea5t dinh d\u01b0\u1ee1ng, vitamin, ch\u1ea5t x\u01a1, kho\u00e1ng ch\u1ea5t, ch\u1ea5t ch\u1ed1ng oxy ho\u00e1 v\u00e0 c\u00e1c axit amin c\u1ea7n thi\u1ebft cho c\u01a1 th\u1ec3.<\/p>\n<p><img loading=\"lazy\" decoding=\"async\" class=\"wp-image-22466 aligncenter\" src=\"https:\/\/havamall.vn\/wp-content\/uploads\/2021\/09\/k\u1ef7-t\u1eed-\u0111\u1ecf-7-300x300.png\" alt=\"\" width=\"665\" height=\"665\" srcset=\"https:\/\/havamall.vn\/wp-content\/uploads\/2021\/09\/k\u1ef7-t\u1eed-\u0111\u1ecf-7-300x300.png 300w, https:\/\/havamall.vn\/wp-content\/uploads\/2021\/09\/k\u1ef7-t\u1eed-\u0111\u1ecf-7-430x430.png 430w, https:\/\/havamall.vn\/wp-content\/uploads\/2021\/09\/k\u1ef7-t\u1eed-\u0111\u1ecf-7-150x150.png 150w, https:\/\/havamall.vn\/wp-content\/uploads\/2021\/09\/k\u1ef7-t\u1eed-\u0111\u1ecf-7-700x700.png 700w, https:\/\/havamall.vn\/wp-content\/uploads\/2021\/09\/k\u1ef7-t\u1eed-\u0111\u1ecf-7-768x768.png 768w, https:\/\/havamall.vn\/wp-content\/uploads\/2021\/09\/k\u1ef7-t\u1eed-\u0111\u1ecf-7-1024x1024.png 1024w, https:\/\/havamall.vn\/wp-content\/uploads\/2021\/09\/k\u1ef7-t\u1eed-\u0111\u1ecf-7-1200x1200.png 1200w, https:\/\/havamall.vn\/wp-content\/uploads\/2021\/09\/k\u1ef7-t\u1eed-\u0111\u1ecf-7-600x600.png 600w, https:\/\/havamall.vn\/wp-content\/uploads\/2021\/09\/k\u1ef7-t\u1eed-\u0111\u1ecf-7-100x100.png 100w, https:\/\/havamall.vn\/wp-content\/uploads\/2021\/09\/k\u1ef7-t\u1eed-\u0111\u1ecf-7.png 2048w\" sizes=\"(max-width: 665px) 100vw, 665px\" \/><\/p>\n<h3><strong>Nh\u1eefng gi\u00e1 tr\u1ecb dinh d\u01b0\u1ee1ng tuy\u1ec7t v\u1eddi c\u1ee7a k\u1ef7 t\u1eed:<\/strong><\/h3>\n<p>&#8211; Ch\u1ea5t ch\u1ed1ng oxy h\u00f3a t\u1ef1 nhi\u00ean cao<\/p>\n<p>&#8211; Ngu\u1ed3n cung c\u1ea5p vitamin v\u00e0 ch\u1ea5t dinh d\u01b0\u1ee1ng thi\u1ebft y\u1ebfu : k\u1ef7 t\u1eed ch\u1ee9a 18 amino acid, 8 lo\u1ea1i \u0111\u01b0\u1eddng ph\u1ee9c polysaccharide (glucid &#8211; ngu\u1ed3n cung c\u1ea5p n\u0103ng l\u01b0\u1ee3ng cho c\u01a1 th\u1ec3, k\u00edch ho\u1ea1t h\u1ec7 mi\u1ec5n d\u1ecbch v\u00e0 h\u1ec7 tim m\u1ea1ch), 5 lo\u1ea1i carotenoid (trong \u0111\u00f3 c\u00f3 beta caroten &#8211; t\u1ed1t cho m\u1eaft v\u00e0 da), 22 ch\u1ea5t kho\u00e1ng v\u00e0 nguy\u00ean t\u1ed1 vi l\u01b0\u1ee3ng (phosphore,Canxi, Kali, S\u1eaft, K\u1ebdm, Selen; 6 vitamin : C, B2, B3, B6, B12 et E).<\/p>\n<p>&#8211; Gi\u00e0u phytosterol (sterol th\u1ef1c v\u1eadt), k\u1ef7 t\u1eed h\u1ed7 tr\u1ee3 gi\u1ea3m huy\u1ebft \u00e1p v\u00e0 l\u01b0\u1ee3ng cholesterol x\u1ea5u trong c\u01a1 th\u1ec3, gi\u00fap gi\u1ea3m vi\u00eam nh\u1eb9.<\/p>\n<p>&#8211; K\u1ef7 t\u1eed ch\u1ee9a protein cao h\u01a1n 13% so v\u1edbi l\u00faa m\u00ec.<\/p>\n<div><img loading=\"lazy\" decoding=\"async\" class=\"wp-image-22546 aligncenter\" src=\"https:\/\/havamall.vn\/wp-content\/uploads\/2021\/09\/k\u1ef7-t\u1eed-\u0111\u1ecf-300x300.png\" alt=\"\" width=\"664\" height=\"664\" srcset=\"https:\/\/havamall.vn\/wp-content\/uploads\/2021\/09\/k\u1ef7-t\u1eed-\u0111\u1ecf-300x300.png 300w, https:\/\/havamall.vn\/wp-content\/uploads\/2021\/09\/k\u1ef7-t\u1eed-\u0111\u1ecf-430x430.png 430w, https:\/\/havamall.vn\/wp-content\/uploads\/2021\/09\/k\u1ef7-t\u1eed-\u0111\u1ecf-150x150.png 150w, https:\/\/havamall.vn\/wp-content\/uploads\/2021\/09\/k\u1ef7-t\u1eed-\u0111\u1ecf-700x700.png 700w, https:\/\/havamall.vn\/wp-content\/uploads\/2021\/09\/k\u1ef7-t\u1eed-\u0111\u1ecf-768x768.png 768w, https:\/\/havamall.vn\/wp-content\/uploads\/2021\/09\/k\u1ef7-t\u1eed-\u0111\u1ecf-600x600.png 600w, https:\/\/havamall.vn\/wp-content\/uploads\/2021\/09\/k\u1ef7-t\u1eed-\u0111\u1ecf-100x100.png 100w, https:\/\/havamall.vn\/wp-content\/uploads\/2021\/09\/k\u1ef7-t\u1eed-\u0111\u1ecf.png 960w\" sizes=\"(max-width: 664px) 100vw, 664px\" \/><\/div>","protected":false},"excerpt":{"rendered":"<p>K\u1ef7 t\u1eed l\u00e0 qu\u1ea3 ch\u00edn ph\u01a1i hay s\u1ea5y kh\u00f4 c\u1ee7a c\u00e2y Kh\u1edfi t\u1eed c\u00f3 t\u00ean khoa h\u1ecdc l\u00e0 Lycium barbarum<\/p>","protected":false},"featured_media":22468,"comment_status":"open","ping_status":"closed","template":"","meta":[],"product_brand":[],"product_cat":[256,36],"product_tag":[],"class_list":{"0":"post-22461","1":"product","2":"type-product","3":"status-publish","4":"has-post-thumbnail","6":"product_cat-thuc-pham-huu-co","7":"product_cat-thuc-pham-tieu-dung","9":"first","10":"outofstock","11":"sale","12":"shipping-taxable","13":"purchasable","14":"product-type-simple"},"_links":{"self":[{"href":"https:\/\/havamall.vn\/en\/wp-json\/wp\/v2\/product\/22461"}],"collection":[{"href":"https:\/\/havamall.vn\/en\/wp-json\/wp\/v2\/product"}],"about":[{"href":"https:\/\/havamall.vn\/en\/wp-json\/wp\/v2\/types\/product"}],"replies":[{"embeddable":true,"href":"https:\/\/havamall.vn\/en\/wp-json\/wp\/v2\/comments?post=22461"}],"version-history":[{"count":0,"href":"https:\/\/havamall.vn\/en\/wp-json\/wp\/v2\/product\/22461\/revisions"}],"wp:featuredmedia":[{"embeddable":true,"href":"https:\/\/havamall.vn\/en\/wp-json\/wp\/v2\/media\/22468"}],"wp:attachment":[{"href":"https:\/\/havamall.vn\/en\/wp-json\/wp\/v2\/media?parent=22461"}],"wp:term":[{"taxonomy":"product_brand","embeddable":true,"href":"https:\/\/havamall.vn\/en\/wp-json\/wp\/v2\/product_brand?post=22461"},{"taxonomy":"product_cat","embeddable":true,"href":"https:\/\/havamall.vn\/en\/wp-json\/wp\/v2\/product_cat?post=22461"},{"taxonomy":"product_tag","embeddable":true,"href":"https:\/\/havamall.vn\/en\/wp-json\/wp\/v2\/product_tag?post=22461"}],"curies":[{"name":"wp","href":"https:\/\/api.w.org\/{rel}","templated":true}]}}