{"id":22446,"date":"2021-09-29T13:51:12","date_gmt":"2021-09-29T06:51:12","guid":{"rendered":"https:\/\/havamall.vn\/?post_type=product&#038;p=22446"},"modified":"2025-06-06T10:57:49","modified_gmt":"2025-06-06T03:57:49","slug":"hat-xuyen-tieu-xanh-goi-100g-green-sichuan-pepper","status":"publish","type":"product","link":"https:\/\/havamall.vn\/en\/shop\/hat-xuyen-tieu-xanh-goi-100g-green-sichuan-pepper\/","title":{"rendered":"H\u1ea1t Xuy\u00ean Ti\u00eau Xanh Havafood G\u00f3i 100g \u2013 Green Sichuan Pepper"},"content":{"rendered":"<h3><strong>TH\u00d4NG TIN S\u1ea2N PH\u1ea8M<\/strong><\/h3>\n<table>\n<tbody>\n<tr>\n<td>Th\u01b0\u01a1ng hi\u1ec7u<\/td>\n<td>Havafood<\/td>\n<\/tr>\n<tr>\n<td>Xu\u1ea5t x\u1ee9<\/td>\n<td>Vi\u1ec7t nam<\/td>\n<\/tr>\n<tr>\n<td>Th\u00e0nh ph\u1ea7n<\/td>\n<td>100% Xuy\u00ean Ti\u00eau<\/td>\n<\/tr>\n<tr>\n<td>H\u1ea1n s\u1eed d\u1ee5ng<\/td>\n<td>Xem tr\u00ean bao b\u00ec<\/td>\n<\/tr>\n<tr>\n<td>H\u01b0\u1edbng d\u1eabn s\u1eed d\u1ee5ng<\/td>\n<td>D\u00f9ng l\u00e0m gia v\u1ecb cho ch\u1ebf bi\u1ebfn n\u01b0\u1edbc d\u00f9ng l\u1ea9u T\u1ee9 Xuy\u00ean<\/td>\n<\/tr>\n<tr>\n<td>B\u1ea3o qu\u1ea3n<\/td>\n<td>N\u01a1i kh\u00f4 r\u00e1o, tho\u00e1ng m\u00e1t, tr\u00e1nh \u00e1nh s\u00e1ng tr\u1ef1c ti\u1ebfp t\u1eeb m\u1eb7t tr\u1eddi<\/td>\n<\/tr>\n<\/tbody>\n<\/table>\n<h3><strong>TH\u00d4NG TIN CHI TI\u1ebeT<\/strong><\/h3>\n<p>Xuy\u00ean ti\u00eau la\u0300 m\u00f4\u0323t gia vi\u0323 d\u01b0\u01a1\u0323c li\u00ea\u0323u co\u0301 ngu\u00f4\u0300n g\u00f4\u0301c t\u01b0\u0300 ti\u0309nh T\u01b0\u0301 Xuy\u00ean, t\u00ean khoa ho\u0323c la\u0300 Zanthoxylum simulans Hance, ho\u0323 nha\u0300 cam quy\u0301t.\u00a0C\u00e2y xuy\u00ean ti\u00eau m\u1ecdc \u1edf \u00d0\u00f4ng Trung Qu\u1ed1c, \u00d0\u00e0i Loan, Tri\u1ec1u Ti\u00ean v\u00e0 c\u00e1c n\u01b0\u1edbc \u00d0\u00f4ng d\u01b0\u01a1ng. C\u00e2y m\u1ecdc \u1edf ven r\u1eebng, n\u00fai \u0111\u1ea5t v\u00e0 n\u00fai \u0111\u00e1, l\u00f9m b\u1ee5i v\u00f9ng trung du \u1edf nhi\u1ec1u n\u01a1i thu\u1ed9c c\u00e1c t\u1ec9nh L\u00e0o Cai, H\u00f2a B\u00ecnh, V\u0129nh Ph\u00fa, B\u1eafc Th\u00e1i, Cao B\u1eb1ng, L\u1ea1ng S\u01a1n qua Ngh\u1ec7 An, H\u00e0 T\u0129nh t\u1edbi \u00d0\u1eafc L\u1eafc.<\/p>\n<p><img fetchpriority=\"high\" decoding=\"async\" class=\"wp-image-22343 aligncenter\" src=\"https:\/\/havamall.com\/wp-content\/uploads\/2025\/06\/xuyen-tieu-300x300.png\" alt=\"\" width=\"568\" height=\"568\" \/><\/p>\n<p>H\u1ea1t Xuy\u00ean Ti\u00eau hay c\u00f2n c\u00f3 t\u00ean g\u1ecdi kh\u00e1c l\u00e0 Hoa Ti\u00eau &#8211; m\u1ed9t lo\u1ea1i gia v\u1ecb \u0111\u01b0\u1ee3c ng\u01b0\u1eddi T\u1ee9 Xuy\u00ean s\u1eed d\u1ee5ng ph\u1ed5 bi\u1ebfn trong c\u00e1c m\u00f3n \u0103n c\u1ee7a h\u1ecd. \u0110\u00e2y l\u00e0 m\u1ed9t th\u00e0nh ph\u1ea7n l\u00e0m n\u00ean n\u00e9t \u0111\u1eb7c tr\u01b0ng c\u1ee7a \u1ea9m th\u1ef1c T\u1ee9 Xuy\u00ean.\u00a0Xuy\u00ean ti\u00eau \u0111\u01b0\u01a1\u0323c du\u0300ng nhi\u00ea\u0300u trong \u00e2\u0309m th\u01b0\u0323c va\u0300 y ho\u0323c c\u00f4\u0309 truy\u00ea\u0300n. \u0110\u1eb7c bi\u1ec7t l\u00e0 lo\u1ea1i L\u00e2\u0309u T\u01b0\u0301 Xuy\u00ean c\u1ee7a Trung Hoa kh\u00f4ng th\u00ea\u0309 thi\u00ea\u0301u loa\u0323i gia vi\u0323 na\u0300y.<\/p>\n<p><img decoding=\"async\" class=\"wp-image-22344 aligncenter\" src=\"https:\/\/havamall.com\/wp-content\/uploads\/2025\/06\/xuyen-tieu-1-300x225.png\" alt=\"\" width=\"566\" height=\"425\" \/><\/p>\n<p><span style=\"font-size: 12pt\">Xuy\u00ean Ti\u00eau c\u00f3 m\u1ed9t v\u1ecb cay m\u00e0 kh\u00f3 c\u00f3 gia v\u1ecb n\u00e0o thay th\u1ebf \u0111\u01b0\u1ee3c, cay \u1edf \u0111\u00e2y kh\u00f4ng ph\u1ea3i cay n\u1ed3ng nh\u01b0 ti\u00eau \u0111en c\u1ee7a ng\u01b0\u1eddi Vi\u1ec7t m\u00ecnh m\u00e0 l\u00e0 v\u1ecb cay t\u00ea \u1edf \u0111\u1ea7u l\u01b0\u1ee1i, t\u1ea1o c\u1ea3m gi\u00e1c k\u00edch th\u00edch cho ng\u01b0\u1eddi th\u01b0\u1edfng th\u1ee9c.<\/span><\/p>\n<p><img decoding=\"async\" class=\"aligncenter\" src=\"https:\/\/havamall.com\/wp-content\/uploads\/2025\/06\/lau-rau-xanh.jpg\" alt=\"Nh\u00fang rau n\u00e0y v\u00e0o n\u1ed3i l\u1ea9u l\u00e0 \u0111\u1ed9c nh\u01b0 th\u1ea1ch t\u00edn, ch\u1edb d\u1ea1i m\u00e0 th\u1eed duocnhh\" width=\"576\" height=\"324\" \/><\/p>\n<h3><strong>\u0110\u1eb7c \u0111i\u1ec3m n\u1ed5i b\u1eadt c\u1ee7a s\u1ea3n ph\u1ea9m:<\/strong><\/h3>\n<p>&#8211; Xuy\u00ean ti\u00eau Havafood \u0111\u01b0\u1ee3c \u0111\u00f3ng g\u00f3i d\u1ea1ng l\u1ecd th\u1ee7y tinh \u0111\u1eb9p m\u1eaft, gi\u00fap gi\u1eef h\u01b0\u01a1ng v\u1ecb t\u1ed1t h\u01a1n.<\/p>\n<p>&#8211; Gia v\u1ecb ho\u00e0n to\u00e0n an to\u00e0n v\u1ec1 ch\u1ea5t l\u01b0\u1ee3ng l\u1eabn v\u1ec7 sinh th\u1ef1c ph\u1ea9m.<\/p>\n<p>&#8211; Quy tr\u00ecnh kh\u00e9p k\u00edn, \u0111\u1ea1t chu\u1ea9n qu\u1ed1c t\u1ebf<\/p>\n<p>&#8211; Nguy\u00ean li\u1ec7u t\u1eeb th\u1ea3o m\u1ed9c s\u1ea1ch r\u1ea5t t\u1ed1t cho s\u1ee9c kh\u1ecfe v\u00e0 \u0111\u1ea3m b\u1ea3o an to\u00e0n dinh d\u01b0\u1ee1ng<\/p>\n<p>&#8211; H\u01b0\u01a1ng v\u1ecb ph\u00f9 h\u1ee3p v\u1edbi kh\u1ea9u v\u1ecb m\u1ecdi nh\u00e0<\/p>\n<p>&#8211; Ch\u1ebf bi\u1ebfn ti\u1ec7n l\u1ee3i<\/p>\n<p><img loading=\"lazy\" decoding=\"async\" class=\"wp-image-22348 aligncenter\" src=\"https:\/\/havamall.com\/wp-content\/uploads\/2025\/06\/xuyen-tieu-3-1-260x300.png\" alt=\"\" width=\"576\" height=\"665\" \/><\/p>\n<h3><strong>C\u00f4ng d\u1ee5ng c\u1ee7a h\u1ea1t xuy\u00ean ti\u00eau \u2013 H\u1ea1t hoa ti\u00eau:<\/strong><\/h3>\n<p>&#8211; Qu\u1ea3 c\u1ee7a c\u00e2y xuy\u00ean ti\u00eau c\u00f3 v\u1ecb \u0111\u1eafng, cay, m\u00f9i th\u01a1m, t\u00ednh \u1ea5m; c\u00f3 t\u00e1c d\u1ee5ng t\u00e1n h\u00e0n, tr\u1eeb th\u1ea5p, \u00f4n trung, tr\u1ee3 h\u1ecfa, tr\u1ee5c giun \u0111\u0169a, k\u00edch th\u00edch ti\u00eau h\u00f3a. Qu\u1ea3 xuy\u00ean ti\u00eau l\u00fac c\u00f2n xanh thanh nhi\u1ec7t, gi\u1ea3m \u0111au, gi\u1ea3i \u0111\u1ed9c.<\/p>\n<p>&#8211; D\u00f9ng gi\u1ea3m ho, \u0111au b\u1ee5ng, ti\u00eau ch\u1ea3y, nh\u1ee9c r\u0103ng, t\u00ea b\u1ea1i, th\u1ea5p kh\u1edbp&#8230; D\u00f9ng ngo\u00e0i gi\u00e3 n\u00e1t b\u00f4i cho ng\u01b0\u1eddi b\u1ecb r.\u1eafn c\u1eafn. Ng\u00e0y 3- 5g d\u1ea1ng s\u1eafc, b\u1ed9t.<\/p>\n<p>&#8211; D\u00f9ng l\u00e0m gia v\u1ecb t\u1ea1o m\u00f9i \u0111\u1eb7c tr\u01b0ng cho m\u00f3n \u0103n \u0111\u1eb7c bi\u1ec7t l\u00e0 m\u00f3n l\u1ea9u T\u1ee9 Xuy\u00ean tr\u1ee9 danh, ng\u00e2m mai qu\u1ebf l\u1ed9 hay \u01b0\u1edbp, n\u01b0\u1edbng th\u1ecbt \u0111\u1ec1u r\u1ea5t th\u01a1m.<\/p>\n<p>S\u1ea3n ph\u1ea9m hi\u1ec7n \u0111\u00e3 c\u00f3 m\u1eb7t t\u1ea1i Havamall.<\/p>","protected":false},"excerpt":{"rendered":"<p>TH\u00d4NG TIN S\u1ea2N PH\u1ea8M Th\u01b0\u01a1ng hi\u1ec7u Havafood Xu\u1ea5t x\u1ee9 Vi\u1ec7t nam Th\u00e0nh ph\u1ea7n 100% Xuy\u00ean Ti\u00eau H\u1ea1n s\u1eed d\u1ee5ng Xem<\/p>","protected":false},"featured_media":39049,"comment_status":"open","ping_status":"closed","template":"","meta":[],"product_brand":[],"product_cat":[595,36,134],"product_tag":[],"class_list":{"0":"post-22446","1":"product","2":"type-product","3":"status-publish","4":"has-post-thumbnail","6":"product_cat-gia-vi-va-che-bien","7":"product_cat-thuc-pham-tieu-dung","8":"product_cat-thucpham-saykho","9":"pa_brand-skx","11":"first","12":"instock","13":"sale","14":"shipping-taxable","15":"purchasable","16":"product-type-simple"},"_links":{"self":[{"href":"https:\/\/havamall.vn\/en\/wp-json\/wp\/v2\/product\/22446"}],"collection":[{"href":"https:\/\/havamall.vn\/en\/wp-json\/wp\/v2\/product"}],"about":[{"href":"https:\/\/havamall.vn\/en\/wp-json\/wp\/v2\/types\/product"}],"replies":[{"embeddable":true,"href":"https:\/\/havamall.vn\/en\/wp-json\/wp\/v2\/comments?post=22446"}],"version-history":[{"count":0,"href":"https:\/\/havamall.vn\/en\/wp-json\/wp\/v2\/product\/22446\/revisions"}],"wp:featuredmedia":[{"embeddable":true,"href":"https:\/\/havamall.vn\/en\/wp-json\/wp\/v2\/media\/39049"}],"wp:attachment":[{"href":"https:\/\/havamall.vn\/en\/wp-json\/wp\/v2\/media?parent=22446"}],"wp:term":[{"taxonomy":"product_brand","embeddable":true,"href":"https:\/\/havamall.vn\/en\/wp-json\/wp\/v2\/product_brand?post=22446"},{"taxonomy":"product_cat","embeddable":true,"href":"https:\/\/havamall.vn\/en\/wp-json\/wp\/v2\/product_cat?post=22446"},{"taxonomy":"product_tag","embeddable":true,"href":"https:\/\/havamall.vn\/en\/wp-json\/wp\/v2\/product_tag?post=22446"}],"curies":[{"name":"wp","href":"https:\/\/api.w.org\/{rel}","templated":true}]}}