{"id":22428,"date":"2021-09-29T10:34:38","date_gmt":"2021-09-29T03:34:38","guid":{"rendered":"https:\/\/havamall.vn\/?post_type=product&#038;p=22428"},"modified":"2023-02-14T09:10:23","modified_gmt":"2023-02-14T02:10:23","slug":"nui-sao-rau-cu-huu-co-200g-dalla-costa-organic-star-shaped-pasta-for-kids","status":"publish","type":"product","link":"https:\/\/havamall.vn\/en\/shop\/nui-sao-rau-cu-huu-co-200g-dalla-costa-organic-star-shaped-pasta-for-kids\/","title":{"rendered":"Nui Sao Rau C\u1ee7 H\u1eefu C\u01a1 200g Dalla Costa &#8211; Organic Star Shaped Pasta For Kids"},"content":{"rendered":"<h3><strong>TH\u00d4NG TIN S\u1ea2N PH\u1ea8M<\/strong><\/h3>\n<table>\n<tbody>\n<tr>\n<td>Th\u01b0\u01a1ng hi\u1ec7u<\/td>\n<td>Dalla Costa<\/td>\n<\/tr>\n<tr>\n<td>Xu\u1ea5t x\u1ee9<\/td>\n<td>\u00dd<\/td>\n<\/tr>\n<tr>\n<td>Th\u00e0nh ph\u1ea7n<\/td>\n<td>B\u1ed9t m\u00ec Semolina h\u1eefu c\u01a1, b\u1ed9t c\u00e0 chua h\u1eefu c\u01a1 3%, b\u1ed9t c\u1ea3i b\u00f3 x\u00f4i h\u1eefu c\u01a1 1,5%.<\/td>\n<\/tr>\n<tr>\n<td>H\u1ea1n s\u1eed d\u1ee5ng<\/td>\n<td>36 th\u00e1ng k\u1ec3 t\u1eeb ng\u00e0y s\u1ea3n xu\u1ea5t.<\/td>\n<\/tr>\n<tr>\n<td>B\u1ea3o qu\u1ea3n<\/td>\n<td>\u0110\u1ec3 n\u01a1i kh\u00f4 r\u00e1o, tho\u00e1ng m\u00e1t, tr\u00e1nh \u00e1nh n\u1eafng tr\u1ef1c ti\u1ebfp<\/td>\n<\/tr>\n<tr>\n<td>Kh\u1ed1i l\u01b0\u1ee3ng t\u1ecbnh<\/td>\n<td>200g<\/td>\n<\/tr>\n<\/tbody>\n<\/table>\n<p>Nui rau c\u1ee7 h\u1eefu c\u01a1 cho b\u00e9 h\u00ecnh sao bao g\u1ed3m nhi\u1ec1u h\u00ecnh th\u00f9 ng\u00f4i sao ng\u1ed9 ngh\u0129nh nh\u01b0 s\u1ebd gi\u00fap b\u00e9 tr\u1ea3i nghi\u1ec7m cu\u1ed9c phi\u00eau l\u01b0u v\u00e0o v\u0169 tr\u1ee5 qua nh\u1eefng b\u1eefa \u0103n th\u00fa v\u1ecb.<\/p>\n<p>D\u00f2ng Baby Pasta thu\u1ed9c th\u01b0\u01a1ng hi\u1ec7u Dalla Costa v\u1edbi r\u1ea5t nhi\u1ec1u h\u00ecnh th\u00f9 ng\u1ed9 ngh\u0129nh s\u1ebd gi\u00fap b\u00e9 kh\u00e1m ph\u00e1 th\u1ebf gi\u1edbi quanh ta qua nh\u1eefng b\u1eefa \u0103n vui nh\u1ed9n v\u00e0 c\u0169ng \u0111\u1ea7y ch\u1ea5t dinh d\u01b0\u1ee1ng t\u1eeb c\u00e1c lo\u1ea1i rau c\u1ee7.<\/p>\n<p><img fetchpriority=\"high\" decoding=\"async\" class=\"wp-image-22429 aligncenter\" src=\"https:\/\/havamall.vn\/wp-content\/uploads\/2021\/09\/NUI-NG\u00d4I-SAO-1-295x300.png\" alt=\"\" width=\"651\" height=\"663\" srcset=\"https:\/\/havamall.vn\/wp-content\/uploads\/2021\/09\/NUI-NG\u00d4I-SAO-1-295x300.png 295w, https:\/\/havamall.vn\/wp-content\/uploads\/2021\/09\/NUI-NG\u00d4I-SAO-1-430x437.png 430w, https:\/\/havamall.vn\/wp-content\/uploads\/2021\/09\/NUI-NG\u00d4I-SAO-1-150x152.png 150w, https:\/\/havamall.vn\/wp-content\/uploads\/2021\/09\/NUI-NG\u00d4I-SAO-1-768x781.png 768w, https:\/\/havamall.vn\/wp-content\/uploads\/2021\/09\/NUI-NG\u00d4I-SAO-1-1200x1220.png 1200w, https:\/\/havamall.vn\/wp-content\/uploads\/2021\/09\/NUI-NG\u00d4I-SAO-1-600x610.png 600w, https:\/\/havamall.vn\/wp-content\/uploads\/2021\/09\/NUI-NG\u00d4I-SAO-1.png 1350w\" sizes=\"(max-width: 651px) 100vw, 651px\" \/><\/p>\n<p>Baby Pasta l\u00e0 m\u1ed9t s\u1ea3n ph\u1ea9m ch\u1ea5t l\u01b0\u1ee3ng cao, trong \u0111\u00f3 c\u00e1c kh\u00eda c\u1ea1nh dinh d\u01b0\u1ee1ng v\u00e0 vui t\u01b0\u01a1i c\u00f9ng t\u1ed3n t\u1ea1i m\u1ed9t c\u00e1ch vui v\u1ebb, do \u0111\u00f3 l\u00e0 s\u1ef1 l\u1ef1a ch\u1ecdn s\u1ed1 1\u00a0 cho c\u00e1c b\u1eadc cha m\u1eb9 mong mu\u1ed1n\u00a0 mang \u0111\u1ebfn cho con y\u00eau m\u1ed9t s\u1ea3n ph\u1ea9m tuy\u1ec7t v\u1eddi v\u00e0 \u0111\u1ed3ng th\u1eddi \u201cvui nh\u1ed9n\u201d, \u0111\u1ec3 b\u00e9 c\u00f3 th\u1ec3 d\u1ec5 d\u00e0ng kh\u00e1m ph\u00e1, vui ch\u01a1i, t\u1eadn h\u01b0\u1edfng nh\u1eefng b\u1eefa \u0103n l\u00e0nh m\u1ea1nh v\u00e0 vui v\u1ebb.<\/p>\n<p><img decoding=\"async\" class=\"wp-image-22430 aligncenter\" src=\"https:\/\/havamall.vn\/wp-content\/uploads\/2021\/09\/NUI-NG\u1ed2I-SAO-1-300x300.png\" alt=\"\" width=\"648\" height=\"648\" srcset=\"https:\/\/havamall.vn\/wp-content\/uploads\/2021\/09\/NUI-NG\u1ed2I-SAO-1-300x300.png 300w, https:\/\/havamall.vn\/wp-content\/uploads\/2021\/09\/NUI-NG\u1ed2I-SAO-1-430x429.png 430w, https:\/\/havamall.vn\/wp-content\/uploads\/2021\/09\/NUI-NG\u1ed2I-SAO-1-150x150.png 150w, https:\/\/havamall.vn\/wp-content\/uploads\/2021\/09\/NUI-NG\u1ed2I-SAO-1-700x699.png 700w, https:\/\/havamall.vn\/wp-content\/uploads\/2021\/09\/NUI-NG\u1ed2I-SAO-1-768x767.png 768w, https:\/\/havamall.vn\/wp-content\/uploads\/2021\/09\/NUI-NG\u1ed2I-SAO-1-1024x1022.png 1024w, https:\/\/havamall.vn\/wp-content\/uploads\/2021\/09\/NUI-NG\u1ed2I-SAO-1-600x599.png 600w, https:\/\/havamall.vn\/wp-content\/uploads\/2021\/09\/NUI-NG\u1ed2I-SAO-1-100x100.png 100w, https:\/\/havamall.vn\/wp-content\/uploads\/2021\/09\/NUI-NG\u1ed2I-SAO-1.png 1134w\" sizes=\"(max-width: 648px) 100vw, 648px\" \/><\/p>\n<p>V\u1edbi nh\u1eefng ng\u00f4i sao nh\u1ecf ng\u1ed9 ngh\u0129nh v\u00e0 \u0111\u1ea7y m\u00e0u s\u1eafc mang \u0111\u1ebfn nh\u1eefng b\u1eefa \u0103n vui v\u1ebb v\u00e0 \u0111\u1ea7y \u0111\u1ee7 dinh d\u01b0\u1ee1ng cho b\u00e9.<\/p>\n<p>V\u1edbi th\u00e0nh ph\u1ea7n tuy\u1ec3n ch\u1ecdn m\u00ec \u1ed1ng l\u00e0m t\u1eeb b\u1ed9t l\u00faa m\u00ec c\u1ee9ng ch\u1ea5t l\u01b0\u1ee3ng cao c\u1ee7a \u00dd v\u00e0 \u0111\u01b0\u1ee3c b\u1ed5 sung th\u00eam c\u00e1c lo\u1ea1i rau h\u1eefu c\u01a1 kh\u1eed n\u01b0\u1edbc nh\u01b0 c\u00e0 chua v\u00e0 rau bina Cung c\u1ea5p th\u00eam cho b\u00e9 ngu\u1ed3n vitamin A, vitamin C, Vitamin K. vitamin B1, t\u0103ng c\u01b0\u1eddng h\u1ec7 mi\u1ec5n d\u1ecbch v\u00e0 gi\u00fap x\u01b0\u01a1ng ch\u1eafc kh\u1ecfe.<\/p>\n<p><img decoding=\"async\" class=\"wp-image-22433 aligncenter\" src=\"https:\/\/havamall.vn\/wp-content\/uploads\/2021\/09\/NUI-NG\u00d4I-SAO-2-229x300.png\" alt=\"\" width=\"651\" height=\"853\" srcset=\"https:\/\/havamall.vn\/wp-content\/uploads\/2021\/09\/NUI-NG\u00d4I-SAO-2-229x300.png 229w, https:\/\/havamall.vn\/wp-content\/uploads\/2021\/09\/NUI-NG\u00d4I-SAO-2-430x563.png 430w, https:\/\/havamall.vn\/wp-content\/uploads\/2021\/09\/NUI-NG\u00d4I-SAO-2-150x196.png 150w, https:\/\/havamall.vn\/wp-content\/uploads\/2021\/09\/NUI-NG\u00d4I-SAO-2-700x916.png 700w, https:\/\/havamall.vn\/wp-content\/uploads\/2021\/09\/NUI-NG\u00d4I-SAO-2-768x1005.png 768w, https:\/\/havamall.vn\/wp-content\/uploads\/2021\/09\/NUI-NG\u00d4I-SAO-2-1200x1570.png 1200w, https:\/\/havamall.vn\/wp-content\/uploads\/2021\/09\/NUI-NG\u00d4I-SAO-2-600x785.png 600w, https:\/\/havamall.vn\/wp-content\/uploads\/2021\/09\/NUI-NG\u00d4I-SAO-2.png 1394w\" sizes=\"(max-width: 651px) 100vw, 651px\" \/><\/p>\n<p>Nui c\u00f3 m\u00e0u s\u1eafc \u0111\u1eb9p m\u1eaft t\u1eeb th\u00e0nh ph\u1ea7n rau c\u1ee7 v\u00e0 t\u1eeb nguy\u00ean li\u1ec7u t\u1ed1t nh\u1ea5t t\u1eeb \u200b\u200bcanh t\u00e1c h\u1eefu c\u01a1 th\u00e0nh nh\u1eefng s\u1ea3n ph\u1ea9m c\u00f3 ch\u1ea5t l\u01b0\u1ee3ng cao nh\u1ea5t. Ho\u00e0n to\u00e0n kh\u00f4ng c\u00f3 ch\u1ea5t b\u1ea3o qu\u1ea3n, ch\u1ea5t t\u1ea1o m\u00e0u, ph\u1ee5 gia, h\u00f3a ch\u1ea5t.<\/p>\n<p><img loading=\"lazy\" decoding=\"async\" class=\"wp-image-21583 aligncenter\" src=\"https:\/\/havamall.vn\/wp-content\/uploads\/2021\/08\/NUI-7-300x300.jpg\" alt=\"\" width=\"644\" height=\"644\" srcset=\"https:\/\/havamall.vn\/wp-content\/uploads\/2021\/08\/NUI-7-300x300.jpg 300w, https:\/\/havamall.vn\/wp-content\/uploads\/2021\/08\/NUI-7-430x430.jpg 430w, https:\/\/havamall.vn\/wp-content\/uploads\/2021\/08\/NUI-7-150x150.jpg 150w, https:\/\/havamall.vn\/wp-content\/uploads\/2021\/08\/NUI-7-600x600.jpg 600w, https:\/\/havamall.vn\/wp-content\/uploads\/2021\/08\/NUI-7-100x100.jpg 100w, https:\/\/havamall.vn\/wp-content\/uploads\/2021\/08\/NUI-7.jpg 662w\" sizes=\"(max-width: 644px) 100vw, 644px\" \/><\/p>\n<h3><strong>H\u01b0\u1edbng d\u1eabn s\u1eed d\u1ee5ng:<\/strong><\/h3>\n<p>&gt; Lu\u1ed9c nui trong v\u00f2ng 7-9 ph\u00fat sau \u0111\u00f3 \u0111\u1ed5 ra r\u1ed5 cho r\u00e1o n\u01b0\u1edbc, cho th\u00eam \u00edt d\u1ea7u \u0103n ho\u1eb7c b\u01a1 tr\u1ed9n \u0111\u1ec1u \u0111\u1ec3 m\u00ec, nui kh\u00f4ng b\u1ecb d\u00ednh.<\/p>\n<p>&gt; N\u1ea5u n\u01b0\u1edbc d\u00f9ng t\u00f4m, th\u1ecbt hay rau c\u1ee7,\u2026 ho\u1eb7c x\u00e0o \u0111\u1ec1u ngon.<\/p>\n<p>&gt; M\u1eb9 c\u0169ng c\u00f3 th\u1ec3 n\u1ea5u n\u01b0\u1edbc d\u00f9ng tr\u01b0\u1edbc r\u1ed3i cho m\u00ec v\u1eeba v\u1edbi b\u1eefa \u0103n c\u1ee7a b\u00e9 v\u00e0o \u0111un th\u00eam kho\u1ea3ng 7 ph\u00fat l\u00e0 b\u1eefa \u0103n \u0111\u00e3 s\u1eb5n s\u00e0ng.<\/p>\n<p>S\u1ea3n ph\u1ea9m hi\u1ec7n \u0111\u00e3 c\u00f3 m\u1eb7t t\u1ea1i Havamall.<\/p>","protected":false},"excerpt":{"rendered":"<p>TH\u00d4NG TIN S\u1ea2N PH\u1ea8M Th\u01b0\u01a1ng hi\u1ec7u Dalla Costa Xu\u1ea5t x\u1ee9 \u00dd Th\u00e0nh ph\u1ea7n B\u1ed9t m\u00ec Semolina h\u1eefu c\u01a1, b\u1ed9t c\u00e0<\/p>","protected":false},"featured_media":22432,"comment_status":"open","ping_status":"closed","template":"","meta":[],"product_brand":[],"product_cat":[256,130,36],"product_tag":[],"class_list":{"0":"post-22428","1":"product","2":"type-product","3":"status-publish","4":"has-post-thumbnail","6":"product_cat-thuc-pham-huu-co","7":"product_cat-khuyen-mai","8":"product_cat-thuc-pham-tieu-dung","9":"pa_brand-dalla-costa","11":"first","12":"outofstock","13":"sale","14":"shipping-taxable","15":"purchasable","16":"product-type-simple"},"_links":{"self":[{"href":"https:\/\/havamall.vn\/en\/wp-json\/wp\/v2\/product\/22428"}],"collection":[{"href":"https:\/\/havamall.vn\/en\/wp-json\/wp\/v2\/product"}],"about":[{"href":"https:\/\/havamall.vn\/en\/wp-json\/wp\/v2\/types\/product"}],"replies":[{"embeddable":true,"href":"https:\/\/havamall.vn\/en\/wp-json\/wp\/v2\/comments?post=22428"}],"version-history":[{"count":0,"href":"https:\/\/havamall.vn\/en\/wp-json\/wp\/v2\/product\/22428\/revisions"}],"wp:featuredmedia":[{"embeddable":true,"href":"https:\/\/havamall.vn\/en\/wp-json\/wp\/v2\/media\/22432"}],"wp:attachment":[{"href":"https:\/\/havamall.vn\/en\/wp-json\/wp\/v2\/media?parent=22428"}],"wp:term":[{"taxonomy":"product_brand","embeddable":true,"href":"https:\/\/havamall.vn\/en\/wp-json\/wp\/v2\/product_brand?post=22428"},{"taxonomy":"product_cat","embeddable":true,"href":"https:\/\/havamall.vn\/en\/wp-json\/wp\/v2\/product_cat?post=22428"},{"taxonomy":"product_tag","embeddable":true,"href":"https:\/\/havamall.vn\/en\/wp-json\/wp\/v2\/product_tag?post=22428"}],"curies":[{"name":"wp","href":"https:\/\/api.w.org\/{rel}","templated":true}]}}