{"id":22413,"date":"2021-09-29T09:04:46","date_gmt":"2021-09-29T02:04:46","guid":{"rendered":"https:\/\/havamall.vn\/?post_type=product&#038;p=22413"},"modified":"2025-06-16T12:14:44","modified_gmt":"2025-06-16T05:14:44","slug":"huong-khoi-tu-nhien-havafood-goi-100g-smoky-flavor","status":"publish","type":"product","link":"https:\/\/havamall.vn\/en\/shop\/huong-khoi-tu-nhien-havafood-goi-100g-smoky-flavor\/","title":{"rendered":"H\u01b0\u01a1ng Kh\u00f3i T\u1ef1 Nhi\u00ean Havafood G\u00f3i 100G &#8211; Smoky Flavor"},"content":{"rendered":"<p>Hun kh\u00f3i hay x\u00f4ng kh\u00f3i l\u00e0 ph\u01b0\u01a1ng ph\u00e1p ch\u1ebf bi\u1ebfn m\u00f3n \u0103n k\u1ebft h\u1ee3p gi\u1eefa s\u1ea5y kh\u00f4 v\u00e0 l\u00e0m th\u1ea9m th\u1ea5u c\u00e1c h\u1ee3p ch\u1ea5t t\u1ef1 nhi\u00ean trong kh\u00f3i g\u1ed7 v\u00e0o th\u1ecbt, c\u00e1. M\u1ee5c \u0111\u00edch c\u1ee7a c\u00e1ch l\u00e0m n\u00e0y l\u00e0 v\u1eeba \u0111\u1ec3 b\u1ea3o caqu\u1ea3n v\u1eeba t\u0103ng th\u00eam h\u01b0\u01a1ng v\u1ecb cho m\u00f3n \u0103n. V\u1edbi ph\u01b0\u01a1ng ph\u00e1p hun kh\u00f3i, th\u1ecbt, c\u00e1 s\u1ebd \u0111\u01b0\u1ee3c di\u1ec7t s\u1ea1ch vi sinh v\u1eadt v\u00e0 ch\u1ed1ng oxy h\u00f3a.<\/p>\n<p>H\u01b0\u01a1ng kh\u00f3i t\u1ef1 nhi\u00ean Smoky Flavor la\u0300 loa\u0323i h\u01b0\u01a1ng kho\u0301i \u0111\u00e2\u0323m \u0111\u0103\u0323c t\u1ef1 nhi\u00ean, da\u0323ng b\u1ed9t ho\u0300a tan d\u00ea\u0303 da\u0300ng trong n\u01b0\u01a1\u0301c.<\/p>\n<p><img fetchpriority=\"high\" decoding=\"async\" class=\"wp-image-22372 aligncenter\" src=\"https:\/\/havamall.com\/wp-content\/uploads\/2025\/05\/huong-khoi-1-300x200.png\" alt=\"\" width=\"659\" height=\"439\" \/><\/p>\n<p>H\u01b0\u01a1ng kh\u00f3i Smoky Flavor ta\u0323o mu\u0300i va\u0300 ma\u0300u \u0111\u0103\u0323c tr\u01b0ng cho sa\u0309n ph\u00e2\u0309m x\u00f4ng kho\u0301i. D\u00f9ng trong c\u00e1c s\u1ea3n ph\u1ea9m c\u00f3 s\u1eed d\u1ee5ng h\u1ec7 th\u1ed1ng x\u00f4ng kh\u00f3i t\u1ea9m, nh\u00fang. Sa\u0309n ph\u00e2\u0309m c\u00f3 m\u00f9i kh\u00f3i da\u0323ng b\u00f4\u0323t, ta\u0323o mu\u0300i h\u01b0\u01a1ng \u0111\u0103\u0323c tr\u01b0ng cho th\u1ee9c \u0103n. \u0110\u01b0\u1ee3c s\u1eed d\u1ee5ng trong c\u00e1c s\u1ea3n ph\u1ea9m jambon, nem n\u01b0\u1edbng, s\u1ed1t th\u1ecbt n\u01b0\u1edbng, th\u1ef1c ph\u1ea9m chay\u2026<\/p>\n<p><img decoding=\"async\" class=\"aligncenter\" src=\"https:\/\/havamall.com\/wp-content\/uploads\/2025\/05\/k2FPhoto2FRecipes2F2019-07-how-to-best-smoked-ribs2Fbest-smoked-ribs-lead2.jpg\" alt=\"8 Ingredients That Add Smoky Flavor Without a Flame | Kitchn\" width=\"659\" height=\"659\" \/><\/p>\n<p>H\u01b0\u01a1ng kh\u00f3i Smoky Flavor v\u1edbi th\u00e0nh ph\u1ea7n t\u1ef1 nhi\u00ean an to\u00e0n. L\u00e0m t\u0103ng h\u01b0\u01a1ng x\u00f4ng kh\u00f3i \u0111\u1eb7c tr\u01b0ng cho c\u00e1c m\u00f3n nh\u01b0 x\u00fac x\u00edch x\u00f4ng kh\u00f3i, jambon, th\u1ecbt hun kh\u00f3i, ch\u00e2n gi\u00f2 mu\u1ed1i, snack\u2026 S\u1ea3n ph\u1ea9m d\u1ea1ng l\u1ecfng r\u1ea5t d\u1ec5 ng\u1ea5m v\u00e0o nguy\u00ean li\u1ec7u m\u00f3n \u0103n.<\/p>\n<p><img decoding=\"async\" class=\"wp-image-22374 aligncenter\" src=\"https:\/\/havamall.com\/wp-content\/uploads\/2025\/05\/huuong-khoi-300x167.png\" alt=\"\" width=\"665\" height=\"371\" \/><\/p>\n<p>H\u01b0\u01a1ng kh\u00f3i t\u1ea1o h\u01b0\u01a1ng th\u01a1m \u0111\u1eb7c tr\u01b0ng cho x\u00fac x\u00edch. G\u00edup t\u1ea1o m\u00e0u n\u00e2u c\u00f3 th\u1ee9c \u0103n khi s\u1eed d\u1ee5ng. H\u01b0\u01a1ng kh\u00f3i \u0111\u01b0\u1ee3c nh\u1eadp kh\u1ea9u t\u1eeb \u0110\u1ee9c, \u0111\u1ea1t ti\u00eau chu\u1ea9n s\u1ea3n xu\u1ea5t Ch\u00e2u \u00c2u n\u00ean an to\u00e0n tuy\u1ec7t \u0111\u1ed1i cho ng\u01b0\u1eddi s\u1eed d\u1ee5ng.<\/p>\n<h3><strong>TH\u00d4NG TIN S\u1ea2N PH\u1ea8M<\/strong><\/h3>\n<p><em><strong>&#8211;<\/strong> <strong>C\u00f4ng d\u1ee5ng:<\/strong><\/em><\/p>\n<p>&gt; T\u1ea1o m\u00f9i h\u01b0\u01a1ng kh\u00f3i \u0111\u1eb7c tr\u01b0ng cho c\u00e1c s\u1ea3n ph\u1ea9m ch\u1ebf bi\u1ebfn nh\u01b0 x\u00fac x\u00edch x\u00f4ng kh\u00f3i, jambon, th\u1ecbt hun kh\u00f3i, ch\u00e2n gi\u00f2 mu\u1ed1i, snack \u2026<\/p>\n<p>&gt; L\u00e0m d\u1eady h\u01b0\u01a1ng th\u01a1m x\u00f4ng kh\u00f3i t\u1ef1 nhi\u00ean v\u00e0 t\u1ea1o m\u00e0u n\u00e2u cho x\u00fac x\u00edch, th\u1ecbt g\u00e1c b\u1ebfp, th\u1ecbt hun kh\u00f3i&#8230;<\/p>\n<p>&gt; K\u00edch th\u00edch gi\u00e1c quan, l\u00e0m s\u1ea3n ph\u1ea9m h\u1ea5p d\u1eabn h\u01a1n.<\/p>\n<p><em><strong>&#8211; Th\u00e0nh ph\u1ea7n:<\/strong> <\/em>H\u01b0\u01a1ng kh\u00f3i t\u1ef1 nhi\u00ean d\u00f9ng trong th\u1ef1c ph\u1ea9m \u0111\u01b0\u1ee3c tr\u00edch ly t\u1eeb qu\u00e1 tr\u00ecnh nhi\u1ec7t ph\u00e2n g\u1ed7 s\u1ed3i<\/p>\n<p><img loading=\"lazy\" decoding=\"async\" class=\"wp-image-22375 aligncenter\" src=\"https:\/\/havamall.com\/wp-content\/uploads\/2025\/05\/huong-kho1-2-300x186.png\" alt=\"\" width=\"671\" height=\"416\" \/><\/p>\n<p><em><strong>&#8211; C\u00e1ch s\u1eed d\u1ee5ng:<\/strong><\/em><\/p>\n<p>&gt; X\u00fac x\u00edch x\u00f4ng kh\u00f3i: cho h\u01b0\u01a1ng v\u00e0o xay c\u00f9ng v\u1edbi th\u1ecbt<\/p>\n<p>&gt; Jambon, th\u1ecbt hun kh\u00f3i, ch\u00e2n gi\u00f2 mu\u1ed1i: cho h\u01b0\u01a1ng v\u00e0o \u01b0\u1edbp c\u00f9ng nguy\u00ean li\u1ec7u th\u1ecbt<\/p>\n<p>&gt; Pha tr\u1ed9n c\u00f9ng v\u1edbi x\u1ed1t \u0111\u1ec3 quay n\u01b0\u1edbng gi\u00fap s\u1ea3n ph\u1ea9m quay n\u01b0\u1edbng c\u00f3 m\u00f9i \u0111\u1eb7c tr\u01b0ng, th\u01a1m m\u00f9i kh\u00f3i.<\/p>\n<p>S\u1ea3n ph\u1ea9m hi\u1ec7n \u0111a c\u00f3 m\u1eb7t t\u1ea1i Havamall.<\/p>\n<p><img loading=\"lazy\" decoding=\"async\" class=\"wp-image-22381 aligncenter\" src=\"https:\/\/havamall.com\/wp-content\/uploads\/2025\/05\/Keto-Bacon-Wrapped-Shrimp-Recipe-9-e1597865247667-300x300.png\" alt=\"\" width=\"671\" height=\"671\" \/><\/p>","protected":false},"excerpt":{"rendered":"<p>Hun kh\u00f3i hay x\u00f4ng kh\u00f3i l\u00e0 ph\u01b0\u01a1ng ph\u00e1p ch\u1ebf bi\u1ebfn m\u00f3n \u0103n k\u1ebft h\u1ee3p gi\u1eefa s\u1ea5y kh\u00f4 v\u00e0 l\u00e0m th\u1ea9m<\/p>","protected":false},"featured_media":39697,"comment_status":"open","ping_status":"closed","template":"","meta":[],"product_brand":[],"product_cat":[595,682,154,36,134],"product_tag":[],"class_list":{"0":"post-22413","1":"product","2":"type-product","3":"status-publish","4":"has-post-thumbnail","6":"product_cat-gia-vi-va-che-bien","7":"product_cat-nhap-khau-duc","8":"product_cat-gia-vi","9":"product_cat-thuc-pham-tieu-dung","10":"product_cat-thucpham-saykho","11":"pa_brand-skx","13":"first","14":"instock","15":"sale","16":"shipping-taxable","17":"purchasable","18":"product-type-simple"},"_links":{"self":[{"href":"https:\/\/havamall.vn\/en\/wp-json\/wp\/v2\/product\/22413"}],"collection":[{"href":"https:\/\/havamall.vn\/en\/wp-json\/wp\/v2\/product"}],"about":[{"href":"https:\/\/havamall.vn\/en\/wp-json\/wp\/v2\/types\/product"}],"replies":[{"embeddable":true,"href":"https:\/\/havamall.vn\/en\/wp-json\/wp\/v2\/comments?post=22413"}],"version-history":[{"count":0,"href":"https:\/\/havamall.vn\/en\/wp-json\/wp\/v2\/product\/22413\/revisions"}],"wp:featuredmedia":[{"embeddable":true,"href":"https:\/\/havamall.vn\/en\/wp-json\/wp\/v2\/media\/39697"}],"wp:attachment":[{"href":"https:\/\/havamall.vn\/en\/wp-json\/wp\/v2\/media?parent=22413"}],"wp:term":[{"taxonomy":"product_brand","embeddable":true,"href":"https:\/\/havamall.vn\/en\/wp-json\/wp\/v2\/product_brand?post=22413"},{"taxonomy":"product_cat","embeddable":true,"href":"https:\/\/havamall.vn\/en\/wp-json\/wp\/v2\/product_cat?post=22413"},{"taxonomy":"product_tag","embeddable":true,"href":"https:\/\/havamall.vn\/en\/wp-json\/wp\/v2\/product_tag?post=22413"}],"curies":[{"name":"wp","href":"https:\/\/api.w.org\/{rel}","templated":true}]}}