{"id":22403,"date":"2021-09-28T17:48:40","date_gmt":"2021-09-28T10:48:40","guid":{"rendered":"https:\/\/havamall.vn\/?post_type=product&#038;p=22403"},"modified":"2022-05-11T15:10:07","modified_gmt":"2022-05-11T08:10:07","slug":"sot-pesto-thuan-chay-huu-co-probios-130g-organic-pesto-sauce","status":"publish","type":"product","link":"https:\/\/havamall.vn\/en\/shop\/sot-pesto-thuan-chay-huu-co-probios-130g-organic-pesto-sauce\/","title":{"rendered":"S\u1ed1t Pesto Thu\u1ea7n Chay H\u1eefu C\u01a1 Probios 130g &#8211; Organic Pesto Sauce"},"content":{"rendered":"<h3><strong>TH\u00d4NG TIN S\u1ea2N PH\u1ea8M<\/strong><\/h3>\n<table>\n<tbody>\n<tr>\n<td>Th\u01b0\u01a1ng hi\u1ec7u<\/td>\n<td>ProBios<\/td>\n<\/tr>\n<tr>\n<td>Xu\u1ea5t x\u1ee9<\/td>\n<td>\u00dd<\/td>\n<\/tr>\n<tr>\n<td>Th\u00e0nh ph\u1ea7n<\/td>\n<td>H\u00fang qu\u1ebf, d\u1ea7u oliu, d\u1ea7u h\u01b0\u1edbng d\u01b0\u01a1ng, h\u1ea1t th\u00f4ng, n\u01b0\u1edbc c\u1ed1t chanh,&#8230;<\/td>\n<\/tr>\n<tr>\n<td>H\u1ea1n s\u1eed d\u1ee5ng<\/td>\n<td>18 th\u00e1ng k\u1ec3 t\u1eeb ng\u00e0y s\u1ea3n xu\u1ea5t.<\/td>\n<\/tr>\n<tr>\n<td>B\u1ea3o qu\u1ea3n<\/td>\n<td>\u0110\u1ec3 n\u01a1i kh\u00f4 r\u00e1o, tho\u00e1ng m\u00e1t, tr\u00e1nh \u00e1nh n\u1eafng tr\u1ef1c ti\u1ebfp<\/td>\n<\/tr>\n<tr>\n<td>Kh\u1ed1i l\u01b0\u1ee3ng<\/td>\n<td>130 g<\/td>\n<\/tr>\n<\/tbody>\n<\/table>\n<p><span style=\"font-weight: 400\">ProBios \u0111\u01b0\u1ee3c th\u00e0nh l\u1eadp t\u1eeb n\u0103m 1978 t\u1ea1i Florence \u2013 \u00dd. ProBios. B\u1eb1ng vi\u1ec7c s\u1ea3n xu\u1ea5t th\u1ef1c ph\u1ea9m h\u1eefu c\u01a1, ProBios \u0111\u00e3 l\u1ef1a ch\u1ecdn c\u1ea9n th\u1eadn c\u00e1c ph\u01b0\u01a1ng ph\u00e1p tr\u1ed3ng tr\u1ecdt c\u1ee7a nguy\u00ean li\u1ec7u th\u00f4 t\u00f4n tr\u1ecdng con ng\u01b0\u1eddi v\u00e0 thi\u00ean nhi\u00ean, kh\u00f4ng ch\u1ea5p nh\u1eadn s\u1eed d\u1ee5ng thu\u1ed1c di\u1ec7t c\u1ecf, thu\u1ed1c di\u1ec7t k\u00fd sinh tr\u00f9ng, ph\u00e2n b\u00f3n h\u00f3a h\u1ecdc v\u00e0 t\u1ed5ng h\u1ee3p v\u00e0 c\u00e1c sinh v\u1eadt bi\u1ebfn \u0111\u1ed5i gen g\u00e2y \u00f4 nhi\u1ec5m tr\u00e1i \u0111\u1ea5t, n\u01b0\u1edbc v\u00e0 kh\u00f4ng kh\u00ed c\u1ee7a ch\u00fang ta.<\/span><\/p>\n<p><span style=\"font-weight: 400\">Probios, c\u00f4ng ty h\u00e0ng \u0111\u1ea7u c\u1ee7a \u00dd trong l\u0129nh v\u1ef1c ph\u00e2n ph\u1ed1i th\u1ef1c ph\u1ea9m h\u1eefu c\u01a1, v\u1edbi kinh nghi\u1ec7m 40 n\u0103m, cung c\u1ea5p m\u1ed9t lo\u1ea1t c\u00e1c s\u1ea3n ph\u1ea9m \u0111\u1ed9c quy\u1ec1n, k\u1ebft h\u1ee3p vi\u1ec7c nghi\u00ean c\u1ee9u v\u00e0 l\u1ef1a ch\u1ecdn c\u00e1c nguy\u00ean li\u1ec7u h\u1eefu c\u01a1 \u0111\u1ec3 t\u1ea1o ra c\u00e1c c\u00f4ng th\u1ee9c n\u1ea5u \u0103n c\u00e2n b\u1eb1ng, nh\u1eb1m mang \u0111\u1ebfn cho ng\u01b0\u1eddi ti\u00eau d\u00f9ng nh\u1eefng s\u1ea3n ph\u1ea9m l\u00e0nh m\u1ea1nh v\u00e0 ngon nh\u1ea5t.<\/span><\/p>\n<p><img fetchpriority=\"high\" decoding=\"async\" class=\"wp-image-22404 aligncenter\" src=\"https:\/\/havamall.vn\/wp-content\/uploads\/2021\/09\/s\u1ed1t-pesto-212x300.png\" alt=\"\" width=\"647\" height=\"916\" srcset=\"https:\/\/havamall.vn\/wp-content\/uploads\/2021\/09\/s\u1ed1t-pesto-212x300.png 212w, https:\/\/havamall.vn\/wp-content\/uploads\/2021\/09\/s\u1ed1t-pesto-430x608.png 430w, https:\/\/havamall.vn\/wp-content\/uploads\/2021\/09\/s\u1ed1t-pesto-150x212.png 150w, https:\/\/havamall.vn\/wp-content\/uploads\/2021\/09\/s\u1ed1t-pesto-700x990.png 700w, https:\/\/havamall.vn\/wp-content\/uploads\/2021\/09\/s\u1ed1t-pesto-768x1086.png 768w, https:\/\/havamall.vn\/wp-content\/uploads\/2021\/09\/s\u1ed1t-pesto-724x1024.png 724w, https:\/\/havamall.vn\/wp-content\/uploads\/2021\/09\/s\u1ed1t-pesto-1200x1697.png 1200w, https:\/\/havamall.vn\/wp-content\/uploads\/2021\/09\/s\u1ed1t-pesto-600x849.png 600w, https:\/\/havamall.vn\/wp-content\/uploads\/2021\/09\/s\u1ed1t-pesto.png 1448w\" sizes=\"(max-width: 647px) 100vw, 647px\" \/><\/p>\n<div class=\"o9v6fnle cxmmr5t8 oygrvhab hcukyx3x c1et5uql ii04i59q\">\n<p dir=\"auto\">S\u1ed1t Pesto l\u00e0 m\u1ed9t lo\u1ea1i s\u1ed1t c\u00f3 ngu\u1ed3n g\u1ed1c t\u1eeb Genova c\u1ee7a n\u01b0\u1edbc \u00dd.S\u1ed1t Pesto c\u00f3 v\u1ecb b\u00e9o ng\u1eady c\u1ee7a ph\u00f4 mai, m\u00f9i th\u01a1m \u0111\u1eb7c tr\u01b0ng t\u1eeb h\u00fang qu\u1ebf ho\u1eb7c ng\u00f2 r\u00ed v\u00e0 cu\u1ed1i c\u00f9ng l\u00e0 v\u1ecb m\u1eb7n nh\u1eb9 c\u1ee7a mu\u1ed1i.<\/p>\n<\/div>\n<p dir=\"auto\">B\u00ean c\u1ea1nh \u0111\u1ed9 ngon kh\u00f3 t\u1ea3, Pesto c\u00f2n ch\u1ee9a l\u01b0\u1ee3ng calo \u0111\u1ebfn t\u1eeb ch\u1ea5t b\u00e9o kh\u00f4ng b\u00e3o h\u00f2a, \u201cch\u1ea5t b\u00e9o l\u00e0nh m\u1ea1nh\u201d h\u1ed7 tr\u1ee3 s\u1ee9c kh\u1ecfe tim m\u1ea1ch.<\/p>\n<p dir=\"auto\"><img decoding=\"async\" class=\"wp-image-22405 aligncenter\" src=\"https:\/\/havamall.vn\/wp-content\/uploads\/2021\/09\/s\u00f4t-pesto-2-300x200.png\" alt=\"\" width=\"645\" height=\"430\" srcset=\"https:\/\/havamall.vn\/wp-content\/uploads\/2021\/09\/s\u00f4t-pesto-2-300x200.png 300w, https:\/\/havamall.vn\/wp-content\/uploads\/2021\/09\/s\u00f4t-pesto-2-430x287.png 430w, https:\/\/havamall.vn\/wp-content\/uploads\/2021\/09\/s\u00f4t-pesto-2-150x100.png 150w, https:\/\/havamall.vn\/wp-content\/uploads\/2021\/09\/s\u00f4t-pesto-2-700x467.png 700w, https:\/\/havamall.vn\/wp-content\/uploads\/2021\/09\/s\u00f4t-pesto-2-768x512.png 768w, https:\/\/havamall.vn\/wp-content\/uploads\/2021\/09\/s\u00f4t-pesto-2-1024x683.png 1024w, https:\/\/havamall.vn\/wp-content\/uploads\/2021\/09\/s\u00f4t-pesto-2-1200x800.png 1200w, https:\/\/havamall.vn\/wp-content\/uploads\/2021\/09\/s\u00f4t-pesto-2-600x400.png 600w, https:\/\/havamall.vn\/wp-content\/uploads\/2021\/09\/s\u00f4t-pesto-2.png 1300w\" sizes=\"(max-width: 645px) 100vw, 645px\" \/><\/p>\n<p dir=\"auto\">S\u1ed1t Pesto c\u0169ng ch\u1ee9a nhi\u1ec1u ch\u1ea5t ch\u1ed1ng oxy h\u00f3a, Vitamin E, Vitamin C, Ch\u1ea5t b\u00e9o kh\u00f4ng b\u00e3o h\u00f2a \u0111\u01a1n, Pesto Ch\u1ee9a Vitamin v\u00e0 Kho\u00e1ng ch\u1ea5t C\u01a1 th\u1ec3 B\u1ea1n C\u1ea7n nh\u01b0 canxi, ch\u1ea5t s\u1eaft, kali, phospho, selen, mangan L\u1ee3i \u00edch s\u1ee9c kh\u1ecfe th\u1ef1c s\u1ef1 \u0111\u1ebfn t\u1eeb th\u1ef1c t\u1ebf l\u00e0 s\u1ed1t Pesto \u0111\u01b0\u1ee3c s\u1eed d\u1ee5ng thay th\u1ebf cho nh\u1eefng lo\u1ea1i s\u1ed1t kh\u00e1c nh\u01b0 nh\u01b0 mayo, n\u01b0\u1edbc s\u1ed1t kem m\u00ec \u1ed1ng v\u00e0 s\u1ed1t c\u00e0 chua. S\u1eed d\u1ee5ng pesto nh\u01b0 m\u1ed9t m\u00f3n nh\u00fang \u0111\u1ea7y h\u01b0\u01a1ng v\u1ecb cho c\u00e0 r\u1ed1t, b\u00f4ng c\u1ea3i xanh hay c\u00e1c lo\u1ea1i rau c\u1ee7 kh\u00e1c.<\/p>\n<p dir=\"auto\"><img decoding=\"async\" class=\"wp-image-22406 aligncenter\" src=\"https:\/\/havamall.vn\/wp-content\/uploads\/2021\/09\/s\u1ed1t-pesto-3-234x300.png\" alt=\"\" width=\"648\" height=\"831\" srcset=\"https:\/\/havamall.vn\/wp-content\/uploads\/2021\/09\/s\u1ed1t-pesto-3-234x300.png 234w, https:\/\/havamall.vn\/wp-content\/uploads\/2021\/09\/s\u1ed1t-pesto-3-430x550.png 430w, https:\/\/havamall.vn\/wp-content\/uploads\/2021\/09\/s\u1ed1t-pesto-3-150x192.png 150w, https:\/\/havamall.vn\/wp-content\/uploads\/2021\/09\/s\u1ed1t-pesto-3-600x768.png 600w, https:\/\/havamall.vn\/wp-content\/uploads\/2021\/09\/s\u1ed1t-pesto-3.png 1456w\" sizes=\"(max-width: 648px) 100vw, 648px\" \/><\/p>\n<p dir=\"auto\">Thay v\u00ec \u0103n pesto v\u1edbi carbs nh\u01b0 m\u00ec \u1ed1ng, h\u00e3y th\u1eed n\u00f3 v\u1edbi th\u1ecbt g\u00e0 ho\u1eb7c \u0111\u1eadu ph\u1ee5. Th\u1ecbt g\u00e0 b\u1ed5 sung \u00edt ch\u1ea5t b\u00e9o, protein cao v\u00e0o ch\u1ebf \u0111\u1ed9 \u0103n u\u1ed1ng c\u1ee7a b\u1ea1n.<\/p>\n<p dir=\"auto\">Ngo\u00e0i ra, s\u1eed d\u1ee5ng pesto nh\u01b0 m\u1ed9t m\u00f3n nh\u00fang \u0111\u1ea7y h\u01b0\u01a1ng v\u1ecb cho c\u00e0 r\u1ed1t, d\u01b0a chu\u1ed9t, c\u00e0 chua ho\u1eb7c b\u00f4ng c\u1ea3i xanh N\u1ebfu b\u1ea1n \u0111\u1ecbnh \u0103n m\u00ec \u1ed1ng pesto, h\u00e3y nh\u1edb mua m\u00ec \u1ed1ng l\u00e0m t\u1eeb ng\u0169 c\u1ed1c nguy\u00ean c\u00e1m Pesto c\u00f3 nhi\u1ec1u ch\u1ea5t b\u00e9o v\u00e0 calo, nh\u01b0ng c\u0169ng ch\u1ee9a nhi\u1ec1u th\u00e0nh ph\u1ea7n b\u1ed5 d\u01b0\u1ee1ng. Gi\u00e0u vitamin, kho\u00e1ng ch\u1ea5t v\u00e0 ch\u1ea5t b\u00e9o kh\u00f4ng b\u00e3o h\u00f2a \u0111\u01a1n, pesto cung c\u1ea5p cho c\u01a1 th\u1ec3 b\u1ea1n c\u00e1c ch\u1ea5t dinh d\u01b0\u1ee1ng \u0111\u1ec3 duy tr\u00ec s\u1ee9c kh\u1ecfe v\u00e0 gi\u1eef cho tr\u00e1i tim c\u1ee7a b\u1ea1n kh\u1ecfe m\u1ea1nh.<\/p>\n<p dir=\"auto\"><img loading=\"lazy\" decoding=\"async\" class=\"wp-image-22409 aligncenter\" src=\"https:\/\/havamall.vn\/wp-content\/uploads\/2021\/09\/d-1-267x300.png\" alt=\"\" width=\"649\" height=\"729\" srcset=\"https:\/\/havamall.vn\/wp-content\/uploads\/2021\/09\/d-1-267x300.png 267w, https:\/\/havamall.vn\/wp-content\/uploads\/2021\/09\/d-1-430x483.png 430w, https:\/\/havamall.vn\/wp-content\/uploads\/2021\/09\/d-1-150x169.png 150w, https:\/\/havamall.vn\/wp-content\/uploads\/2021\/09\/d-1-700x787.png 700w, https:\/\/havamall.vn\/wp-content\/uploads\/2021\/09\/d-1-768x863.png 768w, https:\/\/havamall.vn\/wp-content\/uploads\/2021\/09\/d-1-911x1024.png 911w, https:\/\/havamall.vn\/wp-content\/uploads\/2021\/09\/d-1-600x674.png 600w, https:\/\/havamall.vn\/wp-content\/uploads\/2021\/09\/d-1.png 1068w\" sizes=\"(max-width: 649px) 100vw, 649px\" \/><\/p>\n<div class=\"o9v6fnle cxmmr5t8 oygrvhab hcukyx3x c1et5uql ii04i59q\">\n<p dir=\"auto\">Lu\u1ed9c m\u1ef3 v\u00e0 tr\u1ed9n c\u00f9ng v\u1edbi s\u1ed1t Pesto \u0111\u1ec3 c\u00f3 m\u1ed9t m\u00f3n m\u1ef3 \u00fd \u0111\u1eadm \u0111\u00e0, b\u00e9o ng\u1eady. Chu\u1ea9n b\u1ecb s\u1ed1t Pesto c\u00f9ng v\u1edbi b\u00e1nh m\u00ec \u0111\u00e3 n\u01b0\u1edbng qua. Ch\u1ea5m b\u00e1nh m\u00ec v\u1edbi s\u1ed1t Pesto th\u00ec \u0111\u00fang tuy\u1ec7t v\u1eddi.<\/p>\n<p dir=\"auto\">N\u1ebfu b\u1ea1n \u0111ang trong ch\u1ebf \u0111\u1ed9 \u0103n gi\u1ea3m c\u00e2n th\u00ec h\u00e3y chu\u1ea9n b\u1ecb m\u1ed9t \u00edt salad nh\u01b0 b\u01a1, c\u00e0 chua bi, \u1ee9c g\u00e0,&#8230; v\u00e0 \u0111\u1eebng qu\u00ean th\u00eam m\u1ed9t \u00edt s\u1ed1t Pesto v\u00e0o \u0111\u1ec3 t\u0103ng gi\u00e1 tr\u1ecb dinh d\u01b0\u1ee1ng.<img loading=\"lazy\" decoding=\"async\" class=\"wp-image-22408 aligncenter\" src=\"https:\/\/havamall.vn\/wp-content\/uploads\/2021\/09\/s\u1ed1t-pesto-6-262x300.png\" alt=\"\" width=\"651\" height=\"745\" srcset=\"https:\/\/havamall.vn\/wp-content\/uploads\/2021\/09\/s\u1ed1t-pesto-6-262x300.png 262w, https:\/\/havamall.vn\/wp-content\/uploads\/2021\/09\/s\u1ed1t-pesto-6-430x492.png 430w, https:\/\/havamall.vn\/wp-content\/uploads\/2021\/09\/s\u1ed1t-pesto-6-150x171.png 150w, https:\/\/havamall.vn\/wp-content\/uploads\/2021\/09\/s\u1ed1t-pesto-6-700x800.png 700w, https:\/\/havamall.vn\/wp-content\/uploads\/2021\/09\/s\u1ed1t-pesto-6-768x878.png 768w, https:\/\/havamall.vn\/wp-content\/uploads\/2021\/09\/s\u1ed1t-pesto-6-896x1024.png 896w, https:\/\/havamall.vn\/wp-content\/uploads\/2021\/09\/s\u1ed1t-pesto-6-600x686.png 600w, https:\/\/havamall.vn\/wp-content\/uploads\/2021\/09\/s\u1ed1t-pesto-6.png 1034w\" sizes=\"(max-width: 651px) 100vw, 651px\" \/><\/p>\n<h3><strong>H\u01b0\u1edbng d\u1eabn s\u1eed d\u1ee5ng:<\/strong><\/h3>\n<p dir=\"auto\">&#8211; Lu\u1ed9c m\u1ef3 v\u00e0 tr\u1ed9n c\u00f9ng v\u1edbi s\u1ed1t Pesto \u0111\u1ec3 c\u00f3 m\u1ed9t m\u00f3n m\u1ef3 \u00fd \u0111\u1eadm \u0111\u00e0, b\u00e9o ng\u1eady.<\/p>\n<p dir=\"auto\">&#8211; Chu\u1ea9n b\u1ecb s\u1ed1t Pesto c\u00f9ng v\u1edbi b\u00e1nh m\u00ec \u0111\u00e3 n\u01b0\u1edbng qua. Ch\u1ea5m b\u00e1nh m\u00ec v\u1edbi s\u1ed1t Pesto th\u00ec \u0111\u00fang tuy\u1ec7t v\u1eddi.<\/p>\n<p dir=\"auto\">S\u1ea3n ph\u1ea9m hi\u1ec7n \u0111\u00e3 c\u00f3 m\u1eb7t t\u1ea1i Havamall.<\/p>\n<\/div>","protected":false},"excerpt":{"rendered":"<p>TH\u00d4NG TIN S\u1ea2N PH\u1ea8M Th\u01b0\u01a1ng hi\u1ec7u ProBios Xu\u1ea5t x\u1ee9 \u00dd Th\u00e0nh ph\u1ea7n H\u00fang qu\u1ebf, d\u1ea7u oliu, d\u1ea7u h\u01b0\u1edbng d\u01b0\u01a1ng, h\u1ea1t<\/p>","protected":false},"featured_media":26664,"comment_status":"open","ping_status":"closed","template":"","meta":[],"product_brand":[],"product_cat":[256,496,36],"product_tag":[],"class_list":{"0":"post-22403","1":"product","2":"type-product","3":"status-publish","4":"has-post-thumbnail","6":"product_cat-thuc-pham-huu-co","7":"product_cat-thuc-pham-thuan-chay","8":"product_cat-thuc-pham-tieu-dung","9":"pa_brand-probios","11":"first","12":"instock","13":"sale","14":"shipping-taxable","15":"purchasable","16":"product-type-simple"},"_links":{"self":[{"href":"https:\/\/havamall.vn\/en\/wp-json\/wp\/v2\/product\/22403"}],"collection":[{"href":"https:\/\/havamall.vn\/en\/wp-json\/wp\/v2\/product"}],"about":[{"href":"https:\/\/havamall.vn\/en\/wp-json\/wp\/v2\/types\/product"}],"replies":[{"embeddable":true,"href":"https:\/\/havamall.vn\/en\/wp-json\/wp\/v2\/comments?post=22403"}],"version-history":[{"count":0,"href":"https:\/\/havamall.vn\/en\/wp-json\/wp\/v2\/product\/22403\/revisions"}],"wp:featuredmedia":[{"embeddable":true,"href":"https:\/\/havamall.vn\/en\/wp-json\/wp\/v2\/media\/26664"}],"wp:attachment":[{"href":"https:\/\/havamall.vn\/en\/wp-json\/wp\/v2\/media?parent=22403"}],"wp:term":[{"taxonomy":"product_brand","embeddable":true,"href":"https:\/\/havamall.vn\/en\/wp-json\/wp\/v2\/product_brand?post=22403"},{"taxonomy":"product_cat","embeddable":true,"href":"https:\/\/havamall.vn\/en\/wp-json\/wp\/v2\/product_cat?post=22403"},{"taxonomy":"product_tag","embeddable":true,"href":"https:\/\/havamall.vn\/en\/wp-json\/wp\/v2\/product_tag?post=22403"}],"curies":[{"name":"wp","href":"https:\/\/api.w.org\/{rel}","templated":true}]}}